{"id":15175,"date":"2025-01-19T14:12:01","date_gmt":"2025-01-19T14:12:01","guid":{"rendered":"https:\/\/www.hydraulic-cylinders.net\/product\/bucket-cylinder-for-sumitomo-middle-excavator-sh210-5\/"},"modified":"2025-01-19T14:12:03","modified_gmt":"2025-01-19T14:12:03","slug":"bucket-cylinder-for-sumitomo-middle-excavator-sh210-5","status":"publish","type":"product","link":"https:\/\/www.hydraulic-cylinders.net\/ro\/produs\/bucket-cylinder-for-sumitomo-middle-excavator-sh210-5\/","title":{"rendered":"Cilindru cu cup\u0103 pentru excavatorul mijlociu Sumitomo SH210-5"},"content":{"rendered":"<h1>Cilindru cu cup\u0103 pentru excavatorul mijlociu Sumitomo SH210-5<\/h1>\n<h2>Introducere<\/h2>\n<p>Cilindrul cupei pentru excavatorul intermediar Sumitomo SH210-5 este un cilindru hidraulic special conceput, utilizat pentru a controla mi\u0219carea cupei \u00een utilaje grele, cum ar fi excavatoarele, excavatoarele cu buldoexcavatoare \u0219i \u00eenc\u0103rc\u0103toare frontale. Func\u021bia sa principal\u0103 este de a permite ridicarea, cobor\u00e2rea \u0219i \u00eenclinarea cupei, fiind potrivit\u0103 pentru diverse sarcini de manipulare a materialelor. \u00cen sistemul hidraulic, cilindrul cupei utilizeaz\u0103 schimbarea presiunii uleiului hidraulic pentru a ob\u021bine un control precis al cupei, permi\u021b\u00e2nd operatorilor s\u0103 manipuleze eficient sarcini grele \u0219i s\u0103 se adapteze la medii de lucru complexe \u0219i cerin\u021be diverse ale lucr\u0103rilor.<\/p>\n<p><img decoding=\"async\" src=\"https:\/\/www.hydraulic-cylinders.net\/wp-content\/uploads\/2025\/01\/songte-company-2.webp\" alt=\"Cilindru cu cup\u0103 pentru excavatorul mijlociu Sumitomo SH210-5\"><\/p>\n<h2>Caracteristici<\/h2>\n<ul>\n<li>\n<h3>Rezisten\u021b\u0103 \u0219i durabilitate ridicate<\/h3>\n<p>Cilindrul cupei este de obicei fabricat din o\u021bel sau aluminiu de \u00eenalt\u0103 rezisten\u021b\u0103, capabil s\u0103 reziste la presiuni ridicate \u0219i sarcini grele, adapt\u00e2ndu-se la medii de lucru dure. Designul s\u0103u ia \u00een considerare rezisten\u021ba la uzur\u0103 \u0219i la coroziune, prelungindu-i durata de via\u021b\u0103.<\/p>\n<\/li>\n<li>\n<h3>Func\u021bionare hidraulic\u0103 eficient\u0103<\/h3>\n<p>Folosind presiunea uleiului hidraulic pentru a ob\u021bine o extensie \u0219i o contrac\u021bie lin\u0103, cilindrul cupei poate r\u0103spunde rapid la comenzile de operare, oferind o for\u021b\u0103 puternic\u0103 de \u00eempingere \u0219i tragere, potrivit\u0103 pentru manipularea sarcinilor grele \u0219i a lucr\u0103rilor complexe.<\/p>\n<\/li>\n<li>\n<h3>Diverse tipuri<\/h3>\n<p>Cilindrul cupei poate fi selectat ca fiind cu ac\u021biune simpl\u0103 (folosind sistemul hidraulic \u00eentr-o singur\u0103 direc\u021bie) sau cu ac\u021biune dubl\u0103 (folosind sistemul hidraulic \u00een ambele direc\u021bii) \u00een func\u021bie de necesit\u0103\u021bi, pentru a satisface diferite cerin\u021be opera\u021bionale. Unele modele sunt telescopice, permi\u021b\u00e2nd o extensie mai mare f\u0103r\u0103 a cre\u0219te dimensiunile exterioare, potrivite pentru aplica\u021bii cu spa\u021biu limitat.<\/p>\n<\/li>\n<li>\n<h3>\u00cenlocuibil<\/h3>\n<p>Produsele noastre pot \u00eenlocui perfect ace\u0219ti cilindri hidraulici \u0219i putem produce acest produs.<\/p>\n<\/li>\n<\/ul>\n<p><img decoding=\"async\" src=\"https:\/\/www.hydraulic-cylinders.net\/wp-content\/uploads\/2025\/01\/songte-cylinder-head-with-all-kinds-excavator-models.webp\" alt=\"Cilindru cu cup\u0103 pentru excavatorul mijlociu Sumitomo SH210-5\"><\/p>\n<h2>Aplica\u021bie<\/h2>\n<p>Cilindrul cupei este utilizat pe scar\u0103 larg\u0103 \u00een diverse utilaje grele, c\u00e2teva aplica\u021bii tipice includ:<\/p>\n<ul>\n<li>\n<h3>Echipamente de construc\u021bii<\/h3>\n<p>Acestea sunt esen\u021biale pentru excavarea, \u00eenc\u0103rcarea \u0219i mutarea solului sau a resturilor \u00een excavatoare \u0219i excavatoare cu buldoexcavator. \u00cen excavatorul cu buldoexcavator, cilindrul cupei ajut\u0103 la s\u0103pare \u0219i ridicare.<\/p>\n<\/li>\n<li>\n<h3>Ma\u0219ini agricole<\/h3>\n<p>Folosit de \u00eenc\u0103rc\u0103toarele frontale pentru a scoate, ridica \u0219i transporta sol, f\u00e2n \u0219i alte materiale. La excavatoare, cilindrul cupei permite ac\u021biunile de s\u0103pare permi\u021b\u00e2nd cupei s\u0103 p\u0103trund\u0103 \u00een sol.<\/p>\n<\/li>\n<li>\n<h3>\u00cenc\u0103rc\u0103tor<\/h3>\n<p>\u00cenc\u0103rc\u0103toarele frontale ajut\u0103 la ridicarea \u0219i \u00eenclinarea eficient\u0103 a sarcinilor.<\/p>\n<\/li>\n<\/ul>\n<h2>Standarde de proiectare \u0219i selec\u021bie<\/h2>\n<ul>\n<li>\n<h3>Capacitate portant\u0103<\/h3>\n<p>Capacitatea portant\u0103 a cilindrului cupei este o considera\u021bie esen\u021bial\u0103 de proiectare. Acesta trebuie s\u0103 suporte greutatea unor sarcini grele \u0219i s\u0103 reziste for\u021belor interne \u0219i externe \u00een timpul func\u021bion\u0103rii.<\/p>\n<\/li>\n<li>\n<h3>Sigilare<\/h3>\n<p>Etan\u0219area cilindrului este esen\u021bial\u0103 pentru a preveni scurgerile de ulei \u0219i contaminarea sistemului hidraulic. Acesta utilizeaz\u0103 diverse inele de etan\u0219are, cum ar fi inele de etan\u0219are pentru piston, inele de etan\u0219are pentru tij\u0103 \u0219i garnituri din materiale rezistente la uzur\u0103, cum ar fi poliuretanul \u0219i cauciucul nitrilic. Corpul cilindrului \u0219i suprafa\u021ba cap\u0103tului filetat sunt supuse unor prelucr\u0103ri fine pentru a \u00eembun\u0103t\u0103\u021bi rezisten\u021ba la uzur\u0103. Cilindrul necesit\u0103 umplere regulat\u0103 cu cantitatea adecvat\u0103 de ulei hidraulic pentru lubrifiere.<\/p>\n<\/li>\n<li>\n<h3>Durabilitate \u0219i siguran\u021b\u0103<\/h3>\n<p>Cilindrul cupei trebuie s\u0103 fie durabil pentru a rezista la condi\u021bii dure de lucru \u0219i sarcini grele. De asemenea, necesit\u0103 considera\u021bii de siguran\u021b\u0103 pentru a se asigura c\u0103 respect\u0103 standardele de siguran\u021b\u0103 \u00een timpul func\u021bion\u0103rii. <\/p>\n<\/li>\n<li>\n<h3>\u00centre\u0163inere<\/h3>\n<p>Cilindrul necesit\u0103 inspec\u021bie periodic\u0103, lubrifiere regulat\u0103 \u0219i \u00eenlocuirea garniturilor pentru a asigura o performan\u021b\u0103 optim\u0103. De asemenea, necesit\u0103 o aliniere precis\u0103 a instal\u0103rii, folosind console de instalare adecvate pentru fixarea cilindrului.<\/p>\n<\/li>\n<\/ul>\n<p><img decoding=\"async\" src=\"https:\/\/www.hydraulic-cylinders.net\/wp-content\/uploads\/2025\/01\/songte-oil-pipes-and-spare-parts.webp\" alt=\"Cilindru cu cup\u0103 pentru excavatorul mijlociu Sumitomo SH210-5\"><\/p>\n<h2>Ghid de \u00eentre\u021binere<\/h2>\n<p>Urm\u0103toarele sunt sarcini comune de \u00eentre\u021binere pentru cilindrii cupei:<\/p>\n<ul>\n<li>\n<h3>Inspec\u021bie regulat\u0103<\/h3>\n<p>Inspecta\u021bi cilindrul \u00een mod regulat pentru a identifica orice uzur\u0103 sau scurgeri.<\/p>\n<\/li>\n<li>\n<h3>Lubrifiere<\/h3>\n<p>Unge\u021bi cilindrul \u00een mod regulat pentru a asigura o func\u021bionare f\u0103r\u0103 probleme.<\/p>\n<\/li>\n<li>\n<h3>\u00cenlocuirea garniturii \u0219i verificarea calibr\u0103rii<\/h3>\n<p>\u00cenlocui\u021bi garniturile uzate \u0219i verifica\u021bi calibrarea \u00een mod regulat.<\/p>\n<\/li>\n<\/ul>\n<p>Este important s\u0103 instala\u021bi, s\u0103 lubrifia\u021bi \u0219i s\u0103 regla\u021bi corect cilindrul \u00een timpul instal\u0103rii pentru a asigura o performan\u021b\u0103 optim\u0103. \u00cen timpul instal\u0103rii trebuie furnizate \u00eendrum\u0103ri adecvate pentru aliniere, iar pentru fixarea cilindrului trebuie utilizate console de instalare adecvate. Recomand\u0103m procedurile de inspec\u021bie, reparare \u0219i \u00eenlocuire recomandate pentru a prelungi utilizarea cilindrului cupei.<\/p>\n<p><img decoding=\"async\" src=\"https:\/\/www.hydraulic-cylinders.net\/wp-content\/uploads\/2025\/01\/songte-chushion-collar.webp\" alt=\"Cilindru cu cup\u0103 pentru excavatorul mijlociu Sumitomo SH210-5\"><\/p>\n<h2>Considera\u021bii privind siguran\u021ba \u0219i mediul<\/h2>\n<p>La utilizarea cilindrului cupei trebuie luate m\u0103suri de siguran\u021b\u0103 adecvate pentru a preveni accident\u0103rile. Cilindrul trebuie utilizat numai de personal instruit, cu echipament de siguran\u021b\u0103 adecvat \u0219i \u00een conformitate cu reglement\u0103rile de siguran\u021b\u0103. Considera\u021biile de mediu includ eliminarea corect\u0103 a uleiului hidraulic uzat \u0219i respectarea reglement\u0103rilor de mediu \u00een timpul produc\u021biei \u0219i func\u021bion\u0103rii.<\/p>\n<p><img decoding=\"async\" src=\"https:\/\/hzpt.com\/wp-content\/uploads\/2024\/11\/songte-company-1.webp\" alt=\"Cilindru cu cup\u0103 pentru excavatorul mijlociu Sumitomo SH210-5\"><\/p>\n<h2>Diagnosticarea defec\u021biunilor \u0219i probleme frecvente<\/h2>\n<p>Cilindrul cupei poate \u00eent\u00e2mpina unele probleme comune, inclusiv scurgeri de ulei, performan\u021be slabe \u0219i zgomot anormal. Lubrifierea insuficient\u0103 \u0219i uzura garniturilor sunt cauze frecvente ale acestor probleme. Pentru a diagnostica \u0219i rezolva problemele, v\u0103 recomand\u0103m s\u0103 consulta\u021bi un inginer profesionist pentru a asigura un diagnostic corect \u0219i solu\u021bii eficiente. Pentru a preveni poten\u021bialele probleme, v\u0103 suger\u0103m s\u0103 lua\u021bi m\u0103suri preventive, cum ar fi inspec\u021bia periodic\u0103, lubrifierea adecvat\u0103 \u0219i \u00eenlocuirea garniturilor uzate.<\/p>\n<p><img decoding=\"async\" src=\"https:\/\/www.hydraulic-cylinders.net\/wp-content\/uploads\/2025\/01\/songte-bushings-with-all-kinds-of-excavator-models.webp\" alt=\"Cilindru cu cup\u0103 pentru excavatorul mijlociu Sumitomo SH210-5\"><\/p>\n<h2>Despre compania noastr\u0103<\/h2>\n<p>Suntem produc\u0103tori de cilindri hidraulici de schimb, cu o gam\u0103 complet\u0103 de produse, \u0219i am devenit unul dintre principalii produc\u0103tori \u0219i distribuitori angro de cilindri hidraulici pe pie\u021bele interne \u0219i interna\u021bionale. Ader\u0103m la o calitate excelent\u0103, ne baz\u0103m pe strategii industrializate de management al produc\u021biei, sus\u021binute de ateliere de fabrica\u021bie sofisticate, \u00eembun\u0103t\u0103\u021bim continuu platforma de produc\u021bie a atelierelor, \u00eembun\u0103t\u0103\u021bim calitatea produc\u021biei produselor \u0219i posed\u0103m o creativitate puternic\u0103. Ne propunem s\u0103 satisfacem diversele nevoi ale clien\u021bilor cu eficien\u021b\u0103 ridicat\u0103, precizie ridicat\u0103 \u0219i principii de \u00eenalt\u0103 calitate.<\/p>\n<p>Compania noastr\u0103 este specializat\u0103 \u00een furnizarea de servicii profesionale, servicii personalizate \u0219i certific\u0103ri interna\u021bionale. Folosim echipamente de produc\u021bie avansate \u0219i sisteme profesionale de testare pentru a \u00eembun\u0103t\u0103\u021bi calitatea produselor \u0219i a oferi servicii complete post-v\u00e2nzare. Continu\u0103m s\u0103 ne \u00eembun\u0103t\u0103\u021bim capacitatea de produc\u021bie \u0219i calitatea produselor \u0219i am c\u00e2\u0219tigat \u00eencrederea \u0219i laudele clien\u021bilor no\u0219tri prin produsele \u0219i serviciile noastre excelente.<\/p>\n<p><img decoding=\"async\" src=\"https:\/\/www.hydraulic-cylinders.net\/wp-content\/uploads\/2025\/01\/songte-company-3.webp\" alt=\"Cilindru cu cup\u0103 pentru excavatorul mijlociu Sumitomo SH210-5\"><\/p>\n<p>Autor: lyl.<\/p>","protected":false},"excerpt":{"rendered":"<p>Bucket Cylinder For Sumitomo Middle Excavator SH210-5 Introduction The bucket cylinder for Sumitomo middle excavator SH210-5 is a specially designed hydraulic cylinder used to control the movement of the bucket in heavy machinery such as excavators, backhoe excavators, and front-end loaders. Its main function is to enable the bucket to lift, lower, and tilt, making [&hellip;]<\/p>","protected":false},"featured_media":14762,"comment_status":"open","ping_status":"closed","template":"","meta":{"_et_pb_use_builder":"","_et_pb_old_content":"","_et_gb_content_width":""},"product_brand":[],"product_cat":[1494],"product_tag":[1495,1496],"class_list":{"0":"post-15175","1":"product","2":"type-product","3":"status-publish","4":"has-post-thumbnail","6":"product_cat-bucket-cylinders","7":"product_tag-bucket-cylinders","8":"product_tag-hydraulic-cylinders","10":"first","11":"instock","12":"shipping-taxable","13":"product-type-simple"},"amp_enabled":true,"_links":{"self":[{"href":"https:\/\/www.hydraulic-cylinders.net\/ro\/wp-json\/wp\/v2\/product\/15175","targetHints":{"allow":["GET"]}}],"collection":[{"href":"https:\/\/www.hydraulic-cylinders.net\/ro\/wp-json\/wp\/v2\/product"}],"about":[{"href":"https:\/\/www.hydraulic-cylinders.net\/ro\/wp-json\/wp\/v2\/types\/product"}],"replies":[{"embeddable":true,"href":"https:\/\/www.hydraulic-cylinders.net\/ro\/wp-json\/wp\/v2\/comments?post=15175"}],"wp:featuredmedia":[{"embeddable":true,"href":"https:\/\/www.hydraulic-cylinders.net\/ro\/wp-json\/wp\/v2\/media\/14762"}],"wp:attachment":[{"href":"https:\/\/www.hydraulic-cylinders.net\/ro\/wp-json\/wp\/v2\/media?parent=15175"}],"wp:term":[{"taxonomy":"product_brand","embeddable":true,"href":"https:\/\/www.hydraulic-cylinders.net\/ro\/wp-json\/wp\/v2\/product_brand?post=15175"},{"taxonomy":"product_cat","embeddable":true,"href":"https:\/\/www.hydraulic-cylinders.net\/ro\/wp-json\/wp\/v2\/product_cat?post=15175"},{"taxonomy":"product_tag","embeddable":true,"href":"https:\/\/www.hydraulic-cylinders.net\/ro\/wp-json\/wp\/v2\/product_tag?post=15175"}],"curies":[{"name":"wp","href":"https:\/\/api.w.org\/{rel}","templated":true}]}}