{"id":15181,"date":"2025-01-19T14:12:25","date_gmt":"2025-01-19T14:12:25","guid":{"rendered":"https:\/\/www.hydraulic-cylinders.net\/product\/bucket-cylinder-for-sumitomo-middle-excavator-sh240-5\/"},"modified":"2025-01-19T14:12:27","modified_gmt":"2025-01-19T14:12:27","slug":"bucket-cylinder-for-sumitomo-middle-excavator-sh240-5","status":"publish","type":"product","link":"https:\/\/www.hydraulic-cylinders.net\/ro\/produs\/bucket-cylinder-for-sumitomo-middle-excavator-sh240-5\/","title":{"rendered":"Cilindru cu cup\u0103 pentru excavatorul mijlociu Sumitomo SH240-5"},"content":{"rendered":"<h1>Cilindru cu cup\u0103 pentru excavatorul mijlociu Sumitomo SH240-5<\/h1>\n<h2>Introducere<\/h2>\n<p>Cilindrul cupei pentru excavatorul Sumitomo SH240-5 este un cilindru hidraulic specializat, conceput pentru a controla mi\u0219carea cupei \u00een utilaje grele, cum ar fi excavatoarele, excavatoarele \u0219i \u00eenc\u0103rc\u0103toarele frontale. Func\u021bia sa principal\u0103 este de a permite ridicarea, cobor\u00e2rea \u0219i \u00eenclinarea cupei, facilit\u00e2nd gestionarea diverselor sarcini de manipulare a materialelor. \u00cen sistemul hidraulic, cilindrii cupei controleaz\u0103 cu precizie mi\u0219carea cupei utiliz\u00e2nd modific\u0103rile presiunii uleiului hidraulic, permi\u021b\u00e2nd operatorilor s\u0103 manipuleze eficient sarcini grele \u0219i s\u0103 se adapteze la medii de lucru complexe \u0219i cerin\u021be diverse ale lucr\u0103rilor.<\/p>\n<p><img decoding=\"async\" src=\"https:\/\/www.hydraulic-cylinders.net\/wp-content\/uploads\/2025\/01\/songte-company-2.webp\" alt=\"Imaginea cilindrului cupei\"><\/p>\n<h2>Caracteristici<\/h2>\n<ul>\n<li>\n<h3>Rezisten\u021b\u0103 \u0219i durabilitate ridicate<\/h3>\n<p>Cilindrul cupei este de obicei fabricat din o\u021bel sau aluminiu de \u00eenalt\u0103 rezisten\u021b\u0103, capabil s\u0103 reziste la presiuni ridicate \u0219i sarcini grele \u0219i potrivit pentru medii de lucru dure. Designul ia \u00een considerare rezisten\u021ba la uzur\u0103 \u0219i la coroziune, ceea ce \u00eei prelunge\u0219te durata de via\u021b\u0103.<\/p>\n<\/li>\n<li>\n<h3>Func\u021bionare hidraulic\u0103 eficient\u0103<\/h3>\n<p>Cilindrul cupei folose\u0219te presiunea uleiului hidraulic pentru a realiza ac\u021biuni line de extensie \u0219i retragere, permi\u021b\u00e2ndu-i s\u0103 r\u0103spund\u0103 rapid la comenzile de control, oferind for\u021be puternice de \u00eempingere \u0219i tragere \u0219i fiind potrivit pentru manipularea sarcinilor grele \u0219i a sarcinilor complexe.<\/p>\n<\/li>\n<li>\n<h3>Diverse tipuri<\/h3>\n<p>Cilindrul cupei poate fi selectat ca fiind cu ac\u021biune simpl\u0103 (sistem hidraulic utilizat \u00eentr-o singur\u0103 direc\u021bie) sau cu ac\u021biune dubl\u0103 (sistem hidraulic utilizat \u00een dou\u0103 direc\u021bii) \u00een func\u021bie de cerin\u021bele de operare. Unele modele sunt telescopice, permi\u021b\u00e2nd o extensie mai mare f\u0103r\u0103 a cre\u0219te dimensiunile exterioare, potrivite pentru aplica\u021bii cu spa\u021biu limitat.<\/p>\n<\/li>\n<li>\n<h3>\u00cenlocuire u\u0219oar\u0103<\/h3>\n<p>Produsul nostru poate \u00eenlocui perfect ace\u0219ti cilindri hidraulici.<\/p>\n<\/li>\n<\/ul>\n<p><img decoding=\"async\" src=\"https:\/\/www.hydraulic-cylinders.net\/wp-content\/uploads\/2025\/01\/songte-cylinder-head-with-all-kinds-excavator-models.webp\" alt=\"Imagine de \u00eenlocuire a cilindrului cupei\"><\/p>\n<h2>Aplica\u021bii<\/h2>\n<p>Cilindrul cupei este utilizat pe scar\u0103 larg\u0103 \u00een diverse utilaje de construc\u021bii \u0219i agricultur\u0103. C\u00e2teva aplica\u021bii comune includ:<\/p>\n<ul>\n<li>\n<h3>Echipamente de construc\u021bii<\/h3>\n<p>\u00cen excavatoare, acestea sunt esen\u021biale pentru s\u0103pare, \u00eenc\u0103rcare \u0219i mutarea solului sau a resturilor. \u00cen buldoexcavatoarele, cilindrii cupei ajut\u0103 at\u00e2t la s\u0103pare, c\u00e2t \u0219i la ridicare. <\/p>\n<\/li>\n<li>\n<h3>Ma\u0219ini agricole <\/h3>\n<p>Folosit la \u00eenc\u0103rc\u0103toarele frontale pentru scobere, ridicare \u0219i transportul solului, f\u00e2nului \u0219i altor materiale.<\/p>\n<\/li>\n<li>\n<h3>Excavatoare<\/h3>\n<p>Cilindrii cupei permit ac\u021biunile de excavare permi\u021b\u00e2nd cupei s\u0103 p\u0103trund\u0103 \u00een sol. <\/p>\n<\/li>\n<li>\n<h3>\u00cenc\u0103rc\u0103toare frontale<\/h3>\n<p>\u00cen cazul \u00eenc\u0103rc\u0103toarelor frontale, acestea ajut\u0103 la ridicarea \u0219i desc\u0103rcarea eficient\u0103 a m\u0103rfurilor. <\/p>\n<\/li>\n<\/ul>\n<h2>Considera\u021bii de proiectare \u0219i criterii de selec\u021bie<\/h2>\n<ul>\n<li>\n<h3>Capacitate portant\u0103<\/h3>\n<p>Cilindrii cupei trebuie s\u0103 aib\u0103 o capacitate portant\u0103 mare pentru a gestiona sarcini grele \u0219i sisteme hidraulice de \u00eenalt\u0103 presiune.<\/p>\n<\/li>\n<li>\n<h3>Sigilare<\/h3>\n<p>Cilindrii cupei necesit\u0103 etan\u0219\u0103ri de \u00eenalt\u0103 calitate pentru a preveni scurgerile de fluid hidraulic \u0219i pentru a asigura o func\u021bionare sigur\u0103 \u0219i eficient\u0103.<\/p>\n<\/li>\n<li>\n<h3>Durabilitate<\/h3>\n<p>Cilindrul cupei trebuie s\u0103 fie durabil \u0219i rezistent la uzur\u0103 pentru a rezista la medii de lucru dure \u0219i a-i prelungi durata de via\u021b\u0103.<\/p>\n<\/li>\n<li>\n<h3>Siguran\u0163\u0103<\/h3>\n<p>Cilindrii cupei trebuie s\u0103 \u00eendeplineasc\u0103 standarde stricte de siguran\u021b\u0103 pentru a asigura o func\u021bionare \u00een siguran\u021b\u0103 \u0219i a preveni accidentele. <\/p>\n<\/li>\n<li>\n<h3>\u00centre\u0163inere<\/h3>\n<p>Cilindrii cupei necesit\u0103 \u00eentre\u021binere regulat\u0103 pentru a asigura performan\u021be optime \u0219i a le prelungi durata de via\u021b\u0103. <\/p>\n<\/li>\n<\/ul>\n<p><img decoding=\"async\" src=\"https:\/\/www.hydraulic-cylinders.net\/wp-content\/uploads\/2025\/01\/songte-oil-pipes-and-spare-parts.webp\" alt=\"Imagine piese de schimb cilindru cup\u0103\"><\/p>\n<h2>Etan\u0219are \u0219i lubrifiere<\/h2>\n<p>Cilindrul cupei utilizeaz\u0103 diverse componente de etan\u0219are, cum ar fi etan\u0219\u0103ri de piston, etan\u0219\u0103ri de tij\u0103 \u0219i inele de uzur\u0103, fabricate din materiale rezistente la uzur\u0103, cum ar fi poliuretanul \u0219i cauciucul nitrilic. Corpul cilindrului \u0219i suprafe\u021bele filetate ale cap\u0103tului sunt supuse unor prelucr\u0103ri delicate pentru a le spori rezisten\u021ba la uzur\u0103. Lubrifierea regulat\u0103 cu ulei hidraulic adecvat este necesar\u0103 pentru a asigura o func\u021bionare eficient\u0103.<\/p>\n<h2>\u00centre\u021binere \u0219i repara\u021bii<\/h2>\n<p>Pentru a men\u021bine performan\u021ba optim\u0103 a cilindrului cupei, inspec\u021bia regulat\u0103 \u0219i \u00eentre\u021binerea preventiv\u0103 sunt esen\u021biale. Sarcinile de \u00eentre\u021binere recomandate includ inspec\u021bia periodic\u0103, lubrifierea corespunz\u0103toare, \u00eenlocuirea garniturii \u0219i calibrarea. Instalarea corect\u0103 este crucial\u0103 \u0219i se recomand\u0103 utilizarea suporturilor de instalare adecvate. Procedurile corecte de inspec\u021bie, reparare \u0219i \u00eenlocuire pot prelungi durata de via\u021b\u0103 a cilindrului cupei.<\/p>\n<p><img decoding=\"async\" src=\"https:\/\/www.hydraulic-cylinders.net\/wp-content\/uploads\/2025\/01\/songte-chushion-collar.webp\" alt=\"Imagine de \u00eentre\u021binere a cilindrului cupei\"><\/p>\n<h2>Considera\u021bii de siguran\u021b\u0103 \u0219i factori de mediu <\/h2>\n<p>C\u00e2nd utiliza\u021bi cilindrul cupei, este esen\u021bial s\u0103 respecta\u021bi protocoalele de siguran\u021b\u0103 adecvate pentru a preveni accidentele \u0219i r\u0103nirile. Respectarea instruc\u021biunilor de siguran\u021b\u0103 \u0219i utilizarea corect\u0103 pot ajuta la reducerea daunelor aduse mediului \u0219i la promovarea sustenabilit\u0103\u021bii.<\/p>\n<h2>Depanare \u0219i probleme frecvente<\/h2>\n<p>Problemele frecvente care pot ap\u0103rea \u00een timpul func\u021bion\u0103rii cilindrului cupei includ scurgeri, performan\u021be slabe \u0219i deteriorarea cilindrului. Tehnicile adecvate de depanare \u0219i rezolvare a problemelor pot ajuta la rezolvarea rapid\u0103 \u0219i eficient\u0103 a acestor probleme. M\u0103surile preventive, cum ar fi \u00eentre\u021binerea \u0219i inspec\u021bia regulat\u0103, pot ajuta la reducerea probabilit\u0103\u021bii apari\u021biei unor probleme poten\u021biale.<\/p>\n<p><img decoding=\"async\" src=\"https:\/\/www.hydraulic-cylinders.net\/wp-content\/uploads\/2025\/01\/songte-bushings-with-all-kinds-of-excavator-models.webp\" alt=\"Imagine de depanare a cilindrului cupei\"><\/p>\n<h2>Despre compania noastr\u0103<\/h2>\n<p>Suntem produc\u0103tori de cilindri hidraulici de schimb cu o gam\u0103 complet\u0103 de produse, devenind unul dintre principalii produc\u0103tori \u0219i angrosi\u0219ti \u200b\u200bde cilindri hidraulici pe pie\u021bele interne \u0219i interna\u021bionale. Urm\u0103m o politic\u0103 de calitate excelent\u0103 \u0219i ne baz\u0103m pe strategii de management al produc\u021biei industriale, sus\u021binute de ateliere de fabrica\u021bie de \u00eenalt\u0103 calitate, tehnologii, echipamente digitale de produc\u021bie de ultim\u0103 genera\u021bie \u0219i sisteme de testare profesionale. Compania noastr\u0103 are capacitatea de a crea, de a oferi servicii eficiente \u0219i eficiente \u0219i de a satisface diverse cerin\u021be ale clien\u021bilor. <\/p>\n<ul>\n<li>\n<h3>Expertiz\u0103<\/h3>\n<p>Avem cuno\u0219tin\u021be \u0219i experien\u021b\u0103 vaste \u00een industria cilindrilor hidraulici, ceea ce ne permite s\u0103 oferim produse de \u00eenalt\u0103 calitate.<\/p>\n<\/li>\n<li>\n<h3>Certificare interna\u021bional\u0103<\/h3>\n<p>Toate produsele noastre respect\u0103 standardele interna\u021bionale \u0219i sunt certificate ISO9001, CE etc.<\/p>\n<\/li>\n<li>\n<h3>Servicii de personalizare<\/h3>\n<p>Oferim servicii de personalizare pentru a satisface cerin\u021bele specifice ale clien\u021bilor.<\/p>\n<\/li>\n<li>\n<h3>Echipamente de produc\u021bie<\/h3>\n<p>Atelierele noastre sunt dotate cu echipamente de fabrica\u021bie de ultim\u0103 genera\u021bie pentru a sprijini produc\u021bia \u0219i controlul calit\u0103\u021bii.<\/p>\n<\/li>\n<li>\n<h3>Serviciu post-v\u00e2nzare<\/h3>\n<p>Oferim servicii post-v\u00e2nzare prompte \u0219i eficiente pentru a asigura satisfac\u021bia clien\u021bilor.<\/p>\n<\/li>\n<\/ul>\n<p><img decoding=\"async\" src=\"https:\/\/hzpt.com\/wp-content\/uploads\/2024\/11\/songte-company-1.webp\" alt=\"Imaginea companiei\"><\/p>\n<p>Autor: lyl.<\/p>","protected":false},"excerpt":{"rendered":"<p>Bucket Cylinder For Sumitomo Middle Excavator SH240-5 Introduction The bucket cylinder for Sumitomo middle excavator SH240-5 is a specialized hydraulic cylinder designed to control the movement of the bucket in heavy machinery such as excavators, backhoes, and front-end loaders. Its primary function is to enable the bucket to lift, lower, and tilt, making it easier [&hellip;]<\/p>","protected":false},"featured_media":14784,"comment_status":"open","ping_status":"closed","template":"","meta":{"_et_pb_use_builder":"","_et_pb_old_content":"","_et_gb_content_width":""},"product_brand":[],"product_cat":[1494],"product_tag":[1495,1496],"class_list":{"0":"post-15181","1":"product","2":"type-product","3":"status-publish","4":"has-post-thumbnail","6":"product_cat-bucket-cylinders","7":"product_tag-bucket-cylinders","8":"product_tag-hydraulic-cylinders","10":"first","11":"instock","12":"shipping-taxable","13":"product-type-simple"},"amp_enabled":true,"_links":{"self":[{"href":"https:\/\/www.hydraulic-cylinders.net\/ro\/wp-json\/wp\/v2\/product\/15181","targetHints":{"allow":["GET"]}}],"collection":[{"href":"https:\/\/www.hydraulic-cylinders.net\/ro\/wp-json\/wp\/v2\/product"}],"about":[{"href":"https:\/\/www.hydraulic-cylinders.net\/ro\/wp-json\/wp\/v2\/types\/product"}],"replies":[{"embeddable":true,"href":"https:\/\/www.hydraulic-cylinders.net\/ro\/wp-json\/wp\/v2\/comments?post=15181"}],"wp:featuredmedia":[{"embeddable":true,"href":"https:\/\/www.hydraulic-cylinders.net\/ro\/wp-json\/wp\/v2\/media\/14784"}],"wp:attachment":[{"href":"https:\/\/www.hydraulic-cylinders.net\/ro\/wp-json\/wp\/v2\/media?parent=15181"}],"wp:term":[{"taxonomy":"product_brand","embeddable":true,"href":"https:\/\/www.hydraulic-cylinders.net\/ro\/wp-json\/wp\/v2\/product_brand?post=15181"},{"taxonomy":"product_cat","embeddable":true,"href":"https:\/\/www.hydraulic-cylinders.net\/ro\/wp-json\/wp\/v2\/product_cat?post=15181"},{"taxonomy":"product_tag","embeddable":true,"href":"https:\/\/www.hydraulic-cylinders.net\/ro\/wp-json\/wp\/v2\/product_tag?post=15181"}],"curies":[{"name":"wp","href":"https:\/\/api.w.org\/{rel}","templated":true}]}}