{"id":15186,"date":"2025-01-19T14:12:44","date_gmt":"2025-01-19T14:12:44","guid":{"rendered":"https:\/\/www.hydraulic-cylinders.net\/product\/bucket-cylinder-for-sumitomo-large-excavator-sh350hb-3b\/"},"modified":"2025-01-19T14:12:52","modified_gmt":"2025-01-19T14:12:52","slug":"bucket-cylinder-for-sumitomo-large-excavator-sh350hb-3b","status":"publish","type":"product","link":"https:\/\/www.hydraulic-cylinders.net\/ro\/produs\/bucket-cylinder-for-sumitomo-large-excavator-sh350hb-3b\/","title":{"rendered":"Cilindru cu cup\u0103 pentru excavatorul mare Sumitomo SH350HB-3B"},"content":{"rendered":"<h1>Cilindru cu cup\u0103 pentru excavatorul mare Sumitomo SH350HB-3B<\/h1>\n<h2>Introducere<\/h2>\n<p>Cilindrul cupei pentru excavatorul mare Sumitomo SH350HB-3B este un cilindru hidraulic special conceput, utilizat \u00een principal pentru a controla mi\u0219carea cupei \u00een utilaje grele, cum ar fi excavatoarele, \u00eenc\u0103rc\u0103toarele frontale \u0219i \u00eenc\u0103rc\u0103toarele frontale. Func\u021bia sa principal\u0103 este de a permite ridicarea, cobor\u00e2rea \u0219i \u00eenclinarea cupei, ceea ce o face convenabil\u0103 pentru diverse sarcini de manipulare a materialelor. \u00cen sistemul hidraulic, cilindrul cupei realizeaz\u0103 un control precis al cupei prin utilizarea schimb\u0103rilor de presiune din uleiul hidraulic, permi\u021b\u00e2nd operatorilor s\u0103 manipuleze eficient sarcini grele \u0219i s\u0103 se adapteze la medii de lucru complexe \u0219i cerin\u021be opera\u021bionale diverse.<\/p>\n<p><img decoding=\"async\" src=\"https:\/\/www.hydraulic-cylinders.net\/wp-content\/uploads\/2025\/01\/songte-company-2.webp\" alt=\"Cilindru cu cup\u0103\"><\/p>\n<h2>Caracteristici<\/h2>\n<ul>\n<li>Rezisten\u021b\u0103 \u0219i durabilitate ridicate: Fabricat de obicei din o\u021bel sau aluminiu de \u00eenalt\u0103 rezisten\u021b\u0103, cilindrul cupei este capabil s\u0103 reziste la presiuni ridicate \u0219i sarcini grele, adapt\u00e2ndu-se la medii de lucru dure. Designul s\u0103u ia \u00een considerare rezisten\u021ba la uzur\u0103 \u0219i la coroziune, prelungindu-i durata de via\u021b\u0103.<\/li>\n<li>Func\u021bionare hidraulic\u0103 eficient\u0103: Prin utilizarea presiunii uleiului hidraulic, cilindrul cupei realizeaz\u0103 mi\u0219c\u0103ri line de extensie \u0219i retragere, permi\u021b\u00e2nd un r\u0103spuns rapid la comenzile de control \u0219i oferind for\u021be puternice de \u00eempingere \u0219i tragere, potrivite pentru manipularea sarcinilor grele \u0219i a sarcinilor complexe.<\/li>\n<li>Diverse tipuri: Cilindrul cupei poate fi selectat ca cilindru cu ac\u021biune simpl\u0103 (presiune hidraulic\u0103 utilizat\u0103 \u00eentr-o singur\u0103 direc\u021bie) sau cu ac\u021biune dubl\u0103 (presiune hidraulic\u0103 utilizat\u0103 \u00een ambele direc\u021bii), \u00een func\u021bie de cerin\u021bele opera\u021bionale. Anumite modele sunt telescopice, permi\u021b\u00e2nd o extensie mai mare f\u0103r\u0103 a cre\u0219te dimensiunile exterioare, potrivite pentru aplica\u021bii cu spa\u021biu limitat.<\/li>\n<li>\u00cenlocuitor perfect: Produsele noastre pot \u00eenlocui perfect ace\u0219ti cilindri hidraulici. <\/li>\n<\/ul>\n<p><img decoding=\"async\" src=\"https:\/\/www.hydraulic-cylinders.net\/wp-content\/uploads\/2025\/01\/songte-cylinder-head-with-all-kinds-excavator-models.webp\" alt=\"\u00cenlocuire\"><\/p>\n<h2>Aplica\u021bii<\/h2>\n<p>Cilindrul cu cup\u0103 \u00ee\u0219i g\u0103se\u0219te aplica\u021bii \u00een diverse echipamente:<\/p>\n<ul>\n<li>Echipamente de construc\u021bii: \u00cen excavatoare, acestea sunt esen\u021biale pentru excavare, \u00eenc\u0103rcare \u0219i mi\u0219carea materialelor. \u00cen \u00eenc\u0103rc\u0103toarele cu excavator, cilindrul cupei ajut\u0103 at\u00e2t la s\u0103pare, c\u00e2t \u0219i la ridicare.<\/li>\n<li>Ma\u0219ini agricole: utilizate la \u00eenc\u0103rc\u0103toarele frontale pentru scobere, ridicare \u0219i transportul solului, f\u00e2nului \u0219i altor materiale.<\/li>\n<li>Excavatoare: Cilindrul cupei permite ac\u021biunile de s\u0103pare permi\u021b\u00e2nd cupei s\u0103 p\u0103trund\u0103 \u00een sol.<\/li>\n<li>\u00cenc\u0103rc\u0103toare frontale: \u00cenc\u0103rc\u0103toarele frontale ajut\u0103 la ridicarea \u0219i \u00eenclinarea eficient\u0103 a m\u0103rfurilor.<\/li>\n<\/ul>\n<h2>Considera\u021bii de proiectare \u0219i criterii de selec\u021bie<\/h2>\n<p>La proiectarea cilindrului cupei, se iau \u00een considerare c\u00e2teva aspecte cheie \u0219i criterii de selec\u021bie:<\/p>\n<ul>\n<li>Capacitate portant\u0103: Cilindrul cupei este proiectat s\u0103 suporte capacitatea portant\u0103 necesar\u0103.<\/li>\n<li>Etan\u0219are: Diverse componente de etan\u0219are, cum ar fi etan\u0219\u0103rile pistonului \u0219i etan\u0219\u0103rile tijei, sunt utilizate pentru a asigura o etan\u0219are eficient\u0103. Acestea sunt fabricate din materiale rezistente la uzur\u0103, cum ar fi poliuretanul \u0219i cauciucul nitrilic.<\/li>\n<li>Durabilitate: Corpul cilindrului \u0219i capetele filetate sunt supuse unui tratament superficial atent pentru a spori rezisten\u021ba la uzur\u0103.<\/li>\n<li>Siguran\u021b\u0103: Designul \u00eencorporeaz\u0103 elemente de siguran\u021b\u0103 pentru a asigura o func\u021bionare \u00een siguran\u021b\u0103.<\/li>\n<li>\u00centre\u021binere: Cilindrul cupei este proiectat pentru a u\u0219ura \u00eentre\u021binerea \u0219i repararea.<\/li>\n<\/ul>\n<p><img decoding=\"async\" src=\"https:\/\/www.hydraulic-cylinders.net\/wp-content\/uploads\/2025\/01\/songte-oil-pipes-and-spare-parts.webp\" alt=\"Etan\u0219are \u0219i lubrifiere\"><\/p>\n<h2>M\u0103suri de \u00eentre\u021binere \u0219i precau\u021bie<\/h2>\n<p>Pentru a asigura longevitatea cilindrului cupei, trebuie efectuate inspec\u021bii regulate \u0219i m\u0103suri de \u00eentre\u021binere preventiv\u0103:<\/p>\n<ul>\n<li>Inspec\u021bii regulate: Verifica\u021bi dac\u0103 exist\u0103 semne de deteriorare sau uzur\u0103 \u0219i remedia\u021bi-le prompt.<\/li>\n<li>Lubrifiere adecvat\u0103: Ad\u0103uga\u021bi regulat o cantitate adecvat\u0103 de ulei hidraulic pentru lubrifiere.<\/li>\n<li>\u00cenlocuirea garniturilor: \u00cenlocui\u021bi garniturile dup\u0103 cum este necesar pentru a men\u021bine o etan\u0219are eficient\u0103.<\/li>\n<li>Verific\u0103ri de calibrare: Verifica\u021bi \u0219i calibra\u021bi periodic cilindrul cupei pentru a asigura func\u021bionarea corect\u0103.<\/li>\n<\/ul>\n<p><img decoding=\"async\" src=\"https:\/\/www.hydraulic-cylinders.net\/wp-content\/uploads\/2025\/01\/songte-chushion-collar.webp\" alt=\"\u00centre\u0163inere\"><\/p>\n<h2>Considera\u021bii de siguran\u021b\u0103 \u0219i factori de mediu<\/h2>\n<p>C\u00e2nd utiliza\u021bi cilindrul cupei, este de maxim\u0103 importan\u021b\u0103 s\u0103 respecta\u021bi m\u0103surile de siguran\u021b\u0103 pentru a preveni accidentele \u0219i s\u0103 lua\u021bi \u00een considerare factorii de mediu:<\/p>\n<ul>\n<li>Respecta\u021bi instruc\u021biunile de siguran\u021b\u0103 \u0219i utiliza\u021bi echipamentul individual de protec\u021bie adecvat.<\/li>\n<li>Elimina\u021bi fluidele hidraulice \u0219i alte materiale \u00eentr-un mod ecologic.<\/li>\n<\/ul>\n<p><img decoding=\"async\" src=\"https:\/\/www.hydraulic-cylinders.net\/wp-content\/uploads\/2025\/01\/songte-bushings-with-all-kinds-of-excavator-models.webp\" alt=\"Siguran\u021b\u0103 \u0219i mediu\"><\/p>\n<h2>Depanare \u0219i probleme frecvente<\/h2>\n<p>C\u00e2teva sfaturi comune de depanare \u0219i solu\u021bii pentru problemele comune legate de cilindrul cupei includ:<\/p>\n<ul>\n<li>Problem\u0103: Scurgere Solu\u021bie: Verifica\u021bi \u0219i \u00eenlocui\u021bi garniturile deteriorate.<\/li>\n<li>Problem\u0103: Cilindrul nu se extinde\/nu se retrage Solu\u021bie: Verifica\u021bi nivelul \u0219i presiunea fluidului hidraulic \u0219i verifica\u021bi dac\u0103 exist\u0103 blocaje sau defec\u021biuni \u00een sistem.<\/li>\n<li>Problem\u0103: Putere insuficient\u0103 Solu\u021bie: Verifica\u021bi presiunea \u00een sistemul hidraulic \u0219i inspecta\u021bi pentru a depista eventuale restric\u021bii sau defec\u021biuni.<\/li>\n<\/ul>\n<p><img decoding=\"async\" src=\"https:\/\/hzpt.com\/wp-content\/uploads\/2024\/11\/songte-company-1.webp\" alt=\"Depanare\"><\/p>\n<h2>Despre compania noastr\u0103<\/h2>\n<p>Suntem produc\u0103tori de cilindri hidraulici de schimb \u0219i unul dintre principalii produc\u0103tori \u0219i distribuitori angro pe pie\u021bele interne \u0219i interna\u021bionale. Compania noastr\u0103 ofer\u0103 o gam\u0103 complet\u0103 de produse \u0219i urmeaz\u0103 o strategie de management al produc\u021biei industrializate, baz\u00e2ndu-se pe o calitate excelent\u0103, echipamente de fabrica\u021bie avansate \u0219i sisteme profesionale de testare. \u00cembun\u0103t\u0103\u021bim continuu platforma noastr\u0103 de fabrica\u021bie pentru a ob\u021bine eficien\u021b\u0103, precizie \u0219i calitate ridicate, satisf\u0103c\u00e2nd nevoile diverse ale clien\u021bilor no\u0219tri.<\/p>\n<p><img decoding=\"async\" src=\"https:\/\/www.hydraulic-cylinders.net\/wp-content\/uploads\/2025\/01\/songte-company-3.webp\" alt=\"Companie\"><\/p>\n<p>De la profesionalism \u0219i certific\u0103ri interna\u021bionale la servicii personalizate, echipamente de produc\u021bie \u0219i servicii post-v\u00e2nzare, compania noastr\u0103 se str\u0103duie\u0219te s\u0103 ofere cele mai bune solu\u021bii pentru nevoile clien\u021bilor no\u0219tri \u00een materie de cilindri hidraulici.<\/p>\n<p>Autor: lyl<\/p>","protected":false},"excerpt":{"rendered":"<p>Bucket Cylinder For Sumitomo Large Excavator SH350HB-3B Introduction The bucket cylinder for Sumitomo large excavator SH350HB-3B is a specially designed hydraulic cylinder that is primarily used to control the movement of the bucket in heavy machinery such as excavators, backhoe loaders, and front loaders. Its main function is to enable the lifting, lowering, and tilting [&hellip;]<\/p>","protected":false},"featured_media":14773,"comment_status":"open","ping_status":"closed","template":"","meta":{"_et_pb_use_builder":"","_et_pb_old_content":"","_et_gb_content_width":""},"product_brand":[],"product_cat":[1494],"product_tag":[1495,1496],"class_list":{"0":"post-15186","1":"product","2":"type-product","3":"status-publish","4":"has-post-thumbnail","6":"product_cat-bucket-cylinders","7":"product_tag-bucket-cylinders","8":"product_tag-hydraulic-cylinders","10":"first","11":"instock","12":"shipping-taxable","13":"product-type-simple"},"amp_enabled":true,"_links":{"self":[{"href":"https:\/\/www.hydraulic-cylinders.net\/ro\/wp-json\/wp\/v2\/product\/15186","targetHints":{"allow":["GET"]}}],"collection":[{"href":"https:\/\/www.hydraulic-cylinders.net\/ro\/wp-json\/wp\/v2\/product"}],"about":[{"href":"https:\/\/www.hydraulic-cylinders.net\/ro\/wp-json\/wp\/v2\/types\/product"}],"replies":[{"embeddable":true,"href":"https:\/\/www.hydraulic-cylinders.net\/ro\/wp-json\/wp\/v2\/comments?post=15186"}],"wp:featuredmedia":[{"embeddable":true,"href":"https:\/\/www.hydraulic-cylinders.net\/ro\/wp-json\/wp\/v2\/media\/14773"}],"wp:attachment":[{"href":"https:\/\/www.hydraulic-cylinders.net\/ro\/wp-json\/wp\/v2\/media?parent=15186"}],"wp:term":[{"taxonomy":"product_brand","embeddable":true,"href":"https:\/\/www.hydraulic-cylinders.net\/ro\/wp-json\/wp\/v2\/product_brand?post=15186"},{"taxonomy":"product_cat","embeddable":true,"href":"https:\/\/www.hydraulic-cylinders.net\/ro\/wp-json\/wp\/v2\/product_cat?post=15186"},{"taxonomy":"product_tag","embeddable":true,"href":"https:\/\/www.hydraulic-cylinders.net\/ro\/wp-json\/wp\/v2\/product_tag?post=15186"}],"curies":[{"name":"wp","href":"https:\/\/api.w.org\/{rel}","templated":true}]}}