{"id":15188,"date":"2025-01-19T14:12:58","date_gmt":"2025-01-19T14:12:58","guid":{"rendered":"https:\/\/www.hydraulic-cylinders.net\/product\/bucket-cylinder-for-sumitomo-large-excavator-sh300-5\/"},"modified":"2025-01-19T14:13:01","modified_gmt":"2025-01-19T14:13:01","slug":"bucket-cylinder-for-sumitomo-large-excavator-sh300-5","status":"publish","type":"product","link":"https:\/\/www.hydraulic-cylinders.net\/ro\/produs\/bucket-cylinder-for-sumitomo-large-excavator-sh300-5\/","title":{"rendered":"Cilindru cu cup\u0103 pentru excavatorul mare Sumitomo SH300-5"},"content":{"rendered":"<h1>Cilindru cu cup\u0103 pentru excavatorul mare Sumitomo SH300-5<\/h1>\n<h2>Introducere<\/h2>\n<p>Cilindrul cupei pentru excavatorul mare Sumitomo SH300-5 este un cilindru hidraulic special conceput, utilizat pentru a controla mi\u0219carea cupei \u00een utilaje grele, cum ar fi excavatoarele, \u00eenc\u0103rc\u0103toarele frontale \u0219i \u00eenc\u0103rc\u0103toarele de marf\u0103. Func\u021bia sa principal\u0103 este de a permite ridicarea, cobor\u00e2rea \u0219i \u00eenclinarea cupei, facilit\u00e2nd efectuarea diverselor sarcini de manipulare a materialelor. \u00cen sistemul hidraulic, cilindrul cupei realizeaz\u0103 un control precis al cupei prin utilizarea modific\u0103rilor presiunii uleiului hidraulic, permi\u021b\u00e2nd operatorilor s\u0103 manipuleze eficient sarcini grele \u0219i s\u0103 se adapteze la medii de lucru complexe \u0219i cerin\u021be opera\u021bionale diverse.<\/p>\n<p><img decoding=\"async\" src=\"https:\/\/www.hydraulic-cylinders.net\/wp-content\/uploads\/2025\/01\/songte-company-2.webp\" alt=\"Imaginea cilindrului cupei\"><\/p>\n<h2>Caracteristici<\/h2>\n<ul>\n<li><strong>Rezisten\u021b\u0103 \u0219i durabilitate ridicate:<\/strong> Fabricat de obicei din o\u021bel sau aluminiu de \u00eenalt\u0103 rezisten\u021b\u0103, cilindrul cupei poate rezista la presiuni ridicate \u0219i sarcini grele, adapt\u00e2ndu-se la medii de lucru dure. Designul ia \u00een considerare rezisten\u021ba la uzur\u0103 \u0219i rezisten\u021ba la coroziune, prelungind durata de via\u021b\u0103.<\/li>\n<li><strong>Func\u021bionare hidraulic\u0103 eficient\u0103:<\/strong> Prin utilizarea presiunii uleiului hidraulic, cilindrul cupei realizeaz\u0103 ac\u021biuni line de extensie \u0219i retragere, oferind un r\u0103spuns rapid la comenzile de control \u0219i furniz\u00e2nd for\u021be puternice de \u00eempingere \u0219i tragere, potrivite pentru manipularea sarcinilor grele \u0219i a sarcinilor opera\u021bionale complexe.<\/li>\n<li><strong>Tipuri versatile:<\/strong> Cilindrul cupei poate fi selectat ca fiind cu ac\u021biune simpl\u0103 (presiunea hidraulic\u0103 utilizat\u0103 doar \u00eentr-o singur\u0103 direc\u021bie) sau cu ac\u021biune dubl\u0103 (presiunea hidraulic\u0103 utilizat\u0103 \u00een ambele direc\u021bii) \u00een func\u021bie de cerin\u021be, r\u0103spunz\u00e2nd diferitelor nevoi opera\u021bionale. Unele modele sunt telescopice, permi\u021b\u00e2nd o extensie mai mare f\u0103r\u0103 a cre\u0219te dimensiunile exterioare, potrivite pentru aplica\u021bii cu spa\u021biu limitat.<\/li>\n<li><strong>\u00cenlocuitor perfect:<\/strong> Produsele noastre pot \u00eenlocui perfect ace\u0219ti cilindri hidraulici, oferind aceea\u0219i func\u021bionalitate \u0219i compatibilitate.<\/li>\n<\/ul>\n<p><img decoding=\"async\" src=\"https:\/\/www.hydraulic-cylinders.net\/wp-content\/uploads\/2025\/01\/songte-cylinder-head-with-all-kinds-excavator-models.webp\" alt=\"Imaginea produsului\"><\/p>\n<h2>Aplica\u021bii<\/h2>\n<p>Cilindrul cupei pentru excavatorul mare Sumitomo SH300-5 \u00ee\u0219i g\u0103se\u0219te aplica\u021bii \u00een diverse industrii:<\/p>\n<h3>Echipamente de construc\u021bii:<\/h3>\n<p>\u00cen excavatoare, acestea sunt esen\u021biale pentru s\u0103pare, \u00eenc\u0103rcare \u0219i mutarea solului sau a resturilor. La \u00eenc\u0103rc\u0103toarele cu excavator, cilindrul cupei ajut\u0103 at\u00e2t la excavare, c\u00e2t \u0219i la ridicare.<\/p>\n<h3>Ma\u0219ini agricole:<\/h3>\n<p>Folosit la \u00eenc\u0103rc\u0103toarele frontale pentru scobere, ridicare \u0219i transportul solului, f\u00e2nului \u0219i altor materiale.<\/p>\n<h3>Excavatoare:<\/h3>\n<p>Cilindrul cupei permite ac\u021biunile de s\u0103pare permi\u021b\u00e2nd cupei s\u0103 p\u0103trund\u0103 \u00een sol.<\/p>\n<h3>\u00cenc\u0103rc\u0103toare:<\/h3>\n<p>\u00cen cazul \u00eenc\u0103rc\u0103toarelor frontale, acestea ajut\u0103 la ridicarea \u0219i desc\u0103rcarea eficient\u0103 a m\u0103rfurilor.<\/p>\n<h2>Considera\u021bii de proiectare \u0219i criterii de selec\u021bie<\/h2>\n<p>La proiectarea cilindrului cupei pentru excavatorul mare Sumitomo SH300-5, se iau \u00een considerare diver\u0219i factori:<\/p>\n<ul>\n<li><strong>Capacitate portant\u0103:<\/strong> Cilindrul este proiectat s\u0103 reziste la sarcinile necesare \u0219i s\u0103 func\u021bioneze fiabil \u00een diferite condi\u021bii de func\u021bionare.<\/li>\n<li><strong>Etan\u0219are:<\/strong> Diverse elemente de etan\u0219are, cum ar fi etan\u0219\u0103rile pistonului \u0219i etan\u0219\u0103rile tijei, fabricate din materiale rezistente la uzur\u0103, precum poliuretanul \u0219i cauciucul nitrilic, sunt utilizate pentru a asigura o etan\u0219are eficient\u0103. Corpul cilindrului \u0219i capetele filetate sunt supuse unui tratament precis pentru a \u00eembun\u0103t\u0103\u021bi rezisten\u021ba la uzur\u0103.<\/li>\n<li><strong>Durabilitate:<\/strong> Cilindrul este construit din materiale de \u00eenalt\u0103 calitate \u0219i este supus unor teste am\u0103nun\u021bite pentru a-i asigura durabilitatea \u0219i longevitatea.<\/li>\n<li><strong>Siguran\u0163\u0103:<\/strong> \u00cen proiectare sunt \u00eencorporate elemente de siguran\u021b\u0103 pentru a preveni accidentele \u0219i a asigura protec\u021bia operatorului \u00een timpul func\u021bion\u0103rii.<\/li>\n<li><strong>Mentenabilitate:<\/strong> Cilindrul este proiectat pentru o \u00eentre\u021binere u\u0219oar\u0103, cu componente accesibile \u0219i instruc\u021biuni clare pentru inspec\u021bie, lubrifiere \u0219i \u00eenlocuire.<\/li>\n<\/ul>\n<p><img decoding=\"async\" src=\"https:\/\/www.hydraulic-cylinders.net\/wp-content\/uploads\/2025\/01\/songte-oil-pipes-and-spare-parts.webp\" alt=\"Imaginea produsului\"><\/p>\n<h2>Etan\u0219are \u0219i lubrifiere<\/h2>\n<p>Cilindrul cupei pentru excavatorul mare Sumitomo SH300-5 utilizeaz\u0103 diverse elemente de etan\u0219are, cum ar fi etan\u0219\u0103rile pistonului \u0219i etan\u0219\u0103rile tijei, care sunt fabricate din materiale rezistente la uzur\u0103, cum ar fi poliuretanul \u0219i cauciucul nitrilic. Corpul cilindrului \u0219i capetele filetate sunt tratate fin pentru a \u00eembun\u0103t\u0103\u021bi rezisten\u021ba la uzur\u0103. Se recomand\u0103 lubrifierea regulat\u0103 cu o cantitate adecvat\u0103 de ulei hidraulic pentru a asigura o func\u021bionare f\u0103r\u0103 probleme.<\/p>\n<h2>Inspec\u021bie regulat\u0103 \u0219i \u00eentre\u021binere preventiv\u0103<\/h2>\n<ul>\n<li>Efectua\u021bi inspec\u021bii regulate pentru a verifica dac\u0103 exist\u0103 semne de uzur\u0103, deteriorare sau scurgeri.<\/li>\n<li>Asigura\u021bi lubrifierea corespunz\u0103toare a tuturor pieselor mobile \u0219i a garniturilor.<\/li>\n<li>\u00cenlocui\u021bi periodic garniturile \u0219i componentele uzate pentru a men\u021bine performan\u021be optime.<\/li>\n<\/ul>\n<h2>Instalarea corect\u0103 a produsului<\/h2>\n<p>Instalarea corect\u0103 a cilindrului cupei pentru excavatorul mare Sumitomo SH300-5 este crucial\u0103 pentru performan\u021ba \u0219i longevitatea acestuia:<\/p>\n<ul>\n<li>Asigura\u021bi alinierea corect\u0103 a cilindrului \u00een timpul instal\u0103rii.<\/li>\n<li>Folosi\u021bi consolele de instalare adecvate pentru a fixa cilindrul.<\/li>\n<li>Urma\u021bi procedurile recomandate de inspec\u021bie, reparare \u0219i \u00eenlocuire.<\/li>\n<li>Oferi\u021bi \u00eendrum\u0103ri pentru alinierea corect\u0103 a cilindrului \u00een timpul procesului de instalare.<\/li>\n<li>Se recomand\u0103 utilizarea unor console de instalare adecvate pentru fixarea sigur\u0103 a cilindrului.<\/li>\n<li>Oferi\u021bi sfaturi pentru verificarea, repararea \u0219i \u00eenlocuirea pieselor pentru a \u00eembun\u0103t\u0103\u021bi durata de via\u021b\u0103 a cilindrului cupei.<\/li>\n<\/ul>\n<p><img decoding=\"async\" src=\"https:\/\/www.hydraulic-cylinders.net\/wp-content\/uploads\/2025\/01\/songte-chushion-collar.webp\" alt=\"Imaginea produsului\"><\/p>\n<h2>Considera\u021bii de siguran\u021b\u0103 \u0219i factori de mediu<\/h2>\n<p>C\u00e2nd utiliza\u021bi cilindrul cupei pentru excavatorul mare Sumitomo SH300-5, este important s\u0103 respecta\u021bi m\u0103surile de siguran\u021b\u0103 pentru a preveni accidentele \u0219i s\u0103 lua\u021bi \u00een considerare factorii de mediu pentru a minimiza impactul negativ.<\/p>\n<h2>Depanare \u0219i probleme frecvente<\/h2>\n<p>Probleme comune \u0219i solu\u021biile lor legate de cilindrul cupei pentru excavatorul mare Sumitomo SH300-5:<\/p>\n<ul>\n<li>Problem\u0103: Scurgeri din cilindru.<\/li>\n<li>Solu\u021bie: Verifica\u021bi \u0219i \u00eenlocui\u021bi garniturile uzate sau componentele deteriorate.<\/li>\n<li>Problem\u0103: Mi\u0219care insuficient\u0103 sau neregulat\u0103 a cupei.<\/li>\n<li>Solu\u021bie: Inspecta\u021bi \u0219i regla\u021bi presiunea hidraulic\u0103, verifica\u021bi dac\u0103 exist\u0103 blocaje sau scurgeri \u00een sistemul hidraulic.<\/li>\n<li>Problem\u0103: Zgomot anormal \u00een timpul func\u021bion\u0103rii.<\/li>\n<li>Solu\u021bie: Verifica\u021bi dac\u0103 exist\u0103 componente sl\u0103bite sau uzate, inspecta\u021bi sistemul hidraulic pentru a depista eventuale probleme.<\/li>\n<\/ul>\n<p>Urm\u00e2nd aceste sfaturi \u0219i solu\u021bii de depanare, cititorii pot diagnostica \u0219i rezolva eficient problemele, precum \u0219i pot implementa m\u0103suri preventive pentru a minimiza poten\u021bialele probleme.<\/p>\n<p><img decoding=\"async\" src=\"https:\/\/www.hydraulic-cylinders.net\/wp-content\/uploads\/2025\/01\/songte-bushings-with-all-kinds-of-excavator-models.webp\" alt=\"Imaginea produsului\"><\/p>\n<p>Nu uita s\u0103 organizezi articolul logic, s\u0103 folose\u0219ti subtitluri pentru o navigare u\u0219oar\u0103, s\u0103 incluzi imagini sau grafice relevante pentru a \u00eembun\u0103t\u0103\u021bi \u00een\u021belegerea \u0219i s\u0103 te asiguri c\u0103 este clar, concis \u0219i potrivit pentru cititorii cu diferite niveluri de cuno\u0219tin\u021be tehnice.<\/p>\n<h2>Despre compania noastr\u0103<\/h2>\n<p>Suntem un produc\u0103tor specializat \u00een produc\u021bia de cilindri hidraulici de schimb. Cu o gam\u0103 complet\u0103 de produse, am devenit unul dintre principalii produc\u0103tori \u0219i distribuitori angro de cilindri hidraulici pe pie\u021bele interne \u0219i interna\u021bionale. Ader\u0103m la principiile calit\u0103\u021bii excelente \u0219i ne baz\u0103m pe strategii industrializate de management al produc\u021biei \u00een atelierul nostru sofisticat de fabrica\u021bie. Prin utilizarea talentelor tehnologice, a echipamentelor digitale avansate de fabrica\u021bie \u0219i a sistemelor profesionale de testare, ne \u00eembun\u0103t\u0103\u021bim continuu platforma de fabrica\u021bie, optimiz\u0103m linia de produc\u021bie a calit\u0103\u021bii produselor noastre \u0219i de\u021binem capacit\u0103\u021bi inovatoare puternice. Satisfacem nevoile diverse ale clien\u021bilor cu eficien\u021b\u0103 ridicat\u0103, precizie ridicat\u0103 \u0219i principii de \u00eenalt\u0103 calitate.<\/p>\n<p><img","protected":false},"excerpt":{"rendered":"<p>Bucket Cylinder For Sumitomo Large Excavator SH300-5 Introduction The Bucket Cylinder for Sumitomo Large Excavator SH300-5 is a specially designed hydraulic cylinder used to control the movement of the bucket in heavy machinery such as excavators, backhoe loaders, and front loaders. Its main function is to enable the lifting, lowering, and tilting of the bucket, [&hellip;]<\/p>","protected":false},"featured_media":14769,"comment_status":"open","ping_status":"closed","template":"","meta":{"_et_pb_use_builder":"","_et_pb_old_content":"","_et_gb_content_width":""},"product_brand":[],"product_cat":[1494],"product_tag":[1495,1496],"class_list":{"0":"post-15188","1":"product","2":"type-product","3":"status-publish","4":"has-post-thumbnail","6":"product_cat-bucket-cylinders","7":"product_tag-bucket-cylinders","8":"product_tag-hydraulic-cylinders","10":"first","11":"instock","12":"shipping-taxable","13":"product-type-simple"},"amp_enabled":true,"_links":{"self":[{"href":"https:\/\/www.hydraulic-cylinders.net\/ro\/wp-json\/wp\/v2\/product\/15188","targetHints":{"allow":["GET"]}}],"collection":[{"href":"https:\/\/www.hydraulic-cylinders.net\/ro\/wp-json\/wp\/v2\/product"}],"about":[{"href":"https:\/\/www.hydraulic-cylinders.net\/ro\/wp-json\/wp\/v2\/types\/product"}],"replies":[{"embeddable":true,"href":"https:\/\/www.hydraulic-cylinders.net\/ro\/wp-json\/wp\/v2\/comments?post=15188"}],"wp:featuredmedia":[{"embeddable":true,"href":"https:\/\/www.hydraulic-cylinders.net\/ro\/wp-json\/wp\/v2\/media\/14769"}],"wp:attachment":[{"href":"https:\/\/www.hydraulic-cylinders.net\/ro\/wp-json\/wp\/v2\/media?parent=15188"}],"wp:term":[{"taxonomy":"product_brand","embeddable":true,"href":"https:\/\/www.hydraulic-cylinders.net\/ro\/wp-json\/wp\/v2\/product_brand?post=15188"},{"taxonomy":"product_cat","embeddable":true,"href":"https:\/\/www.hydraulic-cylinders.net\/ro\/wp-json\/wp\/v2\/product_cat?post=15188"},{"taxonomy":"product_tag","embeddable":true,"href":"https:\/\/www.hydraulic-cylinders.net\/ro\/wp-json\/wp\/v2\/product_tag?post=15188"}],"curies":[{"name":"wp","href":"https:\/\/api.w.org\/{rel}","templated":true}]}}