{"id":15196,"date":"2025-01-19T14:13:31","date_gmt":"2025-01-19T14:13:31","guid":{"rendered":"https:\/\/www.hydraulic-cylinders.net\/product\/bucket-cylinder-for-jcb-small-excavator-js220lc\/"},"modified":"2025-01-19T14:13:33","modified_gmt":"2025-01-19T14:13:33","slug":"bucket-cylinder-for-jcb-small-excavator-js220lc","status":"publish","type":"product","link":"https:\/\/www.hydraulic-cylinders.net\/ro\/produs\/bucket-cylinder-for-jcb-small-excavator-js220lc\/","title":{"rendered":"Cilindru cu cup\u0103 pentru excavatorul mic JCB JS220LC"},"content":{"rendered":"<h1>Cilindru cu cup\u0103 pentru excavatorul mic JCB JS220LC<\/h1>\n<h2>Introducere<\/h2>\n<p>Cilindrul cupei pentru excavatorul mic JCB JS220LC este un cilindru hidraulic special conceput, utilizat \u00een principal pentru a controla mi\u0219carea cupei \u00een utilaje grele, cum ar fi excavatoarele, \u00eenc\u0103rc\u0103toarele frontale \u0219i \u00eenc\u0103rc\u0103toarele frontale. Func\u021bia sa principal\u0103 este de a permite ridicarea, cobor\u00e2rea \u0219i \u00eenclinarea cupei, facilit\u00e2nd gestionarea diverselor sarcini de manipulare a materialelor. \u00cen sistemul hidraulic, cilindrul cupei realizeaz\u0103 un control precis al mi\u0219c\u0103rii cupei prin schimb\u0103rile de presiune ale uleiului hidraulic, permi\u021b\u00e2nd operatorilor s\u0103 manipuleze eficient sarcini grele \u0219i s\u0103 se adapteze la medii de lucru complexe \u0219i cerin\u021be diverse ale lucr\u0103rilor.<\/p>\n<p><img decoding=\"async\" src=\"https:\/\/www.hydraulic-cylinders.net\/wp-content\/uploads\/2025\/01\/songte-company-2.webp\"><\/p>\n<h2>Caracteristici ale produsului<\/h2>\n<ul>\n<li>Rezisten\u021b\u0103 \u0219i durabilitate ridicate: De obicei fabricate din o\u021bel sau aluminiu de \u00eenalt\u0103 rezisten\u021b\u0103, pot rezista la presiuni ridicate \u0219i sarcini grele, se pot adapta la medii de lucru dure \u0219i iau \u00een considerare rezisten\u021ba la uzur\u0103 \u0219i rezisten\u021ba la coroziune \u00een proiectare pentru a prelungi durata de via\u021b\u0103.<\/li>\n<li>Func\u021bionare hidraulic\u0103 eficient\u0103: Mi\u0219c\u0103rile line de extensie \u0219i retragere sunt ob\u021binute prin utilizarea presiunii uleiului hidraulic, oferind for\u021be puternice de \u00eempingere \u0219i tragere, potrivite pentru manipularea sarcinilor grele \u0219i a sarcinilor complexe.<\/li>\n<li>Tipuri multiple: Cilindrii cu ac\u021biune simpl\u0103 (folosind sistemul hidraulic doar \u00eentr-o singur\u0103 direc\u021bie) sau cu ac\u021biune dubl\u0103 (folosind sistemul hidraulic \u00een ambele direc\u021bii) pot fi selecta\u021bi \u00een func\u021bie de cerin\u021be pentru a satisface diferite nevoi opera\u021bionale. Unele modele sunt telescopice, permi\u021b\u00e2nd o extensie mai mare f\u0103r\u0103 a cre\u0219te dimensiunile exterioare, potrivite pentru aplica\u021bii cu spa\u021biu limitat.<\/li>\n<li>\u00cenlocuitor perfect: Produsul nostru poate \u00eenlocui perfect ace\u0219ti cilindri hidraulici.<\/li>\n<\/ul>\n<p><img decoding=\"async\" src=\"https:\/\/www.hydraulic-cylinders.net\/wp-content\/uploads\/2025\/01\/songte-cylinder-head-with-all-kinds-excavator-models.webp\"><\/p>\n<h2>Scenarii de aplica\u021bii<\/h2>\n<p>Cilindrul cupei pentru excavatorul mic JCB JS220LC poate fi utilizat pe scar\u0103 larg\u0103 \u00een diverse scenarii, inclusiv:<\/p>\n<ul>\n<li>Echipamente de construc\u021bii: \u00cen excavatoare, acestea sunt esen\u021biale pentru s\u0103pare, \u00eenc\u0103rcare \u0219i mutarea solului sau a resturilor. \u00cen buldoexcavatoarele, cilindrii cupei ajut\u0103 at\u00e2t la s\u0103pare, c\u00e2t \u0219i la ridicare. <\/li>\n<li>Ma\u0219ini agricole: utilizate la \u00eenc\u0103rc\u0103toarele frontale pentru a scoate, ridica \u0219i transporta p\u0103m\u00e2nt, f\u00e2n \u0219i alte materiale. <\/li>\n<li>Excavatoare: Cilindrul cupei realizeaz\u0103 ac\u021biunea de excavare permi\u021b\u00e2nd cupei s\u0103 p\u0103trund\u0103 \u00een sol. <\/li>\n<li>\u00cenc\u0103rc\u0103toare: \u00cen \u00eenc\u0103rc\u0103toarele frontale, acestea ajut\u0103 la ridicarea \u0219i \u00eenclinarea eficient\u0103 a m\u0103rfurilor. <\/li>\n<\/ul>\n<h2>Considera\u021bii de proiectare \u0219i criterii de selec\u021bie<\/h2>\n<p>Cilindrul cupei pentru excavatorul mic JCB JS220LC este proiectat pe baza unor considera\u021bii precum capacitatea portant\u0103, performan\u021ba de etan\u0219are, durabilitatea, siguran\u021ba \u0219i mentenan\u021ba. <\/p>\n<ul>\n<li>Capacitate portant\u0103: Cilindrul trebuie s\u0103 fie fabricat din materiale de \u00eenalt\u0103 rezisten\u021b\u0103 \u0219i s\u0103 aib\u0103 o structur\u0103 care s\u0103 poat\u0103 rezista la presiuni ridicate \u0219i sarcini grele.<\/li>\n<li>Performan\u021ba de etan\u0219are: Trebuie utilizate diverse elemente de etan\u0219are, cum ar fi etan\u0219\u0103rile pistonului \u0219i ale tijei, \u0219i trebuie selectate materiale de etan\u0219are precum poliuretanul \u0219i cauciucul nitrilic cu o bun\u0103 rezisten\u021b\u0103 la uzur\u0103. Corpul cilindrului \u0219i suprafe\u021bele filetate ale cap\u0103tului trebuie prelucrate fin pentru a \u00eembun\u0103t\u0103\u021bi rezisten\u021ba la uzur\u0103. <\/li>\n<li>Durabilitate: Cilindrul trebuie proiectat cu materiale \u0219i acoperiri rezistente la coroziune pentru a-i prelungi durata de via\u021b\u0103.<\/li>\n<li>Siguran\u021b\u0103: Butelia trebuie s\u0103 fie echipat\u0103 cu dispozitive de siguran\u021b\u0103, cum ar fi supape de preaplin \u0219i supape de suprapresiune, pentru a preveni accidentele cauzate de presiunea excesiv\u0103. <\/li>\n<li>\u00centre\u021binere: Cilindrul trebuie proiectat pentru a facilita \u00eentre\u021binerea, cum ar fi demontarea \u0219i \u00eenlocuirea u\u0219oar\u0103 a elementelor \u0219i componentelor de etan\u0219are. <\/li>\n<\/ul>\n<p><img decoding=\"async\" src=\"https:\/\/www.hydraulic-cylinders.net\/wp-content\/uploads\/2025\/01\/songte-oil-pipes-and-spare-parts.webp\"><\/p>\n<h2>Etan\u0219are \u0219i lubrifiere<\/h2>\n<p>Cilindrul cupei pentru excavatorul mic JCB JS220LC adopt\u0103 diverse elemente de etan\u0219are pentru a asigura performan\u021ba de etan\u0219are, cum ar fi etan\u0219\u0103ri de piston, etan\u0219\u0103ri de tij\u0103 \u0219i etan\u0219\u0103ri de \u0219terg\u0103tor. Se utilizeaz\u0103 materiale de etan\u0219are cu rezisten\u021b\u0103 bun\u0103 la uzur\u0103, cum ar fi poliuretanul \u0219i cauciucul nitrilic. Corpul cilindrului \u0219i suprafe\u021bele filetate ale cap\u0103tului sunt prelucrate fin pentru a \u00eembun\u0103t\u0103\u021bi rezisten\u021ba la uzur\u0103. Pentru lubrifiere este necesar\u0103 completarea regulat\u0103 cu ulei hidraulic adecvat.<\/p>\n<h2>Inspec\u021bie \u0219i \u00eentre\u021binere preventiv\u0103<\/h2>\n<p>Inspec\u021bia regulat\u0103 \u0219i \u00eentre\u021binerea preventiv\u0103 pot ajuta la prelungirea duratei de via\u021b\u0103 a cilindrului cupei pentru excavatorul mic JCB JS220LC. <\/p>\n<ul>\n<li>Inspec\u021bie regulat\u0103: Inspecta\u021bi periodic cilindrul pentru a depista eventuale deterior\u0103ri, uzur\u0103 \u0219i scurgeri. <\/li>\n<li>Lubrifiere adecvat\u0103: Lubrifia\u021bi corespunz\u0103tor cilindrul pentru a reduce la minimum uzura. <\/li>\n<li>\u00cenlocuirea etan\u0219\u0103rii \u0219i verificarea calibr\u0103rii: \u00cenlocui\u021bi periodic elementele de etan\u0219are \u0219i verifica\u021bi calibrarea pentru a asigura performan\u021ba etan\u0219\u0103rii. <\/li>\n<\/ul>\n<p>\u00cen timpul instal\u0103rii, asigura\u021bi \u00eendrum\u0103ri de aliniere adecvate pentru a v\u0103 asigura c\u0103 cilindrul este instalat corect. Se recomand\u0103 utilizarea consolelor de instalare adecvate pentru fixarea cilindrului. Furniza\u021bi proceduri recomandate de inspec\u021bie, reparare \u0219i \u00eenlocuire pentru a ajuta la prelungirea duratei de via\u021b\u0103 a cilindrului cupei pentru excavatorul mic JCB JS220LC.<\/p>\n<p><img decoding=\"async\" src=\"https:\/\/www.hydraulic-cylinders.net\/wp-content\/uploads\/2025\/01\/songte-chushion-collar.webp\"><\/p>\n<h2>Considera\u021bii de siguran\u021b\u0103 \u0219i factori de mediu<\/h2>\n<p>\u00cen timpul utiliz\u0103rii cilindrului cupei pentru excavatorul mic JCB JS220LC, trebuie luate m\u0103suri de siguran\u021b\u0103, cum ar fi evitarea supra\u00eenc\u0103rc\u0103rii \u0219i a presiunii excesive, pentru a preveni accidentele. Eliminarea corect\u0103 a uleiului hidraulic \u0219i a altor produse reziduale trebuie respectat\u0103 pentru a proteja mediul \u00eenconjur\u0103tor.<\/p>\n<h2>Depanare \u0219i probleme frecvente<\/h2>\n<p>Problemele frecvente ale cilindrului cupei pentru excavatorul mic JCB JS220LC includ deteriorarea, uzura \u0219i scurgerile. Depanarea se poate face prin inspec\u021bia \u0219i \u00eenlocuirea pieselor deteriorate sau uzate. <\/p>\n<h2>Introducerea companiei<\/h2>\n<p>Suntem produc\u0103tori de piese de schimb pentru cilindri hidraulici \u0219i avem o gam\u0103 complet\u0103 de produse. Am devenit unul dintre principalii produc\u0103tori \u0219i distribuitori angro de cilindri hidraulici pe pie\u021bele interne \u0219i externe. Urm\u0103m principiul calit\u0103\u021bii excelente, ne baz\u0103m pe strategia industrializat\u0103 de management al produc\u021biei din ateliere de fabrica\u021bie sofisticate \u0219i \u00eembun\u0103t\u0103\u021bim continuu platforma de fabrica\u021bie a atelierului prin utilizarea talentelor tehnice, a echipamentelor digitale de fabrica\u021bie de ultim\u0103 genera\u021bie \u0219i a sistemelor profesionale de testare, av\u00e2nd o puternic\u0103 capacitate de crea\u021bie. Produsele noastre sunt realizate cu eficien\u021b\u0103 ridicat\u0103, precizie ridicat\u0103 \u0219i calitate superioar\u0103 pentru a satisface nevoile diverse ale clien\u021bilor.<\/p>\n<p><img decoding=\"async\" src=\"https:\/\/hzpt.com\/wp-content\/uploads\/2024\/11\/songte-company-1.webp\"><\/p>\n<h3>Profesionalism:<\/h3>\n<p>Avem talente tehnice profesionale pentru a oferi clien\u021bilor asisten\u021b\u0103 tehnic\u0103 complet\u0103 \u0219i servicii de consultan\u021b\u0103.<\/p>\n<h3>Certificare interna\u021bional\u0103:<\/h3>\n<p>Compania noastr\u0103 a ob\u021binut diverse certific\u0103ri interna\u021bionale, precum ISO9001 \u0219i CE.<\/p>\n<h3>Servicii de personalizare:<\/h3>\n<p>Putem oferi servicii personalizate \u00een func\u021bie de cerin\u021bele speciale ale clien\u021bilor.<\/p>\n<h3>Echipamente de produc\u021bie:<\/h3>\n<p>Dispunem de echipamente de produc\u021bie avansate, cum ar fi ma\u0219ini CNC, sudur\u0103 robotizat\u0103 \u0219i linii de vopsire, pentru a asigura calitatea \u0219i consecven\u021ba produselor.<\/p>\n<h3>Serviciu post-v\u00e2nzare:<\/h3>\n<p>Oferim servicii post-v\u00e2nzare prompte \u0219i eficiente, cum ar fi asisten\u021b\u0103 tehnic\u0103, \u00eentre\u021binere \u0219i repara\u021bii, pentru a asigura satisfac\u021bia clien\u021bilor.<\/p>\n<p><img decoding=\"async\" src=\"https:\/\/www.hydraulic-cylinders.net\/wp-content\/uploads\/2025\/01\/songte-company-3.webp\"><\/p>\n<p>Autor: lyl<\/p>","protected":false},"excerpt":{"rendered":"<p>Bucket Cylinder For JCB Small Excavator JS220LC Introduction The bucket cylinder for JCB small excavator JS220LC is a specially designed hydraulic cylinder, mainly used to control the movement of the bucket in heavy machinery such as excavators, backhoe loaders, and front loaders. Its main function is to enable the bucket to lift, lower, and tilt, [&hellip;]<\/p>","protected":false},"featured_media":14784,"comment_status":"open","ping_status":"closed","template":"","meta":{"_et_pb_use_builder":"","_et_pb_old_content":"","_et_gb_content_width":""},"product_brand":[],"product_cat":[1494],"product_tag":[1495,1496],"class_list":{"0":"post-15196","1":"product","2":"type-product","3":"status-publish","4":"has-post-thumbnail","6":"product_cat-bucket-cylinders","7":"product_tag-bucket-cylinders","8":"product_tag-hydraulic-cylinders","10":"first","11":"instock","12":"shipping-taxable","13":"product-type-simple"},"amp_enabled":true,"_links":{"self":[{"href":"https:\/\/www.hydraulic-cylinders.net\/ro\/wp-json\/wp\/v2\/product\/15196","targetHints":{"allow":["GET"]}}],"collection":[{"href":"https:\/\/www.hydraulic-cylinders.net\/ro\/wp-json\/wp\/v2\/product"}],"about":[{"href":"https:\/\/www.hydraulic-cylinders.net\/ro\/wp-json\/wp\/v2\/types\/product"}],"replies":[{"embeddable":true,"href":"https:\/\/www.hydraulic-cylinders.net\/ro\/wp-json\/wp\/v2\/comments?post=15196"}],"wp:featuredmedia":[{"embeddable":true,"href":"https:\/\/www.hydraulic-cylinders.net\/ro\/wp-json\/wp\/v2\/media\/14784"}],"wp:attachment":[{"href":"https:\/\/www.hydraulic-cylinders.net\/ro\/wp-json\/wp\/v2\/media?parent=15196"}],"wp:term":[{"taxonomy":"product_brand","embeddable":true,"href":"https:\/\/www.hydraulic-cylinders.net\/ro\/wp-json\/wp\/v2\/product_brand?post=15196"},{"taxonomy":"product_cat","embeddable":true,"href":"https:\/\/www.hydraulic-cylinders.net\/ro\/wp-json\/wp\/v2\/product_cat?post=15196"},{"taxonomy":"product_tag","embeddable":true,"href":"https:\/\/www.hydraulic-cylinders.net\/ro\/wp-json\/wp\/v2\/product_tag?post=15196"}],"curies":[{"name":"wp","href":"https:\/\/api.w.org\/{rel}","templated":true}]}}