{"id":15199,"date":"2025-01-19T14:13:43","date_gmt":"2025-01-19T14:13:43","guid":{"rendered":"https:\/\/www.hydraulic-cylinders.net\/product\/bucket-cylinder-for-jcb-small-excavator-js370lc\/"},"modified":"2025-01-19T14:13:45","modified_gmt":"2025-01-19T14:13:45","slug":"bucket-cylinder-for-jcb-small-excavator-js370lc","status":"publish","type":"product","link":"https:\/\/www.hydraulic-cylinders.net\/ro\/produs\/bucket-cylinder-for-jcb-small-excavator-js370lc\/","title":{"rendered":"Cilindru cu cup\u0103 pentru excavatorul mic JCB JS370LC"},"content":{"rendered":"<h1>Cilindru cu cup\u0103 pentru excavatorul mic JCB JS370LC<\/h1>\n<h2>Introducere<\/h2>\n<p>Cilindrul cupei pentru excavatorul mic JCB JS370LC este un cilindru hidraulic special conceput, utilizat pentru a controla mi\u0219carea cupei \u00een utilaje grele, cum ar fi excavatoarele, \u00eenc\u0103rc\u0103toarele frontale \u0219i \u00eenc\u0103rc\u0103toarele de marf\u0103. Func\u021bia sa principal\u0103 este de a permite ridicarea, cobor\u00e2rea \u0219i \u00eenclinarea cupei, facilit\u00e2nd diverse sarcini de manipulare a materialelor. \u00cen sistemul hidraulic, cilindrul cupei realizeaz\u0103 un control precis al cupei prin modific\u0103ri ale presiunii uleiului hidraulic, permi\u021b\u00e2nd operatorilor s\u0103 manipuleze eficient sarcini grele \u0219i s\u0103 se adapteze la medii de lucru complexe \u0219i cerin\u021be diverse ale lucr\u0103rilor.<\/p>\n<p><img decoding=\"async\" src=\"https:\/\/www.hydraulic-cylinders.net\/wp-content\/uploads\/2025\/01\/songte-company-2.webp\" alt=\"Imaginea cilindrului cupei\"><\/p>\n<h2>Caracteristici<\/h2>\n<ul>\n<li>Rezisten\u021b\u0103 \u0219i durabilitate ridicate: Fabricat de obicei din o\u021bel sau aluminiu de \u00eenalt\u0103 rezisten\u021b\u0103, cilindrul cupei este capabil s\u0103 reziste la presiuni ridicate \u0219i sarcini grele, adapt\u00e2ndu-se la medii de lucru dure. Designul s\u0103u ia \u00een considerare rezisten\u021ba la uzur\u0103 \u0219i la coroziune, prelungindu-i durata de via\u021b\u0103.<\/li>\n<li>Func\u021bionare hidraulic\u0103 eficient\u0103: Prin utilizarea presiunii uleiului hidraulic, cilindrul cupei realizeaz\u0103 ac\u021biuni line de extensie \u0219i retragere, permi\u021b\u00e2nd un r\u0103spuns rapid la comenzile de control \u0219i oferind for\u021be puternice de \u00eempingere \u0219i tragere, potrivite pentru manipularea sarcinilor grele \u0219i a sarcinilor complexe.<\/li>\n<li>Diverse tipuri: Cilindrul cupei poate fi selectat ca cilindru cu ac\u021biune simpl\u0103 (utilizat hidraulic \u00eentr-o singur\u0103 direc\u021bie) sau cu ac\u021biune dubl\u0103 (utilizat hidraulic \u00een ambele direc\u021bii), \u00een func\u021bie de cerin\u021be, pentru a satisface diferite nevoi opera\u021bionale. Unele modele sunt telescopice, permi\u021b\u00e2nd o extensie mai mare f\u0103r\u0103 a cre\u0219te dimensiunile exterioare, fiind potrivite pentru aplica\u021bii cu spa\u021biu limitat.<\/li>\n<\/ul>\n<p><img decoding=\"async\" src=\"https:\/\/www.hydraulic-cylinders.net\/wp-content\/uploads\/2025\/01\/songte-cylinder-head-with-all-kinds-excavator-models.webp\" alt=\"Imaginea aplica\u021biei cilindrului cupei\"><\/p>\n<h2>Aplica\u021bii<\/h2>\n<p>Cilindrul cupei pentru excavatorul mic JCB JS370LC \u00ee\u0219i g\u0103se\u0219te aplica\u021bia \u00een diverse tipuri de echipamente, cum ar fi:<\/p>\n<ul>\n<li>Echipamente de construc\u021bii: \u00cen excavatoare, acestea sunt esen\u021biale pentru excavare, \u00eenc\u0103rcare \u0219i mutarea solului sau a molozului. \u00cen buldoexcavatoarele, cilindrul cupei ajut\u0103 at\u00e2t la excavare, c\u00e2t \u0219i la ridicare.<\/li>\n<li>Ma\u0219ini agricole: utilizate la \u00eenc\u0103rc\u0103toarele frontale pentru scobere, ridicare \u0219i transportul solului, f\u00e2nului \u0219i altor materiale.<\/li>\n<li>Excavatoare: Cilindrul cupei permite ac\u021biunile de s\u0103pare permi\u021b\u00e2nd cupei s\u0103 p\u0103trund\u0103 \u00een sol.<\/li>\n<li>\u00cenc\u0103rc\u0103toare: \u00cen cazul \u00eenc\u0103rc\u0103toarelor frontale, acestea ajut\u0103 la desc\u0103rcarea \u0219i \u00eenclinarea eficient\u0103 a m\u0103rfurilor.<\/li>\n<\/ul>\n<h2>Considera\u021bii de proiectare \u0219i criterii de selec\u021bie<\/h2>\n<p>La proiectarea cilindrului cupei, se iau \u00een considerare mai mul\u021bi factori:<\/p>\n<ul>\n<li>Capacitate portant\u0103: Designul cilindrului asigur\u0103 c\u0103 acesta poate suporta sarcinile \u0219i presiunile a\u0219teptate.<\/li>\n<li>Etan\u0219are: Diverse tipuri de etan\u0219\u0103ri, cum ar fi etan\u0219\u0103rile pistonului \u0219i etan\u0219\u0103rile tijei, sunt utilizate pentru a men\u021bine o etan\u0219are eficient\u0103. Pentru etan\u0219\u0103ri se aleg poliuretan, cauciuc nitrilic \u0219i alte materiale rezistente la uzur\u0103.<\/li>\n<li>Durabilitate: Corpul cilindrului \u0219i capetele filetate sunt tratate fin pentru a spori rezisten\u021ba la uzur\u0103.<\/li>\n<li>Siguran\u021b\u0103: Designul include elemente de siguran\u021b\u0103 pentru prevenirea accidentelor \u0219i asigurarea siguran\u021bei operatorului.<\/li>\n<li>\u00centre\u021binere: Se acord\u0103 aten\u021bie u\u0219urin\u021bei \u00een \u00eentre\u021binere \u0219i reparare, cu utilizarea de piese \u00eenlocuibile \u0219i servicii de reconstruc\u021bie.<\/li>\n<\/ul>\n<p><img decoding=\"async\" src=\"https:\/\/www.hydraulic-cylinders.net\/wp-content\/uploads\/2025\/01\/songte-oil-pipes-and-spare-parts.webp\" alt=\"Imaginea pieselor cilindrului cupei\"><\/p>\n<h2>Etan\u0219are \u0219i lubrifiere<\/h2>\n<p>Cilindrul cupei utilizeaz\u0103 diverse garnituri, cum ar fi garnituri de piston \u0219i garnituri de tij\u0103, fabricate din materiale rezistente la uzur\u0103, cum ar fi poliuretanul \u0219i cauciucul nitrilic. Corpul cilindrului \u0219i capetele filetate sunt tratate fin pentru a \u00eembun\u0103t\u0103\u021bi rezisten\u021ba la uzur\u0103. Lubrifierea regulat\u0103 cu o cantitate adecvat\u0103 de ulei hidraulic este necesar\u0103 pentru a asigura o func\u021bionare f\u0103r\u0103 probleme.<\/p>\n<h2>Inspec\u021bie regulat\u0103 \u0219i \u00eentre\u021binere preventiv\u0103<\/h2>\n<p>Pentru a men\u021bine func\u021bionarea corect\u0103 a cilindrului cupei, trebuie efectuate inspec\u021bii regulate \u0219i \u00eentre\u021binere preventiv\u0103. Se recomand\u0103 urm\u0103toarele m\u0103suri:<\/p>\n<ul>\n<li>Inspecta\u021bi periodic cilindrul pentru a depista orice semne de uzur\u0103, scurgeri sau deteriorare.<\/li>\n<li>Asigura\u021bi lubrifierea corespunz\u0103toare a tuturor pieselor mobile.<\/li>\n<li>\u00cenlocui\u021bi garniturile ori de c\u00e2te ori este necesar pentru a men\u021bine o etan\u0219are eficient\u0103.<\/li>\n<li>Efectua\u021bi verific\u0103ri de calibrare pentru a asigura o func\u021bionare corect\u0103.<\/li>\n<\/ul>\n<p><img decoding=\"async\" src=\"https:\/\/www.hydraulic-cylinders.net\/wp-content\/uploads\/2025\/01\/songte-chushion-collar.webp\" alt=\"Imagine de \u00eentre\u021binere a cilindrului cupei\"><\/p>\n<h2>Considera\u021bii de siguran\u021b\u0103 \u0219i factori de mediu<\/h2>\n<p>C\u00e2nd utiliza\u021bi cilindrul cupei, este important s\u0103 respecta\u021bi m\u0103surile de siguran\u021b\u0103 pentru a preveni accidentele \u0219i a asigura siguran\u021ba operatorului. Factorii de mediu, cum ar fi temperatura \u0219i umiditatea, trebuie, de asemenea, lua\u021bi \u00een considerare pentru a asigura performan\u021ba optim\u0103 \u0219i longevitatea cilindrului.<\/p>\n<h2>Diagnosticarea defec\u021biunilor \u0219i probleme frecvente<\/h2>\n<p>\u00cen caz de defec\u021biune, este important s\u0103 diagnostica\u021bi \u0219i s\u0103 remedia\u021bi problema prompt. Problemele frecvente care pot ap\u0103rea includ scurgeri, performan\u021b\u0103 redus\u0103 \u0219i zgomot anormal. Urm\u0103toarele sfaturi \u0219i solu\u021bii pot ajuta la diagnosticarea \u0219i rezolvarea eficient\u0103 a problemelor:<\/p>\n<ul>\n<li>Verifica\u021bi periodic dac\u0103 exist\u0103 semne de scurgeri \u0219i remedia\u021bi-le prompt.<\/li>\n<li>Inspecta\u021bi cilindrul pentru performan\u021be reduse, cum ar fi extensia sau retragerea lent\u0103, \u0219i identifica\u021bi cauza principal\u0103.<\/li>\n<li>Dac\u0103 se detecteaz\u0103 un zgomot anormal, investiga\u021bi \u0219i rezolva\u021bi problema subiacent\u0103.<\/li>\n<li>Implementa\u021bi m\u0103suri preventive pentru a minimiza poten\u021bialele probleme.<\/li>\n<\/ul>\n<p><img decoding=\"async\" src=\"https:\/\/www.hydraulic-cylinders.net\/wp-content\/uploads\/2025\/01\/songte-bushings-with-all-kinds-of-excavator-models.webp\" alt=\"Imagine de depanare a cilindrului cupei\"><\/p>\n<p>Nu uita s\u0103 organizezi articolul logic, s\u0103 folose\u0219ti subtitluri pentru o navigare u\u0219oar\u0103, s\u0103 incluzi imagini sau diagrame relevante pentru o \u00een\u021belegere mai bun\u0103 \u0219i s\u0103 te asiguri c\u0103 respectivul con\u021binut este clar, concis \u0219i potrivit pentru cititorii cu diverse niveluri de cuno\u0219tin\u021be tehnice.<\/p>\n<h2>Despre compania noastr\u0103<\/h2>\n<p>Compania noastr\u0103 este produc\u0103tor de cilindri hidraulici de schimb \u0219i este unul dintre principalii produc\u0103tori \u0219i distribuitori angro pe pie\u021bele interne \u0219i interna\u021bionale. Ader\u0103m la principiile excelen\u021bei \u00een calitate \u0219i ne baz\u0103m pe strategii industrializate de management al produc\u021biei \u00een atelierele noastre de fabrica\u021bie rafinate. Prin utilizarea talentelor tehnologice, a echipamentelor de fabrica\u021bie digitalizate de ultim\u0103 genera\u021bie \u0219i a sistemelor profesionale de testare, ne \u00eembun\u0103t\u0103\u021bim continuu platforma de fabrica\u021bie, perfec\u021bion\u0103m ruta de produc\u021bie pentru calitatea produselor \u0219i avem capacit\u0103\u021bi puternice de inovare. Ne propunem s\u0103 satisfacem diversele nevoi ale clien\u021bilor cu eficien\u021b\u0103, precizie \u0219i calitate ridicate.<\/p>\n<p><img decoding=\"async\" src=\"https:\/\/hzpt.com\/wp-content\/uploads\/2024\/11\/songte-company-1.webp\" alt=\"Imaginea companiei\"><\/p>\n<h3>Profesionalism<\/h3>\n<p>\u00cen calitate de exper\u021bi \u00een cilindri hidraulici, ne angaj\u0103m s\u0103 livr\u0103m produse \u0219i servicii la cele mai \u00eenalte standarde profesionale.<\/p>\n<h3>Certific\u0103ri interna\u021bionale<\/h3>\n<p>Produsele noastre \u00eendeplinesc certific\u0103ri \u0219i standarde interna\u021bionale, asigur\u00e2ndu-le calitatea \u0219i fiabilitatea.<\/p>\n<h3>Servicii de personalizare<\/h3>\n<p>Oferim servicii de personalizare pentru a satisface cerin\u021bele specifice ale clien\u021bilor no\u0219tri, oferind solu\u021bii personalizate.<\/p>\n<h3>Echipamente avansate de produc\u021bie<\/h3>\n<p>Dispunem de echipamente de produc\u021bie avansate pentru a asigura precizia \u0219i calitatea cilindrilor no\u0219tri hidraulici.<\/p>\n<h3>Serviciu post-v\u00e2nzare<\/h3>\n<p>Oferim servicii complete post-v\u00e2nzare, oferind piese de schimb \u0219i servicii de reconstruc\u021bie pentru a prelungi durata de via\u021b\u0103 a cilindrilor no\u0219tri hidraulici.<\/p>\n<p><img decoding=\"async\" src=\"https:\/\/www.hydraulic-cylinders.net\/wp-content\/uploads\/2025\/01\/songte-company-3.webp\" alt=\"Imaginea companiei\"><\/p>\n<p>Autor: lyl<\/p>","protected":false},"excerpt":{"rendered":"<p>Bucket Cylinder For JCB Small Excavator JS370LC Introduction The bucket cylinder for JCB small excavator JS370LC is a specially designed hydraulic cylinder that is used to control the movement of the bucket in heavy machinery such as excavators, backhoe loaders, and front loaders. Its main function is to allow the bucket to be lifted, lowered, [&hellip;]<\/p>","protected":false},"featured_media":14778,"comment_status":"open","ping_status":"closed","template":"","meta":{"_et_pb_use_builder":"","_et_pb_old_content":"","_et_gb_content_width":""},"product_brand":[],"product_cat":[1494],"product_tag":[1495,1496],"class_list":{"0":"post-15199","1":"product","2":"type-product","3":"status-publish","4":"has-post-thumbnail","6":"product_cat-bucket-cylinders","7":"product_tag-bucket-cylinders","8":"product_tag-hydraulic-cylinders","10":"first","11":"instock","12":"shipping-taxable","13":"product-type-simple"},"amp_enabled":true,"_links":{"self":[{"href":"https:\/\/www.hydraulic-cylinders.net\/ro\/wp-json\/wp\/v2\/product\/15199","targetHints":{"allow":["GET"]}}],"collection":[{"href":"https:\/\/www.hydraulic-cylinders.net\/ro\/wp-json\/wp\/v2\/product"}],"about":[{"href":"https:\/\/www.hydraulic-cylinders.net\/ro\/wp-json\/wp\/v2\/types\/product"}],"replies":[{"embeddable":true,"href":"https:\/\/www.hydraulic-cylinders.net\/ro\/wp-json\/wp\/v2\/comments?post=15199"}],"wp:featuredmedia":[{"embeddable":true,"href":"https:\/\/www.hydraulic-cylinders.net\/ro\/wp-json\/wp\/v2\/media\/14778"}],"wp:attachment":[{"href":"https:\/\/www.hydraulic-cylinders.net\/ro\/wp-json\/wp\/v2\/media?parent=15199"}],"wp:term":[{"taxonomy":"product_brand","embeddable":true,"href":"https:\/\/www.hydraulic-cylinders.net\/ro\/wp-json\/wp\/v2\/product_brand?post=15199"},{"taxonomy":"product_cat","embeddable":true,"href":"https:\/\/www.hydraulic-cylinders.net\/ro\/wp-json\/wp\/v2\/product_cat?post=15199"},{"taxonomy":"product_tag","embeddable":true,"href":"https:\/\/www.hydraulic-cylinders.net\/ro\/wp-json\/wp\/v2\/product_tag?post=15199"}],"curies":[{"name":"wp","href":"https:\/\/api.w.org\/{rel}","templated":true}]}}