{"id":15201,"date":"2025-01-19T14:13:56","date_gmt":"2025-01-19T14:13:56","guid":{"rendered":"https:\/\/www.hydraulic-cylinders.net\/product\/bucket-cylinder-for-caterpillar-small-excavator-e302-4d\/"},"modified":"2025-01-19T14:13:58","modified_gmt":"2025-01-19T14:13:58","slug":"bucket-cylinder-for-caterpillar-small-excavator-e302-4d","status":"publish","type":"product","link":"https:\/\/www.hydraulic-cylinders.net\/ro\/produs\/bucket-cylinder-for-caterpillar-small-excavator-e302-4d\/","title":{"rendered":"Cilindru cu cup\u0103 pentru excavatorul mic Caterpillar E302.4D"},"content":{"rendered":"<h1>Cilindru cu cup\u0103 pentru excavatorul mic Caterpillar E302.4D<\/h1>\n<h2>Introducere<\/h2>\n<p>Un cilindru al cupei este un cilindru hidraulic special conceput, utilizat \u00een principal pentru a controla mi\u0219carea cupei \u00een utilaje grele, cum ar fi excavatoarele, \u00eenc\u0103rc\u0103toarele excavatoare \u0219i \u00eenc\u0103rc\u0103toarele frontale. Func\u021bia sa principal\u0103 este de a permite ridicarea, cobor\u00e2rea \u0219i \u00eenclinarea cupei pentru a facilita diverse sarcini de manipulare a materialelor. \u00cen sistemul hidraulic, cilindrul cupei realizeaz\u0103 un control precis al mi\u0219c\u0103rii cupei prin modificarea presiunii uleiului hidraulic, permi\u021b\u00e2nd operatorilor s\u0103 manipuleze eficient sarcini grele \u0219i s\u0103 se adapteze la medii de lucru complexe \u0219i nevoi opera\u021bionale diverse.<\/p>\n<p><img decoding=\"async\" src=\"https:\/\/www.hydraulic-cylinders.net\/wp-content\/uploads\/2025\/01\/songte-company-2.webp\" alt=\"Imaginea cilindrului cupei\"><\/p>\n<h2>Caracteristici<\/h2>\n<ul>\n<li>\n<h3>Rezisten\u021b\u0103 \u0219i durabilitate ridicate<\/h3>\n<p>Cilindrii cu cup\u0103 sunt de obicei fabrica\u021bi din o\u021bel sau aluminiu de \u00eenalt\u0103 rezisten\u021b\u0103, care pot rezista la presiuni ridicate \u0219i sarcini grele, ceea ce \u00eei face potrivi\u021bi pentru medii de lucru dure. Designul ia \u00een considerare \u0219i rezisten\u021ba la uzur\u0103 \u0219i la coroziune, ceea ce le prelunge\u0219te durata de via\u021b\u0103.<\/p>\n<\/li>\n<li>\n<h3>Func\u021bionare hidraulic\u0103 eficient\u0103<\/h3>\n<p>Cilindrii cupei utilizeaz\u0103 presiunea uleiului hidraulic pentru a ob\u021bine o extensie \u0219i o retragere lin\u0103, permi\u021b\u00e2nd un r\u0103spuns rapid la comenzile de control \u0219i oferind o for\u021b\u0103 puternic\u0103 de \u00eempingere \u0219i tragere, ceea ce \u00eei face potrivi\u021bi pentru manipularea sarcinilor grele \u0219i a sarcinilor opera\u021bionale complexe.<\/p>\n<\/li>\n<li>\n<h3>Diverse tipuri<\/h3>\n<p>Cilindrii cupei pot fi selecta\u021bi ca cilindri cu ac\u021biune simpl\u0103 (utiliza\u021bi hidraulic \u00eentr-o singur\u0103 direc\u021bie) sau cu ac\u021biune dubl\u0103 (utiliza\u021bi hidraulic \u00een dou\u0103 direc\u021bii) \u00een func\u021bie de cerin\u021be, iar unele modele sunt telescopice, permi\u021b\u00e2nd o extensie mai mare f\u0103r\u0103 a cre\u0219te dimensiunile exterioare, ceea ce le face potrivite pentru aplica\u021bii cu spa\u021biu limitat.<\/p>\n<\/li>\n<li>\n<h3>Disponibilitatea produsului<\/h3>\n<p>Cilindrii no\u0219tri hidraulici pot \u00eenlocui perfect ace\u0219ti cilindri hidraulici, oferind diverse modele \u0219i tipuri de cilindri hidraulici din care clien\u021bii pot alege.<\/p>\n<\/li>\n<\/ul>\n<p><img decoding=\"async\" src=\"https:\/\/www.hydraulic-cylinders.net\/wp-content\/uploads\/2025\/01\/songte-cylinder-head-with-all-kinds-excavator-models.webp\" alt=\"Imagine de \u00eenlocuire a cilindrului cupei\"><\/p>\n<h2>Aplica\u021bii<\/h2>\n<p>Cilindrii cupei joac\u0103 un rol crucial \u00een diverse tipuri de utilaje grele, cum ar fi:<\/p>\n<ul>\n<li>\n<h3>Echipamente de construc\u021bii<\/h3>\n<p>Sunt vitale pentru excavatoare pentru a s\u0103pa, \u00eenc\u0103rca \u0219i muta sol sau resturi. La \u00eenc\u0103rc\u0103toarele portabile, cilindrul cupei ajut\u0103 at\u00e2t la s\u0103pare, c\u00e2t \u0219i la ridicare. <\/p>\n<\/li>\n<li>\n<h3>Ma\u0219ini agricole<\/h3>\n<p>Acestea sunt utilizate \u00een \u00eenc\u0103rc\u0103toarele frontale pentru a scoate, ridica \u0219i transporta p\u0103m\u00e2nt, f\u00e2n \u0219i alte materiale. La excavatoare, cilindrul cupei permite ac\u021biunea de s\u0103pare permi\u021b\u00e2nd cupei s\u0103 p\u0103trund\u0103 \u00een sol. La \u00eenc\u0103rc\u0103toarele frontale, acestea ajut\u0103 la ridicarea \u0219i desc\u0103rcarea eficient\u0103 a m\u0103rfurilor.<\/p>\n<\/li>\n<\/ul>\n<h2>Considera\u021bii de proiectare \u0219i standarde de selec\u021bie<\/h2>\n<p>Cilindrii cu cup\u0103 sunt proiecta\u021bi av\u00e2nd \u00een vedere mai mul\u021bi factori cheie, cum ar fi:<\/p>\n<ul>\n<li>\n<h3>Capacitate portant\u0103<\/h3>\n<p>Cilindrii cupei sunt fabrica\u021bi din materiale de \u00eenalt\u0103 rezisten\u021b\u0103 \u0219i sunt proiecta\u021bi s\u0103 reziste la sarcini grele \u0219i presiuni ridicate.<\/p>\n<\/li>\n<li>\n<h3>Sigilare<\/h3>\n<p>Diverse componente de etan\u0219are, cum ar fi etan\u0219\u0103rile pistonului \u0219i etan\u0219\u0103rile tijei, sunt fabricate din materiale rezistente la uzur\u0103 pentru a asigura o durat\u0103 lung\u0103 de via\u021b\u0103. Corpurile cilindrilor \u0219i suprafe\u021bele capetelor filetate sunt prelucrate fin pentru a spori rezisten\u021ba la uzur\u0103.<\/p>\n<\/li>\n<li>\n<h3>Durabilitate \u0219i siguran\u021b\u0103<\/h3>\n<p>Cilindrii cupei sunt supu\u0219i unui control riguros al calit\u0103\u021bii pentru a se asigura c\u0103 respect\u0103 standardele industriei \u0219i c\u0103 sunt siguri \u00een utilizare. Ace\u0219tia sunt proiecta\u021bi pentru a fi u\u0219or de \u00eentre\u021binut \u0219i reparat, pentru a asigura o durat\u0103 lung\u0103 de via\u021b\u0103.<\/p>\n<\/li>\n<\/ul>\n<p><img decoding=\"async\" src=\"https:\/\/www.hydraulic-cylinders.net\/wp-content\/uploads\/2025\/01\/songte-oil-pipes-and-spare-parts.webp\" alt=\"Imaginea pieselor cilindrului cupei\"><\/p>\n<h2>Etan\u0219are \u0219i lubrifiere<\/h2>\n<p>Cilindrii cu cup\u0103 utilizeaz\u0103 diverse tipuri de etan\u0219\u0103ri, cum ar fi etan\u0219\u0103ri de piston \u0219i etan\u0219\u0103ri de tij\u0103, fabricate din materiale rezistente la uzur\u0103, cum ar fi poliuretanul \u0219i cauciucul nitrilic. Corpurile cilindrilor \u0219i suprafe\u021bele capetelor filetate sunt prelucrate fin pentru a spori rezisten\u021ba la uzur\u0103. Este important s\u0103 se adauge \u00een mod regulat ulei hidraulic adecvat pentru a men\u021bine cilindrul lubrifiat.<\/p>\n<h2>\u00centre\u021binere periodic\u0103 \u0219i m\u0103suri preventive<\/h2>\n<p>\u00centre\u021binerea corespunz\u0103toare este vital\u0103 pentru a asigura longevitatea \u0219i performan\u021ba optim\u0103 a cilindrilor cupei. Sarcinile comune de \u00eentre\u021binere includ:<\/p>\n<ul>\n<li>\n<h3>Inspec\u021bie regulat\u0103<\/h3>\n<p>Inspec\u021biile regulate ajut\u0103 la identificarea poten\u021bialelor probleme \u0219i la prevenirea daunelor majore \u00eenainte ca acestea s\u0103 se produc\u0103.<\/p>\n<\/li>\n<li>\n<h3>Lubrifiere<\/h3>\n<p>Lubrifierea regulat\u0103 este necesar\u0103 pentru ca cilindrul s\u0103 func\u021bioneze f\u0103r\u0103 probleme.<\/p>\n<\/li>\n<li>\n<h3>\u00cenlocuirea garniturii \u0219i verificarea calibr\u0103rii<\/h3>\n<p>\u00cenlocuirea regulat\u0103 a garniturilor uzate \u0219i verific\u0103rile de calibrare ajut\u0103 la men\u021binerea performan\u021bei optime.<\/p>\n<\/li>\n<\/ul>\n<p><img decoding=\"async\" src=\"https:\/\/www.hydraulic-cylinders.net\/wp-content\/uploads\/2025\/01\/songte-chushion-collar.webp\" alt=\"Imagine de \u00eentre\u021binere a cilindrului cupei\"><\/p>\n<h2>Considera\u021bii de siguran\u021b\u0103 \u0219i factori de mediu<\/h2>\n<p>Cilindrii cupei sunt proiecta\u021bi pentru a fi siguri \u00een utilizare \u0219i trebuie luate m\u0103suri de siguran\u021b\u0103 adecvate la operarea utilajelor grele. Factorii de mediu, cum ar fi temperatura \u0219i umiditatea, pot afecta performan\u021ba cilindrilor cupei \u0219i trebuie luate m\u0103suri adecvate pentru a asigura performan\u021ba lor optim\u0103 \u00een diverse condi\u021bii de mediu.<\/p>\n<h2>Diagnosticarea defec\u021biunilor \u0219i probleme frecvente<\/h2>\n<p>Problemele frecvente ale cilindrilor cupei includ scurgeri, deteriorarea garniturilor \u0219i func\u021bionarea necorespunz\u0103toare. Inspec\u021bia \u0219i \u00eentre\u021binerea regulat\u0103 pot ajuta la prevenirea apari\u021biei acestor probleme. Dac\u0103 apare o problem\u0103, diagnosticarea corect\u0103 este esen\u021bial\u0103, iar solu\u021biile comune includ repararea sau \u00eenlocuirea componentelor deteriorate.<\/p>\n<p><img decoding=\"async\" src=\"https:\/\/www.hydraulic-cylinders.net\/wp-content\/uploads\/2025\/01\/songte-bushings-with-all-kinds-of-excavator-models.webp\" alt=\"Imagine cu problema cilindrului cupei\"><\/p>\n<h2>Despre compania noastr\u0103<\/h2>\n<p>Suntem un produc\u0103tor \u0219i distribuitor angro de top de cilindri hidraulici, oferind o gam\u0103 complet\u0103 de produse pie\u021belor interne \u0219i interna\u021bionale. Compania noastr\u0103 ader\u0103 la o strategie de management al produc\u021biei industrializate bazat\u0103 pe o calitate excelent\u0103, baz\u00e2ndu-se pe un atelier de fabrica\u021bie sofisticat, talent tehnic, echipamente digitale de produc\u021bie de ultim\u0103 genera\u021bie, precum \u0219i sisteme profesionale de testare pentru a \u00eembun\u0103t\u0103\u021bi continuu platforma noastr\u0103 de fabrica\u021bie, a perfec\u021biona ruta de produc\u021bie a calit\u0103\u021bii produselor noastre \u0219i a poseda o puternic\u0103 capacitate de inovare. Ne angaj\u0103m s\u0103 satisfacem nevoile diverse ale clien\u021bilor no\u0219tri cu eficien\u021b\u0103, precizie \u0219i calitate ridicate.<\/p>\n<p><img decoding=\"async\" src=\"https:\/\/hzpt.com\/wp-content\/uploads\/2024\/11\/songte-company-1.webp\" alt=\"Imaginea companiei\"><\/p>\n<h3>Profesionalism<\/h3>\n<p>Ne angaj\u0103m s\u0103 oferim clien\u021bilor no\u0219tri consultan\u021b\u0103 \u0219i solu\u021bii profesionale, asigur\u00e2ndu-ne c\u0103 ace\u0219tia primesc produsul potrivit nevoilor lor specifice.<\/p>\n<h3>Certificare interna\u021bional\u0103<\/h3>\n<p>Produsele noastre sunt certificate pentru a \u00eendeplini standardele interna\u021bionale, asigur\u00e2ndu-se c\u0103 acestea satisfac nevoile pie\u021bei globale.<\/p>\n<h3>Serviciu de personalizare<\/h3>\n<p>Oferim servicii personalizate pentru a satisface nevoile individuale ale clien\u021bilor, asigur\u00e2ndu-ne c\u0103 ace\u0219tia primesc un produs care s\u0103 le corespund\u0103 cerin\u021bele unice.<\/p>\n<h3>Echipamente de produc\u021bie<\/h3>\n<p>Atelierele noastre de produc\u021bie sunt dotate cu utilaje de ultim\u0103 genera\u021bie pentru a asigura o produc\u021bie de \u00eenalt\u0103 calitate a cilindrilor no\u0219tri hidraulici.<\/p>\n<h3>Serviciu post-v\u00e2nzare<\/h3>\n<p>Oferim un serviciu complet post-v\u00e2nzare pentru a ne asigura c\u0103 clien\u021bii no\u0219tri primesc asisten\u021ba de care au nevoie pe toat\u0103 durata de via\u021b\u0103 a cilindrului lor hidraulic.<\/p>\n<h4>Autor: lyl<\/h4>","protected":false},"excerpt":{"rendered":"<p>Bucket Cylinder For Caterpillar Small Excavator E302.4D Introduction A bucket cylinder is a specially designed hydraulic cylinder mainly used to control the movement of the bucket in heavy machinery such as excavators, backhoe loaders, and front loaders. Its main function is to enable the bucket to lift, lower and tilt to facilitate various material handling [&hellip;]<\/p>","protected":false},"featured_media":14773,"comment_status":"open","ping_status":"closed","template":"","meta":{"_et_pb_use_builder":"","_et_pb_old_content":"","_et_gb_content_width":""},"product_brand":[],"product_cat":[1494],"product_tag":[1495,1496],"class_list":{"0":"post-15201","1":"product","2":"type-product","3":"status-publish","4":"has-post-thumbnail","6":"product_cat-bucket-cylinders","7":"product_tag-bucket-cylinders","8":"product_tag-hydraulic-cylinders","10":"first","11":"instock","12":"shipping-taxable","13":"product-type-simple"},"amp_enabled":true,"_links":{"self":[{"href":"https:\/\/www.hydraulic-cylinders.net\/ro\/wp-json\/wp\/v2\/product\/15201","targetHints":{"allow":["GET"]}}],"collection":[{"href":"https:\/\/www.hydraulic-cylinders.net\/ro\/wp-json\/wp\/v2\/product"}],"about":[{"href":"https:\/\/www.hydraulic-cylinders.net\/ro\/wp-json\/wp\/v2\/types\/product"}],"replies":[{"embeddable":true,"href":"https:\/\/www.hydraulic-cylinders.net\/ro\/wp-json\/wp\/v2\/comments?post=15201"}],"wp:featuredmedia":[{"embeddable":true,"href":"https:\/\/www.hydraulic-cylinders.net\/ro\/wp-json\/wp\/v2\/media\/14773"}],"wp:attachment":[{"href":"https:\/\/www.hydraulic-cylinders.net\/ro\/wp-json\/wp\/v2\/media?parent=15201"}],"wp:term":[{"taxonomy":"product_brand","embeddable":true,"href":"https:\/\/www.hydraulic-cylinders.net\/ro\/wp-json\/wp\/v2\/product_brand?post=15201"},{"taxonomy":"product_cat","embeddable":true,"href":"https:\/\/www.hydraulic-cylinders.net\/ro\/wp-json\/wp\/v2\/product_cat?post=15201"},{"taxonomy":"product_tag","embeddable":true,"href":"https:\/\/www.hydraulic-cylinders.net\/ro\/wp-json\/wp\/v2\/product_tag?post=15201"}],"curies":[{"name":"wp","href":"https:\/\/api.w.org\/{rel}","templated":true}]}}