{"id":15207,"date":"2025-01-19T14:14:21","date_gmt":"2025-01-19T14:14:21","guid":{"rendered":"https:\/\/www.hydraulic-cylinders.net\/product\/bucket-cylinder-for-caterpillar-small-excavator-e302-7dcr\/"},"modified":"2025-01-19T14:14:23","modified_gmt":"2025-01-19T14:14:23","slug":"bucket-cylinder-for-caterpillar-small-excavator-e302-7dcr","status":"publish","type":"product","link":"https:\/\/www.hydraulic-cylinders.net\/ro\/produs\/bucket-cylinder-for-caterpillar-small-excavator-e302-7dcr\/","title":{"rendered":"Cilindru cu cup\u0103 pentru excavatorul mic Caterpillar E302.7DCR"},"content":{"rendered":"<h1>Cilindru cu cup\u0103 pentru excavatorul mic Caterpillar E302.7DCR<\/h1>\n<h2>Introducere<\/h2>\n<p>Un cilindru al cupei este un cilindru hidraulic special conceput pentru a controla mi\u0219carea cupei \u00een utilaje grele, cum ar fi excavatoarele, \u00eenc\u0103rc\u0103toarele excavatoare \u0219i \u00eenc\u0103rc\u0103toarele frontale. Func\u021bia sa principal\u0103 este de a permite ridicarea, cobor\u00e2rea \u0219i \u00eenclinarea cupei, facilit\u00e2nd gestionarea diverselor sarcini de manipulare a materialelor. \u00cen sistemul hidraulic, cilindrul cupei controleaz\u0103 mi\u0219carea precis\u0103 a cupei prin modific\u0103ri ale presiunii uleiului hidraulic, permi\u021b\u00e2nd operatorilor s\u0103 manipuleze eficient sarcini grele \u0219i s\u0103 se adapteze la medii de lucru complexe \u0219i nevoi opera\u021bionale diverse.<\/p>\n<p><img decoding=\"async\" src=\"https:\/\/www.hydraulic-cylinders.net\/wp-content\/uploads\/2025\/01\/songte-company-2.webp\"><\/p>\n<h2>Caracteristici<\/h2>\n<ul>\n<li>Rezisten\u021b\u0103 \u0219i durabilitate ridicate: Fabricate de obicei din o\u021bel sau aluminiu de \u00eenalt\u0103 rezisten\u021b\u0103, pot rezista la presiuni ridicate \u0219i sarcini grele, adapt\u00e2ndu-se la medii de lucru dure. Proiectate av\u00e2nd \u00een vedere rezisten\u021ba la uzur\u0103 \u0219i la coroziune, pot prelungi durata de via\u021b\u0103.<\/li>\n<li>Func\u021bionare hidraulic\u0103 eficient\u0103: Utilizeaz\u0103 presiunea uleiului hidraulic pentru a ob\u021bine mi\u0219c\u0103ri line de extensie \u0219i contrac\u021bie, capabil s\u0103 r\u0103spund\u0103 rapid la comenzile de control, oferind for\u021be puternice de \u00eempingere \u0219i tragere, potrivite pentru manipularea sarcinilor grele \u0219i a sarcinilor opera\u021bionale complexe.<\/li>\n<li>Diverse tipuri: Se pot alege cilindri cu ac\u021biune simpl\u0103 (hidraulic utilizat \u00eentr-o singur\u0103 direc\u021bie) sau cu ac\u021biune dubl\u0103 (hidraulic utilizat \u00een ambele direc\u021bii), dup\u0103 cum este necesar, pentru a satisface diferite nevoi opera\u021bionale. Unele modele sunt telescopice, permi\u021b\u00e2nd o extensie mai mare f\u0103r\u0103 a cre\u0219te dimensiunile exterioare, potrivite pentru aplica\u021bii cu spa\u021biu limitat.<\/li>\n<li>\u00cenlocuibil: Produsele noastre pot \u00eenlocui perfect ace\u0219ti cilindri hidraulici.<\/li>\n<\/ul>\n<p><img decoding=\"async\" src=\"https:\/\/www.hydraulic-cylinders.net\/wp-content\/uploads\/2025\/01\/songte-cylinder-head-with-all-kinds-excavator-models.webp\"><\/p>\n<h2>Aplica\u021bii<\/h2>\n<h3>Echipamente de construc\u021bii<\/h3>\n<p>\u00cen excavatoare, acestea sunt esen\u021biale pentru excavare, \u00eenc\u0103rcare \u0219i mi\u0219carea solului sau a resturilor. La \u00eenc\u0103rc\u0103toarele excavatoare, cilindrii cupei ajut\u0103 at\u00e2t la excavare, c\u00e2t \u0219i la ridicare. La \u00eenc\u0103rc\u0103toarele frontale, acestea ajut\u0103 la ridicare \u0219i \u00eenclinare pentru a desc\u0103rca eficient m\u0103rfurile.<\/p>\n<h3>Ma\u0219ini agricole<\/h3>\n<p>Folosit la \u00eenc\u0103rc\u0103toarele frontale pentru scobere, ridicare \u0219i transportul solului, f\u00e2nului \u0219i altor materiale. La excavatoare, cilindrul cupei permite s\u0103parea permi\u021b\u00e2nd cupei s\u0103 p\u0103trund\u0103 \u00een sol. La \u00eenc\u0103rc\u0103toare, acestea ajut\u0103 la ridicarea \u0219i desc\u0103rcarea eficient\u0103 a m\u0103rfurilor.<\/p>\n<p><img decoding=\"async\" src=\"https:\/\/www.hydraulic-cylinders.net\/wp-content\/uploads\/2025\/01\/songte-chushion-collar.webp\"><\/p>\n<h2>Considera\u021bii de proiectare \u0219i criterii de selec\u021bie<\/h2>\n<ul>\n<li>Capacitate portant\u0103: Determina\u021bi sarcina maxim\u0103 pe care trebuie s\u0103 o suporte cilindrul hidraulic \u0219i selecta\u021bi dimensiunea \u0219i tipul de cilindru corespunz\u0103tor.<\/li>\n<li>Etan\u0219are: Folosi\u021bi diverse tipuri de etan\u0219\u0103ri, cum ar fi inele de etan\u0219are pentru piston \u0219i inele de etan\u0219are pentru tij\u0103, \u0219i selecta\u021bi materiale rezistente la uzur\u0103, cum ar fi poliuretanul \u0219i cauciucul nitrilic pentru etan\u0219\u0103ri. Tratamentul fin al suprafe\u021bei corpului cilindrului \u0219i al cap\u0103tului filetat \u00eembun\u0103t\u0103\u021be\u0219te rezisten\u021ba la uzur\u0103.<\/li>\n<li>Durabilitate: Lua\u021bi \u00een considerare mediul de lucru \u0219i alege\u021bi materiale rezistente la uzur\u0103 \u0219i coroziune pentru a prelungi durata de via\u021b\u0103.<\/li>\n<li>Siguran\u021b\u0103: Asigura\u021bi-v\u0103 c\u0103 proiectarea cilindrului hidraulic respect\u0103 standardele \u0219i reglement\u0103rile de siguran\u021b\u0103 corespunz\u0103toare.<\/li>\n<li>Mentenabilitate: Lua\u021bi \u00een considerare u\u0219urin\u021ba \u00eentre\u021binerii \u0219i repara\u021biilor, cum ar fi accesibilitatea la piese \u00eenlocuibile, pentru a minimiza timpul de nefunc\u021bionare \u0219i a reduce costurile de \u00eentre\u021binere.<\/li>\n<\/ul>\n<p><img decoding=\"async\" src=\"https:\/\/www.hydraulic-cylinders.net\/wp-content\/uploads\/2025\/01\/songte-oil-pipes-and-spare-parts.webp\"><\/p>\n<h2>Etan\u0219are \u0219i lubrifiere<\/h2>\n<p>Pentru cilindrul cupei se utilizeaz\u0103 diverse garnituri, cum ar fi inelele de etan\u0219are ale pistonului \u0219i inelele de etan\u0219are ale tijei. Garniturile sunt fabricate din materiale rezistente la uzur\u0103, cum ar fi poliuretanul \u0219i cauciucul nitrilic, pentru a \u00eembun\u0103t\u0103\u021bi rezisten\u021ba la uzur\u0103 a cilindrului. Corpul cilindrului \u0219i cap\u0103tul filetat sunt supuse unui tratament fin de suprafa\u021b\u0103 pentru a spori durabilitatea. Lubrifierea regulat\u0103 cu ulei hidraulic adecvat este necesar\u0103 pentru a asigura buna func\u021bionare a cilindrului.<\/p>\n<h2>\u00centre\u021binere \u0219i repara\u021bii<\/h2>\n<p>\u00centre\u021binerea \u0219i inspec\u021bia regulat\u0103 sunt esen\u021biale pentru a prelungi durata de via\u021b\u0103 a cilindrului hidraulic. Sarcinile comune de \u00eentre\u021binere includ lubrifierea, \u00eenlocuirea garniturilor de etan\u0219are \u0219i verific\u0103rile de calibrare. Instalarea, lubrifierea \u0219i reglarea corecte sunt cruciale \u00een timpul procesului de instalare \u0219i se recomand\u0103 utilizarea metodei corecte de aliniere \u0219i a suporturilor de instalare corespunz\u0103toare. Oferim proceduri recomandate de inspec\u021bie, reparare \u0219i \u00eenlocuire, precum \u0219i piese de schimb \u0219i servicii de reconstruc\u021bie pentru a prelungi durata de via\u021b\u0103 a cilindrului cupei.<\/p>\n<p><img decoding=\"async\" src=\"https:\/\/www.hydraulic-cylinders.net\/wp-content\/uploads\/2025\/01\/songte-bushings-with-all-kinds-of-excavator-models.webp\"><\/p>\n<h2>Considera\u021bii de siguran\u021b\u0103 \u0219i factori de mediu<\/h2>\n<p>C\u00e2nd utiliza\u021bi cilindrul cu cup\u0103, este important s\u0103 urma\u021bi protocoalele de siguran\u021b\u0103 adecvate pentru a evita r\u0103nirea sau deteriorarea echipamentului. Asigurarea faptului c\u0103 proiectarea cilindrului respect\u0103 standardele \u0219i reglement\u0103rile de siguran\u021b\u0103 este esen\u021bial\u0103. Factorii de mediu, cum ar fi temperatura \u0219i umiditatea, pot afecta func\u021bionarea cilindrului \u0219i ar trebui lua\u021bi \u00een considerare \u00een timpul proiect\u0103rii \u0219i instal\u0103rii.<\/p>\n<h2>Depanare \u0219i probleme frecvente<\/h2>\n<ul>\n<li>Scurgeri: Verifica\u021bi dac\u0103 exist\u0103 garnituri deteriorate sau piese uzate \u0219i \u00eenlocui\u021bi-le dac\u0103 este necesar.<\/li>\n<li>Func\u021bionare lent\u0103: Verifica\u021bi nivelurile \u0219i presiunea fluidului hidraulic \u0219i asigura\u021bi o lubrifiere corespunz\u0103toare.<\/li>\n<li>Zgomot excesiv: Verifica\u021bi dac\u0103 exist\u0103 piese sl\u0103bite sau componente uzate \u0219i \u00eenlocui\u021bi-le dac\u0103 este necesar.<\/li>\n<\/ul>\n<p>M\u0103surile de \u00eentre\u021binere preventiv\u0103 pot ajuta la minimizarea problemelor poten\u021biale \u0219i la asigurarea func\u021bion\u0103rii corecte a cilindrului cupei.<\/p>\n<h2>Despre compania noastr\u0103<\/h2>\n<p>Suntem produc\u0103tori de cilindri hidraulici de schimb, oferind o gam\u0103 larg\u0103 de produse \u0219i devenind unul dintre principalii produc\u0103tori \u0219i distribuitori angro de cilindri hidraulici pe pie\u021bele interne \u0219i interna\u021bionale. Urm\u0103m o strategie de calitate excelent\u0103 \u0219i ne baz\u0103m pe un sistem industrializat de management al produc\u021biei, bazat pe ateliere de fabrica\u021bie sofisticate, \u00eembun\u0103t\u0103\u021bind continuu platforma de produc\u021bie din atelier \u0219i calitatea rutei de produc\u021bie. Avem o capacitate puternic\u0103 de a crea produse de \u00eenalt\u0103 eficien\u021b\u0103, precizie \u0219i calitate pentru a satisface diversele nevoi ale clien\u021bilor.<\/p>\n<ul>\n<li>Profesionalism: Avem o echip\u0103 de ingineri \u0219i tehnicieni experimenta\u021bi, dedica\u021bi furniz\u0103rii celor mai bune produse \u0219i servicii.<\/li>\n<li>Certificare interna\u021bional\u0103: Am ob\u021binut certificarea ISO9001:2015 \u0219i CE pentru a ne asigura c\u0103 produsele noastre respect\u0103 standardele interna\u021bionale de calitate.<\/li>\n<li>Servicii de personalizare: Putem personaliza cilindrii hidraulici pentru a \u00eendeplini cerin\u021bele specifice ale clien\u021bilor.<\/li>\n<li>Echipamente de produc\u021bie: Folosim echipamente \u0219i tehnologii avansate de produc\u021bie pentru a asigura calitatea produselor noastre.<\/li>\n<li>Serviciu post-v\u00e2nzare: Oferim servicii complete post-v\u00e2nzare, inclusiv servicii de \u00eentre\u021binere, repara\u021bii \u0219i \u00eenlocuire.<\/li>\n<\/ul>\n<p><img decoding=\"async\" src=\"https:\/\/hzpt.com\/wp-content\/uploads\/2024\/11\/songte-company-1.webp\"><\/p>\n<p>Autor: lyl.<\/p>","protected":false},"excerpt":{"rendered":"<p>Bucket Cylinder For Caterpillar Small Excavator E302.7DCR Introduction A bucket cylinder is a hydraulic cylinder specially designed to control the movement of the bucket in heavy machinery such as excavators, backhoe loaders, and front loaders. Its main function is to enable the bucket to lift, lower, and tilt, making it easier to handle various material [&hellip;]<\/p>","protected":false},"featured_media":14789,"comment_status":"open","ping_status":"closed","template":"","meta":{"_et_pb_use_builder":"","_et_pb_old_content":"","_et_gb_content_width":""},"product_brand":[],"product_cat":[1494],"product_tag":[1495,1496],"class_list":{"0":"post-15207","1":"product","2":"type-product","3":"status-publish","4":"has-post-thumbnail","6":"product_cat-bucket-cylinders","7":"product_tag-bucket-cylinders","8":"product_tag-hydraulic-cylinders","10":"first","11":"instock","12":"shipping-taxable","13":"product-type-simple"},"amp_enabled":true,"_links":{"self":[{"href":"https:\/\/www.hydraulic-cylinders.net\/ro\/wp-json\/wp\/v2\/product\/15207","targetHints":{"allow":["GET"]}}],"collection":[{"href":"https:\/\/www.hydraulic-cylinders.net\/ro\/wp-json\/wp\/v2\/product"}],"about":[{"href":"https:\/\/www.hydraulic-cylinders.net\/ro\/wp-json\/wp\/v2\/types\/product"}],"replies":[{"embeddable":true,"href":"https:\/\/www.hydraulic-cylinders.net\/ro\/wp-json\/wp\/v2\/comments?post=15207"}],"wp:featuredmedia":[{"embeddable":true,"href":"https:\/\/www.hydraulic-cylinders.net\/ro\/wp-json\/wp\/v2\/media\/14789"}],"wp:attachment":[{"href":"https:\/\/www.hydraulic-cylinders.net\/ro\/wp-json\/wp\/v2\/media?parent=15207"}],"wp:term":[{"taxonomy":"product_brand","embeddable":true,"href":"https:\/\/www.hydraulic-cylinders.net\/ro\/wp-json\/wp\/v2\/product_brand?post=15207"},{"taxonomy":"product_cat","embeddable":true,"href":"https:\/\/www.hydraulic-cylinders.net\/ro\/wp-json\/wp\/v2\/product_cat?post=15207"},{"taxonomy":"product_tag","embeddable":true,"href":"https:\/\/www.hydraulic-cylinders.net\/ro\/wp-json\/wp\/v2\/product_tag?post=15207"}],"curies":[{"name":"wp","href":"https:\/\/api.w.org\/{rel}","templated":true}]}}