{"id":15209,"date":"2025-01-19T14:14:29","date_gmt":"2025-01-19T14:14:29","guid":{"rendered":"https:\/\/www.hydraulic-cylinders.net\/product\/bucket-cylinder-for-caterpillar-small-excavator-e311-311c\/"},"modified":"2025-01-19T14:14:31","modified_gmt":"2025-01-19T14:14:31","slug":"bucket-cylinder-for-caterpillar-small-excavator-e311-311c","status":"publish","type":"product","link":"https:\/\/www.hydraulic-cylinders.net\/ro\/produs\/bucket-cylinder-for-caterpillar-small-excavator-e311-311c\/","title":{"rendered":"Cilindru cu cup\u0103 pentru excavatorul mic Caterpillar E311\/311C"},"content":{"rendered":"<h1>Cilindru cu cup\u0103 pentru excavatorul mic Caterpillar E311\/311C<\/h1>\n<h2>Introducere<\/h2>\n<p>Cilindrul cupei pentru excavatorul mic Caterpillar E311\/311C este un cilindru hidraulic special conceput, utilizat pentru a controla mi\u0219carea cupei \u00een utilaje grele, cum ar fi excavatoarele, \u00eenc\u0103rc\u0103toarele cu buldoexcavatoare \u0219i \u00eenc\u0103rc\u0103toarele frontale. Func\u021bia sa principal\u0103 este de a permite ridicarea, cobor\u00e2rea \u0219i \u00eenclinarea cupei, ceea ce o face convenabil\u0103 pentru diverse sarcini de manipulare a materialelor. \u00cen sistemul hidraulic, cilindrul cupei realizeaz\u0103 un control precis al cupei prin utilizarea schimb\u0103rilor de presiune ale uleiului hidraulic, permi\u021b\u00e2nd operatorilor s\u0103 manipuleze eficient sarcini grele \u0219i s\u0103 se adapteze la medii de lucru complexe \u0219i cerin\u021be diverse ale lucr\u0103rilor.<\/p>\n<p><img decoding=\"async\" src=\"https:\/\/www.hydraulic-cylinders.net\/wp-content\/uploads\/2025\/01\/songte-company-2.webp\" alt=\"Imaginea cilindrului cupei\"><\/p>\n<h2>Caracteristici<\/h2>\n<ul>\n<li>Rezisten\u021b\u0103 \u0219i durabilitate ridicate: De obicei, fabricate din o\u021bel sau aluminiu de \u00eenalt\u0103 rezisten\u021b\u0103, capabile s\u0103 reziste la presiuni mari \u0219i sarcini grele, adapt\u00e2ndu-se la condi\u021bii dure de lucru \u0219i proiectate \u021bin\u00e2nd cont de rezisten\u021ba la uzur\u0103 \u0219i la coroziune pentru a prelungi durata de via\u021b\u0103.<\/li>\n<li>Func\u021bionare hidraulic\u0103 eficient\u0103: Utilizeaz\u0103 presiunea uleiului hidraulic pentru a ob\u021bine mi\u0219c\u0103ri line de extensie \u0219i contrac\u021bie, capabile de un r\u0103spuns rapid la comenzile de control, oferind for\u021be puternice de \u00eempingere \u0219i tragere, potrivite pentru manipularea sarcinilor grele \u0219i a sarcinilor complexe.<\/li>\n<li>Diverse tipuri: Alege\u021bi \u00eentre cilindri cu ac\u021biune simpl\u0103 (utilizare hidraulic\u0103 \u00eentr-o singur\u0103 direc\u021bie) sau cu ac\u021biune dubl\u0103 (utilizare hidraulic\u0103 \u00een ambele direc\u021bii) \u00een func\u021bie de cerin\u021bele opera\u021bionale specifice. Unele modele sunt telescopice, permi\u021b\u00e2nd o extensie mai mare f\u0103r\u0103 a cre\u0219te dimensiunile exterioare, potrivite pentru aplica\u021bii cu spa\u021biu limitat.<\/li>\n<li>\u00cenlocuire pentru diver\u0219i cilindri hidraulici: Produsul nostru este capabil s\u0103 \u00eenlocuiasc\u0103 perfect ace\u0219ti cilindri hidraulici.<\/li>\n<\/ul>\n<p><img decoding=\"async\" src=\"https:\/\/www.hydraulic-cylinders.net\/wp-content\/uploads\/2025\/01\/songte-cylinder-head-with-all-kinds-excavator-models.webp\" alt=\"Imaginea produsului\"><\/p>\n<h2>Aplica\u021bii<\/h2>\n<p>Cilindrul cu cup\u0103 \u00ee\u0219i g\u0103se\u0219te aplica\u021bii \u00een diverse echipamente:<\/p>\n<ul>\n<li>Utilaje de construc\u021bii: Se g\u0103sesc \u00een excavatoare, acestea sunt esen\u021biale pentru excavare, \u00eenc\u0103rcare \u0219i mutarea solului sau a molozului. La \u00eenc\u0103rc\u0103toarele excavatoare, cilindrul cupei ajut\u0103 at\u00e2t la s\u0103pare, c\u00e2t \u0219i la ridicare.<\/li>\n<li>Ma\u0219ini agricole: Folosite \u00een \u00eenc\u0103rc\u0103toarele frontale, acestea ajut\u0103 la scoberea, ridicarea \u0219i transportul solului, f\u00e2nului \u0219i altor materiale.<\/li>\n<li>Excavatoare: Cilindrul cupei permite ac\u021biunile de excavare permi\u021b\u00e2nd cupei s\u0103 p\u0103trund\u0103 \u00een sol.<\/li>\n<li>\u00cenc\u0103rc\u0103toare: \u00cen \u00eenc\u0103rc\u0103toarele frontale, acestea ajut\u0103 la ridicarea \u0219i desc\u0103rcarea eficient\u0103 a m\u0103rfurilor.<\/li>\n<\/ul>\n<h2>Considera\u021bii de proiectare \u0219i criterii de selec\u021bie<\/h2>\n<p>La proiectarea cilindrului cupei, se iau \u00een considerare mai mul\u021bi factori \u0219i criterii de selec\u021bie:<\/p>\n<ul>\n<li>Capacitate portant\u0103<\/li>\n<li>Sigilare<\/li>\n<li>Durabilitate<\/li>\n<li>Siguran\u0163\u0103<\/li>\n<li>Mentenabilitate<\/li>\n<\/ul>\n<p><img decoding=\"async\" src=\"https:\/\/www.hydraulic-cylinders.net\/wp-content\/uploads\/2025\/01\/songte-oil-pipes-and-spare-parts.webp\" alt=\"Imaginea produsului\"><\/p>\n<h2>Etan\u0219are \u0219i lubrifiere<\/h2>\n<p>Cilindrul cupei \u00eencorporeaz\u0103 diverse elemente de etan\u0219are, cum ar fi etan\u0219\u0103rile pistonului \u0219i etan\u0219\u0103rile tijei, care sunt fabricate din materiale rezistente la uzur\u0103, cum ar fi poliuretanul \u0219i cauciucul nitrilic. Corpul cilindrului \u0219i capetele filetate sunt supuse unei prelucr\u0103ri fine, sporind rezisten\u021ba la uzur\u0103. Lubrifierea regulat\u0103 cu o cantitate adecvat\u0103 de ulei hidraulic este necesar\u0103 pentru a asigura o func\u021bionare f\u0103r\u0103 probleme.<\/p>\n<h2>Inspec\u021bie regulat\u0103 \u0219i \u00eentre\u021binere preventiv\u0103<\/h2>\n<p>Inspec\u021biile regulate \u0219i m\u0103surile de \u00eentre\u021binere preventiv\u0103 sunt esen\u021biale pentru a asigura performan\u021ba optim\u0103 \u0219i longevitatea cilindrului cupei:<\/p>\n<ul>\n<li>Verifica\u021bi garniturile \u0219i \u00eenlocui\u021bi-le dac\u0103 este necesar<\/li>\n<li>Lubrifiere adecvat\u0103<\/li>\n<li>Verifica\u021bi \u0219i calibra\u021bi dup\u0103 cum este necesar<\/li>\n<\/ul>\n<p><img decoding=\"async\" src=\"https:\/\/www.hydraulic-cylinders.net\/wp-content\/uploads\/2025\/01\/songte-chushion-collar.webp\" alt=\"Imaginea produsului\"><\/p>\n<h2>Considera\u021bii de siguran\u021b\u0103 \u0219i factori de mediu<\/h2>\n<p>C\u00e2nd utiliza\u021bi cilindrul cupei, este esen\u021bial s\u0103 respecta\u021bi m\u0103surile de siguran\u021b\u0103 pentru a preveni accidentele \u0219i s\u0103 lua\u021bi \u00een considerare factorii de mediu pentru a minimiza impactul negativ.<\/p>\n<h2>Diagnosticarea defec\u021biunilor \u0219i probleme frecvente<\/h2>\n<p>Probleme comune \u0219i sfaturi de depanare pentru cilindrul cupei:<\/p>\n<ul>\n<li>Scurgeri: Verifica\u021bi garniturile \u0219i \u00eenlocui\u021bi-le dac\u0103 este necesar<\/li>\n<li>Lips\u0103 de putere: Asigura\u021bi o presiune hidraulic\u0103 adecvat\u0103 \u0219i verifica\u021bi dac\u0103 exist\u0103 blocaje sau restric\u021bii.<\/li>\n<li>Zgomot sau vibra\u021bii: Verifica\u021bi dac\u0103 exist\u0103 componente sl\u0103bite \u0219i str\u00e2nge\u021bi-le dup\u0103 cum este necesar<\/li>\n<\/ul>\n<p><img decoding=\"async\" src=\"https:\/\/www.hydraulic-cylinders.net\/wp-content\/uploads\/2025\/01\/songte-bushings-with-all-kinds-of-excavator-models.webp\" alt=\"Imaginea produsului\"><\/p>\n<h2>Sarcini de \u00eentre\u021binere<\/h2>\n<p>Sarcinile comune de \u00eentre\u021binere pentru cilindrul cupei includ inspec\u021bia regulat\u0103, lubrifierea corespunz\u0103toare, \u00eenlocuirea garniturii \u0219i verific\u0103rile de calibrare. Instalarea, lubrifierea \u0219i reglarea corecte sunt cruciale pentru o performan\u021b\u0103 optim\u0103. \u00cen timpul instal\u0103rii, oferi\u021bi \u00eendrum\u0103ri adecvate pentru alinierea cilindrului \u0219i recomanda\u021bi utilizarea suporturilor de montare adecvate pentru fixarea cilindrului. Sunt furnizate proceduri recomandate de inspec\u021bie, reparare \u0219i \u00eenlocuire pentru a cre\u0219te longevitatea cilindrului cupei.<\/p>\n<h2>Compania noastr\u0103<\/h2>\n<p>Suntem produc\u0103tori de cilindri hidraulici de schimb, oferind o gam\u0103 larg\u0103 de produse. Am devenit unul dintre principalii produc\u0103tori \u0219i distribuitori angro de cilindri hidraulici pe pie\u021bele interne \u0219i interna\u021bionale. Compania noastr\u0103 urmeaz\u0103 o strategie de management al produc\u021biei industriale, baz\u00e2ndu-se pe o calitate excelent\u0103, utiliz\u00e2nd ateliere de fabrica\u021bie avansate \u0219i utiliz\u00e2nd sisteme de testare profesionale. Cu principii de \u00eenalt\u0103 eficien\u021b\u0103, precizie \u0219i calitate, satisfacem nevoile diverse ale clien\u021bilor no\u0219tri.<\/p>\n<p><img decoding=\"async\" src=\"https:\/\/hzpt.com\/wp-content\/uploads\/2024\/11\/songte-company-1.webp\" alt=\"Imaginea companiei\"><\/p>\n<p><em>Autor: lyl<\/em><\/p>","protected":false},"excerpt":{"rendered":"<p>Bucket Cylinder For Caterpillar Small Excavator E311\/311C Introduction The bucket cylinder for Caterpillar small excavator E311\/311C is a specially designed hydraulic cylinder used to control the movement of the bucket in heavy machinery such as excavators, backhoe loaders, and front loaders. Its main function is to enable the lifting, lowering, and tilting of the bucket, [&hellip;]<\/p>","protected":false},"featured_media":14787,"comment_status":"open","ping_status":"closed","template":"","meta":{"_et_pb_use_builder":"","_et_pb_old_content":"","_et_gb_content_width":""},"product_brand":[],"product_cat":[1494],"product_tag":[1495,1496],"class_list":{"0":"post-15209","1":"product","2":"type-product","3":"status-publish","4":"has-post-thumbnail","6":"product_cat-bucket-cylinders","7":"product_tag-bucket-cylinders","8":"product_tag-hydraulic-cylinders","10":"first","11":"instock","12":"shipping-taxable","13":"product-type-simple"},"amp_enabled":true,"_links":{"self":[{"href":"https:\/\/www.hydraulic-cylinders.net\/ro\/wp-json\/wp\/v2\/product\/15209","targetHints":{"allow":["GET"]}}],"collection":[{"href":"https:\/\/www.hydraulic-cylinders.net\/ro\/wp-json\/wp\/v2\/product"}],"about":[{"href":"https:\/\/www.hydraulic-cylinders.net\/ro\/wp-json\/wp\/v2\/types\/product"}],"replies":[{"embeddable":true,"href":"https:\/\/www.hydraulic-cylinders.net\/ro\/wp-json\/wp\/v2\/comments?post=15209"}],"wp:featuredmedia":[{"embeddable":true,"href":"https:\/\/www.hydraulic-cylinders.net\/ro\/wp-json\/wp\/v2\/media\/14787"}],"wp:attachment":[{"href":"https:\/\/www.hydraulic-cylinders.net\/ro\/wp-json\/wp\/v2\/media?parent=15209"}],"wp:term":[{"taxonomy":"product_brand","embeddable":true,"href":"https:\/\/www.hydraulic-cylinders.net\/ro\/wp-json\/wp\/v2\/product_brand?post=15209"},{"taxonomy":"product_cat","embeddable":true,"href":"https:\/\/www.hydraulic-cylinders.net\/ro\/wp-json\/wp\/v2\/product_cat?post=15209"},{"taxonomy":"product_tag","embeddable":true,"href":"https:\/\/www.hydraulic-cylinders.net\/ro\/wp-json\/wp\/v2\/product_tag?post=15209"}],"curies":[{"name":"wp","href":"https:\/\/api.w.org\/{rel}","templated":true}]}}