{"id":15213,"date":"2025-01-19T14:14:44","date_gmt":"2025-01-19T14:14:44","guid":{"rendered":"https:\/\/www.hydraulic-cylinders.net\/product\/bucket-cylinder-for-caterpillar-small-excavator-e300-9d301-7d\/"},"modified":"2025-01-19T14:14:46","modified_gmt":"2025-01-19T14:14:46","slug":"bucket-cylinder-for-caterpillar-small-excavator-e300-9d301-7d","status":"publish","type":"product","link":"https:\/\/www.hydraulic-cylinders.net\/ro\/produs\/bucket-cylinder-for-caterpillar-small-excavator-e300-9d301-7d\/","title":{"rendered":"Cilindru cu cup\u0103 pentru excavatorul mic Caterpillar E300.9D301.7D"},"content":{"rendered":"<h1>Cilindru cu cup\u0103 pentru excavatorul mic Caterpillar E300.9D301.7D<\/h1>\n<h2>Introducere<\/h2>\n<p>Un cilindru al cupei este un cilindru hidraulic special conceput, utilizat \u00een principal pentru a controla mi\u0219carea unei cupe \u00een utilaje grele, cum ar fi excavatoarele, excavatoarele \u0219i \u00eenc\u0103rc\u0103toarele frontale. Func\u021bia sa principal\u0103 este de a permite ridicarea, cobor\u00e2rea \u0219i \u00eenclinarea cupei, facilit\u00e2nd gestionarea diverselor sarcini de manipulare a materialelor. \u00cen sistemul hidraulic, cilindrul cupei realizeaz\u0103 un control precis al cupei prin modific\u0103ri ale presiunii uleiului hidraulic, permi\u021b\u00e2nd operatorilor s\u0103 manipuleze eficient sarcini grele \u0219i s\u0103 se adapteze la medii de lucru complexe \u0219i cerin\u021be diverse ale lucr\u0103rilor.<\/p>\n<p><img decoding=\"async\" src=\"https:\/\/www.hydraulic-cylinders.net\/wp-content\/uploads\/2025\/01\/songte-company-2.webp\"><\/p>\n<h2>Caracteristici<\/h2>\n<ul>\n<li>Rezisten\u021b\u0103 \u0219i durabilitate ridicate: De obicei, fabricate din o\u021bel sau aluminiu de \u00eenalt\u0103 rezisten\u021b\u0103, capabile s\u0103 reziste la presiuni ridicate \u0219i sarcini grele \u0219i proiectate \u021bin\u00e2nd cont de rezisten\u021ba la uzur\u0103 \u0219i la coroziune, prelungind durata de via\u021b\u0103.<\/li>\n<li>Func\u021bionare hidraulic\u0103 eficient\u0103: Ac\u021biune telescopic\u0103 lin\u0103 ob\u021binut\u0103 prin utilizarea presiunii uleiului hidraulic, capabil\u0103 s\u0103 r\u0103spund\u0103 rapid la comenzile de control \u0219i s\u0103 ofere o for\u021b\u0103 puternic\u0103 de \u00eempingere \u0219i tragere, potrivit\u0103 pentru manipularea sarcinilor grele \u0219i a sarcinilor complexe.<\/li>\n<li>Varietate de tipuri: Cilindrii cu ac\u021biune simpl\u0103 (sistem hidraulic utilizat doar \u00eentr-o singur\u0103 direc\u021bie) sau cu ac\u021biune dubl\u0103 (sistem hidraulic utilizat \u00een dou\u0103 direc\u021bii) pot fi ale\u0219i \u00een func\u021bie de nevoi pentru a satisface diferite cerin\u021be opera\u021bionale. Unele modele sunt telescopice, permi\u021b\u00e2nd o extensie mai mare f\u0103r\u0103 a cre\u0219te dimensiunile exterioare, potrivite pentru aplica\u021bii cu spa\u021biu limitat.<\/li>\n<li>\u00cenlocuitor perfect: Produsul nostru poate \u00eenlocui perfect ace\u0219ti cilindri hidraulici.<\/li>\n<\/ul>\n<p><img decoding=\"async\" src=\"https:\/\/www.hydraulic-cylinders.net\/wp-content\/uploads\/2025\/01\/songte-cylinder-head-with-all-kinds-excavator-models.webp\"><\/p>\n<h2>Aplica\u021bii<\/h2>\n<h3>Echipamente de construc\u021bii<\/h3>\n<p>\u00cen excavatoare, acestea sunt esen\u021biale pentru excavare, \u00eenc\u0103rcare \u0219i mutarea solului sau a resturilor. \u00cen buldoexcavatoarele, cilindrii cupei ajut\u0103 at\u00e2t la s\u0103pare, c\u00e2t \u0219i la ridicare. \u00cen \u00eenc\u0103rc\u0103toarele frontale, acestea ajut\u0103 la ridicarea \u0219i desc\u0103rcarea eficient\u0103 a \u00eenc\u0103rc\u0103turii.<\/p>\n<h3>Ma\u0219ini agricole<\/h3>\n<p>Folosit pentru \u00eenc\u0103rc\u0103toare frontale, ridicarea, ridicarea \u0219i transportul solului, f\u00e2nului \u0219i altor materiale. La excavatoare, cilindrul cupei permite s\u0103parea permi\u021b\u00e2nd cupei s\u0103 p\u0103trund\u0103 \u00een sol. La \u00eenc\u0103rc\u0103toarele frontale, acestea ajut\u0103 la ridicarea \u0219i \u00eenclinarea eficient\u0103 a m\u0103rfurilor.<\/p>\n<p><img decoding=\"async\" src=\"https:\/\/www.hydraulic-cylinders.net\/wp-content\/uploads\/2025\/01\/songte-chushion-collar.webp\"><\/p>\n<h2>Considera\u021bii de proiectare \u0219i criterii de selec\u021bie<\/h2>\n<h3>Capacitate portant\u0103<\/h3>\n<p>Capacitatea portant\u0103 a cilindrului cupei trebuie luat\u0103 \u00een considerare la selectare sau proiectare. Acesta trebuie proiectat pentru a suporta capacitatea de \u00eenc\u0103rcare necesar\u0103 pentru a asigura siguran\u021ba \u00een timpul func\u021bion\u0103rii.<\/p>\n<h3>Sigilare<\/h3>\n<p>Etan\u0219area cilindrului cupei este crucial\u0103 pentru func\u021bionarea sa. Acesta trebuie s\u0103 utilizeze diverse dispozitive de etan\u0219are, cum ar fi inelul de etan\u0219are al pistonului \u0219i inelul de etan\u0219are al tijei. Materialul de etan\u0219are trebuie s\u0103 fie un material rezistent la uzur\u0103, cum ar fi poliuretanul sau cauciucul nitrilic, iar corpul cilindrului \u0219i suprafa\u021ba filetat\u0103 a cap\u0103tului trebuie prelucrate fin pentru a \u00eembun\u0103t\u0103\u021bi rezisten\u021ba la uzur\u0103.<\/p>\n<h3>Durabilitate<\/h3>\n<p>Un cilindru pentru cup\u0103 ar trebui s\u0103 aib\u0103 o durat\u0103 lung\u0103 de via\u021b\u0103. Prin urmare, materialul utilizat ar trebui s\u0103 \u00eendeplineasc\u0103 standardele de rezisten\u021b\u0103 \u0219i tenacitate necesare, s\u0103 fie rezistent la uzur\u0103 \u0219i coroziune \u0219i s\u0103 poat\u0103 rezista la medii de lucru dure.<\/p>\n<h3>Siguran\u0163\u0103<\/h3>\n<p>Cilindrul cupei trebuie s\u0103 aib\u0103 caracteristici de siguran\u021b\u0103, cum ar fi supape de suprapresiune, pentru a preveni accidentele cauzate de defec\u021biuni sau supra\u00eenc\u0103rc\u0103ri. Trebuie acordat\u0103 o aten\u021bie deosebit\u0103 proiect\u0103rii \u0219i select\u0103rii componentelor pentru a asigura o func\u021bionare \u00een siguran\u021b\u0103.<\/p>\n<h3>\u00centre\u0163inere<\/h3>\n<p>Cilindrul cupei trebuie proiectat pentru a facilita \u00eentre\u021binerea, cu componente u\u0219or de \u00eenlocuit. Inspec\u021bia \u0219i \u00eenlocuirea regulat\u0103 a garniturilor, lubrifierea \u0219i reglarea tijei pistonului trebuie efectuate pentru a asigura o func\u021bionare eficient\u0103.<\/p>\n<p><img decoding=\"async\" src=\"https:\/\/www.hydraulic-cylinders.net\/wp-content\/uploads\/2025\/01\/songte-oil-pipes-and-spare-parts.webp\"><\/p>\n<h2>Ghid de instalare<\/h2>\n<p>Instalarea cilindrului cupei trebuie s\u0103 respecte ace\u0219ti pa\u0219i:<\/p>\n<ul>\n<li>Alinia\u021bi corect cilindrul<\/li>\n<li>Folosi\u021bi console de instalare adecvate pentru a fixa cilindrul \u00een pozi\u021bie<\/li>\n<li>Asigura\u021bi-v\u0103 c\u0103 toate conexiunile sunt sigure \u0219i f\u0103r\u0103 scurgeri<\/li>\n<li>Ad\u0103uga\u021bi cantitatea corespunz\u0103toare de ulei hidraulic pentru lubrifiere<\/li>\n<\/ul>\n<h2>\u00centre\u0163inere<\/h2>\n<p>\u00centre\u021binerea regulat\u0103 este crucial\u0103 pentru a asigura func\u021bionarea eficient\u0103 \u0219i o durat\u0103 de via\u021b\u0103 extins\u0103 a cilindrului cupei. Urm\u0103toarele sunt sarcini comune de \u00eentre\u021binere:<\/p>\n<ul>\n<li>Inspec\u021bie regulat\u0103<\/li>\n<li>Lubrifiere adecvat\u0103<\/li>\n<li>\u00cenlocuiri de garnituri<\/li>\n<li>Verific\u0103ri de calibrare<\/li>\n<\/ul>\n<h2>Considera\u021bii de siguran\u021b\u0103 \u0219i factori de mediu<\/h2>\n<p>La utilizarea cilindrului cupei, trebuie respectate m\u0103surile de siguran\u021b\u0103 pentru a evita accidentele. De asemenea, trebuie lua\u021bi \u00een considerare factorii de mediu, cum ar fi condi\u021biile de lucru \u0219i temperatura, pentru a asigura func\u021bionarea corect\u0103 a cilindrului.<\/p>\n<h2>Depanare \u0219i probleme frecvente<\/h2>\n<p>Problemele frecvente ale cilindrului cupei includ scurgeri de ulei, presiune insuficient\u0103 \u0219i zgomot anormal. Sfaturile de depanare includ inspectarea garniturilor, verificarea nivelului \u0219i calit\u0103\u021bii uleiului \u0219i inspectarea tijei pistonului pentru semne de uzur\u0103. M\u0103surile de precau\u021bie pot ajuta la reducerea poten\u021bialelor probleme, cum ar fi \u00eentre\u021binerea regulat\u0103 \u0219i utilizarea corect\u0103.<\/p>\n<p><img decoding=\"async\" src=\"https:\/\/www.hydraulic-cylinders.net\/wp-content\/uploads\/2025\/01\/songte-bushings-with-all-kinds-of-excavator-models.webp\"><\/p>\n<h2>Despre compania noastr\u0103<\/h2>\n<p>Suntem produc\u0103tori de cilindri hidraulici, oferind o gam\u0103 complet\u0103 de produse. Suntem unul dintre principalii produc\u0103tori \u0219i distribuitori angro de cilindri hidraulici pe pie\u021bele interne \u0219i interna\u021bionale. Urm\u0103m principiul calit\u0103\u021bii excelente \u0219i ne baz\u0103m pe strategii industrializate de management al produc\u021biei \u00een ateliere de produc\u021bie fin\u0103. Compania noastr\u0103 \u00eembun\u0103t\u0103\u021be\u0219te constant platforma de fabrica\u021bie a atelierului, perfec\u021bion\u00e2nd ruta de produc\u021bie a calit\u0103\u021bii produselor \u0219i are o creativitate puternic\u0103 \u00een utilizarea principiilor de \u00eenalt\u0103 eficien\u021b\u0103, \u00eenalt\u0103 precizie \u0219i \u00eenalt\u0103 calitate pentru a satisface nevoile diverse ale clien\u021bilor.<\/p>\n<p><img decoding=\"async\" src=\"https:\/\/hzpt.com\/wp-content\/uploads\/2024\/11\/songte-company-1.webp\"><\/p>\n<h3>Profesionalism<\/h3>\n<p>Compania noastr\u0103 are o echip\u0103 de ingineri \u0219i tehnicieni profesioni\u0219ti pentru a oferi clien\u021bilor solu\u021bii eficiente \u0219i fiabile pentru cilindri hidraulici. Cu o vast\u0103 experien\u021b\u0103 \u00een produc\u021bie \u0219i o puternic\u0103 for\u021b\u0103 tehnic\u0103, putem oferi clien\u021bilor produse \u0219i servicii de \u00eenalt\u0103 calitate.<\/p>\n<h3>Certificare interna\u021bional\u0103<\/h3>\n<p>Compania noastr\u0103 a ob\u021binut o serie de certific\u0103ri interna\u021bionale, precum ISO \u0219i CE, pentru a garanta calitatea \u0219i siguran\u021ba produselor noastre.<\/p>\n<h3>Servicii de personalizare<\/h3>\n<p>Oferim solu\u021bii personalizate de cilindri hidraulici pentru clien\u021bi cu cerin\u021be specifice, pentru a le satisface nevoile unice.<\/p>\n<h3>Echipamente de produc\u021bie<\/h3>\n<p>Compania noastr\u0103 utilizeaz\u0103 echipamente digitale avansate de fabrica\u021bie pentru a asigura precizia cilindrilor hidraulici.<\/p>\n<h3>Serviciu post-v\u00e2nzare<\/h3>\n<p>Oferim servicii complete post-v\u00e2nzare, inclusiv \u00eentre\u021binere, repara\u021bii \u0219i \u00eenlocuire, pentru a asigura func\u021bionarea eficient\u0103 pe termen lung a cilindrilor no\u0219tri hidraulici.<\/p>\n<p>Autor: lyl<\/p>","protected":false},"excerpt":{"rendered":"<p>Bucket Cylinder For Caterpillar Small Excavator E300.9D301.7D Introduction A bucket cylinder is a specially designed hydraulic cylinder primarily used to control the movement of a bucket in heavy machinery such as excavators, backhoes, and front-end loaders. Its main function is to enable the bucket to lift, lower, and tilt, making it easier to handle various [&hellip;]<\/p>","protected":false},"featured_media":14780,"comment_status":"open","ping_status":"closed","template":"","meta":{"_et_pb_use_builder":"","_et_pb_old_content":"","_et_gb_content_width":""},"product_brand":[],"product_cat":[1494],"product_tag":[1495,1496],"class_list":{"0":"post-15213","1":"product","2":"type-product","3":"status-publish","4":"has-post-thumbnail","6":"product_cat-bucket-cylinders","7":"product_tag-bucket-cylinders","8":"product_tag-hydraulic-cylinders","10":"first","11":"instock","12":"shipping-taxable","13":"product-type-simple"},"amp_enabled":true,"_links":{"self":[{"href":"https:\/\/www.hydraulic-cylinders.net\/ro\/wp-json\/wp\/v2\/product\/15213","targetHints":{"allow":["GET"]}}],"collection":[{"href":"https:\/\/www.hydraulic-cylinders.net\/ro\/wp-json\/wp\/v2\/product"}],"about":[{"href":"https:\/\/www.hydraulic-cylinders.net\/ro\/wp-json\/wp\/v2\/types\/product"}],"replies":[{"embeddable":true,"href":"https:\/\/www.hydraulic-cylinders.net\/ro\/wp-json\/wp\/v2\/comments?post=15213"}],"wp:featuredmedia":[{"embeddable":true,"href":"https:\/\/www.hydraulic-cylinders.net\/ro\/wp-json\/wp\/v2\/media\/14780"}],"wp:attachment":[{"href":"https:\/\/www.hydraulic-cylinders.net\/ro\/wp-json\/wp\/v2\/media?parent=15213"}],"wp:term":[{"taxonomy":"product_brand","embeddable":true,"href":"https:\/\/www.hydraulic-cylinders.net\/ro\/wp-json\/wp\/v2\/product_brand?post=15213"},{"taxonomy":"product_cat","embeddable":true,"href":"https:\/\/www.hydraulic-cylinders.net\/ro\/wp-json\/wp\/v2\/product_cat?post=15213"},{"taxonomy":"product_tag","embeddable":true,"href":"https:\/\/www.hydraulic-cylinders.net\/ro\/wp-json\/wp\/v2\/product_tag?post=15213"}],"curies":[{"name":"wp","href":"https:\/\/api.w.org\/{rel}","templated":true}]}}