{"id":15221,"date":"2025-01-19T14:15:26","date_gmt":"2025-01-19T14:15:26","guid":{"rendered":"https:\/\/www.hydraulic-cylinders.net\/product\/bucket-cylinder-for-caterpillar-small-excavator-e308e\/"},"modified":"2025-01-19T14:15:28","modified_gmt":"2025-01-19T14:15:28","slug":"bucket-cylinder-for-caterpillar-small-excavator-e308e","status":"publish","type":"product","link":"https:\/\/www.hydraulic-cylinders.net\/ro\/produs\/bucket-cylinder-for-caterpillar-small-excavator-e308e\/","title":{"rendered":"Cilindru cu cup\u0103 pentru excavatorul mic Caterpillar E308E"},"content":{"rendered":"<p><!DOCTYPE html><br \/>\n<html><\/p>\n<p><head><br \/>\n    <title>Cilindru cu cup\u0103 pentru excavatorul mic Caterpillar E308E<\/title><br \/>\n<\/head><\/p>\n<p><body><\/p>\n<h1>Cilindru cu cup\u0103 pentru excavatorul mic Caterpillar E308E<\/h1>\n<h2>Introducere<\/h2>\n<p>Un cilindru al cupei este un cilindru hidraulic special conceput, utilizat pentru a controla mi\u0219carea cupei \u00een utilaje grele, cum ar fi excavatoarele, \u00eenc\u0103rc\u0103toarele cu excavator \u0219i \u00eenc\u0103rc\u0103toarele frontale. Func\u021bia sa principal\u0103 este de a permite ridicarea, cobor\u00e2rea \u0219i \u00eenclinarea cupei, facilit\u00e2nd diverse sarcini de manipulare a materialelor. \u00centr-un sistem hidraulic, cilindrul cupei realizeaz\u0103 un control precis al cupei prin utilizarea schimb\u0103rilor de presiune ale uleiului hidraulic, permi\u021b\u00e2nd operatorilor s\u0103 manipuleze eficient sarcini grele \u0219i s\u0103 se adapteze la medii de lucru complexe \u0219i cerin\u021be opera\u021bionale diverse.<\/p>\n<p>    <img decoding=\"async\" src=\"https:\/\/www.hydraulic-cylinders.net\/wp-content\/uploads\/2025\/01\/songte-company-2.webp\" alt=\"Imaginea cilindrului cupei\"><\/p>\n<h2>Caracteristici<\/h2>\n<ul>\n<li>Rezisten\u021b\u0103 \u0219i durabilitate ridicate: De obicei, fabricate din o\u021bel sau aluminiu de \u00eenalt\u0103 rezisten\u021b\u0103, capabile s\u0103 reziste la presiuni ridicate \u0219i sarcini grele, adapt\u00e2ndu-se la medii de lucru dure \u0219i proiectate \u021bin\u00e2nd cont de rezisten\u021ba la uzur\u0103 \u0219i la coroziune pentru a prelungi durata de via\u021b\u0103.<\/li>\n<li>Func\u021bionare hidraulic\u0103 eficient\u0103: Utilizeaz\u0103 presiunea uleiului hidraulic pentru a ob\u021bine mi\u0219c\u0103ri line de extensie \u0219i retragere, permi\u021b\u00e2nd un r\u0103spuns rapid la comenzile de control, oferind for\u021be puternice de \u00eempingere \u0219i tragere, potrivite pentru manipularea sarcinilor grele \u0219i a sarcinilor opera\u021bionale complexe.<\/li>\n<li>Tipuri versatile: Disponibile \u00een cilindri cu ac\u021biune simpl\u0103 (fluid hidraulic utilizat \u00eentr-o singur\u0103 direc\u021bie) sau cu ac\u021biune dubl\u0103 (fluid hidraulic utilizat \u00een ambele direc\u021bii), permi\u021b\u00e2nd diferite cerin\u021be opera\u021bionale. Unele modele sunt telescopice, permi\u021b\u00e2nd o extensie mai mare f\u0103r\u0103 a cre\u0219te dimensiunile externe, potrivite pentru aplica\u021bii cu spa\u021biu limitat.<\/li>\n<\/ul>\n<p>    <img decoding=\"async\" src=\"https:\/\/www.hydraulic-cylinders.net\/wp-content\/uploads\/2025\/01\/songte-cylinder-head-with-all-kinds-excavator-models.webp\" alt=\"Imagine cilindru de schimb\"><\/p>\n<h2>Aplica\u021bii<\/h2>\n<ul>\n<li>Echipamente de construc\u021bii: Se g\u0103sesc \u00een excavatoare, unde sunt esen\u021biale pentru excavare, \u00eenc\u0103rcare \u0219i mutarea solului sau a resturilor. La \u00eenc\u0103rc\u0103toarele excavatoare, cilindrul cupei ajut\u0103 at\u00e2t la s\u0103pare, c\u00e2t \u0219i la ridicare.<\/li>\n<li>Ma\u0219ini agricole: utilizate la \u00eenc\u0103rc\u0103toarele frontale pentru scobere, ridicare \u0219i transportul solului, f\u00e2nului \u0219i altor materiale.<\/li>\n<li>Excavatoare: Cilindrii cupei permit ac\u021biuni de s\u0103pare permi\u021b\u00e2nd cupei s\u0103 p\u0103trund\u0103 \u00een sol.<\/li>\n<li>\u00cenc\u0103rc\u0103toare: \u00cen \u00eenc\u0103rc\u0103toarele frontale, acestea ajut\u0103 la ridicarea \u0219i desc\u0103rcarea eficient\u0103 a m\u0103rfurilor.<\/li>\n<\/ul>\n<h2>Considera\u021bii de proiectare \u0219i criterii de selec\u021bie<\/h2>\n<ul>\n<li>Capacitate portant\u0103: abilitatea cilindrului de a suporta sarcina specificat\u0103 f\u0103r\u0103 a se defecta.<\/li>\n<li>Etan\u0219are: Utilizarea diverselor garnituri, cum ar fi garniturile pistonului \u0219i garniturile tijei, fabricate din materiale rezistente la uzur\u0103, cum ar fi poliuretanul \u0219i cauciucul nitrilic.<\/li>\n<li>Durabilitate: Asigurarea faptului c\u0103 cilindrul poate rezista la condi\u021biile de lucru prev\u0103zute \u0219i are o durat\u0103 lung\u0103 de via\u021b\u0103.<\/li>\n<li>Siguran\u021b\u0103: Includerea de elemente de siguran\u021b\u0103 pentru prevenirea accidentelor \u00een timpul func\u021bion\u0103rii.<\/li>\n<li>\u00centre\u021binere: Proiectarea cilindrului pentru a facilita \u00eentre\u021binerea \u0219i repararea.<\/li>\n<\/ul>\n<p>    <img decoding=\"async\" src=\"https:\/\/www.hydraulic-cylinders.net\/wp-content\/uploads\/2025\/01\/songte-oil-pipes-and-spare-parts.webp\" alt=\"Imaginea pieselor cilindrului hidraulic\"><\/p>\n<h2>Etan\u0219are \u0219i lubrifiere<\/h2>\n<p>Cilindrul cupei utilizeaz\u0103 diverse componente de etan\u0219are, cum ar fi etan\u0219\u0103ri de piston \u0219i etan\u0219\u0103ri de tij\u0103, fabricate din materiale rezistente la uzur\u0103, precum poliuretanul \u0219i cauciucul nitrilic. Corpul cilindrului \u0219i capetele filetate sunt prelucrate fin pentru a \u00eembun\u0103t\u0103\u021bi rezisten\u021ba la uzur\u0103. Este necesar\u0103 o lubrifiere regulat\u0103, iar pentru lubrifiere trebuie ad\u0103ugat\u0103 cantitatea corespunz\u0103toare de ulei hidraulic.<\/p>\n<h2>Inspec\u021bie \u0219i \u00eentre\u021binere preventiv\u0103<\/h2>\n<ul>\n<li>Inspecta\u021bi periodic cilindrul pentru a depista orice semne de deteriorare sau scurgeri.<\/li>\n<li>Asigura\u021bi o lubrifiere corespunz\u0103toare conform instruc\u021biunilor produc\u0103torului.<\/li>\n<li>\u00cenlocui\u021bi prompt garniturile \u0219i alte componente uzate.<\/li>\n<li>Efectua\u021bi verific\u0103ri de calibrare pentru a asigura performan\u021be optime.<\/li>\n<\/ul>\n<h2>Ghid de instalare corect\u0103<\/h2>\n<p>Instalarea corect\u0103 a cilindrului cupei este esen\u021bial\u0103 pentru func\u021bionarea sa optim\u0103. Se recomand\u0103 alinierea corect\u0103 a cilindrului \u00een timpul procesului de instalare. Se recomand\u0103 utilizarea unor console de instalare adecvate pentru fixarea cilindrului. Urma\u021bi procedurile de inspec\u021bie, reparare \u0219i \u00eenlocuire recomandate de produc\u0103tor pentru a prelungi durata de via\u021b\u0103 a cilindrului.<\/p>\n<p>    <img decoding=\"async\" src=\"https:\/\/www.hydraulic-cylinders.net\/wp-content\/uploads\/2025\/01\/songte-chushion-collar.webp\" alt=\"Imagine cu guler de pern\u0103\"><\/p>\n<h2>Considera\u021bii de siguran\u021b\u0103 \u0219i factori de mediu<\/h2>\n<p>Importan\u021ba m\u0103surilor de siguran\u021b\u0103 la operarea echipamentelor cu cilindrul cupei nu poate fi supraestimat\u0103. Trebuie respectate \u00eentotdeauna m\u0103suri de siguran\u021b\u0103 adecvate pentru a preveni accidentele \u0219i v\u0103t\u0103m\u0103rile corporale. De asemenea, trebuie lua\u021bi \u00een considerare factorii de mediu pentru a asigura respectarea reglement\u0103rilor relevante \u0219i a minimiza orice impact negativ.<\/p>\n<h2>Diagnosticarea defec\u021biunilor \u0219i probleme frecvente<\/h2>\n<p>C\u00e2nd \u00eent\u00e2mpina\u021bi defec\u021biuni, este important s\u0103 le diagnostica\u021bi \u0219i s\u0103 le remedia\u021bi prompt. Iat\u0103 c\u00e2teva probleme frecvente care pot ap\u0103rea:<\/p>\n<ul>\n<li>Scurgeri: Verifica\u021bi dac\u0103 exist\u0103 scurgeri vizibile de lichid \u0219i inspecta\u021bi garniturile pentru a depista eventualele deterior\u0103ri.<\/li>\n<li>Func\u021bionare lent\u0103: Verifica\u021bi sistemul hidraulic pentru a depista eventuale \u00eenfundari sau niveluri insuficiente de lichid.<\/li>\n<li>Mi\u0219c\u0103ri neregulate: Verifica\u021bi dac\u0103 exist\u0103 componente sl\u0103bite sau deteriorate care ar putea afecta performan\u021ba cilindrului.<\/li>\n<\/ul>\n<h2>Sfaturi de \u00eentre\u021binere \u0219i depanare<\/h2>\n<p>Oferi\u021bi sfaturi \u0219i solu\u021bii pentru o diagnosticare eficient\u0103 \u0219i rezolvarea problemelor. Sugera\u021bi m\u0103suri preventive pentru a minimiza poten\u021bialele probleme. Sublinia\u021bi importan\u021ba instal\u0103rii, lubrifierii \u0219i ajust\u0103rii corecte. Oferi\u021bi \u00eendrum\u0103ri privind alinierea corect\u0103 a cilindrului \u00een timpul instal\u0103rii. Recomanda\u021bi proceduri de inspec\u021bie, reparare \u0219i \u00eenlocuire. \u00cemp\u0103rt\u0103\u0219i\u021bi sfaturi pentru a prelungi durata de via\u021b\u0103 a cilindrului cupei.<\/p>\n<p>    <img decoding=\"async\" src=\"https:\/\/www.hydraulic-cylinders.net\/wp-content\/uploads\/2025\/01\/songte-bushings-with-all-kinds-of-excavator-models.webp\" alt=\"Imagine buc\u0219e cilindru hidraulic\"><\/p>\n<p>Nu uita s\u0103 organizezi articolul logic, s\u0103 folose\u0219ti subtitluri pentru o navigare u\u0219oar\u0103, s\u0103 incluzi imagini sau grafice relevante pentru a \u00eembun\u0103t\u0103\u021bi \u00een\u021belegerea \u0219i s\u0103 te asiguri c\u0103 respectivul con\u021binut este clar, concis \u0219i potrivit pentru cititorii cu diferite niveluri de cuno\u0219tin\u021be tehnice.<\/p>\n<h2>Compania noastr\u0103<\/h2>\n<p>    <img decoding=\"async\" src=\"https:\/\/hzpt.com\/wp-content\/uploads\/2024\/11\/songte-company-1.webp\" alt=\"Imaginea companiei\"><\/p>\n<p>Suntem produc\u0103tori de cilindri hidraulici de schimb, oferind o gam\u0103 larg\u0103 de produse. Am devenit unul dintre principalii produc\u0103tori \u0219i distribuitori angro de cilindri hidraulici pe pie\u021bele interne \u0219i interna\u021bionale. Compania noastr\u0103 ader\u0103 la principiile excelen\u021bei \u00een calitate \u0219i se bazeaz\u0103 pe strategia de management al produc\u021biei industriale bazat\u0103 pe ateliere de fabrica\u021bie rafinate. Concentr\u00e2ndu-ne pe talentul tehnologic, echipamente digitale de fabrica\u021bie de ultim\u0103 genera\u021bie \u0219i sisteme profesionale de testare, ne \u00eembun\u0103t\u0103\u021bim continuu platforma de fabrica\u021bie, optimiz\u0103m ruta de produc\u021bie pentru calitatea produselor \u0219i de\u021binem capacit\u0103\u021bi inovatoare puternice. Ne propunem s\u0103 satisfacem diversele nevoi ale clien\u021bilor cu eficien\u021b\u0103, precizie \u0219i calitate ridicate.<\/p>\n<p>    <img decoding=\"async\" src=\"https:\/\/www.hydraulic-cylinders.net\/wp-content\/uploads\/2025\/01\/songte-company-3.webp\" alt=\"Imaginea companiei\"><\/p>\n<h3>Repere ale companiei:<\/h3>\n<ul>\n<li>Profesionalism<\/li>\n<li>Certific\u0103ri interna\u021bionale<\/li>\n<li>Servicii de personalizare<\/li>\n<li>Echipamente de produc\u021bie<\/li>\n<li>Serviciu post-v\u00e2nzare<\/li>\n<\/ul>\n<p>Autor: lyl<\/p>\n<p><\/body><\/p>\n<p><\/html><\/p>","protected":false},"excerpt":{"rendered":"<p>Bucket Cylinder For Caterpillar Small Excavator E308E Bucket Cylinder For Caterpillar Small Excavator E308E Introduction A bucket cylinder is a specially designed hydraulic cylinder used to control the movement of the bucket in heavy machinery such as excavators, backhoe loaders, and front loaders. Its main function is to enable the lifting, lowering, and tilting of [&hellip;]<\/p>","protected":false},"featured_media":14761,"comment_status":"open","ping_status":"closed","template":"","meta":{"_et_pb_use_builder":"","_et_pb_old_content":"","_et_gb_content_width":""},"product_brand":[],"product_cat":[1494],"product_tag":[1495,1496],"class_list":{"0":"post-15221","1":"product","2":"type-product","3":"status-publish","4":"has-post-thumbnail","6":"product_cat-bucket-cylinders","7":"product_tag-bucket-cylinders","8":"product_tag-hydraulic-cylinders","10":"first","11":"instock","12":"shipping-taxable","13":"product-type-simple"},"amp_enabled":true,"_links":{"self":[{"href":"https:\/\/www.hydraulic-cylinders.net\/ro\/wp-json\/wp\/v2\/product\/15221","targetHints":{"allow":["GET"]}}],"collection":[{"href":"https:\/\/www.hydraulic-cylinders.net\/ro\/wp-json\/wp\/v2\/product"}],"about":[{"href":"https:\/\/www.hydraulic-cylinders.net\/ro\/wp-json\/wp\/v2\/types\/product"}],"replies":[{"embeddable":true,"href":"https:\/\/www.hydraulic-cylinders.net\/ro\/wp-json\/wp\/v2\/comments?post=15221"}],"wp:featuredmedia":[{"embeddable":true,"href":"https:\/\/www.hydraulic-cylinders.net\/ro\/wp-json\/wp\/v2\/media\/14761"}],"wp:attachment":[{"href":"https:\/\/www.hydraulic-cylinders.net\/ro\/wp-json\/wp\/v2\/media?parent=15221"}],"wp:term":[{"taxonomy":"product_brand","embeddable":true,"href":"https:\/\/www.hydraulic-cylinders.net\/ro\/wp-json\/wp\/v2\/product_brand?post=15221"},{"taxonomy":"product_cat","embeddable":true,"href":"https:\/\/www.hydraulic-cylinders.net\/ro\/wp-json\/wp\/v2\/product_cat?post=15221"},{"taxonomy":"product_tag","embeddable":true,"href":"https:\/\/www.hydraulic-cylinders.net\/ro\/wp-json\/wp\/v2\/product_tag?post=15221"}],"curies":[{"name":"wp","href":"https:\/\/api.w.org\/{rel}","templated":true}]}}