{"id":15231,"date":"2025-01-19T14:16:14","date_gmt":"2025-01-19T14:16:14","guid":{"rendered":"https:\/\/www.hydraulic-cylinders.net\/product\/bucket-cylinder-for-caterpillar-middle-excavator-e320c-320d\/"},"modified":"2025-01-19T14:16:16","modified_gmt":"2025-01-19T14:16:16","slug":"bucket-cylinder-for-caterpillar-middle-excavator-e320c-320d","status":"publish","type":"product","link":"https:\/\/www.hydraulic-cylinders.net\/ro\/produs\/bucket-cylinder-for-caterpillar-middle-excavator-e320c-320d\/","title":{"rendered":"Cilindru cu cup\u0103 pentru excavatorul mijlociu Caterpillar E320C\/320D"},"content":{"rendered":"<h1>Cilindru cu cup\u0103 pentru excavatorul mijlociu Caterpillar E320C\/320D<\/h1>\n<h2>Introducere<\/h2>\n<h3>Defini\u0163ie<\/h3>\n<p>Un cilindru al cupei este un cilindru hidraulic special conceput, utilizat \u00een principal pentru a controla mi\u0219carea cupei \u00een utilaje grele, cum ar fi excavatoarele, excavatoarele \u0219i \u00eenc\u0103rc\u0103toarele frontale. Func\u021bia sa principal\u0103 este de a permite ridicarea, cobor\u00e2rea \u0219i \u00eenclinarea cupei, facilit\u00e2nd gestionarea diverselor sarcini de manipulare a materialelor. \u00cen sistemul hidraulic, cilindrul cupei realizeaz\u0103 un control precis al cupei prin modific\u0103ri ale presiunii uleiului hidraulic, permi\u021b\u00e2nd operatorului s\u0103 manipuleze eficient sarcini grele \u0219i s\u0103 se adapteze la medii de lucru complexe \u0219i cerin\u021be diverse ale lucr\u0103rilor.<\/p>\n<p><img decoding=\"async\" src=\"https:\/\/www.hydraulic-cylinders.net\/wp-content\/uploads\/2025\/01\/songte-company-2.webp\"\/><\/p>\n<h3>Caracteristici<\/h3>\n<ul>\n<li><strong>Rezisten\u021b\u0103 \u0219i durabilitate ridicate:<\/strong> De obicei, fabricate din o\u021bel sau aluminiu de \u00eenalt\u0103 rezisten\u021b\u0103, capabile s\u0103 reziste la presiuni ridicate \u0219i sarcini grele, adapt\u00e2ndu-se la medii de lucru dure. Proiectate \u021bin\u00e2nd cont de rezisten\u021ba la uzur\u0103 \u0219i coroziune, ceea ce prelunge\u0219te durata de via\u021b\u0103.<\/li>\n<li><strong>Func\u021bionare hidraulic\u0103 eficient\u0103:<\/strong> Utilizeaz\u0103 presiunea uleiului hidraulic pentru a ob\u021bine o extensie \u0219i o retragere lin\u0103, poate r\u0103spunde rapid la comenzile de control, oferind o trac\u021biune puternic\u0103 \u0219i o for\u021b\u0103 de \u00eempingere, potrivit pentru manipularea sarcinilor grele \u0219i a sarcinilor complexe.<\/li>\n<li><strong>Mai multe tipuri:<\/strong> Cilindrii cu ac\u021biune simpl\u0103 (utilizare hidraulic\u0103 \u00eentr-o singur\u0103 direc\u021bie) sau cu ac\u021biune dubl\u0103 (utilizare hidraulic\u0103 \u00een dou\u0103 direc\u021bii) pot fi selecta\u021bi \u00een func\u021bie de necesit\u0103\u021bi pentru a satisface diferite cerin\u021be opera\u021bionale. Unele modele sunt telescopice, permi\u021b\u00e2nd o extensie mai mare f\u0103r\u0103 a cre\u0219te dimensiunile exterioare, potrivite pentru aplica\u021bii cu spa\u021biu limitat.<\/li>\n<li><strong>Aplicare larg\u0103:<\/strong> Cilindrii cupei sunt utiliza\u021bi pe scar\u0103 larg\u0103 \u00een echipamente de construc\u021bii, utilaje agricole, excavatoare \u0219i \u00eenc\u0103rc\u0103toare, oferind suport esen\u021bial pentru s\u0103pare, \u00eenc\u0103rcare \u0219i transportul solului, f\u00e2nului \u0219i altor materiale.<\/li>\n<li><strong>\u00cenlocuibil:<\/strong> Produsele noastre pot \u00eenlocui perfect ace\u0219ti cilindri hidraulici, oferind o alternativ\u0103 rentabil\u0103 pentru \u00eenlocuire.<\/li>\n<\/ul>\n<p><img decoding=\"async\" src=\"https:\/\/www.hydraulic-cylinders.net\/wp-content\/uploads\/2025\/01\/songte-cylinder-head-with-all-kinds-excavator-models.webp\"\/><\/p>\n<h2>Aplica\u021bii<\/h2>\n<h3>Echipamente de construc\u021bii<\/h3>\n<p>\u00cen excavatoare, cilindrii cupei sunt esen\u021biali pentru s\u0103pare, \u00eenc\u0103rcare \u0219i mutarea solului sau a resturilor. \u00cen cazul excavatoarelor, cilindrii cupei ajut\u0103 at\u00e2t la s\u0103pare, c\u00e2t \u0219i la ridicare. \u00cen cazul \u00eenc\u0103rc\u0103toarelor frontale, ace\u0219tia ajut\u0103 la ridicarea \u0219i \u00eenclinarea eficient\u0103 a \u00eenc\u0103rc\u0103turii.<\/p>\n<h3>Ma\u0219ini agricole<\/h3>\n<p>Folosit la \u00eenc\u0103rc\u0103toarele frontale pentru scobere, ridicare \u0219i transportul solului, f\u00e2nului \u0219i altor materiale. La excavatoare, cilindrul cupei permite s\u0103parea permi\u021b\u00e2nd cupei s\u0103 p\u0103trund\u0103 \u00een sol. Potrivit pentru diverse aplica\u021bii agricole.<\/p>\n<h3>Excavatoare<\/h3>\n<p>Cilindrii cupei sunt utiliza\u021bi pentru s\u0103parea, \u00eenc\u0103rcarea \u0219i transportul solului, pietri\u0219ului \u0219i altor materiale. Cilindrul cupei permite cupei s\u0103 p\u0103trund\u0103 \u00een sol, f\u0103c\u00e2nd posibil\u0103 excavarea materialului.<\/p>\n<h3>\u00cenc\u0103rc\u0103toare<\/h3>\n<p>\u00cen cazul \u00eenc\u0103rc\u0103toarelor frontale, acestea ajut\u0103 la ridicarea \u0219i \u00eenclinarea eficient\u0103 a \u00eenc\u0103rc\u0103turii. Potrivite pentru \u00eenc\u0103rcarea \u0219i desc\u0103rcarea materialelor \u00een diverse industrii.<\/p>\n<p><img decoding=\"async\" src=\"https:\/\/www.hydraulic-cylinders.net\/wp-content\/uploads\/2025\/01\/songte-bushings-with-all-kinds-of-excavator-models.webp\"\/><\/p>\n<h2>Considera\u021bii de proiectare \u0219i criterii de selec\u021bie<\/h2>\n<h3>Capacitate portant\u0103<\/h3>\n<p>Capacitatea portant\u0103 a cilindrului hidraulic se refer\u0103 la sarcina maxim\u0103 pe care o poate suporta cilindrul. Aceasta este determinat\u0103 de diametrul interior al cilindrului, diametrul tijei \u0219i lungimea cursei. Proiectarea cilindrului hidraulic trebuie s\u0103 asigure c\u0103 acesta poate suporta sarcina necesar\u0103.<\/p>\n<h3>Sigilare<\/h3>\n<p>Tehnologia de etan\u0219are a cilindrului hidraulic determin\u0103 durata de via\u021b\u0103 \u0219i fiabilitatea acestuia. Utilizarea materialelor de etan\u0219are de \u00eenalt\u0103 calitate, cum ar fi poliuretanul \u0219i cauciucul nitrilic, poate reduce eficient uzura \u0219i poate prelungi durata de via\u021b\u0103 a cilindrului.<\/p>\n<h3>Durabilitate<\/h3>\n<p>Durabilitatea cilindrului hidraulic este legat\u0103 de materialele \u0219i tratamentul de suprafa\u021b\u0103 utilizate \u00een construc\u021bia sa. Corpul cilindrului \u0219i tija pistonului sunt de obicei fabricate din o\u021bel de \u00eenalt\u0103 calitate, iar tratamentul de suprafa\u021b\u0103 poate \u00eembun\u0103t\u0103\u021bi rezisten\u021ba la uzur\u0103 \u0219i la coroziune.<\/p>\n<h3>Siguran\u0163\u0103<\/h3>\n<p>Cilindrii hidraulici trebuie proiecta\u021bi av\u00e2nd \u00een vedere siguran\u021ba pentru a preveni accidentele cauzate de defectarea cilindrului. Sistemul hidraulic trebuie s\u0103 fie proiectat pentru a elibera presiunea excesiv\u0103, iar cilindrul hidraulic trebuie s\u0103 aib\u0103 un factor de siguran\u021b\u0103 care s\u0103 reziste la o posibil\u0103 supra\u00eenc\u0103rcare.<\/p>\n<h3>\u00centre\u0163inere<\/h3>\n<p>Cilindrul hidraulic necesit\u0103 \u00eentre\u021binere regulat\u0103 pentru a asigura func\u021bionarea corect\u0103. Inspec\u021bia regulat\u0103, lubrifierea corespunz\u0103toare, \u00eenlocuirea garniturilor \u0219i verific\u0103rile de calibrare sunt esen\u021biale pentru a asigura longevitatea cilindrului.<\/p>\n<p><img decoding=\"async\" src=\"https:\/\/hydraulic-cylinders.net\/wp-content\/uploads\/2024\/11\/songte-oil-pipes-and-spare-parts.webp\"\/><\/p>\n<h2>Instalare \u0219i \u00eentre\u021binere<\/h2>\n<h3>Instalare<\/h3>\n<p>Instalarea corect\u0103 este esen\u021bial\u0103 pentru func\u021bionarea corect\u0103 a cilindrilor hidraulici. Cilindrul hidraulic trebuie s\u0103 fie aliniat corespunz\u0103tor, iar pentru fixarea cilindrului trebuie utilizate console de instalare adecvate. Alinierea corect\u0103 poate fi realizat\u0103 folosind o nivel\u0103 cu bul\u0103 de aer sau un fir cu plumb. <\/p>\n<h3>\u00centre\u0163inere<\/h3>\n<p>Inspec\u021bia regulat\u0103, lubrifierea corespunz\u0103toare \u0219i \u00eenlocuirea garniturilor sunt necesare pentru men\u021binerea longevit\u0103\u021bii cilindrului hidraulic. \u00centre\u021binerea corespunz\u0103toare poate ajuta la prevenirea defec\u021biunilor \u0219i la prelungirea duratei de via\u021b\u0103 a cilindrului.<\/p>\n<h3>\u00centre\u021binere preventiv\u0103<\/h3>\n<ul>\n<li><strong>Inspec\u021bie periodic\u0103:<\/strong> Pentru a verifica dac\u0103 exist\u0103 semne de uzur\u0103 sau deteriorare a cilindrului \u0219i a componentelor acestuia.<\/li>\n<li><strong>Lubrifiere adecvat\u0103:<\/strong> Pentru a asigura func\u021bionarea corect\u0103 a cilindrului, lubrifia\u021bi periodic piesele mobile cu uleiul hidraulic recomandat.<\/li>\n<li><strong>\u00cenlocuirea garniturii:<\/strong> Pentru a preveni scurgerile \u0219i a asigura fiabilitatea, \u00eenlocui\u021bi garniturile conform recomand\u0103rilor produc\u0103torului.<\/li>\n<\/ul>\n<p><img decoding=\"async\" src=\"https:\/\/www.hydraulic-cylinders.net\/wp-content\/uploads\/2025\/01\/songte-chushion-collar.webp\"\/><\/p>\n<h2>Considera\u021bii privind siguran\u021ba \u0219i mediul<\/h2>\n<p>Atunci c\u00e2nd se lucreaz\u0103 cu cilindri hidraulici, trebuie respectate m\u0103suri de siguran\u021b\u0103 adecvate. Este necesar s\u0103 se respecte procedurile adecvate pentru manipularea, instalarea \u0219i \u00eentre\u021binerea cilindrului pentru a preveni accidentele. Manipularea \u0219i eliminarea corect\u0103 a uleiului hidraulic \u0219i a altor componente ale cilindrului hidraulic sunt, de asemenea, esen\u021biale din motive de mediu.<\/p>\n<h2>Diagnosticarea \u0219i depanarea defec\u021biunilor<\/h2>\n<p>C\u00e2nd un cilindru hidraulic se defecteaz\u0103, este important s\u0103 diagnostica\u021bi corect problema \u0219i s\u0103 lua\u021bi m\u0103surile corespunz\u0103toare. Problemele frecvente includ scurgeri, deteriorarea corpului sau tijei cilindrului \u0219i defectarea supapei de control. Diagnosticarea corect\u0103 poate ajuta la determinarea cauzei problemei \u0219i a solu\u021biei adecvate.<\/p>\n<h2>Introducerea companiei<\/h2>\n<p>Suntem produc\u0103tori de cilindri hidraulici de schimb. Cu o gam\u0103 complet\u0103 de produse, am devenit unul dintre principalii produc\u0103tori \u0219i distribuitori angro de cilindri hidraulici pe pie\u021bele interne \u0219i interna\u021bionale. Urm\u0103m principiul calit\u0103\u021bii excelente \u0219i ne baz\u0103m pe strategia industrializat\u0103 de management al produc\u021biei din atelierele noastre de produc\u021bie de \u00eenalt\u0103 calitate. \u00cembun\u0103t\u0103\u021bim continuu platforma de produc\u021bie a atelierului, perfec\u021bion\u0103m ruta de produc\u021bie a calit\u0103\u021bii produselor \u0219i avem o puternic\u0103 capacitate creativ\u0103 \u00een principii de \u00eenalt\u0103 eficien\u021b\u0103, \u00eenalt\u0103 precizie \u0219i \u00eenalt\u0103 calitate pentru a satisface nevoile diverse ale clien\u021bilor no\u0219tri. <\/p>\n<h3>Profesionalism<\/h3>\n<p>Compania noastr\u0103 are o echip\u0103 profesionist\u0103 de cercetare \u0219i dezvoltare \u0219i echipamente de produc\u021bie avansate pentru a asigura calitatea produselor noastre \u0219i a satisface nevoile clien\u021bilor no\u0219tri.<\/p>\n<h3>Certificare interna\u021bional\u0103<\/h3>\n<p>Produsele noastre au trecut certific\u0103ri interna\u021bionale de calitate, cum ar fi ISO9001, CE \u0219i ROHS, asigur\u00e2nd c\u0103 produsele noastre respect\u0103 standardele interna\u021bionale \u0219i sunt de o calitate excelent\u0103.<\/p>\n<h3>Servicii de personalizare<\/h3>\n<p>Oferim servicii personalizate pentru cilindri hidraulici pentru a satisface nevoile specifice ale clien\u021bilor no\u0219tri. Putem proiecta \u0219i fabrica cilindri hidraulici care s\u0103 \u00eendeplineasc\u0103 cerin\u021bele specifice ale clien\u021bilor no\u0219tri.<\/p>\n<h3>Echipamente de produc\u021bie<\/h3>\n<p>Compania noastr\u0103 dispune de echipamente de produc\u021bie avansate, cum ar fi strunguri CNC, ma\u0219ini de rectificat CNC \u0219i ma\u0219ini de frezat CNC, care asigur\u0103 precizia \u0219i calitatea produselor noastre.<\/p>\n<h3>Servicii post-v\u00e2nzare<\/h3>\n<p>Oferim servicii post-v\u00e2nzare, cum ar fi \u00eenlocuirea pieselor \u0219i serviciile de reconstruc\u021bie, pentru a ajuta clien\u021bii s\u0103 \u00ee\u0219i \u00eentre\u021bin\u0103 \u0219i s\u0103 repare cilindrii hidraulici \u00een mod eficient \u0219i eficace.<\/p>\n<p><img decoding=\"async\" src=\"https:\/\/www.hydraulic-cylinders.net\/wp-content\/uploads\/2025\/01\/songte-company-3.webp\"\/><\/p>\n<p>Autor: lyl<\/p>","protected":false},"excerpt":{"rendered":"<p>Bucket Cylinder For Caterpillar Middle Excavator E320C\/320D Introduction Definition A bucket cylinder is a specially designed hydraulic cylinder primarily used to control the movement of the bucket in heavy machinery such as excavators, backhoes, and front loaders. Its main function is to enable the bucket to lift, lower, and tilt, making it easier to handle [&hellip;]<\/p>","protected":false},"featured_media":14773,"comment_status":"open","ping_status":"closed","template":"","meta":{"_et_pb_use_builder":"","_et_pb_old_content":"","_et_gb_content_width":""},"product_brand":[],"product_cat":[1494],"product_tag":[1495,1496],"class_list":{"0":"post-15231","1":"product","2":"type-product","3":"status-publish","4":"has-post-thumbnail","6":"product_cat-bucket-cylinders","7":"product_tag-bucket-cylinders","8":"product_tag-hydraulic-cylinders","10":"first","11":"instock","12":"shipping-taxable","13":"product-type-simple"},"amp_enabled":true,"_links":{"self":[{"href":"https:\/\/www.hydraulic-cylinders.net\/ro\/wp-json\/wp\/v2\/product\/15231","targetHints":{"allow":["GET"]}}],"collection":[{"href":"https:\/\/www.hydraulic-cylinders.net\/ro\/wp-json\/wp\/v2\/product"}],"about":[{"href":"https:\/\/www.hydraulic-cylinders.net\/ro\/wp-json\/wp\/v2\/types\/product"}],"replies":[{"embeddable":true,"href":"https:\/\/www.hydraulic-cylinders.net\/ro\/wp-json\/wp\/v2\/comments?post=15231"}],"wp:featuredmedia":[{"embeddable":true,"href":"https:\/\/www.hydraulic-cylinders.net\/ro\/wp-json\/wp\/v2\/media\/14773"}],"wp:attachment":[{"href":"https:\/\/www.hydraulic-cylinders.net\/ro\/wp-json\/wp\/v2\/media?parent=15231"}],"wp:term":[{"taxonomy":"product_brand","embeddable":true,"href":"https:\/\/www.hydraulic-cylinders.net\/ro\/wp-json\/wp\/v2\/product_brand?post=15231"},{"taxonomy":"product_cat","embeddable":true,"href":"https:\/\/www.hydraulic-cylinders.net\/ro\/wp-json\/wp\/v2\/product_cat?post=15231"},{"taxonomy":"product_tag","embeddable":true,"href":"https:\/\/www.hydraulic-cylinders.net\/ro\/wp-json\/wp\/v2\/product_tag?post=15231"}],"curies":[{"name":"wp","href":"https:\/\/api.w.org\/{rel}","templated":true}]}}