{"id":15233,"date":"2025-01-19T14:16:23","date_gmt":"2025-01-19T14:16:23","guid":{"rendered":"https:\/\/www.hydraulic-cylinders.net\/product\/bucket-cylinder-for-caterpillar-middle-excavator-e33202\/"},"modified":"2025-01-19T14:16:25","modified_gmt":"2025-01-19T14:16:25","slug":"bucket-cylinder-for-caterpillar-middle-excavator-e33202","status":"publish","type":"product","link":"https:\/\/www.hydraulic-cylinders.net\/ro\/produs\/bucket-cylinder-for-caterpillar-middle-excavator-e33202\/","title":{"rendered":"Cilindru cu cup\u0103 pentru excavatorul mijlociu Caterpillar E33202"},"content":{"rendered":"<h1>Cilindru cu cup\u0103 pentru excavatorul mijlociu Caterpillar E33202<\/h1>\n<h2>Introducere<\/h2>\n<h3>Defini\u021bie \u0219i explica\u021bie<\/h3>\n<p>Un cilindru hidraulic pentru cup\u0103 pentru excavatorul intermediar Caterpillar E33202 este un cilindru hidraulic specializat, utilizat \u00een principal pentru a controla mi\u0219carea cupelor \u00een utilaje grele, cum ar fi excavatoarele, excavatoarele cu buldoexcavatoare \u0219i \u00eenc\u0103rc\u0103toare frontale. Func\u021bia sa principal\u0103 este de a permite ridicarea, cobor\u00e2rea \u0219i \u00eenclinarea cupei, ceea ce faciliteaz\u0103 diverse sarcini de manipulare a materialelor. \u00cen sistemul hidraulic, cilindrul cupei realizeaz\u0103 un control precis al cupei prin modific\u0103ri ale presiunii uleiului hidraulic, permi\u021b\u00e2nd operatorilor s\u0103 manipuleze eficient sarcini grele, s\u0103 se adapteze la medii de lucru complexe \u0219i la diverse cerin\u021be opera\u021bionale.<\/p>\n<div>\n    <img decoding=\"async\" src=\"https:\/\/www.hydraulic-cylinders.net\/wp-content\/uploads\/2025\/01\/songte-company-2.webp\" alt=\"Cilindru cu cup\u0103 pentru excavatorul mijlociu Caterpillar E33202\">\n<\/div>\n<h2>Caracteristici ale produsului<\/h2>\n<h3>Rezisten\u021b\u0103 \u0219i durabilitate ridicate<\/h3>\n<p>Cilindrii cu cup\u0103 sunt de obicei fabrica\u021bi din o\u021bel sau aluminiu de \u00eenalt\u0103 rezisten\u021b\u0103, capabili s\u0103 reziste la presiuni ridicate \u0219i sarcini grele, se adapteaz\u0103 la medii de lucru dure \u0219i sunt proiecta\u021bi av\u00e2nd \u00een vedere rezisten\u021ba la uzur\u0103 \u0219i la coroziune, prelungindu-le durata de via\u021b\u0103.<\/p>\n<h3>Opera\u021biuni hidraulice eficiente<\/h3>\n<p>Cilindrii cupei utilizeaz\u0103 presiunea uleiului hidraulic pentru a realiza mi\u0219c\u0103ri line de extensie \u0219i contrac\u021bie, sunt capabili s\u0103 r\u0103spund\u0103 rapid la comenzile de control, oferind for\u021be puternice de \u00eempingere \u0219i tragere \u0219i sunt potrivi\u021bi pentru manipularea sarcinilor grele \u0219i a sarcinilor opera\u021bionale complexe.<\/p>\n<h3>Mai multe tipuri<\/h3>\n<p>Cilindrii cupei pot fi cu ac\u021biune simpl\u0103 (folosind sistemul hidraulic \u00eentr-o singur\u0103 direc\u021bie) sau cu ac\u021biune dubl\u0103 (folosind sistemul hidraulic \u00een ambele direc\u021bii), \u00een func\u021bie de nevoile opera\u021bionale. Unele modele sunt telescopice, permi\u021b\u00e2nd o extensie mai mare f\u0103r\u0103 a cre\u0219te dimensiunile exterioare, ceea ce le face potrivite pentru utilizarea \u00een spa\u021bii limitate.<\/p>\n<h3>Produc\u021bia de produse<\/h3>\n<p>Putem produce acest produs, iar produsul nostru poate \u00eenlocui perfect ace\u0219ti cilindri hidraulici.<\/p>\n<div>\n    <img decoding=\"async\" src=\"https:\/\/www.hydraulic-cylinders.net\/wp-content\/uploads\/2025\/01\/songte-cylinder-head-with-all-kinds-excavator-models.webp\" alt=\"Cilindru cu cup\u0103 pentru excavatorul mijlociu Caterpillar E33202 Produc\u021bie\">\n<\/div>\n<h2>Scenarii de aplica\u021bii<\/h2>\n<h3>Echipamente de construc\u021bii<\/h3>\n<p>\u00cen excavatoare, acestea sunt esen\u021biale pentru s\u0103parea, \u00eenc\u0103rcarea \u0219i mutarea solului sau a resturilor. \u00cen excavatoarele cu buldoexcavatoare, cilindrii cupei ajut\u0103 at\u00e2t la excavare, c\u00e2t \u0219i la ridicare. \u00cen \u00eenc\u0103rc\u0103toarele frontale, acestea ajut\u0103 la desc\u0103rcarea \u0219i turnarea eficient\u0103 a m\u0103rfurilor.<\/p>\n<h3>Ma\u0219ini agricole<\/h3>\n<p>Folosit pentru \u00eenc\u0103rc\u0103toare frontale la ridicarea \u0219i transportul solului, f\u00e2nului \u0219i altor materiale.<\/p>\n<h3>Excavatoare<\/h3>\n<p>Cilindrii cupei permit ac\u021biunile de s\u0103pare permi\u021b\u00e2nd cupei s\u0103 p\u0103trund\u0103 \u00een sol.<\/p>\n<h3>\u00cenc\u0103rc\u0103toare<\/h3>\n<p>\u00cen cazul \u00eenc\u0103rc\u0103toarelor frontale, acestea ajut\u0103 la ridicarea \u0219i turnarea eficient\u0103 a m\u0103rfurilor.<\/p>\n<div>\n    <img decoding=\"async\" src=\"https:\/\/www.hydraulic-cylinders.net\/wp-content\/uploads\/2025\/01\/songte-bushings-with-all-kinds-of-excavator-models.webp\" alt=\"Cilindru cu cup\u0103 pentru excavatorul mijlociu Caterpillar E33202 Scenarii de aplicare\">\n<\/div>\n<h2>Considera\u021bii de proiectare \u0219i criterii de selec\u021bie<\/h2>\n<h3>Capacitate de \u00eenc\u0103rcare<\/h3>\n<p>Cilindrul cupei trebuie s\u0103 fie proiectat pentru a suporta for\u021ba maxim\u0103 exercitat\u0103 asupra sa \u00een timpul func\u021bion\u0103rii.<\/p>\n<h3>Sigilare<\/h3>\n<p>Utilizarea diverselor componente de etan\u0219are, cum ar fi etan\u0219\u0103rile pistonului \u0219i ale tijei, fabricate din materiale rezistente la uzur\u0103, precum poliuretanul \u0219i cauciucul nitrilic, asigur\u0103 o durat\u0103 de via\u021b\u0103 mai lung\u0103. Suprafa\u021ba corpului cilindrului \u0219i cap\u0103tul filetat sunt supuse unui tratament meticulos pentru a spori rezisten\u021ba la uzur\u0103. Umplerea regulat\u0103 cu o cantitate adecvat\u0103 de ulei hidraulic asigur\u0103 o func\u021bionare lin\u0103.<\/p>\n<h3>Durabilitate<\/h3>\n<p>Cilindrul cupei trebuie s\u0103 fie fabricat din materiale de \u00eenalt\u0103 rezisten\u021b\u0103, rezistente la coroziune, uzur\u0103 \u0219i medii dure, pentru a asigura durabilitate \u0219i fiabilitate pe termen lung.<\/p>\n<h3>Siguran\u0163\u0103<\/h3>\n<p>Cilindrii cupei trebuie proiecta\u021bi \u0219i instala\u021bi astfel \u00eenc\u00e2t s\u0103 asigure siguran\u021ba operatorului, iar nefunc\u021bionarea nu trebuie s\u0103 provoace v\u0103t\u0103m\u0103ri personalului sau utilajelor.<\/p>\n<h3>\u00centre\u0163inere<\/h3>\n<p>\u00centre\u021binerea \u0219i inspec\u021bia regulat\u0103, inclusiv lubrifierea, \u00eenlocuirea garniturilor \u0219i verific\u0103rile de calibrare, asigur\u0103 longevitatea \u0219i performan\u021ba optim\u0103 a cilindrului cupei.<\/p>\n<div>\n    <img decoding=\"async\" src=\"https:\/\/www.hydraulic-cylinders.net\/wp-content\/uploads\/2025\/01\/songte-oil-pipes-and-spare-parts.webp\" alt=\"Cilindru cup\u0103 pentru excavatorul mijlociu Caterpillar E33202 Considera\u021bii de proiectare \u0219i criterii de selec\u021bie\">\n<\/div>\n<h2>Etan\u0219are \u0219i lubrifiere<\/h2>\n<p>Cilindrii cu cup\u0103 utilizeaz\u0103 diverse componente de etan\u0219are pentru a asigura fiabilitatea, garniturile pistonului \u0219i ale tijei fiind de obicei fabricate din materiale rezistente la uzur\u0103, cum ar fi poliuretanul \u0219i cauciucul nitrilic. Corpul cilindrului \u0219i cap\u0103tul filetat sunt supuse unui tratament meticulos pentru a cre\u0219te rezisten\u021ba la uzur\u0103. Umplerea regulat\u0103 cu o cantitate adecvat\u0103 de ulei hidraulic asigur\u0103 o func\u021bionare lin\u0103.<\/p>\n<div>\n    <img decoding=\"async\" src=\"https:\/\/www.hydraulic-cylinders.net\/wp-content\/uploads\/2025\/01\/songte-chushion-collar.webp\" alt=\"Cilindru cup\u0103 pentru excavator mijlociu Caterpillar E33202 Etan\u0219are \u0219i lubrifiere\">\n<\/div>\n<h2>M\u0103suri preventive de \u00eentre\u021binere \u0219i repara\u021bii<\/h2>\n<h3>Inspec\u021bie regulat\u0103<\/h3>\n<p>Inspec\u021bia regulat\u0103 a cilindrului cupei asigur\u0103 detectarea \u0219i rezolvarea la timp a oric\u0103ror probleme.<\/p>\n<h3>Lubrifiere adecvat\u0103<\/h3>\n<p>Lubrifierea corect\u0103 a cilindrului cupei asigur\u0103 o func\u021bionare lin\u0103 \u0219i prelunge\u0219te durata de via\u021b\u0103 a cilindrului.<\/p>\n<h3>\u00cenlocuirea garniturii \u0219i verificarea calibr\u0103rii<\/h3>\n<p>\u00cenlocuirea componentelor de etan\u0219are uzate \u0219i calibrarea cilindrului asigur\u0103 performan\u021be optime \u0219i longevitate.<\/p>\n<p>Este important s\u0103 alinia\u021bi corect cilindrul \u00een timpul instal\u0103rii \u0219i s\u0103 utiliza\u021bi console de instalare adecvate pentru a-l fixa. Procedurile recomandate de inspec\u021bie, reparare \u0219i \u00eenlocuire, precum \u0219i serviciile de reconstruc\u021bie, ofer\u0103 sfaturi pentru prelungirea duratei de via\u021b\u0103 a cilindrului cupei.<\/p>\n<div>\n    <img decoding=\"async\" src=\"https:\/\/hzpt.com\/wp-content\/uploads\/2024\/11\/songte-company-1.webp\" alt=\"Cilindru cup\u0103 pentru excavatorul mijlociu Caterpillar E33202 M\u0103suri de \u00eentre\u021binere preventiv\u0103 \u0219i repara\u021bii\">\n<\/div>\n<h2>Considera\u021bii de siguran\u021b\u0103 \u0219i factori de mediu<\/h2>\n<p>La utilizarea cilindrilor cu cup\u0103, trebuie luate m\u0103suri de siguran\u021b\u0103 pentru a preveni v\u0103t\u0103marea personalului sau a utilajelor. Trebuie subliniat\u0103 importan\u021ba utiliz\u0103rii m\u0103surilor de siguran\u021b\u0103 la utilizarea produsului.<\/p>\n<h2>Diagnosticarea defec\u021biunilor \u0219i probleme frecvente<\/h2>\n<p>Cilindrii cupei pot \u00eent\u00e2mpina diverse probleme \u00een timpul func\u021bion\u0103rii, inclusiv scurgeri de ulei, presiune insuficient\u0103 \u0219i deterior\u0103ri mecanice. Diagnosticarea \u0219i depanarea corect\u0103 sunt necesare pentru a identifica \u0219i rezolva astfel de probleme. \u00centre\u021binerea \u0219i inspec\u021bia regulat\u0103 reduc la minimum apari\u021bia poten\u021bialelor probleme.<\/p>\n<div>\n    <img decoding=\"async\" src=\"https:\/\/www.hydraulic-cylinders.net\/wp-content\/uploads\/2025\/01\/songte-company-3.webp\" alt=\"Cilindru cu cup\u0103 pentru excavatorul mijlociu Caterpillar E33202 Introducerea companiei\">\n<\/div>\n<h2>Introducerea companiei<\/h2>\n<p>Suntem produc\u0103tori de cilindri hidraulici de schimb, iar produsele noastre au o gam\u0103 complet\u0103, ceea ce ne face unul dintre principalii produc\u0103tori \u0219i distribuitori angro de cilindri hidraulici pe pie\u021bele interne \u0219i interna\u021bionale. Ader\u0103m la principiul calit\u0103\u021bii excelente, ne baz\u0103m pe strategii industrializate de management al produc\u021biei \u00een ateliere de fabrica\u021bie fin elaborate \u0219i ne \u00eembun\u0103t\u0103\u021bim constant platforma de produc\u021bie, perfec\u021bion\u0103m linia de produc\u021bie a calit\u0103\u021bii produselor noastre \u0219i avem o capacitate creativ\u0103 puternic\u0103 de a satisface nevoile diverse ale clien\u021bilor no\u0219tri cu eficien\u021b\u0103 ridicat\u0103, precizie ridicat\u0103 \u0219i principii de \u00eenalt\u0103 calitate.<\/p>\n<p>Oferim servicii personalizate \u0219i am ob\u021binut certific\u0103ri interna\u021bionale. Folosim echipamente de produc\u021bie avansate \u0219i avem o echip\u0103 profesionist\u0103 de servicii post-v\u00e2nzare pentru a oferi clien\u021bilor no\u0219tri produse \u0219i servicii de \u00eenalt\u0103 calitate.<\/p>\n<div>\n    <img decoding=\"async\" src=\"https:\/\/www.hydraulic-cylinders.net\/wp-content\/uploads\/2025\/01\/songte-company-3.webp\" alt=\"Cilindru cu cup\u0103 pentru excavatorul mijlociu Caterpillar E33202 Introducerea companiei\">\n<\/div>\n<p>Autor: lyl.<\/p>","protected":false},"excerpt":{"rendered":"<p>Bucket Cylinder For Caterpillar Middle Excavator E33202 Introduction Definition and Explanation A Bucket Cylinder for Caterpillar Middle Excavator E33202 is a specialized hydraulic cylinder primarily used to control the movement of buckets in heavy machinery, such as excavators, backhoe excavators, and front-end loaders. Its main function is to enable the bucket to lift, lower, and [&hellip;]<\/p>","protected":false},"featured_media":14769,"comment_status":"open","ping_status":"closed","template":"","meta":{"_et_pb_use_builder":"","_et_pb_old_content":"","_et_gb_content_width":""},"product_brand":[],"product_cat":[1494],"product_tag":[1495,1496],"class_list":{"0":"post-15233","1":"product","2":"type-product","3":"status-publish","4":"has-post-thumbnail","6":"product_cat-bucket-cylinders","7":"product_tag-bucket-cylinders","8":"product_tag-hydraulic-cylinders","10":"first","11":"instock","12":"shipping-taxable","13":"product-type-simple"},"amp_enabled":true,"_links":{"self":[{"href":"https:\/\/www.hydraulic-cylinders.net\/ro\/wp-json\/wp\/v2\/product\/15233","targetHints":{"allow":["GET"]}}],"collection":[{"href":"https:\/\/www.hydraulic-cylinders.net\/ro\/wp-json\/wp\/v2\/product"}],"about":[{"href":"https:\/\/www.hydraulic-cylinders.net\/ro\/wp-json\/wp\/v2\/types\/product"}],"replies":[{"embeddable":true,"href":"https:\/\/www.hydraulic-cylinders.net\/ro\/wp-json\/wp\/v2\/comments?post=15233"}],"wp:featuredmedia":[{"embeddable":true,"href":"https:\/\/www.hydraulic-cylinders.net\/ro\/wp-json\/wp\/v2\/media\/14769"}],"wp:attachment":[{"href":"https:\/\/www.hydraulic-cylinders.net\/ro\/wp-json\/wp\/v2\/media?parent=15233"}],"wp:term":[{"taxonomy":"product_brand","embeddable":true,"href":"https:\/\/www.hydraulic-cylinders.net\/ro\/wp-json\/wp\/v2\/product_brand?post=15233"},{"taxonomy":"product_cat","embeddable":true,"href":"https:\/\/www.hydraulic-cylinders.net\/ro\/wp-json\/wp\/v2\/product_cat?post=15233"},{"taxonomy":"product_tag","embeddable":true,"href":"https:\/\/www.hydraulic-cylinders.net\/ro\/wp-json\/wp\/v2\/product_tag?post=15233"}],"curies":[{"name":"wp","href":"https:\/\/api.w.org\/{rel}","templated":true}]}}