{"id":15238,"date":"2025-01-19T14:16:42","date_gmt":"2025-01-19T14:16:42","guid":{"rendered":"https:\/\/www.hydraulic-cylinders.net\/product\/bucket-cylinder-for-caterpillar-middle-excavator-e323dl-323d2l\/"},"modified":"2025-01-19T14:16:44","modified_gmt":"2025-01-19T14:16:44","slug":"bucket-cylinder-for-caterpillar-middle-excavator-e323dl-323d2l","status":"publish","type":"product","link":"https:\/\/www.hydraulic-cylinders.net\/ro\/produs\/bucket-cylinder-for-caterpillar-middle-excavator-e323dl-323d2l\/","title":{"rendered":"Cilindru cu cup\u0103 pentru excavatorul mijlociu Caterpillar E323DL\/323D2L"},"content":{"rendered":"<h1>Cilindru cu cup\u0103 pentru excavatorul mijlociu Caterpillar E323DL\/323D2L<\/h1>\n<h2>Introducere<\/h2>\n<p>Cilindrul cupei este un cilindru hidraulic special conceput, utilizat \u00een principal pentru controlul mi\u0219c\u0103rii cupelor \u00een utilaje grele, cum ar fi excavatoarele, excavatoarele \u0219i \u00eenc\u0103rc\u0103toarele. Func\u021bia sa principal\u0103 este de a permite ridicarea, cobor\u00e2rea \u0219i \u00eenclinarea cupei, facilit\u00e2nd astfel gestionarea diverselor sarcini de manipulare a materialelor. \u00cen sistemul hidraulic, cilindrul cupei realizeaz\u0103 un control precis al cupei prin schimb\u0103rile de presiune ale uleiului hidraulic, permi\u021b\u00e2nd operatorilor s\u0103 manipuleze eficient sarcini grele \u0219i s\u0103 se adapteze la medii de lucru complexe \u0219i nevoi opera\u021bionale diverse.<\/p>\n<p><img decoding=\"async\" src=\"https:\/\/www.hydraulic-cylinders.net\/wp-content\/uploads\/2025\/01\/songte-company-2.webp\"><\/p>\n<h2>Caracteristici<\/h2>\n<ul>\n<li>Rezisten\u021b\u0103 \u0219i durabilitate ridicate: De obicei, sunt fabricate din o\u021bel sau aluminiu de \u00eenalt\u0103 rezisten\u021b\u0103, care pot rezista la presiuni ridicate \u0219i sarcini grele, fiind potrivite pentru medii de lucru dure. Printre aspectele de proiectare se num\u0103r\u0103 rezisten\u021ba la uzur\u0103 \u0219i rezisten\u021ba la coroziune, care prelungesc durata de via\u021b\u0103.<\/li>\n<li>Func\u021bionare hidraulic\u0103 eficient\u0103: Ac\u021biunile line de extensie \u0219i contrac\u021bie sunt ob\u021binute prin utilizarea presiunii uleiului hidraulic, care poate r\u0103spunde rapid la comenzile de control, oferind for\u021be puternice de \u00eempingere \u0219i tragere, potrivite pentru manipularea sarcinilor grele \u0219i a sarcinilor complexe.<\/li>\n<li>Diverse tipuri: Cilindrii cu ac\u021biune simpl\u0103 (sistem hidraulic utilizat \u00eentr-o singur\u0103 direc\u021bie) sau cu ac\u021biune dubl\u0103 (sistem hidraulic utilizat \u00een ambele direc\u021bii) pot fi selecta\u021bi \u00een func\u021bie de cerin\u021bele opera\u021bionale, iar unele modele sunt telescopice, permi\u021b\u00e2nd o extensie mai mare f\u0103r\u0103 a cre\u0219te dimensiunile exterioare, potrivite pentru aplica\u021bii cu spa\u021biu limitat.<\/li>\n<li>\u00cenlocuire u\u0219oar\u0103: Produsul nostru poate fi perfect \u00eenlocuit cu ace\u0219ti cilindri hidraulici.<\/li>\n<\/ul>\n<p><img decoding=\"async\" src=\"https:\/\/www.hydraulic-cylinders.net\/wp-content\/uploads\/2025\/01\/songte-cylinder-head-with-all-kinds-excavator-models.webp\"><\/p>\n<h2>Aplica\u021bii<\/h2>\n<h3>Echipamente de construc\u021bii<\/h3>\n<p>\u00cen excavatoare, acestea sunt esen\u021biale pentru excavare, \u00eenc\u0103rcare \u0219i mutarea solului sau a resturilor. \u00cen excavatoare, cilindrii cupei ajut\u0103 at\u00e2t la excavare, c\u00e2t \u0219i la ridicare. \u00cen \u00eenc\u0103rc\u0103toare, ace\u0219tia ajut\u0103 la ridicarea \u0219i desc\u0103rcarea eficient\u0103 a m\u0103rfurilor.<\/p>\n<h3>Ma\u0219ini agricole<\/h3>\n<p>Folosit la \u00eenc\u0103rc\u0103toare frontale, pentru scobere, ridicare \u0219i transportul solului, f\u00e2nului \u0219i altor materiale.<\/p>\n<h3>Excavatoare<\/h3>\n<p>Cilindrul cupei realizeaz\u0103 ac\u021biunea de s\u0103pare permi\u021b\u00e2nd cupei s\u0103 p\u0103trund\u0103 \u00een sol.<\/p>\n<h3>\u00cenc\u0103rc\u0103toare<\/h3>\n<p>\u00cen cazul \u00eenc\u0103rc\u0103toarelor frontale, acestea ajut\u0103 la ridicarea \u0219i \u00eenclinarea eficient\u0103 a m\u0103rfurilor.<\/p>\n<p><img decoding=\"async\" src=\"https:\/\/www.hydraulic-cylinders.net\/wp-content\/uploads\/2025\/01\/songte-chushion-collar.webp\"><\/p>\n<h2>Considera\u021bii de proiectare \u0219i criterii de selec\u021bie<\/h2>\n<ul>\n<li>Capacitate portant\u0103<\/li>\n<li>Sigilare<\/li>\n<li>Durabilitate<\/li>\n<li>Siguran\u0163\u0103<\/li>\n<li>Mentenabilitate<\/li>\n<\/ul>\n<p><img decoding=\"async\" src=\"https:\/\/www.hydraulic-cylinders.net\/wp-content\/uploads\/2025\/01\/songte-oil-pipes-and-spare-parts.webp\"><\/p>\n<h2>Etan\u0219are \u0219i lubrifiere<\/h2>\n<p>Se utilizeaz\u0103 diverse componente de etan\u0219are, cum ar fi etan\u0219\u0103rile pistonului, etan\u0219\u0103rile tijei etc. Sunt selectate componente de etan\u0219are fabricate din materiale rezistente la uzur\u0103, cum ar fi poliuretanul \u0219i cauciucul nitrilic. Suprafe\u021bele corpului cilindrului \u0219i ale capetelor filetate sunt prelucrate fin pentru a \u00eembun\u0103t\u0103\u021bi rezisten\u021ba la uzur\u0103. Este necesar\u0103 lubrifierea regulat\u0103 cu ulei hidraulic adecvat.<\/p>\n<h2>\u00centre\u021binere \u0219i inspec\u021bie preventiv\u0103<\/h2>\n<ul>\n<li>Inspec\u021bie regulat\u0103<\/li>\n<li>Lubrifiere adecvat\u0103<\/li>\n<li>\u00cenlocuirea garniturii \u0219i verificarea calibr\u0103rii<\/li>\n<\/ul>\n<p>Instalarea, lubrifierea \u0219i reglarea corect\u0103 sunt importante. \u00cen timpul instal\u0103rii trebuie furnizate \u00eendrum\u0103ri corecte pentru aliniere, iar pentru fixarea cilindrului trebuie utilizate console de instalare adecvate. Sunt furnizate proceduri recomandate de inspec\u021bie, reparare \u0219i \u00eenlocuire, precum \u0219i piese de schimb \u0219i servicii de reconstruc\u021bie pentru a prelungi durata de via\u021b\u0103 a cilindrului.<\/p>\n<p><img decoding=\"async\" src=\"https:\/\/www.hydraulic-cylinders.net\/wp-content\/uploads\/2025\/01\/songte-bushings-with-all-kinds-of-excavator-models.webp\"><\/p>\n<h2>Considera\u021bii de siguran\u021b\u0103 \u0219i factori de mediu<\/h2>\n<p>M\u0103surile de siguran\u021b\u0103 sunt importante la utilizarea cilindrului. \u00centre\u021binerea \u0219i inspec\u021bia regulat\u0103 pot ajuta la minimizarea poten\u021bialelor probleme. De asemenea, factorii de mediu trebuie lua\u021bi \u00een considerare la operarea cilindrului.<\/p>\n<h2>Depanare \u0219i probleme frecvente<\/h2>\n<ul>\n<li>Scurgere<\/li>\n<li>Func\u021bionare lent\u0103<\/li>\n<li>Zgomot excesiv<\/li>\n<\/ul>\n<p>Sunt oferite sfaturi \u0219i solu\u021bii de depanare pentru a ajuta cititorii s\u0103 diagnosticheze \u0219i s\u0103 rezolve problemele \u00een mod eficient. De asemenea, sunt sugerate m\u0103suri preventive pentru a minimiza poten\u021bialele probleme.<\/p>\n<p><img decoding=\"async\" src=\"https:\/\/hzpt.com\/wp-content\/uploads\/2024\/11\/songte-company-1.webp\"><\/p>\n<h2>Despre noi<\/h2>\n<p>Suntem produc\u0103tori de cilindri hidraulici de schimb cu o gam\u0103 complet\u0103 de produse \u0219i am devenit unul dintre principalii produc\u0103tori \u0219i distribuitori angro de cilindri hidraulici pe pie\u021bele interne \u0219i interna\u021bionale. Urm\u0103m principiul excelen\u021bei \u00een calitate, baz\u00e2ndu-ne pe strategia industrializat\u0103 de management al produc\u021biei a atelierelor de produc\u021bie fin\u0103 \u0219i \u00eembun\u0103t\u0103\u021bim constant platforma de produc\u021bie a atelierului, \u00eembun\u0103t\u0103\u021bim ruta de produc\u021bie a calit\u0103\u021bii produselor \u0219i avem capacit\u0103\u021bi puternice de crea\u021bie. De asemenea, am aplicat echipamente digitale de produc\u021bie de ultim\u0103 genera\u021bie, sisteme profesionale de testare \u0219i talente tehnice pentru a satisface nevoile diverse ale clien\u021bilor cu eficien\u021b\u0103 ridicat\u0103, precizie ridicat\u0103 \u0219i calitate superioar\u0103.<\/p>\n<ul>\n<li>Profesionalism<\/li>\n<li>Certificare interna\u021bional\u0103<\/li>\n<li>Serviciu personalizat<\/li>\n<li>Echipamente de produc\u021bie<\/li>\n<li>Serviciu post-v\u00e2nzare<\/li>\n<\/ul>\n<p>Autor: lyl<\/p>","protected":false},"excerpt":{"rendered":"<p>Bucket Cylinder For Caterpillar Middle Excavator E323DL\/323D2L Introduction The bucket cylinder is a specially designed hydraulic cylinder that is primarily used for controlling the movement of buckets in heavy machinery such as excavators, backhoes, and loaders. Its main function is to enable the bucket to lift, lower, and tilt, making it easier to handle various [&hellip;]<\/p>","protected":false},"featured_media":14788,"comment_status":"open","ping_status":"closed","template":"","meta":{"_et_pb_use_builder":"","_et_pb_old_content":"","_et_gb_content_width":""},"product_brand":[],"product_cat":[1494],"product_tag":[1495,1496],"class_list":{"0":"post-15238","1":"product","2":"type-product","3":"status-publish","4":"has-post-thumbnail","6":"product_cat-bucket-cylinders","7":"product_tag-bucket-cylinders","8":"product_tag-hydraulic-cylinders","10":"first","11":"instock","12":"shipping-taxable","13":"product-type-simple"},"amp_enabled":true,"_links":{"self":[{"href":"https:\/\/www.hydraulic-cylinders.net\/ro\/wp-json\/wp\/v2\/product\/15238","targetHints":{"allow":["GET"]}}],"collection":[{"href":"https:\/\/www.hydraulic-cylinders.net\/ro\/wp-json\/wp\/v2\/product"}],"about":[{"href":"https:\/\/www.hydraulic-cylinders.net\/ro\/wp-json\/wp\/v2\/types\/product"}],"replies":[{"embeddable":true,"href":"https:\/\/www.hydraulic-cylinders.net\/ro\/wp-json\/wp\/v2\/comments?post=15238"}],"wp:featuredmedia":[{"embeddable":true,"href":"https:\/\/www.hydraulic-cylinders.net\/ro\/wp-json\/wp\/v2\/media\/14788"}],"wp:attachment":[{"href":"https:\/\/www.hydraulic-cylinders.net\/ro\/wp-json\/wp\/v2\/media?parent=15238"}],"wp:term":[{"taxonomy":"product_brand","embeddable":true,"href":"https:\/\/www.hydraulic-cylinders.net\/ro\/wp-json\/wp\/v2\/product_brand?post=15238"},{"taxonomy":"product_cat","embeddable":true,"href":"https:\/\/www.hydraulic-cylinders.net\/ro\/wp-json\/wp\/v2\/product_cat?post=15238"},{"taxonomy":"product_tag","embeddable":true,"href":"https:\/\/www.hydraulic-cylinders.net\/ro\/wp-json\/wp\/v2\/product_tag?post=15238"}],"curies":[{"name":"wp","href":"https:\/\/api.w.org\/{rel}","templated":true}]}}