{"id":15244,"date":"2025-01-19T14:17:12","date_gmt":"2025-01-19T14:17:12","guid":{"rendered":"https:\/\/www.hydraulic-cylinders.net\/product\/bucket-cylinder-for-caterpillar-large-excavator-e349dz\/"},"modified":"2025-01-19T14:17:14","modified_gmt":"2025-01-19T14:17:14","slug":"bucket-cylinder-for-caterpillar-large-excavator-e349dz","status":"publish","type":"product","link":"https:\/\/www.hydraulic-cylinders.net\/ro\/produs\/bucket-cylinder-for-caterpillar-large-excavator-e349dz\/","title":{"rendered":"Cilindru cu cup\u0103 pentru excavator mare Caterpillar E349DZ"},"content":{"rendered":"<h1>Cilindru cu cup\u0103 pentru excavator mare Caterpillar E349DZ<\/h1>\n<h2>Introducere<\/h2>\n<p>Un cilindru al cupei este un cilindru hidraulic special conceput care controleaz\u0103 mi\u0219carea cupelor \u00een utilaje grele, cum ar fi excavatoarele, \u00eenc\u0103rc\u0103toarele excavatoare \u0219i \u00eenc\u0103rc\u0103toarele frontale. Func\u021bia sa principal\u0103 este de a permite ridicarea, cobor\u00e2rea \u0219i \u00eenclinarea cupei, facilit\u00e2nd manipularea diverselor materiale. \u00cen sistemul hidraulic, cilindrul cupei realizeaz\u0103 un control precis al mi\u0219c\u0103rii cupei prin modific\u0103ri ale presiunii uleiului hidraulic, permi\u021b\u00e2nd operatorilor s\u0103 manipuleze eficient sarcini grele \u0219i s\u0103 se adapteze la medii de lucru complexe \u0219i nevoi opera\u021bionale diverse.<\/p>\n<p><img decoding=\"async\" src=\"https:\/\/www.hydraulic-cylinders.net\/wp-content\/uploads\/2025\/01\/songte-company-2.webp\"><\/p>\n<h2>Caracteristici<\/h2>\n<ul>\n<li>\n<h3>Rezisten\u021b\u0103 \u0219i durabilitate ridicate<\/h3>\n<\/li>\n<p>Cilindrii cu cup\u0103 sunt de obicei fabrica\u021bi din o\u021bel sau aluminiu de \u00eenalt\u0103 rezisten\u021b\u0103, care pot rezista la presiuni ridicate \u0219i sarcini grele, se adapteaz\u0103 la medii de lucru dure \u0219i sunt proiecta\u021bi s\u0103 ia \u00een considerare rezisten\u021ba la uzur\u0103 \u0219i rezisten\u021ba la coroziune pentru a le prelungi durata de via\u021b\u0103.<\/p>\n<li>\n<h3>Func\u021bionare hidraulic\u0103 eficient\u0103<\/h3>\n<\/li>\n<p>Cilindrii cupei utilizeaz\u0103 presiunea uleiului hidraulic pentru a realiza mi\u0219c\u0103ri line de extensie \u0219i contrac\u021bie \u0219i pot r\u0103spunde rapid la comenzile de control pentru a oferi for\u021be puternice de \u00eempingere \u0219i tragere, ceea ce \u00eei face potrivi\u021bi pentru manipularea sarcinilor grele \u0219i a sarcinilor opera\u021bionale complexe.<\/p>\n<li>\n<h3>Diverse tipuri<\/h3>\n<\/li>\n<p>Cilindrii cupei pot fi selecta\u021bi \u00een func\u021bie de nevoile opera\u021bionale, cum ar fi cilindri cu ac\u021biune simpl\u0103 (folosind sistemul hidraulic \u00eentr-o singur\u0103 direc\u021bie) sau cu ac\u021biune dubl\u0103 (folosind sistemul hidraulic \u00een ambele direc\u021bii). Unele modele sunt telescopice, permi\u021b\u00e2nd o extensie mai mare f\u0103r\u0103 a cre\u0219te dimensiunile exterioare, ceea ce le face potrivite pentru aplica\u021bii cu spa\u021biu limitat.<\/p>\n<li>\n<h3>\u00cenlocuitor compatibil<\/h3>\n<\/li>\n<p>Produsele noastre pot \u00eenlocui perfect ace\u0219ti cilindri hidraulici.<\/p>\n<\/ul>\n<p><img decoding=\"async\" src=\"https:\/\/www.hydraulic-cylinders.net\/wp-content\/uploads\/2025\/01\/songte-cylinder-head-with-all-kinds-excavator-models.webp\"><\/p>\n<h2>Aplica\u021bii<\/h2>\n<p>Cilindrii cu cup\u0103 sunt utiliza\u021bi pe scar\u0103 larg\u0103 \u00een diverse industrii, cum ar fi utilaje de construc\u021bii, utilaje agricole, excavatoare \u0219i \u00eenc\u0103rc\u0103toare. Iat\u0103 c\u00e2teva exemple:<\/p>\n<ul>\n<li>\n<h3>Echipamente de construc\u021bii<\/h3>\n<\/li>\n<p>Cilindrii cupei sunt esen\u021biali pentru s\u0103parea, \u00eenc\u0103rcarea \u0219i mutarea solului sau a resturilor \u00een excavatoare \u0219i \u00eenc\u0103rc\u0103toare frontale. \u00cen cazul \u00eenc\u0103rc\u0103toarelor frontale, ace\u0219tia ajut\u0103 la ridicarea \u0219i \u00eenclinarea eficient\u0103 a m\u0103rfurilor.<\/p>\n<li>\n<h3>Ma\u0219ini agricole<\/h3>\n<\/li>\n<p>Cilindrii cupei sunt utiliza\u021bi de \u00eenc\u0103rc\u0103toarele frontale pentru a ridica, ridica \u0219i transporta sol, f\u00e2n \u0219i alte materiale.<\/p>\n<li>\n<h3>Excavatoare<\/h3>\n<\/li>\n<p>Cilindrii cupei permit excavarea permi\u021b\u00e2nd cupei s\u0103 p\u0103trund\u0103 \u00een sol.<\/p>\n<li>\n<h3>\u00cenc\u0103rc\u0103toare<\/h3>\n<\/li>\n<p>Cilindrii cupei ajut\u0103 la ridicarea \u0219i \u00eenclinarea eficient\u0103 a m\u0103rfurilor \u00een \u00eenc\u0103rc\u0103toarele frontale.<\/p>\n<\/ul>\n<h2>Considera\u021bii de proiectare \u0219i criterii de selec\u021bie<\/h2>\n<p>La selectarea cilindrilor pentru cup\u0103, trebuie lua\u021bi \u00een considerare diver\u0219i factori precum capacitatea de \u00eenc\u0103rcare, etan\u0219area, durabilitatea, siguran\u021ba \u0219i mentenan\u021ba. Iat\u0103 c\u00e2teva aspecte de proiectare \u0219i criterii de selec\u021bie:<\/p>\n<ul>\n<li>\n<h3>Capacitate de \u00eenc\u0103rcare<\/h3>\n<\/li>\n<p>Cilindrul cupei trebuie s\u0103 poat\u0103 suporta sarcina maxim\u0103 care poate ap\u0103rea \u00een timpul func\u021bion\u0103rii.<\/p>\n<li>\n<h3>Sigilare<\/h3>\n<\/li>\n<p>Cilindrul cupei trebuie s\u0103 aib\u0103 o etan\u0219are bun\u0103 pentru a preveni scurgerile de ulei \u0219i a asigura o func\u021bionare lin\u0103.<\/p>\n<li>\n<h3>Durabilitate<\/h3>\n<\/li>\n<p>Cilindrul cupei trebuie s\u0103 fie fabricat din materiale de \u00eenalt\u0103 calitate \u0219i durabile pentru a rezista la mediile dure de lucru \u0219i a asigura o durat\u0103 lung\u0103 de via\u021b\u0103.<\/p>\n<li>\n<h3>Siguran\u0163\u0103<\/h3>\n<\/li>\n<p>Cilindrul cupei trebuie s\u0103 aib\u0103 caracteristici de siguran\u021b\u0103, cum ar fi supape de siguran\u021b\u0103 \u0219i manometre, pentru a preveni supra\u00eenc\u0103rcarea \u0219i a asigura func\u021bionarea \u00een siguran\u021b\u0103.<\/p>\n<li>\n<h3>Mentenabilitate<\/h3>\n<\/li>\n<p>Cilindrul cupei trebuie s\u0103 fie u\u0219or de \u00eentre\u021binut \u0219i reparat, iar piesele de schimb trebuie s\u0103 fie u\u0219or disponibile.<\/p>\n<\/ul>\n<p><img decoding=\"async\" src=\"https:\/\/www.hydraulic-cylinders.net\/wp-content\/uploads\/2025\/01\/songte-oil-pipes-and-spare-parts.webp\"><\/p>\n<h2>Etan\u0219are \u0219i lubrifiere<\/h2>\n<p>Diverse componente de etan\u0219are, cum ar fi etan\u0219\u0103rile pistonului \u0219i etan\u0219\u0103rile tijei, ar trebui utilizate \u00een cilindrii cupei pentru a preveni scurgerile de ulei \u0219i a asigura o func\u021bionare lin\u0103. Garniturile ar trebui s\u0103 fie fabricate din materiale rezistente la uzur\u0103, cum ar fi poliuretanul \u0219i cauciucul nitrilic. Corpul cilindrului \u0219i suprafe\u021bele capetelor filetate ar trebui prelucrate fin pentru a \u00eembun\u0103t\u0103\u021bi rezisten\u021ba la uzur\u0103. Cilindrul cupei necesit\u0103 lubrifiere regulat\u0103 cu ulei hidraulic pentru a asigura o func\u021bionare lin\u0103. <\/p>\n<h2>\u00centre\u021binere \u0219i repara\u021bii<\/h2>\n<p>Inspec\u021biile regulate \u0219i m\u0103surile de \u00eentre\u021binere preventiv\u0103 pot ajuta la prevenirea poten\u021bialelor probleme \u0219i la prelungirea duratei de via\u021b\u0103 a cilindrului cupei. Iat\u0103 trei sarcini comune de \u00eentre\u021binere:<\/p>\n<ul>\n<li>Inspec\u021bie regulat\u0103<\/li>\n<p>Verifica\u021bi periodic dac\u0103 exist\u0103 scurgeri de ulei, uzur\u0103 \u0219i alte probleme.<\/p>\n<li>Lubrifiere adecvat\u0103<\/li>\n<p>Asigura\u021bi-v\u0103 c\u0103 cilindrul cupei este lubrifiat corespunz\u0103tor cu ulei hidraulic.<\/p>\n<li>\u00cenlocuirea garniturii \u0219i verificarea calibr\u0103rii<\/li>\n<p>\u00cenlocui\u021bi garniturile uzate \u0219i verifica\u021bi calibrarea \u00een mod regulat pentru a asigura o performan\u021b\u0103 optim\u0103.<\/p>\n<\/ul>\n<p><img decoding=\"async\" src=\"https:\/\/www.hydraulic-cylinders.net\/wp-content\/uploads\/2025\/01\/songte-chushion-collar.webp\"><\/p>\n<h2>Considera\u021bii privind siguran\u021ba \u0219i mediul<\/h2>\n<p>La utilizarea cilindrilor cupei trebuie luate m\u0103suri de siguran\u021b\u0103 pentru a preveni accidentele. Este esen\u021bial s\u0103 se respecte instruc\u021biunile de siguran\u021b\u0103 \u0219i s\u0103 se utilizeze echipamentul individual de protec\u021bie adecvat. De asemenea, trebuie luate \u00een considerare aspectele legate de mediu, cum ar fi eliminarea corect\u0103 a uleiului hidraulic \u0219i a altor de\u0219euri.<\/p>\n<h2>Depanare \u0219i probleme frecvente<\/h2>\n<p>Iat\u0103 c\u00e2teva probleme frecvente care pot ap\u0103rea la utilizarea cilindrilor cupei \u0219i c\u00e2teva sugestii pentru depanare \u0219i rezolvarea problemelor:<\/p>\n<ul>\n<li>\n<h3>Scurgere de ulei<\/h3>\n<\/li>\n<p>Verifica\u021bi dac\u0103 garniturile sunt deteriorate \u0219i \u00eenlocui\u021bi-le dac\u0103 este necesar.<\/p>\n<li>\n<h3>Func\u021bionare lent\u0103<\/h3>\n<\/li>\n<p>Verifica\u021bi dac\u0103 uleiul hidraulic nu este suficient \u0219i completa\u021bi dac\u0103 este necesar.<\/p>\n<li>\n<h3>Zgomot excesiv<\/h3>\n<\/li>\n<p>Verifica\u021bi dac\u0103 exist\u0103 componente deteriorate sau uzate \u0219i \u00eenlocui\u021bi-le dac\u0103 este necesar.<\/p>\n<\/ul>\n<p><img decoding=\"async\" src=\"https:\/\/www.hydraulic-cylinders.net\/wp-content\/uploads\/2025\/01\/songte-bushings-with-all-kinds-of-excavator-models.webp\"><\/p>\n<h2>Despre compania noastr\u0103<\/h2>\n<p>Suntem produc\u0103tori de cilindri hidraulici de schimb cu o gam\u0103 complet\u0103 de produse \u0219i am devenit unul dintre principalii produc\u0103tori \u0219i distribuitori angro de cilindri hidraulici pe pie\u021bele interne \u0219i interna\u021bionale. Ader\u0103m la principiul excelen\u021bei \u00een calitate \u0219i ne baz\u0103m pe strategii de management al produc\u021biei industriale \u00een ateliere de produc\u021bie de \u00eenalt\u0103 calitate. Compania noastr\u0103 \u00eembun\u0103t\u0103\u021be\u0219te continuu platforma de produc\u021bie a atelierului, perfec\u021bioneaz\u0103 linia de produc\u021bie a calit\u0103\u021bii produselor \u0219i are o puternic\u0103 capacitate creativ\u0103. Satisfacem nevoile diverse ale clien\u021bilor no\u0219tri cu eficien\u021b\u0103 ridicat\u0103, precizie ridicat\u0103 \u0219i standarde de calitate ridicate.<\/p>\n<p><img decoding=\"async\" src=\"https:\/\/hzpt.com\/wp-content\/uploads\/2024\/11\/songte-company-1.webp\"><\/p>\n<h2>Serviciile noastre<\/h2>\n<ul>\n<li>\n<h3>Profesionalism<\/h3>\n<\/li>\n<p>Avem o echip\u0103 de ingineri \u0219i tehnicieni profesioni\u0219ti care pot oferi solu\u021bii personalizate pentru nevoile dumneavoastr\u0103 legate de cilindrii hidraulici.<\/p>\n<li>\n<h3>Certificare interna\u021bional\u0103<\/h3>\n<\/li>\n<p>Am ob\u021binut certific\u0103ri interna\u021bionale precum ISO9001, CE \u0219i SGS, ceea ce garanteaz\u0103 c\u0103 produsele noastre respect\u0103 standardele interna\u021bionale de calitate.<\/p>\n<li>\n<h3>Servicii de personalizare<\/h3>\n<\/li>\n<p>Oferim servicii de personalizare pentru a satisface nevoile specifice ale clien\u021bilor no\u0219tri.<\/p>\n<li>\n<h3>Echipamente avansate de produc\u021bie<\/h3>\n<\/li>\n<p>Folosim echipamente de produc\u021bie avansate \u0219i sisteme de testare pentru a asigura calitatea produselor noastre.<\/p>\n<li>\n<h3>Serviciu post-v\u00e2nzare<\/h3>\n<\/li>\n<p>Oferim servicii post-v\u00e2nzare \u0219i asisten\u021b\u0103 tehnic\u0103 pentru a asigura performan\u021ba pe termen lung a produselor noastre.<\/p>\n<\/ul>\n<p>Autor: lyl<\/p>","protected":false},"excerpt":{"rendered":"<p>Bucket Cylinder For Caterpillar Large Excavator E349DZ Introduction A bucket cylinder is a specially designed hydraulic cylinder that controls the movement of buckets in heavy machinery such as excavators, backhoe loaders, and front-end loaders. Its main function is to allow the bucket to lift, lower, and tilt, making it easier to handle various materials. In [&hellip;]<\/p>","protected":false},"featured_media":14778,"comment_status":"open","ping_status":"closed","template":"","meta":{"_et_pb_use_builder":"","_et_pb_old_content":"","_et_gb_content_width":""},"product_brand":[],"product_cat":[1494],"product_tag":[1495,1496],"class_list":{"0":"post-15244","1":"product","2":"type-product","3":"status-publish","4":"has-post-thumbnail","6":"product_cat-bucket-cylinders","7":"product_tag-bucket-cylinders","8":"product_tag-hydraulic-cylinders","10":"first","11":"instock","12":"shipping-taxable","13":"product-type-simple"},"amp_enabled":true,"_links":{"self":[{"href":"https:\/\/www.hydraulic-cylinders.net\/ro\/wp-json\/wp\/v2\/product\/15244","targetHints":{"allow":["GET"]}}],"collection":[{"href":"https:\/\/www.hydraulic-cylinders.net\/ro\/wp-json\/wp\/v2\/product"}],"about":[{"href":"https:\/\/www.hydraulic-cylinders.net\/ro\/wp-json\/wp\/v2\/types\/product"}],"replies":[{"embeddable":true,"href":"https:\/\/www.hydraulic-cylinders.net\/ro\/wp-json\/wp\/v2\/comments?post=15244"}],"wp:featuredmedia":[{"embeddable":true,"href":"https:\/\/www.hydraulic-cylinders.net\/ro\/wp-json\/wp\/v2\/media\/14778"}],"wp:attachment":[{"href":"https:\/\/www.hydraulic-cylinders.net\/ro\/wp-json\/wp\/v2\/media?parent=15244"}],"wp:term":[{"taxonomy":"product_brand","embeddable":true,"href":"https:\/\/www.hydraulic-cylinders.net\/ro\/wp-json\/wp\/v2\/product_brand?post=15244"},{"taxonomy":"product_cat","embeddable":true,"href":"https:\/\/www.hydraulic-cylinders.net\/ro\/wp-json\/wp\/v2\/product_cat?post=15244"},{"taxonomy":"product_tag","embeddable":true,"href":"https:\/\/www.hydraulic-cylinders.net\/ro\/wp-json\/wp\/v2\/product_tag?post=15244"}],"curies":[{"name":"wp","href":"https:\/\/api.w.org\/{rel}","templated":true}]}}