{"id":15250,"date":"2025-01-19T14:17:37","date_gmt":"2025-01-19T14:17:37","guid":{"rendered":"https:\/\/www.hydraulic-cylinders.net\/product\/bucket-cylinder-for-caterpillar-large-excavator-e345d\/"},"modified":"2025-01-19T14:17:39","modified_gmt":"2025-01-19T14:17:39","slug":"bucket-cylinder-for-caterpillar-large-excavator-e345d","status":"publish","type":"product","link":"https:\/\/www.hydraulic-cylinders.net\/ro\/produs\/bucket-cylinder-for-caterpillar-large-excavator-e345d\/","title":{"rendered":"Cilindru cu cup\u0103 pentru excavatorul mare Caterpillar E345D"},"content":{"rendered":"<h1>Cilindru cu cup\u0103 pentru excavatorul mare Caterpillar E345D<\/h1>\n<h2>Introducere<\/h2>\n<p>Cilindrul cupei pentru excavatorul mare Caterpillar E345D este un cilindru hidraulic specializat, conceput pentru a controla mi\u0219carea cupei \u00een utilaje grele, cum ar fi excavatoarele, excavatoarele cu buldoexcavatoare \u0219i \u00eenc\u0103rc\u0103toare frontale. Func\u021bia sa principal\u0103 este de a permite ridicarea, cobor\u00e2rea \u0219i \u00eenclinarea cupei, facilit\u00e2nd manipularea diverselor materiale. \u00cen sistemul hidraulic, cilindrul cupei realizeaz\u0103 un control precis al cupei prin schimb\u0103rile de presiune ale uleiului hidraulic, permi\u021b\u00e2nd operatorilor s\u0103 manipuleze eficient sarcini grele \u0219i s\u0103 se adapteze la diverse cerin\u021be de lucru \u0219i la medii de lucru complexe.<\/p>\n<p><img decoding=\"async\" src=\"https:\/\/www.hydraulic-cylinders.net\/wp-content\/uploads\/2025\/01\/songte-company-2.webp\" alt=\"Imaginea cilindrului cupei\"><\/p>\n<h2>Caracteristici<\/h2>\n<ul>\n<li>Rezisten\u021b\u0103 \u0219i durabilitate ridicate: Fabricate de obicei din o\u021bel sau aluminiu de \u00eenalt\u0103 rezisten\u021b\u0103, sunt capabile s\u0103 reziste la presiuni ridicate \u0219i sarcini grele, se adapteaz\u0103 la medii de lucru dure \u0219i sunt proiectate av\u00e2nd \u00een vedere rezisten\u021ba la uzur\u0103 \u0219i la coroziune, prelungindu-i durata de via\u021b\u0103.<\/li>\n<li>Func\u021bionare hidraulic\u0103 eficient\u0103: Prin utilizarea presiunii uleiului hidraulic pentru a ob\u021bine o extensie \u0219i o retragere lin\u0103, acesta poate r\u0103spunde rapid la comenzile de control, poate oferi for\u021be puternice de \u00eempingere \u0219i tragere \u0219i este potrivit pentru manipularea sarcinilor grele \u0219i a sarcinilor complexe.<\/li>\n<li>Tipuri versatile: Cilindrii cu ac\u021biune simpl\u0103 (utiliza\u021bi hidraulic \u00eentr-o singur\u0103 direc\u021bie) sau cu ac\u021biune dubl\u0103 (utiliza\u021bi hidraulic \u00een dou\u0103 direc\u021bii) pot fi selecta\u021bi \u00een func\u021bie de cerin\u021be pentru a satisface diferite nevoi opera\u021bionale. Unele modele sunt telescopice, permi\u021b\u00e2nd o extensie mai mare f\u0103r\u0103 a cre\u0219te dimensiunile exterioare, potrivite pentru aplica\u021bii cu spa\u021biu limitat.<\/li>\n<li>Personalizabil: Produsele noastre pot \u00eenlocui perfect ace\u0219ti cilindri hidraulici \u0219i oferim servicii de personalizare pentru a \u00eendeplini cerin\u021be specifice.<\/li>\n<li>\u00centre\u021binere u\u0219oar\u0103: Cu o \u00eentre\u021binere \u0219i o inspec\u021bie adecvate, produsul poate oferi servicii fiabile \u0219i de lung\u0103 durat\u0103.<\/li>\n<\/ul>\n<p><img decoding=\"async\" src=\"https:\/\/www.hydraulic-cylinders.net\/wp-content\/uploads\/2025\/01\/songte-cylinder-head-with-all-kinds-excavator-models.webp\" alt=\"Imaginea cilindrului cupei\"><\/p>\n<h2>Aplica\u021bii<\/h2>\n<p>Cilindrul cupei este utilizat pe scar\u0103 larg\u0103 \u00een diverse utilaje grele. Iat\u0103 c\u00e2teva exemple:<\/p>\n<ul>\n<li>Echipamente de construc\u021bii: \u00cen excavatoare, acestea sunt esen\u021biale pentru s\u0103pare, \u00eenc\u0103rcare \u0219i mutarea solului sau a resturilor. \u00cen excavatoarele cu buldoexcavatoare, cilindrul cupei ajut\u0103 at\u00e2t la s\u0103pare, c\u00e2t \u0219i la ridicare. <\/li>\n<li>Ma\u0219ini agricole: utilizate \u00een \u00eenc\u0103rc\u0103toarele frontale pentru scobere, ridicare \u0219i transportul solului, f\u00e2nului \u0219i altor materiale. <\/li>\n<li>Excavatoare: Cilindrul cupei permite cupei s\u0103 p\u0103trund\u0103 \u00een sol pentru a realiza excavarea.<\/li>\n<li>\u00cenc\u0103rc\u0103toare frontale: \u00cenc\u0103rc\u0103toarele frontale ajut\u0103 la ridicarea \u0219i desc\u0103rcarea eficient\u0103 a m\u0103rfurilor.<\/li>\n<\/ul>\n<h2>Considera\u021bii de proiectare \u0219i criterii de selec\u021bie<\/h2>\n<p>\u00cen ceea ce prive\u0219te considera\u021biile de proiectare, se iau \u00een considerare factori cheie precum capacitatea portant\u0103, etan\u0219area, durabilitatea, siguran\u021ba \u0219i u\u0219urin\u021ba \u00eentre\u021binerii. Iat\u0103 c\u00e2teva detalii:<\/p>\n<ul>\n<li>Capacitate portant\u0103: Capacitatea portant\u0103 a cilindrului este determinat\u0103 de diametrul alezajului, cursa \u0219i presiunea de lucru. <\/li>\n<li>Etan\u0219are: Diverse componente de etan\u0219are, cum ar fi etan\u0219\u0103rile pistonului \u0219i etan\u0219\u0103rile tijei, sunt utilizate pentru a preveni scurgerile. Materialele de etan\u0219are, cum ar fi poliuretanul \u0219i cauciucul nitrilic, sunt alese pentru rezisten\u021ba la uzur\u0103 \u0219i durabilitatea lor.<\/li>\n<li>Durabilitate: Corpul cilindrului, tija \u0219i capacul sunt fabricate din materiale de \u00eenalt\u0103 rezisten\u021b\u0103 pentru a rezista la presiuni ridicate \u0219i sarcini grele. Suprafa\u021ba corpului cilindrului \u0219i a cap\u0103tului filetat sunt prelucrate fin pentru a \u00eembun\u0103t\u0103\u021bi rezisten\u021ba la uzur\u0103.<\/li>\n<li>Siguran\u021b\u0103: Dispozitivele de siguran\u021b\u0103, cum ar fi discurile de rupere \u0219i supapele de sens unic, sunt concepute pentru a preveni accidentele cauzate de suprapresiune sau defec\u021biuni bru\u0219te.<\/li>\n<li>\u00centre\u021binere: \u00centre\u021binerea, inspec\u021bia \u0219i lubrifierea regulate sunt necesare pentru a asigura o durat\u0103 lung\u0103 de via\u021b\u0103 a cilindrului.<\/li>\n<\/ul>\n<p><img decoding=\"async\" src=\"https:\/\/www.hydraulic-cylinders.net\/wp-content\/uploads\/2025\/01\/songte-oil-pipes-and-spare-parts.webp\" alt=\"Imaginea cilindrului cupei\"><\/p>\n<h2>Etan\u0219are \u0219i lubrifiere<\/h2>\n<p>Cilindrul cu cup\u0103 utilizeaz\u0103 diverse componente de etan\u0219are pentru a preveni scurgerile, cum ar fi etan\u0219\u0103rile pistonului \u0219i etan\u0219\u0103rile tijei. Sunt selectate etan\u0219\u0103ri fabricate din materiale rezistente la uzur\u0103, cum ar fi poliuretanul \u0219i cauciucul nitrilic. Corpul cilindrului, tija \u0219i capacul de cap\u0103t sunt fabricate din materiale de \u00eenalt\u0103 rezisten\u021b\u0103, iar suprafa\u021ba corpului cilindrului \u0219i a cap\u0103tului filetat sunt prelucrate fin pentru a \u00eembun\u0103t\u0103\u021bi rezisten\u021ba la uzur\u0103. Lubrifierea regulat\u0103 cu ulei hidraulic adecvat este necesar\u0103 pentru a asigura o func\u021bionare lin\u0103 \u0219i a prelungi durata de via\u021b\u0103 a cilindrului.<\/p>\n<h2>\u00centre\u021binere \u0219i repara\u021bii<\/h2>\n<p>Inspec\u021bia \u0219i \u00eentre\u021binerea regulate sunt necesare pentru a asigura func\u021bionarea fiabil\u0103 \u0219i de lung\u0103 durat\u0103 a cilindrului cupei. Iat\u0103 c\u00e2teva sarcini comune de \u00eentre\u021binere:<\/p>\n<ul>\n<li>Inspec\u021bie regulat\u0103: Inspecta\u021bi periodic corpul cilindrului, pistonul, tija \u0219i garniturile pentru a detecta deterior\u0103ri sau uzur\u0103.<\/li>\n<li>Lubrifiere: Aplica\u021bi ulei lubrifiant pe cilindru, dup\u0103 cum este necesar.<\/li>\n<li>\u00cenlocuirea garniturilor: \u00cenlocui\u021bi garniturile uzate sau deteriorate pentru a preveni scurgerile.<\/li>\n<li>Verificarea calibr\u0103rii: Verifica\u021bi presiunea, cursa \u0219i capacitatea portant\u0103 a cilindrului pentru a asigura func\u021bionarea corect\u0103.<\/li>\n<\/ul>\n<p>Instalarea corect\u0103 este, de asemenea, crucial\u0103 pentru a asigura performan\u021ba optim\u0103 a cilindrului. Iat\u0103 c\u00e2teva sfaturi de instalare:<\/p>\n<ul>\n<li>Alinia\u021bi corect cilindrul \u00een timpul instal\u0103rii.<\/li>\n<li>Folosi\u021bi consolele de instalare adecvate pentru a fixa cilindrul.<\/li>\n<li>Urma\u021bi procedurile recomandate de inspec\u021bie, reparare \u0219i \u00eenlocuire.<\/li>\n<li>Profita\u021bi de serviciile noastre de \u00eenlocuire \u0219i reconstruc\u021bie a componentelor pentru a prelungi durata de via\u021b\u0103 a cilindrului.<\/li>\n<\/ul>\n<p><img decoding=\"async\" src=\"https:\/\/www.hydraulic-cylinders.net\/wp-content\/uploads\/2025\/01\/songte-chushion-collar.webp\" alt=\"Imaginea cilindrului cupei\"><\/p>\n<h2>Considera\u021bii de siguran\u021b\u0103 \u0219i factori de mediu<\/h2>\n<p>C\u00e2nd utiliza\u021bi cilindrul cupei, este esen\u021bial s\u0103 respecta\u021bi m\u0103surile de siguran\u021b\u0103 \u0219i precau\u021biile pentru a preveni accidentele \u0219i v\u0103t\u0103m\u0103rile corporale. De asemenea, este important s\u0103 lua\u021bi \u00een considerare factorii de mediu, cum ar fi scurgerile de ulei \u0219i eliminarea de\u0219eurilor, pentru a minimiza impactul negativ asupra mediului.<\/p>\n<h2>Depanare \u0219i probleme frecvente<\/h2>\n<p>Iat\u0103 c\u00e2teva probleme frecvente care pot ap\u0103rea la utilizarea cilindrului cupei:<\/p>\n<ul>\n<li>Scurgeri de ulei: Verifica\u021bi garniturile \u0219i alte componente pentru a depista eventuale deterior\u0103ri sau uzur\u0103.<\/li>\n<li>Defec\u021biune: Verifica\u021bi presiunea, cursa \u0219i capacitatea portant\u0103 a cilindrului.<\/li>\n<li>Supra\u00eenc\u0103lzire: Verifica\u021bi nivelul \u0219i calitatea uleiului hidraulic \u0219i asigura\u021bi o lubrifiere corespunz\u0103toare.<\/li>\n<\/ul>\n<p>Dac\u0103 \u00eent\u00e2mpina\u021bi oricare dintre aceste probleme, consulta\u021bi manualul de utilizare sau contacta\u021bi serviciul nostru de asisten\u021b\u0103 pentru clien\u021bi pentru depanare \u0219i solu\u021bii de reparare.<\/p>\n<p><img decoding=\"async\" src=\"https:\/\/www.hydraulic-cylinders.net\/wp-content\/uploads\/2025\/01\/songte-bushings-with-all-kinds-of-excavator-models.webp\" alt=\"Imaginea cilindrului cupei\"><\/p>\n<h2>Despre compania noastr\u0103<\/h2>\n<p>Suntem produc\u0103tori de piese de schimb pentru cilindri hidraulici, oferind o gam\u0103 larg\u0103 de produse pentru a deveni unul dintre principalii produc\u0103tori \u0219i angrosi\u0219ti \u200b\u200bde cilindri hidraulici pe pie\u021bele interne \u0219i interna\u021bionale. Ader\u0103m la principiul calit\u0103\u021bii excelente \u0219i ne baz\u0103m pe strategii de management al produc\u021biei industriale \u00een ateliere de fabrica\u021bie gestionate cu aten\u021bie. \u00cembun\u0103t\u0103\u021bim constant platforma de fabrica\u021bie a atelierului \u0219i perfec\u021bion\u0103m produc\u021bia de produse de calitate \u0219i avem capacit\u0103\u021bi creative puternice, satisf\u0103c\u00e2nd diversele nevoi ale clien\u021bilor cu eficien\u021b\u0103 ridicat\u0103, precizie ridicat\u0103 \u0219i produse de \u00eenalt\u0103 calitate. <\/p>\n<p><img decoding=\"async\" src=\"https:\/\/hzpt.com\/wp-content\/uploads\/2024\/11\/songte-company-1.webp\" alt=\"Imaginea cilindrului cupei\"><\/p>\n<h3>Avantajele noastre<\/h3>\n<ul>\n<li>Profesionalism: Avem o echip\u0103 tehnic\u0103 profesionist\u0103 \u0219i echipamente avansate pentru a oferi produse \u0219i servicii de \u00eenalt\u0103 calitate.<\/li>\n<li>Certific\u0103ri interna\u021bionale: Produsele noastre sunt certificate conform standardelor interna\u021bionale precum ISO \u0219i CE.<\/li>\n<li>Personalizare: Oferim servicii de personalizare pentru a \u00eendeplini cerin\u021be specifice.<\/li>\n<li>Echipamente de produc\u021bie: Folosim echipamente digitale avansate de fabrica\u021bie pentru a asigura calitatea \u0219i eficien\u021ba produsului.<\/li>\n<li>Servicii post-v\u00e2nzare: Oferim servicii complete post-v\u00e2nzare \u0219i asisten\u021b\u0103 tehnic\u0103 pentru a asigura satisfac\u021bia clien\u021bilor.<\/li>\n<\/ul>\n<p>Autor lyl.<\/p>","protected":false},"excerpt":{"rendered":"<p>Bucket Cylinder For Caterpillar Large Excavator E345D Introduction The bucket cylinder for Caterpillar large excavator E345D is a specialized hydraulic cylinder designed to control the movement of the bucket in heavy machinery such as excavators, backhoe excavators, and front-end loaders. Its main function is to enable the bucket to lift, lower, and tilt, facilitating the [&hellip;]<\/p>","protected":false},"featured_media":14762,"comment_status":"open","ping_status":"closed","template":"","meta":{"_et_pb_use_builder":"","_et_pb_old_content":"","_et_gb_content_width":""},"product_brand":[],"product_cat":[1494],"product_tag":[1495,1496],"class_list":{"0":"post-15250","1":"product","2":"type-product","3":"status-publish","4":"has-post-thumbnail","6":"product_cat-bucket-cylinders","7":"product_tag-bucket-cylinders","8":"product_tag-hydraulic-cylinders","10":"first","11":"instock","12":"shipping-taxable","13":"product-type-simple"},"amp_enabled":true,"_links":{"self":[{"href":"https:\/\/www.hydraulic-cylinders.net\/ro\/wp-json\/wp\/v2\/product\/15250","targetHints":{"allow":["GET"]}}],"collection":[{"href":"https:\/\/www.hydraulic-cylinders.net\/ro\/wp-json\/wp\/v2\/product"}],"about":[{"href":"https:\/\/www.hydraulic-cylinders.net\/ro\/wp-json\/wp\/v2\/types\/product"}],"replies":[{"embeddable":true,"href":"https:\/\/www.hydraulic-cylinders.net\/ro\/wp-json\/wp\/v2\/comments?post=15250"}],"wp:featuredmedia":[{"embeddable":true,"href":"https:\/\/www.hydraulic-cylinders.net\/ro\/wp-json\/wp\/v2\/media\/14762"}],"wp:attachment":[{"href":"https:\/\/www.hydraulic-cylinders.net\/ro\/wp-json\/wp\/v2\/media?parent=15250"}],"wp:term":[{"taxonomy":"product_brand","embeddable":true,"href":"https:\/\/www.hydraulic-cylinders.net\/ro\/wp-json\/wp\/v2\/product_brand?post=15250"},{"taxonomy":"product_cat","embeddable":true,"href":"https:\/\/www.hydraulic-cylinders.net\/ro\/wp-json\/wp\/v2\/product_cat?post=15250"},{"taxonomy":"product_tag","embeddable":true,"href":"https:\/\/www.hydraulic-cylinders.net\/ro\/wp-json\/wp\/v2\/product_tag?post=15250"}],"curies":[{"name":"wp","href":"https:\/\/api.w.org\/{rel}","templated":true}]}}