{"id":15255,"date":"2025-01-19T14:18:02","date_gmt":"2025-01-19T14:18:02","guid":{"rendered":"https:\/\/www.hydraulic-cylinders.net\/product\/bucket-cylinder-for-caterpillar-large-excavator-e330d-330l\/"},"modified":"2025-01-19T14:18:04","modified_gmt":"2025-01-19T14:18:04","slug":"bucket-cylinder-for-caterpillar-large-excavator-e330d-330l","status":"publish","type":"product","link":"https:\/\/www.hydraulic-cylinders.net\/ro\/produs\/bucket-cylinder-for-caterpillar-large-excavator-e330d-330l\/","title":{"rendered":"Cilindru cu cup\u0103 pentru excavator mare Caterpillar E330D\/330L"},"content":{"rendered":"<h1>Cilindru cu cup\u0103 pentru excavator mare Caterpillar E330D\/330L<\/h1>\n<h2>Introducere<\/h2>\n<p>Cilindrul cupei pentru excavatorul mare Caterpillar E330D\/330L este un cilindru hidraulic special conceput, utilizat \u00een principal pentru a controla mi\u0219carea cupei \u00een utilaje grele, cum ar fi excavatoarele, excavatoarele \u0219i \u00eenc\u0103rc\u0103toarele frontale. Func\u021bia sa principal\u0103 este de a permite ridicarea, cobor\u00e2rea \u0219i \u00eenclinarea cupei, facilit\u00e2nd gestionarea diverselor sarcini de manipulare a materialelor. \u00cen sistemul hidraulic, cilindrul cupei controleaz\u0103 mi\u0219carea precis\u0103 a cupei prin modific\u0103ri ale presiunii uleiului hidraulic, permi\u021b\u00e2nd operatorilor s\u0103 manipuleze eficient sarcini grele \u0219i s\u0103 se adapteze la medii de lucru complexe \u0219i cerin\u021be opera\u021bionale diverse.<\/p>\n<p><img decoding=\"async\" src=\"https:\/\/www.hydraulic-cylinders.net\/wp-content\/uploads\/2025\/01\/songte-company-2.webp\" \/><\/p>\n<h2>Caracteristici<\/h2>\n<ul>\n<li>\n<h3>Rezisten\u021b\u0103 \u0219i durabilitate ridicate<\/h3>\n<p>Cilindrul cupei este de obicei fabricat din o\u021bel sau aluminiu de \u00eenalt\u0103 rezisten\u021b\u0103, care poate rezista la presiuni ridicate \u0219i sarcini grele, se adapteaz\u0103 la medii de lucru dure \u0219i este proiectat pentru rezisten\u021b\u0103 la uzur\u0103 \u0219i coroziune, prelungindu-i durata de via\u021b\u0103.<\/p>\n<\/li>\n<li>\n<h3>Func\u021bionare hidraulic\u0103 eficient\u0103<\/h3>\n<p>Cilindrul cupei utilizeaz\u0103 presiunea uleiului hidraulic pentru a realiza ac\u021biuni line de extensie \u0219i contrac\u021bie, poate r\u0103spunde rapid la comenzile de control, ofer\u0103 for\u021be puternice de \u00eempingere \u0219i tragere \u0219i este potrivit pentru manipularea sarcinilor grele \u0219i a sarcinilor opera\u021bionale complexe.<\/p>\n<\/li>\n<li>\n<h3>Diverse tipuri<\/h3>\n<p>Cilindrul cupei poate fi selectat ca cilindru cu ac\u021biune simpl\u0103 (sistemul hidraulic este utilizat \u00eentr-o singur\u0103 direc\u021bie) sau cu ac\u021biune dubl\u0103 (sistemul hidraulic este utilizat \u00een ambele direc\u021bii), \u00een func\u021bie de nevoile de a satisface diferite cerin\u021be opera\u021bionale. Unele modele sunt telescopice, permi\u021b\u00e2nd o extensie mai mare f\u0103r\u0103 a cre\u0219te dimensiunile exterioare, potrivite pentru aplica\u021bii cu spa\u021biu limitat.<\/p>\n<\/li>\n<li>\n<h3>\u00cenlocuitor perfect<\/h3>\n<p>Produsele noastre pot \u00eenlocui perfect ace\u0219ti cilindri hidraulici. Oferim diverse tipuri \u0219i modele de cilindri pentru cupe \u0219i le putem personaliza \u00een func\u021bie de cerin\u021bele clien\u021bilor.<\/p>\n<\/li>\n<li>\n<h3>Aplica\u021bie larg\u0103<\/h3>\n<p>Cilindrul cupei este utilizat pe scar\u0103 larg\u0103 \u00een diverse utilaje de construc\u021bii, cum ar fi excavatoare, excavatoare, \u00eenc\u0103rc\u0103toare frontale \u0219i utilaje agricole, cum ar fi \u00eenc\u0103rc\u0103toare, excavatoare etc. Este utilizat \u0219i \u00een alte echipamente de manipulare a materialelor, cum ar fi stivuitoarele.<\/p>\n<\/li>\n<\/ul>\n<h2>Considera\u021bii de proiectare \u0219i criterii de selec\u021bie<\/h2>\n<ul>\n<li>\n<h3>Capacitate portant\u0103<\/h3>\n<p>Cilindrul cupei trebuie s\u0103 poat\u0103 suporta sarcina \u0219i presiunea materialului manipulat, iar capacitatea portant\u0103 a cilindrului trebuie determinat\u0103 \u00een func\u021bie de cerin\u021bele opera\u021bionale specifice.<\/p>\n<\/li>\n<li>\n<h3>Performan\u021ba de etan\u0219are<\/h3>\n<p>Cilindrul cupei utilizeaz\u0103 diverse elemente de etan\u0219are, cum ar fi etan\u0219\u0103ri de piston \u0219i etan\u0219\u0103ri de tij\u0103, fabricate din materiale rezistente la uzur\u0103, cum ar fi poliuretanul \u0219i cauciucul nitrilic, pentru a asigura o bun\u0103 etan\u0219are \u0219i a preveni scurgerile de ulei. Corpul cilindrului \u0219i suprafa\u021ba cap\u0103tului filetat sunt prelucrate fin pentru a \u00eembun\u0103t\u0103\u021bi rezisten\u021ba la uzur\u0103.<\/p>\n<\/li>\n<li>\n<h3>Durabilitate<\/h3>\n<p>Cilindrul cupei trebuie s\u0103 fie fabricat din materiale de \u00eenalt\u0103 calitate, iar selec\u021bia materialelor \u0219i a proceselor de fabrica\u021bie trebuie s\u0103 asigure o bun\u0103 durabilitate \u0219i s\u0103 prelungeasc\u0103 durata de via\u021b\u0103 a cilindrului.<\/p>\n<\/li>\n<li>\n<h3>Siguran\u0163\u0103<\/h3>\n<p>Cilindrul cupei trebuie proiectat \u0219i fabricat \u021bin\u00e2nd cont de considera\u021biile de siguran\u021b\u0103, iar performan\u021bele sale de siguran\u021b\u0103 trebuie s\u0103 \u00eendeplineasc\u0103 standardele na\u021bionale \u0219i interna\u021bionale relevante.<\/p>\n<\/li>\n<li>\n<h3>\u00centre\u0163inere<\/h3>\n<p>Cilindrul cupei trebuie s\u0103 fie u\u0219or de \u00eentre\u021binut \u0219i reparat, iar componentele sale trebuie s\u0103 fie u\u0219or de dezasamblat \u0219i \u00eenlocuit. Trebuie efectuate inspec\u021bii \u0219i \u00eentre\u021bineri regulate pentru a se asigura c\u0103 cilindrul este \u00een stare bun\u0103 de func\u021bionare.<\/p>\n<\/li>\n<\/ul>\n<p><img decoding=\"async\" src=\"https:\/\/www.hydraulic-cylinders.net\/wp-content\/uploads\/2025\/01\/songte-oil-pipes-and-spare-parts.webp\" \/><\/p>\n<h2>Instalare \u0219i \u00eentre\u021binere<\/h2>\n<p>Instalarea \u0219i \u00eentre\u021binerea corect\u0103 a cilindrului cupei pot ajuta la asigurarea func\u021bion\u0103rii sale fiabile \u0219i pe termen lung. Urm\u0103toarele sunt sarcini comune de \u00eentre\u021binere:<\/p>\n<h3>Inspec\u021bie regulat\u0103<\/h3>\n<p>Inspec\u021bia regulat\u0103 a cilindrului cupei poate ajuta la detectarea poten\u021bialelor probleme \u0219i la prevenirea defec\u021biunilor. Aceasta include verificarea nivelului uleiului hidraulic, verificarea garniturilor \u0219i garniturilor pentru uzur\u0103 \u0219i deteriorare \u0219i verificarea cilindrului pentru fisuri \u0219i alte deterior\u0103ri.<\/p>\n<h3>Lubrifiere<\/h3>\n<p>Cilindrul cupei necesit\u0103 lubrifiere regulat\u0103 pentru a asigura o func\u021bionare lin\u0103 \u0219i eficient\u0103. Uleiul hidraulic corespunz\u0103tor trebuie selectat \u0219i ad\u0103ugat conform recomand\u0103rilor produc\u0103torului.<\/p>\n<h3>\u00cenlocuirea garniturii \u0219i verificarea calibr\u0103rii<\/h3>\n<p>Garniturile cilindrului cupei trebuie \u00eenlocuite periodic pentru a preveni scurgerile de ulei. \u00cen plus, trebuie efectuate verific\u0103ri de calibrare pentru a se asigura c\u0103 cilindrul func\u021bioneaz\u0103 corect.<\/p>\n<h2>Considera\u021bii de siguran\u021b\u0103 \u0219i factori de mediu<\/h2>\n<p>C\u00e2nd utiliza\u021bi cilindrul cupei, este important s\u0103 respecta\u021bi m\u0103surile de siguran\u021b\u0103 pentru a preveni accidentele. M\u0103surile de siguran\u021b\u0103 comune includ purtarea de \u00eembr\u0103c\u0103minte \u0219i echipament de protec\u021bie, respectarea procedurilor de operare \u0219i \u00eentre\u021binere \u0219i utilizarea accesoriilor \u0219i ata\u0219amentelor adecvate.<\/p>\n<p><img decoding=\"async\" src=\"https:\/\/www.hydraulic-cylinders.net\/wp-content\/uploads\/2025\/01\/songte-bushings-with-all-kinds-of-excavator-models.webp\" \/><\/p>\n<h2>Depanare \u0219i probleme frecvente<\/h2>\n<p>Cilindrul cupei poate \u00eent\u00e2mpina diverse probleme \u00een timpul func\u021bion\u0103rii, cum ar fi scurgeri de ulei, for\u021b\u0103 insuficient\u0103 \u0219i zgomot anormal. Pentru a diagnostica \u0219i rezolva aceste probleme, este necesar s\u0103 se identifice cauza \u0219i s\u0103 se ia m\u0103surile corespunz\u0103toare. Solu\u021biile comune includ reglarea presiunii hidraulice, \u00eenlocuirea garniturilor \u0219i repararea sau \u00eenlocuirea pieselor deteriorate.<\/p>\n<h2>Despre compania noastr\u0103<\/h2>\n<p>Suntem produc\u0103tori de cilindri hidraulici \u0219i un produc\u0103tor \u0219i distribuitor angro de top de cilindri hidraulici pe pie\u021bele interne \u0219i interna\u021bionale. Ader\u0103m la principiul calit\u0103\u021bii excelente \u0219i ne baz\u0103m pe strategia industrializat\u0103 de management al produc\u021biei \u00een ateliere de produc\u021bie fin\u0103. Compania noastr\u0103 \u00eembun\u0103t\u0103\u021be\u0219te continuu platforma de produc\u021bie a atelierului, \u00eembun\u0103t\u0103\u021be\u0219te linia de produc\u021bie a calit\u0103\u021bii produsului \u0219i are o creativitate puternic\u0103, eficien\u021b\u0103 ridicat\u0103, precizie ridicat\u0103 \u0219i produse de \u00eenalt\u0103 calitate pentru a satisface nevoile diverse ale clien\u021bilor.<\/p>\n<ul>\n<li>\n<h3>Profesionalism<\/h3>\n<p>Compania noastr\u0103 are o echip\u0103 profesionist\u0103 de ingineri \u0219i tehnicieni cu o vast\u0103 experien\u021b\u0103 \u00een proiectarea \u0219i fabricarea cilindrilor hidraulici. Ace\u0219tia pot oferi clien\u021bilor solu\u021bii personalizate \u0219i asisten\u021b\u0103 tehnic\u0103.<\/p>\n<\/li>\n<li>\n<h3>Certificare interna\u021bional\u0103<\/h3>\n<p>Produsele companiei noastre au ob\u021binut diverse certific\u0103ri interna\u021bionale, precum CE, ISO \u0219i SGS, ceea ce garanteaz\u0103 c\u0103 produsele noastre \u00eendeplinesc standardele interna\u021bionale \u0219i cerin\u021bele clien\u021bilor.<\/p>\n<\/li>\n<li>\n<h3>Serviciu de personalizare<\/h3>\n<p>Compania noastr\u0103 poate personaliza cilindrii hidraulici \u00een func\u021bie de cerin\u021bele clien\u021bilor, cum ar fi dimensiunea, presiunea \u0219i materialul.<\/p>\n<\/li>\n<li>\n<h3>Echipamente de produc\u021bie<\/h3>\n<p>Compania noastr\u0103 dispune de echipamente de produc\u021bie avansate, cum ar fi centre de prelucrare CNC, robo\u021bi de sudur\u0103 \u0219i echipamente de testare, care pot asigura calitatea \u0219i precizia ridicat\u0103 a produselor noastre.<\/p>\n<\/li>\n<li>\n<h3>Serviciu post-v\u00e2nzare<\/h3>\n<p>Compania noastr\u0103 ofer\u0103 clien\u021bilor servicii complete post-v\u00e2nzare, cum ar fi asisten\u021b\u0103 tehnic\u0103, \u00eentre\u021binere a produselor \u0219i servicii de repara\u021bii, pentru a ne asigura c\u0103 ace\u0219tia pot utiliza produsele noastre cu \u00eencredere.<\/p>\n<\/li>\n<\/ul>\n<p><img decoding=\"async\" src=\"https:\/\/hzpt.com\/wp-content\/uploads\/2024\/11\/songte-company-1.webp\" \/><\/p>\n<p>Autor: lyl<\/p>","protected":false},"excerpt":{"rendered":"<p>Bucket Cylinder For Caterpillar Large Excavator E330D\/330L Introduction The bucket cylinder for Caterpillar large excavator E330D\/330L is a specially designed hydraulic cylinder that is mainly used to control the movement of the bucket in heavy machinery such as excavators, backhoes, and front-end loaders. Its main function is to allow the bucket to lift, lower, and [&hellip;]<\/p>","protected":false},"featured_media":14785,"comment_status":"open","ping_status":"closed","template":"","meta":{"_et_pb_use_builder":"","_et_pb_old_content":"","_et_gb_content_width":""},"product_brand":[],"product_cat":[1494],"product_tag":[1495,1496],"class_list":{"0":"post-15255","1":"product","2":"type-product","3":"status-publish","4":"has-post-thumbnail","6":"product_cat-bucket-cylinders","7":"product_tag-bucket-cylinders","8":"product_tag-hydraulic-cylinders","10":"first","11":"instock","12":"shipping-taxable","13":"product-type-simple"},"amp_enabled":true,"_links":{"self":[{"href":"https:\/\/www.hydraulic-cylinders.net\/ro\/wp-json\/wp\/v2\/product\/15255","targetHints":{"allow":["GET"]}}],"collection":[{"href":"https:\/\/www.hydraulic-cylinders.net\/ro\/wp-json\/wp\/v2\/product"}],"about":[{"href":"https:\/\/www.hydraulic-cylinders.net\/ro\/wp-json\/wp\/v2\/types\/product"}],"replies":[{"embeddable":true,"href":"https:\/\/www.hydraulic-cylinders.net\/ro\/wp-json\/wp\/v2\/comments?post=15255"}],"wp:featuredmedia":[{"embeddable":true,"href":"https:\/\/www.hydraulic-cylinders.net\/ro\/wp-json\/wp\/v2\/media\/14785"}],"wp:attachment":[{"href":"https:\/\/www.hydraulic-cylinders.net\/ro\/wp-json\/wp\/v2\/media?parent=15255"}],"wp:term":[{"taxonomy":"product_brand","embeddable":true,"href":"https:\/\/www.hydraulic-cylinders.net\/ro\/wp-json\/wp\/v2\/product_brand?post=15255"},{"taxonomy":"product_cat","embeddable":true,"href":"https:\/\/www.hydraulic-cylinders.net\/ro\/wp-json\/wp\/v2\/product_cat?post=15255"},{"taxonomy":"product_tag","embeddable":true,"href":"https:\/\/www.hydraulic-cylinders.net\/ro\/wp-json\/wp\/v2\/product_tag?post=15255"}],"curies":[{"name":"wp","href":"https:\/\/api.w.org\/{rel}","templated":true}]}}