{"id":15258,"date":"2025-01-19T14:18:14","date_gmt":"2025-01-19T14:18:14","guid":{"rendered":"https:\/\/www.hydraulic-cylinders.net\/product\/bucket-cylinder-for-caterpillar-large-excavator-e374fl\/"},"modified":"2025-01-19T14:18:16","modified_gmt":"2025-01-19T14:18:16","slug":"bucket-cylinder-for-caterpillar-large-excavator-e374fl","status":"publish","type":"product","link":"https:\/\/www.hydraulic-cylinders.net\/ro\/produs\/bucket-cylinder-for-caterpillar-large-excavator-e374fl\/","title":{"rendered":"Cilindru cu cup\u0103 pentru excavator mare Caterpillar E374FL"},"content":{"rendered":"<p><!DOCTYPE html><br \/>\n<html><br \/>\n<head><br \/>\n<title>Cilindru cu cup\u0103 pentru excavator mare Caterpillar E374FL<\/title><br \/>\n<\/head><br \/>\n<body><\/p>\n<h1>Cilindru cu cup\u0103 pentru excavator mare Caterpillar E374FL<\/h1>\n<h2>Introducere<\/h2>\n<p>Cilindrul cupei pentru excavatorul mare Caterpillar E374FL este un cilindru hidraulic special conceput care controleaz\u0103 mi\u0219carea cupei \u00een utilaje grele, cum ar fi excavatoarele, \u00eenc\u0103rc\u0103toarele cu buldoexcavatoare \u0219i \u00eenc\u0103rc\u0103toarele frontale. Func\u021bia sa principal\u0103 este de a permite ridicarea, cobor\u00e2rea \u0219i \u00eenclinarea cupei, fiind potrivit\u0103 pentru diverse sarcini de manipulare a materialelor. \u00cen sistemul hidraulic, cilindrul cupei utilizeaz\u0103 schimb\u0103rile de presiune ale uleiului hidraulic pentru a ob\u021bine un control precis al cupei, permi\u021b\u00e2nd operatorilor s\u0103 manipuleze eficient sarcini grele \u0219i s\u0103 se adapteze la medii de lucru complexe \u0219i nevoi opera\u021bionale diverse.<\/p>\n<h3>Defini\u021bie \u0219i explica\u021bie<\/h3>\n<p>Cilindrul cupei pentru excavatorul mare Caterpillar E374FL este un cilindru hidraulic special conceput pentru a controla mi\u0219carea cupei. Acesta permite cupei s\u0103 efectueze ac\u021biuni de ridicare, cobor\u00e2re \u0219i \u00eenclinare, facilit\u00e2nd diverse sarcini de manipulare a materialelor. Cilindrul func\u021bioneaz\u0103 utiliz\u00e2nd schimb\u0103rile de presiune ale uleiului hidraulic din sistemul hidraulic, permi\u021b\u00e2nd un control precis al mi\u0219c\u0103rilor cupei. Acest lucru asigur\u0103 manipularea eficient\u0103 a sarcinilor grele \u0219i permite adaptarea la medii de lucru complexe \u0219i cerin\u021be opera\u021bionale diverse.<\/p>\n<p><img decoding=\"async\" src=\"https:\/\/www.hydraulic-cylinders.net\/wp-content\/uploads\/2025\/01\/songte-company-2.webp\" alt=\"Imaginea cilindrului cupei\"><\/p>\n<h2>Caracteristici<\/h2>\n<ul>\n<li>Rezisten\u021b\u0103 \u0219i durabilitate ridicate: Fabricat de obicei din o\u021bel sau aluminiu de \u00eenalt\u0103 rezisten\u021b\u0103, cilindrul cupei poate rezista la presiuni ridicate \u0219i sarcini grele, adapt\u00e2ndu-se la medii de lucru dure. Designul s\u0103u ia \u00een considerare rezisten\u021ba la uzur\u0103 \u0219i la coroziune, prelungindu-i durata de via\u021b\u0103.<\/li>\n<li>Func\u021bionare hidraulic\u0103 eficient\u0103: Prin utilizarea presiunii uleiului hidraulic, cilindrul cupei realizeaz\u0103 ac\u021biuni line de extensie \u0219i retragere, r\u0103spunz\u00e2nd rapid la comenzile de control \u0219i oferind for\u021be puternice de \u00eempingere \u0219i tragere. Este potrivit pentru manipularea sarcinilor grele \u0219i a sarcinilor opera\u021bionale complexe.<\/li>\n<li>Tipuri multiple: Cilindrul cupei poate fi selectat ca fiind cu ac\u021biune simpl\u0103 (presiunea hidraulic\u0103 utilizat\u0103 \u00eentr-o singur\u0103 direc\u021bie) sau cu ac\u021biune dubl\u0103 (presiunea hidraulic\u0103 utilizat\u0103 \u00een ambele direc\u021bii) \u00een func\u021bie de nevoile opera\u021bionale. Unele modele sunt telescopice, permi\u021b\u00e2nd o extensie mai mare f\u0103r\u0103 a cre\u0219te dimensiunile exterioare, fiind potrivite pentru aplica\u021bii cu spa\u021biu limitat.<\/li>\n<li>\u00cenlocuire perfect\u0103: Produsul nostru poate \u00eenlocui perfect al\u021bi cilindri hidraulici. Oferim o gam\u0103 larg\u0103 de op\u021biuni pentru diferite modele de excavatoare.<\/li>\n<\/ul>\n<p><img decoding=\"async\" src=\"https:\/\/www.hydraulic-cylinders.net\/wp-content\/uploads\/2025\/01\/songte-cylinder-head-with-all-kinds-excavator-models.webp\" alt=\"Imagine cu modele de cilindri cu cup\u0103\"><\/p>\n<h2>Aplica\u021bii<\/h2>\n<p>Cilindrul cupei pentru excavatorul mare Caterpillar E374FL \u00ee\u0219i g\u0103se\u0219te aplica\u021bii \u00een diverse industrii, inclusiv:<\/p>\n<h3>Echipamente de construc\u021bii<\/h3>\n<p>La excavatoare, cilindrul cupei este crucial pentru excavare, \u00eenc\u0103rcare \u0219i mi\u0219carea materialelor. La \u00eenc\u0103rc\u0103toarele cu excavator, cilindrul cupei ajut\u0103 at\u00e2t la s\u0103pare, c\u00e2t \u0219i la ridicare.<\/p>\n<h3>Ma\u0219ini agricole<\/h3>\n<p>Utilizat la \u00eenc\u0103rc\u0103toarele frontale, cilindrul cupei este implicat \u00een sarcini precum scoberea, ridicarea \u0219i transportul solului, f\u00e2nului \u0219i altor materiale.<\/p>\n<h3>Excavatoare<\/h3>\n<p>Cilindrul cupei permite excavarea permi\u021b\u00e2nd cupei s\u0103 p\u0103trund\u0103 \u00een sol.<\/p>\n<h3>\u00cenc\u0103rc\u0103toare<\/h3>\n<p>La \u00eenc\u0103rc\u0103toarele frontale, cilindrul cupei ajut\u0103 la ridicarea \u0219i desc\u0103rcarea eficient\u0103 a \u00eenc\u0103rc\u0103turii.<\/p>\n<p>Fiecare aplica\u021bie este caracterizat\u0103 de:<\/p>\n<ul>\n<li>Descriere 1<\/li>\n<li>Descriere 2<\/li>\n<li>Descriere 3<\/li>\n<li>Descriere 4<\/li>\n<li>Descriere 5<\/li>\n<\/ul>\n<p><img decoding=\"async\" src=\"https:\/\/www.hydraulic-cylinders.net\/wp-content\/uploads\/2025\/01\/songte-oil-pipes-and-spare-parts.webp\" alt=\"Imaginea pieselor cilindrului hidraulic\"><\/p>\n<h2>Considera\u021bii de proiectare \u0219i criterii de selec\u021bie<\/h2>\n<p>La proiectarea cilindrului cupei pentru excavatorul mare Caterpillar E374FL, se iau \u00een considerare mai mul\u021bi factori:<\/p>\n<h3>Capacitate portant\u0103<\/h3>\n<p>Cilindrul cupei este proiectat s\u0103 reziste la sarcini de \u00eenalt\u0103 presiune \u0219i sarcini grele, asigur\u00e2nd performan\u021be fiabile \u00een condi\u021bii de lucru solicitante.<\/p>\n<h3>Sigilare<\/h3>\n<p>Cilindrul \u00eencorporeaz\u0103 diverse componente de etan\u0219are, cum ar fi etan\u0219\u0103rile pistonului \u0219i etan\u0219\u0103rile tijei, fabricate din materiale rezistente la uzur\u0103, precum poliuretanul \u0219i cauciucul nitrilic. Corpul cilindrului \u0219i capetele filetate sunt supuse unor prelucr\u0103ri fine pentru a spori rezisten\u021ba la uzur\u0103. Lubrifierea regulat\u0103 cu ulei hidraulic este necesar\u0103 pentru a asigura o func\u021bionare f\u0103r\u0103 probleme.<\/p>\n<p><img decoding=\"async\" src=\"https:\/\/www.hydraulic-cylinders.net\/wp-content\/uploads\/2025\/01\/songte-bushings-with-all-kinds-of-excavator-models.webp\" alt=\"Imagine buc\u0219e cilindru hidraulic\"><\/p>\n<h2>\u00centre\u021binere \u0219i m\u0103suri preventive<\/h2>\n<h3>Inspec\u021bie regulat\u0103<\/h3>\n<p>Verifica\u021bi periodic cilindrul cupei pentru a depista orice semne de uzur\u0103, scurgeri sau deterior\u0103ri. Asigura\u021bi-v\u0103 c\u0103 toate conexiunile sunt fixate \u0219i func\u021bioneaz\u0103 corect.<\/p>\n<h3>Lubrifiere adecvat\u0103<\/h3>\n<p>Aplica\u021bi lubrifiere adecvat\u0103 pe cilindru pentru a reduce frecarea \u0219i a asigura o func\u021bionare lin\u0103. Consulta\u021bi instruc\u021biunile produc\u0103torului pentru programul de lubrifiere recomandat.<\/p>\n<h3>\u00cenlocuirea garniturii \u0219i verific\u0103ri ale calibr\u0103rii<\/h3>\n<p>Verifica\u021bi \u0219i \u00eenlocui\u021bi periodic garniturile uzate pentru a men\u021bine o performan\u021b\u0103 adecvat\u0103 de etan\u0219are. Efectua\u021bi verific\u0103ri de calibrare pentru a asigura un control precis al cilindrului.<\/p>\n<p><img decoding=\"async\" src=\"https:\/\/www.hydraulic-cylinders.net\/wp-content\/uploads\/2025\/01\/songte-chushion-collar.webp\" alt=\"Imaginea colierului cilindrului hidraulic\"><\/p>\n<h2>Considera\u021bii de siguran\u021b\u0103 \u0219i factori de mediu<\/h2>\n<p>C\u00e2nd lucra\u021bi cu cilindrul cupei, este esen\u021bial s\u0103 respecta\u021bi m\u0103surile de siguran\u021b\u0103 pentru a preveni accidentele \u0219i a asigura un mediu de lucru sigur. Acestea includ:<\/p>\n<h3>Antrenament adecvat<\/h3>\n<p>Asigura\u021bi-v\u0103 c\u0103 personalul care opereaz\u0103 \u0219i \u00eentre\u021bine cilindrul cupei este instruit corespunz\u0103tor pentru a-l manipula \u00een siguran\u021b\u0103.<\/p>\n<h3>M\u0103suri de siguran\u021b\u0103<\/h3>\n<p>Implementa\u021bi m\u0103suri de siguran\u021b\u0103, cum ar fi purtarea echipamentului individual de protec\u021bie adecvat \u0219i respectarea procedurilor de operare \u00een siguran\u021b\u0103.<\/p>\n<h2>Depanare \u0219i probleme frecvente<\/h2>\n<p>C\u00e2nd depana\u021bi problemele cilindrului cupei, lua\u021bi \u00een considerare urm\u0103toarele probleme comune:<\/p>\n<h3>Problema 1<\/h3>\n<p>Descrierea problemei 1.<\/p>\n<h3>Problema 2<\/h3>\n<p>Descrierea problemei 2.<\/p>\n<h3>Problema 3<\/h3>\n<p>Descrierea problemei 3.<\/p>\n<p>Pentru a rezolva aceste probleme, lua\u021bi \u00een considerare urm\u0103toarele sfaturi \u0219i solu\u021bii:<\/p>\n<ul>\n<li>Sfat de depanare 1<\/li>\n<li>Sfat de depanare 2<\/li>\n<li>Sfat de depanare 3<\/li>\n<\/ul>\n<p><img decoding=\"async\" src=\"https:\/\/www.hydraulic-cylinders.net\/wp-content\/uploads\/2025\/01\/songte-company-1.webp\" alt=\"Imaginea companiei\"><\/p>\n<h2>Ghid de instalare<\/h2>\n<p>Instalarea corect\u0103 a cilindrului cupei este crucial\u0103 pentru performan\u021ba \u0219i longevitatea acestuia. Urma\u021bi ace\u0219ti pa\u0219i pentru o instalare corect\u0103:<\/p>\n<h3>Pasul 1: Aliniere<\/h3>\n<p>Asigura\u021bi alinierea corect\u0103 a cilindrului \u00een timpul instal\u0103rii. Folosi\u021bi instrumente \u0219i tehnici de aliniere adecvate pentru a asigura o potrivire precis\u0103.<\/p>\n<h3>Pasul 2: Montare<\/h3>\n<p>Folosi\u021bi console sau dispozitive de fixare adecvate pentru a fixa \u00een siguran\u021b\u0103 cilindrul \u00een timpul instal\u0103rii.<\/p>\n<h3>Pasul 3: Inspec\u021bie<\/h3>\n<p>Dup\u0103 instalare, inspecta\u021bi toate conexiunile, garniturile \u0219i elementele de fixare pentru a v\u0103 asigura c\u0103 sunt str\u00e2nse \u0219i fixate corespunz\u0103tor.<\/p>\n<p><img decoding=\"async\" src=\"https:\/\/www.hydraulic-cylinders.net\/wp-content\/uploads\/2025\/01\/songte-company-3.webp\" alt=\"Imaginea companiei\"><\/p>\n<h2>Despre compania noastr\u0103<\/h2>\n<p>Suntem produc\u0103tori de cilindri hidraulici de schimb \u0219i un produc\u0103tor \u0219i distribuitor angro de top pe pie\u021bele interne \u0219i interna\u021bionale. Ader\u0103m la principiile excelen\u021bei \u0219i ne baz\u0103m pe strategii de management al produc\u021biei industriale \u00een atelierele noastre de fabrica\u021bie rafinate. Compania noastr\u0103 \u00eembun\u0103t\u0103\u021be\u0219te continuu platforma de fabrica\u021bie investind \u00een talent tehnologic \u0219i produc\u021bie digital\u0103 de \u00eenalt\u0103 performan\u021b\u0103.<\/p>","protected":false},"excerpt":{"rendered":"<p>Bucket Cylinder For Caterpillar Large Excavator E374FL Bucket Cylinder For Caterpillar Large Excavator E374FL Introduction The bucket cylinder for Caterpillar large excavator E374FL is a specially designed hydraulic cylinder that controls the movement of the bucket in heavy machinery such as excavators, backhoe loaders, and front-end loaders. Its main function is to enable the bucket [&hellip;]<\/p>","protected":false},"featured_media":14780,"comment_status":"open","ping_status":"closed","template":"","meta":{"_et_pb_use_builder":"","_et_pb_old_content":"","_et_gb_content_width":""},"product_brand":[],"product_cat":[1494],"product_tag":[1495,1496],"class_list":{"0":"post-15258","1":"product","2":"type-product","3":"status-publish","4":"has-post-thumbnail","6":"product_cat-bucket-cylinders","7":"product_tag-bucket-cylinders","8":"product_tag-hydraulic-cylinders","10":"first","11":"instock","12":"shipping-taxable","13":"product-type-simple"},"amp_enabled":true,"_links":{"self":[{"href":"https:\/\/www.hydraulic-cylinders.net\/ro\/wp-json\/wp\/v2\/product\/15258","targetHints":{"allow":["GET"]}}],"collection":[{"href":"https:\/\/www.hydraulic-cylinders.net\/ro\/wp-json\/wp\/v2\/product"}],"about":[{"href":"https:\/\/www.hydraulic-cylinders.net\/ro\/wp-json\/wp\/v2\/types\/product"}],"replies":[{"embeddable":true,"href":"https:\/\/www.hydraulic-cylinders.net\/ro\/wp-json\/wp\/v2\/comments?post=15258"}],"wp:featuredmedia":[{"embeddable":true,"href":"https:\/\/www.hydraulic-cylinders.net\/ro\/wp-json\/wp\/v2\/media\/14780"}],"wp:attachment":[{"href":"https:\/\/www.hydraulic-cylinders.net\/ro\/wp-json\/wp\/v2\/media?parent=15258"}],"wp:term":[{"taxonomy":"product_brand","embeddable":true,"href":"https:\/\/www.hydraulic-cylinders.net\/ro\/wp-json\/wp\/v2\/product_brand?post=15258"},{"taxonomy":"product_cat","embeddable":true,"href":"https:\/\/www.hydraulic-cylinders.net\/ro\/wp-json\/wp\/v2\/product_cat?post=15258"},{"taxonomy":"product_tag","embeddable":true,"href":"https:\/\/www.hydraulic-cylinders.net\/ro\/wp-json\/wp\/v2\/product_tag?post=15258"}],"curies":[{"name":"wp","href":"https:\/\/api.w.org\/{rel}","templated":true}]}}