{"id":15260,"date":"2025-01-19T14:18:23","date_gmt":"2025-01-19T14:18:23","guid":{"rendered":"https:\/\/www.hydraulic-cylinders.net\/product\/bucket-cylinder-for-caterpillar-wheel-excavator-m320dz\/"},"modified":"2025-01-19T14:18:25","modified_gmt":"2025-01-19T14:18:25","slug":"bucket-cylinder-for-caterpillar-wheel-excavator-m320dz","status":"publish","type":"product","link":"https:\/\/www.hydraulic-cylinders.net\/ro\/produs\/bucket-cylinder-for-caterpillar-wheel-excavator-m320dz\/","title":{"rendered":"Cilindru cu cup\u0103 pentru excavatorul pe ro\u021bi Caterpillar M320DZ"},"content":{"rendered":"<p><!DOCTYPE html><br \/>\n<html><br \/>\n<head><br \/>\n\t<title>Cilindru cu cup\u0103 pentru excavatorul pe ro\u021bi Caterpillar M320DZ<\/title><br \/>\n<\/head><br \/>\n<body><\/p>\n<h1>Cilindru cu cup\u0103 pentru excavatorul pe ro\u021bi Caterpillar M320DZ<\/h1>\n<h2>Defini\u021bie \u0219i explica\u021bie<\/h2>\n<p>Cilindrul cupei este un cilindru hidraulic special conceput, utilizat pentru a controla mi\u0219carea cupei \u00een utilaje grele, cum ar fi excavatoarele, \u00eenc\u0103rc\u0103toarele excavatoare \u0219i \u00eenc\u0103rc\u0103toarele frontale. Func\u021bia sa principal\u0103 este de a permite ridicarea, cobor\u00e2rea \u0219i \u00eenclinarea cupei, f\u0103c\u00e2nd-o potrivit\u0103 pentru diverse sarcini de manipulare a materialelor.<\/p>\n<p>\u00cen sistemul hidraulic, cilindrul cupei realizeaz\u0103 un control precis al cupei prin varia\u021bia presiunii uleiului hidraulic, permi\u021b\u00e2nd operatorilor s\u0103 manipuleze eficient sarcini grele \u0219i s\u0103 se adapteze la medii de lucru complexe \u0219i cerin\u021be diverse ale lucr\u0103rii.<\/p>\n<p>\t<img decoding=\"async\" src=\"https:\/\/www.hydraulic-cylinders.net\/wp-content\/uploads\/2025\/01\/songte-company-2.webp\" alt=\"Imaginea cilindrului cupei\"><\/p>\n<h2>Caracteristici<\/h2>\n<ul>\n<li>Rezisten\u021b\u0103 \u0219i durabilitate ridicate: De obicei fabricate din o\u021bel sau aluminiu de \u00eenalt\u0103 rezisten\u021b\u0103, capabile s\u0103 reziste la presiuni ridicate \u0219i sarcini grele, adapt\u00e2ndu-se la medii de lucru dure, proiectate \u021bin\u00e2nd cont de rezisten\u021ba la uzur\u0103 \u0219i la coroziune, prelungind durata de via\u021b\u0103.<\/li>\n<li>Func\u021bionare hidraulic\u0103 eficient\u0103: Utilizarea presiunii uleiului hidraulic pentru a ob\u021bine mi\u0219c\u0103ri line de extensie \u0219i retragere, capabile de un r\u0103spuns rapid la comenzile de control, oferind for\u021be puternice de \u00eempingere \u0219i tragere, potrivite pentru manipularea sarcinilor grele \u0219i a sarcinilor complexe.<\/li>\n<li>Diverse tipuri: Alege\u021bi \u00eentre cilindri cu ac\u021biune simpl\u0103 (utilizare hidraulic\u0103 \u00eentr-o singur\u0103 direc\u021bie) sau cu ac\u021biune dubl\u0103 (utilizare hidraulic\u0103 \u00een ambele direc\u021bii) \u00een func\u021bie de nevoile opera\u021bionale specifice, anumite modele fiind telescopice, permi\u021b\u00e2nd o extensie mai mare f\u0103r\u0103 a cre\u0219te dimensiunile exterioare, potrivite pentru aplica\u021bii cu spa\u021biu limitat.<\/li>\n<li>\u00cenlocuitor perfect: Produsele noastre pot \u00eenlocui perfect ace\u0219ti cilindri hidraulici.<\/li>\n<\/ul>\n<p>\t<img decoding=\"async\" src=\"https:\/\/www.hydraulic-cylinders.net\/wp-content\/uploads\/2025\/01\/songte-cylinder-head-with-all-kinds-excavator-models.webp\" alt=\"Imaginea produsului\"><\/p>\n<h2>Aplica\u021bii<\/h2>\n<ul>\n<li>Echipamente de construc\u021bii: Se g\u0103sesc \u00een excavatoare, acestea sunt esen\u021biale pentru s\u0103pare, \u00eenc\u0103rcare \u0219i mutarea solului sau a resturilor. La \u00eenc\u0103rc\u0103toarele excavatoare, cilindrul cupei ajut\u0103 at\u00e2t la s\u0103pare, c\u00e2t \u0219i la ridicare.<\/li>\n<li>Ma\u0219ini agricole: utilizate \u00een \u00eenc\u0103rc\u0103toarele frontale, acestea ajut\u0103 la scoberea, ridicarea \u0219i transportul solului, f\u00e2nului \u0219i altor materiale.<\/li>\n<li>Excavatoare: Cilindrul cupei permite ac\u021biunea de s\u0103pare permi\u021b\u00e2nd cupei s\u0103 p\u0103trund\u0103 \u00een sol.<\/li>\n<li>\u00cenc\u0103rc\u0103toare frontale: \u00cenc\u0103rc\u0103toare frontale, acestea ajut\u0103 la ridicarea \u0219i desc\u0103rcarea eficient\u0103 a m\u0103rfurilor.<\/li>\n<\/ul>\n<h2>Considera\u021bii de proiectare \u0219i criterii de selec\u021bie<\/h2>\n<ul>\n<li>Capacitate portant\u0103: Discuta\u021bi capacitatea produsului de a suporta sarcini grele \u0219i oferi\u021bi exemple despre modul \u00een care este proiectat s\u0103 gestioneze diferite greut\u0103\u021bi \u0219i presiuni.<\/li>\n<li>Etan\u0219are: Explica\u021bi importan\u021ba utiliz\u0103rii diferitelor componente de etan\u0219are, cum ar fi etan\u0219\u0103rile pistonului \u0219i etan\u0219\u0103rile tijei, fabricate din materiale rezistente la uzur\u0103, precum poliuretanul \u0219i cauciucul nitrilic. Men\u021biona\u021bi tratamentul fin al suprafe\u021bei corpului cilindrului \u0219i al capetelor filetate pentru a spori rezisten\u021ba la uzur\u0103. Sublinia\u021bi necesitatea lubrifierii regulate cu cantitatea adecvat\u0103 de ulei hidraulic.<\/li>\n<\/ul>\n<p>\t<img decoding=\"async\" src=\"https:\/\/www.hydraulic-cylinders.net\/wp-content\/uploads\/2025\/01\/songte-oil-pipes-and-spare-parts.webp\" alt=\"Imaginea produsului\"><\/p>\n<h2>\u00centre\u021binere \u0219i m\u0103suri preventive<\/h2>\n<ul>\n<li>Inspec\u021bie regulat\u0103: Eviden\u021bia\u021bi importan\u021ba inspec\u021biei regulate a cilindrului cupei pentru a depista orice semne de uzur\u0103, deteriorare sau scurgeri.<\/li>\n<li>Lubrifiere adecvat\u0103: Explica\u021bi importan\u021ba lubrifierii adecvate pentru a asigura o func\u021bionare lin\u0103 \u0219i a preveni uzura prematur\u0103.<\/li>\n<li>\u00cenlocuirea garniturilor: Furniza\u021bi instruc\u021biuni despre momentul \u0219i modul de \u00eenlocuire a garniturilor pentru a men\u021bine performan\u021ba cilindrului.<\/li>\n<\/ul>\n<p>\t<img decoding=\"async\" src=\"https:\/\/www.hydraulic-cylinders.net\/wp-content\/uploads\/2025\/01\/songte-chushion-collar.webp\" alt=\"Imaginea produsului\"><\/p>\n<h2>Considera\u021bii de siguran\u021b\u0103 \u0219i factori de mediu<\/h2>\n<p>Discuta\u021bi importan\u021ba respect\u0103rii m\u0103surilor de siguran\u021b\u0103 la utilizarea cilindrului cupei \u0219i impactul asupra mediului al utiliz\u0103rii acestuia.<\/p>\n<h2>Depanare \u0219i probleme frecvente<\/h2>\n<p>Enumera\u021bi problemele comune care pot ap\u0103rea cu cilindrul cupei \u0219i oferi\u021bi sfaturi \u0219i solu\u021bii de depanare pentru a ajuta cititorii s\u0103 diagnosticheze \u0219i s\u0103 rezolve problemele. De asemenea, oferi\u021bi m\u0103suri preventive pentru a minimiza poten\u021bialele probleme.<\/p>\n<p>\t<img decoding=\"async\" src=\"https:\/\/www.hydraulic-cylinders.net\/wp-content\/uploads\/2025\/01\/songte-bushings-with-all-kinds-of-excavator-models.webp\" alt=\"Imaginea produsului\"><\/p>\n<h2>Introducerea companiei<\/h2>\n<p>Suntem produc\u0103tori de cilindri hidraulici de schimb \u0219i unul dintre principalii produc\u0103tori \u0219i distribuitori angro pe pie\u021bele interne \u0219i interna\u021bionale. Compania noastr\u0103 ader\u0103 la principiile excelen\u021bei, utiliz\u00e2nd strategii industrializate de management al produc\u021biei cu ateliere de fabrica\u021bie de \u00eenalt\u0103 calitate. \u00cembun\u0103t\u0103\u021bim continuu platforma noastr\u0103 de produc\u021bie, \u00eembun\u0103t\u0103\u021bim rutele de produc\u021bie a calit\u0103\u021bii produselor \u0219i avem o puternic\u0103 capacitate creativ\u0103. Ne propunem s\u0103 satisfacem diversele nevoi ale clien\u021bilor cu eficien\u021b\u0103, precizie \u0219i calitate ridicate.<\/p>\n<p>\t<img decoding=\"async\" src=\"https:\/\/hzpt.com\/wp-content\/uploads\/2024\/11\/songte-company-1.webp\" alt=\"Imaginea companiei\"><\/p>\n<h3>Profesionalism<\/h3>\n<p>Discuta\u021bi despre expertiza companiei \u00een produc\u021bia de cilindri hidraulici \u0219i dedicarea sa pentru furnizarea de produse de \u00eenalt\u0103 calitate.<\/p>\n<h3>Certific\u0103ri interna\u021bionale<\/h3>\n<p>Eviden\u021bia\u021bi orice certific\u0103ri interna\u021bionale pe care le-a ob\u021binut compania, demonstr\u00e2nd angajamentul s\u0103u de a \u00eendeplini standardele globale.<\/p>\n<h3>Servicii de personalizare<\/h3>\n<p>Explica\u021bi capacitatea companiei de a oferi solu\u021bii personalizate bazate pe cerin\u021bele clien\u021bilor.<\/p>\n<h3>Echipamente de produc\u021bie<\/h3>\n<p>Discuta\u021bi despre echipamentele de produc\u021bie avansate utilizate de companie pentru a asigura precizia \u0219i calitatea produselor sale.<\/p>\n<h3>Serviciu post-v\u00e2nzare<\/h3>\n<p>Descrie\u021bi angajamentul companiei de a oferi servicii post-v\u00e2nzare excelente, inclusiv servicii de repara\u021bii \u0219i \u00eenlocuire, pentru a prelungi durata de via\u021b\u0103 a cilindrilor hidraulici.<\/p>\n<p>\t<img decoding=\"async\" src=\"https:\/\/www.hydraulic-cylinders.net\/wp-content\/uploads\/2025\/01\/songte-company-3.webp\" alt=\"Imaginea companiei\"><\/p>\n<p>Autor: lyl<\/p>\n<p><\/body><br \/>\n<\/html><\/p>","protected":false},"excerpt":{"rendered":"<p>Bucket Cylinder For Caterpillar Wheel Excavator M320DZ Bucket Cylinder For Caterpillar Wheel Excavator M320DZ Definition and Explanation The bucket cylinder is a specially designed hydraulic cylinder used to control the movement of the bucket in heavy machinery such as excavators, backhoe loaders, and wheel loaders. Its main function is to enable the lifting, lowering, and [&hellip;]<\/p>","protected":false},"featured_media":14776,"comment_status":"open","ping_status":"closed","template":"","meta":{"_et_pb_use_builder":"","_et_pb_old_content":"","_et_gb_content_width":""},"product_brand":[],"product_cat":[1494],"product_tag":[1495,1496],"class_list":{"0":"post-15260","1":"product","2":"type-product","3":"status-publish","4":"has-post-thumbnail","6":"product_cat-bucket-cylinders","7":"product_tag-bucket-cylinders","8":"product_tag-hydraulic-cylinders","10":"first","11":"instock","12":"shipping-taxable","13":"product-type-simple"},"amp_enabled":true,"_links":{"self":[{"href":"https:\/\/www.hydraulic-cylinders.net\/ro\/wp-json\/wp\/v2\/product\/15260","targetHints":{"allow":["GET"]}}],"collection":[{"href":"https:\/\/www.hydraulic-cylinders.net\/ro\/wp-json\/wp\/v2\/product"}],"about":[{"href":"https:\/\/www.hydraulic-cylinders.net\/ro\/wp-json\/wp\/v2\/types\/product"}],"replies":[{"embeddable":true,"href":"https:\/\/www.hydraulic-cylinders.net\/ro\/wp-json\/wp\/v2\/comments?post=15260"}],"wp:featuredmedia":[{"embeddable":true,"href":"https:\/\/www.hydraulic-cylinders.net\/ro\/wp-json\/wp\/v2\/media\/14776"}],"wp:attachment":[{"href":"https:\/\/www.hydraulic-cylinders.net\/ro\/wp-json\/wp\/v2\/media?parent=15260"}],"wp:term":[{"taxonomy":"product_brand","embeddable":true,"href":"https:\/\/www.hydraulic-cylinders.net\/ro\/wp-json\/wp\/v2\/product_brand?post=15260"},{"taxonomy":"product_cat","embeddable":true,"href":"https:\/\/www.hydraulic-cylinders.net\/ro\/wp-json\/wp\/v2\/product_cat?post=15260"},{"taxonomy":"product_tag","embeddable":true,"href":"https:\/\/www.hydraulic-cylinders.net\/ro\/wp-json\/wp\/v2\/product_tag?post=15260"}],"curies":[{"name":"wp","href":"https:\/\/api.w.org\/{rel}","templated":true}]}}