{"id":15275,"date":"2025-01-19T14:19:32","date_gmt":"2025-01-19T14:19:32","guid":{"rendered":"https:\/\/www.hydraulic-cylinders.net\/product\/bucket-cylinder-for-doosan-middle-excavator-dh200-5-7\/"},"modified":"2025-01-19T14:19:34","modified_gmt":"2025-01-19T14:19:34","slug":"bucket-cylinder-for-doosan-middle-excavator-dh200-5-7","status":"publish","type":"product","link":"https:\/\/www.hydraulic-cylinders.net\/ro\/produs\/bucket-cylinder-for-doosan-middle-excavator-dh200-5-7\/","title":{"rendered":"Cilindru cup\u0103 pentru excavatorul Doosan Middle DH200-5-7"},"content":{"rendered":"<h1>Cilindru cup\u0103 pentru excavatorul Doosan DH200-5-7<\/h1>\n<h2>Introducere<\/h2>\n<p>Un cilindru al cupei este un cilindru hidraulic special conceput, utilizat \u00een principal pentru a controla mi\u0219carea cupei \u00een utilaje grele, cum ar fi excavatoarele, \u00eenc\u0103rc\u0103toarele excavatoare \u0219i \u00eenc\u0103rc\u0103toarele frontale. Func\u021bia sa principal\u0103 este de a permite ridicarea, cobor\u00e2rea \u0219i \u00eenclinarea cupei, facilit\u00e2nd gestionarea diverselor sarcini de manipulare a materialelor. \u00cen sistemul hidraulic, cilindrul cupei controleaz\u0103 mi\u0219carea precis\u0103 a cupei prin modific\u0103rile presiunii uleiului hidraulic, permi\u021b\u00e2nd operatorilor s\u0103 manipuleze eficient sarcini grele \u0219i s\u0103 se adapteze la medii de lucru complexe \u0219i cerin\u021be diverse ale lucr\u0103rilor.<\/p>\n<p><img decoding=\"async\" src=\"https:\/\/www.hydraulic-cylinders.net\/wp-content\/uploads\/2025\/01\/songte-company-2.webp\" alt=\"Imaginea cilindrului cupei\"><\/p>\n<h2>Caracteristici<\/h2>\n<ul>\n<li>\n<h3>Rezisten\u021b\u0103 \u0219i durabilitate ridicate<\/h3>\n<p>Cilindrii cupei sunt de obicei fabrica\u021bi din o\u021bel sau aluminiu de \u00eenalt\u0103 rezisten\u021b\u0103, care pot rezista la presiuni ridicate \u0219i sarcini grele, adapt\u00e2ndu-se la condi\u021bii dure de lucru. Proiectarea ia \u00een considerare rezisten\u021ba la uzur\u0103 \u0219i la coroziune, prelungind durata de via\u021b\u0103.<\/p>\n<\/li>\n<li>\n<h3>Func\u021bionare hidraulic\u0103 eficient\u0103<\/h3>\n<p>Presiunea hidraulic\u0103 este utilizat\u0103 pentru a ob\u021bine ac\u021biuni line de extensie \u0219i contrac\u021bie, permi\u021b\u00e2nd un r\u0103spuns rapid la comenzile de control, oferind for\u021be puternice de \u00eempingere-tragere \u0219i fiind potrivit\u0103 pentru manipularea sarcinilor grele \u0219i a sarcinilor complexe.<\/p>\n<\/li>\n<li>\n<h3>Diverse tipuri<\/h3>\n<p>Cilindrii cupei pot fi cu ac\u021biune simpl\u0103 (folosind sistemul hidraulic \u00eentr-o singur\u0103 direc\u021bie) sau cu ac\u021biune dubl\u0103 (folosind sistemul hidraulic \u00een ambele direc\u021bii), \u00een func\u021bie de cerin\u021bele de func\u021bionare. Unele modele sunt telescopice, permi\u021b\u00e2nd o extensie mai mare f\u0103r\u0103 a cre\u0219te dimensiunile exterioare, fiind potrivite pentru aplica\u021bii cu spa\u021biu limitat.<\/p>\n<\/li>\n<li>\n<h3>\u00cenlocuitor perfect<\/h3>\n<p>Produsele noastre pot \u00eenlocui perfect ace\u0219ti cilindri hidraulici.<\/p>\n<\/li>\n<\/ul>\n<p><img decoding=\"async\" src=\"https:\/\/www.hydraulic-cylinders.net\/wp-content\/uploads\/2025\/01\/songte-cylinder-head-with-all-kinds-excavator-models.webp\" alt=\"Imagine de substitu\u021bie a cilindrului cupei\"><\/p>\n<h2>Aplica\u021bii<\/h2>\n<p>Cilindrii cu cup\u0103 sunt utiliza\u021bi pe scar\u0103 larg\u0103 \u00een diverse utilaje, cum ar fi:<\/p>\n<ul>\n<li>\n<h3>Echipamente de construc\u021bii<\/h3>\n<p>\u00cen excavatoare, acestea sunt esen\u021biale pentru s\u0103pare, \u00eenc\u0103rcare \u0219i mutarea solului sau a resturilor. \u00cen buldoexcavatoarele, cilindrul cupei ajut\u0103 at\u00e2t la s\u0103pare, c\u00e2t \u0219i la ridicare. <\/p>\n<\/li>\n<li>\n<h3>Ma\u0219ini agricole<\/h3>\n<p>Folosit la \u00eenc\u0103rc\u0103toarele frontale pentru scobere, ridicare \u0219i transportul solului, f\u00e2nului \u0219i altor materiale.<\/p>\n<\/li>\n<li>\n<h3>Excavatoare<\/h3>\n<p>Cilindrul cupei permite p\u0103trunderea \u00een sol pentru a realiza excavarea.<\/p>\n<\/li>\n<li>\n<h3>\u00cenc\u0103rc\u0103toare<\/h3>\n<p>\u00cenc\u0103rc\u0103toarele frontale ajut\u0103 la ridicarea \u0219i desc\u0103rcarea eficient\u0103 a m\u0103rfurilor.<\/p>\n<\/li>\n<\/ul>\n<h2>Considera\u021bii de proiectare \u0219i criterii de selec\u021bie<\/h2>\n<ul>\n<li>\n<h3>Capacitate portant\u0103<\/h3>\n<p>Cilindrul trebuie s\u0103 aib\u0103 o capacitate portant\u0103 suficient\u0103 pentru a asigura o func\u021bionare sigur\u0103 \u0219i a preveni supra\u00eenc\u0103rcarea. <\/p>\n<\/li>\n<li>\n<h3>Sigilare<\/h3>\n<p>Garnitura pistonului, etan\u0219area tijei \u0219i alte garnituri trebuie s\u0103 fie fabricate din materiale rezistente la uzur\u0103, cum ar fi poliuretanul \u0219i cauciucul nitrilic, pentru a prelungi durata de via\u021b\u0103. <\/p>\n<\/li>\n<li>\n<h3>Durabilitate<\/h3>\n<p>Corpul cilindrului \u0219i suprafa\u021ba cap\u0103tului filetat trebuie supuse unor prelucr\u0103ri fine pentru a \u00eembun\u0103t\u0103\u021bi rezisten\u021ba la uzur\u0103. <\/p>\n<\/li>\n<li>\n<h3>Siguran\u0163\u0103<\/h3>\n<p>Cilindrul trebuie s\u0103 fie echipat cu dispozitive de siguran\u021b\u0103 pentru a preveni accidentele cauzate de sc\u0103deri bru\u0219te de presiune sau sarcini excesive. <\/p>\n<\/li>\n<li>\n<h3>Mentenabilitate<\/h3>\n<p>Cilindrul trebuie s\u0103 fie u\u0219or de demontat \u0219i asamblat, de \u00eenlocuit piesele deteriorate \u0219i de \u00eentre\u021binut.<\/p>\n<\/li>\n<\/ul>\n<p><img decoding=\"async\" src=\"https:\/\/www.hydraulic-cylinders.net\/wp-content\/uploads\/2025\/01\/songte-oil-pipes-and-spare-parts.webp\" alt=\"Imagine piese de schimb\"><\/p>\n<h2>Etan\u0219are \u0219i lubrifiere<\/h2>\n<p>Diverse componente de etan\u0219are, cum ar fi etan\u0219\u0103rile pistonului \u0219i etan\u0219\u0103rile tijei, sunt utilizate pentru a preveni scurgerile de ulei \u0219i a asigura lubrifierea componentelor \u00een mi\u0219care. Garniturile sunt fabricate din materiale rezistente la uzur\u0103, cum ar fi poliuretanul \u0219i cauciucul nitrilic, iar corpul cilindrului \u0219i suprafa\u021ba cap\u0103tului filetat sunt prelucrate fin pentru a \u00eembun\u0103t\u0103\u021bi rezisten\u021ba la uzur\u0103. De asemenea, cilindrul trebuie umplut \u00een mod regulat cu o cantitate adecvat\u0103 de ulei hidraulic pentru lubrifiere.<\/p>\n<h2>M\u0103suri de inspec\u021bie \u0219i \u00eentre\u021binere preventiv\u0103<\/h2>\n<p>Inspec\u021biile regulate, lubrifierea corespunz\u0103toare, \u00eenlocuirea garniturilor \u0219i verific\u0103rile de calibrare sunt sarcini comune de \u00eentre\u021binere. Instalarea, lubrifierea \u0219i reglarea corect\u0103 sunt esen\u021biale, iar alinierea corect\u0103 a cilindrului trebuie asigurat\u0103 \u00een timpul instal\u0103rii. Se recomand\u0103 utilizarea consolelor de instalare adecvate pentru fixarea cilindrului. Sunt furnizate procedurile recomandate de inspec\u021bie, reparare \u0219i \u00eenlocuire, \u00eempreun\u0103 cu sfaturi pentru prelungirea duratei de via\u021b\u0103 a cilindrului.<\/p>\n<p><img decoding=\"async\" src=\"https:\/\/www.hydraulic-cylinders.net\/wp-content\/uploads\/2025\/01\/songte-chushion-collar.webp\" alt=\"Imagine de instalare\"><\/p>\n<h2>Considera\u021bii de siguran\u021b\u0103 \u0219i factori de mediu<\/h2>\n<p>M\u0103surile de siguran\u021b\u0103 sunt cruciale atunci c\u00e2nd se utilizeaz\u0103 butelia. Este necesar s\u0103 se asigure c\u0103 butelia este instalat\u0103 \u0219i utilizat\u0103 corect pentru a preveni accidentele. Factorii de mediu precum temperatura, presiunea \u0219i umiditatea trebuie, de asemenea, lua\u021bi \u00een considerare pentru a preveni poten\u021bialele pericole de siguran\u021b\u0103.<\/p>\n<h2>Diagnosticarea \u0219i solu\u021biile defec\u021biunilor comune<\/h2>\n<p>Defec\u021biuni frecvente, cum ar fi scurgeri de ulei, presiune insuficient\u0103 \u0219i func\u021bionare instabil\u0103, pot ap\u0103rea \u00een timpul utiliz\u0103rii buteliei. Manualul buteliei ofer\u0103 sfaturi \u0219i solu\u021bii de depanare pentru a ajuta cititorii s\u0103 diagnosticheze \u0219i s\u0103 rezolve problemele \u00een mod eficient, precum \u0219i m\u0103suri preventive pentru a reduce poten\u021bialele probleme.<\/p>\n<p><img decoding=\"async\" src=\"https:\/\/www.hydraulic-cylinders.net\/wp-content\/uploads\/2025\/01\/songte-bushings-with-all-kinds-of-excavator-models.webp\" alt=\"Imagine de diagnosticare a defec\u021biunilor\"><\/p>\n<h2>Despre compania noastr\u0103<\/h2>\n<p>Suntem produc\u0103tori de \u00eenlocuitori de cilindri hidraulici, cu o gam\u0103 complet\u0103 de produse \u0219i am devenit unul dintre principalii produc\u0103tori \u0219i angrosi\u0219ti \u200b\u200bde cilindri hidraulici pe pie\u021bele interne \u0219i interna\u021bionale. Ader\u0103m la principiile calit\u0103\u021bii excelente \u0219i ne baz\u0103m pe strategia de management al produc\u021biei industriale a unor ateliere de produc\u021bie de \u00eenalt\u0103 calitate, cu talente tehnice, echipamente digitale de produc\u021bie de ultim\u0103 genera\u021bie \u0219i sisteme profesionale de testare. Compania noastr\u0103 \u00eembun\u0103t\u0103\u021be\u0219te continuu platforma de produc\u021bie a atelierului, perfec\u021bioneaz\u0103 procesul de produc\u021bie a calit\u0103\u021bii produselor \u0219i are o capacitate puternic\u0103 de crea\u021bie pentru a satisface nevoile diverse ale clien\u021bilor, baz\u00e2ndu-se pe principiile eficien\u021bei ridicate, preciziei ridicate \u0219i calit\u0103\u021bii superioare.<\/p>\n<p><img decoding=\"async\" src=\"https:\/\/hzpt.com\/wp-content\/uploads\/2024\/11\/songte-company-1.webp\" alt=\"Imaginea companiei\"><\/p>\n<h3>Profesionalism<\/h3>\n<p>Avem o echip\u0103 profesionist\u0103 de design \u0219i produc\u021bie care poate oferi clien\u021bilor servicii personalizate pentru a satisface nevoile lor specifice.<\/p>\n<h3>Certificare interna\u021bional\u0103<\/h3>\n<p>Produsele companiei noastre au ob\u021binut certific\u0103ri ISO9001, CE \u0219i alte certific\u0103ri interna\u021bionale, ceea ce demonstreaz\u0103 pe deplin calitatea excelent\u0103 a produselor \u0219i nivelul serviciilor noastre.<\/p>\n<h3>Serviciu personalizat<\/h3>\n<p>Putem oferi servicii personalizate \u00een func\u021bie de nevoile diferite ale clien\u021bilor, iar echipa noastr\u0103 de design profesional poate oferi clien\u021bilor solu\u021bii personalizate.<\/p>\n<h3>Echipamente de produc\u021bie<\/h3>\n<p>Dispunem de echipamente de produc\u021bie avansate, cum ar fi ma\u0219ini-unelte CNC \u0219i echipamente de testare, care pot asigura calitatea \u0219i precizia ridicat\u0103 a produselor noastre.<\/p>\n<h3>Serviciu post-v\u00e2nzare<\/h3>\n<p>Oferim clien\u021bilor servicii complete post-v\u00e2nzare, inclusiv \u00eendrum\u0103ri pentru instalare, asisten\u021b\u0103 tehnic\u0103 \u0219i servicii de \u00eentre\u021binere, pentru a ne asigura c\u0103 ace\u0219tia pot utiliza produsele noastre \u00een lini\u0219te sufleteasc\u0103.<\/p>\n<p>Autor: lyl<\/p>","protected":false},"excerpt":{"rendered":"<p>Bucket Cylinder for Doosan Middle Excavator DH200-5-7 Introduction A bucket cylinder is a specially designed hydraulic cylinder that is primarily used to control the movement of the bucket in heavy machinery such as excavators, backhoe loaders, and front-end loaders. Its main function is to enable the bucket to lift, lower, and tilt, making it easier [&hellip;]<\/p>","protected":false},"featured_media":14776,"comment_status":"open","ping_status":"closed","template":"","meta":{"_et_pb_use_builder":"","_et_pb_old_content":"","_et_gb_content_width":""},"product_brand":[],"product_cat":[1494],"product_tag":[1495,1496],"class_list":{"0":"post-15275","1":"product","2":"type-product","3":"status-publish","4":"has-post-thumbnail","6":"product_cat-bucket-cylinders","7":"product_tag-bucket-cylinders","8":"product_tag-hydraulic-cylinders","10":"first","11":"instock","12":"shipping-taxable","13":"product-type-simple"},"amp_enabled":true,"_links":{"self":[{"href":"https:\/\/www.hydraulic-cylinders.net\/ro\/wp-json\/wp\/v2\/product\/15275","targetHints":{"allow":["GET"]}}],"collection":[{"href":"https:\/\/www.hydraulic-cylinders.net\/ro\/wp-json\/wp\/v2\/product"}],"about":[{"href":"https:\/\/www.hydraulic-cylinders.net\/ro\/wp-json\/wp\/v2\/types\/product"}],"replies":[{"embeddable":true,"href":"https:\/\/www.hydraulic-cylinders.net\/ro\/wp-json\/wp\/v2\/comments?post=15275"}],"wp:featuredmedia":[{"embeddable":true,"href":"https:\/\/www.hydraulic-cylinders.net\/ro\/wp-json\/wp\/v2\/media\/14776"}],"wp:attachment":[{"href":"https:\/\/www.hydraulic-cylinders.net\/ro\/wp-json\/wp\/v2\/media?parent=15275"}],"wp:term":[{"taxonomy":"product_brand","embeddable":true,"href":"https:\/\/www.hydraulic-cylinders.net\/ro\/wp-json\/wp\/v2\/product_brand?post=15275"},{"taxonomy":"product_cat","embeddable":true,"href":"https:\/\/www.hydraulic-cylinders.net\/ro\/wp-json\/wp\/v2\/product_cat?post=15275"},{"taxonomy":"product_tag","embeddable":true,"href":"https:\/\/www.hydraulic-cylinders.net\/ro\/wp-json\/wp\/v2\/product_tag?post=15275"}],"curies":[{"name":"wp","href":"https:\/\/api.w.org\/{rel}","templated":true}]}}