{"id":15281,"date":"2025-01-19T14:19:55","date_gmt":"2025-01-19T14:19:55","guid":{"rendered":"https:\/\/www.hydraulic-cylinders.net\/product\/bucket-cylinder-for-doosan-middle-excavator-dh220lc-9e\/"},"modified":"2025-01-19T14:20:04","modified_gmt":"2025-01-19T14:20:04","slug":"bucket-cylinder-for-doosan-middle-excavator-dh220lc-9e","status":"publish","type":"product","link":"https:\/\/www.hydraulic-cylinders.net\/ro\/produs\/bucket-cylinder-for-doosan-middle-excavator-dh220lc-9e\/","title":{"rendered":"Cilindru cup\u0103 pentru excavatorul mijlociu Doosan DH220LC-9E"},"content":{"rendered":"<h1>Cilindru cup\u0103 pentru excavatorul mijlociu Doosan DH220LC-9E<\/h1>\n<h2>Introducere<\/h2>\n<p>Cilindrul cupei pentru excavatorul Doosan DH220LC-9E este un cilindru hidraulic conceput pentru a controla mi\u0219carea cupei \u00een utilaje grele, cum ar fi excavatoarele, excavatoarele cu buldoexcavatoare \u0219i \u00eenc\u0103rc\u0103toare frontale. Func\u021bia sa principal\u0103 este de a permite ridicarea, cobor\u00e2rea \u0219i \u00eenclinarea cupei, facilit\u00e2nd efectuarea diverselor sarcini de manipulare a materialelor. \u00cen sistemul hidraulic, cilindrul cupei utilizeaz\u0103 presiunea uleiului hidraulic pentru a controla cu precizie cupa, permi\u021b\u00e2nd operatorilor s\u0103 manipuleze eficient sarcini grele, s\u0103 se adapteze la medii de lucru complexe \u0219i s\u0103 \u00eendeplineasc\u0103 diverse cerin\u021be ale lucr\u0103rilor.<\/p>\n<p><img decoding=\"async\" src=\"https:\/\/www.hydraulic-cylinders.net\/wp-content\/uploads\/2025\/01\/songte-company-2.webp\" alt=\"Imaginea cilindrului cupei\"><\/p>\n<h2>Caracteristici<\/h2>\n<ul>\n<li>Rezisten\u021b\u0103 \u0219i durabilitate ridicate: de obicei fabricate din o\u021bel sau aluminiu de \u00eenalt\u0103 rezisten\u021b\u0103, capabile s\u0103 reziste la presiuni ridicate \u0219i sarcini grele, potrivite pentru medii de lucru dure, proiectate av\u00e2nd \u00een vedere rezisten\u021ba la uzur\u0103 \u0219i la coroziune pentru a prelungi durata de via\u021b\u0103.<\/li>\n<li>Func\u021bionare hidraulic\u0103 eficient\u0103: utilizarea presiunii uleiului hidraulic pentru a ob\u021bine o extensie \u0219i contrac\u021bie lin\u0103, capabil\u0103 s\u0103 r\u0103spund\u0103 rapid la comenzile de control, oferind o for\u021b\u0103 puternic\u0103 de \u00eempingere \u0219i tragere, potrivit\u0103 pentru manipularea sarcinilor grele \u0219i a sarcinilor complexe.<\/li>\n<li>Diverse tipuri de cilindri: cu ac\u021biune simpl\u0103 (folosind sistemul hidraulic \u00eentr-o singur\u0103 direc\u021bie) sau cu ac\u021biune dubl\u0103 (folosind sistemul hidraulic \u00een dou\u0103 direc\u021bii) pot fi selectate \u00een func\u021bie de cerin\u021be, unele modele fiind telescopice, permi\u021b\u00e2nd o extensie mai mare f\u0103r\u0103 a cre\u0219te dimensiunile exterioare, potrivite pentru aplica\u021bii cu spa\u021biu limitat.<\/li>\n<li>\u00cenlocuitor perfect: produsele noastre pot \u00eenlocui perfect ace\u0219ti cilindri hidraulici.<\/li>\n<\/ul>\n<p><img decoding=\"async\" src=\"https:\/\/www.hydraulic-cylinders.net\/wp-content\/uploads\/2025\/01\/songte-cylinder-head-with-all-kinds-excavator-models.webp\" alt=\"Imagine de \u00eenlocuire a cilindrului cupei\"><\/p>\n<h2>Aplica\u021bii<\/h2>\n<p>Cilindrul cupei pentru excavatorul Doosan DH220LC-9E este utilizat pe scar\u0103 larg\u0103 \u00een diverse aplica\u021bii pentru utilaje grele, cum ar fi:<\/p>\n<ul>\n<li>Echipamente de construc\u021bii: esen\u021biale pentru excavarea, \u00eenc\u0103rcarea \u0219i mutarea solului sau a resturilor \u00een excavatoare \u0219i excavatoare cu buldoexcavatoare; cilindrii cupei ajut\u0103 la s\u0103parea \u0219i ridicarea \u00een excavatoarele cu buldoexcavatoare.<\/li>\n<li>Ma\u0219ini agricole: utilizate \u00een \u00eenc\u0103rc\u0103toarele frontale, pentru a s\u0103pa, ridica \u0219i transporta sol, f\u00e2n \u0219i alte materiale; cilindrii cupei permit ac\u021biunea de s\u0103pare permi\u021b\u00e2nd cupei s\u0103 p\u0103trund\u0103 \u00een solul excavatoarelor.<\/li>\n<li>\u00cenc\u0103rc\u0103tor: la \u00eenc\u0103rc\u0103toarele frontale, cilindrii cupei ajut\u0103 la ridicarea \u0219i desc\u0103rcarea eficient\u0103 a m\u0103rfurilor.<\/li>\n<\/ul>\n<h2>Considera\u021bii de proiectare \u0219i criterii de selec\u021bie<\/h2>\n<p>Cilindrul cupei pentru excavatorul Doosan DH220LC-9E este proiectat av\u00e2nd \u00een vedere c\u00e2teva aspecte cheie, cum ar fi:<\/p>\n<ul>\n<li>Capacitate portant\u0103: cilindrul trebuie s\u0103 poat\u0103 suporta sarcinile maxime la care va fi supus.<\/li>\n<li>Etan\u0219are: esen\u021bial\u0103 pentru prevenirea scurgerilor \u0219i men\u021binerea presiunii hidraulice.<\/li>\n<li>Durabilitate: cilindrul trebuie s\u0103 poat\u0103 rezista la medii dure \u0219i la utilizare intens\u0103.<\/li>\n<li>Siguran\u021b\u0103: butelia trebuie s\u0103 fie proiectat\u0103 cu elemente de siguran\u021b\u0103 pentru a preveni accidentele sau r\u0103nirile.<\/li>\n<li>\u00centre\u021binere: cilindrul trebuie s\u0103 fie u\u0219or de \u00eentre\u021binut \u0219i reparat pentru a reduce la minimum timpul de nefunc\u021bionare.<\/li>\n<\/ul>\n<p><img decoding=\"async\" src=\"https:\/\/www.hydraulic-cylinders.net\/wp-content\/uploads\/2025\/01\/songte-oil-pipes-and-spare-parts.webp\" alt=\"Componente ale cilindrului cupei\"><\/p>\n<h2>Etan\u0219are \u0219i lubrifiere<\/h2>\n<p>Cilindrul cupei pentru excavatorul Doosan DH220LC-9E utilizeaz\u0103 diverse componente de etan\u0219are, cum ar fi etan\u0219\u0103ri de piston, etan\u0219\u0103ri de tij\u0103 etc., fabricate din materiale rezistente la uzur\u0103, cum ar fi poliuretanul, cauciucul nitrilic etc. Corpul cilindrului \u0219i suprafe\u021bele filetate ale cap\u0103tului sunt prelucrate fin pentru a \u00eembun\u0103t\u0103\u021bi rezisten\u021ba la uzur\u0103. Lubrifierea regulat\u0103 cu cantitatea adecvat\u0103 de ulei hidraulic este necesar\u0103 pentru o func\u021bionare f\u0103r\u0103 probleme.<\/p>\n<h2>\u00centre\u021binere \u0219i repara\u021bii<\/h2>\n<p>Inspec\u021bia regulat\u0103, lubrifierea \u0219i \u00eenlocuirea garniturilor sunt c\u00e2teva dintre sarcinile comune de \u00eentre\u021binere pentru cilindrul cupei pentru excavatorul Doosan DH220LC-9E. Instalarea, lubrifierea \u0219i reglarea corecte sunt esen\u021biale pentru o performan\u021b\u0103 optim\u0103. Se recomand\u0103 alinierea corect\u0103 a cilindrului \u0219i utilizarea unor suporturi de montare adecvate. De asemenea, oferim piese de schimb \u0219i servicii de reconstruc\u021bie pentru a cre\u0219te longevitatea cilindrului.<\/p>\n<p><img decoding=\"async\" src=\"https:\/\/www.hydraulic-cylinders.net\/wp-content\/uploads\/2025\/01\/songte-chushion-collar.webp\" alt=\"Imagine de instalare a cilindrului cupei\"><\/p>\n<h2>Considera\u021bii privind siguran\u021ba \u0219i mediul<\/h2>\n<p>Trebuie respectate m\u0103suri de siguran\u021b\u0103 adecvate la utilizarea cilindrului cupei pentru excavatorul Doosan DH220LC-9E. Sistemele hidraulice func\u021bioneaz\u0103 la presiune ridicat\u0103 \u0219i pot provoca v\u0103t\u0103m\u0103ri grave sau accidente dac\u0103 nu sunt manipulate corect. Eliminarea corect\u0103 a uleiului hidraulic uzat \u0219i a altor componente este necesar\u0103 pentru a minimiza impactul asupra mediului.<\/p>\n<h2>Depanare \u0219i probleme frecvente<\/h2>\n<p>Cilindrul cupei pentru excavatorul Doosan DH220LC-9E poate \u00eent\u00e2mpina probleme precum scurgeri, performan\u021b\u0103 redus\u0103 \u0219i deteriorare din cauza utiliz\u0103rii necorespunz\u0103toare sau a uzurii. Diagnosticarea corect\u0103 \u0219i repararea la timp sunt necesare pentru a preveni deteriorarea ulterioar\u0103. Oferim sfaturi \u0219i solu\u021bii de depanare pentru a ajuta cititorii s\u0103 diagnosticheze \u0219i s\u0103 rezolve eficient problemele. De asemenea, sunt sugerate m\u0103suri preventive pentru a minimiza poten\u021bialele probleme.<\/p>\n<p><img decoding=\"async\" src=\"https:\/\/www.hydraulic-cylinders.net\/wp-content\/uploads\/2025\/01\/songte-bushings-with-all-kinds-of-excavator-models.webp\" alt=\"Imaginea buc\u0219elor cilindrului cupei\"><\/p>\n<h2>Despre noi<\/h2>\n<p>Suntem produc\u0103tori de piese de schimb pentru cilindri hidraulici, oferind o gam\u0103 larg\u0103 de produse. Suntem unul dintre principalii produc\u0103tori \u0219i angrosi\u0219ti \u200b\u200bde cilindri hidraulici pe pie\u021bele interne \u0219i interna\u021bionale. Ader\u0103m la principiile calit\u0103\u021bii excelente, ne baz\u0103m pe strategia industrializat\u0103 de management al produc\u021biei \u00eentr-un atelier de fabrica\u021bie rafinat \u0219i \u00eembun\u0103t\u0103\u021bim continuu platforma de produc\u021bie a atelierului, \u00eembun\u0103t\u0103\u021bim ruta de produc\u021bie a calit\u0103\u021bii produselor \u0219i avem capacit\u0103\u021bi puternice de inovare. Satisfacem nevoile diverse ale clien\u021bilor cu principii de eficien\u021b\u0103 ridicat\u0103, precizie ridicat\u0103 \u0219i calitate \u00eenalt\u0103.<\/p>\n<p>Oferim servicii profesionale, certificate interna\u021bional, personalizate \u0219i folosim echipamente de produc\u021bie avansate \u0219i sisteme de testare profesionale. Oferim echipamente de produc\u021bie fiabile \u0219i servicii post-v\u00e2nzare excelente.<\/p>\n<p><img decoding=\"async\" src=\"https:\/\/www.hydraulic-cylinders.net\/wp-content\/uploads\/2025\/01\/songte-company-3.webp\" alt=\"Imaginea companiei\"><\/p>\n<p><em>Autor: lyl<\/em><\/p>","protected":false},"excerpt":{"rendered":"<p>Bucket Cylinder For Doosan Middle Excavator DH220LC-9E Introduction The Bucket Cylinder for Doosan Middle Excavator DH220LC-9E is a hydraulic cylinder designed to control the movement of the bucket in heavy machinery such as excavators, backhoe excavators, and front-end loaders. Its main function is to enable the bucket to lift, lower, and tilt, making it easier [&hellip;]<\/p>","protected":false},"featured_media":14761,"comment_status":"open","ping_status":"closed","template":"","meta":{"_et_pb_use_builder":"","_et_pb_old_content":"","_et_gb_content_width":""},"product_brand":[],"product_cat":[1494],"product_tag":[1495,1496],"class_list":{"0":"post-15281","1":"product","2":"type-product","3":"status-publish","4":"has-post-thumbnail","6":"product_cat-bucket-cylinders","7":"product_tag-bucket-cylinders","8":"product_tag-hydraulic-cylinders","10":"first","11":"instock","12":"shipping-taxable","13":"product-type-simple"},"amp_enabled":true,"_links":{"self":[{"href":"https:\/\/www.hydraulic-cylinders.net\/ro\/wp-json\/wp\/v2\/product\/15281","targetHints":{"allow":["GET"]}}],"collection":[{"href":"https:\/\/www.hydraulic-cylinders.net\/ro\/wp-json\/wp\/v2\/product"}],"about":[{"href":"https:\/\/www.hydraulic-cylinders.net\/ro\/wp-json\/wp\/v2\/types\/product"}],"replies":[{"embeddable":true,"href":"https:\/\/www.hydraulic-cylinders.net\/ro\/wp-json\/wp\/v2\/comments?post=15281"}],"wp:featuredmedia":[{"embeddable":true,"href":"https:\/\/www.hydraulic-cylinders.net\/ro\/wp-json\/wp\/v2\/media\/14761"}],"wp:attachment":[{"href":"https:\/\/www.hydraulic-cylinders.net\/ro\/wp-json\/wp\/v2\/media?parent=15281"}],"wp:term":[{"taxonomy":"product_brand","embeddable":true,"href":"https:\/\/www.hydraulic-cylinders.net\/ro\/wp-json\/wp\/v2\/product_brand?post=15281"},{"taxonomy":"product_cat","embeddable":true,"href":"https:\/\/www.hydraulic-cylinders.net\/ro\/wp-json\/wp\/v2\/product_cat?post=15281"},{"taxonomy":"product_tag","embeddable":true,"href":"https:\/\/www.hydraulic-cylinders.net\/ro\/wp-json\/wp\/v2\/product_tag?post=15281"}],"curies":[{"name":"wp","href":"https:\/\/api.w.org\/{rel}","templated":true}]}}