{"id":15282,"date":"2025-01-19T14:20:06","date_gmt":"2025-01-19T14:20:06","guid":{"rendered":"https:\/\/www.hydraulic-cylinders.net\/product\/bucket-cylinder-for-doosan-middle-excavator-dh225lc-9\/"},"modified":"2025-01-19T14:20:09","modified_gmt":"2025-01-19T14:20:09","slug":"bucket-cylinder-for-doosan-middle-excavator-dh225lc-9","status":"publish","type":"product","link":"https:\/\/www.hydraulic-cylinders.net\/ro\/produs\/bucket-cylinder-for-doosan-middle-excavator-dh225lc-9\/","title":{"rendered":"Cilindru cup\u0103 pentru excavatorul mijlociu Doosan DH225LC-9"},"content":{"rendered":"<h1>Cilindru cup\u0103 pentru excavatorul mijlociu Doosan DH225LC-9<\/h1>\n<h2>Introducere<\/h2>\n<p>Cilindrul cupei pentru excavatorul Doosan DH225LC-9 este un cilindru hidraulic specializat, conceput \u00een principal pentru controlul mi\u0219c\u0103rilor cupei \u00een utilaje grele, cum ar fi excavatoarele, \u00eenc\u0103rc\u0103toarele excavatoare \u0219i \u00eenc\u0103rc\u0103toarele frontale. Func\u021bia sa principal\u0103 este de a permite ridicarea, cobor\u00e2rea \u0219i \u00eenclinarea cupei, facilit\u00e2nd efectuarea diverselor sarcini de manipulare a materialelor. \u00cen sistemul hidraulic, cilindrul cupei utilizeaz\u0103 schimb\u0103rile de presiune ale uleiului hidraulic pentru a controla cu precizie cupa, permi\u021b\u00e2nd operatorilor s\u0103 manipuleze eficient sarcini grele \u0219i s\u0103 se adapteze la medii de lucru complexe \u0219i cerin\u021be opera\u021bionale diverse.<\/p>\n<p><img decoding=\"async\" src=\"https:\/\/www.hydraulic-cylinders.net\/wp-content\/uploads\/2025\/01\/songte-company-2.webp\"\/><\/p>\n<h2>Caracteristici<\/h2>\n<ul>\n<li>Rezisten\u021b\u0103 \u0219i durabilitate ridicate: De obicei, fabricate din o\u021bel sau aluminiu de \u00eenalt\u0103 rezisten\u021b\u0103, pot rezista la presiuni ridicate \u0219i sarcini grele, se adapteaz\u0103 la medii de lucru dure \u0219i sunt proiectate s\u0103 ia \u00een considerare rezisten\u021ba la uzur\u0103 \u0219i rezisten\u021ba la coroziune pentru a prelungi durata de via\u021b\u0103. <\/li>\n<li>Func\u021bionare hidraulic\u0103 eficient\u0103: Ac\u021biunile line de expansiune \u0219i contrac\u021bie sunt ob\u021binute prin utilizarea presiunii uleiului hidraulic, care poate r\u0103spunde rapid la comenzile de control, poate oferi for\u021be puternice de \u00eempingere \u0219i tragere \u0219i este potrivit pentru manipularea sarcinilor grele \u0219i a sarcinilor opera\u021bionale complexe. <\/li>\n<li>Diverse tipuri: Cilindri cu ac\u021biune simpl\u0103 (sistem hidraulic utilizat doar \u00eentr-o singur\u0103 direc\u021bie) sau cu ac\u021biune dubl\u0103 (sistem hidraulic utilizat \u00een dou\u0103 direc\u021bii) pot fi selecta\u021bi \u00een func\u021bie de nevoile opera\u021bionale. Unele modele sunt telescopice, permi\u021b\u00e2nd o extensie mai mare f\u0103r\u0103 a cre\u0219te dimensiunile exterioare, ceea ce este potrivit pentru aplica\u021bii cu spa\u021biu limitat. <\/li>\n<li>Poate fi produs de compania noastr\u0103: Produsele noastre pot \u00eenlocui perfect ace\u0219ti cilindri hidraulici.<\/li>\n<\/ul>\n<p><img decoding=\"async\" src=\"https:\/\/www.hydraulic-cylinders.net\/wp-content\/uploads\/2025\/01\/songte-cylinder-head-with-all-kinds-excavator-models.webp\"\/><\/p>\n<h2>Aplica\u021bii<\/h2>\n<p>Cilindrul cupei pentru excavatorul Doosan DH225LC-9 este utilizat pe scar\u0103 larg\u0103 \u00een diverse domenii, inclusiv:<\/p>\n<ul>\n<li>Echipamente de construc\u021bii: Sunt esen\u021biale pentru excavatoare \u00een s\u0103parea, \u00eenc\u0103rcarea \u0219i mutarea solului sau a molozului. La \u00eenc\u0103rc\u0103toarele portabile, cilindrul cupei ajut\u0103 la s\u0103pare \u0219i ridicare. <\/li>\n<li>Ma\u0219ini agricole: utilizate de \u00eenc\u0103rc\u0103toarele frontale pentru a scoate, ridica \u0219i transporta sol, f\u00e2n \u0219i alte materiale. <\/li>\n<li>Excavatoare: Cilindrul cupei permite cupei s\u0103 p\u0103trund\u0103 \u00een sol pentru a realiza ac\u021biunea de s\u0103pare. <\/li>\n<li>\u00cenc\u0103rc\u0103toare: \u00cen cazul \u00eenc\u0103rc\u0103toarelor frontale, ajut\u0103 la ridicarea \u0219i \u00eenclinarea eficient\u0103 a m\u0103rfurilor. <\/li>\n<\/ul>\n<p>Fiecare aplica\u021bie este detaliat\u0103 mai jos:<\/p>\n<h3>Echipamente de construc\u021bii<\/h3>\n<p>Cilindrul cupei joac\u0103 un rol important \u00een excavatoare pentru s\u0103pare, \u00eenc\u0103rcare \u0219i mutarea solului sau a resturilor. De asemenea, ajut\u0103 \u00eenc\u0103rc\u0103toarele cu excavator la s\u0103pare \u0219i ridicare.<\/p>\n<h3>Ma\u0219ini agricole<\/h3>\n<p>Cilindrul cupei este utilizat la \u00eenc\u0103rc\u0103toarele frontale pentru a scoate, ridica \u0219i transporta p\u0103m\u00e2nt, f\u00e2n \u0219i alte materiale.<\/p>\n<h3>Excavatoare<\/h3>\n<p>Cilindrul cupei este utilizat pentru a permite cupei s\u0103 p\u0103trund\u0103 \u00een sol pentru a realiza ac\u021biunea de s\u0103pare.<\/p>\n<h3>\u00cenc\u0103rc\u0103toare<\/h3>\n<p>La \u00eenc\u0103rc\u0103toarele frontale, cilindrul cupei ajut\u0103 la ridicarea \u0219i \u00eenclinarea eficient\u0103 a m\u0103rfurilor.<\/p>\n<h2>Considera\u021bii de proiectare \u0219i criterii de selec\u021bie<\/h2>\n<p>La selectarea cilindrului cupei pentru excavatorul Doosan DH225LC-9, trebuie luate \u00een considerare diferite aspecte de proiectare \u0219i criterii de selec\u021bie. Acestea includ:<\/p>\n<ul>\n<li>Capacitate portant\u0103<\/li>\n<li>Sigilare<\/li>\n<li>Durabilitate<\/li>\n<li>Siguran\u0163\u0103<\/li>\n<li>Mentenabilitate<\/li>\n<\/ul>\n<p><img decoding=\"async\" src=\"https:\/\/www.hydraulic-cylinders.net\/wp-content\/uploads\/2025\/01\/songte-oil-pipes-and-spare-parts.webp\"\/><\/p>\n<h2>Etan\u0219are \u0219i lubrifiere<\/h2>\n<p>Cilindrul cupei pentru excavatorul Doosan DH225LC-9 utilizeaz\u0103 diverse componente de etan\u0219are, cum ar fi etan\u0219\u0103rile pistonului \u0219i etan\u0219\u0103rile tijei, care sunt fabricate din materiale rezistente la uzur\u0103, cum ar fi poliuretanul \u0219i cauciucul nitrilic. Corpul cilindrului \u0219i suprafa\u021ba filetat\u0103 a cap\u0103tului sunt prelucrate fin pentru a \u00eembun\u0103t\u0103\u021bi rezisten\u021ba la uzur\u0103. Ad\u0103ugarea regulat\u0103 de ulei hidraulic adecvat este necesar\u0103 pentru lubrifiere.<\/p>\n<h2>M\u0103suri de \u00eentre\u021binere \u0219i precau\u021bie<\/h2>\n<p>Verific\u0103rile regulate \u0219i m\u0103surile de \u00eentre\u021binere preventiv\u0103 sunt esen\u021biale pentru ca cilindrul cupei s\u0103 func\u021bioneze corect. Aceste m\u0103suri includ:<\/p>\n<ul>\n<li>Verific\u0103ri regulate<\/li>\n<li>Lubrifiere adecvat\u0103<\/li>\n<li>\u00cenlocuirea garniturii \u0219i inspec\u021bia calibr\u0103rii<\/li>\n<\/ul>\n<p>Este important s\u0103 se asigure o aliniere corect\u0103 \u00een timpul instal\u0103rii \u0219i s\u0103 se utilizeze console de instalare adecvate pentru a fixa cilindrul \u00een pozi\u021bie. Recomand\u0103m utilizarea procedurilor recomandate de inspec\u021bie, reparare \u0219i \u00eenlocuire pentru a prelungi durata de via\u021b\u0103 a cilindrului cupei pentru excavatorul Doosan DH225LC-9.<\/p>\n<p><img decoding=\"async\" src=\"https:\/\/www.hydraulic-cylinders.net\/wp-content\/uploads\/2025\/01\/songte-chushion-collar.webp\"\/><\/p>\n<h2>Considera\u021bii de siguran\u021b\u0103 \u0219i factori de mediu<\/h2>\n<p>C\u00e2nd utiliza\u021bi cilindrul cupei pentru excavatorul Doosan DH225LC-9, este important s\u0103 respecta\u021bi m\u0103surile de siguran\u021b\u0103 pentru a evita accidentele \u0219i s\u0103 lua\u021bi \u00een considerare factorii de mediu care pot afecta func\u021bionarea cilindrului.<\/p>\n<h2>Depanare \u0219i probleme frecvente<\/h2>\n<p>Pot ap\u0103rea diverse probleme de depanare \u0219i probleme comune atunci c\u00e2nd se utilizeaz\u0103 cilindrul cupei pentru excavatorul Doosan DH225LC-9. Iat\u0103 c\u00e2teva dintre solu\u021bii:<\/p>\n<ul>\n<li>\u00cenlocuirea garniturilor<\/li>\n<li>Verificarea scurgerilor<\/li>\n<li>Verificarea deform\u0103rilor \u0219i a deterior\u0103rilor <\/li>\n<\/ul>\n<p>Se recomand\u0103 m\u0103suri preventive pentru a reduce la minimum poten\u021bialele probleme.<\/p>\n<p><img decoding=\"async\" src=\"https:\/\/www.hydraulic-cylinders.net\/wp-content\/uploads\/2025\/01\/songte-bushings-with-all-kinds-of-excavator-models.webp\"\/><\/p>\n<h2>Despre compania noastr\u0103<\/h2>\n<p>Suntem un produc\u0103tor \u0219i distribuitor angro de top de cilindri hidraulici pe pie\u021bele interne \u0219i interna\u021bionale, oferind o gam\u0103 complet\u0103 de produse pentru \u00eenlocuirea cilindrilor hidraulici. Ader\u0103m la principiul calit\u0103\u021bii excelente, ne baz\u0103m pe strategia industrializat\u0103 de management al produc\u021biei a atelierului de produc\u021bie fin\u0103 \u0219i \u00eembun\u0103t\u0103\u021bim continuu platforma de produc\u021bie a atelierului, perfec\u021bion\u0103m ruta de produc\u021bie a calit\u0103\u021bii produselor \u0219i avem o capacitate puternic\u0103 de crea\u021bie. <\/p>\n<p>Pe l\u00e2ng\u0103 talentul tehnologic, echipamentele digitale de produc\u021bie de ultim\u0103 genera\u021bie \u0219i sistemele profesionale de inspec\u021bie, oferim servicii personalizate, echipamente de produc\u021bie \u0219i servicii post-v\u00e2nzare pentru a satisface nevoile diverse ale clien\u021bilor, cu principii de eficien\u021b\u0103 ridicat\u0103, precizie ridicat\u0103 \u0219i calitate \u00eenalt\u0103.<\/p>\n<p>Compania noastr\u0103 ofer\u0103, de asemenea, o gam\u0103 larg\u0103 de servicii, cum ar fi personaliz\u0103ri specializate, servicii de reconstruc\u021bie \u0219i piese de schimb, pentru a ajuta clien\u021bii s\u0103 prelungeasc\u0103 durata de via\u021b\u0103 a echipamentelor lor.<\/p>\n<p><img decoding=\"async\" src=\"https:\/\/hzpt.com\/wp-content\/uploads\/2024\/11\/songte-company-1.webp\"\/><\/p>\n<h2>Autor<\/h2>\n<p>lyl<\/p>","protected":false},"excerpt":{"rendered":"<p>Bucket Cylinder For Doosan Middle Excavator DH225LC-9 Introduction The Bucket Cylinder for Doosan Middle Excavator DH225LC-9 is a specialized hydraulic cylinder designed primarily for controlling the movements of the bucket in heavy machinery, such as excavators, backhoe loaders, and front loaders. Its main function is to enable lifting, lowering, and tilting of the bucket, making [&hellip;]<\/p>","protected":false},"featured_media":14789,"comment_status":"open","ping_status":"closed","template":"","meta":{"_et_pb_use_builder":"","_et_pb_old_content":"","_et_gb_content_width":""},"product_brand":[],"product_cat":[1494],"product_tag":[1495,1496],"class_list":{"0":"post-15282","1":"product","2":"type-product","3":"status-publish","4":"has-post-thumbnail","6":"product_cat-bucket-cylinders","7":"product_tag-bucket-cylinders","8":"product_tag-hydraulic-cylinders","10":"first","11":"instock","12":"shipping-taxable","13":"product-type-simple"},"amp_enabled":true,"_links":{"self":[{"href":"https:\/\/www.hydraulic-cylinders.net\/ro\/wp-json\/wp\/v2\/product\/15282","targetHints":{"allow":["GET"]}}],"collection":[{"href":"https:\/\/www.hydraulic-cylinders.net\/ro\/wp-json\/wp\/v2\/product"}],"about":[{"href":"https:\/\/www.hydraulic-cylinders.net\/ro\/wp-json\/wp\/v2\/types\/product"}],"replies":[{"embeddable":true,"href":"https:\/\/www.hydraulic-cylinders.net\/ro\/wp-json\/wp\/v2\/comments?post=15282"}],"wp:featuredmedia":[{"embeddable":true,"href":"https:\/\/www.hydraulic-cylinders.net\/ro\/wp-json\/wp\/v2\/media\/14789"}],"wp:attachment":[{"href":"https:\/\/www.hydraulic-cylinders.net\/ro\/wp-json\/wp\/v2\/media?parent=15282"}],"wp:term":[{"taxonomy":"product_brand","embeddable":true,"href":"https:\/\/www.hydraulic-cylinders.net\/ro\/wp-json\/wp\/v2\/product_brand?post=15282"},{"taxonomy":"product_cat","embeddable":true,"href":"https:\/\/www.hydraulic-cylinders.net\/ro\/wp-json\/wp\/v2\/product_cat?post=15282"},{"taxonomy":"product_tag","embeddable":true,"href":"https:\/\/www.hydraulic-cylinders.net\/ro\/wp-json\/wp\/v2\/product_tag?post=15282"}],"curies":[{"name":"wp","href":"https:\/\/api.w.org\/{rel}","templated":true}]}}