{"id":15286,"date":"2025-01-19T14:20:24","date_gmt":"2025-01-19T14:20:24","guid":{"rendered":"https:\/\/www.hydraulic-cylinders.net\/product\/bucket-cylinder-for-doosan-large-excavator-dh320\/"},"modified":"2025-01-19T14:20:26","modified_gmt":"2025-01-19T14:20:26","slug":"bucket-cylinder-for-doosan-large-excavator-dh320","status":"publish","type":"product","link":"https:\/\/www.hydraulic-cylinders.net\/ro\/produs\/bucket-cylinder-for-doosan-large-excavator-dh320\/","title":{"rendered":"Cilindru cup\u0103 pentru excavatorul mare Doosan DH320"},"content":{"rendered":"<h1>Cilindru cup\u0103 pentru excavatorul mare Doosan DH320<\/h1>\n<h2>Introducere<\/h2>\n<p>Un cilindru hidraulic pentru excavatorul Doosan DH320 este un tip specializat de cilindru hidraulic utilizat pentru a controla mi\u0219carea cupei \u00een utilaje grele, cum ar fi excavatoarele, excavatoarele cu buldoexcavatoare \u0219i \u00eenc\u0103rc\u0103toare frontale. Func\u021bia sa principal\u0103 este de a ridica, cobor\u00ee \u0219i \u00eenclina cupa pentru o manipulare u\u0219oar\u0103 a materialelor. \u00cen sistemul hidraulic, cilindrul cupei utilizeaz\u0103 presiunea uleiului hidraulic pentru a ob\u021bine un control precis al cupei, permi\u021b\u00e2nd operatorilor s\u0103 manipuleze eficient obiecte grele \u0219i s\u0103 se adapteze la medii de lucru complexe \u0219i cerin\u021be diverse ale lucr\u0103rilor.<\/p>\n<p><img decoding=\"async\" src=\"https:\/\/www.hydraulic-cylinders.net\/wp-content\/uploads\/2025\/01\/songte-company-2.webp\"><\/p>\n<h2>Caracteristici<\/h2>\n<ul>\n<li>\n<h3>Rezisten\u021b\u0103 \u0219i durabilitate ridicate<\/h3>\n<p>Cilindrii cu cup\u0103 sunt de obicei fabrica\u021bi din o\u021bel sau aluminiu de \u00eenalt\u0103 rezisten\u021b\u0103, capabili s\u0103 reziste la presiuni ridicate \u0219i sarcini grele. Sunt proiecta\u021bi s\u0103 fie rezisten\u021bi la uzur\u0103 \u0219i coroziune, prelungindu-le astfel durata de via\u021b\u0103.<\/p>\n<\/li>\n<li>\n<h3>Func\u021bionare hidraulic\u0103 eficient\u0103<\/h3>\n<p>Cilindrii cupei utilizeaz\u0103 presiunea uleiului hidraulic pentru a ob\u021bine mi\u0219c\u0103ri line de expansiune \u0219i contrac\u021bie, r\u0103spund rapid la comenzile de control \u0219i ofer\u0103 for\u021be puternice de \u00eempingere \u0219i tragere, ceea ce \u00eei face potrivi\u021bi pentru manipularea obiectelor grele \u0219i a sarcinilor complexe.<\/p>\n<\/li>\n<li>\n<h3>Diverse tipuri<\/h3>\n<p>Cilindrii cupei pot fi cu ac\u021biune simpl\u0103 (folosesc presiune hidraulic\u0103 doar \u00eentr-o singur\u0103 direc\u021bie) sau cu ac\u021biune dubl\u0103 (folosesc presiune hidraulic\u0103 \u00een ambele direc\u021bii), \u00een func\u021bie de cerin\u021bele opera\u021bionale. Unele modele sunt telescopice, permi\u021b\u00e2nd o extensie mai mare f\u0103r\u0103 a cre\u0219te dimensiunea exterioar\u0103, ceea ce le face potrivite pentru aplica\u021bii cu spa\u021biu limitat.<\/p>\n<\/li>\n<li>\n<h3>\u00cenlocuitor perfect pentru cilindrii hidraulici<\/h3>\n<p>Produsele noastre pot \u00eenlocui perfect ace\u0219ti cilindri hidraulici \u0219i putem produce acest produs.<\/p>\n<\/li>\n<\/ul>\n<p><img decoding=\"async\" src=\"https:\/\/www.hydraulic-cylinders.net\/wp-content\/uploads\/2025\/01\/songte-cylinder-head-with-all-kinds-excavator-models.webp\"><\/p>\n<h2>Aplica\u021bii<\/h2>\n<p>Cilindrii cu cup\u0103 au diverse aplica\u021bii \u00een diferite industrii, inclusiv echipamente de construc\u021bii, utilaje agricole, excavatoare \u0219i \u00eenc\u0103rc\u0103toare:<\/p>\n<ul>\n<li>\n<h3>Echipamente de construc\u021bii<\/h3>\n<p>\u00cen excavatoare, cilindrii cupei sunt esen\u021biali pentru s\u0103pare, \u00eenc\u0103rcare \u0219i mutarea solului sau a resturilor. \u00cen excavatoarele cu buldoexcavatoare, cilindrii cupei ajut\u0103 at\u00e2t la s\u0103pare, c\u00e2t \u0219i la ridicare. \u00cen \u00eenc\u0103rc\u0103toare, ace\u0219tia ajut\u0103 la ridicarea \u0219i \u00eenclinarea eficient\u0103 a m\u0103rfurilor.<\/p>\n<\/li>\n<li>\n<h3>Ma\u0219ini agricole<\/h3>\n<p>Cilindrii cupei sunt utiliza\u021bi pentru \u00eenc\u0103rc\u0103toare frontale, pentru ridicarea, ridicarea \u0219i transportul solului, f\u00e2nului \u0219i altor materiale.<\/p>\n<\/li>\n<li>\n<h3>Excavatoare<\/h3>\n<p>Cilindrul cupei permite cupei s\u0103 p\u0103trund\u0103 \u00een sol pentru a realiza ac\u021biunea de s\u0103pare.<\/p>\n<\/li>\n<li>\n<h3>\u00cenc\u0103rc\u0103toare<\/h3>\n<p>Cilindrii cupei ajut\u0103 la ridicarea \u0219i desc\u0103rcarea eficient\u0103 a m\u0103rfurilor \u00een \u00eenc\u0103rc\u0103toarele frontale.<\/p>\n<\/li>\n<\/ul>\n<h2>Considera\u021bii de proiectare \u0219i criterii de selec\u021bie<\/h2>\n<p>Atunci c\u00e2nd se ia \u00een considerare proiectarea \u0219i selec\u021bia cilindrilor pentru cup\u0103, trebuie lua\u021bi \u00een considerare urm\u0103torii factori:<\/p>\n<ul>\n<li>\n<h3>Capacitate portant\u0103<\/h3>\n<p>Cilindrul trebuie proiectat s\u0103 reziste la sarcina \u0219i presiunea preconizate.<\/p>\n<\/li>\n<li>\n<h3>Etan\u0219are \u0219i durabilitate<\/h3>\n<p>Cilindrul trebuie proiectat cu caracteristici adecvate de etan\u0219are \u0219i durabilitate pentru a asigura o durat\u0103 lung\u0103 de via\u021b\u0103.<\/p>\n<\/li>\n<li>\n<h3>Siguran\u021b\u0103 \u0219i \u00eentre\u021binere<\/h3>\n<p>Cilindrul trebuie proiectat astfel \u00eenc\u00e2t s\u0103 asigure siguran\u021ba \u00een timpul func\u021bion\u0103rii \u0219i o \u00eentre\u021binere u\u0219oar\u0103.<\/p>\n<\/li>\n<\/ul>\n<p><img decoding=\"async\" src=\"https:\/\/www.hydraulic-cylinders.net\/wp-content\/uploads\/2025\/01\/songte-oil-pipes-and-spare-parts.webp\"><\/p>\n<h2>Etan\u0219are \u0219i lubrifiere<\/h2>\n<p>Cilindrii cu cup\u0103 utilizeaz\u0103 diferite elemente de etan\u0219are, cum ar fi etan\u0219\u0103ri de piston \u0219i etan\u0219\u0103ri de tij\u0103, fabricate din materiale rezistente la uzur\u0103, cum ar fi poliuretanul \u0219i cauciucul nitrilic. Chiulasa \u0219i suprafe\u021bele filetate ale cap\u0103tului sunt prelucrate cu precizie pentru a \u00eembun\u0103t\u0103\u021bi rezisten\u021ba la uzur\u0103. Lubrifierea regulat\u0103 cu ulei hidraulic adecvat este necesar\u0103 pentru a asigura o func\u021bionare lin\u0103 \u0219i o durat\u0103 lung\u0103 de via\u021b\u0103.<\/p>\n<h2>\u00centre\u021binere \u0219i instalare<\/h2>\n<p>\u00centre\u021binerea \u0219i instalarea regulate sunt esen\u021biale pentru a asigura func\u021bionarea corect\u0103 \u0219i o durat\u0103 lung\u0103 de via\u021b\u0103 a cilindrului cupei. Se recomand\u0103 urm\u0103toarele sarcini de \u00eentre\u021binere:<\/p>\n<ul>\n<li>\n<h3>Inspec\u021bie regulat\u0103<\/h3>\n<p>Inspec\u021bia regulat\u0103 a garniturilor, fitingurilor \u0219i a altor componente ale cilindrului este necesar\u0103 pentru a se asigura c\u0103 acestea sunt \u00een stare bun\u0103 \u0219i func\u021bioneaz\u0103 corect.<\/p>\n<\/li>\n<li>\n<h3>Lubrifiere<\/h3>\n<p>Lubrifierea regulat\u0103 a cilindrului cu uleiul hidraulic adecvat este necesar\u0103 pentru a asigura o func\u021bionare f\u0103r\u0103 probleme \u0219i o durat\u0103 lung\u0103 de via\u021b\u0103.<\/p>\n<\/li>\n<li>\n<h3>\u00cenlocuirea garniturii \u0219i verificarea calibr\u0103rii<\/h3>\n<p>Garniturile pot necesita \u00eenlocuire periodic\u0103 \u0219i o verificare a calibr\u0103rii poate fi necesar\u0103 pentru a asigura func\u021bionarea corect\u0103 a cilindrului.<\/p>\n<\/li>\n<\/ul>\n<p><img decoding=\"async\" src=\"https:\/\/www.hydraulic-cylinders.net\/wp-content\/uploads\/2025\/01\/songte-chushion-collar.webp\"><\/p>\n<h2>Considera\u021bii privind siguran\u021ba \u0219i mediul<\/h2>\n<p>Cilindrii cupei trebuie instala\u021bi \u0219i opera\u021bi conform procedurilor de siguran\u021b\u0103 recomandate pentru a asigura siguran\u021ba operatorului \u0219i a mediului. Trebuie luate m\u0103suri de siguran\u021b\u0103 adecvate pentru a preveni deteriorarea accidental\u0103 \u0219i a evita scurgerile sau deversarea de ulei.<\/p>\n<h2>Diagnosticare \u0219i depanare<\/h2>\n<p>Dac\u0103 cilindrul nu func\u021bioneaz\u0103 corect, pot fi diagnosticate urm\u0103toarele probleme:<\/p>\n<ul>\n<li>\n<h3>Garnituri cu scurgeri<\/h3>\n<p>Dac\u0103 cilindrul are scurgeri de ulei, acest lucru se poate datora unor garnituri uzate care trebuie \u00eenlocuite.<\/p>\n<\/li>\n<li>\n<h3>Func\u021bionare zgomotoas\u0103<\/h3>\n<p>Dac\u0103 func\u021bionarea cilindrului este zgomotoas\u0103, acest lucru poate indica prezen\u021ba unor bule de aer \u00een sistemul hidraulic sau o lubrifiere insuficient\u0103.<\/p>\n<\/li>\n<li>\n<h3>Func\u021bionare lent\u0103<\/h3>\n<p>Dac\u0103 func\u021bionarea cilindrului este lent\u0103, aceasta poate indica o presiune hidraulic\u0103 insuficient\u0103 sau o alimentare cu ulei blocat\u0103.<\/p>\n<\/li>\n<\/ul>\n<p>Urm\u0103toarele sfaturi \u0219i solu\u021bii de depanare pot fi utile:<\/p>\n<ul>\n<li>\n<h3>\u00cenlocuirea garniturii<\/h3>\n<p>Garniturile uzate trebuie \u00eenlocuite cu unele noi.<\/p>\n<\/li>\n<li>\n<h3>Aerisirea sistemului hidraulic<\/h3>\n<p>Buzunarele de aer din sistemul hidraulic trebuie eliminate.<\/p>\n<\/li>\n<li>\n<h3>Lubrifiere<\/h3>\n<p>Cilindrul trebuie lubrifiat cu uleiul hidraulic corespunz\u0103tor.<\/p>\n<\/li>\n<\/ul>\n<p><img decoding=\"async\" src=\"https:\/\/www.hydraulic-cylinders.net\/wp-content\/uploads\/2025\/01\/songte-bushings-with-all-kinds-of-excavator-models.webp\"><\/p>\n<h2>Despre compania noastr\u0103<\/h2>\n<p>Suntem un produc\u0103tor \u0219i distribuitor angro de top de cilindri hidraulici pe pie\u021bele interne \u0219i interna\u021bionale. Avem o gam\u0103 complet\u0103 de produse \u0219i urm\u0103m strategia de management al produc\u021biei industriale cu o calitate excelent\u0103, baz\u00e2ndu-ne pe ateliere de produc\u021bie de \u00eenalt\u0103 calitate, talente tehnologice, echipamente digitale de produc\u021bie de ultim\u0103 genera\u021bie \u0219i sisteme de testare profesionale. Platforma noastr\u0103 de produc\u021bie \u00een ateliere este \u00een continu\u0103 \u00eembun\u0103t\u0103\u021bire, linia de produc\u021bie a calit\u0103\u021bii produselor este perfect\u0103 \u0219i avem o capacitate puternic\u0103 de inovare pentru a satisface nevoile diverse ale clien\u021bilor cu eficien\u021b\u0103, precizie \u0219i calitate ridicate.<\/p>\n<h3>Profesionalism<\/h3>\n<p>Compania noastr\u0103 de\u021bine expertiz\u0103 tehnic\u0103 profesional\u0103 \u0219i m\u0103suri stricte de control al calit\u0103\u021bii pentru a ne asigura c\u0103 produsele noastre \u00eendeplinesc standardele industriei \u0219i cerin\u021bele clien\u021bilor.<\/p>\n<h3>Certificare interna\u021bional\u0103<\/h3>\n<p>Produsele noastre sunt certificate \u0219i respect\u0103 standardele interna\u021bionale, precum ISO, CE \u0219i SGS.<\/p>\n<h3>Servicii personalizate<\/h3>\n<p>Oferim servicii personalizate pentru a satisface cerin\u021bele specifice ale clien\u021bilor.<\/p>\n<h3>Echipamente de produc\u021bie<\/h3>\n<p>Compania noastr\u0103 utilizeaz\u0103 echipamente digitale avansate de produc\u021bie de ultim\u0103 genera\u021bie, cum ar fi centre de prelucrare CNC, ma\u0219ini de rectificat de precizie \u0219i ma\u0219ini automate de sudur\u0103, pentru a asigura cea mai \u00eenalt\u0103 calitate a produselor noastre.<\/p>\n<h3>Serviciu post-v\u00e2nzare<\/h3>\n<p>Compania noastr\u0103 ofer\u0103 servicii complete post-v\u00e2nzare, inclusiv \u00eentre\u021binere, repara\u021bii \u0219i \u00eenlocuiri ale produselor.<\/p>\n<p><img decoding=\"async\" src=\"https:\/\/hzpt.com\/wp-content\/uploads\/2024\/11\/songte-company-1.webp\"><\/p>\n<p>Autor: lyl<\/p>","protected":false},"excerpt":{"rendered":"<p>Bucket Cylinder For Doosan Large Excavator DH320 Introduction A bucket cylinder for Doosan large excavator DH320 is a specialized type of hydraulic cylinder used to control the movement of the bucket in heavy machinery such as excavators, backhoe excavators, and front-end loaders. Its main function is to lift, lower, and tilt the bucket for easy [&hellip;]<\/p>","protected":false},"featured_media":14784,"comment_status":"open","ping_status":"closed","template":"","meta":{"_et_pb_use_builder":"","_et_pb_old_content":"","_et_gb_content_width":""},"product_brand":[],"product_cat":[1494],"product_tag":[1495,1496],"class_list":{"0":"post-15286","1":"product","2":"type-product","3":"status-publish","4":"has-post-thumbnail","6":"product_cat-bucket-cylinders","7":"product_tag-bucket-cylinders","8":"product_tag-hydraulic-cylinders","10":"first","11":"instock","12":"shipping-taxable","13":"product-type-simple"},"amp_enabled":true,"_links":{"self":[{"href":"https:\/\/www.hydraulic-cylinders.net\/ro\/wp-json\/wp\/v2\/product\/15286","targetHints":{"allow":["GET"]}}],"collection":[{"href":"https:\/\/www.hydraulic-cylinders.net\/ro\/wp-json\/wp\/v2\/product"}],"about":[{"href":"https:\/\/www.hydraulic-cylinders.net\/ro\/wp-json\/wp\/v2\/types\/product"}],"replies":[{"embeddable":true,"href":"https:\/\/www.hydraulic-cylinders.net\/ro\/wp-json\/wp\/v2\/comments?post=15286"}],"wp:featuredmedia":[{"embeddable":true,"href":"https:\/\/www.hydraulic-cylinders.net\/ro\/wp-json\/wp\/v2\/media\/14784"}],"wp:attachment":[{"href":"https:\/\/www.hydraulic-cylinders.net\/ro\/wp-json\/wp\/v2\/media?parent=15286"}],"wp:term":[{"taxonomy":"product_brand","embeddable":true,"href":"https:\/\/www.hydraulic-cylinders.net\/ro\/wp-json\/wp\/v2\/product_brand?post=15286"},{"taxonomy":"product_cat","embeddable":true,"href":"https:\/\/www.hydraulic-cylinders.net\/ro\/wp-json\/wp\/v2\/product_cat?post=15286"},{"taxonomy":"product_tag","embeddable":true,"href":"https:\/\/www.hydraulic-cylinders.net\/ro\/wp-json\/wp\/v2\/product_tag?post=15286"}],"curies":[{"name":"wp","href":"https:\/\/api.w.org\/{rel}","templated":true}]}}