{"id":15287,"date":"2025-01-19T14:20:29","date_gmt":"2025-01-19T14:20:29","guid":{"rendered":"https:\/\/www.hydraulic-cylinders.net\/product\/bucket-cylinder-for-doosan-large-excavator-dh370\/"},"modified":"2025-01-19T14:20:31","modified_gmt":"2025-01-19T14:20:31","slug":"bucket-cylinder-for-doosan-large-excavator-dh370","status":"publish","type":"product","link":"https:\/\/www.hydraulic-cylinders.net\/ro\/produs\/bucket-cylinder-for-doosan-large-excavator-dh370\/","title":{"rendered":"Cilindru cup\u0103 pentru excavatorul mare Doosan DH370"},"content":{"rendered":"<h1>Cilindru cup\u0103 pentru excavatorul mare Doosan DH370<\/h1>\n<h2>Introducere<\/h2>\n<p>Cilindrul cupei pentru excavatorul Doosan DH370 este un cilindru hidraulic special conceput, utilizat pentru a controla mi\u0219carea cupei \u00een utilaje grele, cum ar fi excavatoarele, \u00eenc\u0103rc\u0103toarele cu buldoexcavatoare \u0219i \u00eenc\u0103rc\u0103toarele frontale. Func\u021bia sa principal\u0103 este de a permite ridicarea, cobor\u00e2rea \u0219i \u00eenclinarea cupei, facilit\u00e2nd gestionarea diverselor sarcini de manipulare a materialelor. \u00cen sistemul hidraulic, cilindrul cupei realizeaz\u0103 un control precis al cupei prin utilizarea schimb\u0103rilor de presiune ale uleiului hidraulic, permi\u021b\u00e2nd operatorilor s\u0103 manipuleze eficient sarcini grele \u0219i s\u0103 se adapteze la medii de lucru complexe \u0219i cerin\u021be opera\u021bionale diverse.<\/p>\n<p><img decoding=\"async\" src=\"https:\/\/www.hydraulic-cylinders.net\/wp-content\/uploads\/2025\/01\/songte-company-2.webp\" alt=\"Imaginea cilindrului cupei\"><\/p>\n<h2>Caracteristici<\/h2>\n<ul>\n<li>Rezisten\u021b\u0103 \u0219i durabilitate ridicate: Fabricat de obicei din o\u021bel sau aluminiu de \u00eenalt\u0103 rezisten\u021b\u0103, cilindrul cupei este capabil s\u0103 reziste la presiuni ridicate \u0219i sarcini grele, adapt\u00e2ndu-se la medii de lucru dure. Designul s\u0103u ia \u00een considerare rezisten\u021ba la uzur\u0103 \u0219i rezisten\u021ba la coroziune, prelungindu-i durata de via\u021b\u0103.<\/li>\n<li>Func\u021bionare hidraulic\u0103 eficient\u0103: Prin utilizarea presiunii uleiului hidraulic, cilindrul cupei realizeaz\u0103 ac\u021biuni line de extensie \u0219i retragere, permi\u021b\u00e2nd un r\u0103spuns rapid la comenzile de control \u0219i oferind for\u021be puternice de \u00eempingere \u0219i tragere, potrivite pentru manipularea sarcinilor grele \u0219i a sarcinilor opera\u021bionale complexe.<\/li>\n<li>Diverse tipuri: Cilindrul cupei poate fi selectat ca cilindru cu ac\u021biune simpl\u0103 (utilizat hidraulic \u00eentr-o singur\u0103 direc\u021bie) sau cu ac\u021biune dubl\u0103 (utilizat hidraulic \u00een ambele direc\u021bii), \u00een func\u021bie de cerin\u021bele opera\u021bionale. Unele modele sunt telescopice, permi\u021b\u00e2nd o extensie mai mare f\u0103r\u0103 a cre\u0219te dimensiunile exterioare, ideale pentru aplica\u021bii cu spa\u021biu limitat.<\/li>\n<li>\u00cenlocuitor perfect: Produsul nostru poate \u00eenlocui perfect ace\u0219ti cilindri hidraulici.<\/li>\n<\/ul>\n<p><img decoding=\"async\" src=\"https:\/\/www.hydraulic-cylinders.net\/wp-content\/uploads\/2025\/01\/songte-cylinder-head-with-all-kinds-excavator-models.webp\" alt=\"Imagine de \u00eenlocuire a cilindrului cupei\"><\/p>\n<h2>Aplica\u021bii<\/h2>\n<p>Cilindrul cu cup\u0103 \u00ee\u0219i g\u0103se\u0219te aplica\u021bii \u00een diverse tipuri de echipamente:<\/p>\n<ul>\n<li>Echipamente de construc\u021bii: Se g\u0103sesc \u00een excavatoare, acestea sunt esen\u021biale pentru excavare, \u00eenc\u0103rcare \u0219i mi\u0219carea materialelor.<\/li>\n<li>Ma\u0219ini agricole: utilizate \u00een \u00eenc\u0103rc\u0103toare frontale pentru scobere, ridicare \u0219i transportul solului, f\u00e2nului \u0219i altor materiale.<\/li>\n<li>Excavatoare: Cilindrul cupei permite ac\u021biunile de s\u0103pare permi\u021b\u00e2nd cupei s\u0103 p\u0103trund\u0103 \u00een sol.<\/li>\n<li>\u00cenc\u0103rc\u0103toare: \u00cen \u00eenc\u0103rc\u0103toarele frontale, acestea ajut\u0103 la ridicarea \u0219i desc\u0103rcarea eficient\u0103 a m\u0103rfurilor.<\/li>\n<\/ul>\n<h2>Considera\u021bii de proiectare \u0219i criterii de selec\u021bie<\/h2>\n<p>C\u00e2nd vine vorba de considera\u021biile de proiectare \u0219i criteriile de selec\u021bie ale cilindrului cupei, mai mul\u021bi factori sunt cruciali:<\/p>\n<ul>\n<li>Capacitate portant\u0103: Cilindrul cupei trebuie s\u0103 fie proiectat pentru a face fa\u021b\u0103 sarcinilor \u0219i presiunilor preconizate pe care le va \u00eent\u00e2lni.<\/li>\n<li>Performan\u021b\u0103 de etan\u0219are: Utilizarea diverselor componente de etan\u0219are, cum ar fi etan\u0219\u0103rile pistonului \u0219i etan\u0219\u0103rile tijei, fabricate din materiale rezistente la uzur\u0103, precum poliuretanul \u0219i cauciucul nitrilic, asigur\u0103 o etan\u0219are eficient\u0103.<\/li>\n<li>Durabilitate: Corpul cilindrului \u0219i capetele filetate sunt supuse unui tratament precis pentru a spori rezisten\u021ba la uzur\u0103.<\/li>\n<li>Siguran\u021b\u0103: Cilindrul cupei trebuie s\u0103 \u00eencorporeze caracteristici de siguran\u021b\u0103 pentru a preveni accidentele \u00een timpul func\u021bion\u0103rii.<\/li>\n<li>\u00centre\u021binere: Proiectul trebuie s\u0103 ia \u00een considerare u\u0219urin\u021ba \u00eentre\u021binerii, permi\u021b\u00e2nd inspec\u021bia, lubrifierea \u0219i \u00eenlocuirea componentelor.<\/li>\n<\/ul>\n<p><img decoding=\"async\" src=\"https:\/\/www.hydraulic-cylinders.net\/wp-content\/uploads\/2025\/01\/songte-oil-pipes-and-spare-parts.webp\" alt=\"Imaginea pieselor cilindrului hidraulic\"><\/p>\n<h2>Etan\u0219are \u0219i lubrifiere<\/h2>\n<p>Cilindrul cupei utilizeaz\u0103 diverse componente de etan\u0219are, cum ar fi etan\u0219\u0103ri de piston \u0219i etan\u0219\u0103ri de tij\u0103, fabricate din materiale rezistente la uzur\u0103, precum poliuretanul \u0219i cauciucul nitrilic. Corpul cilindrului \u0219i capetele filetate sunt supuse unui tratament precis pentru a \u00eembun\u0103t\u0103\u021bi rezisten\u021ba la uzur\u0103. Lubrifierea regulat\u0103 cu ulei hidraulic adecvat este necesar\u0103 pentru a asigura o func\u021bionare f\u0103r\u0103 probleme.<\/p>\n<h2>M\u0103suri de \u00eentre\u021binere \u0219i precau\u021bie<\/h2>\n<p>Pentru a asigura performan\u021be optime \u0219i longevitate, inspec\u021biile regulate \u0219i \u00eentre\u021binerea preventiv\u0103 sunt esen\u021biale. Iat\u0103 c\u00e2teva m\u0103suri recomandate:<\/p>\n<ul>\n<li>Efectua\u021bi verific\u0103ri \u0219i inspec\u021bii regulate pentru a identifica orice probleme sau poten\u021biale probleme.<\/li>\n<li>Lubrifierea corespunz\u0103toare este crucial\u0103 pentru func\u021bionarea f\u0103r\u0103 probleme a cilindrului cupei.<\/li>\n<li>\u00cenlocui\u021bi periodic garniturile \u0219i efectua\u021bi verific\u0103ri de calibrare pentru a men\u021bine performan\u021ba optim\u0103.<\/li>\n<\/ul>\n<p><img decoding=\"async\" src=\"https:\/\/www.hydraulic-cylinders.net\/wp-content\/uploads\/2025\/01\/songte-chushion-collar.webp\" alt=\"Imagine de instalare a cilindrului cupei\"><\/p>\n<h2>Considera\u021bii de siguran\u021b\u0103 \u0219i factori de mediu<\/h2>\n<p>C\u00e2nd utiliza\u021bi cilindrul cupei, este important s\u0103 acorda\u021bi prioritate m\u0103surilor de siguran\u021b\u0103 pentru a preveni accidentele \u0219i a asigura un mediu de lucru sigur. Aceasta include respectarea procedurilor de operare corecte, utilizarea echipamentului de protec\u021bie adecvat \u0219i respectarea instruc\u021biunilor de siguran\u021b\u0103.<\/p>\n<h2>Depanare \u0219i probleme frecvente<\/h2>\n<p>C\u00e2nd \u00eent\u00e2mpina\u021bi probleme cu cilindrul cupei, depanarea \u0219i rezolvarea prompt\u0103 a problemelor sunt cruciale. Iat\u0103 c\u00e2teva probleme frecvente \u0219i solu\u021biile sugerate pentru acestea:<\/p>\n<p><img decoding=\"async\" src=\"https:\/\/www.hydraulic-cylinders.net\/wp-content\/uploads\/2025\/01\/songte-bushings-with-all-kinds-of-excavator-models.webp\" alt=\"Imagine de depanare a cilindrului cupei\"><\/p>\n<h2>Introducerea companiei<\/h2>\n<p>Suntem un produc\u0103tor \u0219i distribuitor angro proeminent de cilindri hidraulici de schimb. Cu o gam\u0103 larg\u0103 de produse, am devenit unul dintre principalii produc\u0103tori \u0219i distribuitori de cilindri hidraulici pe pie\u021bele interne \u0219i interna\u021bionale. Ader\u0103m la principiile calit\u0103\u021bii excelente \u0219i ne baz\u0103m pe strategii de management al produc\u021biei industriale \u00een atelierul nostru de produc\u021bie de ultim\u0103 genera\u021bie. Cu talentul nostru tehnic, echipamentele de produc\u021bie avansate \u0219i sistemele profesionale de testare, \u00eembun\u0103t\u0103\u021bim continuu platforma noastr\u0103 de produc\u021bie \u0219i calitatea produselor, demonstr\u00e2nd capacit\u0103\u021bi puternice de inovare. Prioritiz\u0103m eficien\u021ba, precizia \u0219i calitatea \u00eenalt\u0103 pentru a satisface diversele cerin\u021be ale clien\u021bilor.<\/p>\n<p><img decoding=\"async\" src=\"https:\/\/www.hydraulic-cylinders.net\/wp-content\/uploads\/2025\/01\/songte-company-3.webp\" alt=\"Imaginea companiei\"><\/p>\n<p>Compania noastr\u0103 se remarc\u0103 prin:<\/p>\n<ul>\n<li>Expertiz\u0103 \u0219i certific\u0103ri interna\u021bionale<\/li>\n<li>Servicii de personalizare<\/li>\n<li>Echipamente de produc\u021bie de \u00eenalt\u0103 calitate<\/li>\n<li>Servicii post-v\u00e2nzare<\/li>\n<\/ul>\n<p>Autor: lyl<\/p>","protected":false},"excerpt":{"rendered":"<p>Bucket Cylinder For Doosan Large Excavator DH370 Introduction The bucket cylinder for Doosan large excavator DH370 is a specially designed hydraulic cylinder used to control the movement of the bucket in heavy machinery such as excavators, backhoe loaders, and front-end loaders. Its main function is to enable the lifting, lowering, and tilting of the bucket, [&hellip;]<\/p>","protected":false},"featured_media":14782,"comment_status":"open","ping_status":"closed","template":"","meta":{"_et_pb_use_builder":"","_et_pb_old_content":"","_et_gb_content_width":""},"product_brand":[],"product_cat":[1494],"product_tag":[1495,1496],"class_list":{"0":"post-15287","1":"product","2":"type-product","3":"status-publish","4":"has-post-thumbnail","6":"product_cat-bucket-cylinders","7":"product_tag-bucket-cylinders","8":"product_tag-hydraulic-cylinders","10":"first","11":"instock","12":"shipping-taxable","13":"product-type-simple"},"amp_enabled":true,"_links":{"self":[{"href":"https:\/\/www.hydraulic-cylinders.net\/ro\/wp-json\/wp\/v2\/product\/15287","targetHints":{"allow":["GET"]}}],"collection":[{"href":"https:\/\/www.hydraulic-cylinders.net\/ro\/wp-json\/wp\/v2\/product"}],"about":[{"href":"https:\/\/www.hydraulic-cylinders.net\/ro\/wp-json\/wp\/v2\/types\/product"}],"replies":[{"embeddable":true,"href":"https:\/\/www.hydraulic-cylinders.net\/ro\/wp-json\/wp\/v2\/comments?post=15287"}],"wp:featuredmedia":[{"embeddable":true,"href":"https:\/\/www.hydraulic-cylinders.net\/ro\/wp-json\/wp\/v2\/media\/14782"}],"wp:attachment":[{"href":"https:\/\/www.hydraulic-cylinders.net\/ro\/wp-json\/wp\/v2\/media?parent=15287"}],"wp:term":[{"taxonomy":"product_brand","embeddable":true,"href":"https:\/\/www.hydraulic-cylinders.net\/ro\/wp-json\/wp\/v2\/product_brand?post=15287"},{"taxonomy":"product_cat","embeddable":true,"href":"https:\/\/www.hydraulic-cylinders.net\/ro\/wp-json\/wp\/v2\/product_cat?post=15287"},{"taxonomy":"product_tag","embeddable":true,"href":"https:\/\/www.hydraulic-cylinders.net\/ro\/wp-json\/wp\/v2\/product_tag?post=15287"}],"curies":[{"name":"wp","href":"https:\/\/api.w.org\/{rel}","templated":true}]}}