{"id":15289,"date":"2025-01-19T14:20:36","date_gmt":"2025-01-19T14:20:36","guid":{"rendered":"https:\/\/www.hydraulic-cylinders.net\/product\/bucket-cylinder-for-doosan-large-excavator-dx500lc\/"},"modified":"2025-01-19T14:20:38","modified_gmt":"2025-01-19T14:20:38","slug":"bucket-cylinder-for-doosan-large-excavator-dx500lc","status":"publish","type":"product","link":"https:\/\/www.hydraulic-cylinders.net\/ro\/produs\/bucket-cylinder-for-doosan-large-excavator-dx500lc\/","title":{"rendered":"Cilindru cup\u0103 pentru excavatorul mare Doosan DX500LC"},"content":{"rendered":"<h1>Cilindru cup\u0103 pentru excavatorul mare Doosan DX500LC<\/h1>\n<h2>Introducere<\/h2>\n<p>Un cilindru hidraulic pentru excavatorul Doosan DX500LC este un cilindru hidraulic special conceput care controleaz\u0103 \u00een principal mi\u0219carea cupei \u00een utilaje grele, cum ar fi excavatoarele, excavatoarele cu buldoexcavatoare \u0219i \u00eenc\u0103rc\u0103toare frontale. Func\u021bia sa principal\u0103 este de a permite ridicarea, cobor\u00e2rea \u0219i \u00eenclinarea cupei, ceea ce o face convenabil\u0103 pentru diverse sarcini de manipulare a materialelor. \u00cen sistemul hidraulic, cilindrul cupei realizeaz\u0103 un control precis al mi\u0219c\u0103rii cupei prin modific\u0103ri ale presiunii uleiului hidraulic, permi\u021b\u00e2nd operatorilor s\u0103 manipuleze eficient sarcini grele \u0219i s\u0103 se adapteze la medii de lucru complexe \u0219i nevoi opera\u021bionale diverse.<\/p>\n<p><img decoding=\"async\" src=\"https:\/\/www.hydraulic-cylinders.net\/wp-content\/uploads\/2025\/01\/songte-company-2.webp\"><\/p>\n<h2>Caracteristici<\/h2>\n<ul>\n<li>Rezisten\u021b\u0103 \u0219i durabilitate ridicate: Fabricate de obicei din o\u021bel sau aluminiu de \u00eenalt\u0103 rezisten\u021b\u0103, pot rezista la presiuni ridicate \u0219i sarcini grele, se adapteaz\u0103 la medii de lucru dure \u0219i sunt proiectate cu rezisten\u021b\u0103 la uzur\u0103 \u0219i coroziune pentru a-i prelungi durata de via\u021b\u0103.<\/li>\n<li>Func\u021bionare hidraulic\u0103 eficient\u0103: Utiliz\u00e2nd presiunea uleiului hidraulic pentru a ob\u021bine ac\u021biuni line de expansiune \u0219i contrac\u021bie, poate r\u0103spunde rapid la comenzile de control, poate oferi for\u021be puternice de \u00eempingere \u0219i tragere \u0219i este potrivit pentru manipularea sarcinilor grele \u0219i a sarcinilor opera\u021bionale complexe.<\/li>\n<li>Diverse tipuri: Se pot alege cilindri cu ac\u021biune simpl\u0103 (hidraulic utilizat \u00eentr-o singur\u0103 direc\u021bie) sau cu ac\u021biune dubl\u0103 (hidraulic utilizat \u00een dou\u0103 direc\u021bii) \u00een func\u021bie de nevoi, pentru a satisface diferite cerin\u021be opera\u021bionale. Unele modele sunt telescopice, permi\u021b\u00e2nd o extindere mai mare f\u0103r\u0103 a cre\u0219te dimensiunile externe, fiind potrivite pentru aplica\u021bii cu spa\u021biu limitat.<\/li>\n<li>\u00cenlocuire u\u0219oar\u0103: Produsul nostru poate \u00eenlocui perfect ace\u0219ti cilindri hidraulici.<\/li>\n<\/ul>\n<p><img decoding=\"async\" src=\"https:\/\/www.hydraulic-cylinders.net\/wp-content\/uploads\/2025\/01\/songte-cylinder-head-with-all-kinds-excavator-models.webp\"><\/p>\n<h2>Aplica\u021bii<\/h2>\n<p>Cilindrii cu cup\u0103 sunt utiliza\u021bi pe scar\u0103 larg\u0103 \u00een diverse industrii, cum ar fi construc\u021biile, agricultura \u0219i mineritul. Iat\u0103 c\u00e2teva aplica\u021bii comune:<\/p>\n<ul>\n<li>Echipamente de construc\u021bii: \u00cen excavatoare, acestea sunt esen\u021biale pentru s\u0103parea, \u00eenc\u0103rcarea \u0219i mutarea p\u0103m\u00e2ntului sau a molozului. \u00cen excavatoarele cu buldoexcavatoare, cilindrii cupei ajut\u0103 at\u00e2t la excavare, c\u00e2t \u0219i la ridicare. <\/li>\n<li>Ma\u0219ini agricole: Acestea sunt utilizate \u00een \u00eenc\u0103rc\u0103toarele frontale pentru scobere, ridicare \u0219i transportul solului, f\u00e2nului \u0219i altor materiale. <\/li>\n<li>Excavatoare: Cilindrii cupei realizeaz\u0103 excavarea permi\u021b\u00e2nd cupei s\u0103 p\u0103trund\u0103 \u00een sol. <\/li>\n<li>\u00cenc\u0103rc\u0103toare: \u00cen \u00eenc\u0103rc\u0103toarele frontale, acestea ajut\u0103 la ridicarea \u0219i desc\u0103rcarea eficient\u0103 a m\u0103rfurilor. <\/li>\n<\/ul>\n<h2>Considera\u021bii de proiectare \u0219i criterii de selec\u021bie<\/h2>\n<p>Atunci c\u00e2nd alege\u021bi un cilindru pentru cup\u0103, este esen\u021bial s\u0103 lua\u021bi \u00een considerare urm\u0103toarele aspecte de proiectare \u0219i criterii de selec\u021bie:<\/p>\n<ul>\n<li>Capacitate portant\u0103: Este necesar s\u0103 se asigure c\u0103 cilindrul poate suporta greutatea sarcinii pe care o suport\u0103.<\/li>\n<li>Etan\u0219are: Diverse elemente de etan\u0219are, cum ar fi etan\u0219\u0103rile pistonului, etan\u0219\u0103rile tijei etc., ar trebui s\u0103 asigure men\u021binerea unei etan\u0219\u0103ri pozitive a cilindrului \u0219i prevenirea scurgerilor de fluid hidraulic. <\/li>\n<li>Durabilitate: Este necesar s\u0103 se ia \u00een considerare materialul din care este fabricat cilindrul \u0219i rezisten\u021ba acestuia la uzur\u0103 \u0219i coroziune pentru a-i prelungi durata de via\u021b\u0103.<\/li>\n<li>Siguran\u021b\u0103: Este necesar s\u0103 se asigure c\u0103 butelia este sigur\u0103 pentru utilizare \u0219i poate rezista la posibile accidente precum supra\u00eenc\u0103rcarea, vibra\u021biile etc.<\/li>\n<li>\u00centre\u021binere: Este necesar s\u0103 v\u0103 asigura\u021bi c\u0103 cilindrul este u\u0219or de \u00eentre\u021binut \u0219i reparat, iar piesele sale sunt u\u0219or disponibile.<\/li>\n<\/ul>\n<p><img decoding=\"async\" src=\"https:\/\/www.hydraulic-cylinders.net\/wp-content\/uploads\/2025\/01\/songte-oil-pipes-and-spare-parts.webp\"><\/p>\n<h2>Etan\u0219are \u0219i lubrifiere<\/h2>\n<p>Diverse componente de etan\u0219are, cum ar fi etan\u0219\u0103rile pistonului, etan\u0219\u0103rile tijei etc., sunt utilizate \u00een cilindrii cupei pentru a asigura men\u021binerea unei etan\u0219\u0103ri pozitive de c\u0103tre cilindru \u0219i pentru a preveni scurgerile de fluid hidraulic. Componentele de etan\u0219are utilizeaz\u0103 materiale rezistente la uzur\u0103, cum ar fi poliuretanul \u0219i cauciucul nitrilic. Corpul cilindrului \u0219i suprafe\u021bele filetate ale cap\u0103tului sunt supuse unor prelucr\u0103ri fine pentru a \u00eembun\u0103t\u0103\u021bi rezisten\u021ba la uzur\u0103. Este esen\u021bial s\u0103 se adauge \u00een mod regulat o cantitate adecvat\u0103 de ulei hidraulic pentru lubrifiere.<\/p>\n<h2>\u00centre\u021binere \u0219i precau\u021bii<\/h2>\n<p>Inspec\u021bia regulat\u0103 \u0219i m\u0103surile de \u00eentre\u021binere preventiv\u0103 sunt necesare pentru a asigura o durat\u0103 de via\u021b\u0103 mai lung\u0103 a cilindrului cupei. Iat\u0103 c\u00e2teva sarcini comune de \u00eentre\u021binere:<\/p>\n<ul>\n<li>Inspec\u021bie regulat\u0103<\/li>\n<li>Lubrifiere adecvat\u0103<\/li>\n<li>\u00cenlocuirea garniturii \u0219i verificarea calibr\u0103rii<\/li>\n<\/ul>\n<p>\u00cen timpul instal\u0103rii, este esen\u021bial s\u0103 se furnizeze instruc\u021biuni corecte de aliniere a cilindrului. Se recomand\u0103 utilizarea unor console de instalare adecvate pentru fixarea cilindrului. De asemenea, suger\u0103m utilizarea procedurilor recomandate de inspec\u021bie, reparare \u0219i \u00eenlocuire pentru a \u00eembun\u0103t\u0103\u021bi durata de via\u021b\u0103 a cilindrului.<\/p>\n<p><img decoding=\"async\" src=\"https:\/\/www.hydraulic-cylinders.net\/wp-content\/uploads\/2025\/01\/songte-chushion-collar.webp\"><\/p>\n<h2>Considera\u021bii privind siguran\u021ba \u0219i mediul<\/h2>\n<p>Atunci c\u00e2nd se utilizeaz\u0103 cilindri cu cup\u0103, este esen\u021bial s\u0103 se respecte m\u0103surile de siguran\u021b\u0103 pentru a evita poten\u021bialele pericole precum supra\u00eenc\u0103rcarea, vibra\u021biile etc. Factorii de mediu, cum ar fi expunerea la praf \u0219i temperaturile ridicate, pot afecta, de asemenea, performan\u021ba cilindrului. Prin urmare, este necesar s\u0103 se men\u021bin\u0103 un mediu de lucru curat \u0219i sigur.<\/p>\n<h2>Diagnosticarea \u0219i depanarea defec\u021biunilor<\/h2>\n<p>Iat\u0103 c\u00e2teva probleme frecvente care pot ap\u0103rea la utilizarea unui cilindru pentru cupe:<\/p>\n<ul>\n<li>Scurgere de lichid hidraulic<\/li>\n<li>Dificultate \u00een mi\u0219carea pistonului<\/li>\n<li>Zgomot \u00een timpul func\u021bion\u0103rii<\/li>\n<\/ul>\n<p>Pentru a rezolva aceste probleme, este esen\u021bial s\u0103 verifica\u021bi garniturile, pistonul \u0219i alte componente ale cilindrului. Cur\u0103\u021barea regulat\u0103 \u0219i lubrifierea corespunz\u0103toare pot ajuta la prevenirea acestor probleme.<\/p>\n<p><img decoding=\"async\" src=\"https:\/\/www.hydraulic-cylinders.net\/wp-content\/uploads\/2025\/01\/songte-bushings-with-all-kinds-of-excavator-models.webp\"><\/p>\n<h2>Despre compania noastr\u0103<\/h2>\n<p>Suntem produc\u0103tori de cilindri hidraulici de schimb cu categorii complete de produse \u0219i am devenit unul dintre principalii produc\u0103tori \u0219i distribuitori angro de cilindri hidraulici pe pie\u021bele interne \u0219i interna\u021bionale. Ader\u0103m la principiul calit\u0103\u021bii excelente \u0219i ne baz\u0103m pe strategia de management al produc\u021biei industriale a unui atelier de fabrica\u021bie sofisticat. Prin utilizarea talentelor tehnologice, a echipamentelor digitale de fabrica\u021bie de ultim\u0103 genera\u021bie \u0219i a sistemelor profesionale de testare, \u00eembun\u0103t\u0103\u021bim continuu platforma de fabrica\u021bie a atelierului, \u00eembun\u0103t\u0103\u021bim linia de produc\u021bie a calit\u0103\u021bii produselor \u0219i avem o capacitate creativ\u0103 puternic\u0103. Ne propunem s\u0103 satisfacem nevoile diverse ale clien\u021bilor cu eficien\u021b\u0103 ridicat\u0103, precizie ridicat\u0103 \u0219i principii de \u00eenalt\u0103 calitate.<\/p>\n<p><img decoding=\"async\" src=\"https:\/\/hzpt.com\/wp-content\/uploads\/2024\/11\/songte-company-1.webp\"><\/p>\n<h2>Profesionalism<\/h2>\n<p>Avem o echip\u0103 de profesioni\u0219ti care poate oferi asisten\u021b\u0103 tehnic\u0103 \u0219i servicii personalizate pentru a satisface nevoile specifice ale clien\u021bilor.<\/p>\n<h2>Certificare interna\u021bional\u0103<\/h2>\n<p>Produsele noastre au trecut certific\u0103ri interna\u021bionale precum ISO9001, CE \u0219i SGS etc.<\/p>\n<h2>Servicii personalizate<\/h2>\n<p>Oferim servicii personalizate pentru diverse cerin\u021be, inclusiv materiale, dimensiuni \u0219i alte specifica\u021bii.<\/p>\n<h2>Echipamente de produc\u021bie<\/h2>\n<p>Folosim echipamente de fabrica\u021bie avansate pentru a asigura calitatea produsului \u0219i eficien\u021ba produc\u021biei.<\/p>\n<h2>Serviciu post-v\u00e2nzare<\/h2>\n<p>Oferim servicii complete post-v\u00e2nzare, inclusiv \u00eentre\u021binere, reparare \u0219i \u00eenlocuire a pieselor, pentru a ajuta clien\u021bii s\u0103 men\u021bin\u0103 performan\u021ba excelent\u0103 a cilindrului hidraulic.<\/p>\n<h4>Autor: lyl<\/h4>","protected":false},"excerpt":{"rendered":"<p>Bucket Cylinder For Doosan Large Excavator DX500LC Introduction A bucket cylinder for Doosan large excavator DX500LC is a specially designed hydraulic cylinder that mainly controls the movement of the bucket in heavy machinery such as excavators, backhoe excavators, and front loaders. Its primary function is to enable the bucket to lift, lower, and tilt, making [&hellip;]<\/p>","protected":false},"featured_media":14778,"comment_status":"open","ping_status":"closed","template":"","meta":{"_et_pb_use_builder":"","_et_pb_old_content":"","_et_gb_content_width":""},"product_brand":[],"product_cat":[1494],"product_tag":[1495,1496],"class_list":{"0":"post-15289","1":"product","2":"type-product","3":"status-publish","4":"has-post-thumbnail","6":"product_cat-bucket-cylinders","7":"product_tag-bucket-cylinders","8":"product_tag-hydraulic-cylinders","10":"first","11":"instock","12":"shipping-taxable","13":"product-type-simple"},"amp_enabled":true,"_links":{"self":[{"href":"https:\/\/www.hydraulic-cylinders.net\/ro\/wp-json\/wp\/v2\/product\/15289","targetHints":{"allow":["GET"]}}],"collection":[{"href":"https:\/\/www.hydraulic-cylinders.net\/ro\/wp-json\/wp\/v2\/product"}],"about":[{"href":"https:\/\/www.hydraulic-cylinders.net\/ro\/wp-json\/wp\/v2\/types\/product"}],"replies":[{"embeddable":true,"href":"https:\/\/www.hydraulic-cylinders.net\/ro\/wp-json\/wp\/v2\/comments?post=15289"}],"wp:featuredmedia":[{"embeddable":true,"href":"https:\/\/www.hydraulic-cylinders.net\/ro\/wp-json\/wp\/v2\/media\/14778"}],"wp:attachment":[{"href":"https:\/\/www.hydraulic-cylinders.net\/ro\/wp-json\/wp\/v2\/media?parent=15289"}],"wp:term":[{"taxonomy":"product_brand","embeddable":true,"href":"https:\/\/www.hydraulic-cylinders.net\/ro\/wp-json\/wp\/v2\/product_brand?post=15289"},{"taxonomy":"product_cat","embeddable":true,"href":"https:\/\/www.hydraulic-cylinders.net\/ro\/wp-json\/wp\/v2\/product_cat?post=15289"},{"taxonomy":"product_tag","embeddable":true,"href":"https:\/\/www.hydraulic-cylinders.net\/ro\/wp-json\/wp\/v2\/product_tag?post=15289"}],"curies":[{"name":"wp","href":"https:\/\/api.w.org\/{rel}","templated":true}]}}