{"id":15290,"date":"2025-01-19T14:20:40","date_gmt":"2025-01-19T14:20:40","guid":{"rendered":"https:\/\/www.hydraulic-cylinders.net\/product\/bucket-cylinder-for-doosan-large-excavator-dh300-5\/"},"modified":"2025-01-19T14:20:42","modified_gmt":"2025-01-19T14:20:42","slug":"bucket-cylinder-for-doosan-large-excavator-dh300-5","status":"publish","type":"product","link":"https:\/\/www.hydraulic-cylinders.net\/ro\/produs\/bucket-cylinder-for-doosan-large-excavator-dh300-5\/","title":{"rendered":"Cilindru cup\u0103 pentru excavatorul mare Doosan DH300-5"},"content":{"rendered":"<h1>Cilindru cup\u0103 pentru excavatorul mare Doosan DH300-5<\/h1>\n<h2>Introducere<\/h2>\n<p>Cilindrul cupei pentru excavatorul Doosan DH300-5 este un cilindru hidraulic specializat, utilizat pentru a controla mi\u0219carea cupei \u00een utilaje grele, cum ar fi excavatoarele, \u00eenc\u0103rc\u0103toarele cu buldoexcavatoare \u0219i \u00eenc\u0103rc\u0103toarele frontale. Scopul s\u0103u principal este de a permite ridicarea, cobor\u00e2rea \u0219i \u00eenclinarea cupei, facilit\u00e2nd manipularea diverselor materiale. \u00cen sistemul hidraulic, cilindrul cupei controleaz\u0103 mi\u0219carea cupei cu precizie prin modific\u0103ri ale presiunii uleiului hidraulic, permi\u021b\u00e2nd operatorilor s\u0103 manipuleze eficient sarcini grele \u0219i s\u0103 se adapteze la medii de lucru complexe \u0219i nevoi opera\u021bionale diverse.<\/p>\n<p><img decoding=\"async\" src=\"https:\/\/www.hydraulic-cylinders.net\/wp-content\/uploads\/2025\/01\/songte-company-2.webp\" alt=\"Imaginea cilindrului cupei\"><\/p>\n<h2>Caracteristici<\/h2>\n<ul>\n<li><strong>Rezisten\u021b\u0103 \u0219i durabilitate ridicate:<\/strong> Fabricat de obicei din o\u021bel sau aluminiu de \u00eenalt\u0103 rezisten\u021b\u0103, poate rezista la presiuni ridicate \u0219i sarcini grele, se adapteaz\u0103 la medii de lucru dure \u0219i a fost proiectat av\u00e2nd \u00een vedere rezisten\u021ba la uzur\u0103 \u0219i la coroziune pentru a-i prelungi durata de via\u021b\u0103.<\/li>\n<li><strong>Opera\u021biuni hidraulice eficiente:<\/strong> Folose\u0219te presiunea uleiului hidraulic pentru a ob\u021bine ac\u021biuni de telescopare line, poate r\u0103spunde rapid la comenzile de control, ofer\u0103 for\u021be puternice de \u00eempingere \u0219i tragere \u0219i este potrivit pentru manipularea sarcinilor grele \u0219i a sarcinilor opera\u021bionale complexe.<\/li>\n<li><strong>Diverse tipuri:<\/strong> Cilindrii cu ac\u021biune simpl\u0103 (sistem hidraulic utilizat doar \u00eentr-o singur\u0103 direc\u021bie) sau cu ac\u021biune dubl\u0103 (sistem hidraulic utilizat \u00een dou\u0103 direc\u021bii) pot fi selecta\u021bi \u00een func\u021bie de cerin\u021be pentru a satisface diferite nevoi opera\u021bionale. Unele modele sunt telescopice, permi\u021b\u00e2nd o extensie mai mare f\u0103r\u0103 a cre\u0219te dimensiunile exterioare, fiind potrivi\u021bi pentru aplica\u021bii cu spa\u021biu limitat.<\/li>\n<li><strong>\u00cenlocuitor perfect:<\/strong> Cilindrul nostru pentru cup\u0103 poate \u00eenlocui perfect cilindrul hidraulic original de la produc\u0103tor.<\/li>\n<\/ul>\n<p><img decoding=\"async\" src=\"https:\/\/www.hydraulic-cylinders.net\/wp-content\/uploads\/2025\/01\/songte-cylinder-head-with-all-kinds-excavator-models.webp\" alt=\"Imagine cilindru de schimb\"><\/p>\n<h2>Aplica\u021bii<\/h2>\n<p>Cilindrul cu cup\u0103 are o gam\u0103 larg\u0103 de aplica\u021bii \u00een diverse industrii. C\u00e2teva exemple sunt:<\/p>\n<ul>\n<li><strong>Echipamente de construc\u021bii:<\/strong> \u00cen excavatoare, acestea sunt esen\u021biale pentru s\u0103pare, \u00eenc\u0103rcare \u0219i mutarea solului sau a resturilor. \u00cen buldoexcavatoarele, cilindrul cupei ajut\u0103 at\u00e2t la excavare, c\u00e2t \u0219i la ridicare. <\/li>\n<li><strong>Ma\u0219ini agricole:<\/strong> Folosit la \u00eenc\u0103rc\u0103toarele frontale pentru scobere, ridicare \u0219i transportul solului, f\u00e2nului \u0219i altor materiale. <\/li>\n<li><strong>Excavatoare:<\/strong> Cilindrul cupei permite cupei s\u0103 p\u0103trund\u0103 \u00een sol pentru a efectua ac\u021biuni de excavare. <\/li>\n<li><strong>\u00cenc\u0103rc\u0103toare frontale:<\/strong> \u00cen cazul \u00eenc\u0103rc\u0103toarelor frontale, acestea ajut\u0103 la ridicarea \u0219i \u00eenclinarea eficient\u0103 a \u00eenc\u0103rc\u0103turii. <\/li>\n<\/ul>\n<h2>Considera\u021bii de proiectare \u0219i criterii de selec\u021bie<\/h2>\n<p>Considera\u021biile de proiectare \u0219i criteriile de selec\u021bie ale cilindrului cupei sunt esen\u021biale pentru a asigura func\u021bionarea corect\u0103 \u0219i longevitatea acestuia. C\u00e2teva dintre aceste considera\u021bii sunt:<\/p>\n<h3>Capacitate de \u00eenc\u0103rcare<\/h3>\n<p>Cilindrul cupei trebuie s\u0103 poat\u0103 suporta capacitatea de \u00eenc\u0103rcare a ma\u0219inii \u00een care este instalat. Este important s\u0103 alege\u021bi un cilindru care poate suporta capacitatea maxim\u0103 de \u00eenc\u0103rcare a ma\u0219inii, \u021bin\u00e2nd cont de orice suprasarcini poten\u021biale care pot ap\u0103rea.<\/p>\n<h3>Sigilare<\/h3>\n<p>Cilindrul cupei trebuie s\u0103 fie etan\u0219at corespunz\u0103tor pentru a preveni scurgerile de fluid hidraulic. Este important s\u0103 alege\u021bi etan\u0219\u0103ri fabricate din materiale durabile \u0219i proiectate s\u0103 reziste la uzur\u0103.<\/p>\n<h3>Durabilitate<\/h3>\n<p>Cilindrul cupei trebuie s\u0103 fie durabil \u0219i proiectat s\u0103 reziste la medii dure. Corpul cilindrului \u0219i capacele de cap\u0103t trebuie s\u0103 fie fabricate din materiale de \u00eenalt\u0103 rezisten\u021b\u0103, rezistente la coroziune \u0219i uzur\u0103.<\/p>\n<h3>Siguran\u0163\u0103<\/h3>\n<p>Cilindrul cupei trebuie proiectat av\u00e2nd \u00een vedere siguran\u021ba. Este important s\u0103 alege\u021bi un cilindru care are caracteristici de siguran\u021b\u0103, cum ar fi supape de suprapresiune \u0219i \u00eencuietori de siguran\u021b\u0103, pentru a preveni accidentele.<\/p>\n<h3>\u00centre\u0163inere<\/h3>\n<p>Cilindrul cupei trebuie s\u0103 fie u\u0219or de \u00eentre\u021binut. Este important s\u0103 alege\u021bi un cilindru care s\u0103 fie u\u0219or de dezasamblat \u0219i reasamblat pentru \u00eentre\u021binere. \u00centre\u021binerea regulat\u0103, cum ar fi lubrifierea \u0219i \u00eenlocuirea garniturilor, este esen\u021bial\u0103 pentru a-i prelungi durata de via\u021b\u0103.<\/p>\n<p><img decoding=\"async\" src=\"https:\/\/www.hydraulic-cylinders.net\/wp-content\/uploads\/2025\/01\/songte-oil-pipes-and-spare-parts.webp\" alt=\"Imaginea pieselor cilindrului hidraulic\"><\/p>\n<h2>Etan\u0219are \u0219i lubrifiere<\/h2>\n<p>Cilindrul cupei utilizeaz\u0103 diverse componente de etan\u0219are, cum ar fi etan\u0219\u0103ri de piston \u0219i etan\u0219\u0103ri de tij\u0103, fabricate din materiale precum poliuretan \u0219i cauciuc nitrilic pentru a preveni scurgerile de fluid. Corpul cilindrului \u0219i capacele de cap\u0103t sunt prelucrate fin pentru a \u00eembun\u0103t\u0103\u021bi rezisten\u021ba la uzur\u0103. Lubrifierea regulat\u0103 cu ulei hidraulic este necesar\u0103 pentru a men\u021bine o func\u021bionare lin\u0103 \u0219i a reduce uzura.<\/p>\n<h2>Inspec\u021bie \u0219i \u00eentre\u021binere preventiv\u0103<\/h2>\n<p>Inspec\u021bia regulat\u0103 \u0219i \u00eentre\u021binerea preventiv\u0103 sunt esen\u021biale pentru a prelungi durata de via\u021b\u0103 a cilindrului cupei. C\u00e2teva sarcini comune de \u00eentre\u021binere sunt:<\/p>\n<ul>\n<li><strong>Inspec\u021bie periodic\u0103:<\/strong> Verifica\u021bi cilindrul pentru uzur\u0103 \u0219i deteriorare, verifica\u021bi garniturile \u0219i examina\u021bi toate conexiunile pentru scurgeri.<\/li>\n<li><strong>Lubrifiere:<\/strong> Unge\u021bi cilindrul \u00een mod regulat cu ulei hidraulic pentru a reduce frecarea \u0219i uzura.<\/li>\n<li><strong>\u00cenlocuirea garniturii:<\/strong> \u00cenlocui\u021bi orice garnituri deteriorate pentru a preveni scurgerile de fluid hidraulic.<\/li>\n<li><strong>Verificare calibrare:<\/strong> Verifica\u021bi calibrarea cilindrului pentru a v\u0103 asigura c\u0103 func\u021bioneaz\u0103 corect.<\/li>\n<\/ul>\n<p>Este important s\u0103 instala\u021bi corect cilindrul cupei pentru a evita orice poten\u021bial\u0103 deteriorare \u0219i pentru a asigura o func\u021bionare \u00een siguran\u021b\u0103. Urma\u021bi \u00eentotdeauna instruc\u021biunile produc\u0103torului \u0219i utiliza\u021bi unelte \u0219i echipamente de instalare adecvate. Alinierea corect\u0103 \u0219i utilizarea unor suporturi de instalare adecvate pot ajuta la stabilizarea cilindrului. Dac\u0103 cilindrul trebuie reparat sau reconstruit, se recomand\u0103 utilizarea pieselor originale \u0219i respectarea instruc\u021biunilor produc\u0103torului.<\/p>\n<p><img decoding=\"async\" src=\"https:\/\/www.hydraulic-cylinders.net\/wp-content\/uploads\/2025\/01\/songte-chushion-collar.webp\" alt=\"Imagine cu guler de pern\u0103\"><\/p>\n<h2>Considera\u021bii privind siguran\u021ba \u0219i mediul<\/h2>\n<p>C\u00e2nd se utilizeaz\u0103 cilindrul cupei, trebuie luate m\u0103suri de siguran\u021b\u0103 pentru a evita accidentele. Este esen\u021bial s\u0103 se respecte instruc\u021biunile \u0219i reglement\u0103rile de siguran\u021b\u0103, cum ar fi purtarea echipamentului de protec\u021bie adecvat \u0219i asigurarea \u00eentre\u021binerii \u0219i func\u021bion\u0103rii corespunz\u0103toare a ma\u0219inii. De asemenea, trebuie luate \u00een considerare aspectele legate de mediu, cum ar fi eliminarea corect\u0103 a fluidelor hidraulice \u0219i a oric\u0103ror alte materiale care pot fi d\u0103un\u0103toare mediului.<\/p>\n<h2>Probleme frecvente \u0219i depanare<\/h2>\n<p>Cilindrul cupei poate \u00eent\u00e2mpina diverse probleme \u00een timpul func\u021bion\u0103rii. C\u00e2teva probleme comune sunt:<\/p>\n<ul>\n<li><strong>Scurgeri de fluide:<\/strong> Acest lucru poate fi cauzat de garnituri sau conexiuni deteriorate.<\/li>\n<li><strong>Func\u021bionare lent\u0103:<\/strong> Acest lucru poate fi cauzat de niveluri sc\u0103zute de lichid hidraulic sau de garnituri uzate.<\/li>\n<li><strong>Zgomot excesiv:<\/strong> Acest lucru poate fi cauzat de uzura rulmen\u021bilor sau a altor piese mobile.<\/li>\n<\/ul>\n<p>Pentru a depana \u0219i rezolva aceste probleme, este important s\u0103 urma\u021bi instruc\u021biunile produc\u0103torului \u0219i s\u0103 utiliza\u021bi metode de depanare adecvate. Se recomand\u0103 efectuarea \u00eentre\u021binerii regulate pentru a preveni apari\u021bia acestor probleme.<\/p>\n<p><img decoding=\"async\" src=\"https:\/\/www.hydraulic-cylinders.net\/wp-content\/uploads\/2025\/01\/songte-bushings-with-all-kinds-of-excavator-models.webp\" alt=\"Imagine buc\u0219e cilindru hidraulic\"><\/p>\n<h2>Despre compania noastr\u0103<\/h2>\n<p>Suntem un produc\u0103tor \u0219i distribuitor angro de top de cilindri hidraulici, specializa\u021bi \u00een \u00eenlocuirea cilindrilor hidraulici. Compania noastr\u0103 ofer\u0103 o gam\u0103 complet\u0103 de produse, inclusiv diverse tipuri de cilindri hidraulici, care au devenit unul dintre produsele de top pe pie\u021bele interne \u0219i externe. Compania noastr\u0103 ader\u0103 la principiul calit\u0103\u021bii excep\u021bionale \u0219i se bazeaz\u0103 pe strategii de management al produc\u021biei specifice industriei \u00een ateliere fin fabricate, precum \u0219i pe talente tehnice, echipamente digitale de produc\u021bie de ultim\u0103 genera\u021bie \u0219i sisteme profesionale de testare, \u00eembun\u0103t\u0103\u021bind continuu platforma de produc\u021bie din atelier \u0219i \u00eembun\u0103t\u0103\u021bind calitatea produc\u021biei produselor. Avem capacit\u0103\u021bi creative puternice \u0219i putem satisface nevoile diverse ale clien\u021bilor pe principiile eficien\u021bei ridicate, preciziei ridicate \u0219i calit\u0103\u021bii \u00eenalte.<\/p>\n<p><img decoding=\"async\" src=\"https:\/\/hzpt.com\/wp-content\/uploads\/2024\/11\/songte-company-1.webp\" alt=\"Imaginea companiei\"><\/p>\n<h3>Profesionalism<\/h3>\n<p>Compania noastr\u0103 are o echip\u0103 de profesioni\u0219ti extrem de specializa\u021bi, cu ani de experien\u021b\u0103 \u00een industrie. De la proiectare la produc\u021bie \u0219i v\u00e2nz\u0103ri, avem o echip\u0103 de exper\u021bi pentru a asigura calitatea \u0219i eficien\u021ba.<\/p>\n<h3>Certificare interna\u021bional\u0103<\/h3>\n<p>Compania noastr\u0103 a ob\u021binut diverse certific\u0103ri interna\u021bionale, precum ISO9001 \u0219i CE, asigur\u00e2nd c\u0103 produsele noastre respect\u0103 standardele interna\u021bionale de calitate \u0219i siguran\u021b\u0103.<\/p>\n<h3>Servicii personalizate<\/h3>\n<p>Compania noastr\u0103 ofer\u0103 servicii personalizate pentru a satisface nevoile specifice ale clien\u021bilor, inclusiv designuri, dimensiuni \u0219i materiale personalizate.<\/p>\n<h3>Echipamente de produc\u021bie<\/h3>\n<p>Compania noastr\u0103 a investit \u00een echipamente de produc\u021bie avansate, inclusiv ma\u0219ini CNC \u0219i echipamente de testare, pentru a asigura precizia \u0219i eficien\u021ba \u00een produc\u021bie.<\/p>\n<h3>Serviciu post-v\u00e2nzare<\/h3>\n<p>Compania noastr\u0103 ofer\u0103 servicii complete post-v\u00e2nzare, inclusiv servicii de \u00eentre\u021binere \u0219i repara\u021bii, pentru a asigura satisfac\u021bia clien\u021bilor \u0219i o durat\u0103 de via\u021b\u0103 prelungit\u0103 a produsului.<\/p>\n<h4>Autor: lyl<\/h4>","protected":false},"excerpt":{"rendered":"<p>Bucket Cylinder For Doosan Large Excavator DH300-5 Introduction The bucket cylinder for Doosan large excavator DH300-5 is a specialized hydraulic cylinder used to control the movement of the bucket in heavy machinery such as excavators, backhoe loaders, and front-end loaders. Its main purpose is to allow the bucket to be raised, lowered, and tilted, making [&hellip;]<\/p>","protected":false},"featured_media":14776,"comment_status":"open","ping_status":"closed","template":"","meta":{"_et_pb_use_builder":"","_et_pb_old_content":"","_et_gb_content_width":""},"product_brand":[],"product_cat":[1494],"product_tag":[1495,1496],"class_list":{"0":"post-15290","1":"product","2":"type-product","3":"status-publish","4":"has-post-thumbnail","6":"product_cat-bucket-cylinders","7":"product_tag-bucket-cylinders","8":"product_tag-hydraulic-cylinders","10":"first","11":"instock","12":"shipping-taxable","13":"product-type-simple"},"amp_enabled":true,"_links":{"self":[{"href":"https:\/\/www.hydraulic-cylinders.net\/ro\/wp-json\/wp\/v2\/product\/15290","targetHints":{"allow":["GET"]}}],"collection":[{"href":"https:\/\/www.hydraulic-cylinders.net\/ro\/wp-json\/wp\/v2\/product"}],"about":[{"href":"https:\/\/www.hydraulic-cylinders.net\/ro\/wp-json\/wp\/v2\/types\/product"}],"replies":[{"embeddable":true,"href":"https:\/\/www.hydraulic-cylinders.net\/ro\/wp-json\/wp\/v2\/comments?post=15290"}],"wp:featuredmedia":[{"embeddable":true,"href":"https:\/\/www.hydraulic-cylinders.net\/ro\/wp-json\/wp\/v2\/media\/14776"}],"wp:attachment":[{"href":"https:\/\/www.hydraulic-cylinders.net\/ro\/wp-json\/wp\/v2\/media?parent=15290"}],"wp:term":[{"taxonomy":"product_brand","embeddable":true,"href":"https:\/\/www.hydraulic-cylinders.net\/ro\/wp-json\/wp\/v2\/product_brand?post=15290"},{"taxonomy":"product_cat","embeddable":true,"href":"https:\/\/www.hydraulic-cylinders.net\/ro\/wp-json\/wp\/v2\/product_cat?post=15290"},{"taxonomy":"product_tag","embeddable":true,"href":"https:\/\/www.hydraulic-cylinders.net\/ro\/wp-json\/wp\/v2\/product_tag?post=15290"}],"curies":[{"name":"wp","href":"https:\/\/api.w.org\/{rel}","templated":true}]}}