{"id":15293,"date":"2025-01-19T14:20:51","date_gmt":"2025-01-19T14:20:51","guid":{"rendered":"https:\/\/www.hydraulic-cylinders.net\/product\/bucket-cylinder-for-doosan-large-excavator-dx350xl\/"},"modified":"2025-01-19T14:20:53","modified_gmt":"2025-01-19T14:20:53","slug":"bucket-cylinder-for-doosan-large-excavator-dx350xl","status":"publish","type":"product","link":"https:\/\/www.hydraulic-cylinders.net\/ro\/produs\/bucket-cylinder-for-doosan-large-excavator-dx350xl\/","title":{"rendered":"Cilindru cup\u0103 pentru excavatorul mare Doosan DX350XL"},"content":{"rendered":"<h1>Cilindru cup\u0103 pentru excavatorul mare Doosan DX350XL<\/h1>\n<h2>Introducere<\/h2>\n<p>Cilindrul cupei pentru excavatorul mare Doosan DX350XL este un cilindru hidraulic specializat, conceput pentru a controla mi\u0219carea cupei \u00een utilaje grele, cum ar fi excavatoarele, excavatoarele cu buldoexcavatoare \u0219i \u00eenc\u0103rc\u0103toare frontale. Func\u021bia sa principal\u0103 este de a ridica, cobor\u00ee \u0219i \u00eenclina cupa pentru diverse sarcini de manipulare a materialelor. \u00centr-un sistem hidraulic, cilindrul cupei controleaz\u0103 cu precizie mi\u0219carea cupei prin modific\u0103rile presiunii uleiului hidraulic, permi\u021b\u00e2nd operatorilor s\u0103 manipuleze eficient sarcini grele \u0219i s\u0103 se adapteze la medii de lucru complexe \u0219i cerin\u021be variate ale lucr\u0103rilor.<\/p>\n<p><img decoding=\"async\" src=\"https:\/\/www.hydraulic-cylinders.net\/wp-content\/uploads\/2025\/01\/songte-company-2.webp\" alt=\"Cilindru cup\u0103 pentru excavatorul mare Doosan DX350XL\"><\/p>\n<h2>Caracteristici<\/h2>\n<ul>\n<li>Rezisten\u021b\u0103 \u0219i durabilitate ridicate: Fabricate de obicei din o\u021bel sau aluminiu de \u00eenalt\u0103 rezisten\u021b\u0103, pot rezista la presiuni ridicate \u0219i sarcini grele \u0219i sunt proiectate \u021bin\u00e2nd cont de rezisten\u021ba la uzur\u0103 \u0219i la coroziune, prelungindu-i durata de via\u021b\u0103.<\/li>\n<li>Func\u021bionare hidraulic\u0103 eficient\u0103: Utilizeaz\u0103 presiunea uleiului hidraulic pentru a ob\u021bine ac\u021biuni line de extensie \u0219i contrac\u021bie, poate r\u0103spunde rapid la comenzile de control, ofer\u0103 o for\u021b\u0103 puternic\u0103 de \u00eempingere-tragere \u0219i este potrivit\u0103 pentru manipularea sarcinilor grele \u0219i a sarcinilor complexe.<\/li>\n<li>Diverse tipuri: Cilindrii cu ac\u021biune simpl\u0103 (sistem hidraulic utilizat \u00eentr-o singur\u0103 direc\u021bie) sau cu ac\u021biune dubl\u0103 (sistem hidraulic utilizat \u00een dou\u0103 direc\u021bii) pot fi selecta\u021bi \u00een func\u021bie de necesit\u0103\u021bi pentru a satisface diferite cerin\u021be opera\u021bionale. Unele modele sunt telescopice, permi\u021b\u00e2nd o extensie mai mare f\u0103r\u0103 a cre\u0219te dimensiunile exterioare, potrivite pentru aplica\u021bii cu spa\u021biu limitat.<\/li>\n<li>U\u0219or de instalat: Produsul nostru poate \u00eenlocui perfect ace\u0219ti cilindri hidraulici.<\/li>\n<\/ul>\n<p><img decoding=\"async\" src=\"https:\/\/www.hydraulic-cylinders.net\/wp-content\/uploads\/2025\/01\/songte-cylinder-head-with-all-kinds-excavator-models.webp\" alt=\"Cilindru cup\u0103 pentru excavatorul mare Doosan DX350XL\"><\/p>\n<h2>Aplica\u021bii<\/h2>\n<p>Cilindrul cupei pentru excavatorul mare Doosan DX350XL este utilizat pe scar\u0103 larg\u0103 \u00een diverse utilaje grele, inclusiv:<\/p>\n<ul>\n<li>Echipamente de construc\u021bii: \u00cen excavatoare, acestea sunt esen\u021biale pentru s\u0103pare, \u00eenc\u0103rcare \u0219i mutarea solului sau a resturilor. \u00cen excavatoarele cu buldoexcavatoare, cilindrul cupei ajut\u0103 at\u00e2t la s\u0103pare, c\u00e2t \u0219i la ridicare. <\/li>\n<li>Ma\u0219ini agricole: utilizate \u00een \u00eenc\u0103rc\u0103toarele frontale pentru scobere, ridicare \u0219i transportul solului, f\u00e2nului \u0219i altor materiale. <\/li>\n<li>\u00cenc\u0103rc\u0103tor: \u00cen \u00eenc\u0103rc\u0103torul frontal, acestea ajut\u0103 la ridicarea \u0219i \u00eenclinarea eficient\u0103 a \u00eenc\u0103rc\u0103turii.<\/li>\n<\/ul>\n<h2>Considera\u021bii de proiectare \u0219i criterii de selec\u021bie<\/h2>\n<p>Cilindrul cupei pentru excavatorul mare Doosan DX350XL este proiectat lu\u00e2nd \u00een considerare considera\u021bii cheie privind capacitatea portant\u0103, etan\u0219are, durabilitate, siguran\u021b\u0103 \u0219i mentenan\u021b\u0103. <\/p>\n<ul>\n<li>Capacitate portant\u0103: Cilindrul trebuie s\u0103 reziste la presiuni ridicate \u0219i sarcini grele, men\u021bin\u00e2nd \u00een acela\u0219i timp stabilitatea \u0219i precizia. <\/li>\n<li>Etan\u0219are: \u00cen cilindru se utilizeaz\u0103 diverse etan\u0219\u0103ri, cum ar fi etan\u0219\u0103rile pistonului, etan\u0219\u0103rile tijei etc., iar materialul de etan\u0219are este selectat dintre materiale rezistente la uzur\u0103, cum ar fi poliuretanul \u0219i cauciucul nitrilic. <\/li>\n<li>Durabilitate: Corpul cilindrului \u0219i suprafe\u021bele filetate ale cap\u0103tului sunt prelucrate fin pentru a \u00eembun\u0103t\u0103\u021bi rezisten\u021ba la uzur\u0103. <\/li>\n<li>Siguran\u021b\u0103: Cilindrul trebuie s\u0103 \u00eendeplineasc\u0103 diverse standarde \u0219i reglement\u0103ri de siguran\u021b\u0103 pentru a asigura o func\u021bionare \u00een siguran\u021b\u0103. <\/li>\n<li>\u00centre\u021binere: \u00centre\u021binere \u0219i repara\u021bii regulate pentru a preveni defec\u021biunile \u0219i a prelungi durata de via\u021b\u0103. <\/li>\n<\/ul>\n<p><img decoding=\"async\" src=\"https:\/\/www.hydraulic-cylinders.net\/wp-content\/uploads\/2025\/01\/songte-oil-pipes-and-spare-parts.webp\" alt=\"Cilindru cup\u0103 pentru excavatorul mare Doosan DX350XL\"><\/p>\n<h2>Etan\u0219are \u0219i lubrifiere<\/h2>\n<p>Cilindrul cupei pentru excavatorul Doosan DX350XL utilizeaz\u0103 diverse elemente de etan\u0219are, cum ar fi etan\u0219\u0103ri de piston \u0219i etan\u0219\u0103ri de tij\u0103, fabricate din materiale rezistente la uzur\u0103, cum ar fi poliuretanul \u0219i cauciucul nitrilic. Corpul cilindrului \u0219i suprafe\u021bele filetate ale cap\u0103tului sunt prelucrate fin pentru a \u00eembun\u0103t\u0103\u021bi rezisten\u021ba la uzur\u0103. Lubrifierea regulat\u0103 cu ulei hidraulic adecvat este necesar\u0103 pentru a asigura o func\u021bionare lin\u0103 \u0219i a preveni uzura.<\/p>\n<h2>\u00centre\u021binere \u0219i repara\u021bii<\/h2>\n<p>Inspec\u021bia regulat\u0103 \u0219i m\u0103surile de \u00eentre\u021binere preventiv\u0103 sunt necesare pentru a preveni defec\u021biunile \u0219i a prelungi durata de via\u021b\u0103 a cilindrului cupei pentru excavatorul Doosan mare DX350XL. C\u00e2teva sarcini comune de \u00eentre\u021binere includ:<\/p>\n<ul>\n<li>Inspec\u021bie regulat\u0103: Inspecta\u021bi periodic butelia pentru a depista semne de uzur\u0103, deteriorare \u0219i scurgeri. <\/li>\n<li>Lubrifiere adecvat\u0103: Unge\u021bi cilindrul cu uleiul hidraulic recomandat pentru a asigura o func\u021bionare f\u0103r\u0103 probleme. <\/li>\n<li>\u00cenlocuirea garniturilor: \u00cenlocui\u021bi garniturile dup\u0103 cum este necesar pentru a preveni scurgerile \u0219i a men\u021bine eficacitatea etan\u0219\u0103rii. <\/li>\n<li>Verificarea calibr\u0103rii: Verifica\u021bi calibrarea cilindrului pentru a asigura o func\u021bionare precis\u0103 \u0219i f\u0103r\u0103 probleme. <\/li>\n<\/ul>\n<p><img decoding=\"async\" src=\"https:\/\/www.hydraulic-cylinders.net\/wp-content\/uploads\/2025\/01\/songte-chushion-collar.webp\" alt=\"Cilindru cup\u0103 pentru excavatorul mare Doosan DX350XL\"><\/p>\n<h2>Considera\u021bii de siguran\u021b\u0103 \u0219i factori de mediu<\/h2>\n<p>C\u00e2nd se utilizeaz\u0103 cilindrul cupei pentru excavatorul Doosan de mare tonaj DX350XL, trebuie luate m\u0103suri de siguran\u021b\u0103 adecvate pentru a preveni accidentele \u0219i a asigura func\u021bionarea \u00een siguran\u021b\u0103. De asemenea, este important s\u0103 se ia \u00een considerare factorii de mediu, cum ar fi scurgerile de ulei \u0219i prevenirea polu\u0103rii, pentru a proteja mediul \u00eenconjur\u0103tor.<\/p>\n<h2>Depanare \u0219i probleme frecvente<\/h2>\n<p>C\u00e2teva probleme frecvente care pot ap\u0103rea la utilizarea cilindrului cupei pentru excavatorul mare Doosan DX350XL includ scurgeri, etan\u0219are deficitar\u0103 \u0219i erori de calibrare. Pentru a diagnostica \u0219i rezolva eficient aceste probleme, sunt necesare inspec\u021bii regulate \u0219i m\u0103suri de \u00eentre\u021binere preventiv\u0103.<\/p>\n<p><img decoding=\"async\" src=\"https:\/\/www.hydraulic-cylinders.net\/wp-content\/uploads\/2025\/01\/songte-bushings-with-all-kinds-of-excavator-models.webp\" alt=\"Cilindru cup\u0103 pentru excavatorul mare Doosan DX350XL\"><\/p>\n<h2>Despre compania noastr\u0103<\/h2>\n<p>Suntem produc\u0103tori de cilindri hidraulici de schimb, cu o gam\u0103 complet\u0103 de produse, devenind unul dintre principalii produc\u0103tori \u0219i distribuitori angro de cilindri hidraulici pe pie\u021bele interne \u0219i externe. Urm\u0103m principiile calit\u0103\u021bii excelente \u0219i ne baz\u0103m pe strategii de management al produc\u021biei industriale pentru atelierele de produc\u021bie fin\u0103, \u00eembun\u0103t\u0103\u021bind continuu platforma de fabrica\u021bie a atelierului, perfec\u021bion\u00e2nd linia de produc\u021bie a calit\u0103\u021bii produsului \u0219i av\u00e2nd capacit\u0103\u021bi creative puternice pentru a satisface nevoile diverse ale clien\u021bilor cu eficien\u021b\u0103 ridicat\u0103, precizie ridicat\u0103 \u0219i calitate superioar\u0103.<\/p>\n<p>Oferim servicii profesionale, certificate interna\u021bional, personalizate \u0219i dispunem de echipamente de produc\u021bie avansate \u0219i sisteme profesionale de testare. De asemenea, oferim servicii de \u00eenlocuire \u0219i reconstruc\u021bie a pieselor pentru a \u00eembun\u0103t\u0103\u021bi durata de via\u021b\u0103 a cilindrilor hidraulici.<\/p>\n<p><img decoding=\"async\" src=\"https:\/\/hzpt.com\/wp-content\/uploads\/2024\/11\/songte-company-1.webp\" alt=\"Cilindru cup\u0103 pentru excavatorul mare Doosan DX350XL\"><\/p>\n<p>Autor: lyl<\/p>","protected":false},"excerpt":{"rendered":"<p>Bucket Cylinder for Doosan Large Excavator DX350XL Introduction The bucket cylinder for Doosan large excavator DX350XL is a specialized hydraulic cylinder designed to control the movement of the bucket in heavy machinery, such as excavators, backhoe excavators, and front loaders. Its main function is to lift, lower, and tilt the bucket for various material handling [&hellip;]<\/p>","protected":false},"featured_media":14769,"comment_status":"open","ping_status":"closed","template":"","meta":{"_et_pb_use_builder":"","_et_pb_old_content":"","_et_gb_content_width":""},"product_brand":[],"product_cat":[1494],"product_tag":[1495,1496],"class_list":{"0":"post-15293","1":"product","2":"type-product","3":"status-publish","4":"has-post-thumbnail","6":"product_cat-bucket-cylinders","7":"product_tag-bucket-cylinders","8":"product_tag-hydraulic-cylinders","10":"first","11":"instock","12":"shipping-taxable","13":"product-type-simple"},"amp_enabled":true,"_links":{"self":[{"href":"https:\/\/www.hydraulic-cylinders.net\/ro\/wp-json\/wp\/v2\/product\/15293","targetHints":{"allow":["GET"]}}],"collection":[{"href":"https:\/\/www.hydraulic-cylinders.net\/ro\/wp-json\/wp\/v2\/product"}],"about":[{"href":"https:\/\/www.hydraulic-cylinders.net\/ro\/wp-json\/wp\/v2\/types\/product"}],"replies":[{"embeddable":true,"href":"https:\/\/www.hydraulic-cylinders.net\/ro\/wp-json\/wp\/v2\/comments?post=15293"}],"wp:featuredmedia":[{"embeddable":true,"href":"https:\/\/www.hydraulic-cylinders.net\/ro\/wp-json\/wp\/v2\/media\/14769"}],"wp:attachment":[{"href":"https:\/\/www.hydraulic-cylinders.net\/ro\/wp-json\/wp\/v2\/media?parent=15293"}],"wp:term":[{"taxonomy":"product_brand","embeddable":true,"href":"https:\/\/www.hydraulic-cylinders.net\/ro\/wp-json\/wp\/v2\/product_brand?post=15293"},{"taxonomy":"product_cat","embeddable":true,"href":"https:\/\/www.hydraulic-cylinders.net\/ro\/wp-json\/wp\/v2\/product_cat?post=15293"},{"taxonomy":"product_tag","embeddable":true,"href":"https:\/\/www.hydraulic-cylinders.net\/ro\/wp-json\/wp\/v2\/product_tag?post=15293"}],"curies":[{"name":"wp","href":"https:\/\/api.w.org\/{rel}","templated":true}]}}