{"id":15301,"date":"2025-01-19T14:21:30","date_gmt":"2025-01-19T14:21:30","guid":{"rendered":"https:\/\/www.hydraulic-cylinders.net\/product\/bucket-cylinder-for-doosan-large-excavator-dh500lc-7\/"},"modified":"2025-01-19T14:21:32","modified_gmt":"2025-01-19T14:21:32","slug":"bucket-cylinder-for-doosan-large-excavator-dh500lc-7","status":"publish","type":"product","link":"https:\/\/www.hydraulic-cylinders.net\/ro\/produs\/bucket-cylinder-for-doosan-large-excavator-dh500lc-7\/","title":{"rendered":"Cilindru cup\u0103 pentru excavatorul mare Doosan DH500LC-7"},"content":{"rendered":"<h1>Cilindru cup\u0103 pentru excavatorul mare Doosan DH500LC-7<\/h1>\n<h2>Introducere<\/h2>\n<p>Un cilindru al cupei este un cilindru hidraulic special conceput, utilizat pentru a controla mi\u0219carea cupei \u00een utilaje grele, cum ar fi excavatoarele, \u00eenc\u0103rc\u0103toarele cu buldoexcavatoare \u0219i \u00eenc\u0103rc\u0103toarele frontale. Func\u021bia sa principal\u0103 este de a permite ridicarea, cobor\u00e2rea \u0219i \u00eenclinarea cupei, facilit\u00e2nd gestionarea diverselor sarcini de manipulare a materialelor. \u00cen sistemul hidraulic, cilindrul cupei realizeaz\u0103 un control precis al cupei prin utilizarea schimb\u0103rilor de presiune din uleiul hidraulic, permi\u021b\u00e2nd operatorilor s\u0103 manipuleze eficient sarcini grele \u0219i s\u0103 se adapteze la medii de lucru complexe \u0219i cerin\u021be diverse ale lucr\u0103rilor.<\/p>\n<p><img decoding=\"async\" src=\"https:\/\/www.hydraulic-cylinders.net\/wp-content\/uploads\/2025\/01\/songte-company-2.webp\" alt=\"Imaginea cilindrului cupei\"><\/p>\n<h2>Caracteristici<\/h2>\n<ul>\n<li>Rezisten\u021b\u0103 \u0219i durabilitate ridicate: De obicei, fabricate din o\u021bel sau aluminiu de \u00eenalt\u0103 rezisten\u021b\u0103, capabile s\u0103 reziste la presiuni ridicate \u0219i sarcini grele, potrivite pentru medii de lucru dure, proiectate \u021bin\u00e2nd cont de rezisten\u021ba la uzur\u0103 \u0219i la coroziune pentru a prelungi durata de via\u021b\u0103.<\/li>\n<li>Func\u021bionare hidraulic\u0103 eficient\u0103: Utilizeaz\u0103 presiunea uleiului hidraulic pentru a ob\u021bine mi\u0219c\u0103ri line de extensie \u0219i retragere, capabil s\u0103 r\u0103spund\u0103 rapid la comenzile de control, oferind for\u021be puternice de \u00eempingere \u0219i tragere, potrivite pentru manipularea sarcinilor grele \u0219i a sarcinilor complexe.<\/li>\n<li>Tipuri versatile: Disponibile \u00een cilindri cu ac\u021biune simpl\u0103 (hidraulic\u0103 doar \u00eentr-o singur\u0103 direc\u021bie) sau cu ac\u021biune dubl\u0103 (hidraulic\u0103 \u00een ambele direc\u021bii) pentru a satisface diferite cerin\u021be opera\u021bionale, anumite modele sunt telescopice, permi\u021b\u00e2nd o raz\u0103 de ac\u021biune mai mare f\u0103r\u0103 a cre\u0219te dimensiunile exterioare, potrivite pentru aplica\u021bii cu spa\u021biu limitat.<\/li>\n<li>\u00cenlocuitor perfect: Produsele noastre pot \u00eenlocui perfect ace\u0219ti cilindri hidraulici.<\/li>\n<\/ul>\n<p><img decoding=\"async\" src=\"https:\/\/www.hydraulic-cylinders.net\/wp-content\/uploads\/2025\/01\/songte-cylinder-head-with-all-kinds-excavator-models.webp\" alt=\"Imagine cilindru de schimb\"><\/p>\n<h2>Aplica\u021bii<\/h2>\n<p>Cilindrul cu cup\u0103 \u00ee\u0219i g\u0103se\u0219te aplica\u021bii \u00een diverse echipamente:<\/p>\n<ul>\n<li>Utilaje de construc\u021bii: \u00cen excavatoare, acestea sunt esen\u021biale pentru s\u0103pare, \u00eenc\u0103rcare \u0219i mutarea solului sau a resturilor. \u00cen buldoexcavatoarele, cilindrul cupei ajut\u0103 at\u00e2t la s\u0103pare, c\u00e2t \u0219i la ridicare.<\/li>\n<li>Ma\u0219ini agricole: utilizate \u00een \u00eenc\u0103rc\u0103toare frontale pentru scobere, ridicare \u0219i transportul solului, f\u00e2nului \u0219i altor materiale.<\/li>\n<li>Excavatoare: Cilindrul cupei permite ac\u021biunile de s\u0103pare permi\u021b\u00e2nd cupei s\u0103 p\u0103trund\u0103 \u00een sol.<\/li>\n<li>\u00cenc\u0103rc\u0103toare: \u00cen \u00eenc\u0103rc\u0103toarele frontale, acestea ajut\u0103 la ridicarea \u0219i desc\u0103rcarea eficient\u0103 a m\u0103rfurilor.<\/li>\n<\/ul>\n<h2>Considera\u021bii de proiectare \u0219i criterii de selec\u021bie<\/h2>\n<p>La proiectarea cilindrului cupei, se iau \u00een considerare diver\u0219i factori \u0219i criterii de selec\u021bie:<\/p>\n<ul>\n<li>Capacitate portant\u0103: Proiectarea cilindrului trebuie s\u0103 asigure o rezisten\u021b\u0103 suficient\u0103 pentru a suporta sarcinile \u0219i for\u021bele preconizate.<\/li>\n<li>Capacitate de etan\u0219are: Utiliz\u00e2nd diverse componente de etan\u0219are, cum ar fi etan\u0219\u0103rile pistonului \u0219i ale tijei, fabricate din materiale rezistente la uzur\u0103, precum poliuretanul \u0219i cauciucul nitrilic, cilindrul realizeaz\u0103 o etan\u0219are eficient\u0103 pentru a preveni scurgerile \u0219i a men\u021bine performan\u021ba.<\/li>\n<li>Durabilitate: Corpul cilindrului \u0219i suprafa\u021ba cap\u0103tului filetat sunt supuse unei prelucr\u0103ri fine pentru a spori rezisten\u021ba la uzur\u0103. Acest lucru asigur\u0103 longevitatea \u0219i durabilitatea cilindrului \u00een condi\u021bii dificile.<\/li>\n<li>Siguran\u021b\u0103: Proiectul ar trebui s\u0103 acorde prioritate caracteristicilor de siguran\u021b\u0103 pentru a preveni accidentele \u0219i a asigura protec\u021bia operatorului \u00een timpul func\u021bion\u0103rii.<\/li>\n<li>Mentenabilitate: Considera\u021bii pentru \u00eentre\u021binere \u0219i repara\u021bii u\u0219oare, permi\u021b\u00e2nd o service eficient\u0103 \u0219i minimiz\u00e2nd timpii de nefunc\u021bionare.<\/li>\n<\/ul>\n<p><img decoding=\"async\" src=\"https:\/\/www.hydraulic-cylinders.net\/wp-content\/uploads\/2025\/01\/songte-oil-pipes-and-spare-parts.webp\" alt=\"Imaginea pieselor cilindrului\"><\/p>\n<h2>Etan\u0219are \u0219i lubrifiere<\/h2>\n<p>Cilindrul cupei utilizeaz\u0103 diverse componente de etan\u0219are, cum ar fi etan\u0219\u0103rile pistonului \u0219i etan\u0219\u0103rile tijei, fabricate din materiale rezistente la uzur\u0103, precum poliuretanul \u0219i cauciucul nitrilic. Corpul cilindrului \u0219i suprafa\u021ba filetat\u0103 a cap\u0103tului sunt supuse unor prelucr\u0103ri fine pentru a spori rezisten\u021ba la uzur\u0103. Lubrifierea regulat\u0103 cu ulei hidraulic adecvat este necesar\u0103 pentru a men\u021bine o func\u021bionare lin\u0103 \u0219i a lubrifia piesele mobile.<\/p>\n<h2>Inspec\u021bie regulat\u0103 \u0219i \u00eentre\u021binere preventiv\u0103<\/h2>\n<p>Pentru a asigura performan\u021be optime \u0219i longevitate, trebuie luate m\u0103suri regulate de inspec\u021bie \u0219i \u00eentre\u021binere preventiv\u0103:<\/p>\n<ul>\n<li>Verifica\u021bi cilindrul pentru a depista orice semne de uzur\u0103, deteriorare sau scurgeri.<\/li>\n<li>Lubrifia\u021bi corespunz\u0103tor cilindrul pentru a asigura o func\u021bionare f\u0103r\u0103 probleme.<\/li>\n<li>\u00cenlocui\u021bi periodic garniturile uzate sau deteriorate pentru a men\u021bine eficien\u021ba etan\u0219\u0103rii.<\/li>\n<li>Efectua\u021bi verific\u0103ri de calibrare pentru a v\u0103 asigura c\u0103 cilindrul func\u021bioneaz\u0103 \u00een parametrii specifica\u021bi.<\/li>\n<\/ul>\n<p><img decoding=\"async\" src=\"https:\/\/www.hydraulic-cylinders.net\/wp-content\/uploads\/2025\/01\/songte-chushion-collar.webp\" alt=\"Imagine de \u00eentre\u021binere\"><\/p>\n<h2>Considera\u021bii de siguran\u021b\u0103 \u0219i factori de mediu<\/h2>\n<p>Atunci c\u00e2nd se utilizeaz\u0103 cilindri pentru cupe, este esen\u021bial s\u0103 se acorde prioritate m\u0103surilor de siguran\u021b\u0103 pentru a preveni accidentele \u0219i a asigura protec\u021bia operatorilor. \u00cen plus, trebuie lua\u021bi \u00een considerare factorii de mediu pentru a minimiza impactul asupra mediului \u00eenconjur\u0103tor \u0219i pentru a respecta reglement\u0103rile de mediu.<\/p>\n<h2>Depanare \u0219i probleme frecvente<\/h2>\n<p>\u00cen cazul oric\u0103ror probleme, este esen\u021bial s\u0103 se diagnosticheze \u0219i s\u0103 se rezolve eficient problemele. Iat\u0103 c\u00e2teva sfaturi \u0219i solu\u021bii de depanare:<\/p>\n<ul>\n<li>Problem\u0103: Cilindrul nu se extinde sau nu se retrage corect.<br \/>\n    <br \/>Solu\u021bie: Verifica\u021bi nivelul \u0219i presiunea uleiului hidraulic, inspecta\u021bi garniturile pentru a depista eventualele deterior\u0103ri \u0219i asigura\u021bi o lubrifiere corespunz\u0103toare.<\/li>\n<li>Problem\u0103: Scurgeri din cilindru.<br \/>\n    <br \/>Solu\u021bie: Inspecta\u021bi \u0219i \u00eenlocui\u021bi garniturile deteriorate, str\u00e2nge\u021bi conexiunile \u0219i asigura\u021bi o etan\u0219are corespunz\u0103toare.<\/li>\n<li>Problem\u0103: Mi\u0219care neregulat\u0103 sau sacadat\u0103 a cilindrului.<br \/>\n    <br \/>Solu\u021bie: Verifica\u021bi dac\u0103 exist\u0103 contaminare cu fluid hidraulic, inspecta\u021bi componentele deteriorate \u0219i asigura\u021bi o lubrifiere corespunz\u0103toare.<\/li>\n<\/ul>\n<p><img decoding=\"async\" src=\"https:\/\/www.hydraulic-cylinders.net\/wp-content\/uploads\/2025\/01\/songte-bushings-with-all-kinds-of-excavator-models.webp\" alt=\"Depanarea erorilor de imagine\"><\/p>\n<p>Nu uita s\u0103 organizezi articolul logic, s\u0103 folose\u0219ti subtitluri pentru o navigare u\u0219oar\u0103, s\u0103 incluzi imagini sau grafice relevante pentru o \u00een\u021belegere mai bun\u0103 \u0219i s\u0103 te asiguri c\u0103 respectivul con\u021binut este clar, concis \u0219i potrivit pentru cititorii cu diferite niveluri de cuno\u0219tin\u021be tehnice.<\/p>\n<h2>Despre compania noastr\u0103<\/h2>\n<p>Suntem produc\u0103tori de cilindri hidraulici de schimb, oferind o gam\u0103 larg\u0103 de produse. Fiind unul dintre principalii produc\u0103tori \u0219i distribuitori angro de cilindri hidraulici pe pie\u021bele interne \u0219i interna\u021bionale, ader\u0103m la principiile excelen\u021bei \u0219i ne baz\u0103m pe strategii industrializate de management al produc\u021biei \u00een atelierele noastre de fabrica\u021bie rafinate. Concentr\u00e2ndu-ne pe talentele tehnologice, echipamentele digitale de fabrica\u021bie de ultim\u0103 genera\u021bie \u0219i sistemele profesionale de testare, ne \u00eembun\u0103t\u0103\u021bim continuu platforma de fabrica\u021bie, perfec\u021bion\u0103m procesul de produc\u021bie al calit\u0103\u021bii produselor \u0219i de\u021binem capacit\u0103\u021bi inovatoare puternice. Ne propunem s\u0103 satisfacem diversele nevoi ale clien\u021bilor cu eficien\u021b\u0103, precizie \u0219i calitate ridicate.<\/p>\n<p><img decoding=\"async\" src=\"https:\/\/www.hydraulic-cylinders.net\/wp-content\/uploads\/2025\/01\/songte-company-3.webp\" alt=\"Imaginea companiei\"><\/p>\n<p>\u00cen plus, ne m\u00e2ndrim cu:<\/p>\n<ul>\n<li>Profesionalism<\/li>\n<li>Certific\u0103ri interna\u021bionale<\/li>\n<li>Servicii de personalizare<\/li>\n<li>Echipamente avansate de produc\u021bie<\/li>\n<li>Serviciu post-v\u00e2nzare<\/li>\n<\/ul>\n<p>Autor: lyl<\/p>","protected":false},"excerpt":{"rendered":"<p>Bucket Cylinder For Doosan Large Excavator DH500LC-7 Introduction A bucket cylinder is a specially designed hydraulic cylinder used to control the movement of the bucket in heavy machinery, such as excavators, backhoe loaders, and front loaders. Its main function is to enable the lifting, lowering, and tilting of the bucket, making it easier to handle [&hellip;]<\/p>","protected":false},"featured_media":14784,"comment_status":"open","ping_status":"closed","template":"","meta":{"_et_pb_use_builder":"","_et_pb_old_content":"","_et_gb_content_width":""},"product_brand":[],"product_cat":[1494],"product_tag":[1495,1496],"class_list":{"0":"post-15301","1":"product","2":"type-product","3":"status-publish","4":"has-post-thumbnail","6":"product_cat-bucket-cylinders","7":"product_tag-bucket-cylinders","8":"product_tag-hydraulic-cylinders","10":"first","11":"instock","12":"shipping-taxable","13":"product-type-simple"},"amp_enabled":true,"_links":{"self":[{"href":"https:\/\/www.hydraulic-cylinders.net\/ro\/wp-json\/wp\/v2\/product\/15301","targetHints":{"allow":["GET"]}}],"collection":[{"href":"https:\/\/www.hydraulic-cylinders.net\/ro\/wp-json\/wp\/v2\/product"}],"about":[{"href":"https:\/\/www.hydraulic-cylinders.net\/ro\/wp-json\/wp\/v2\/types\/product"}],"replies":[{"embeddable":true,"href":"https:\/\/www.hydraulic-cylinders.net\/ro\/wp-json\/wp\/v2\/comments?post=15301"}],"wp:featuredmedia":[{"embeddable":true,"href":"https:\/\/www.hydraulic-cylinders.net\/ro\/wp-json\/wp\/v2\/media\/14784"}],"wp:attachment":[{"href":"https:\/\/www.hydraulic-cylinders.net\/ro\/wp-json\/wp\/v2\/media?parent=15301"}],"wp:term":[{"taxonomy":"product_brand","embeddable":true,"href":"https:\/\/www.hydraulic-cylinders.net\/ro\/wp-json\/wp\/v2\/product_brand?post=15301"},{"taxonomy":"product_cat","embeddable":true,"href":"https:\/\/www.hydraulic-cylinders.net\/ro\/wp-json\/wp\/v2\/product_cat?post=15301"},{"taxonomy":"product_tag","embeddable":true,"href":"https:\/\/www.hydraulic-cylinders.net\/ro\/wp-json\/wp\/v2\/product_tag?post=15301"}],"curies":[{"name":"wp","href":"https:\/\/api.w.org\/{rel}","templated":true}]}}