{"id":15302,"date":"2025-01-19T14:21:34","date_gmt":"2025-01-19T14:21:34","guid":{"rendered":"https:\/\/www.hydraulic-cylinders.net\/product\/bucket-cylinder-for-doosan-large-excavator-dx500lc-g\/"},"modified":"2025-01-19T14:21:36","modified_gmt":"2025-01-19T14:21:36","slug":"bucket-cylinder-for-doosan-large-excavator-dx500lc-g","status":"publish","type":"product","link":"https:\/\/www.hydraulic-cylinders.net\/ro\/produs\/bucket-cylinder-for-doosan-large-excavator-dx500lc-g\/","title":{"rendered":"Cilindru cup\u0103 pentru excavatorul mare Doosan DX500LC-G"},"content":{"rendered":"<h1>Cilindru cup\u0103 pentru excavatorul mare Doosan DX500LC-G<\/h1>\n<h2>Introducere<\/h2>\n<p>Cilindrul cupei pentru excavatorul mare Doosan DX500LC-G este un cilindru hidraulic special conceput care controleaz\u0103 mi\u0219carea cupei \u00een utilaje grele, cum ar fi excavatoarele, \u00eenc\u0103rc\u0103toarele cu buldoexcavatoare \u0219i \u00eenc\u0103rc\u0103toarele frontale. Func\u021bia sa principal\u0103 este de a ridica, cobor\u00ee \u0219i \u00eenclina cupa, facilit\u00e2nd efectuarea diverselor sarcini de manipulare a materialelor. \u00cen sistemul hidraulic, cilindrul cupei utilizeaz\u0103 schimbarea presiunii uleiului hidraulic pentru a controla cu precizie cupa, permi\u021b\u00e2nd operatorilor s\u0103 manipuleze eficient sarcini grele \u0219i s\u0103 se adapteze la medii de lucru complexe \u0219i nevoi opera\u021bionale diverse.<\/p>\n<p><img decoding=\"async\" src=\"https:\/\/www.hydraulic-cylinders.net\/wp-content\/uploads\/2025\/01\/songte-company-2.webp\" alt=\"Cilindru cup\u0103 pentru excavatorul mare Doosan DX500LC-G\"><\/p>\n<h2>Caracteristici<\/h2>\n<ul>\n<li>Rezisten\u021b\u0103 \u0219i durabilitate ridicate: Fabricate de obicei din o\u021bel sau aluminiu de \u00eenalt\u0103 rezisten\u021b\u0103, pot rezista la presiuni ridicate \u0219i sarcini grele, se adapteaz\u0103 la medii de lucru dure \u0219i sunt proiectate av\u00e2nd \u00een vedere rezisten\u021ba la uzur\u0103 \u0219i la coroziune pentru a prelungi durata de via\u021b\u0103.<\/li>\n<li>Func\u021bionare hidraulic\u0103 eficient\u0103: Ac\u021biunile line de expansiune \u0219i contrac\u021bie sunt ob\u021binute folosind presiunea uleiului hidraulic, care poate r\u0103spunde rapid la comenzile de control, ofer\u0103 o for\u021b\u0103 puternic\u0103 de \u00eempingere \u0219i tragere \u0219i este potrivit\u0103 pentru manipularea sarcinilor grele \u0219i a sarcinilor opera\u021bionale complexe.<\/li>\n<li>Diverse tipuri: Cilindrii cu ac\u021biune simpl\u0103 (sistem hidraulic utilizat \u00eentr-o singur\u0103 direc\u021bie) sau cu ac\u021biune dubl\u0103 (sistem hidraulic utilizat \u00een ambele direc\u021bii) pot fi selecta\u021bi \u00een func\u021bie de cerin\u021be pentru a satisface diferite nevoi de operare. Unele modele sunt telescopice, permi\u021b\u00e2nd o extensie mai mare f\u0103r\u0103 a cre\u0219te dimensiunile exterioare, fiind potrivi\u021bi pentru aplica\u021bii cu spa\u021biu limitat.<\/li>\n<li>Interschimbabil cu al\u021bi cilindri hidraulici: Produsul nostru este un \u00eenlocuitor perfect pentru al\u021bi cilindri hidraulici de acela\u0219i tip \u0219i cu acelea\u0219i specifica\u021bii.<\/li>\n<li>Personalizare: Oferim diverse op\u021biuni de personalizare pentru diferite medii de operare \u0219i cerin\u021be.<\/li>\n<\/ul>\n<p><img decoding=\"async\" src=\"https:\/\/www.hydraulic-cylinders.net\/wp-content\/uploads\/2025\/01\/songte-cylinder-head-with-all-kinds-excavator-models.webp\" alt=\"Cilindru cup\u0103 pentru excavatorul mare Doosan DX500LC-G\"><\/p>\n<h2>Aplica\u021bii<\/h2>\n<p>Cilindrul cupei pentru excavatorul mare Doosan DX500LC-G este utilizat pe scar\u0103 larg\u0103 \u00een diverse utilaje grele, cum ar fi:<\/p>\n<ul>\n<li>Echipamente de construc\u021bii: \u00cen cazul excavatoarelor, acestea sunt esen\u021biale pentru s\u0103parea, \u00eenc\u0103rcarea \u0219i mutarea solului sau a resturilor. \u00cen cazul \u00eenc\u0103rc\u0103toarelor excavatoare, cilindrul cupei ajut\u0103 la excavare \u0219i ridicare.<\/li>\n<li>Ma\u0219ini agricole: utilizate \u00een \u00eenc\u0103rc\u0103toarele frontale pentru scobere, ridicare \u0219i transportul solului, f\u00e2nului \u0219i altor materiale.<\/li>\n<li>Excavatoare: Cilindrul cupei permite cupei s\u0103 p\u0103trund\u0103 \u00een sol \u0219i s\u0103 efectueze ac\u021biuni de s\u0103pare.<\/li>\n<li>\u00cenc\u0103rc\u0103toare: \u00cen \u00eenc\u0103rc\u0103toarele frontale, acestea ajut\u0103 la ridicarea \u0219i \u00eenclinarea eficient\u0103 a m\u0103rfurilor.<\/li>\n<\/ul>\n<h2>Considera\u021bii de proiectare \u0219i criterii de selec\u021bie<\/h2>\n<p>La proiectarea cilindrului cupei pentru excavatorul mare Doosan DX500LC-G, sunt lua\u021bi \u00een considerare mai mul\u021bi factori cheie, cum ar fi:<\/p>\n<ul>\n<li>Capacitate portant\u0103: Cilindrul este proiectat s\u0103 reziste la presiuni ridicate \u0219i sarcini grele.<\/li>\n<li>Etan\u0219are: Diverse componente de etan\u0219are, cum ar fi etan\u0219\u0103rile pistonului \u0219i etan\u0219\u0103rile tijei, sunt utilizate pentru a preveni scurgerile de fluid hidraulic.<\/li>\n<li>Durabilitate: Cilindrul este proiectat av\u00e2nd \u00een vedere rezisten\u021ba la uzur\u0103 \u0219i coroziune pentru a prelungi durata de via\u021b\u0103. Corpul cilindrului \u0219i suprafa\u021ba cap\u0103tului filetat sunt prelucrate fin pentru a \u00eembun\u0103t\u0103\u021bi rezisten\u021ba la uzur\u0103.<\/li>\n<li>Siguran\u021b\u0103: Cilindrul este proiectat cu factori de siguran\u021b\u0103 pentru a asigura o func\u021bionare \u00een siguran\u021b\u0103.<\/li>\n<li>\u00centre\u021binere: Cilindrul este proiectat pentru a permite repararea \u0219i \u00eentre\u021binerea u\u0219oar\u0103.<\/li>\n<\/ul>\n<p><img decoding=\"async\" src=\"https:\/\/www.hydraulic-cylinders.net\/wp-content\/uploads\/2025\/01\/songte-oil-pipes-and-spare-parts.webp\" alt=\"Cilindru cup\u0103 pentru excavatorul mare Doosan DX500LC-G\"><\/p>\n<h2>Etan\u0219are \u0219i lubrifiere<\/h2>\n<p>Cilindrul cupei pentru excavatorul Doosan de mare tonaj DX500LC-G utilizeaz\u0103 diverse componente de etan\u0219are, cum ar fi etan\u0219\u0103rile pistonului \u0219i etan\u0219\u0103rile tijei, pentru a preveni scurgerile de fluid hidraulic. Componentele de etan\u0219are sunt fabricate din materiale rezistente la uzur\u0103, cum ar fi poliuretanul \u0219i cauciucul nitrilic. Corpul cilindrului \u0219i suprafa\u021ba filetat\u0103 a cap\u0103tului sunt prelucrate fin pentru a \u00eembun\u0103t\u0103\u021bi rezisten\u021ba la uzur\u0103. Lubrifierea regulat\u0103 cu o cantitate adecvat\u0103 de ulei hidraulic este necesar\u0103 pentru a asigura o func\u021bionare lin\u0103 \u0219i a preveni ruginirea \u0219i uzura.<\/p>\n<h2>\u00centre\u021binere \u0219i repara\u021bii<\/h2>\n<p>Inspec\u021bia regulat\u0103 \u0219i \u00eentre\u021binerea preventiv\u0103 sunt necesare pentru a asigura performan\u021ba optim\u0103 \u0219i durata de via\u021b\u0103 a cilindrului cupei pentru excavatorul mare Doosan DX500LC-G. Sarcinile comune de \u00eentre\u021binere includ:<\/p>\n<ul>\n<li>Inspec\u021bia regulat\u0103 a corpului cilindrului \u0219i a componentelor de etan\u0219are<\/li>\n<li>Lubrifierea regulat\u0103 a cilindrului<\/li>\n<li>\u00cenlocuirea componentelor de etan\u0219are<\/li>\n<li>Verific\u0103ri de calibrare<\/li>\n<\/ul>\n<p><img decoding=\"async\" src=\"https:\/\/www.hydraulic-cylinders.net\/wp-content\/uploads\/2025\/01\/songte-chushion-collar.webp\" alt=\"Cilindru cup\u0103 pentru excavatorul mare Doosan DX500LC-G\"><\/p>\n<h2>Considera\u021bii de siguran\u021b\u0103 \u0219i factori de mediu<\/h2>\n<p>C\u00e2nd utiliza\u021bi cilindrul cupei pentru excavatorul Doosan mare DX500LC-G, este important s\u0103 urma\u021bi procedurile de siguran\u021b\u0103 adecvate pentru a preveni r\u0103nirea sau deteriorarea echipamentului. Factorii de mediu, cum ar fi temperatura \u0219i umiditatea, trebuie, de asemenea, lua\u021bi \u00een considerare pentru a asigura performan\u021be optime \u0219i a preveni deteriorarea cilindrului.<\/p>\n<h2>Depanare \u0219i probleme frecvente<\/h2>\n<p>C\u00e2teva probleme frecvente care pot ap\u0103rea cu cilindrul cupei pentru excavatorul Doosan de mare putere DX500LC-G includ scurgeri de fluid hidraulic, for\u021b\u0103 de ridicare insuficient\u0103 \u0219i timp de r\u0103spuns lent. Depanarea adecvat\u0103 \u0219i m\u0103surile preventive pot ajuta la identificarea \u0219i prevenirea acestor probleme.<\/p>\n<h2>Despre compania noastr\u0103<\/h2>\n<p>Suntem un produc\u0103tor \u0219i distribuitor angro de top de cilindri hidraulici, oferind o gam\u0103 larg\u0103 de produse pentru diverse industrii. Ne str\u0103duim s\u0103 atingem excelen\u021ba \u00een calitate \u0219i ne baz\u0103m pe strategii industrializate de management al produc\u021biei \u00een atelierul nostru de fabrica\u021bie rafinat. \u00cembun\u0103t\u0103\u021bim continuu platforma noastr\u0103 de fabrica\u021bie \u0219i perfec\u021bion\u0103m linia de produc\u021bie a calit\u0103\u021bii produselor prin utilizarea unor tehnicieni talenta\u021bi, a unor echipamente digitale de fabrica\u021bie de ultim\u0103 genera\u021bie \u0219i a unor sisteme de testare profesionale. Angajamentul nostru fa\u021b\u0103 de eficien\u021b\u0103 ridicat\u0103, precizie ridicat\u0103 \u0219i calitate \u00eenalt\u0103 ne permite s\u0103 satisfacem nevoile diverse ale clien\u021bilor no\u0219tri.<\/p>\n<p><img decoding=\"async\" src=\"https:\/\/hzpt.com\/wp-content\/uploads\/2024\/11\/songte-company-1.webp\" alt=\"Cilindru cup\u0103 pentru excavatorul mare Doosan DX500LC-G\"><\/p>\n<h3>Profesionalism<\/h3>\n<p>Avem o echip\u0103 de profesioni\u0219ti cu experien\u021b\u0103, dedica\u021bi furniz\u0103rii celor mai bune produse \u0219i servicii clien\u021bilor no\u0219tri.<\/p>\n<h3>Certific\u0103ri interna\u021bionale<\/h3>\n<p>Produsele noastre au fost certificate de organiza\u021bii interna\u021bionale pentru calitate \u0219i siguran\u021b\u0103.<\/p>\n<h3>Servicii de personalizare<\/h3>\n<p>Oferim diverse op\u021biuni de personalizare pentru a satisface nevoile unice ale clien\u021bilor no\u0219tri.<\/p>\n<h3>Echipamente de produc\u021bie<\/h3>\n<p>Folosim echipamente de fabrica\u021bie avansate pentru a asigura calitatea \u00eenalt\u0103 a produselor noastre.<\/p>\n<h3>Serviciu post-v\u00e2nzare<\/h3>\n<p>Oferim servicii complete post-v\u00e2nzare pentru a asigura satisfac\u021bia clien\u021bilor.<\/p>\n<h4>Autor: lyl<\/h4>","protected":false},"excerpt":{"rendered":"<p>Bucket Cylinder For Doosan Large Excavator DX500LC-G Introduction The bucket cylinder for Doosan large excavator DX500LC-G is a specially designed hydraulic cylinder that controls the movement of the bucket in heavy machinery such as excavators, backhoe loaders, and front-end loaders. Its main function is to lift, lower, and tilt the bucket, making it easier to [&hellip;]<\/p>","protected":false},"featured_media":14782,"comment_status":"open","ping_status":"closed","template":"","meta":{"_et_pb_use_builder":"","_et_pb_old_content":"","_et_gb_content_width":""},"product_brand":[],"product_cat":[1494],"product_tag":[1495,1496],"class_list":{"0":"post-15302","1":"product","2":"type-product","3":"status-publish","4":"has-post-thumbnail","6":"product_cat-bucket-cylinders","7":"product_tag-bucket-cylinders","8":"product_tag-hydraulic-cylinders","10":"first","11":"instock","12":"shipping-taxable","13":"product-type-simple"},"amp_enabled":true,"_links":{"self":[{"href":"https:\/\/www.hydraulic-cylinders.net\/ro\/wp-json\/wp\/v2\/product\/15302","targetHints":{"allow":["GET"]}}],"collection":[{"href":"https:\/\/www.hydraulic-cylinders.net\/ro\/wp-json\/wp\/v2\/product"}],"about":[{"href":"https:\/\/www.hydraulic-cylinders.net\/ro\/wp-json\/wp\/v2\/types\/product"}],"replies":[{"embeddable":true,"href":"https:\/\/www.hydraulic-cylinders.net\/ro\/wp-json\/wp\/v2\/comments?post=15302"}],"wp:featuredmedia":[{"embeddable":true,"href":"https:\/\/www.hydraulic-cylinders.net\/ro\/wp-json\/wp\/v2\/media\/14782"}],"wp:attachment":[{"href":"https:\/\/www.hydraulic-cylinders.net\/ro\/wp-json\/wp\/v2\/media?parent=15302"}],"wp:term":[{"taxonomy":"product_brand","embeddable":true,"href":"https:\/\/www.hydraulic-cylinders.net\/ro\/wp-json\/wp\/v2\/product_brand?post=15302"},{"taxonomy":"product_cat","embeddable":true,"href":"https:\/\/www.hydraulic-cylinders.net\/ro\/wp-json\/wp\/v2\/product_cat?post=15302"},{"taxonomy":"product_tag","embeddable":true,"href":"https:\/\/www.hydraulic-cylinders.net\/ro\/wp-json\/wp\/v2\/product_tag?post=15302"}],"curies":[{"name":"wp","href":"https:\/\/api.w.org\/{rel}","templated":true}]}}