{"id":15303,"date":"2025-01-19T14:21:38","date_gmt":"2025-01-19T14:21:38","guid":{"rendered":"https:\/\/www.hydraulic-cylinders.net\/product\/bucket-cylinder-for-doosan-wheel-excavator-dh150w-7\/"},"modified":"2025-01-19T14:21:40","modified_gmt":"2025-01-19T14:21:40","slug":"bucket-cylinder-for-doosan-wheel-excavator-dh150w-7","status":"publish","type":"product","link":"https:\/\/www.hydraulic-cylinders.net\/ro\/produs\/bucket-cylinder-for-doosan-wheel-excavator-dh150w-7\/","title":{"rendered":"Cilindru cu cup\u0103 pentru excavatorul cu ro\u021bi Doosan DH150W-7"},"content":{"rendered":"<h1>Cilindru cu cup\u0103 pentru excavatorul cu ro\u021bi Doosan DH150W-7<\/h1>\n<h2>Introducere<\/h2>\n<p>Cilindrul cupei pentru excavatorul pe ro\u021bi Doosan DH150W-7 este un cilindru hidraulic special conceput, utilizat pentru a controla mi\u0219carea cupei \u00een utilaje grele, cum ar fi excavatoarele, \u00eenc\u0103rc\u0103toarele excavatoare \u0219i \u00eenc\u0103rc\u0103toarele frontale. Func\u021bia sa principal\u0103 este de a permite ridicarea, cobor\u00e2rea \u0219i \u00eenclinarea cupei, ceea ce o face convenabil\u0103 pentru diverse sarcini de manipulare a materialelor. \u00cen sistemul hidraulic, cilindrul cupei controleaz\u0103 cupa cu precizie, utiliz\u00e2nd schimb\u0103rile de presiune ale uleiului hidraulic, permi\u021b\u00e2nd operatorilor s\u0103 manipuleze eficient sarcini grele \u0219i s\u0103 se adapteze la medii de lucru complexe \u0219i cerin\u021be diverse ale lucr\u0103rilor.<\/p>\n<p><img decoding=\"async\" src=\"https:\/\/www.hydraulic-cylinders.net\/wp-content\/uploads\/2025\/01\/songte-company-2.webp\"><\/p>\n<h2>Caracteristici<\/h2>\n<ul>\n<li><strong>Rezisten\u021b\u0103 \u0219i durabilitate ridicate:<\/strong> De obicei fabricat din o\u021bel sau aluminiu de \u00eenalt\u0103 rezisten\u021b\u0103, cilindrul cupei poate rezista la presiuni ridicate \u0219i sarcini grele, permi\u021b\u00e2ndu-i s\u0103 se adapteze la medii de lucru dure. Designul s\u0103u ia \u00een considerare rezisten\u021ba la uzur\u0103 \u0219i rezisten\u021ba la coroziune, prelungindu-i astfel durata de via\u021b\u0103.<\/li>\n<li><strong>Func\u021bionare hidraulic\u0103 eficient\u0103:<\/strong> Cilindrul cupei utilizeaz\u0103 presiunea uleiului hidraulic pentru a realiza ac\u021biuni line de extensie \u0219i retragere. Poate r\u0103spunde rapid la comenzile de control \u0219i poate oferi for\u021be puternice de \u00eempingere \u0219i tragere, fiind potrivit pentru manipularea sarcinilor grele \u0219i a sarcinilor complexe.<\/li>\n<li><strong>Diverse tipuri:<\/strong> Cilindrul cupei poate fi ales ca fiind cu ac\u021biune simpl\u0103 (hidraulic utilizat \u00eentr-o singur\u0103 direc\u021bie) sau cu ac\u021biune dubl\u0103 (hidraulic utilizat \u00een ambele direc\u021bii) \u00een func\u021bie de cerin\u021be. Unele modele sunt telescopice, permi\u021b\u00e2nd o extensie mai mare f\u0103r\u0103 a cre\u0219te dimensiunile exterioare, fiind potrivite pentru aplica\u021bii cu spa\u021biu limitat.<\/li>\n<li><strong>\u00cenlocuitor perfect:<\/strong> Produsele noastre pot \u00eenlocui perfect ace\u0219ti cilindri hidraulici, oferind compatibilitate \u0219i performan\u021b\u0103 excelente.<\/li>\n<\/ul>\n<p><img decoding=\"async\" src=\"https:\/\/www.hydraulic-cylinders.net\/wp-content\/uploads\/2025\/01\/songte-cylinder-head-with-all-kinds-excavator-models.webp\"><\/p>\n<h2>Aplica\u021bii<\/h2>\n<p>Cilindrul cupei pentru excavatorul pe ro\u021bi Doosan DH150W-7 este utilizat pe scar\u0103 larg\u0103 \u00een diverse industrii \u0219i echipamente, inclusiv:<\/p>\n<ol>\n<li>Echipamente de construc\u021bii: \u00cen excavatoare, acestea sunt esen\u021biale pentru excavare, \u00eenc\u0103rcare \u0219i mi\u0219carea materialelor. \u00cen buldoexcavatoarele, cilindrul cupei ajut\u0103 at\u00e2t la s\u0103pare, c\u00e2t \u0219i la ridicare.<\/li>\n<li>Ma\u0219ini agricole: utilizate \u00een \u00eenc\u0103rc\u0103toare frontale pentru scobere, ridicare \u0219i transportul solului, f\u00e2nului \u0219i altor materiale.<\/li>\n<li>Excavatoare: Cilindrul cupei permite ac\u021biunile de s\u0103pare permi\u021b\u00e2nd cupei s\u0103 p\u0103trund\u0103 \u00een sol.<\/li>\n<li>\u00cenc\u0103rc\u0103toare frontale: \u00cenc\u0103rc\u0103toare frontale, acestea ajut\u0103 la ridicarea \u0219i desc\u0103rcarea eficient\u0103 a m\u0103rfurilor.<\/li>\n<\/ol>\n<h2>Considera\u021bii de proiectare \u0219i criterii de selec\u021bie<\/h2>\n<ul>\n<li><strong>Capacitate portant\u0103:<\/strong> Cilindrul cupei este proiectat s\u0103 reziste la sarcina necesar\u0103 \u0219i s\u0103 men\u021bin\u0103 stabilitatea \u00een timpul func\u021bion\u0103rii.<\/li>\n<li><strong>Etan\u0219are:<\/strong> Diverse elemente de etan\u0219are, cum ar fi etan\u0219\u0103rile pistonului \u0219i etan\u0219\u0103rile tijei, sunt utilizate pentru a asigura o etan\u0219are eficient\u0103 \u0219i a preveni scurgerile de ulei.<\/li>\n<li><strong>Durabilitate:<\/strong> Cilindrul este construit pentru a rezista rigorilor aplica\u021biilor grele \u0219i la uzur\u0103 \u0219i coroziune.<\/li>\n<li><strong>Siguran\u0163\u0103:<\/strong> \u00cen proiectare sunt \u00eencorporate elemente de siguran\u021b\u0103 pentru a preveni accidentele \u0219i a asigura protec\u021bia operatorului.<\/li>\n<li><strong>Mentenabilitate:<\/strong> Se acord\u0103 aten\u021bie u\u0219urin\u021bei \u00eentre\u021binerii, inclusiv accesibilit\u0103\u021bii pentru inspec\u021bie, reparare \u0219i \u00eenlocuire a componentelor.<\/li>\n<\/ul>\n<p><img decoding=\"async\" src=\"https:\/\/www.hydraulic-cylinders.net\/wp-content\/uploads\/2025\/01\/songte-oil-pipes-and-spare-parts.webp\"><\/p>\n<h2>Etan\u0219are \u0219i lubrifiere<\/h2>\n<p>Cilindrul cupei utilizeaz\u0103 diverse garnituri, cum ar fi garniturile pistonului \u0219i garniturile tijei, care sunt fabricate din materiale rezistente la uzur\u0103, cum ar fi poliuretanul \u0219i cauciucul nitrilic. Corpul cilindrului \u0219i suprafe\u021bele filetate ale cap\u0103tului sunt tratate fin pentru a spori rezisten\u021ba la uzur\u0103. Lubrifierea regulat\u0103 cu o cantitate adecvat\u0103 de ulei hidraulic este necesar\u0103 pentru a asigura o func\u021bionare f\u0103r\u0103 probleme.<\/p>\n<h2>Inspec\u021bie regulat\u0103 \u0219i \u00eentre\u021binere preventiv\u0103<\/h2>\n<p>Pentru a asigura o performan\u021b\u0103 optim\u0103 \u0219i a prelungi durata de via\u021b\u0103 a cilindrului cupei, inspec\u021biile regulate \u0219i \u00eentre\u021binerea preventiv\u0103 sunt esen\u021biale. Trebuie luate urm\u0103toarele m\u0103suri:<\/p>\n<ul>\n<li>Verifica\u021bi cilindrul pentru a depista orice semne de deteriorare sau uzur\u0103.<\/li>\n<li>Lubrifia\u021bi corespunz\u0103tor toate piesele mobile \u0219i asigura\u021bi-v\u0103 c\u0103 garniturile sunt \u00een stare bun\u0103.<\/li>\n<li>\u00cenlocui\u021bi garniturile atunci c\u00e2nd este necesar pentru a men\u021bine o etan\u0219are eficient\u0103.<\/li>\n<li>Efectua\u021bi verific\u0103ri de calibrare pentru a asigura o func\u021bionare precis\u0103.<\/li>\n<\/ul>\n<p><img decoding=\"async\" src=\"https:\/\/www.hydraulic-cylinders.net\/wp-content\/uploads\/2025\/01\/songte-chushion-collar.webp\"><\/p>\n<h2>Considera\u021bii de siguran\u021b\u0103 \u0219i factori de mediu<\/h2>\n<p>La operarea cilindrului cupei, este esen\u021bial s\u0103 respecta\u021bi m\u0103surile de siguran\u021b\u0103 pentru a preveni accidentele \u0219i a asigura bun\u0103starea operatorului \u0219i a mediului \u00eenconjur\u0103tor. M\u0103surile de siguran\u021b\u0103 ar trebui s\u0103 includ\u0103 instruirea adecvat\u0103, respectarea instruc\u021biunilor de operare \u0219i utilizarea echipamentului de protec\u021bie adecvat.<\/p>\n<h2>Diagnosticarea defec\u021biunilor \u0219i probleme frecvente<\/h2>\n<p>\u00cen cazul unei defec\u021biuni, este important s\u0103 diagnostica\u021bi \u0219i s\u0103 remedia\u021bi problema prompt. Problemele frecvente pot include scurgeri de ulei, performan\u021b\u0103 redus\u0103 sau zgomote anormale. Urm\u0103toarele sfaturi \u0219i solu\u021bii pot ajuta la diagnosticarea \u0219i rezolvarea eficient\u0103 a problemelor:<\/p>\n<ul>\n<li>Verifica\u021bi dac\u0103 exist\u0103 scurgeri vizibile de ulei \u0219i repara\u021bi sau \u00eenlocui\u021bi garniturile afectate.<\/li>\n<li>Verifica\u021bi presiunea din sistemul hidraulic \u0219i asigura\u021bi-v\u0103 c\u0103 aceasta \u00eendepline\u0219te cerin\u021bele specificate.<\/li>\n<li>Verifica\u021bi toate conexiunile \u0219i fitingurile pentru etan\u0219eitate \u0219i eventuale scurgeri.<\/li>\n<li>Consulta\u021bi instruc\u021biunile produc\u0103torului pentru depanare \u0219i urma\u021bi solu\u021biile recomandate.<\/li>\n<\/ul>\n<p><img decoding=\"async\" src=\"https:\/\/www.hydraulic-cylinders.net\/wp-content\/uploads\/2025\/01\/songte-bushings-with-all-kinds-of-excavator-models.webp\"><\/p>\n<h2>Sarcini de \u00eentre\u021binere<\/h2>\n<p>Sarcinile comune de \u00eentre\u021binere pentru cilindrul cupei includ inspec\u021bii regulate, lubrifiere corespunz\u0103toare, \u00eenlocuirea garniturilor \u0219i verific\u0103ri ale calibr\u0103rii. Este esen\u021bial s\u0103 se sublinieze importan\u021ba instal\u0103rii, lubrifierii \u0219i ajust\u0103rii corecte. \u00cen timpul procesului de instalare trebuie furnizate \u00eendrum\u0103ri corecte pentru aliniere \u0219i se recomand\u0103 utilizarea unor console de montare adecvate pentru fixarea cilindrului. Trebuie furnizate proceduri recomandate pentru inspec\u021bie, reparare \u0219i \u00eenlocuire a componentelor, \u00eempreun\u0103 cu sfaturi pentru prelungirea duratei de via\u021b\u0103 a cilindrului cupei.<\/p>\n<h2>Compania noastr\u0103<\/h2>\n<p>Suntem un produc\u0103tor \u0219i distribuitor angro de top de cilindri hidraulici, deservind at\u00e2t pie\u021bele interne, c\u00e2t \u0219i cele interna\u021bionale. Cu o gam\u0103 complet\u0103 de produse \u0219i un angajament fa\u021b\u0103 de excelen\u021b\u0103, ne-am impus ca unul dintre liderii industriei. Strategia noastr\u0103 de management al produc\u021biei \u00eencorporeaz\u0103 facilit\u0103\u021bi de fabrica\u021bie avansate, personal tehnic calificat \u0219i sisteme de testare profesionale. Acest lucru ne permite s\u0103 ne \u00eembun\u0103t\u0103\u021bim continuu platforma de fabrica\u021bie, s\u0103 sporim calitatea produselor \u0219i s\u0103 satisfacem nevoile diverse ale clien\u021bilor no\u0219tri.<\/p>\n<p><img decoding=\"async\" src=\"https:\/\/www.hydraulic-cylinders.net\/wp-content\/uploads\/2025\/01\/songte-company-3.webp\"><\/p>\n<h3>Profesionalism:<\/h3>\n<p>Ne m\u00e2ndrim cu profesionalismul nostru, asigur\u00e2ndu-ne c\u0103 fiecare aspect al opera\u021biunilor noastre respect\u0103 cele mai \u00eenalte standarde.<\/p>\n<h3>Certificare interna\u021bional\u0103:<\/h3>\n<p>De\u021binem certific\u0103ri interna\u021bionale care valideaz\u0103 calitatea \u0219i fiabilitatea produselor noastre.<\/p>\n<h3>Personalizare:<\/h3>\n<p>Oferim servicii de personalizare pentru a \u00eendeplini cerin\u021be specifice, asigur\u00e2nd potrivirea perfect\u0103 pentru fiecare aplica\u021bie.<\/p>\n<h3>Echipamente de produc\u021bie:<\/h3>\n<p>De\u021binem echipamente de produc\u021bie de ultim\u0103 genera\u021bie, care ne permit s\u0103 ob\u021binem eficien\u021b\u0103, precizie \u0219i calitate ridicate.<\/p>\n<h3>Serviciu post-v\u00e2nzare:<\/h3>\n<p>Oferim servicii complete post-v\u00e2nzare, inclusiv \u00eenlocuirea componentelor \u0219i servicii de reconstruc\u021bie, pentru a maximiza durata de via\u021b\u0103 a cilindrilor no\u0219tri hidraulici.<\/p>\n<p>Autor: lyl<\/p>","protected":false},"excerpt":{"rendered":"<p>Bucket Cylinder For Doosan Wheel Excavator DH150W-7 Introduction The bucket cylinder for Doosan wheel excavator DH150W-7 is a specially designed hydraulic cylinder used to control the movement of the bucket in heavy machinery such as excavators, backhoe loaders, and wheel loaders. Its main function is to enable the lifting, lowering, and tilting of the bucket, [&hellip;]<\/p>","protected":false},"featured_media":14780,"comment_status":"open","ping_status":"closed","template":"","meta":{"_et_pb_use_builder":"","_et_pb_old_content":"","_et_gb_content_width":""},"product_brand":[],"product_cat":[1494],"product_tag":[1495,1496],"class_list":{"0":"post-15303","1":"product","2":"type-product","3":"status-publish","4":"has-post-thumbnail","6":"product_cat-bucket-cylinders","7":"product_tag-bucket-cylinders","8":"product_tag-hydraulic-cylinders","10":"first","11":"instock","12":"shipping-taxable","13":"product-type-simple"},"amp_enabled":true,"_links":{"self":[{"href":"https:\/\/www.hydraulic-cylinders.net\/ro\/wp-json\/wp\/v2\/product\/15303","targetHints":{"allow":["GET"]}}],"collection":[{"href":"https:\/\/www.hydraulic-cylinders.net\/ro\/wp-json\/wp\/v2\/product"}],"about":[{"href":"https:\/\/www.hydraulic-cylinders.net\/ro\/wp-json\/wp\/v2\/types\/product"}],"replies":[{"embeddable":true,"href":"https:\/\/www.hydraulic-cylinders.net\/ro\/wp-json\/wp\/v2\/comments?post=15303"}],"wp:featuredmedia":[{"embeddable":true,"href":"https:\/\/www.hydraulic-cylinders.net\/ro\/wp-json\/wp\/v2\/media\/14780"}],"wp:attachment":[{"href":"https:\/\/www.hydraulic-cylinders.net\/ro\/wp-json\/wp\/v2\/media?parent=15303"}],"wp:term":[{"taxonomy":"product_brand","embeddable":true,"href":"https:\/\/www.hydraulic-cylinders.net\/ro\/wp-json\/wp\/v2\/product_brand?post=15303"},{"taxonomy":"product_cat","embeddable":true,"href":"https:\/\/www.hydraulic-cylinders.net\/ro\/wp-json\/wp\/v2\/product_cat?post=15303"},{"taxonomy":"product_tag","embeddable":true,"href":"https:\/\/www.hydraulic-cylinders.net\/ro\/wp-json\/wp\/v2\/product_tag?post=15303"}],"curies":[{"name":"wp","href":"https:\/\/api.w.org\/{rel}","templated":true}]}}