{"id":15308,"date":"2025-01-19T14:21:57","date_gmt":"2025-01-19T14:21:57","guid":{"rendered":"https:\/\/www.hydraulic-cylinders.net\/product\/bucket-cylinder-for-hyundai-small-excavator-r130-5\/"},"modified":"2025-01-19T14:21:59","modified_gmt":"2025-01-19T14:21:59","slug":"bucket-cylinder-for-hyundai-small-excavator-r130-5","status":"publish","type":"product","link":"https:\/\/www.hydraulic-cylinders.net\/ro\/produs\/bucket-cylinder-for-hyundai-small-excavator-r130-5\/","title":{"rendered":"Cilindru cup\u0103 pentru excavatorul mic Hyundai R130-5"},"content":{"rendered":"<h1>Cilindru cup\u0103 pentru excavatorul mic Hyundai R130-5<\/h1>\n<h2>Introducere<\/h2>\n<p>Cilindrul cupei pentru excavatorul mic Hyundai R130-5 este un cilindru hidraulic special conceput, utilizat \u00een principal pentru a controla mi\u0219carea cupei \u00een utilaje grele, cum ar fi excavatoarele, \u00eenc\u0103rc\u0103toarele excavatoare \u0219i \u00eenc\u0103rc\u0103toarele frontale. Func\u021bia sa principal\u0103 este de a permite ridicarea, cobor\u00e2rea \u0219i \u00eenclinarea cupei, facilit\u00e2nd gestionarea diverselor sarcini de manipulare a materialelor. \u00cen sistemul hidraulic, cilindrul cupei realizeaz\u0103 un control precis al cupei prin modific\u0103ri ale presiunii uleiului hidraulic, permi\u021b\u00e2nd operatorilor s\u0103 manipuleze eficient sarcini grele \u0219i s\u0103 se adapteze la medii de lucru complexe \u0219i cerin\u021be diverse ale lucr\u0103rilor.<\/p>\n<p><img decoding=\"async\" src=\"https:\/\/www.hydraulic-cylinders.net\/wp-content\/uploads\/2025\/01\/songte-company-2.webp\" alt=\"Cilindru cu cup\u0103\" \/><\/p>\n<h2>Caracteristici<\/h2>\n<ul>\n<li>Rezisten\u021b\u0103 \u0219i durabilitate ridicate: De obicei, fabricate din o\u021bel sau aluminiu de \u00eenalt\u0103 rezisten\u021b\u0103, pot rezista la presiuni ridicate \u0219i sarcini grele, se adapteaz\u0103 la medii de lucru dure \u0219i sunt proiectate pentru rezisten\u021b\u0103 la uzur\u0103 \u0219i coroziune, prelungindu-i durata de via\u021b\u0103.<\/li>\n<li>Func\u021bionare hidraulic\u0103 eficient\u0103: Mi\u0219c\u0103rile line de extensie \u0219i contrac\u021bie sunt ob\u021binute prin utilizarea presiunii uleiului hidraulic, acesta put\u00e2nd r\u0103spunde rapid la comenzile opera\u021bionale, oferind o for\u021b\u0103 puternic\u0103 de \u00eempingere-tragere \u0219i fiind potrivit pentru manipularea sarcinilor grele \u0219i a sarcinilor complexe.<\/li>\n<li>Diverse tipuri: Poate fi selectat ca cilindru cu ac\u021biune simpl\u0103 (utilizat hidraulic \u00eentr-o singur\u0103 direc\u021bie) sau cu ac\u021biune dubl\u0103 (utilizat hidraulic \u00een ambele direc\u021bii), \u00een func\u021bie de nevoile de func\u021bionare. Unele modele sunt telescopice, permi\u021b\u00e2nd o extensie mai mare f\u0103r\u0103 a cre\u0219te dimensiunile exterioare, potrivite pentru aplica\u021bii cu spa\u021biu limitat.<\/li>\n<li>U\u0219or de instalat \u0219i \u00eentre\u021binut: Produsele noastre pot \u00eenlocui perfect ace\u0219ti cilindri hidraulici.<\/li>\n<\/ul>\n<p><img decoding=\"async\" src=\"https:\/\/www.hydraulic-cylinders.net\/wp-content\/uploads\/2025\/01\/songte-cylinder-head-with-all-kinds-excavator-models.webp\" alt=\"Modele de cilindri cu cup\u0103\" \/><\/p>\n<h2>Aplica\u021bii<\/h2>\n<p>Cilindrul cu cup\u0103 are o gam\u0103 larg\u0103 de aplica\u021bii, inclusiv:<\/p>\n<ul>\n<li>Echipamente de construc\u021bii: \u00cen excavatoare, acestea sunt esen\u021biale pentru s\u0103pare, \u00eenc\u0103rcare \u0219i mutarea p\u0103m\u00e2ntului sau a resturilor. \u00cen buldoexcavatoarele, cilindrul cupei ajut\u0103 at\u00e2t la s\u0103pare, c\u00e2t \u0219i la ridicare. <\/li>\n<li>Ma\u0219ini agricole: utilizate \u00een \u00eenc\u0103rc\u0103toarele frontale pentru a colecta, ridica \u0219i transporta p\u0103m\u00e2nt, f\u00e2n \u0219i alte materiale. <\/li>\n<li>Excavatoare: Cilindrul cupei realizeaz\u0103 ac\u021biunea de s\u0103pare permi\u021b\u00e2nd cupei s\u0103 p\u0103trund\u0103 \u00een sol. <\/li>\n<li>\u00cenc\u0103rc\u0103toare: \u00cen \u00eenc\u0103rc\u0103toarele frontale, acestea ajut\u0103 la ridicarea \u0219i \u00eenclinarea eficient\u0103 a m\u0103rfurilor. <\/li>\n<\/ul>\n<h2>Considera\u021bii de proiectare \u0219i criterii de selec\u021bie<\/h2>\n<p>La utilizarea cilindrului cupei, trebuie luate \u00een considerare urm\u0103toarele aspecte de proiectare \u0219i criterii de selec\u021bie:<\/p>\n<ul>\n<li>Capacitate portant\u0103: Cilindrul trebuie s\u0103 poat\u0103 sus\u021bine greutatea sarcinii pe care o transport\u0103.<\/li>\n<li>Etan\u0219are: Diverse componente de etan\u0219are trebuie selectate \u00een func\u021bie de rezisten\u021ba lor la uzur\u0103, cum ar fi etan\u0219\u0103rile pistonului, etan\u0219\u0103rile tijei etc. Alegerea materialului de etan\u0219are trebuie, de asemenea, luat\u0103 \u00een considerare pentru a preveni scurgerile de ulei hidraulic.<\/li>\n<li>Durabilitate: Cilindrul trebuie s\u0103 poat\u0103 rezista la sarcini grele \u0219i medii de lucru dure pe care le poate \u00eent\u00e2lni, iar suprafa\u021ba corpului cilindrului \u0219i cap\u0103tul filetat trebuie tratate corespunz\u0103tor pentru a \u00eembun\u0103t\u0103\u021bi rezisten\u021ba la uzur\u0103.<\/li>\n<li>Siguran\u021b\u0103: Trebuie luate m\u0103suri de siguran\u021b\u0103 pentru a preveni accidentele \u00een timpul func\u021bion\u0103rii.<\/li>\n<li>\u00centre\u021binere: Cilindrul trebuie lubrifiat \u00een mod regulat cu ulei hidraulic, iar diverse componente trebuie verificate periodic pentru \u00eentre\u021binere.<\/li>\n<\/ul>\n<p><img decoding=\"async\" src=\"https:\/\/www.hydraulic-cylinders.net\/wp-content\/uploads\/2025\/01\/songte-oil-pipes-and-spare-parts.webp\" alt=\"Piese de schimb\" \/><\/p>\n<h2>Etan\u0219are \u0219i lubrifiere<\/h2>\n<p>Trebuie utilizate diverse componente de etan\u0219are, cum ar fi etan\u0219\u0103rile pistonului, etan\u0219\u0103rile tijei etc., iar materialele de etan\u0219are precum poliuretanul \u0219i cauciucul nitrilic etc. trebuie luate \u00een considerare pentru rezisten\u021ba lor la uzur\u0103, pentru a preveni scurgerile de ulei. Corpul cilindrului \u0219i suprafa\u021ba cap\u0103tului filetat trebuie tratate fin pentru a \u00eembun\u0103t\u0103\u021bi rezisten\u021ba la uzur\u0103 \u0219i lubrifiate regulat cu ulei hidraulic pentru a asigura o func\u021bionare lin\u0103.<\/p>\n<h2>\u00centre\u021binere \u0219i repara\u021bii<\/h2>\n<p>Verific\u0103rile regulate, lubrifierea corespunz\u0103toare, \u00eenlocuirea garniturilor \u0219i verific\u0103rile de calibrare sunt toate sarcini comune de \u00eentre\u021binere. Instalarea, lubrifierea \u0219i reglarea corect\u0103 sunt esen\u021biale, iar \u00een timpul instal\u0103rii trebuie furnizate \u00eendrum\u0103ri adecvate pentru aliniere. Se recomand\u0103 utilizarea consolelor de instalare adecvate pentru fixarea cilindrului \u0219i furnizarea procedurilor recomandate de inspec\u021bie, reparare \u0219i \u00eenlocuire pentru a prelungi durata de via\u021b\u0103 a cilindrului.<\/p>\n<p><img decoding=\"async\" src=\"https:\/\/www.hydraulic-cylinders.net\/wp-content\/uploads\/2025\/01\/songte-chushion-collar.webp\" alt=\"Guler de pern\u0103\" \/><\/p>\n<h2>Considera\u021bii privind siguran\u021ba \u0219i mediul<\/h2>\n<p>La utilizarea cilindrului cupei, trebuie luate m\u0103suri de siguran\u021b\u0103 pentru a preveni accidentele \u00een timpul func\u021bion\u0103rii. De asemenea, trebuie luate \u00een considerare aspectele legate de mediu, cum ar fi scurgerile de ulei \u0219i eliminarea de\u0219eurilor.<\/p>\n<h2>Probleme frecvente \u0219i depanare<\/h2>\n<p>Problemele frecvente ale cilindrului cupei includ scurgeri, zgomote anormale \u0219i deformarea corpului cilindrului. Sfaturile \u0219i solu\u021biile de depanare pot ajuta cititorii s\u0103 diagnosticheze \u0219i s\u0103 rezolve problemele \u00een mod eficient, iar m\u0103surile preventive pot minimiza poten\u021bialele probleme.<\/p>\n<p><img decoding=\"async\" src=\"https:\/\/www.hydraulic-cylinders.net\/wp-content\/uploads\/2025\/01\/songte-bushings-with-all-kinds-of-excavator-models.webp\" alt=\"Buc\u0219e\" \/><\/p>\n<h2>Despre compania noastr\u0103<\/h2>\n<p>Suntem un produc\u0103tor de cilindri hidraulici specializa\u021bi \u00een cilindri de schimb. Produsele noastre sunt complete, ceea ce ne face unul dintre principalii produc\u0103tori \u0219i distribuitori angro de cilindri hidraulici pe pie\u021bele interne \u0219i interna\u021bionale. Ader\u0103m la principiul calit\u0103\u021bii excelente \u0219i ne baz\u0103m pe strategia de management al produc\u021biei industriale a unui atelier de fabrica\u021bie rafinat. \u00cembun\u0103t\u0103\u021bim continuu platforma de fabrica\u021bie, perfec\u021bion\u0103m ruta de produc\u021bie a calit\u0103\u021bii produselor \u0219i avem o creativitate puternic\u0103 \u0219i o eficien\u021b\u0103 ridicat\u0103, precizie ridicat\u0103 \u0219i principii de \u00eenalt\u0103 calitate pentru a satisface nevoile diverse ale clien\u021bilor.<\/p>\n<p><img decoding=\"async\" src=\"https:\/\/hzpt.com\/wp-content\/uploads\/2024\/11\/songte-company-1.webp\" alt=\"Companie\" \/><\/p>\n<h2>Profesionalism<\/h2>\n<p>Compania noastr\u0103 are un grup de personal tehnic profesionist care poate proiecta \u0219i dezvolta cilindri hidraulici personaliza\u021bi \u00een func\u021bie de cerin\u021bele clien\u021bilor. Avem o echip\u0103 experimentat\u0103 care poate oferi servicii profesionale \u0219i asisten\u021b\u0103 fiabil\u0103 clien\u021bilor.<\/p>\n<h2>Certificare interna\u021bional\u0103<\/h2>\n<p>Am ob\u021binut certific\u0103ri interna\u021bionale precum ISO9001 \u0219i am trecut diverse teste de calitate \u0219i siguran\u021b\u0103 pentru a ne asigura c\u0103 produsele noastre respect\u0103 standardele interna\u021bionale \u0219i sunt de \u00eenalt\u0103 calitate.<\/p>\n<h2>Servicii personalizate<\/h2>\n<p>Compania noastr\u0103 ofer\u0103 servicii personalizate \u0219i putem produce cilindri hidraulici conform cerin\u021belor \u0219i desenelor clien\u021bilor, oferind clien\u021bilor solu\u021bii personalizate pentru cilindri hidraulici, care s\u0103 le satisfac\u0103 nevoile unice.<\/p>\n<h2>Echipamente de produc\u021bie<\/h2>\n<p>Compania noastr\u0103 dispune de un set complet de echipamente avansate de produc\u021bie \u0219i echipamente de testare, inclusiv strunguri CNC, centre de prelucrare CNC, ma\u0219ini de rectificat plan \u0219i alte echipamente de fabrica\u021bie. Adopt\u0103m un proces de fabrica\u021bie rafinat pentru a asigura precizia \u0219i calitatea fiec\u0103rui cilindru hidraulic.<\/p>\n<h2>Serviciu post-v\u00e2nzare<\/h2>\n<p>Compania noastr\u0103 ofer\u0103 clien\u021bilor servicii post-v\u00e2nzare de calitate, inclusiv \u00eentre\u021binere regulat\u0103, repara\u021bii \u0219i \u00eenlocuire a pieselor. De asemenea, oferim clien\u021bilor asisten\u021b\u0103 tehnic\u0103 \u0219i \u00eendrumare pentru a-i ajuta s\u0103 rezolve problemele legate de utilizarea cilindrilor hidraulici.<\/p>\n<p>Autor: lyl<\/p>","protected":false},"excerpt":{"rendered":"<p>Bucket Cylinder For Hyundai Small Excavator R130-5 Introduction The bucket cylinder for Hyundai small excavator R130-5 is a specially designed hydraulic cylinder mainly used to control the movement of the bucket in heavy machinery, such as excavators, backhoe loaders, and front-end loaders. Its main function is to enable the bucket to be lifted, lowered, and [&hellip;]<\/p>","protected":false},"featured_media":14769,"comment_status":"open","ping_status":"closed","template":"","meta":{"_et_pb_use_builder":"","_et_pb_old_content":"","_et_gb_content_width":""},"product_brand":[],"product_cat":[1494],"product_tag":[1495,1496],"class_list":{"0":"post-15308","1":"product","2":"type-product","3":"status-publish","4":"has-post-thumbnail","6":"product_cat-bucket-cylinders","7":"product_tag-bucket-cylinders","8":"product_tag-hydraulic-cylinders","10":"first","11":"instock","12":"shipping-taxable","13":"product-type-simple"},"amp_enabled":true,"_links":{"self":[{"href":"https:\/\/www.hydraulic-cylinders.net\/ro\/wp-json\/wp\/v2\/product\/15308","targetHints":{"allow":["GET"]}}],"collection":[{"href":"https:\/\/www.hydraulic-cylinders.net\/ro\/wp-json\/wp\/v2\/product"}],"about":[{"href":"https:\/\/www.hydraulic-cylinders.net\/ro\/wp-json\/wp\/v2\/types\/product"}],"replies":[{"embeddable":true,"href":"https:\/\/www.hydraulic-cylinders.net\/ro\/wp-json\/wp\/v2\/comments?post=15308"}],"wp:featuredmedia":[{"embeddable":true,"href":"https:\/\/www.hydraulic-cylinders.net\/ro\/wp-json\/wp\/v2\/media\/14769"}],"wp:attachment":[{"href":"https:\/\/www.hydraulic-cylinders.net\/ro\/wp-json\/wp\/v2\/media?parent=15308"}],"wp:term":[{"taxonomy":"product_brand","embeddable":true,"href":"https:\/\/www.hydraulic-cylinders.net\/ro\/wp-json\/wp\/v2\/product_brand?post=15308"},{"taxonomy":"product_cat","embeddable":true,"href":"https:\/\/www.hydraulic-cylinders.net\/ro\/wp-json\/wp\/v2\/product_cat?post=15308"},{"taxonomy":"product_tag","embeddable":true,"href":"https:\/\/www.hydraulic-cylinders.net\/ro\/wp-json\/wp\/v2\/product_tag?post=15308"}],"curies":[{"name":"wp","href":"https:\/\/api.w.org\/{rel}","templated":true}]}}