{"id":15309,"date":"2025-01-19T14:22:01","date_gmt":"2025-01-19T14:22:01","guid":{"rendered":"https:\/\/www.hydraulic-cylinders.net\/product\/bucket-cylinder-for-hyundai-small-excavator-r60-7-9\/"},"modified":"2025-01-19T14:22:09","modified_gmt":"2025-01-19T14:22:09","slug":"bucket-cylinder-for-hyundai-small-excavator-r60-7-9","status":"publish","type":"product","link":"https:\/\/www.hydraulic-cylinders.net\/ro\/produs\/bucket-cylinder-for-hyundai-small-excavator-r60-7-9\/","title":{"rendered":"Cilindru cup\u0103 pentru excavator mic Hyundai R60-7-9"},"content":{"rendered":"<h1>Cilindru cup\u0103 pentru excavator mic Hyundai R60-7-9<\/h1>\n<h2>Introducere<\/h2>\n<h3>Definirea cilindrului cupei<\/h3>\n<p>Un cilindru al cupei este un cilindru hidraulic specializat, conceput \u00een principal pentru a controla mi\u0219carea unei cupe \u00een utilaje grele, cum ar fi excavatoarele, excavatoarele \u0219i \u00eenc\u0103rc\u0103toarele frontale. Func\u021bia sa principal\u0103 este de a permite cupei s\u0103 efectueze ridicarea, cobor\u00e2rea \u0219i \u00eenclinarea, facilit\u00e2nd efectuarea diverselor sarcini de manipulare a materialelor. \u00cen sistemul hidraulic, cilindrul cupei realizeaz\u0103 un control precis al mi\u0219c\u0103rii cupei prin modific\u0103ri ale presiunii uleiului hidraulic, permi\u021b\u00e2nd operatorilor s\u0103 manipuleze eficient sarcini grele, s\u0103 se adapteze la medii de lucru complexe \u0219i la diverse nevoi opera\u021bionale.<\/p>\n<p><img decoding=\"async\" src=\"https:\/\/www.hydraulic-cylinders.net\/wp-content\/uploads\/2025\/01\/songte-company-2.webp\" alt=\"Imaginea cilindrului cupei\"><\/p>\n<h3>Caracteristicile cilindrului cupei<\/h3>\n<ul>\n<li><strong>Rezisten\u021b\u0103 \u0219i durabilitate ridicate:<\/strong> De obicei fabricat din o\u021bel sau aluminiu de \u00eenalt\u0103 rezisten\u021b\u0103, poate rezista la presiuni ridicate \u0219i sarcini grele, adapt\u00e2ndu-se la condi\u021bii dure de lucru. Designul ia \u00een considerare rezisten\u021ba la uzur\u0103 \u0219i la coroziune, prelungind durata de via\u021b\u0103.<\/li>\n<li><strong>Func\u021bionare hidraulic\u0103 eficient\u0103:<\/strong> Utiliz\u00e2nd presiunea uleiului hidraulic pentru a ob\u021bine o extensie \u0219i o retragere lin\u0103, acesta poate r\u0103spunde rapid la comenzile de control, oferind o for\u021b\u0103 puternic\u0103 de \u00eempingere \u0219i tragere, potrivit\u0103 pentru manipularea sarcinilor grele \u0219i a sarcinilor opera\u021bionale complexe.<\/li>\n<li><strong>Diverse tipuri:<\/strong> Cilindrii cu ac\u021biune simpl\u0103 (folosind sistemul hidraulic \u00eentr-o singur\u0103 direc\u021bie) sau cu ac\u021biune dubl\u0103 (folosind sistemul hidraulic \u00een ambele direc\u021bii) pot fi selecta\u021bi \u00een func\u021bie de nevoi, pentru a satisface diferite cerin\u021be opera\u021bionale. Unele modele sunt telescopice, permi\u021b\u00e2nd o extensie mai mare f\u0103r\u0103 a cre\u0219te dimensiunile exterioare, fiind potrivi\u021bi pentru aplica\u021bii cu spa\u021biu limitat.<\/li>\n<li><strong>\u00cenlocuire u\u0219oar\u0103:<\/strong> Produsul nostru poate \u00eenlocui perfect ace\u0219ti cilindri hidraulici.<\/li>\n<\/ul>\n<p><img decoding=\"async\" src=\"https:\/\/www.hydraulic-cylinders.net\/wp-content\/uploads\/2025\/01\/songte-cylinder-head-with-all-kinds-excavator-models.webp\" alt=\"Imagine de \u00eenlocuire a cilindrului cupei\"><\/p>\n<h3>Aplica\u021bii ale cilindrului cupei<\/h3>\n<p>Cilindrul cu cup\u0103 are o gam\u0103 larg\u0103 de aplica\u021bii \u00een diverse utilaje, inclusiv:<\/p>\n<ul>\n<li><strong>Echipamente de construc\u021bii:<\/strong> \u00cen excavatoare, acestea sunt esen\u021biale pentru s\u0103pare, \u00eenc\u0103rcare \u0219i mutarea solului sau a resturilor. \u00cen cazul excavatoarelor, cilindrul cupei ajut\u0103 at\u00e2t la s\u0103pare, c\u00e2t \u0219i la ridicare. <\/li>\n<li><strong>Ma\u0219ini agricole:<\/strong> Folosit la \u00eenc\u0103rc\u0103toare frontale pentru s\u0103pat, ridicare \u0219i transportul solului, f\u00e2nului \u0219i altor materiale. <\/li>\n<li><strong>Excavatoare:<\/strong> Cilindrul cupei realizeaz\u0103 ac\u021biuni de s\u0103pare permi\u021b\u00e2nd cupei s\u0103 p\u0103trund\u0103 \u00een sol. <\/li>\n<li><strong>\u00cenc\u0103rc\u0103toare:<\/strong> \u00cenc\u0103rc\u0103toarele frontale ajut\u0103 la ridicarea \u0219i desc\u0103rcarea eficient\u0103 a m\u0103rfurilor. <\/li>\n<\/ul>\n<p>S\u0103 explor\u0103m \u00een detaliu c\u00e2teva aplica\u021bii majore:<\/p>\n<h4>Echipamente de construc\u021bii<\/h4>\n<p>La excavatoare, cilindrul cupei este esen\u021bial pentru s\u0103pare, \u00eenc\u0103rcare \u0219i mutarea solului sau a resturilor. Cilindrul cupei ajut\u0103 nu numai la s\u0103pare, ci \u0219i la ridicare. La excavatoare, cilindrul cupei este utilizat pentru a ac\u021biona cupa de s\u0103pare a excavatorului \u0219i a o ridica.<\/p>\n<h4>Ma\u0219ini agricole<\/h4>\n<p>Cilindrul cupei joac\u0103 un rol important \u00een diferite utilaje agricole. \u00cen \u00eenc\u0103rc\u0103toarele frontale, cilindrul ajut\u0103 la s\u0103parea, ridicarea \u0219i transportul solului, f\u00e2nului \u0219i altor materiale. \u00cenc\u0103rc\u0103toarele agricole sunt utilizate pentru transportul de materiale \u00een ferme, cum ar fi gunoi de grajd, hran\u0103 pentru animale \u0219i sol. <\/p>\n<h4>Excavatoare<\/h4>\n<p>La excavatoare, cilindrul cupei permite cupei s\u0103 p\u0103trund\u0103 \u00een sol, apoi este folosit pentru a ridica solul \u0219i materialele rocoase. <\/p>\n<h4>\u00cenc\u0103rc\u0103toare<\/h4>\n<p>La \u00eenc\u0103rc\u0103toare, cilindrul cupei este utilizat pentru ridicarea \u0219i desc\u0103rcarea eficient\u0103 a m\u0103rfurilor. <\/p>\n<h3>Considera\u021bii de proiectare \u0219i criterii de selec\u021bie<\/h3>\n<p>Cilindrii cupei sunt o parte esen\u021bial\u0103 a utilajelor grele \u0219i necesit\u0103 o analiz\u0103 \u0219i o selec\u021bie atent\u0103. La selectarea unui cilindru cupei, trebuie lua\u021bi \u00een considerare factori precum capacitatea portant\u0103, etan\u0219area, durabilitatea, siguran\u021ba \u0219i mentenan\u021ba. C\u00e2teva considera\u021bii de proiectare \u0219i criterii de selec\u021bie sunt:<\/p>\n<ul>\n<li><strong>Capacitate portant\u0103:<\/strong> Cilindrul cupei trebuie s\u0103 aib\u0103 capacitatea corespunz\u0103toare pentru a ridica \u0219i deplasa sarcinile necesare. Cilindrul trebuie s\u0103 fie proiectat pentru a rezista la \u0219ocurile \u0219i solicit\u0103rile sarcinilor grele \u0219i pentru a men\u021bine stabilitatea \u00een timpul func\u021bion\u0103rii.<\/li>\n<li><strong>Etan\u0219are:<\/strong> Cilindrul trebuie etan\u0219at pentru a preveni scurgerile \u0219i a asigura o func\u021bionare lin\u0103. Diverse componente de etan\u0219are, cum ar fi etan\u0219\u0103rile pistonului \u0219i etan\u0219\u0103rile tijei, fabricate din materiale rezistente la uzur\u0103, cum ar fi poliuretanul \u0219i cauciucul nitrilic, trebuie utilizate pentru a men\u021bine durabilitatea. <\/li>\n<li><strong>Durabilitate:<\/strong> Cilindrul cupei trebuie s\u0103 fie proiectat pentru a rezista condi\u021biilor dure de func\u021bionare ale utilajelor grele. Suprafa\u021ba cilindrului trebuie tratat\u0103 pentru a cre\u0219te rezisten\u021ba la uzur\u0103, rezisten\u021ba la coroziune \u0219i a prelungi durata de via\u021b\u0103. <\/li>\n<li><strong>Siguran\u0163\u0103:<\/strong> Considera\u021biile de siguran\u021b\u0103 sunt un factor semnificativ atunci c\u00e2nd se alege un cilindru pentru cup\u0103. Cilindrul trebuie s\u0103 fie proiectat pentru a preveni accidentele, cum ar fi defectarea brusc\u0103 a cilindrului \u0219i scurgerile, care pot provoca v\u0103t\u0103m\u0103ri operatorilor \u0219i deteriorarea utilajelor. <\/li>\n<li><strong>Mentenabilitate:<\/strong> Cilindrul cupei trebuie proiectat pentru a facilita \u00eentre\u021binerea. Componentele cilindrului trebuie s\u0103 fie u\u0219or accesibile \u0219i \u00eenlocuibile, iar procedurile de \u00eentre\u021binere trebuie s\u0103 fie clar definite. <\/li>\n<\/ul>\n<p><img decoding=\"async\" src=\"https:\/\/www.hydraulic-cylinders.net\/wp-content\/uploads\/2025\/01\/songte-oil-pipes-and-spare-parts.webp\" alt=\"Imagine de design a cilindrului cu g\u0103leat\u0103\"><\/p>\n<h3>Etan\u0219area \u0219i lubrifierea cilindrului cupei<\/h3>\n<p>Etan\u0219area \u0219i lubrifierea sunt esen\u021biale pentru buna func\u021bionare a cilindrului cupei. Diverse componente de etan\u0219are, cum ar fi etan\u0219\u0103rile pistonului \u0219i etan\u0219\u0103rile tijei, fabricate din materiale rezistente la uzur\u0103, cum ar fi poliuretanul \u0219i cauciucul nitrilic, trebuie utilizate pentru a men\u021bine durabilitatea. Suprafa\u021ba cilindrului trebuie tratat\u0103 pentru a cre\u0219te rezisten\u021ba la uzur\u0103, rezisten\u021ba la coroziune \u0219i a prelungi durata de via\u021b\u0103. Cilindrul necesit\u0103 lubrifiere regulat\u0103 cu uleiul hidraulic adecvat pentru a asigura o func\u021bionare lin\u0103 \u0219i a preveni deteriorarea.<\/p>\n<h3>Inspec\u021bie regulat\u0103 \u0219i m\u0103suri de \u00eentre\u021binere preventiv\u0103<\/h3>\n<p>Cilindrul cupei necesit\u0103 inspec\u021bie \u0219i \u00eentre\u021binere regulate pentru a asigura o func\u021bionare sigur\u0103 \u0219i eficient\u0103. C\u00e2teva m\u0103suri de \u00eentre\u021binere preventiv\u0103 sunt:<\/p>\n<ul>\n<li><strong>Inspec\u021bie periodic\u0103:<\/strong> Cilindrul cupei trebuie inspectat periodic pentru uzur\u0103 \u0219i deteriorare. Componentele cilindrului, cum ar fi etan\u0219\u0103rile pistonului, etan\u0219\u0103rile tijei \u0219i \u021beava cilindrului, trebuie verificate pentru scurgeri \u0219i uzur\u0103 cel pu\u021bin o dat\u0103 pe an. <\/li>\n<li><strong>Lubrifiere adecvat\u0103:<\/strong> Cilindrul cupei trebuie lubrifiat periodic cu uleiul hidraulic adecvat pentru a asigura o func\u021bionare f\u0103r\u0103 probleme \u0219i a preveni deteriorarea. <\/li>\n<li><strong>\u00cenlocuirea garniturii:<\/strong> Garniturile trebuie \u00eenlocuite la intervale regulate pentru a preveni scurgerile \u0219i a asigura o func\u021bionare f\u0103r\u0103 probleme. <\/li>\n<li><strong>Verificare calibrare:<\/strong> Cilindrul cupei trebuie calibrat periodic pentru a asigura o func\u021bionare precis\u0103. <\/li>\n<\/ul>\n<p>Instalarea corect\u0103 este crucial\u0103 pentru func\u021bionarea sigur\u0103 \u0219i eficient\u0103 a cilindrului cupei. Cilindrul trebuie aliniat corect, iar pentru fixarea acestuia trebuie utilizate console de instalare adecvate. Procedurile recomandate de inspec\u021bie, reparare \u0219i \u00eenlocuire trebuie urmate pentru a prelungi durata de via\u021b\u0103 a cilindrului. <\/p>\n<p><img decoding=\"async\" src=\"https:\/\/www.hydraulic-cylinders.net\/wp-content\/uploads\/2025\/01\/songte-chushion-collar.webp\" alt=\"Imagine de \u00eentre\u021binere a cilindrului cupei\"><\/p>\n<h3>Considera\u021bii privind siguran\u021ba \u0219i mediul<\/h3>\n<p>Siguran\u021ba este un aspect esen\u021bial al utiliz\u0103rii cilindrului cupei. Operatorii trebuie s\u0103 respecte instruc\u021biunile \u0219i instruc\u021biunile atunci c\u00e2nd opereaz\u0103 utilaje grele cu cilindri cupei. De asemenea, trebuie luate \u00een considerare aspectele legate de mediu, cum ar fi prevenirea devers\u0103rii de ulei \u0219i eliminarea corect\u0103 a uleiului hidraulic. <\/p>\n<h3>Diagnosticarea defec\u021biunilor \u0219i probleme frecvente<\/h3>\n<p>Printre problemele comune ale cilindrilor cupei se num\u0103r\u0103 scurgerile de etan\u0219are, deteriorarea tijei \u0219i uzura general\u0103. Pentru a diagnostica problemele, operatorii ar trebui s\u0103 efectueze o inspec\u021bie vizual\u0103 a cilindrului \u0219i un test de presiune. Dac\u0103 cilindrul este deteriorat, acesta trebuie reparat sau \u00eenlocuit imediat pentru a preveni deteriorarea ulterioar\u0103 \u0219i a asigura func\u021bionarea \u00een siguran\u021b\u0103.<\/p>\n<h3>Concluzie<\/h3>\n<p>Cilindrii hidraulici pentru cupe sunt componente esen\u021biale ale utilajelor grele, permi\u021b\u00e2nd manipularea \u0219i deplasarea eficient\u0103 a materialelor. Compania noastr\u0103 ofer\u0103 o gam\u0103 larg\u0103 de cilindri hidraulici de schimb, cu o calitate excelent\u0103, un design durabil \u0219i servicii personalizate. Compania noastr\u0103 se angajeaz\u0103 s\u0103 ofere produse \u0219i servicii de \u00eenalt\u0103 calitate, baz\u00e2ndu-se pe un atelier de fabrica\u021bie sofisticat, echipamente de produc\u021bie moderne \u0219i sisteme de testare profesionale. Ader\u0103m la principiile de \u00eenalt\u0103 eficien\u021b\u0103, precizie ridicat\u0103 \u0219i calitate superioar\u0103 pentru a satisface nevoile diverse ale clien\u021bilor. <\/p>\n<p><img decoding=\"async\" src=\"https:\/\/hzpt.com\/wp-content\/uploads\/2024\/11\/songte-company-1.webp\" alt=\"Imaginea companiei\"><\/p>\n<h3>Despre autor<\/h3>\n<p>Autor: lyl<\/p>","protected":false},"excerpt":{"rendered":"<p>Bucket Cylinder For Hyundai Small Excavator R60-7-9 Introduction Defining Bucket Cylinder A bucket cylinder is a specialized hydraulic cylinder designed primarily to control the movement of a bucket in heavy machinery such as excavators, backhoes, and front loaders. Its main function is to enable the bucket to perform lifting, lowering, and tilting, making it easier [&hellip;]<\/p>","protected":false},"featured_media":14765,"comment_status":"open","ping_status":"closed","template":"","meta":{"_et_pb_use_builder":"","_et_pb_old_content":"","_et_gb_content_width":""},"product_brand":[],"product_cat":[1494],"product_tag":[1495,1496],"class_list":{"0":"post-15309","1":"product","2":"type-product","3":"status-publish","4":"has-post-thumbnail","6":"product_cat-bucket-cylinders","7":"product_tag-bucket-cylinders","8":"product_tag-hydraulic-cylinders","10":"first","11":"instock","12":"shipping-taxable","13":"product-type-simple"},"amp_enabled":true,"_links":{"self":[{"href":"https:\/\/www.hydraulic-cylinders.net\/ro\/wp-json\/wp\/v2\/product\/15309","targetHints":{"allow":["GET"]}}],"collection":[{"href":"https:\/\/www.hydraulic-cylinders.net\/ro\/wp-json\/wp\/v2\/product"}],"about":[{"href":"https:\/\/www.hydraulic-cylinders.net\/ro\/wp-json\/wp\/v2\/types\/product"}],"replies":[{"embeddable":true,"href":"https:\/\/www.hydraulic-cylinders.net\/ro\/wp-json\/wp\/v2\/comments?post=15309"}],"wp:featuredmedia":[{"embeddable":true,"href":"https:\/\/www.hydraulic-cylinders.net\/ro\/wp-json\/wp\/v2\/media\/14765"}],"wp:attachment":[{"href":"https:\/\/www.hydraulic-cylinders.net\/ro\/wp-json\/wp\/v2\/media?parent=15309"}],"wp:term":[{"taxonomy":"product_brand","embeddable":true,"href":"https:\/\/www.hydraulic-cylinders.net\/ro\/wp-json\/wp\/v2\/product_brand?post=15309"},{"taxonomy":"product_cat","embeddable":true,"href":"https:\/\/www.hydraulic-cylinders.net\/ro\/wp-json\/wp\/v2\/product_cat?post=15309"},{"taxonomy":"product_tag","embeddable":true,"href":"https:\/\/www.hydraulic-cylinders.net\/ro\/wp-json\/wp\/v2\/product_tag?post=15309"}],"curies":[{"name":"wp","href":"https:\/\/api.w.org\/{rel}","templated":true}]}}