{"id":15312,"date":"2025-01-19T14:22:19","date_gmt":"2025-01-19T14:22:19","guid":{"rendered":"https:\/\/www.hydraulic-cylinders.net\/product\/bucket-cylinder-for-hyundai-middle-excavator-r170lc-5\/"},"modified":"2025-01-19T14:22:21","modified_gmt":"2025-01-19T14:22:21","slug":"bucket-cylinder-for-hyundai-middle-excavator-r170lc-5","status":"publish","type":"product","link":"https:\/\/www.hydraulic-cylinders.net\/ro\/produs\/bucket-cylinder-for-hyundai-middle-excavator-r170lc-5\/","title":{"rendered":"Cilindru cup\u0103 pentru excavatorul mijlociu Hyundai R170LC-5"},"content":{"rendered":"<h1>Cilindru cup\u0103 pentru excavatorul mijlociu Hyundai R170LC-5<\/h1>\n<h2>Introducere<\/h2>\n<p>Cilindrul cupei pentru excavatorul Hyundai R170LC-5 este un cilindru hidraulic specializat, utilizat \u00een principal pentru a controla mi\u0219carea cupelor excavatoarelor \u00een utilaje grele, cum ar fi excavatoarele, excavatoarele cu buldoexcavatoare \u0219i \u00eenc\u0103rc\u0103toarele frontale. Func\u021bia sa principal\u0103 este de a permite ridicarea, cobor\u00e2rea \u0219i \u00eenclinarea cupei, facilit\u00e2nd gestionarea diverselor sarcini de mutare a materialelor. \u00cen sistemul hidraulic, cilindrul cupei utilizeaz\u0103 schimb\u0103rile de presiune din uleiul hidraulic pentru a ob\u021bine un control precis al cupei, permi\u021b\u00e2nd operatorilor s\u0103 manipuleze eficient sarcini grele \u0219i s\u0103 se adapteze la medii de lucru complexe \u0219i cerin\u021be diverse ale lucr\u0103rilor.<\/p>\n<p><img decoding=\"async\" src=\"https:\/\/www.hydraulic-cylinders.net\/wp-content\/uploads\/2025\/01\/songte-company-2.webp\"><\/p>\n<h2>Caracteristici ale produsului<\/h2>\n<ul>\n<li>\n<h3>Rezisten\u021b\u0103 \u0219i durabilitate ridicate<\/h3>\n<p>Fabricat de obicei din o\u021bel sau aluminiu de \u00eenalt\u0103 rezisten\u021b\u0103, cilindrul cupei poate rezista la presiuni ridicate \u0219i sarcini grele, adapt\u00e2ndu-se la medii de lucru dure. Designul ia \u00een considerare \u0219i rezisten\u021ba la uzur\u0103 \u0219i la coroziune pentru a prelungi durata de via\u021b\u0103 a cilindrului.<\/p>\n<\/li>\n<li>\n<h3>Func\u021bionare hidraulic\u0103 eficient\u0103<\/h3>\n<p>Utiliz\u00e2nd presiunea uleiului hidraulic pentru a ob\u021bine o extensie \u0219i retragere lin\u0103, cilindrul poate r\u0103spunde rapid la comenzi \u0219i poate oferi o for\u021b\u0103 puternic\u0103 de \u00eempingere \u0219i tragere, potrivit\u0103 pentru manipularea sarcinilor grele \u0219i a sarcinilor complexe.<\/p>\n<\/li>\n<li>\n<h3>Diverse tipuri<\/h3>\n<p>Cilindrii cu ac\u021biune simpl\u0103 sau dubl\u0103 pot fi selecta\u021bi \u00een func\u021bie de nevoi pentru a satisface diferite cerin\u021be opera\u021bionale. Unele modele sunt telescopice, permi\u021b\u00e2nd o extensie mai mare f\u0103r\u0103 a cre\u0219te dimensiunile exterioare, potrivite pentru aplica\u021bii cu spa\u021biu limitat.<\/p>\n<\/li>\n<li>\n<h3>\u00cenlocuitor perfect<\/h3>\n<p>Produsul nostru poate \u00eenlocui perfect ace\u0219ti cilindri hidraulici. <\/p>\n<\/li>\n<\/ul>\n<p><img decoding=\"async\" src=\"https:\/\/www.hydraulic-cylinders.net\/wp-content\/uploads\/2025\/01\/songte-cylinder-head-with-all-kinds-excavator-models.webp\"><\/p>\n<h2>Aplica\u021bii<\/h2>\n<p>Cilindrul cupei pentru excavatorul Hyundai Middle R170LC-5 poate fi utilizat pe scar\u0103 larg\u0103 \u00een diverse utilaje grele, inclusiv:<\/p>\n<ul>\n<li>\n<h3>Echipamente de construc\u021bii<\/h3>\n<p>\u00cen excavatoare, acestea sunt esen\u021biale pentru s\u0103pare, \u00eenc\u0103rcare \u0219i mutarea solului sau a resturilor. \u00cen excavatoarele cu buldoexcavatoare, cilindrul ajut\u0103 at\u00e2t la s\u0103pare, c\u00e2t \u0219i la ridicare. <\/p>\n<\/li>\n<li>\n<h3>Ma\u0219ini agricole<\/h3>\n<p>Folosit la \u00eenc\u0103rc\u0103toarele frontale pentru manipularea solului, f\u00e2nului \u0219i a altor materiale, cilindrul se poate ridica \u0219i \u00eenclina pentru o desc\u0103rcare eficient\u0103. <\/p>\n<\/li>\n<li>\n<h3>Excavatoare<\/h3>\n<p>Cilindrul cupei permite cupei s\u0103 p\u0103trund\u0103 \u00een sol pentru opera\u021biuni de s\u0103pat. <\/p>\n<\/li>\n<li>\n<h3>\u00cenc\u0103rc\u0103toare<\/h3>\n<p>\u00cenc\u0103rc\u0103toarele frontale, acestea ajut\u0103 la ridicarea \u0219i desc\u0103rcarea eficient\u0103 a m\u0103rfurilor. <\/p>\n<\/li>\n<\/ul>\n<h2>Considera\u021bii de proiectare \u0219i criterii de selec\u021bie<\/h2>\n<p>Cilindrul cupei pentru excavatorul Hyundai R170LC-5 este proiectat lu\u00e2nd \u00een considerare diver\u0219i factori, inclusiv:<\/p>\n<ul>\n<li>\n<h3>Capacitate portant\u0103<\/h3>\n<p>Cilindrul trebuie s\u0103 poat\u0103 suporta sarcina maxim\u0103 pe care va fi utilizat pentru a o gestiona. <\/p>\n<\/li>\n<li>\n<h3>Performan\u021ba de etan\u0219are<\/h3>\n<p>Cilindrul trebuie s\u0103 aib\u0103 o etan\u0219are fiabil\u0103 pentru a preveni scurgerile de ulei \u0219i a asigura o func\u021bionare lin\u0103. <\/p>\n<\/li>\n<li>\n<h3>Durabilitate<\/h3>\n<p>Cilindrul trebuie s\u0103 fie fabricat din materiale de \u00eenalt\u0103 calitate, cu rezisten\u021b\u0103 mare la uzur\u0103 \u0219i coroziune, pentru a-i prelungi durata de via\u021b\u0103. <\/p>\n<\/li>\n<li>\n<h3>Siguran\u0163\u0103<\/h3>\n<p>Cilindrul trebuie proiectat \u021bin\u00e2nd cont de considera\u021bii de siguran\u021b\u0103 pentru a preveni accidentele cauzate de defectarea cilindrului. <\/p>\n<\/li>\n<li>\n<h3>Mentenabilitate<\/h3>\n<p>Cilindrul ar trebui s\u0103 fie u\u0219or de \u00eentre\u021binut pentru a reduce costurile de \u00eentre\u021binere \u0219i timpul de nefunc\u021bionare. <\/p>\n<\/li>\n<\/ul>\n<p><img decoding=\"async\" src=\"https:\/\/www.hydraulic-cylinders.net\/wp-content\/uploads\/2025\/01\/songte-oil-pipes-and-spare-parts.webp\"><\/p>\n<h2>Etan\u0219are \u0219i lubrifiere<\/h2>\n<p>Cilindrul cupei pentru excavatorul Hyundai R170LC-5 utilizeaz\u0103 diverse componente de etan\u0219are, cum ar fi etan\u0219\u0103ri de piston \u0219i etan\u0219\u0103ri de tij\u0103, fabricate din materiale rezistente la uzur\u0103, cum ar fi poliuretanul \u0219i cauciucul nitrilic. Corpul cilindrului, pistonul \u0219i suprafa\u021ba tijei sunt, de asemenea, tratate fin pentru a \u00eembun\u0103t\u0103\u021bi rezisten\u021ba la uzur\u0103. Lubrifierea regulat\u0103 cu ulei hidraulic adecvat este necesar\u0103 pentru a asigura o func\u021bionare f\u0103r\u0103 probleme. <\/p>\n<h2>Inspec\u021bie regulat\u0103 \u0219i \u00eentre\u021binere preventiv\u0103<\/h2>\n<p>Inspec\u021bia regulat\u0103 \u0219i \u00eentre\u021binerea preventiv\u0103 sunt importante pentru a asigura func\u021bionarea sigur\u0103 \u0219i eficient\u0103 a cilindrului cupei pentru excavatorul Hyundai R170LC-5. C\u00e2teva m\u0103suri de \u00eentre\u021binere preventiv\u0103 includ:<\/p>\n<ul>\n<li>Lubrifiere regulat\u0103<\/li>\n<li>\u00cenlocuirea garniturii<\/li>\n<li>Verificare calibrare<\/li>\n<\/ul>\n<h2>Ghid de instalare a produsului<\/h2>\n<p>Instalarea corect\u0103 este esen\u021bial\u0103 pentru func\u021bionarea sigur\u0103 \u0219i eficient\u0103 a cilindrului cupei pentru excavatorul Hyundai R170LC-5. Urm\u0103torii pa\u0219i ofer\u0103 un ghid pentru instalarea corect\u0103:<\/p>\n<ol>\n<li>Alinia\u021bi cilindrul cu suprafa\u021ba de montare.<\/li>\n<li>Folosi\u021bi suporturi de montare adecvate pentru a fixa cilindrul.<\/li>\n<li>Conecta\u021bi furtunurile hidraulice la cilindru.<\/li>\n<li>Asigura\u021bi-v\u0103 c\u0103 furtunurile nu sunt r\u0103sucite sau \u00eendoite.<\/li>\n<li>Cl\u0103ti\u021bi sistemul hidraulic \u00eenainte de utilizare.<\/li>\n<\/ol>\n<p>Importan\u021ba instal\u0103rii, lubrifierii \u0219i ajust\u0103rii corecte este subliniat\u0103 pentru a \u00eembun\u0103t\u0103\u021bi durata de via\u021b\u0103 \u0219i performan\u021ba cilindrului. Recomand\u0103m utilizarea uneltelor de instalare adecvate \u0219i respectarea procedurilor recomandate pentru inspec\u021bie, reparare \u0219i \u00eenlocuire pentru a asigura cele mai bune rezultate. <\/p>\n<p><img decoding=\"async\" src=\"https:\/\/www.hydraulic-cylinders.net\/wp-content\/uploads\/2025\/01\/songte-chushion-collar.webp\"><\/p>\n<h2>Considera\u021bii de siguran\u021b\u0103 \u0219i factori de mediu<\/h2>\n<p>Este esen\u021bial s\u0103 respecta\u021bi m\u0103surile de siguran\u021b\u0103 \u00een timpul func\u021bion\u0103rii cilindrului cupei pentru excavatorul Hyundai R170LC-5. Cilindrul trebuie operat \u00een parametrii specifica\u021bi pentru a preveni accidentele. Factorii de mediu, cum ar fi temperatura \u0219i umiditatea, trebuie, de asemenea, lua\u021bi \u00een considerare \u00een timpul func\u021bion\u0103rii cilindrului.<\/p>\n<h2>Depanare \u0219i probleme frecvente<\/h2>\n<p>Urm\u0103toarele sunt probleme frecvente care pot fi \u00eent\u00e2lnite la utilizarea cilindrului cupei pentru excavatorul Hyundai R170LC-5:<\/p>\n<ul>\n<li>Scurgere de ulei<\/li>\n<li>Func\u021bionare lent\u0103<\/li>\n<li>Func\u021bionare neregulat\u0103<\/li>\n<li>Zgomot<\/li>\n<\/ul>\n<p>Pentru a rezolva aceste probleme, trebuie luate m\u0103suri adecvate de depanare. De exemplu, scurgerile de ulei pot fi cauzate de garnituri deteriorate sau conexiuni sl\u0103bite. Func\u021bionarea lent\u0103 poate fi cauzat\u0103 de presiunea sc\u0103zut\u0103 a uleiului hidraulic. Func\u021bionarea neregulat\u0103 poate fi cauzat\u0103 de o supap\u0103 sau un cilindru defectuos. Zgomotul poate fi cauzat de aerul prins \u00een sistemul hidraulic. Inspec\u021bia regulat\u0103 \u0219i \u00eentre\u021binerea preventiv\u0103 pot ajuta la prevenirea apari\u021biei acestor probleme.<\/p>\n<p><img decoding=\"async\" src=\"https:\/\/www.hydraulic-cylinders.net\/wp-content\/uploads\/2025\/01\/songte-bushings-with-all-kinds-of-excavator-models.webp\"><\/p>\n<h2>Despre compania noastr\u0103<\/h2>\n<p>Suntem produc\u0103tori de cilindri hidraulici de schimb, oferind o gam\u0103 complet\u0103 de produse. Am devenit unul dintre principalii produc\u0103tori \u0219i distribuitori angro de cilindri hidraulici pe pie\u021bele interne \u0219i interna\u021bionale. Urm\u0103m strategia calit\u0103\u021bii excelente, baz\u00e2ndu-ne pe managementul industrializat al produc\u021biei \u00een ateliere de produc\u021bie fin\u0103. \u00cembun\u0103t\u0103\u021bim continuu platforma de produc\u021bie a atelierului, \u00eembun\u0103t\u0103\u021bim calitatea produc\u021biei produsului \u0219i avem o capacitate creativ\u0103 puternic\u0103. Folosim eficien\u021b\u0103 ridicat\u0103, precizie ridicat\u0103 \u0219i calitate \u00eenalt\u0103 ca principii pentru a satisface nevoile diverse ale clien\u021bilor.<\/p>\n<p>Ne angaj\u0103m s\u0103 oferim servicii profesionale, certificate interna\u021bional, personalizate, precum \u0219i echipamente de produc\u021bie avansate \u0219i servicii post-v\u00e2nzare excelente. Compania noastr\u0103 continu\u0103 s\u0103 creasc\u0103 \u0219i s\u0103 se dezvolte \u0219i suntem \u00eencrez\u0103tori c\u0103 putem oferi clien\u021bilor no\u0219tri produse \u0219i servicii de calitate.<\/p>\n<p><img decoding=\"async\" src=\"https:\/\/hzpt.com\/wp-content\/uploads\/2024\/11\/songte-company-1.webp\"><\/p>\n<p>Autor: lyl<\/p>","protected":false},"excerpt":{"rendered":"<p>Bucket Cylinder For Hyundai Middle Excavator R170LC-5 Introduction The Bucket Cylinder for Hyundai Middle Excavator R170LC-5 is a specialized hydraulic cylinder primarily used to control the motion of excavator buckets in heavy machinery such as excavators, backhoe excavators, and front-end loaders. Its main function is to enable the bucket to lift, lower, and tilt, making [&hellip;]<\/p>","protected":false},"featured_media":14789,"comment_status":"open","ping_status":"closed","template":"","meta":{"_et_pb_use_builder":"","_et_pb_old_content":"","_et_gb_content_width":""},"product_brand":[],"product_cat":[1494],"product_tag":[1495,1496],"class_list":{"0":"post-15312","1":"product","2":"type-product","3":"status-publish","4":"has-post-thumbnail","6":"product_cat-bucket-cylinders","7":"product_tag-bucket-cylinders","8":"product_tag-hydraulic-cylinders","10":"first","11":"instock","12":"shipping-taxable","13":"product-type-simple"},"amp_enabled":true,"_links":{"self":[{"href":"https:\/\/www.hydraulic-cylinders.net\/ro\/wp-json\/wp\/v2\/product\/15312","targetHints":{"allow":["GET"]}}],"collection":[{"href":"https:\/\/www.hydraulic-cylinders.net\/ro\/wp-json\/wp\/v2\/product"}],"about":[{"href":"https:\/\/www.hydraulic-cylinders.net\/ro\/wp-json\/wp\/v2\/types\/product"}],"replies":[{"embeddable":true,"href":"https:\/\/www.hydraulic-cylinders.net\/ro\/wp-json\/wp\/v2\/comments?post=15312"}],"wp:featuredmedia":[{"embeddable":true,"href":"https:\/\/www.hydraulic-cylinders.net\/ro\/wp-json\/wp\/v2\/media\/14789"}],"wp:attachment":[{"href":"https:\/\/www.hydraulic-cylinders.net\/ro\/wp-json\/wp\/v2\/media?parent=15312"}],"wp:term":[{"taxonomy":"product_brand","embeddable":true,"href":"https:\/\/www.hydraulic-cylinders.net\/ro\/wp-json\/wp\/v2\/product_brand?post=15312"},{"taxonomy":"product_cat","embeddable":true,"href":"https:\/\/www.hydraulic-cylinders.net\/ro\/wp-json\/wp\/v2\/product_cat?post=15312"},{"taxonomy":"product_tag","embeddable":true,"href":"https:\/\/www.hydraulic-cylinders.net\/ro\/wp-json\/wp\/v2\/product_tag?post=15312"}],"curies":[{"name":"wp","href":"https:\/\/api.w.org\/{rel}","templated":true}]}}