{"id":15313,"date":"2025-01-19T14:22:24","date_gmt":"2025-01-19T14:22:24","guid":{"rendered":"https:\/\/www.hydraulic-cylinders.net\/product\/bucket-cylinder-for-hyundai-middle-excavator-r200-5-5d\/"},"modified":"2025-01-19T14:22:26","modified_gmt":"2025-01-19T14:22:26","slug":"bucket-cylinder-for-hyundai-middle-excavator-r200-5-5d","status":"publish","type":"product","link":"https:\/\/www.hydraulic-cylinders.net\/ro\/produs\/bucket-cylinder-for-hyundai-middle-excavator-r200-5-5d\/","title":{"rendered":"Cilindru cup\u0103 pentru excavatorul mijlociu Hyundai R200-5-5D"},"content":{"rendered":"<h1>Cilindru cup\u0103 pentru excavatorul Hyundai R200-5-5D<\/h1>\n<h2>Introducere<\/h2>\n<p>Un cilindru al cupei este un cilindru hidraulic special conceput, utilizat pentru a controla mi\u0219carea cupei \u00een utilaje grele, cum ar fi excavatoarele, excavatoarele cu buldoexcavatoare \u0219i \u00eenc\u0103rc\u0103toare frontale. Func\u021bia sa principal\u0103 este de a permite ridicarea, cobor\u00e2rea \u0219i \u00eenclinarea cupei, facilit\u00e2nd transportul diverselor materiale. \u00cen sistemul hidraulic, cilindrul cupei realizeaz\u0103 un control precis al mi\u0219c\u0103rilor cupei prin schimb\u0103rile de presiune ale uleiului hidraulic, permi\u021b\u00e2nd operatorilor s\u0103 manipuleze eficient materiale grele, s\u0103 se adapteze la medii de lucru complexe \u0219i la diverse cerin\u021be opera\u021bionale.<\/p>\n<p><img decoding=\"async\" src=\"https:\/\/www.hydraulic-cylinders.net\/wp-content\/uploads\/2025\/01\/songte-company-2.webp\"><\/p>\n<h2>Caracteristici<\/h2>\n<ul>\n<li>Rezisten\u021b\u0103 \u0219i durabilitate ridicate: de obicei fabricate din o\u021bel sau aluminiu de \u00eenalt\u0103 rezisten\u021b\u0103, pot rezista la presiuni ridicate \u0219i sarcini grele, se adapteaz\u0103 la medii de lucru dure \u0219i sunt proiectate cu rezisten\u021b\u0103 la uzur\u0103 \u0219i coroziune pentru a prelungi durata de via\u021b\u0103.<\/li>\n<li>Func\u021bionare hidraulic\u0103 eficient\u0103: utilizeaz\u0103 presiunea uleiului hidraulic pentru a ob\u021bine mi\u0219c\u0103ri line de extensie \u0219i contrac\u021bie, poate r\u0103spunde rapid la comenzile de control, ofer\u0103 for\u021be puternice de \u00eempingere \u0219i tragere \u0219i este potrivit pentru manipularea materialelor grele \u0219i a sarcinilor opera\u021bionale complexe.<\/li>\n<li>Diverse tipuri: se pot alege cilindri cu ac\u021biune simpl\u0103 (sistemul hidraulic este utilizat \u00eentr-o singur\u0103 direc\u021bie) sau cu ac\u021biune dubl\u0103 (sistemul hidraulic este utilizat \u00een dou\u0103 direc\u021bii) \u00een func\u021bie de cerin\u021be, pentru a satisface diferite nevoi opera\u021bionale. Unele modele sunt telescopice, permi\u021b\u00e2nd o extensie mai mare f\u0103r\u0103 a cre\u0219te dimensiunile exterioare, potrivite pentru aplica\u021bii cu spa\u021biu limitat.<\/li>\n<li>U\u0219or de instalat: produsul nostru poate \u00eenlocui perfect ace\u0219ti cilindri hidraulici.<\/li>\n<\/ul>\n<p><img decoding=\"async\" src=\"https:\/\/www.hydraulic-cylinders.net\/wp-content\/uploads\/2025\/01\/songte-cylinder-head-with-all-kinds-excavator-models.webp\"><\/p>\n<h2>Aplica\u021bii<\/h2>\n<p>Cilindrul cupei este utilizat pe scar\u0103 larg\u0103 \u00een diverse utilaje grele, cum ar fi:<\/p>\n<ul>\n<li>Echipamente de construc\u021bii: \u00cen cazul excavatoarelor, acestea sunt vitale pentru s\u0103pare, \u00eenc\u0103rcare \u0219i mutarea solului sau a resturilor. \u00cen cazul excavatoarelor cu buldoexcavator, acestea ajut\u0103 la s\u0103pare \u0219i ridicare. <\/li>\n<li>Ma\u0219ini agricole: utilizate \u00een \u00eenc\u0103rc\u0103toarele frontale pentru scobere, ridicare \u0219i transportul solului, f\u00e2nului \u0219i altor materiale. <\/li>\n<li>Excavatoare: Cilindrul cupei permite ac\u021biunea de s\u0103pare permi\u021b\u00e2nd cupei s\u0103 p\u0103trund\u0103 \u00een sol. <\/li>\n<li>\u00cenc\u0103rc\u0103toare: \u00cen \u00eenc\u0103rc\u0103toarele frontale, acestea ajut\u0103 la ridicarea \u0219i desc\u0103rcarea eficient\u0103 a m\u0103rfurilor.<\/li>\n<\/ul>\n<h2>Considera\u021bii de proiectare \u0219i standarde de selec\u021bie<\/h2>\n<ul>\n<li>Capacitate portant\u0103: Cilindrul trebuie proiectat s\u0103 reziste la sarcina \u0219i presiunea maxim\u0103.<\/li>\n<li>Etan\u0219are: Diverse componente de etan\u0219are, cum ar fi etan\u0219\u0103rile pistonului, etan\u0219\u0103rile tijei etc., trebuie fabricate din materiale rezistente la uzur\u0103 pentru a asigura performan\u021ba de etan\u0219are pe termen lung \u00een medii dure.<\/li>\n<li>Durabilitate: Cilindrul trebuie proiectat pentru a rezista la solicit\u0103rile de oboseal\u0103 \u0219i la uzura cauzate de utilizarea prelungit\u0103.<\/li>\n<li>Siguran\u021b\u0103: Sistemul hidraulic trebuie proiectat pentru a preveni accidentele \u0219i a asigura siguran\u021ba operatorului.<\/li>\n<li>\u00centre\u021binere: Cilindrul trebuie proiectat av\u00e2nd \u00een vedere o \u00eentre\u021binere u\u0219oar\u0103, inclusiv dezasamblarea, reasamblarea \u0219i \u00eenlocuirea u\u0219oar\u0103 a componentelor deteriorate.<\/li>\n<\/ul>\n<p><img decoding=\"async\" src=\"https:\/\/www.hydraulic-cylinders.net\/wp-content\/uploads\/2025\/01\/songte-oil-pipes-and-spare-parts.webp\"><\/p>\n<h2>Etan\u0219are \u0219i lubrifiere<\/h2>\n<p>Diverse componente de etan\u0219are, cum ar fi etan\u0219\u0103rile pistonului, etan\u0219\u0103rile tijei etc., trebuie fabricate din materiale rezistente la uzur\u0103 pentru a asigura performan\u021ba de etan\u0219are pe termen lung \u00een medii dure. Corpul cilindrului \u0219i suprafa\u021ba filetat\u0103 a cap\u0103tului sunt prelucrate fin pentru a \u00eembun\u0103t\u0103\u021bi rezisten\u021ba la uzur\u0103. Este necesar s\u0103 se adauge \u00een mod regulat o cantitate adecvat\u0103 de ulei hidraulic pentru lubrifiere.<\/p>\n<h2>\u00centre\u021binere \u0219i precau\u021bii<\/h2>\n<ul>\n<li>Inspec\u021bie regulat\u0103: Inspec\u021bia regulat\u0103 a cilindrului poate preveni poten\u021bialele probleme.<\/li>\n<li>Lubrifiere adecvat\u0103: Lubrifierea adecvat\u0103 poate men\u021bine performan\u021ba cilindrului.<\/li>\n<li>\u00cenlocuirea garniturilor: \u00cenlocuirea regulat\u0103 a garniturilor poate \u00eembun\u0103t\u0103\u021bi performan\u021ba de etan\u0219are a cilindrului. <\/li>\n<li>Verificarea calibr\u0103rii: Cilindrul trebuie calibrat periodic pentru a-i asigura precizia.<\/li>\n<\/ul>\n<p><img decoding=\"async\" src=\"https:\/\/www.hydraulic-cylinders.net\/wp-content\/uploads\/2025\/01\/songte-chushion-collar.webp\"><\/p>\n<h2>Considera\u021bii de siguran\u021b\u0103 \u0219i factori de mediu<\/h2>\n<p>M\u0103surile de siguran\u021b\u0103 sunt esen\u021biale atunci c\u00e2nd se utilizeaz\u0103 cilindri hidraulici pentru a preveni accidentele. Eliminarea corect\u0103 a fluidului hidraulic \u0219i a altor de\u0219euri este, de asemenea, necesar\u0103 pentru a proteja mediul \u00eenconjur\u0103tor.<\/p>\n<h2>Diagnosticare \u0219i depanare<\/h2>\n<p>Dac\u0103 cilindrul func\u021bioneaz\u0103 defectuos, poate duce la performan\u021be slabe sau chiar accidente. Diagnosticarea \u0219i depanarea corect\u0103 pot ajuta la rezolvarea acestor probleme.<\/p>\n<h2>Despre compania noastr\u0103<\/h2>\n<p>Suntem produc\u0103tori de cilindri hidraulici de schimb. Compania noastr\u0103 ofer\u0103 o gam\u0103 larg\u0103 de produse \u0219i a devenit unul dintre principalii produc\u0103tori \u0219i angrosi\u0219ti \u200b\u200bde cilindri hidraulici pe pie\u021bele interne \u0219i interna\u021bionale. Urm\u0103m principiul calit\u0103\u021bii excelente \u0219i ne baz\u0103m pe strategia industrializat\u0103 de management al produc\u021biei din atelierele de produc\u021bie fin\u0103. Compania noastr\u0103 \u00eembun\u0103t\u0103\u021be\u0219te continuu platforma de produc\u021bie a atelierului, perfec\u021bioneaz\u0103 ruta calit\u0103\u021bii produc\u021biei produsului \u0219i are capacit\u0103\u021bi creative puternice pentru a satisface nevoile diverse ale clien\u021bilor cu eficien\u021b\u0103 ridicat\u0103, precizie ridicat\u0103 \u0219i calitate superioar\u0103. <\/p>\n<ul>\n<li>Profesionalism: Angaj\u0103m o echip\u0103 de profesioni\u0219ti cu experien\u021b\u0103, dedica\u021bi produc\u021biei de cilindri hidraulici de \u00eenalt\u0103 calitate.<\/li>\n<li>Certificare interna\u021bional\u0103: Produsele noastre au trecut certific\u0103ri interna\u021bionale de calitate \u0219i au fost exportate \u00een numeroase \u021b\u0103ri \u0219i regiuni din \u00eentreaga lume.<\/li>\n<li>Servicii de personalizare: Oferim servicii personalizate pentru a satisface nevoile individuale ale clien\u021bilor.<\/li>\n<li>Echipamente de produc\u021bie: Folosim echipamente digitale avansate de fabrica\u021bie pentru a asigura calitatea \u0219i eficien\u021ba procesului nostru de produc\u021bie.<\/li>\n<li>Servicii post-v\u00e2nzare: Oferim servicii complete post-v\u00e2nzare pentru a asigura satisfac\u021bia clien\u021bilor.<\/li>\n<\/ul>\n<p><img decoding=\"async\" src=\"https:\/\/www.hydraulic-cylinders.net\/wp-content\/uploads\/2025\/01\/songte-company-3.webp\"><\/p>\n<p>Autor: lyl.<\/p>","protected":false},"excerpt":{"rendered":"<p>Bucket Cylinder for Hyundai Middle Excavator R200-5-5D Introduction A bucket cylinder is a specially designed hydraulic cylinder used to control the movement of the bucket in heavy machinery like excavators, backhoe excavators, and front-end loaders. Its main function is to enable the bucket to lift, lower, and tilt, making it easier to transport various materials. [&hellip;]<\/p>","protected":false},"featured_media":14788,"comment_status":"open","ping_status":"closed","template":"","meta":{"_et_pb_use_builder":"","_et_pb_old_content":"","_et_gb_content_width":""},"product_brand":[],"product_cat":[1494],"product_tag":[1495,1496],"class_list":{"0":"post-15313","1":"product","2":"type-product","3":"status-publish","4":"has-post-thumbnail","6":"product_cat-bucket-cylinders","7":"product_tag-bucket-cylinders","8":"product_tag-hydraulic-cylinders","10":"first","11":"instock","12":"shipping-taxable","13":"product-type-simple"},"amp_enabled":true,"_links":{"self":[{"href":"https:\/\/www.hydraulic-cylinders.net\/ro\/wp-json\/wp\/v2\/product\/15313","targetHints":{"allow":["GET"]}}],"collection":[{"href":"https:\/\/www.hydraulic-cylinders.net\/ro\/wp-json\/wp\/v2\/product"}],"about":[{"href":"https:\/\/www.hydraulic-cylinders.net\/ro\/wp-json\/wp\/v2\/types\/product"}],"replies":[{"embeddable":true,"href":"https:\/\/www.hydraulic-cylinders.net\/ro\/wp-json\/wp\/v2\/comments?post=15313"}],"wp:featuredmedia":[{"embeddable":true,"href":"https:\/\/www.hydraulic-cylinders.net\/ro\/wp-json\/wp\/v2\/media\/14788"}],"wp:attachment":[{"href":"https:\/\/www.hydraulic-cylinders.net\/ro\/wp-json\/wp\/v2\/media?parent=15313"}],"wp:term":[{"taxonomy":"product_brand","embeddable":true,"href":"https:\/\/www.hydraulic-cylinders.net\/ro\/wp-json\/wp\/v2\/product_brand?post=15313"},{"taxonomy":"product_cat","embeddable":true,"href":"https:\/\/www.hydraulic-cylinders.net\/ro\/wp-json\/wp\/v2\/product_cat?post=15313"},{"taxonomy":"product_tag","embeddable":true,"href":"https:\/\/www.hydraulic-cylinders.net\/ro\/wp-json\/wp\/v2\/product_tag?post=15313"}],"curies":[{"name":"wp","href":"https:\/\/api.w.org\/{rel}","templated":true}]}}