{"id":15314,"date":"2025-01-19T14:22:28","date_gmt":"2025-01-19T14:22:28","guid":{"rendered":"https:\/\/www.hydraulic-cylinders.net\/product\/bucket-cylinder-for-hyundai-middle-excavator-r210-5d\/"},"modified":"2025-01-19T14:22:29","modified_gmt":"2025-01-19T14:22:29","slug":"bucket-cylinder-for-hyundai-middle-excavator-r210-5d","status":"publish","type":"product","link":"https:\/\/www.hydraulic-cylinders.net\/ro\/produs\/bucket-cylinder-for-hyundai-middle-excavator-r210-5d\/","title":{"rendered":"Cilindru cup\u0103 pentru excavatorul mijlociu Hyundai R210-5D"},"content":{"rendered":"<h1>Cilindru cup\u0103 pentru excavatorul mijlociu Hyundai R210-5D<\/h1>\n<h2>Introducere<\/h2>\n<p>Un cilindru al cupei este un cilindru hidraulic special conceput, utilizat pentru a controla mi\u0219carea cupei \u00een utilaje grele, cum ar fi excavatoarele, \u00eenc\u0103rc\u0103toarele excavatoare \u0219i \u00eenc\u0103rc\u0103toarele frontale. Func\u021bia sa principal\u0103 este de a permite ridicarea, cobor\u00e2rea \u0219i \u00eenclinarea cupei, facilit\u00e2nd astfel diverse sarcini de manipulare a materialelor. \u00cen sistemul hidraulic, cilindrul cupei realizeaz\u0103 un control precis al cupei prin varia\u021bia presiunii uleiului hidraulic, permi\u021b\u00e2nd operatorilor s\u0103 manipuleze eficient obiecte grele \u0219i s\u0103 se adapteze la medii de lucru complexe \u0219i cerin\u021be opera\u021bionale diverse.<\/p>\n<p><img decoding=\"async\" src=\"https:\/\/www.hydraulic-cylinders.net\/wp-content\/uploads\/2025\/01\/songte-company-2.webp\" \/><\/p>\n<h2>Caracteristici<\/h2>\n<ul>\n<li>\n<h3>Rezisten\u021b\u0103 \u0219i durabilitate ridicate<\/h3>\n<p>Cilindrii cu cup\u0103 sunt de obicei fabrica\u021bi din o\u021bel sau aluminiu de \u00eenalt\u0103 rezisten\u021b\u0103, capabili s\u0103 reziste la presiuni ridicate \u0219i sarcini grele \u0219i proiecta\u021bi av\u00e2nd \u00een vedere rezisten\u021ba la uzur\u0103 \u0219i coroziune pentru a le prelungi durata de via\u021b\u0103.<\/p>\n<\/li>\n<li>\n<h3>Func\u021bionare hidraulic\u0103 eficient\u0103<\/h3>\n<p>Cilindrii cupei utilizeaz\u0103 presiunea uleiului hidraulic pentru a ob\u021bine o extensie \u0219i o contrac\u021bie lin\u0103, r\u0103spund rapid la comenzile de control, ofer\u0103 for\u021be puternice de \u00eempingere \u0219i tragere \u0219i sunt ideali pentru manipularea obiectelor grele \u0219i a sarcinilor opera\u021bionale complexe.<\/p>\n<\/li>\n<li>\n<h3>Diverse tipuri<\/h3>\n<p>Cilindrii cupei pot fi selecta\u021bi ca cilindri cu ac\u021biune simpl\u0103 (utilizare hidraulic\u0103 doar \u00eentr-o singur\u0103 direc\u021bie) sau cu ac\u021biune dubl\u0103 (utilizare hidraulic\u0103 \u00een dou\u0103 direc\u021bii), \u00een func\u021bie de cerin\u021bele opera\u021bionale. Unele modele sunt telescopice, permi\u021b\u00e2nd o extindere mai mare f\u0103r\u0103 a cre\u0219te dimensiunile exterioare, potrivite pentru aplica\u021bii cu spa\u021biu limitat.<\/p>\n<\/li>\n<li>\n<h3>\u00cenlocuitor perfect<\/h3>\n<p>Produsele noastre pot \u00eenlocui perfect ace\u0219ti cilindri hidraulici.<\/p>\n<\/li>\n<\/ul>\n<p><img decoding=\"async\" src=\"https:\/\/www.hydraulic-cylinders.net\/wp-content\/uploads\/2025\/01\/songte-cylinder-head-with-all-kinds-excavator-models.webp\" \/><\/p>\n<h2>Aplica\u021bii<\/h2>\n<p>Cilindrii cu cup\u0103 sunt utiliza\u021bi pe scar\u0103 larg\u0103 \u00een diverse industrii pentru diferite scopuri, inclusiv:<\/p>\n<ul>\n<li>\n<h3>Echipamente de construc\u021bii<\/h3>\n<p>Cilindrii cupei sunt esen\u021biali pentru excavatoare la s\u0103pare, \u00eenc\u0103rcare \u0219i mutarea solului sau a resturilor. \u00cen cazul \u00eenc\u0103rc\u0103toarelor basculante, cilindrii cupei ajut\u0103 at\u00e2t la s\u0103pare, c\u00e2t \u0219i la ridicare.<\/p>\n<\/li>\n<li>\n<h3>Ma\u0219ini agricole<\/h3>\n<p>Cilindrii cupei sunt utiliza\u021bi la \u00eenc\u0103rc\u0103toarele frontale pentru a scoate, ridica \u0219i transporta p\u0103m\u00e2nt, f\u00e2n \u0219i alte materiale. La excavatoare, cilindrul cupei permite s\u0103parea permi\u021b\u00e2nd cupei s\u0103 p\u0103trund\u0103 \u00een sol.<\/p>\n<\/li>\n<li>\n<h3>\u00cenc\u0103rc\u0103tor<\/h3>\n<p>Cilindrii cupei ajut\u0103 la ridicarea \u0219i desc\u0103rcarea eficient\u0103 a m\u0103rfurilor \u00een \u00eenc\u0103rc\u0103toarele frontale.<\/p>\n<\/li>\n<\/ul>\n<h2>Considera\u021bii de proiectare \u0219i criterii de selec\u021bie<\/h2>\n<ul>\n<li>\n<h3>Capacitate portant\u0103<\/h3>\n<p>Cilindrul trebuie s\u0103 fie proiectat s\u0103 reziste la sarcini \u0219i presiuni mari, iar materialele utilizate trebuie s\u0103 fie foarte durabile \u0219i rezistente la uzur\u0103 \u0219i coroziune.<\/p>\n<\/li>\n<li>\n<h3>Etan\u0219are \u0219i lubrifiere<\/h3>\n<p>Cilindrul trebuie s\u0103 utilizeze diverse garnituri, cum ar fi inele de etan\u0219are a pistonului \u0219i inele de etan\u0219are a tijei, fabricate din materiale rezistente la uzur\u0103, cum ar fi poliuretanul \u0219i cauciucul nitrilic. Corpul cilindrului \u0219i suprafe\u021bele capetelor filetate trebuie s\u0103 fie supuse unui tratament fin pentru a \u00eembun\u0103t\u0103\u021bi rezisten\u021ba la uzur\u0103. Trebuie ad\u0103ugat\u0103 \u00een mod regulat o cantitate adecvat\u0103 de ulei hidraulic pentru lubrifiere.<\/p>\n<\/li>\n<li>\n<h3>Durabilitate \u0219i siguran\u021b\u0103<\/h3>\n<p>Cilindrul trebuie proiectat av\u00e2nd \u00een vedere siguran\u021ba, cu m\u0103suri precum supape de suprapresiune. Trebuie efectuat\u0103 o \u00eentre\u021binere corespunz\u0103toare \u0219i o inspec\u021bie periodic\u0103 pentru a asigura durabilitatea \u0219i siguran\u021ba sa.<\/p>\n<\/li>\n<\/ul>\n<p><img decoding=\"async\" src=\"https:\/\/www.hydraulic-cylinders.net\/wp-content\/uploads\/2025\/01\/songte-oil-pipes-and-spare-parts.webp\" \/><\/p>\n<h2>\u00centre\u021binere \u0219i repara\u021bii<\/h2>\n<p>\u00centre\u021binerea regulat\u0103 \u0219i lubrifierea corespunz\u0103toare sunt necesare pentru longevitatea cilindrilor cupei. Sarcinile comune de \u00eentre\u021binere includ:<\/p>\n<ul>\n<li>\n<h3>Inspec\u021bie periodic\u0103<\/h3>\n<p>Inspectarea regulat\u0103 a cilindrului pentru a asigura func\u021bionarea corect\u0103 \u0219i a detecta orice probleme poten\u021biale.<\/p>\n<\/li>\n<li>\n<h3>Lubrifiere<\/h3>\n<p>Ad\u0103uga\u021bi \u00een mod regulat cantitatea corespunz\u0103toare de ulei hidraulic pentru a asigura lubrifierea corect\u0103 a cilindrului.<\/p>\n<\/li>\n<li>\n<h3>\u00cenlocuirea garniturii<\/h3>\n<p>Replacing seals, such as piston sealing rings and rod sealing rings, when necessary to maintain the cylinder&#8217;s integrity.<\/p>\n<\/li>\n<li>\n<h3>Verificare calibrare<\/h3>\n<p>Verificarea periodic\u0103 a calibr\u0103rii cilindrului pentru a v\u0103 asigura c\u0103 acesta func\u021bioneaz\u0103 conform destina\u021biei.<\/p>\n<\/li>\n<\/ul>\n<p><img decoding=\"async\" src=\"https:\/\/www.hydraulic-cylinders.net\/wp-content\/uploads\/2025\/01\/songte-chushion-collar.webp\" \/><\/p>\n<h2>Considera\u021bii privind siguran\u021ba \u0219i mediul<\/h2>\n<p>Trebuie luate m\u0103suri de siguran\u021b\u0103 atunci c\u00e2nd se utilizeaz\u0103 cilindri pentru cup\u0103 pentru a minimiza riscul de v\u0103t\u0103mare a operatorilor \u0219i a trec\u0103torilor. De asemenea, este esen\u021bial s\u0103 se ia \u00een considerare factorii de mediu, cum ar fi eliminarea corect\u0103 a uleiului hidraulic uzat \u0219i a garniturilor, pentru a reduce poluarea.<\/p>\n<h2>Depanare \u0219i probleme frecvente<\/h2>\n<p>Problemele frecvente ale cilindrului cupei includ scurgeri, func\u021bionare lent\u0103 \u0219i presiune sc\u0103zut\u0103. Sfaturile \u0219i solu\u021biile de depanare includ:<\/p>\n<ul>\n<li>\n<h3>Scurgere<\/h3>\n<p>Verifica\u021bi garniturile \u0219i \u00eenlocui\u021bi-le dac\u0103 este necesar.<\/p>\n<\/li>\n<li>\n<h3>Func\u021bionare lent\u0103<\/h3>\n<p>Verifica\u021bi dac\u0103 nivelul uleiului hidraulic este suficient \u0219i regla\u021bi supapa de control dac\u0103 este necesar.<\/p>\n<\/li>\n<li>\n<h3>Joas\u0103 presiune<\/h3>\n<p>Verifica\u021bi dac\u0103 pompa hidraulic\u0103 func\u021bioneaz\u0103 corect \u0219i regla\u021bi supapa de siguran\u021b\u0103, dac\u0103 este necesar.<\/p>\n<\/li>\n<li>\n<h3>M\u0103suri preventive<\/h3>\n<p>\u00centre\u021binerea \u0219i inspec\u021bia regulat\u0103 pot ajuta la prevenirea apari\u021biei problemelor comune \u0219i pot asigura longevitatea cilindrului.<\/p>\n<\/li>\n<\/ul>\n<p><img decoding=\"async\" src=\"https:\/\/www.hydraulic-cylinders.net\/wp-content\/uploads\/2025\/01\/songte-bushings-with-all-kinds-of-excavator-models.webp\" \/><\/p>\n<h2>Despre noi<\/h2>\n<p>Suntem produc\u0103tori de cilindri hidraulici de schimb. Gama noastr\u0103 larg\u0103 de produse ne-a transformat \u00eentr-unul dintre principalii produc\u0103tori \u0219i angrosi\u0219ti \u200b\u200bde cilindri hidraulici pe pie\u021bele interne \u0219i interna\u021bionale. Urm\u0103m principiul calit\u0103\u021bii excelente \u0219i ne baz\u0103m pe strategiile industrializate de management al produc\u021biei ale atelierelor noastre sofisticate de fabrica\u021bie. Concentr\u00e2ndu-ne pe talentul tehnologic, echipamentele digitale de fabrica\u021bie de ultim\u0103 genera\u021bie \u0219i sistemele profesionale de testare, platforma noastr\u0103 de fabrica\u021bie continu\u0103 s\u0103 se \u00eembun\u0103t\u0103\u021beasc\u0103, perfec\u021bion\u00e2nd calitatea produselor \u0219i rutele de produc\u021bie pentru a satisface diversele cerin\u021be ale clien\u021bilor cu eficien\u021b\u0103, precizie \u0219i calitate ridicate.<\/p>\n<h3>Profesionalism<\/h3>\n<p>Compania noastr\u0103 se angajeaz\u0103 s\u0103 ofere clien\u021bilor produse \u0219i solu\u021bii profesionale \u0219i fiabile pentru cilindri hidraulici, sus\u021binute de o echip\u0103 de ingineri \u0219i tehnicieni califica\u021bi, cu experien\u021b\u0103 \u00een domeniul ma\u0219inilor hidraulice.<\/p>\n<h3>Certificare interna\u021bional\u0103<\/h3>\n<p>Compania noastr\u0103 a ob\u021binut certific\u0103ri interna\u021bionale, precum ISO 9001, asigur\u00e2nd calitatea produselor noastre.<\/p>\n<h3>Serviciu personalizat<\/h3>\n<p>We offer customized services tailored to meet our customers&#8217; specific requirements.<\/p>\n<h3>Echipamente de produc\u021bie<\/h3>\n<p>Compania noastr\u0103 dispune de echipamente de produc\u021bie \u0219i testare avansate, asigur\u00e2ndu-ne c\u0103 produsele noastre \u00eendeplinesc standarde \u00eenalte.<\/p>\n<h3>Serviciu post-v\u00e2nzare<\/h3>\n<p>Compania noastr\u0103 ofer\u0103 servicii post-v\u00e2nzare complete \u0219i prompte pentru a asigura satisfac\u021bia clien\u021bilor.<\/p>\n<p><img decoding=\"async\" src=\"https:\/\/hzpt.com\/wp-content\/uploads\/2024\/11\/songte-company-1.webp\" \/><\/p>\n<p>Autor: lyl.<\/p>","protected":false},"excerpt":{"rendered":"<p>Bucket Cylinder For Hyundai Middle Excavator R210-5D Introduction A bucket cylinder is a specially designed hydraulic cylinder used to control the movement of the bucket in heavy machinery, such as excavators, backhoe loaders, and front-end loaders. Its main function is to enable the bucket to lift, lower, and tilt, thus facilitating various material handling tasks. [&hellip;]<\/p>","protected":false},"featured_media":14787,"comment_status":"open","ping_status":"closed","template":"","meta":{"_et_pb_use_builder":"","_et_pb_old_content":"","_et_gb_content_width":""},"product_brand":[],"product_cat":[1494],"product_tag":[1495,1496],"class_list":{"0":"post-15314","1":"product","2":"type-product","3":"status-publish","4":"has-post-thumbnail","6":"product_cat-bucket-cylinders","7":"product_tag-bucket-cylinders","8":"product_tag-hydraulic-cylinders","10":"first","11":"instock","12":"shipping-taxable","13":"product-type-simple"},"amp_enabled":true,"_links":{"self":[{"href":"https:\/\/www.hydraulic-cylinders.net\/ro\/wp-json\/wp\/v2\/product\/15314","targetHints":{"allow":["GET"]}}],"collection":[{"href":"https:\/\/www.hydraulic-cylinders.net\/ro\/wp-json\/wp\/v2\/product"}],"about":[{"href":"https:\/\/www.hydraulic-cylinders.net\/ro\/wp-json\/wp\/v2\/types\/product"}],"replies":[{"embeddable":true,"href":"https:\/\/www.hydraulic-cylinders.net\/ro\/wp-json\/wp\/v2\/comments?post=15314"}],"wp:featuredmedia":[{"embeddable":true,"href":"https:\/\/www.hydraulic-cylinders.net\/ro\/wp-json\/wp\/v2\/media\/14787"}],"wp:attachment":[{"href":"https:\/\/www.hydraulic-cylinders.net\/ro\/wp-json\/wp\/v2\/media?parent=15314"}],"wp:term":[{"taxonomy":"product_brand","embeddable":true,"href":"https:\/\/www.hydraulic-cylinders.net\/ro\/wp-json\/wp\/v2\/product_brand?post=15314"},{"taxonomy":"product_cat","embeddable":true,"href":"https:\/\/www.hydraulic-cylinders.net\/ro\/wp-json\/wp\/v2\/product_cat?post=15314"},{"taxonomy":"product_tag","embeddable":true,"href":"https:\/\/www.hydraulic-cylinders.net\/ro\/wp-json\/wp\/v2\/product_tag?post=15314"}],"curies":[{"name":"wp","href":"https:\/\/api.w.org\/{rel}","templated":true}]}}