{"id":15323,"date":"2025-01-19T14:23:04","date_gmt":"2025-01-19T14:23:04","guid":{"rendered":"https:\/\/www.hydraulic-cylinders.net\/product\/bucket-cylinder-for-hyundai-large-excavator-r290lc-7\/"},"modified":"2025-01-19T14:23:12","modified_gmt":"2025-01-19T14:23:12","slug":"bucket-cylinder-for-hyundai-large-excavator-r290lc-7","status":"publish","type":"product","link":"https:\/\/www.hydraulic-cylinders.net\/ro\/produs\/bucket-cylinder-for-hyundai-large-excavator-r290lc-7\/","title":{"rendered":"Cilindru cup\u0103 pentru excavator mare Hyundai R290LC-7"},"content":{"rendered":"<h1>Cilindru cup\u0103 pentru excavator mare Hyundai R290LC-7<\/h1>\n<h2>Introducere<\/h2>\n<p>Cilindrul cupei pentru excavatorul mare Hyundai R290LC-7 este un cilindru hidraulic specializat, conceput pentru a controla mi\u0219carea cupei \u00een utilaje grele, cum ar fi excavatoarele, \u00eenc\u0103rc\u0103toarele excavatoare \u0219i \u00eenc\u0103rc\u0103toarele frontale. Func\u021bia sa principal\u0103 este de a permite ridicarea, cobor\u00e2rea \u0219i \u00eenclinarea cupei, facilit\u00e2nd gestionarea diverselor sarcini de manipulare a materialelor. \u00cen sistemul hidraulic, cilindrul cupei realizeaz\u0103 un control precis al cupei prin modific\u0103ri ale presiunii uleiului hidraulic, permi\u021b\u00e2nd operatorilor s\u0103 manipuleze eficient sarcini grele \u0219i s\u0103 se adapteze la medii de lucru complexe \u0219i cerin\u021be diverse ale lucr\u0103rilor.<\/p>\n<p><img decoding=\"async\" src=\"https:\/\/www.hydraulic-cylinders.net\/wp-content\/uploads\/2025\/01\/songte-company-2.webp\" alt=\"Imaginea produsului\"><\/p>\n<h2>Caracteristici<\/h2>\n<ul>\n<li>Rezisten\u021b\u0103 \u0219i durabilitate ridicate: De obicei, fabricate din o\u021bel sau aluminiu de \u00eenalt\u0103 rezisten\u021b\u0103, capabile s\u0103 reziste la presiuni ridicate \u0219i sarcini grele, adapt\u00e2ndu-se la medii de lucru dure. Proiectate \u021bin\u00e2nd cont de rezisten\u021ba la uzur\u0103 \u0219i la coroziune pentru a prelungi durata de via\u021b\u0103.<\/li>\n<li>Func\u021bionare hidraulic\u0103 eficient\u0103: Utilizeaz\u0103 presiunea uleiului hidraulic pentru a ob\u021bine mi\u0219c\u0103ri line de extensie \u0219i retragere, permi\u021b\u00e2nd un r\u0103spuns rapid la comenzile de control, oferind for\u021be puternice de \u00eempingere \u0219i tragere, potrivite pentru manipularea sarcinilor grele \u0219i a sarcinilor complexe.<\/li>\n<li>Diverse tipuri: Se poate alege \u00eentre cilindri cu ac\u021biune simpl\u0103 (hidraulic\u0103 doar \u00eentr-o singur\u0103 direc\u021bie) sau cu ac\u021biune dubl\u0103 (hidraulic\u0103 \u00een ambele direc\u021bii) \u00een func\u021bie de cerin\u021be, pentru a satisface diferite nevoi opera\u021bionale. Unele modele sunt telescopice, permi\u021b\u00e2nd o extensie mai mare f\u0103r\u0103 a cre\u0219te dimensiunile exterioare, potrivite pentru aplica\u021bii cu spa\u021biu limitat.<\/li>\n<\/ul>\n<p><img decoding=\"async\" src=\"https:\/\/www.hydraulic-cylinders.net\/wp-content\/uploads\/2025\/01\/songte-cylinder-head-with-all-kinds-excavator-models.webp\" alt=\"Imaginea produsului\"><\/p>\n<h2>Aplica\u021bii<\/h2>\n<ul>\n<li>Echipamente de construc\u021bii: Se g\u0103sesc \u00een excavatoare, acestea sunt esen\u021biale pentru s\u0103pare, \u00eenc\u0103rcare \u0219i mutarea solului sau a resturilor. La \u00eenc\u0103rc\u0103toarele cu excavator, cilindrul cupei ajut\u0103 at\u00e2t la s\u0103pare, c\u00e2t \u0219i la ridicare.<\/li>\n<li>Ma\u0219ini agricole: utilizate la \u00eenc\u0103rc\u0103toarele frontale pentru a scoate, ridica \u0219i transporta p\u0103m\u00e2nt, f\u00e2n \u0219i alte materiale.<\/li>\n<li>Excavatoare: Cilindrul cupei permite ac\u021biunile de s\u0103pare permi\u021b\u00e2nd cupei s\u0103 p\u0103trund\u0103 \u00een sol.<\/li>\n<li>\u00cenc\u0103rc\u0103toare: \u00cen cazul \u00eenc\u0103rc\u0103toarelor frontale, acestea ajut\u0103 la ridicarea \u0219i desc\u0103rcarea eficient\u0103 a m\u0103rfurilor.<\/li>\n<\/ul>\n<h2>Considera\u021bii de proiectare \u0219i criterii de selec\u021bie<\/h2>\n<ul>\n<li>Capacitate portant\u0103: Discuta\u021bi capacitatea cilindrului de a suporta sarcini grele \u0219i importan\u021ba select\u0103rii cilindrului adecvat pentru aplica\u021bie.<\/li>\n<li>Etan\u0219are: Descrie\u021bi utilizarea diferitelor garnituri, cum ar fi garniturile pistonului \u0219i garniturile tijei, fabricate din materiale rezistente la uzur\u0103, cum ar fi poliuretanul \u0219i cauciucul nitrilic. Eviden\u021bia\u021bi importan\u021ba corpului cilindrului fin tratat \u0219i a suprafe\u021belor filetate ale cap\u0103tului pentru a spori rezisten\u021ba la uzur\u0103.<\/li>\n<\/ul>\n<p><img decoding=\"async\" src=\"https:\/\/www.hydraulic-cylinders.net\/wp-content\/uploads\/2025\/01\/songte-oil-pipes-and-spare-parts.webp\" alt=\"Imaginea produsului\"><\/p>\n<h2>Etan\u0219are \u0219i lubrifiere<\/h2>\n<p>Cilindrul cupei utilizeaz\u0103 diverse elemente de etan\u0219are, cum ar fi etan\u0219\u0103ri de piston \u0219i etan\u0219\u0103ri de tij\u0103, fabricate din materiale rezistente la uzur\u0103, precum poliuretanul \u0219i cauciucul nitrilic. Corpul cilindrului \u0219i suprafe\u021bele filetate ale cap\u0103tului sunt tratate fin pentru a \u00eembun\u0103t\u0103\u021bi rezisten\u021ba la uzur\u0103. Lubrifierea regulat\u0103 cu o cantitate adecvat\u0103 de ulei hidraulic este necesar\u0103 pentru a asigura o func\u021bionare f\u0103r\u0103 probleme.<\/p>\n<h2>Inspec\u021bie regulat\u0103 \u0219i \u00eentre\u021binere preventiv\u0103<\/h2>\n<ul>\n<li>Inspecta\u021bi periodic cilindrul pentru a depista orice semne de scurgeri, deterior\u0103ri sau uzur\u0103.<\/li>\n<li>Asigura\u021bi lubrifierea corespunz\u0103toare a cilindrului \u0219i \u00eenlocui\u021bi garniturile dup\u0103 cum este necesar.<\/li>\n<li>Efectua\u021bi verific\u0103ri de calibrare pentru a men\u021bine performan\u021ba optim\u0103.<\/li>\n<\/ul>\n<p><img decoding=\"async\" src=\"https:\/\/www.hydraulic-cylinders.net\/wp-content\/uploads\/2025\/01\/songte-chushion-collar.webp\" alt=\"Imaginea produsului\"><\/p>\n<h2>Considera\u021bii de siguran\u021b\u0103 \u0219i factori de mediu<\/h2>\n<p>C\u00e2nd utiliza\u021bi cilindrul cupei, este important s\u0103 respecta\u021bi m\u0103surile de siguran\u021b\u0103 adecvate pentru a preveni accidentele \u0219i a asigura un mediu de lucru sigur. Lua\u021bi \u00een considerare factorii de mediu, cum ar fi eliminarea corect\u0103 a uleiului hidraulic \u0219i respectarea reglement\u0103rilor de mediu.<\/p>\n<h2>Depanare \u0219i probleme frecvente<\/h2>\n<p>Problemele frecvente care pot ap\u0103rea la cilindrii cupei includ scurgeri, performan\u021b\u0103 redus\u0103 \u0219i zgomot anormal. Ar trebui furnizate sfaturi \u0219i solu\u021bii de depanare pentru a ajuta cititorii s\u0103 diagnosticheze \u0219i s\u0103 rezolve eficient problemele. De asemenea, ar trebui sugerate m\u0103suri preventive pentru a minimiza poten\u021bialele probleme.<\/p>\n<p><img decoding=\"async\" src=\"https:\/\/www.hydraulic-cylinders.net\/wp-content\/uploads\/2025\/01\/songte-bushings-with-all-kinds-of-excavator-models.webp\" alt=\"Imaginea produsului\"><\/p>\n<h2>Sarcini de \u00eentre\u021binere<\/h2>\n<ul>\n<li>Inspec\u021bie regulat\u0103: Verifica\u021bi cilindrul pentru a depista orice semne de deteriorare sau uzur\u0103.<\/li>\n<li>Lubrifiere adecvat\u0103: Asigura\u021bi-v\u0103 c\u0103 cilindrul este lubrifiat corespunz\u0103tor pentru a men\u021bine performan\u021be optime.<\/li>\n<li>\u00cenlocuirea garniturilor: \u00cenlocui\u021bi garniturile dup\u0103 cum este necesar pentru a preveni scurgerile \u0219i a men\u021bine eficien\u021ba.<\/li>\n<\/ul>\n<h2>Despre compania noastr\u0103<\/h2>\n<p>Suntem produc\u0103tori de cilindri hidraulici de schimb \u0219i oferim o gam\u0103 larg\u0103 de produse. Fiind unul dintre principalii produc\u0103tori \u0219i distribuitori angro de cilindri hidraulici pe pie\u021bele interne \u0219i interna\u021bionale, ader\u0103m la principiile calit\u0103\u021bii excelente \u0219i ne baz\u0103m pe strategii de management al produc\u021biei industriale \u00een atelierele noastre sofisticate de fabrica\u021bie. Concentr\u00e2ndu-ne pe talentul tehnologic, echipamente digitale avansate de fabrica\u021bie \u0219i sisteme profesionale de testare, \u00eembun\u0103t\u0103\u021bim continuu platforma noastr\u0103 de fabrica\u021bie, \u00eembun\u0103t\u0103\u021bim rutele de produc\u021bie a calit\u0103\u021bii produselor \u0219i avem capacit\u0103\u021bi creative puternice pentru a satisface diversele nevoi ale clien\u021bilor cu eficien\u021b\u0103 ridicat\u0103, precizie ridicat\u0103 \u0219i principii de \u00eenalt\u0103 calitate.<\/p>\n<p><img decoding=\"async\" src=\"https:\/\/www.hydraulic-cylinders.net\/wp-content\/uploads\/2025\/01\/songte-company-3.webp\" alt=\"Imaginea companiei\"><\/p>\n<p>Oferim descrieri complete ale profesionalismului companiei noastre, certific\u0103ri interna\u021bionale, servicii personalizate, echipamente de produc\u021bie \u0219i servicii post-v\u00e2nzare.<\/p>\n<p>Autor: lyl<\/p>","protected":false},"excerpt":{"rendered":"<p>Bucket Cylinder For Hyundai Large Excavator R290LC-7 Introduction The bucket cylinder for Hyundai large excavator R290LC-7 is a specialized hydraulic cylinder designed to control the movement of the bucket in heavy machinery such as excavators, backhoe loaders, and front-end loaders. Its main function is to enable the lifting, lowering, and tilting of the bucket, making [&hellip;]<\/p>","protected":false},"featured_media":14769,"comment_status":"open","ping_status":"closed","template":"","meta":{"_et_pb_use_builder":"","_et_pb_old_content":"","_et_gb_content_width":""},"product_brand":[],"product_cat":[1494],"product_tag":[1495,1496],"class_list":{"0":"post-15323","1":"product","2":"type-product","3":"status-publish","4":"has-post-thumbnail","6":"product_cat-bucket-cylinders","7":"product_tag-bucket-cylinders","8":"product_tag-hydraulic-cylinders","10":"first","11":"instock","12":"shipping-taxable","13":"product-type-simple"},"amp_enabled":true,"_links":{"self":[{"href":"https:\/\/www.hydraulic-cylinders.net\/ro\/wp-json\/wp\/v2\/product\/15323","targetHints":{"allow":["GET"]}}],"collection":[{"href":"https:\/\/www.hydraulic-cylinders.net\/ro\/wp-json\/wp\/v2\/product"}],"about":[{"href":"https:\/\/www.hydraulic-cylinders.net\/ro\/wp-json\/wp\/v2\/types\/product"}],"replies":[{"embeddable":true,"href":"https:\/\/www.hydraulic-cylinders.net\/ro\/wp-json\/wp\/v2\/comments?post=15323"}],"wp:featuredmedia":[{"embeddable":true,"href":"https:\/\/www.hydraulic-cylinders.net\/ro\/wp-json\/wp\/v2\/media\/14769"}],"wp:attachment":[{"href":"https:\/\/www.hydraulic-cylinders.net\/ro\/wp-json\/wp\/v2\/media?parent=15323"}],"wp:term":[{"taxonomy":"product_brand","embeddable":true,"href":"https:\/\/www.hydraulic-cylinders.net\/ro\/wp-json\/wp\/v2\/product_brand?post=15323"},{"taxonomy":"product_cat","embeddable":true,"href":"https:\/\/www.hydraulic-cylinders.net\/ro\/wp-json\/wp\/v2\/product_cat?post=15323"},{"taxonomy":"product_tag","embeddable":true,"href":"https:\/\/www.hydraulic-cylinders.net\/ro\/wp-json\/wp\/v2\/product_tag?post=15323"}],"curies":[{"name":"wp","href":"https:\/\/api.w.org\/{rel}","templated":true}]}}