{"id":15326,"date":"2025-01-19T14:23:24","date_gmt":"2025-01-19T14:23:24","guid":{"rendered":"https:\/\/www.hydraulic-cylinders.net\/product\/bucket-cylinder-for-hyundai-large-excavator-r37lc-7\/"},"modified":"2025-01-19T14:23:26","modified_gmt":"2025-01-19T14:23:26","slug":"bucket-cylinder-for-hyundai-large-excavator-r37lc-7","status":"publish","type":"product","link":"https:\/\/www.hydraulic-cylinders.net\/ro\/produs\/bucket-cylinder-for-hyundai-large-excavator-r37lc-7\/","title":{"rendered":"Cilindru cup\u0103 pentru excavator mare Hyundai R37LC-7"},"content":{"rendered":"<h1>Cilindru cup\u0103 pentru excavator mare Hyundai R37LC-7<\/h1>\n<h2>Introducere<\/h2>\n<p>Cilindrul cupei pentru excavatorul mare Hyundai R37LC-7 este un cilindru hidraulic special conceput, utilizat pentru a controla mi\u0219carea cupelor \u00een utilaje grele, cum ar fi excavatoarele, excavatoarele cu buldoexcavatoare \u0219i \u00eenc\u0103rc\u0103toare frontale. Func\u021bia sa principal\u0103 este de a permite ridicarea, cobor\u00e2rea \u0219i \u00eenclinarea cupei, facilit\u00e2nd efectuarea diverselor sarcini de manipulare a materialelor. \u00cen sistemul hidraulic, cilindrul cupei utilizeaz\u0103 schimbarea presiunii uleiului hidraulic pentru a ob\u021bine un control precis al cupei, permi\u021b\u00e2nd operatorilor s\u0103 manipuleze eficient sarcini grele, s\u0103 se adapteze la medii de lucru complexe \u0219i la diverse cerin\u021be opera\u021bionale.<\/p>\n<p><img decoding=\"async\" src=\"https:\/\/www.hydraulic-cylinders.net\/wp-content\/uploads\/2025\/01\/songte-company-2.webp\" \/><\/p>\n<h2>Caracteristici<\/h2>\n<ul>\n<li>\n<h3>Rezisten\u021b\u0103 \u0219i durabilitate ridicate<\/h3>\n<p>Cilindrul cupei este de obicei fabricat din o\u021bel sau aluminiu de \u00eenalt\u0103 rezisten\u021b\u0103, capabil s\u0103 reziste la presiuni ridicate \u0219i sarcini grele, adapt\u00e2ndu-se la medii de lucru dure \u0219i fiind proiectat av\u00e2nd \u00een vedere rezisten\u021ba la uzur\u0103 \u0219i la coroziune, prelungindu-i durata de via\u021b\u0103.<\/p>\n<\/li>\n<li>\n<h3>Func\u021bionare hidraulic\u0103 eficient\u0103<\/h3>\n<p>Prin utilizarea presiunii uleiului hidraulic pentru a ob\u021bine ac\u021biuni line de extensie \u0219i retragere, cilindrul cupei poate r\u0103spunde rapid la comenzile de control, poate oferi for\u021be puternice de \u00eempingere \u0219i tragere \u0219i este potrivit pentru manipularea obiectelor grele \u0219i a sarcinilor opera\u021bionale complexe.<\/p>\n<\/li>\n<li>\n<h3>Mai multe tipuri<\/h3>\n<p>Cilindrul cupei poate fi selectat ca cilindru cu ac\u021biune simpl\u0103 (utilizat hidraulic \u00eentr-o singur\u0103 direc\u021bie) sau cu ac\u021biune dubl\u0103 (utilizat hidraulic \u00een dou\u0103 direc\u021bii) \u00een func\u021bie de cerin\u021be, pentru a satisface diferite nevoi opera\u021bionale, iar unele modele sunt telescopice, permi\u021b\u00e2nd o extensie mai mare f\u0103r\u0103 a cre\u0219te dimensiunile exterioare, potrivite pentru aplica\u021bii cu spa\u021biu limitat.<\/p>\n<\/li>\n<li>\n<h3>\u00cenlocuitor perfect<\/h3>\n<p>Putem produce acest produs, iar produsele noastre pot \u00eenlocui perfect ace\u0219ti cilindri hidraulici.<\/p>\n<\/li>\n<li>\n<h3>Aplica\u021bie<\/h3>\n<p>Cilindrul cupei este utilizat pe scar\u0103 larg\u0103 \u00een diverse utilaje grele, cum ar fi:<\/p>\n<ul>\n<li><strong>Echipamente de construc\u021bii:<\/strong> \u00cen excavatoare, acestea sunt esen\u021biale pentru s\u0103pare, \u00eenc\u0103rcare \u0219i mutarea solului sau a resturilor. \u00cen excavatoarele cu buldoexcavatoare, cilindrul cupei ajut\u0103 at\u00e2t la s\u0103pare, c\u00e2t \u0219i la ridicare. <\/li>\n<li><strong>Ma\u0219ini agricole:<\/strong> Folosit pentru \u00eenc\u0103rc\u0103toare frontale, pentru scobere, ridicare \u0219i transportul solului, f\u00e2nului \u0219i altor materiale. <\/li>\n<li><strong>Excavatoare:<\/strong> Cilindrul cupei permite ac\u021biunile de s\u0103pare permi\u021b\u00e2nd cupei s\u0103 p\u0103trund\u0103 \u00een sol.<\/li>\n<li><strong>\u00cenc\u0103rc\u0103toare:<\/strong> \u00cenc\u0103rc\u0103toarele frontale ajut\u0103 la ridicarea \u0219i desc\u0103rcarea eficient\u0103 a m\u0103rfurilor.<\/li>\n<\/ul>\n<\/li>\n<\/ul>\n<h2>Considera\u021bii de proiectare \u0219i criterii de selec\u021bie<\/h2>\n<ul>\n<li>\n<h3>Capacitate de \u00eenc\u0103rcare<\/h3>\n<p>Capacitatea de \u00eenc\u0103rcare a cilindrului cupei este crucial\u0103 pentru a asigura c\u0103 acesta poate gestiona volumul de munc\u0103 prev\u0103zut f\u0103r\u0103 defec\u021biuni sau o durat\u0103 de via\u021b\u0103 redus\u0103. <\/p>\n<\/li>\n<li>\n<h3>Sigilare<\/h3>\n<p>Etan\u0219area este o considera\u021bie crucial\u0103 \u00een proiectare, deoarece previne scurgerile de fluide \u0219i contaminarea mediului. Alegerea materialelor de etan\u0219are trebuie s\u0103 ia \u00een considerare rezisten\u021ba la uzur\u0103 \u0219i propriet\u0103\u021bile corozive pentru a asigura o durat\u0103 lung\u0103 de via\u021b\u0103.<\/p>\n<\/li>\n<li>\n<h3>Durabilitate<\/h3>\n<p>Durabilitatea cilindrului cupei este esen\u021bial\u0103 pentru a asigura rezisten\u021ba acestuia la medii de lucru dure \u0219i la sarcini grele f\u0103r\u0103 defec\u021biuni sau o durat\u0103 de via\u021b\u0103 redus\u0103.<\/p>\n<\/li>\n<li>\n<h3>Siguran\u0163\u0103<\/h3>\n<p>Proiectarea cilindrului cupei trebuie s\u0103 ia \u00een considerare factorii de siguran\u021b\u0103 pentru a evita accidentele \u0219i a asigura siguran\u021ba operatorului.<\/p>\n<\/li>\n<li>\n<h3>\u00centre\u0163inere<\/h3>\n<p>\u00centre\u021binerea cilindrului cupei ar trebui s\u0103 fie u\u0219oar\u0103 \u0219i simpl\u0103 de efectuat, permi\u021b\u00e2nd repara\u021bii \u0219i \u00eenlocuiri rapide \u0219i asigur\u00e2ndu-se c\u0103 cilindrul este \u00eentotdeauna \u00een stare optim\u0103.<\/p>\n<\/li>\n<\/ul>\n<p><img decoding=\"async\" src=\"https:\/\/www.hydraulic-cylinders.net\/wp-content\/uploads\/2025\/01\/songte-oil-pipes-and-spare-parts.webp\" \/><\/p>\n<h2>Etan\u0219are \u0219i lubrifiere<\/h2>\n<p>Cilindrul cupei utilizeaz\u0103 diverse componente de etan\u0219are, cum ar fi etan\u0219\u0103ri de piston \u0219i etan\u0219\u0103ri de tij\u0103, fabricate din materiale rezistente la uzur\u0103, cum ar fi poliuretanul \u0219i cauciucul nitrilic, pentru a preveni scurgerile de ulei. Corpul cilindrului \u0219i suprafa\u021ba filetat\u0103 sunt supuse unei prelucr\u0103ri fine pentru a \u00eembun\u0103t\u0103\u021bi rezisten\u021ba la uzur\u0103. Cilindrul cupei necesit\u0103 lubrifiere regulat\u0103 cu ulei hidraulic pentru a asigura o func\u021bionare lin\u0103 \u0219i o durat\u0103 lung\u0103 de via\u021b\u0103.<\/p>\n<h2>Inspec\u021bie \u0219i \u00eentre\u021binere<\/h2>\n<p>Inspec\u021bia, lubrifierea \u0219i \u00eenlocuirea regulat\u0103 a garniturilor sunt sarcini esen\u021biale de \u00eentre\u021binere pentru cilindrul cupei. Instalarea, lubrifierea \u0219i reglarea corect\u0103 sunt cruciale pentru a asigura func\u021bionarea optim\u0103 a cilindrului. Asigurarea unei alinieri corecte \u0219i utilizarea suporturilor de instalare adecvate pentru fixarea cilindrului sunt esen\u021biale. Procedurile recomandate de inspec\u021bie, reparare \u0219i \u00eenlocuire pot ajuta la prelungirea duratei de via\u021b\u0103 a cilindrului cupei.<\/p>\n<p><img decoding=\"async\" src=\"https:\/\/www.hydraulic-cylinders.net\/wp-content\/uploads\/2025\/01\/songte-chushion-collar.webp\" \/><\/p>\n<h2>Considera\u021bii de siguran\u021b\u0103 \u0219i factori de mediu<\/h2>\n<p>Func\u021bionarea \u00een siguran\u021b\u0103 a cilindrului cupei este crucial\u0103 pentru evitarea accidentelor \u0219i asigurarea siguran\u021bei operatorului. Este esen\u021bial s\u0103 se respecte procedurile de siguran\u021b\u0103 la instalarea, operarea \u0219i \u00eentre\u021binerea cilindrului. Factorii de mediu, cum ar fi contaminarea \u0219i poluarea, trebuie lua\u021bi \u00een considerare la proiectarea \u0219i selectarea cilindrului cupei.<\/p>\n<h2>Diagnosticarea defec\u021biunilor \u0219i probleme frecvente<\/h2>\n<p>Problemele comune ale cilindrilor cupei includ scurgeri de ulei, performan\u021b\u0103 redus\u0103 \u0219i uzur\u0103 crescut\u0103. Tehnicile de diagnosticare a defec\u021biunilor, cum ar fi inspec\u021bia vizual\u0103, testarea presiunii \u0219i m\u0103surarea dimensional\u0103, pot ajuta la identificarea cauzei problemei. M\u0103surile preventive comune includ inspec\u021bia regulat\u0103, lubrifierea \u0219i \u00eenlocuirea garniturilor.<\/p>\n<p><img decoding=\"async\" src=\"https:\/\/www.hydraulic-cylinders.net\/wp-content\/uploads\/2025\/01\/songte-bushings-with-all-kinds-of-excavator-models.webp\" \/><\/p>\n<h2>Despre compania noastr\u0103<\/h2>\n<p>Suntem un produc\u0103tor \u0219i distribuitor angro de top de cilindri hidraulici pe pie\u021bele interne \u0219i interna\u021bionale. Oferim o gam\u0103 complet\u0103 de produse \u0219i respect\u0103m standardele de calitate excelente, baz\u00e2ndu-ne pe ateliere de fabrica\u021bie rafinate \u0219i strategii industrializate de management al produc\u021biei. Produsele noastre sunt fabricate folosind tehnologie avansat\u0103, echipamente de fabrica\u021bie de top \u0219i sisteme de testare profesionale. Ne angaj\u0103m s\u0103 oferim clien\u021bilor no\u0219tri produse eficiente, precise \u0219i de \u00eenalt\u0103 calitate, care s\u0103 le satisfac\u0103 diversele nevoi.<\/p>\n<ul>\n<li>\n<h3>Profesionalism<\/h3>\n<p>Compania noastr\u0103 are o echip\u0103 de profesioni\u0219ti de \u00eenalt\u0103 calitate, dedicat\u0103 oferirii clien\u021bilor cele mai bune produse \u0219i servicii posibile.<\/p>\n<\/li>\n<li>\n<h3>Certificare interna\u021bional\u0103<\/h3>\n<p>Compania noastr\u0103 a ob\u021binut diverse certific\u0103ri interna\u021bionale, precum CE, ISO \u0219i SGS, asigur\u00e2nd c\u0103 produsele noastre \u00eendeplinesc standardele globale de calitate.<\/p>\n<\/li>\n<li>\n<h3>Servicii de personalizare<\/h3>\n<p>Compania noastr\u0103 ofer\u0103 servicii de personalizare pentru a satisface cerin\u021bele \u0219i nevoile specifice ale clien\u021bilor.<\/p>\n<\/li>\n<li>\n<h3>Echipamente de produc\u021bie<\/h3>\n<p>Compania noastr\u0103 utilizeaz\u0103 echipamente de produc\u021bie avansate pentru a \u00eembun\u0103t\u0103\u021bi calitatea \u0219i eficien\u021ba produselor.<\/p>\n<\/li>\n<li>\n<h3>Serviciu post-v\u00e2nzare<\/h3>\n<p>Compania noastr\u0103 ofer\u0103 servicii post-v\u00e2nzare excelente pentru a ne asigura c\u0103 clien\u021bii no\u0219tri sunt mul\u021bumi\u021bi de produsele \u0219i serviciile noastre.<\/p>\n<\/li>\n<\/ul>\n<p><img decoding=\"async\" src=\"https:\/\/hzpt.com\/wp-content\/uploads\/2024\/11\/songte-company-1.webp\" \/><\/p>\n<p>Autor: lyl.<\/p>","protected":false},"excerpt":{"rendered":"<p>Bucket Cylinder For Hyundai Large Excavator R37LC-7 Introduction The Bucket Cylinder for Hyundai Large Excavator R37LC-7 is a specially designed hydraulic cylinder used to control the movement of buckets in heavy machinery such as excavators, backhoe excavators, and front-end loaders. Its primary function is to enable the bucket to lift, lower and tilt, making it [&hellip;]<\/p>","protected":false},"featured_media":14761,"comment_status":"open","ping_status":"closed","template":"","meta":{"_et_pb_use_builder":"","_et_pb_old_content":"","_et_gb_content_width":""},"product_brand":[],"product_cat":[1494],"product_tag":[1495,1496],"class_list":{"0":"post-15326","1":"product","2":"type-product","3":"status-publish","4":"has-post-thumbnail","6":"product_cat-bucket-cylinders","7":"product_tag-bucket-cylinders","8":"product_tag-hydraulic-cylinders","10":"first","11":"instock","12":"shipping-taxable","13":"product-type-simple"},"amp_enabled":true,"_links":{"self":[{"href":"https:\/\/www.hydraulic-cylinders.net\/ro\/wp-json\/wp\/v2\/product\/15326","targetHints":{"allow":["GET"]}}],"collection":[{"href":"https:\/\/www.hydraulic-cylinders.net\/ro\/wp-json\/wp\/v2\/product"}],"about":[{"href":"https:\/\/www.hydraulic-cylinders.net\/ro\/wp-json\/wp\/v2\/types\/product"}],"replies":[{"embeddable":true,"href":"https:\/\/www.hydraulic-cylinders.net\/ro\/wp-json\/wp\/v2\/comments?post=15326"}],"wp:featuredmedia":[{"embeddable":true,"href":"https:\/\/www.hydraulic-cylinders.net\/ro\/wp-json\/wp\/v2\/media\/14761"}],"wp:attachment":[{"href":"https:\/\/www.hydraulic-cylinders.net\/ro\/wp-json\/wp\/v2\/media?parent=15326"}],"wp:term":[{"taxonomy":"product_brand","embeddable":true,"href":"https:\/\/www.hydraulic-cylinders.net\/ro\/wp-json\/wp\/v2\/product_brand?post=15326"},{"taxonomy":"product_cat","embeddable":true,"href":"https:\/\/www.hydraulic-cylinders.net\/ro\/wp-json\/wp\/v2\/product_cat?post=15326"},{"taxonomy":"product_tag","embeddable":true,"href":"https:\/\/www.hydraulic-cylinders.net\/ro\/wp-json\/wp\/v2\/product_tag?post=15326"}],"curies":[{"name":"wp","href":"https:\/\/api.w.org\/{rel}","templated":true}]}}