{"id":15329,"date":"2025-01-19T14:23:37","date_gmt":"2025-01-19T14:23:37","guid":{"rendered":"https:\/\/www.hydraulic-cylinders.net\/product\/bucket-cylinder-for-hyundai-large-excavator-r320lc-7\/"},"modified":"2025-01-19T14:23:39","modified_gmt":"2025-01-19T14:23:39","slug":"bucket-cylinder-for-hyundai-large-excavator-r320lc-7","status":"publish","type":"product","link":"https:\/\/www.hydraulic-cylinders.net\/ro\/produs\/bucket-cylinder-for-hyundai-large-excavator-r320lc-7\/","title":{"rendered":"Cilindru cup\u0103 pentru excavator mare Hyundai R320LC-7"},"content":{"rendered":"<h1>Cilindru cup\u0103 pentru excavator mare Hyundai R320LC-7<\/h1>\n<h2>Introducere<\/h2>\n<p>Un cilindru al cupei este un cilindru hidraulic specializat utilizat \u00een principal pentru a controla mi\u0219carea cupelor \u00een utilaje grele, cum ar fi excavatoarele, excavatoarele \u0219i \u00eenc\u0103rc\u0103toarele frontale. Func\u021bia sa principal\u0103 este de a ridica, cobor\u00ee \u0219i \u00eenclina cupa, facilit\u00e2nd manipularea diverselor materiale. \u00cen sistemul hidraulic, cilindrul cupei realizeaz\u0103 un control precis al cupei prin varia\u021bia presiunii uleiului hidraulic, permi\u021b\u00e2nd operatorilor s\u0103 manipuleze eficient sarcini grele \u0219i s\u0103 se adapteze la medii de lucru complexe \u0219i cerin\u021be opera\u021bionale diverse.<\/p>\n<p><img decoding=\"async\" src=\"https:\/\/www.hydraulic-cylinders.net\/wp-content\/uploads\/2025\/01\/songte-company-2.webp\" alt=\"imagine cilindru cup\u0103\"><\/p>\n<h2>Caracteristici<\/h2>\n<ul>\n<li>Rezisten\u021b\u0103 \u0219i durabilitate ridicate: Fabricat de obicei din o\u021bel sau aluminiu de \u00eenalt\u0103 rezisten\u021b\u0103, cilindrul cupei poate rezista la presiuni ridicate \u0219i sarcini grele, adapt\u00e2ndu-se la medii de lucru dure. Designul ia \u00een considerare rezisten\u021ba la uzur\u0103 \u0219i rezisten\u021ba la coroziune, prelungindu-i durata de via\u021b\u0103.<\/li>\n<li>Func\u021bionare hidraulic\u0103 eficient\u0103: Realizeaz\u0103 o mi\u0219care telescopic\u0103 lin\u0103 prin utilizarea presiunii uleiului hidraulic, oferind o for\u021b\u0103 puternic\u0103 de \u00eempingere \u0219i tragere, potrivit\u0103 pentru manipularea sarcinilor grele \u0219i a sarcinilor opera\u021bionale complexe.<\/li>\n<li>Diverse tipuri: Cilindrul cu ac\u021biune simpl\u0103 (sistemul hidraulic este utilizat doar \u00eentr-o singur\u0103 direc\u021bie) sau cu ac\u021biune dubl\u0103 (sistemul hidraulic este utilizat \u00een ambele direc\u021bii) poate fi selectat \u00een func\u021bie de nevoi pentru a satisface diferite cerin\u021be opera\u021bionale. Unele modele sunt telescopice, permi\u021b\u00e2nd o extensie mai mare f\u0103r\u0103 a cre\u0219te dimensiunea extern\u0103, potrivite pentru aplica\u021bii cu spa\u021biu limitat.<\/li>\n<li>Produc\u021bie personalizat\u0103: Produsul nostru poate \u00eenlocui perfect ace\u0219ti cilindri hidraulici.<\/li>\n<\/ul>\n<p><img decoding=\"async\" src=\"https:\/\/www.hydraulic-cylinders.net\/wp-content\/uploads\/2025\/01\/songte-cylinder-head-with-all-kinds-excavator-models.webp\" alt=\"imagine de \u00eenlocuire a cilindrului cupei\"><\/p>\n<h2>Aplica\u021bii<\/h2>\n<p>Cilindrul cupei este utilizat pe scar\u0103 larg\u0103 \u00een diverse utilaje grele, cum ar fi:<\/p>\n<ul>\n<li>Echipamente de construc\u021bii: \u00cen excavatoare, acestea sunt esen\u021biale pentru s\u0103parea, \u00eenc\u0103rcarea \u0219i mutarea solului sau a resturilor. \u00cen cazul excavatoarelor, cilindrul cupei ajut\u0103 at\u00e2t la s\u0103pare, c\u00e2t \u0219i la ridicare. \u00cen cazul \u00eenc\u0103rc\u0103toarelor frontale, acestea ajut\u0103 la ridicarea \u0219i desc\u0103rcarea eficient\u0103 a m\u0103rfurilor.<\/li>\n<li>Ma\u0219ini agricole: utilizate la \u00eenc\u0103rc\u0103toarele frontale pentru scobere, ridicare \u0219i transportul solului, f\u00e2nului \u0219i altor materiale. La excavatoare, cilindrul cupei realizeaz\u0103 ac\u021biunea de s\u0103pare permi\u021b\u00e2nd cupei s\u0103 p\u0103trund\u0103 \u00een sol. <\/li>\n<\/ul>\n<h2>Considera\u021bii de proiectare \u0219i standarde de selec\u021bie<\/h2>\n<p>Cilindrul cupei este proiectat s\u0103 ia \u00een considerare urm\u0103torii factori:<\/p>\n<ul>\n<li>Capacitate portant\u0103<\/li>\n<li>Performan\u021ba de etan\u0219are<\/li>\n<li>Durabilitate<\/li>\n<li>Siguran\u0163\u0103<\/li>\n<li>Mentenabilitate<\/li>\n<\/ul>\n<p>Considera\u021biile cheie de proiectare sunt urm\u0103toarele:<\/p>\n<h3>Capacitate portant\u0103<\/h3>\n<p>Cilindrii cu cup\u0103 sunt fabrica\u021bi din materiale de \u00eenalt\u0103 rezisten\u021b\u0103, cum ar fi o\u021belul sau aluminiul, care pot rezista la presiuni ridicate \u0219i sarcini grele. Proiectarea ia \u00een considerare rezisten\u021ba la uzur\u0103 \u0219i la coroziune, prelungindu-le durata de via\u021b\u0103.<\/p>\n<h3>Performan\u021ba de etan\u0219are<\/h3>\n<p>Diverse componente de etan\u0219are, cum ar fi etan\u0219\u0103rile pistonului \u0219i etan\u0219\u0103rile tijei, sunt utilizate pentru a preveni scurgerile de ulei hidraulic. Aceste etan\u0219\u0103ri sunt fabricate din materiale rezistente la uzur\u0103, cum ar fi poliuretanul \u0219i cauciucul nitrilic.<\/p>\n<h3>Durabilitate<\/h3>\n<p>Corpul cilindrului \u0219i suprafa\u021ba cap\u0103tului filetat sunt prelucrate cu precizie pentru a \u00eembun\u0103t\u0103\u021bi rezisten\u021ba la uzur\u0103. Suprafa\u021ba este tratat\u0103 cu materiale anticorozive pentru a prelungi durata de via\u021b\u0103 a cilindrului.<\/p>\n<h3>Siguran\u0163\u0103<\/h3>\n<p>Cilindrul cupei este echipat cu dispozitive de siguran\u021b\u0103, cum ar fi o supap\u0103 de suprapresiune, pentru a preveni deteriorarea cauzat\u0103 de presiunea excesiv\u0103.<\/p>\n<h3>Mentenabilitate<\/h3>\n<p>Cilindrul este proiectat pentru a fi u\u0219or de \u00eentre\u021binut. Se recomand\u0103 inspec\u021bii regulate \u0219i \u00eenlocuirea pieselor uzate, cum ar fi garniturile \u0219i buc\u0219ele.<\/p>\n<p><img decoding=\"async\" src=\"https:\/\/www.hydraulic-cylinders.net\/wp-content\/uploads\/2025\/01\/songte-oil-pipes-and-spare-parts.webp\" alt=\"imagine piese cilindru cup\u0103\"><\/p>\n<h2>Etan\u0219are \u0219i lubrifiere<\/h2>\n<p>Diverse componente de etan\u0219are, cum ar fi etan\u0219\u0103rile pistonului \u0219i etan\u0219\u0103rile tijei, sunt utilizate pentru a preveni scurgerile de ulei hidraulic. Aceste etan\u0219\u0103ri sunt fabricate din materiale rezistente la uzur\u0103, cum ar fi poliuretanul \u0219i cauciucul nitrilic. Corpul cilindrului \u0219i suprafa\u021ba filetat\u0103 a cap\u0103tului sunt prelucrate cu precizie pentru a \u00eembun\u0103t\u0103\u021bi rezisten\u021ba la uzur\u0103. Suprafa\u021ba este tratat\u0103 cu materiale anticorozive pentru a prelungi durata de via\u021b\u0103 a cilindrului. Este necesar\u0103 lubrifierea regulat\u0103 cu cantitatea corespunz\u0103toare de ulei hidraulic.<\/p>\n<h2>M\u0103suri de inspec\u021bie \u0219i \u00eentre\u021binere preventiv\u0103<\/h2>\n<p>M\u0103surile regulate de inspec\u021bie \u0219i \u00eentre\u021binere preventiv\u0103 includ:<\/p>\n<ul>\n<li>Verificarea scurgerilor<\/li>\n<li>Verificarea sl\u0103birilor sau a deterior\u0103rii<\/li>\n<li>Verificarea uzurii excesive<\/li>\n<li>Lubrifiere<\/li>\n<li>\u00cenlocuirea pieselor uzate<\/li>\n<li>Verific\u0103ri de calibrare<\/li>\n<\/ul>\n<p>Instalarea, lubrifierea \u0219i reglarea corect\u0103 a cilindrului cupei sunt esen\u021biale. \u00cen timpul instal\u0103rii, trebuie asigurat\u0103 o \u00eendrumare adecvat\u0103 pentru aliniere. Recomand\u0103m utilizarea suporturilor de montare adecvate pentru fixarea cilindrului. Sunt disponibile proceduri recomandate de inspec\u021bie, reparare \u0219i \u00eenlocuire pentru a \u00eembun\u0103t\u0103\u021bi durata de via\u021b\u0103 a cilindrului cupei. <\/p>\n<p><img decoding=\"async\" src=\"https:\/\/www.hydraulic-cylinders.net\/wp-content\/uploads\/2025\/01\/songte-chushion-collar.webp\" alt=\"imagine instalare cilindru cup\u0103\"><\/p>\n<h2>Considera\u021bii de siguran\u021b\u0103 \u0219i factori de mediu<\/h2>\n<p>M\u0103surile de siguran\u021b\u0103 sunt esen\u021biale la manipularea utilajelor grele, cum ar fi cilindrul cupei. Trebuie folosit echipament de siguran\u021b\u0103 adecvat, cum ar fi m\u0103nu\u0219i, ochelari de protec\u021bie \u0219i c\u0103\u0219ti de protec\u021bie. Scurgerile de ulei trebuie cur\u0103\u021bate prompt pentru a reduce riscul de alunecare \u0219i c\u0103dere. Factorii de mediu, cum ar fi temperatura \u0219i umiditatea, trebuie, de asemenea, lua\u021bi \u00een considerare atunci c\u00e2nd utiliza\u021bi cilindrul cupei.<\/p>\n<h2>Depanare \u0219i probleme frecvente<\/h2>\n<p>Problemele frecvente care pot ap\u0103rea la utilizarea cilindrului cupei includ:<\/p>\n<ul>\n<li>Scurgere de ulei hidraulic<\/li>\n<li>Deteriorarea corpului cilindrului<\/li>\n<li>Garnituri uzate<\/li>\n<li>Componente sl\u0103bite sau deteriorate<\/li>\n<li>Nerespectarea comenzilor de control<\/li>\n<\/ul>\n<p>Pentru a diagnostica \u0219i rezolva problemele \u00een mod eficient, v\u0103 recomand\u0103m s\u0103 urma\u021bi procedurile recomandate de inspec\u021bie, reparare \u0219i \u00eenlocuire. De asemenea, suger\u0103m m\u0103suri preventive, cum ar fi inspec\u021bia regulat\u0103, \u00eentre\u021binerea \u0219i verific\u0103rile de calibrare.<\/p>\n<p><img decoding=\"async\" src=\"https:\/\/www.hydraulic-cylinders.net\/wp-content\/uploads\/2025\/01\/songte-bushings-with-all-kinds-of-excavator-models.webp\" alt=\"imagine buc\u0219e cilindru cup\u0103\"><\/p>\n<h2>Despre compania noastr\u0103<\/h2>\n<p>Suntem un produc\u0103tor \u0219i distribuitor angro de top de cilindri hidraulici pe pie\u021bele interne \u0219i interna\u021bionale. Ne specializ\u0103m \u00een producerea de cilindri hidraulici pentru excavatoare, care pot \u00eenlocui perfect ace\u0219ti cilindri hidraulici. Produsele noastre sunt cunoscute pentru calitatea lor excelent\u0103 \u0219i ne baz\u0103m pe strategia industrializat\u0103 de management al produc\u021biei din atelierul nostru sofisticat de fabrica\u021bie, pe talentele tehnologice, pe echipamentele digitale avansate de fabrica\u021bie \u0219i pe sistemele profesionale de testare pentru a ne \u00eembun\u0103t\u0103\u021bi constant platforma de fabrica\u021bie. Avem o puternic\u0103 capacitate creativ\u0103 \u0219i urm\u0103m principiile de eficien\u021b\u0103 ridicat\u0103, precizie ridicat\u0103 \u0219i calitate \u00eenalt\u0103 \u0219i ne angaj\u0103m s\u0103 satisfacem nevoile diverse ale clien\u021bilor no\u0219tri.<\/p>\n<p>Compania noastr\u0103 ofer\u0103 servicii profesionale \u0219i produse personalizate, \u0219i am ob\u021binut certific\u0103ri interna\u021bionale precum ISO9001 \u0219i CE, care garanteaz\u0103 calitatea produselor \u0219i serviciilor noastre.<\/p>\n<p>Avem o echip\u0103 de produc\u021bie profesionist\u0103 \u0219i echipamente de produc\u021bie avansate, inclusiv ma\u0219ini CNC, bancuri de testare hidraulice \u0219i alte echipamente de testare, pentru a ne asigura c\u0103 produsele noastre \u00eendeplinesc cele mai \u00eenalte standarde de calitate. De asemenea, oferim servicii post-v\u00e2nzare, inclusiv \u00eenlocuirea pieselor \u0219i servicii de reconstruc\u021bie, pentru a maximiza durata de via\u021b\u0103 a produselor noastre.<\/p>\n<p><img decoding=\"async\" src=\"https:\/\/hzpt.com\/wp-content\/uploads\/2024\/11\/songte-company-1.webp\" alt=\"imaginea companiei\"><\/p>\n<p>Autor: lyl<\/p>","protected":false},"excerpt":{"rendered":"<p>Bucket Cylinder For Hyundai Large Excavator R320LC-7 Introduction A bucket cylinder is a specialized hydraulic cylinder used primarily to control the movement of buckets in heavy machinery such as excavators, backhoes, and front loaders. Its main function is to lift, lower, and tilt the bucket, making it easier to handle various materials. In the hydraulic [&hellip;]<\/p>","protected":false},"featured_media":14787,"comment_status":"open","ping_status":"closed","template":"","meta":{"_et_pb_use_builder":"","_et_pb_old_content":"","_et_gb_content_width":""},"product_brand":[],"product_cat":[1494],"product_tag":[1495,1496],"class_list":{"0":"post-15329","1":"product","2":"type-product","3":"status-publish","4":"has-post-thumbnail","6":"product_cat-bucket-cylinders","7":"product_tag-bucket-cylinders","8":"product_tag-hydraulic-cylinders","10":"first","11":"instock","12":"shipping-taxable","13":"product-type-simple"},"amp_enabled":true,"_links":{"self":[{"href":"https:\/\/www.hydraulic-cylinders.net\/ro\/wp-json\/wp\/v2\/product\/15329","targetHints":{"allow":["GET"]}}],"collection":[{"href":"https:\/\/www.hydraulic-cylinders.net\/ro\/wp-json\/wp\/v2\/product"}],"about":[{"href":"https:\/\/www.hydraulic-cylinders.net\/ro\/wp-json\/wp\/v2\/types\/product"}],"replies":[{"embeddable":true,"href":"https:\/\/www.hydraulic-cylinders.net\/ro\/wp-json\/wp\/v2\/comments?post=15329"}],"wp:featuredmedia":[{"embeddable":true,"href":"https:\/\/www.hydraulic-cylinders.net\/ro\/wp-json\/wp\/v2\/media\/14787"}],"wp:attachment":[{"href":"https:\/\/www.hydraulic-cylinders.net\/ro\/wp-json\/wp\/v2\/media?parent=15329"}],"wp:term":[{"taxonomy":"product_brand","embeddable":true,"href":"https:\/\/www.hydraulic-cylinders.net\/ro\/wp-json\/wp\/v2\/product_brand?post=15329"},{"taxonomy":"product_cat","embeddable":true,"href":"https:\/\/www.hydraulic-cylinders.net\/ro\/wp-json\/wp\/v2\/product_cat?post=15329"},{"taxonomy":"product_tag","embeddable":true,"href":"https:\/\/www.hydraulic-cylinders.net\/ro\/wp-json\/wp\/v2\/product_tag?post=15329"}],"curies":[{"name":"wp","href":"https:\/\/api.w.org\/{rel}","templated":true}]}}