{"id":15330,"date":"2025-01-19T14:23:41","date_gmt":"2025-01-19T14:23:41","guid":{"rendered":"https:\/\/www.hydraulic-cylinders.net\/product\/bucket-cylinder-for-hyundai-large-excavator-r370lc-7\/"},"modified":"2025-01-19T14:23:43","modified_gmt":"2025-01-19T14:23:43","slug":"bucket-cylinder-for-hyundai-large-excavator-r370lc-7","status":"publish","type":"product","link":"https:\/\/www.hydraulic-cylinders.net\/ro\/produs\/bucket-cylinder-for-hyundai-large-excavator-r370lc-7\/","title":{"rendered":"Cilindru cup\u0103 pentru excavator mare Hyundai R370LC-7"},"content":{"rendered":"<h1>Cilindru cup\u0103 pentru excavator mare Hyundai R370LC-7<\/h1>\n<h2>Introducere<\/h2>\n<h3>Defini\u021bia produsului<\/h3>\n<p>Un cilindru hidraulic este un tip de cilindru hidraulic special conceput pentru controlul mi\u0219c\u0103rii cupelor \u00een utilaje grele, cum ar fi excavatoarele, excavatoarele \u0219i \u00eenc\u0103rc\u0103toarele frontale. Func\u021bia sa principal\u0103 este de a permite ridicarea, cobor\u00e2rea \u0219i \u00eenclinarea cupelor, facilit\u00e2nd efectuarea diverselor sarcini de manipulare a materialelor. \u00cen sistemele hidraulice, cilindrii cupei utilizeaz\u0103 modific\u0103ri ale presiunii uleiului hidraulic pentru a ob\u021bine un control precis al cupei, permi\u021b\u00e2nd operatorilor s\u0103 manipuleze eficient sarcini grele, s\u0103 se adapteze la medii de lucru complexe \u0219i la diverse cerin\u021be de lucru.<\/p>\n<p><img decoding=\"async\" src=\"https:\/\/www.hydraulic-cylinders.net\/wp-content\/uploads\/2025\/01\/songte-company-2.webp\" alt=\"Imaginea cilindrului cupei\"><\/p>\n<h3>Caracteristici ale produsului<\/h3>\n<ul>\n<li><strong>Rezisten\u021b\u0103 \u0219i durabilitate ridicate:<\/strong> De obicei fabrica\u021bi din o\u021bel sau aluminiu de \u00eenalt\u0103 rezisten\u021b\u0103, cilindrii cu cup\u0103 pot rezista la presiuni ridicate \u0219i sarcini grele, adapt\u00e2ndu-se la medii de lucru dure. Designul ia \u00een considerare rezisten\u021ba la uzur\u0103 \u0219i la coroziune, prelungindu-le durata de via\u021b\u0103.<\/li>\n<li><strong>Func\u021bionare hidraulic\u0103 eficient\u0103:<\/strong> Utiliz\u00e2nd presiunea uleiului hidraulic pentru a ob\u021bine o extensie \u0219i o contrac\u021bie lin\u0103, cilindrii cupei pot r\u0103spunde rapid la comenzile de control, oferind o for\u021b\u0103 puternic\u0103 de \u00eempingere \u0219i tragere, potrivit\u0103 pentru manipularea sarcinilor grele \u0219i a sarcinilor complexe.<\/li>\n<li><strong>Varietate de tipuri:<\/strong> Cilindrii cupei pot fi selecta\u021bi ca fiind cu ac\u021biune simpl\u0103 (sistem hidraulic utilizat doar \u00eentr-o singur\u0103 direc\u021bie) sau cu ac\u021biune dubl\u0103 (sistem hidraulic utilizat \u00een ambele direc\u021bii) \u00een func\u021bie de nevoile opera\u021bionale specifice. Unele modele sunt telescopice, permi\u021b\u00e2nd o extensie mai mare f\u0103r\u0103 a cre\u0219te dimensiunile exterioare, potrivite pentru aplica\u021bii cu spa\u021biu limitat.<\/li>\n<li><strong>\u00cenlocuitor perfect:<\/strong> Cilindrul nostru pentru cup\u0103 poate \u00eenlocui perfect ace\u0219ti cilindri hidraulici. <\/li>\n<\/ul>\n<p><img decoding=\"async\" src=\"https:\/\/www.hydraulic-cylinders.net\/wp-content\/uploads\/2025\/01\/songte-cylinder-head-with-all-kinds-excavator-models.webp\" alt=\"Imagine de \u00eenlocuire a cilindrului cupei\"><\/p>\n<h3>Scenarii de aplica\u021bii<\/h3>\n<p>Cilindrii cu cup\u0103 sunt utiliza\u021bi pe scar\u0103 larg\u0103 \u00een diverse utilaje de construc\u021bii, agricultur\u0103 \u0219i minerit, cum ar fi:<\/p>\n<ul>\n<li><strong>Echipamente de construc\u021bii:<\/strong> \u00cen excavatoare, acestea sunt esen\u021biale pentru excavare, \u00eenc\u0103rcare \u0219i mutarea solului sau a resturilor. \u00cen cazul excavatoarelor, cilindrii cupei ajut\u0103 at\u00e2t la excavare, c\u00e2t \u0219i la ridicare. <\/li>\n<li><strong>Ma\u0219ini agricole:<\/strong> Folosit la \u00eenc\u0103rc\u0103toarele frontale pentru scobere, ridicare \u0219i transportul solului, f\u00e2nului \u0219i altor materiale.<\/li>\n<li><strong>Utilaje miniere:<\/strong> Cilindrii cupei permit ac\u021biunile de excavare permi\u021b\u00e2nd cupei s\u0103 p\u0103trund\u0103 \u00een sol. <\/li>\n<li><strong>Alte utilaje:<\/strong> La \u00eenc\u0103rc\u0103toarele frontale, cilindrii cupei ajut\u0103 la ridicarea \u0219i desc\u0103rcarea eficient\u0103 a m\u0103rfurilor.<\/li>\n<\/ul>\n<h3>Considera\u021bii de proiectare \u0219i criterii de selec\u021bie<\/h3>\n<p>Atunci c\u00e2nd alege\u021bi un cilindru pentru cup\u0103, trebuie lua\u021bi \u00een considerare mai mul\u021bi factori, inclusiv:<\/p>\n<ul>\n<li><strong>Capacitate portant\u0103:<\/strong> Cilindrul trebuie s\u0103 poat\u0103 suporta sarcina maxim\u0103 la care va fi supus, f\u0103r\u0103 a se \u00eendoi sau a se defecta catastrofal.<\/li>\n<li><strong>Etan\u0219are:<\/strong> Cilindrul trebuie s\u0103 men\u021bin\u0103 o etan\u0219are bun\u0103 pentru a preveni scurgerile de fluid hidraulic, ceea ce i-ar reduce eficacitatea \u0219i ar duce la poten\u021biale pericole pentru siguran\u021b\u0103.<\/li>\n<li><strong>Durabilitate:<\/strong> Cilindrul trebuie s\u0103 fie fabricat din materiale care pot rezista la uzur\u0103 \u0219i coroziune, asigur\u00e2ndu-i o durat\u0103 lung\u0103 de via\u021b\u0103 \u00een medii dure. <\/li>\n<li><strong>Siguran\u0163\u0103:<\/strong> Cilindrul trebuie proiectat \u0219i instalat cu elemente de siguran\u021b\u0103 pentru a preveni accidentele \u00een timpul func\u021bion\u0103rii.<\/li>\n<li><strong>Mentenabilitate:<\/strong> Cilindrul trebuie s\u0103 fie u\u0219or de \u00eentre\u021binut \u0219i reparat, cu piese de schimb u\u0219or disponibile, iar procedurile de \u00eentre\u021binere trebuie respectate cu stricte\u021be pentru a asigura func\u021bionarea sa fiabil\u0103.<\/li>\n<\/ul>\n<p><img decoding=\"async\" src=\"https:\/\/www.hydraulic-cylinders.net\/wp-content\/uploads\/2025\/01\/songte-oil-pipes-and-spare-parts.webp\" alt=\"Imagine de design a cilindrului cu g\u0103leat\u0103\"><\/p>\n<h3>Etan\u0219are \u0219i lubrifiere<\/h3>\n<p>Cilindrul cupei necesit\u0103 diverse componente de etan\u0219are, cum ar fi etan\u0219\u0103rile pistonului \u0219i etan\u0219\u0103rile tijei, pentru a men\u021bine o etan\u0219are bun\u0103 \u0219i a preveni scurgerile de fluid hidraulic. Garniturile sunt fabricate din materiale rezistente la uzur\u0103, cum ar fi poliuretanul \u0219i cauciucul nitrilic. Corpul cilindrului \u0219i suprafe\u021bele filetate ale cap\u0103tului sunt tratate fin pentru a \u00eembun\u0103t\u0103\u021bi rezisten\u021ba la uzur\u0103. Cilindrul necesit\u0103 lubrifiere regulat\u0103 cu ulei hidraulic pentru a asigura func\u021bionarea sa f\u0103r\u0103 probleme.<\/p>\n<h3>\u00centre\u021binere \u0219i m\u0103suri preventive<\/h3>\n<p>\u00centre\u021binerea regulat\u0103 \u0219i m\u0103surile preventive sunt esen\u021biale pentru asigurarea performan\u021bei pe termen lung \u0219i a duratei de via\u021b\u0103 a cilindrului cupei. Sarcinile comune de \u00eentre\u021binere includ:<\/p>\n<ul>\n<li><strong>Inspec\u021bie regulat\u0103:<\/strong> Inspecta\u021bi cilindrul frecvent pentru a detecta orice scurgeri, fisuri sau ad\u00e2ncituri \u0219i verifica\u021bi dac\u0103 este aliniat \u0219i potrivit cu alte componente.<\/li>\n<li><strong>Lubrifiere adecvat\u0103:<\/strong> Ad\u0103uga\u021bi cantit\u0103\u021bi adecvate de ulei hidraulic pentru a lubrifia cilindrul, asigur\u00e2nd o func\u021bionare f\u0103r\u0103 probleme.<\/li>\n<li><strong>\u00cenlocuirea garniturii:<\/strong> \u00cenlocui\u021bi garniturile \u00een mod regulat pentru a men\u021bine o etan\u0219are bun\u0103 \u0219i a preveni scurgerile de fluid hidraulic.<\/li>\n<li><strong>Verificare calibrare:<\/strong> Verifica\u021bi periodic calibrarea cilindrului pentru a v\u0103 asigura c\u0103 func\u021bioneaz\u0103 \u00een parametrii specifica\u021bi.<\/li>\n<\/ul>\n<p><img decoding=\"async\" src=\"https:\/\/www.hydraulic-cylinders.net\/wp-content\/uploads\/2025\/01\/songte-chushion-collar.webp\" alt=\"Imagine de \u00eentre\u021binere a cilindrului cupei\"><\/p>\n<h3>Considera\u021bii de siguran\u021b\u0103 \u0219i factori de mediu<\/h3>\n<p>Atunci c\u00e2nd se utilizeaz\u0103 cilindri cu cup\u0103, trebuie luate \u00een considerare m\u0103suri de siguran\u021b\u0103 pentru a preveni accidentele. Operatorii trebuie s\u0103 fie instrui\u021bi cu privire la utilizarea corect\u0103 a echipamentului, inclusiv procedurile \u0219i precau\u021biile de siguran\u021b\u0103. Factorii de mediu precum temperatura, umiditatea \u0219i praful pot afecta performan\u021ba \u0219i durata de via\u021b\u0103 a cilindrului \u0219i trebuie luate m\u0103suri adecvate de \u00eentre\u021binere \u0219i protec\u021bie pentru a asigura func\u021bionarea fiabil\u0103 a acestuia.<\/p>\n<h3>Depanare \u0219i probleme frecvente<\/h3>\n<p>Problemele frecvente ale cilindrilor cupei includ:<\/p>\n<ul>\n<li><strong>Scurgere:<\/strong> Scurgerile de fluid hidraulic pot cauza o pierdere de presiune \u0219i pot reduce eficien\u021ba cilindrului.<\/li>\n<li><strong>Defec\u021biune a etan\u0219\u0103rii:<\/strong> Garniturile se pot deteriora sau deteriora, duc\u00e2nd la scurgeri de fluid hidraulic \u0219i defectarea cilindrului.<\/li>\n<li><strong>\u00cendoire:<\/strong> Cilindrul se poate \u00eendoi din cauza supra\u00eenc\u0103rc\u0103rii sau a instal\u0103rii necorespunz\u0103toare, reduc\u00e2ndu-i eficacitatea \u0219i put\u00e2nd cauza pericole pentru siguran\u021b\u0103.<\/li>\n<\/ul>\n<p>Pentru a diagnostica \u0219i rezolva aceste probleme, operatorii trebuie s\u0103 urmeze procedurile adecvate de \u00eentre\u021binere \u0219i inspec\u021bie, s\u0103 utilizeze fluide \u0219i lubrifian\u021bi hidraulici adecva\u021bi \u0219i s\u0103 \u00eenlocuiasc\u0103 orice componente deteriorate sau uzate.<\/p>\n<p><img decoding=\"async\" src=\"https:\/\/www.hydraulic-cylinders.net\/wp-content\/uploads\/2025\/01\/songte-bushings-with-all-kinds-of-excavator-models.webp\" alt=\"Imagine de depanare a cilindrului cupei\"><\/p>\n<h2>Despre compania noastr\u0103<\/h2>\n<p>Suntem un produc\u0103tor \u0219i distribuitor angro de top de cilindri hidraulici pe pie\u021bele interne \u0219i interna\u021bionale. Ne angaj\u0103m s\u0103 oferim produse \u0219i servicii de \u00eenalt\u0103 calitate, baz\u00e2ndu-ne pe strategia noastr\u0103 industrializat\u0103 de management al produc\u021biei, bazat\u0103 pe o calitate excelent\u0103, tehnologie avansat\u0103 \u0219i talent profesional. Platforma noastr\u0103 de produc\u021bie este \u00eembun\u0103t\u0103\u021bit\u0103 continuu \u0219i avem capacit\u0103\u021bi puternice de produc\u021bie pentru a satisface nevoile diverse ale clien\u021bilor no\u0219tri.<\/p>\n<h3>Profesionalism<\/h3>\n<p>Compania noastr\u0103 are o echip\u0103 de ingineri \u0219i tehnicieni experimenta\u021bi \u0219i profesioni\u0219ti, specializa\u021bi \u00een proiectarea, dezvoltarea \u0219i produc\u021bia de cilindri hidraulici. De asemenea, dispunem de echipamente de ultim\u0103 genera\u021bie \u0219i de un sistem complet de testare pentru a asigura calitatea produselor noastre.<\/p>\n<h3>Certificare interna\u021bional\u0103<\/h3>\n<p>Cilindrii no\u0219tri hidraulici au trecut certificarea interna\u021bional\u0103 a sistemului de management al calit\u0103\u021bii ISO 9001:2015, certificarea CE \u0219i alte standarde interna\u021bionale de certificare. Respect\u0103m standarde stricte de control al calit\u0103\u021bii pentru a ne asigura c\u0103 produsele noastre \u00eendeplinesc sau chiar dep\u0103\u0219esc a\u0219tept\u0103rile clien\u021bilor no\u0219tri.<\/p>\n<h3>Servicii de personalizare<\/h3>\n<p>Oferim servicii personalizate pentru a satisface diferitele cerin\u021be ale clien\u021bilor. Echipa noastr\u0103 de proiectan\u021bi \u0219i ingineri poate dezvolta solu\u021bii personalizate de cilindri hidraulici pentru aplica\u021bii industriale specifice.<\/p>\n<h3>Echipamente de produc\u021bie<\/h3>\n<p>Compania noastr\u0103 dispune de echipamente de produc\u021bie avansate, inclusiv strunguri CNC, freze, ma\u0219ini de rectificat \u0219i alte echipamente de prelucrare de precizie, pentru a asigura acurate\u021bea \u0219i calitatea produselor noastre.<\/p>\n<h3>Serviciu post-v\u00e2nzare<\/h3>\n<p>Oferim servicii complete post-v\u00e2nzare pentru a ajuta clien\u021bii s\u0103 rezolve problemele pe care le \u00eent\u00e2mpin\u0103 \u00een timpul utiliz\u0103rii produselor noastre. De asemenea, oferim piese de schimb \u0219i servicii de recondi\u021bionare pentru a \u00eembun\u0103t\u0103\u021bi durata de via\u021b\u0103 a produselor noastre.<\/p>\n<p><img decoding=\"async\" src=\"https:\/\/hzpt.com\/wp-content\/uploads\/2024\/11\/songte-company-1.webp\" alt=\"Despre imaginea companiei noastre\"><\/p>\n<h3>Autor: lyl.<\/h3>","protected":false},"excerpt":{"rendered":"<p>Bucket Cylinder For Hyundai Large Excavator R370LC-7 Introduction Product Definition A bucket cylinder is a type of hydraulic cylinder specially designed for controlling the movement of buckets in heavy machinery such as excavators, backhoes, and front-end loaders. Its main function is to enable buckets to be lifted, lowered, and tilted, making it easier to carry [&hellip;]<\/p>","protected":false},"featured_media":14785,"comment_status":"open","ping_status":"closed","template":"","meta":{"_et_pb_use_builder":"","_et_pb_old_content":"","_et_gb_content_width":""},"product_brand":[],"product_cat":[1494],"product_tag":[1495,1496],"class_list":{"0":"post-15330","1":"product","2":"type-product","3":"status-publish","4":"has-post-thumbnail","6":"product_cat-bucket-cylinders","7":"product_tag-bucket-cylinders","8":"product_tag-hydraulic-cylinders","10":"first","11":"instock","12":"shipping-taxable","13":"product-type-simple"},"amp_enabled":true,"_links":{"self":[{"href":"https:\/\/www.hydraulic-cylinders.net\/ro\/wp-json\/wp\/v2\/product\/15330","targetHints":{"allow":["GET"]}}],"collection":[{"href":"https:\/\/www.hydraulic-cylinders.net\/ro\/wp-json\/wp\/v2\/product"}],"about":[{"href":"https:\/\/www.hydraulic-cylinders.net\/ro\/wp-json\/wp\/v2\/types\/product"}],"replies":[{"embeddable":true,"href":"https:\/\/www.hydraulic-cylinders.net\/ro\/wp-json\/wp\/v2\/comments?post=15330"}],"wp:featuredmedia":[{"embeddable":true,"href":"https:\/\/www.hydraulic-cylinders.net\/ro\/wp-json\/wp\/v2\/media\/14785"}],"wp:attachment":[{"href":"https:\/\/www.hydraulic-cylinders.net\/ro\/wp-json\/wp\/v2\/media?parent=15330"}],"wp:term":[{"taxonomy":"product_brand","embeddable":true,"href":"https:\/\/www.hydraulic-cylinders.net\/ro\/wp-json\/wp\/v2\/product_brand?post=15330"},{"taxonomy":"product_cat","embeddable":true,"href":"https:\/\/www.hydraulic-cylinders.net\/ro\/wp-json\/wp\/v2\/product_cat?post=15330"},{"taxonomy":"product_tag","embeddable":true,"href":"https:\/\/www.hydraulic-cylinders.net\/ro\/wp-json\/wp\/v2\/product_tag?post=15330"}],"curies":[{"name":"wp","href":"https:\/\/api.w.org\/{rel}","templated":true}]}}