{"id":15331,"date":"2025-01-19T14:23:44","date_gmt":"2025-01-19T14:23:44","guid":{"rendered":"https:\/\/www.hydraulic-cylinders.net\/product\/bucket-cylinder-for-hyundai-large-excavator-r450lc-5\/"},"modified":"2025-01-19T14:23:46","modified_gmt":"2025-01-19T14:23:46","slug":"bucket-cylinder-for-hyundai-large-excavator-r450lc-5","status":"publish","type":"product","link":"https:\/\/www.hydraulic-cylinders.net\/ro\/produs\/bucket-cylinder-for-hyundai-large-excavator-r450lc-5\/","title":{"rendered":"Cilindru cup\u0103 pentru excavator mare Hyundai R450LC-5"},"content":{"rendered":"<p><!--Title--><\/p>\n<h1>Cilindru cup\u0103 pentru excavator mare Hyundai R450LC-5<\/h1>\n<p><!--Introduction--><\/p>\n<h2>Introducere<\/h2>\n<p>Un cilindru hidraulic pentru excavatorul mare Hyundai R450LC-5 este un cilindru hidraulic specializat utilizat pentru a controla mi\u0219c\u0103rile cupei \u00een utilaje grele, cum ar fi excavatoarele, excavatoarele \u0219i \u00eenc\u0103rc\u0103toarele frontale. Func\u021bia sa principal\u0103 este de a permite ridicarea, cobor\u00e2rea \u0219i \u00eenclinarea cupei, facilit\u00e2nd gestionarea diverselor sarcini de manipulare a materialelor. \u00cen sistemul hidraulic, cilindrul cupei controleaz\u0103 mi\u0219carea precis\u0103 a cupei prin modificarea presiunii uleiului hidraulic, permi\u021b\u00e2nd operatorilor s\u0103 manipuleze eficient sarcini grele \u0219i s\u0103 se adapteze la medii de lucru complexe \u0219i cerin\u021be opera\u021bionale diverse.<\/p>\n<p><!--Product Image--><br \/>\n<img decoding=\"async\" src=\"https:\/\/www.hydraulic-cylinders.net\/wp-content\/uploads\/2025\/01\/songte-company-2.webp\" alt=\"Imaginea cilindrului cupei\"><\/p>\n<p><!--Product Features--><\/p>\n<h2>Caracteristici ale produsului<\/h2>\n<ul>\n<li>Rezisten\u021b\u0103 \u0219i durabilitate ridicate: De obicei fabricate din o\u021bel sau aluminiu de \u00eenalt\u0103 rezisten\u021b\u0103, capabile s\u0103 reziste la presiuni ridicate \u0219i sarcini grele, potrivite pentru medii de lucru dure, proiectate av\u00e2nd \u00een vedere rezisten\u021ba la uzur\u0103 \u0219i la coroziune \u0219i prelungind durata de via\u021b\u0103.<\/li>\n<li>Opera\u021biuni hidraulice eficiente: Mi\u0219c\u0103rile line de extensie \u0219i retragere sunt ob\u021binute folosind presiunea uleiului hidraulic, r\u0103spunz\u00e2nd rapid la comenzile de operare, oferind for\u021be puternice de \u00eempingere \u0219i tragere \u0219i fiind potrivite pentru manipularea sarcinilor grele \u0219i a sarcinilor de lucru complexe.<\/li>\n<li>Diverse tipuri: Cilindrii cu ac\u021biune simpl\u0103 (folosind sistemul hidraulic \u00eentr-o singur\u0103 direc\u021bie) sau cu ac\u021biune dubl\u0103 (folosind sistemul hidraulic \u00een ambele direc\u021bii) pot fi selecta\u021bi \u00een func\u021bie de nevoi pentru a satisface diferite cerin\u021be opera\u021bionale. Anumite modele sunt telescopice, permi\u021b\u00e2nd o extensie mai mare f\u0103r\u0103 a cre\u0219te dimensiunile exterioare, potrivite pentru aplica\u021bii cu spa\u021biu limitat.<\/li>\n<li>\u00cenlocuitor perfect: Produsele noastre pot \u00eenlocui perfect ace\u0219ti cilindri hidraulici.<\/li>\n<\/ul>\n<p><!--Product Replacement Image--><br \/>\n<img decoding=\"async\" src=\"https:\/\/www.hydraulic-cylinders.net\/wp-content\/uploads\/2025\/01\/songte-cylinder-head-with-all-kinds-excavator-models.webp\" alt=\"Imagine de \u00eenlocuire a produsului\"><\/p>\n<p><!--Product Applications--><\/p>\n<h2>Aplica\u021bii ale produsului<\/h2>\n<p>Cilindrul cu cup\u0103 este utilizat pe scar\u0103 larg\u0103 \u00een diverse aplica\u021bii industriale, inclusiv, dar f\u0103r\u0103 a se limita la:<\/p>\n<ul>\n<li>Echipamente de construc\u021bii: \u00cen excavatoare, acestea sunt esen\u021biale pentru excavare, \u00eenc\u0103rcare \u0219i mutarea solului sau a resturilor. \u00cen buldoexcavatoarele, cilindrul cupei ajut\u0103 at\u00e2t la excavare, c\u00e2t \u0219i la ridicare.<\/li>\n<li>Ma\u0219ini agricole: Folosite pentru \u00eenc\u0103rc\u0103toare frontale, ridicarea, ridicarea \u0219i transportul solului, f\u00e2nului \u0219i altor materiale. Cilindrul cupei din excavatoare permite ac\u021biunea de s\u0103pare permi\u021b\u00e2nd cupei s\u0103 p\u0103trund\u0103 \u00een sol.<\/li>\n<li>\u00cenc\u0103rc\u0103toare: \u00cen \u00eenc\u0103rc\u0103toarele frontale, acestea ajut\u0103 la ridicarea \u0219i desc\u0103rcarea eficient\u0103 a \u00eenc\u0103rc\u0103turii.<\/li>\n<\/ul>\n<p><!--Design and Selection Standards--><\/p>\n<h2>Standarde de proiectare \u0219i selec\u021bie<\/h2>\n<p>Standardele de proiectare \u0219i selec\u021bie a cilindrilor cupei includ:<\/p>\n<ul>\n<li>Capacitate portant\u0103: Ar trebui s\u0103 poat\u0103 suporta greutatea \u0219i presiunea maxim\u0103 la care este supus, asigur\u00e2nd o func\u021bionare sigur\u0103 \u0219i stabil\u0103.<\/li>\n<li>Etan\u0219are: Cilindrul cupei trebuie etan\u0219at pentru a preveni scurgerile de fluid \u0219i a asigura func\u021bionarea hidraulic\u0103 eficient\u0103. Trebuie utilizate materiale de etan\u0219are de \u00eenalt\u0103 calitate pentru a asigura o durat\u0103 lung\u0103 de via\u021b\u0103.<\/li>\n<li>Durabilitate: Cilindrul cupei trebuie s\u0103 aib\u0103 o rezisten\u021b\u0103 excelent\u0103 la uzur\u0103 \u0219i la coroziune pentru a asigura o durat\u0103 lung\u0103 de via\u021b\u0103.<\/li>\n<li>Siguran\u021b\u0103: Cilindrul cupei trebuie proiectat cu caracteristici de siguran\u021b\u0103, cum ar fi supape de siguran\u021b\u0103 pentru a preveni supra\u00eenc\u0103rcarea sau sc\u0103derile bru\u0219te de presiune hidraulic\u0103, asigur\u00e2nd siguran\u021ba operatorului.<\/li>\n<li>\u00centre\u021binere: Cilindrul cupei trebuie proiectat av\u00e2nd \u00een vedere o \u00eentre\u021binere u\u0219oar\u0103, facilit\u00e2nd inspectarea, \u00eentre\u021binerea \u0219i repararea atunci c\u00e2nd este necesar.<\/li>\n<\/ul>\n<p><!--Product Pipes and Spare Parts Image--><br \/>\n<img decoding=\"async\" src=\"https:\/\/www.hydraulic-cylinders.net\/wp-content\/uploads\/2025\/01\/songte-oil-pipes-and-spare-parts.webp\" alt=\"Imaginea \u021bevilor \u0219i pieselor de schimb ale produsului\"><\/p>\n<p><!--Sealing and Lubrication--><\/p>\n<h2>Etan\u0219are \u0219i lubrifiere<\/h2>\n<p>Func\u021bionarea eficient\u0103 a cilindrului cupei se bazeaz\u0103 pe o etan\u0219are \u0219i o lubrifiere corespunz\u0103toare. Se iau urm\u0103toarele m\u0103suri:<\/p>\n<ul>\n<li>Diverse componente de etan\u0219are, cum ar fi etan\u0219\u0103rile pistonului \u0219i etan\u0219\u0103rile tijei, sunt utilizate pentru a asigura o etan\u0219are str\u00e2ns\u0103. Acestea ar trebui s\u0103 fie fabricate din materiale rezistente la uzur\u0103, cum ar fi poliuretanul \u0219i cauciucul nitrilic.<\/li>\n<li>Corpul cilindrului \u0219i suprafa\u021ba cap\u0103tului filetat sunt prelucrate fin pentru a \u00eembun\u0103t\u0103\u021bi rezisten\u021ba la uzur\u0103.<\/li>\n<li>Cilindrul cupei trebuie lubrifiat \u00een mod regulat cu cantitatea corespunz\u0103toare de ulei hidraulic pentru a asigura o func\u021bionare f\u0103r\u0103 probleme \u0219i a prelungi durata de via\u021b\u0103.<\/li>\n<\/ul>\n<p><!--Maintenance and Repair--><\/p>\n<h2>\u00centre\u021binere \u0219i repara\u021bii<\/h2>\n<p>\u00centre\u021binerea \u0219i repara\u021biile regulate sunt esen\u021biale pentru longevitatea cilindrului cupei. Trebuie efectuate urm\u0103toarele sarcini de \u00eentre\u021binere:<\/p>\n<ul>\n<li>Inspec\u021bii regulate: Verifica\u021bi dac\u0103 exist\u0103 scurgeri de ulei, deform\u0103ri \u0219i deterior\u0103ri ale corpului cilindrului, tijei \u0219i pistonului. Asigura\u021bi instalarea \u0219i alinierea corect\u0103.<\/li>\n<li>Lubrifiere corespunz\u0103toare: Lubrifia\u021bi cilindrul cupei cu cantitatea corespunz\u0103toare de ulei hidraulic \u00een mod regulat pentru a asigura o func\u021bionare f\u0103r\u0103 probleme.<\/li>\n<li>\u00cenlocuirea garniturilor: \u00cenlocui\u021bi garniturile \u00een mod regulat pentru a asigura o etan\u0219are etan\u0219\u0103.<\/li>\n<li>Verificare calibrare: Efectua\u021bi verific\u0103ri de calibrare pentru a asigura o func\u021bionare sigur\u0103 \u0219i precis\u0103.<\/li>\n<\/ul>\n<p><!--Product Cushion Collar Image--><br \/>\n<img decoding=\"async\" src=\"https:\/\/www.hydraulic-cylinders.net\/wp-content\/uploads\/2025\/01\/songte-chushion-collar.webp\" alt=\"Imaginea gulerului cu pern\u0103 a produsului\"><\/p>\n<p><!--Safety Considerations--><\/p>\n<h2>Considera\u021bii de siguran\u021b\u0103<\/h2>\n<p>C\u00e2nd se utilizeaz\u0103 un cilindru pentru cup\u0103, trebuie luate urm\u0103toarele m\u0103suri de siguran\u021b\u0103:<\/p>\n<ul>\n<li>Asigura\u021bi instalarea \u0219i alinierea corect\u0103 pentru a evita accidentele.<\/li>\n<li>Respecta\u021bi instruc\u021biunile de utilizare \u0219i m\u0103surile de siguran\u021b\u0103 ale produc\u0103torului.<\/li>\n<li>Purta\u021bi echipament individual de protec\u021bie (EIP) adecvat, cum ar fi m\u0103nu\u0219i, ochelari de protec\u021bie \u0219i c\u0103\u0219ti de protec\u021bie.<\/li>\n<li>Nu supra\u00eenc\u0103rca\u021bi cilindrul cupei \u0219i respecta\u021bi presiunea maxim\u0103 de lucru \u0219i capacitatea de \u00eenc\u0103rcare.<\/li>\n<li>Asigura\u021bi o \u00eentre\u021binere corespunz\u0103toare pentru a evita accidentele.<\/li>\n<\/ul>\n<p><!--Product Bushings and Excavator Models Image--><br \/>\n<img decoding=\"async\" src=\"https:\/\/www.hydraulic-cylinders.net\/wp-content\/uploads\/2025\/01\/songte-bushings-with-all-kinds-of-excavator-models.webp\" alt=\"Imaginea buc\u0219elor de produs \u0219i a modelelor de excavatoare\"><\/p>\n<p><!--About Us--><\/p>\n<h2>Despre noi<\/h2>\n<p>Suntem un produc\u0103tor \u0219i distribuitor angro de top de cilindri hidraulici pe pie\u021bele interne \u0219i interna\u021bionale, oferind o gam\u0103 complet\u0103 de produse din acest domeniu. \u00cen compania noastr\u0103, urm\u0103m valorile fundamentale ale excelen\u021bei \u0219i calit\u0103\u021bii, baz\u00e2ndu-ne pe strategii industrializate de management al produc\u021biei \u00een ateliere de fabrica\u021bie fin reglate. \u00cembun\u0103t\u0103\u021bim continuu platforma noastr\u0103 de fabrica\u021bie, de la utilizarea echipamentelor digitale de fabrica\u021bie de ultim\u0103 genera\u021bie, a talentelor tehnice \u0219i a sistemelor profesionale de testare, p\u00e2n\u0103 la linii de produc\u021bie perfec\u021bionate pentru calitatea produselor. Av\u00e2nd ca principii eficien\u021b\u0103 ridicat\u0103, precizie ridicat\u0103 \u0219i calitate \u00eenalt\u0103, satisfacem nevoile diverse ale clien\u021bilor no\u0219tri.<\/p>\n<p><!--Company Image--><br \/>\n<img decoding=\"async\" src=\"https:\/\/hzpt.com\/wp-content\/uploads\/2024\/11\/songte-company-1.webp\" alt=\"Imaginea companiei\"><\/p>\n<p><!--Company Details--><\/p>\n<h2>Detalii despre companie<\/h2>\n<ul>\n<li>Profesionalism: Compania noastr\u0103 are o echip\u0103 de exper\u021bi profesioni\u0219ti care pot oferi clien\u021bilor cele mai profesionale servicii.<\/li>\n<li>Certificare interna\u021bional\u0103: Produsele noastre au trecut diverse certific\u0103ri interna\u021bionale, cum ar fi ISO9001 \u0219i CE, asigur\u00e2nd calitatea \u0219i siguran\u021ba.<\/li>\n<li>Servicii de personalizare: Putem oferi servicii personalizate \u00een func\u021bie de nevoile clien\u021bilor, cum ar fi dimensiuni, materiale \u0219i func\u021bii personalizate ale cilindrilor.<\/li>\n<li>Echipamente avansate de produc\u021bie: Compania noastr\u0103 dispune de un set complet de echipamente avansate pentru fabricarea cilindrilor hidraulici, cum ar fi strunguri CNC, ma\u0219ini de honuit \u0219i ma\u0219ini automate de sudur\u0103.<\/li>\n<li>Service post-v\u00e2nzare: Compania noastr\u0103 ofer\u0103 clien\u021bilor servicii post-v\u00e2nzare perfecte, cum ar fi repararea \u0219i \u00eenlocuirea pieselor \u0219i servicii de reconstruc\u021bie, asigur\u00e2nd calitatea produsului \u0219i satisfac\u021bia utilizatorilor.<\/li>\n<\/ul>\n<p><!--Author--><\/p>\n<p>Autor: lyl<\/p>","protected":false},"excerpt":{"rendered":"<p>Bucket Cylinder For Hyundai Large Excavator R450LC-5 Introduction A bucket cylinder for Hyundai large excavator R450LC-5 is a specialized hydraulic cylinder used to control the bucket&#8217;s movements in heavy machinery such as excavators, backhoes, and front-end loaders. Its main function is to enable the bucket to lift, lower and tilt, making it easier to handle [&hellip;]<\/p>","protected":false},"featured_media":14784,"comment_status":"open","ping_status":"closed","template":"","meta":{"_et_pb_use_builder":"","_et_pb_old_content":"","_et_gb_content_width":""},"product_brand":[],"product_cat":[1494],"product_tag":[1495,1496],"class_list":{"0":"post-15331","1":"product","2":"type-product","3":"status-publish","4":"has-post-thumbnail","6":"product_cat-bucket-cylinders","7":"product_tag-bucket-cylinders","8":"product_tag-hydraulic-cylinders","10":"first","11":"instock","12":"shipping-taxable","13":"product-type-simple"},"amp_enabled":true,"_links":{"self":[{"href":"https:\/\/www.hydraulic-cylinders.net\/ro\/wp-json\/wp\/v2\/product\/15331","targetHints":{"allow":["GET"]}}],"collection":[{"href":"https:\/\/www.hydraulic-cylinders.net\/ro\/wp-json\/wp\/v2\/product"}],"about":[{"href":"https:\/\/www.hydraulic-cylinders.net\/ro\/wp-json\/wp\/v2\/types\/product"}],"replies":[{"embeddable":true,"href":"https:\/\/www.hydraulic-cylinders.net\/ro\/wp-json\/wp\/v2\/comments?post=15331"}],"wp:featuredmedia":[{"embeddable":true,"href":"https:\/\/www.hydraulic-cylinders.net\/ro\/wp-json\/wp\/v2\/media\/14784"}],"wp:attachment":[{"href":"https:\/\/www.hydraulic-cylinders.net\/ro\/wp-json\/wp\/v2\/media?parent=15331"}],"wp:term":[{"taxonomy":"product_brand","embeddable":true,"href":"https:\/\/www.hydraulic-cylinders.net\/ro\/wp-json\/wp\/v2\/product_brand?post=15331"},{"taxonomy":"product_cat","embeddable":true,"href":"https:\/\/www.hydraulic-cylinders.net\/ro\/wp-json\/wp\/v2\/product_cat?post=15331"},{"taxonomy":"product_tag","embeddable":true,"href":"https:\/\/www.hydraulic-cylinders.net\/ro\/wp-json\/wp\/v2\/product_tag?post=15331"}],"curies":[{"name":"wp","href":"https:\/\/api.w.org\/{rel}","templated":true}]}}