{"id":15332,"date":"2025-01-19T14:23:48","date_gmt":"2025-01-19T14:23:48","guid":{"rendered":"https:\/\/www.hydraulic-cylinders.net\/product\/bucket-cylinder-for-hyundai-large-excavator-r505lc-7\/"},"modified":"2025-01-19T14:23:50","modified_gmt":"2025-01-19T14:23:50","slug":"bucket-cylinder-for-hyundai-large-excavator-r505lc-7","status":"publish","type":"product","link":"https:\/\/www.hydraulic-cylinders.net\/ro\/produs\/bucket-cylinder-for-hyundai-large-excavator-r505lc-7\/","title":{"rendered":"Cilindru cup\u0103 pentru excavator mare Hyundai R505LC-7"},"content":{"rendered":"<h1>Cilindru cup\u0103 pentru excavator mare Hyundai R505LC-7<\/h1>\n<h2>Introducere<\/h2>\n<p>The Bucket Cylinder for Hyundai Large Excavator R505LC-7 is a specially designed hydraulic cylinder used to control the movement of the bucket in heavy machinery such as excavators, backhoe excavators, and front-end loaders. Its main function is to enable the bucket to lift, lower and tilt, making it easy to handle various material handling tasks. In the hydraulic system, the bucket cylinder controls the bucket&#8217;s precise movement through changes in hydraulic oil pressure, allowing operators to handle heavy loads efficiently and adapt to complex work environments and diverse job requirements.<\/p>\n<p><img decoding=\"async\" src=\"https:\/\/www.hydraulic-cylinders.net\/wp-content\/uploads\/2025\/01\/songte-company-2.webp\" \/><\/p>\n<h3>Caracteristici ale produsului<\/h3>\n<ul>\n<li><strong>Rezisten\u021b\u0103 \u0219i durabilitate ridicate:<\/strong> Fabricat de obicei din o\u021bel sau aluminiu de \u00eenalt\u0103 rezisten\u021b\u0103, cilindrul cupei poate rezista la presiuni ridicate \u0219i sarcini grele, adapt\u00e2ndu-se la medii de lucru dure. Designul s\u0103u ia \u00een considerare rezisten\u021ba la uzur\u0103 \u0219i la coroziune, prelungindu-i durata de via\u021b\u0103.<\/li>\n<li><strong>Func\u021bionare hidraulic\u0103 eficient\u0103:<\/strong> Prin utilizarea presiunii uleiului hidraulic pentru a ob\u021bine o extensie \u0219i o retragere lin\u0103, cilindrul cupei poate r\u0103spunde rapid la comenzile de control, oferind for\u021be puternice de \u00eempingere \u0219i tragere, potrivite pentru manipularea sarcinilor grele \u0219i a sarcinilor complexe.<\/li>\n<li><strong>Diverse tipuri:<\/strong> Cilindrul cupei poate fi selectat ca cilindru cu ac\u021biune simpl\u0103 (utilizat hidraulic \u00eentr-o singur\u0103 direc\u021bie) sau cu ac\u021biune dubl\u0103 (utilizat hidraulic \u00een ambele direc\u021bii), \u00een func\u021bie de necesitatea de a \u00eendeplini diferite cerin\u021be de func\u021bionare. Unele modele sunt telescopice, permi\u021b\u00e2nd o extensie mai mare f\u0103r\u0103 a cre\u0219te dimensiunile exterioare, potrivite pentru aplica\u021bii cu spa\u021biu limitat.<\/li>\n<li><strong>\u00cenlocuitor perfect:<\/strong> Compania noastr\u0103 poate produce acest produs, iar produsele noastre pot \u00eenlocui perfect ace\u0219ti cilindri hidraulici.<\/li>\n<\/ul>\n<p><img decoding=\"async\" src=\"https:\/\/www.hydraulic-cylinders.net\/wp-content\/uploads\/2025\/01\/songte-cylinder-head-with-all-kinds-excavator-models.webp\" \/><\/p>\n<h3>Aplica\u021bii<\/h3>\n<p>Cilindrul cu cup\u0103 are multe aplica\u021bii, inclusiv:<\/p>\n<ul>\n<li><strong>Echipamente de construc\u021bii:<\/strong> \u00cen excavatoare, acestea sunt esen\u021biale pentru s\u0103pare, \u00eenc\u0103rcare \u0219i mutarea solului sau a resturilor. \u00cen excavatoarele cu buldoexcavatoare, cilindrul cupei ajut\u0103 la excavare \u0219i ridicare. <\/li>\n<li><strong>Ma\u0219ini agricole:<\/strong> Folosite pentru \u00eenc\u0103rc\u0103toare frontale, acestea cup\u0103, ridic\u0103 \u0219i transport\u0103 p\u0103m\u00e2nt, f\u00e2n \u0219i alte materiale. <\/li>\n<li><strong>Excavatoare:<\/strong> Cilindrul cupei permite cupei s\u0103 p\u0103trund\u0103 \u00een sol pentru a efectua ac\u021biuni de s\u0103pat.<\/li>\n<li><strong>\u00cenc\u0103rc\u0103toare:<\/strong> \u00cen cazul \u00eenc\u0103rc\u0103toarelor frontale, acestea ajut\u0103 la ridicarea \u0219i desc\u0103rcarea eficient\u0103 a \u00eenc\u0103rc\u0103turii.<\/li>\n<\/ul>\n<h3>Considera\u021bii de proiectare \u0219i standarde de selec\u021bie<\/h3>\n<p>Cilindrul cupei trebuie s\u0103 \u00eendeplineasc\u0103 anumite standarde de proiectare \u0219i selec\u021bie pentru a-i asigura func\u021bionalitatea \u0219i siguran\u021ba. Aceste considera\u021bii de proiectare includ:<\/p>\n<ul>\n<li><strong>Capacitate portant\u0103:<\/strong> Cilindrul cupei ar trebui s\u0103 poat\u0103 suporta cea mai mare sarcin\u0103 posibil\u0103.<\/li>\n<li><strong>Performan\u021ba de etan\u0219are:<\/strong> Cilindrul trebuie s\u0103 aib\u0103 propriet\u0103\u021bi bune de etan\u0219are pentru a preveni scurgerile de ulei \u0219i a proteja sistemul hidraulic.<\/li>\n<li><strong>Durabilitate:<\/strong> Cilindrul cupei trebuie s\u0103 fie fabricat din materiale durabile pentru a rezista la uzur\u0103 \u0219i a-\u0219i men\u021bine performan\u021ba \u00een timp.<\/li>\n<li><strong>Siguran\u0163\u0103:<\/strong> Cilindrul trebuie s\u0103 fie proiectat pentru a preveni accidentele \u0219i a asigura siguran\u021ba lucr\u0103torilor \u0219i a echipamentelor.<\/li>\n<li><strong>Mentenabilitate:<\/strong> Cilindrul trebuie s\u0103 fie u\u0219or de \u00eentre\u021binut, iar componentele sale trebuie s\u0103 fie u\u0219or de \u00eenlocuit.<\/li>\n<\/ul>\n<p><img decoding=\"async\" src=\"https:\/\/www.hydraulic-cylinders.net\/wp-content\/uploads\/2025\/01\/songte-oil-pipes-and-spare-parts.webp\" \/><\/p>\n<h3>Etan\u0219are \u0219i lubrifiere<\/h3>\n<p>Cilindrul cupei utilizeaz\u0103 diverse tipuri de etan\u0219\u0103ri, cum ar fi etan\u0219\u0103rile pistonului \u0219i etan\u0219\u0103rile tijei, fabricate din materiale rezistente la uzur\u0103, cum ar fi poliuretanul \u0219i cauciucul nitrilic. Corpul cilindrului \u0219i suprafe\u021bele filetate ale cap\u0103tului sunt prelucrate fin pentru a \u00eembun\u0103t\u0103\u021bi rezisten\u021ba la uzur\u0103. Lubrifierea regulat\u0103 cu cantitatea potrivit\u0103 de ulei hidraulic este necesar\u0103 pentru a asigura buna func\u021bionare a acestuia.<\/p>\n<h3>\u00centre\u021binere \u0219i repara\u021bii<\/h3>\n<p>\u00centre\u021binerea regulat\u0103 \u0219i m\u0103surile preventive pot ajuta la prelungirea duratei de via\u021b\u0103 a cilindrului cupei. Aceste m\u0103suri includ:<\/p>\n<ul>\n<li><strong>Inspec\u021bie periodic\u0103:<\/strong> Verifica\u021bi cilindrul pentru a depista eventuale deterior\u0103ri, uzur\u0103 \u0219i scurgeri.<\/li>\n<li><strong>Lubrifiere:<\/strong> Aplica\u021bi lubrifiant dup\u0103 cum este necesar pentru a men\u021bine func\u021bionarea corect\u0103 a cilindrului.<\/li>\n<li><strong>\u00cenlocuirea garniturii \u0219i verificarea calibr\u0103rii:<\/strong> Replace worn or damaged seals and check the cylinder&#8217;s calibration for optimum performance.<\/li>\n<\/ul>\n<h3>Considera\u021bii de siguran\u021b\u0103 \u0219i factori de mediu<\/h3>\n<p>Safety measures are vital when working with hydraulic cylinders. Proper safety gear and training should always be provided. Environmental factors such as temperature and humidity can also affect the cylinder&#8217;s performance, so they should be taken into account.<\/p>\n<h3>Depanare \u0219i probleme frecvente<\/h3>\n<p>Common problems with the bucket cylinder include oil leakage, damaged seals, and slow operation. Troubleshooting these issues requires a thorough understanding of the cylinder&#8217;s design and operation, and specific problems may require specific solutions.<\/p>\n<p><img decoding=\"async\" src=\"https:\/\/www.hydraulic-cylinders.net\/wp-content\/uploads\/2025\/01\/songte-bushings-with-all-kinds-of-excavator-models.webp\" \/><\/p>\n<h3>Despre compania noastr\u0103<\/h3>\n<p>Compania noastr\u0103 este un produc\u0103tor important de cilindri hidraulici \u0219i distribuitor angro pe pie\u021bele interne \u0219i interna\u021bionale. Oferim o gam\u0103 complet\u0103 de cilindri hidraulici \u0219i urm\u0103m principiul eficien\u021bei ridicate, preciziei ridicate \u0219i calit\u0103\u021bii \u00eenalte pentru a satisface nevoile diverse ale clien\u021bilor no\u0219tri. Avem un atelier de produc\u021bie sofisticat \u0219i o strategie de management al produc\u021biei industriale bazat\u0103 pe o calitate excelent\u0103, baz\u00e2ndu-ne pe talente tehnologice, echipamente digitale de produc\u021bie de ultim\u0103 genera\u021bie \u0219i sisteme de testare profesionale.<\/p>\n<p>De asemenea, oferim servicii personalizate, iar produsele noastre sunt certificate interna\u021bional pentru calitate \u0219i siguran\u021b\u0103. Compania noastr\u0103 ofer\u0103 servicii complete post-v\u00e2nzare, inclusiv \u00eenlocuirea pieselor \u0219i servicii de reconstruc\u021bie, pentru a asigura o durat\u0103 de via\u021b\u0103 maxim\u0103 a produselor noastre. <\/p>\n<p><img decoding=\"async\" src=\"https:\/\/hzpt.com\/wp-content\/uploads\/2024\/11\/songte-company-1.webp\" \/><\/p>\n<p>Autor: lyl<\/p>","protected":false},"excerpt":{"rendered":"<p>Bucket Cylinder For Hyundai Large Excavator R505LC-7 Introduction The Bucket Cylinder for Hyundai Large Excavator R505LC-7 is a specially designed hydraulic cylinder used to control the movement of the bucket in heavy machinery such as excavators, backhoe excavators, and front-end loaders. Its main function is to enable the bucket to lift, lower and tilt, making [&hellip;]<\/p>","protected":false},"featured_media":14782,"comment_status":"open","ping_status":"closed","template":"","meta":{"_et_pb_use_builder":"","_et_pb_old_content":"","_et_gb_content_width":""},"product_brand":[],"product_cat":[1494],"product_tag":[1495,1496],"class_list":{"0":"post-15332","1":"product","2":"type-product","3":"status-publish","4":"has-post-thumbnail","6":"product_cat-bucket-cylinders","7":"product_tag-bucket-cylinders","8":"product_tag-hydraulic-cylinders","10":"first","11":"instock","12":"shipping-taxable","13":"product-type-simple"},"amp_enabled":true,"_links":{"self":[{"href":"https:\/\/www.hydraulic-cylinders.net\/ro\/wp-json\/wp\/v2\/product\/15332","targetHints":{"allow":["GET"]}}],"collection":[{"href":"https:\/\/www.hydraulic-cylinders.net\/ro\/wp-json\/wp\/v2\/product"}],"about":[{"href":"https:\/\/www.hydraulic-cylinders.net\/ro\/wp-json\/wp\/v2\/types\/product"}],"replies":[{"embeddable":true,"href":"https:\/\/www.hydraulic-cylinders.net\/ro\/wp-json\/wp\/v2\/comments?post=15332"}],"wp:featuredmedia":[{"embeddable":true,"href":"https:\/\/www.hydraulic-cylinders.net\/ro\/wp-json\/wp\/v2\/media\/14782"}],"wp:attachment":[{"href":"https:\/\/www.hydraulic-cylinders.net\/ro\/wp-json\/wp\/v2\/media?parent=15332"}],"wp:term":[{"taxonomy":"product_brand","embeddable":true,"href":"https:\/\/www.hydraulic-cylinders.net\/ro\/wp-json\/wp\/v2\/product_brand?post=15332"},{"taxonomy":"product_cat","embeddable":true,"href":"https:\/\/www.hydraulic-cylinders.net\/ro\/wp-json\/wp\/v2\/product_cat?post=15332"},{"taxonomy":"product_tag","embeddable":true,"href":"https:\/\/www.hydraulic-cylinders.net\/ro\/wp-json\/wp\/v2\/product_tag?post=15332"}],"curies":[{"name":"wp","href":"https:\/\/api.w.org\/{rel}","templated":true}]}}