{"id":15364,"date":"2025-01-19T14:26:09","date_gmt":"2025-01-19T14:26:09","guid":{"rendered":"https:\/\/www.hydraulic-cylinders.net\/product\/bucket-cylinder-for-kobelco-large-excavator-sk380d-8\/"},"modified":"2025-01-19T14:26:11","modified_gmt":"2025-01-19T14:26:11","slug":"bucket-cylinder-for-kobelco-large-excavator-sk380d-8","status":"publish","type":"product","link":"https:\/\/www.hydraulic-cylinders.net\/ro\/produs\/bucket-cylinder-for-kobelco-large-excavator-sk380d-8\/","title":{"rendered":"Cilindru cu cup\u0103 pentru excavatorul mare Kobelco SK380D-8"},"content":{"rendered":"<p><!DOCTYPE html><br \/>\n<html><br \/>\n<head><br \/>\n<title>Cilindru cu cup\u0103 pentru excavatorul mare Kobelco SK380D-8<\/title><br \/>\n<\/head><br \/>\n<body><\/p>\n<h1>Cilindru cu cup\u0103 pentru excavatorul mare Kobelco SK380D-8<\/h1>\n<h2>Introducere<\/h2>\n<p>Cilindrul cupei pentru excavatorul mare Kobelco SK380D-8 este un cilindru hidraulic special conceput, utilizat pentru a controla mi\u0219carea cupei \u00een utilaje grele, cum ar fi excavatoarele, \u00eenc\u0103rc\u0103toarele cu buldoexcavatoare \u0219i \u00eenc\u0103rc\u0103toarele frontale. Func\u021bia sa principal\u0103 este de a permite ridicarea, cobor\u00e2rea \u0219i \u00eenclinarea cupei, facilit\u00e2nd diverse sarcini de manipulare a materialelor. \u00centr-un sistem hidraulic, cilindrul cupei realizeaz\u0103 un control precis al cupei prin utilizarea modific\u0103rilor presiunii uleiului hidraulic, permi\u021b\u00e2nd operatorilor s\u0103 manipuleze eficient sarcini grele \u0219i s\u0103 se adapteze la medii de lucru complexe \u0219i cerin\u021be diverse ale lucr\u0103rilor.<\/p>\n<p><img decoding=\"async\" src=\"https:\/\/www.hydraulic-cylinders.net\/wp-content\/uploads\/2025\/01\/songte-company-2.webp\" alt=\"Imaginea produsului\"><\/p>\n<h2>Caracteristici<\/h2>\n<ul>\n<li>Rezisten\u021b\u0103 \u0219i durabilitate ridicate: Fabricat de obicei din o\u021bel sau aluminiu de \u00eenalt\u0103 rezisten\u021b\u0103, cilindrul cupei poate rezista la presiuni ridicate \u0219i sarcini grele, adapt\u00e2ndu-se la medii de lucru dure. Designul s\u0103u \u00eencorporeaz\u0103 rezisten\u021b\u0103 la uzur\u0103 \u0219i la coroziune, prelungindu-i durata de via\u021b\u0103.<\/li>\n<li>Func\u021bionare hidraulic\u0103 eficient\u0103: Prin utilizarea presiunii uleiului hidraulic, cilindrul cupei permite ac\u021biuni line de extensie \u0219i retragere, permi\u021b\u00e2nd un r\u0103spuns rapid la comenzile de control \u0219i oferind for\u021be puternice de \u00eempingere \u0219i tragere, potrivite pentru manipularea sarcinilor grele \u0219i a sarcinilor complexe.<\/li>\n<li>Diverse tipuri: Cilindrul cupei poate fi selectat ca fiind cu ac\u021biune simpl\u0103 (for\u021b\u0103 hidraulic\u0103 aplicat\u0103 \u00eentr-o singur\u0103 direc\u021bie) sau cu ac\u021biune dubl\u0103 (for\u021b\u0103 hidraulic\u0103 aplicat\u0103 \u00een ambele direc\u021bii), \u00een func\u021bie de nevoile opera\u021bionale. Unele modele sunt telescopice, permi\u021b\u00e2nd o extensie mai mare f\u0103r\u0103 a cre\u0219te dimensiunile exterioare, fiind potrivite pentru aplica\u021bii cu spa\u021biu limitat.<\/li>\n<\/ul>\n<p><img decoding=\"async\" src=\"https:\/\/www.hydraulic-cylinders.net\/wp-content\/uploads\/2025\/01\/songte-cylinder-head-with-all-kinds-excavator-models.webp\" alt=\"Imaginea produsului\"><\/p>\n<h2>Aplica\u021bii<\/h2>\n<ul>\n<li>Echipamente de construc\u021bii: Cilindrii cupei sunt vitali \u00een excavatoare pentru s\u0103pare, \u00eenc\u0103rcare \u0219i mutarea solului sau a resturilor. \u00cen cazul \u00eenc\u0103rc\u0103toarelor basculante, ace\u0219tia ajut\u0103 at\u00e2t la excavare, c\u00e2t \u0219i la ridicare.<\/li>\n<li>Ma\u0219ini agricole: utilizate \u00een \u00eenc\u0103rc\u0103toare frontale pentru scobere, ridicare \u0219i transportul solului, f\u00e2nului \u0219i altor materiale.<\/li>\n<li>Excavatoare: Cilindrul cupei permite ac\u021biunile de s\u0103pare permi\u021b\u00e2nd cupei s\u0103 p\u0103trund\u0103 \u00een sol.<\/li>\n<li>\u00cenc\u0103rc\u0103toare: \u00cen \u00eenc\u0103rc\u0103toarele frontale, acestea ajut\u0103 la ridicarea \u0219i desc\u0103rcarea eficient\u0103 a m\u0103rfurilor.<\/li>\n<\/ul>\n<h2>Considera\u021bii de proiectare \u0219i criterii de selec\u021bie<\/h2>\n<ul>\n<li>Capacitate portant\u0103: Cilindrul cupei este proiectat s\u0103 reziste la sarcini \u0219i presiuni mari, asigur\u00e2nd o func\u021bionare sigur\u0103 \u0219i eficient\u0103.<\/li>\n<li>Etan\u0219are: Diverse componente de etan\u0219are, cum ar fi etan\u0219\u0103rile pistonului \u0219i etan\u0219\u0103rile tijei, fabricate din materiale rezistente la uzur\u0103, precum poliuretanul \u0219i cauciucul nitrilic, sunt utilizate pentru a asigura o etan\u0219are eficient\u0103 \u0219i a preveni scurgerile.<\/li>\n<li>Durabilitate: Corpul cilindrului \u0219i capetele filetate sunt supuse unor prelucr\u0103ri fine pentru a spori rezisten\u021ba la uzur\u0103 \u0219i a prelungi durata de via\u021b\u0103.<\/li>\n<li>Siguran\u021b\u0103: Sunt \u00eencorporate caracteristici de siguran\u021b\u0103, cum ar fi supapele de suprapresiune \u0219i capacele de protec\u021bie, pentru a asigura o func\u021bionare \u00een siguran\u021b\u0103.<\/li>\n<li>\u00centre\u021binere: Cilindrul cupei este proiectat pentru o \u00eentre\u021binere u\u0219oar\u0103, cu componente accesibile \u0219i instruc\u021biuni clare furnizate pentru inspec\u021bii regulate, lubrifiere, \u00eenlocuirea garniturilor \u0219i verific\u0103ri ale calibr\u0103rii.<\/li>\n<\/ul>\n<p><img decoding=\"async\" src=\"https:\/\/www.hydraulic-cylinders.net\/wp-content\/uploads\/2025\/01\/songte-oil-pipes-and-spare-parts.webp\" alt=\"Imaginea produsului\"><\/p>\n<h2>Etan\u0219are \u0219i lubrifiere<\/h2>\n<p>Cilindrul cupei utilizeaz\u0103 diverse componente de etan\u0219are, cum ar fi etan\u0219\u0103ri de piston \u0219i etan\u0219\u0103ri de tij\u0103, fabricate din materiale rezistente la uzur\u0103, precum poliuretanul \u0219i cauciucul nitrilic. Corpul cilindrului \u0219i capetele filetate sunt prelucrate fin pentru a \u00eembun\u0103t\u0103\u021bi rezisten\u021ba la uzur\u0103. Lubrifierea regulat\u0103 cu ulei hidraulic adecvat este necesar\u0103 pentru a asigura o func\u021bionare lin\u0103 \u0219i a preveni deteriorarea cauzat\u0103 de frecare.<\/p>\n<h2>Inspec\u021bie regulat\u0103 \u0219i \u00eentre\u021binere preventiv\u0103<\/h2>\n<ul>\n<li>Inspecta\u021bi periodic cilindrul cupei pentru a depista orice semne de scurgeri, uzur\u0103 sau deteriorare.<\/li>\n<li>Men\u021bine\u021bi o lubrifiere adecvat\u0103 pentru a asigura o func\u021bionare f\u0103r\u0103 probleme.<\/li>\n<li>\u00cenlocui\u021bi garniturile \u0219i alte componente dup\u0103 cum este necesar pentru a men\u021bine o etan\u0219are corespunz\u0103toare \u0219i a preveni scurgerile.<\/li>\n<li>Efectua\u021bi verific\u0103ri de calibrare pentru a asigura o performan\u021b\u0103 precis\u0103.<\/li>\n<li>Urma\u021bi procedurile de instalare recomandate, inclusiv alinierea corect\u0103 a cilindrului \u0219i utilizarea unor console de montare adecvate pentru fixarea cilindrului.<\/li>\n<li>Furniza\u021bi proceduri recomandate de inspec\u021bie, reparare \u0219i \u00eenlocuire pentru a prelungi durata de via\u021b\u0103 a cilindrului cupei.<\/li>\n<\/ul>\n<p><img decoding=\"async\" src=\"https:\/\/www.hydraulic-cylinders.net\/wp-content\/uploads\/2025\/01\/songte-chushion-collar.webp\" alt=\"Imaginea produsului\"><\/p>\n<h2>Considera\u021bii de siguran\u021b\u0103 \u0219i factori de mediu<\/h2>\n<p>Atunci c\u00e2nd se utilizeaz\u0103 cilindrul cupei, este esen\u021bial s\u0103 se respecte m\u0103surile de siguran\u021b\u0103 pentru a preveni accidentele \u0219i r\u0103nirile. M\u0103surile de siguran\u021b\u0103, cum ar fi purtarea echipamentului de protec\u021bie, func\u021bionarea \u00een limitele de sarcin\u0103 specificate \u0219i inspec\u021biile regulate ale echipamentelor, sunt esen\u021biale. \u00cen plus, luarea \u00een considerare a factorilor de mediu ajut\u0103 la minimizarea impactului utiliz\u0103rii cilindrului hidraulic asupra mediului \u00eenconjur\u0103tor, promov\u00e2nd sustenabilitatea.<\/p>\n<h2>Depanare \u0219i probleme frecvente<\/h2>\n<p>\u00cen cazul oric\u0103ror defec\u021biuni, este important s\u0103 diagnostica\u021bi problema cu precizie. Problemele comune pot include scurgeri, putere insuficient\u0103 sau zgomot anormal. Remedia\u021bi prompt aceste probleme urm\u00e2nd sfaturile de depanare \u0219i implement\u00e2nd solu\u021bii adecvate. M\u0103surile preventive, cum ar fi \u00eentre\u021binerea regulat\u0103 \u0219i func\u021bionarea corect\u0103, pot reduce la minimum poten\u021bialele probleme.<\/p>\n<p><img decoding=\"async\" src=\"https:\/\/www.hydraulic-cylinders.net\/wp-content\/uploads\/2025\/01\/songte-bushings-with-all-kinds-of-excavator-models.webp\" alt=\"Imaginea produsului\"><\/p>\n<p>Nu uita s\u0103 organizezi articolul logic, s\u0103 folose\u0219ti subtitluri pentru o navigare u\u0219oar\u0103, s\u0103 incluzi imagini sau grafice relevante pentru a \u00eembun\u0103t\u0103\u021bi \u00een\u021belegerea \u0219i s\u0103 asiguri un con\u021binut clar \u0219i concis, potrivit pentru cititorii cu diferite niveluri de cuno\u0219tin\u021be tehnice.<\/p>\n<h2>Compania noastr\u0103<\/h2>\n<p>Suntem un produc\u0103tor \u0219i distribuitor angro de top de cilindri hidraulici de schimb. Cu o gam\u0103 larg\u0103 de produse, am devenit unul dintre principalii produc\u0103tori \u0219i angrosi\u0219ti \u200b\u200bde cilindri hidraulici pe pie\u021bele interne \u0219i interna\u021bionale. Ader\u0103m la principiile excelen\u021bei \u0219i ne baz\u0103m pe strategii industrializate de management al produc\u021biei \u00een atelierele noastre de fabrica\u021bie rafinate. Concentr\u00e2ndu-ne pe talentul tehnologic, echipamente digitale de fabrica\u021bie de ultim\u0103 genera\u021bie \u0219i sisteme profesionale de testare, ne \u00eembun\u0103t\u0103\u021bim continuu platforma de fabrica\u021bie, sporim procesul de produc\u021bie al calit\u0103\u021bii produselor \u0219i avem o puternic\u0103 capacitate de inovare. Ne propunem s\u0103 satisfacem diversele nevoi ale clien\u021bilor cu eficien\u021b\u0103, precizie \u0219i calitate ridicate.<\/p>\n<p><img decoding=\"async\" src=\"https:\/\/www.hydraulic-cylinders.net\/wp-content\/uploads\/2025\/01\/songte-company-3.webp\" alt=\"Imaginea companiei\"><\/p>\n<h3>Profesionalism<\/h3>\n<p>Men\u021binem profesionalismul \u00een fiecare aspect al opera\u021biunilor noastre, de la dezvoltarea produsului p\u00e2n\u0103 la serviciul clien\u021bi, asigur\u00e2nd cele mai \u00eenalte standarde de calitate \u0219i performan\u021b\u0103.<\/p>\n<h3>Certific\u0103ri interna\u021bionale<\/h3>\n<p>Produsele noastre \u00eendeplinesc standardele interna\u021bionale de calitate \u0219i au ob\u021binut certific\u0103rile relevante, garant\u00e2nd fiabilitatea \u0219i siguran\u021ba acestora.<\/p>\n<h3>Servicii de personalizare<\/h3>\n<p>Oferim servicii de personalizare pentru a satisface cerin\u021bele specifice ale clien\u021bilor, asigur\u00e2nd performan\u021be optime \u0219i compatibilitate cu diverse echipamente.<\/p>\n<h3>Echipamente avansate de produc\u021bie<\/h3>\n<p>Folosim echipamente de produc\u021bie avansate pentru a asigura o fabrica\u021bie de precizie \u0219i o calitate constant\u0103 a produselor.<\/p>\n<h3>Serviciu post-v\u00e2nzare<\/h3>\n<p>Oferim servicii complete post-v\u00e2nzare, inclusiv asisten\u021b\u0103 tehnic\u0103, servicii de repara\u021bii \u0219i furnizare de piese de schimb, asigur\u00e2nd satisfac\u021bia clien\u021bilor \u0219i o durat\u0103 de via\u021b\u0103 prelungit\u0103 a produsului.<\/p>\n<p>Autor: lyl<\/p>\n<p><\/body><br \/>\n<\/html><\/p>","protected":false},"excerpt":{"rendered":"<p>Bucket Cylinder For Kobelco Large Excavator SK380D-8 Bucket Cylinder For Kobelco Large Excavator SK380D-8 Introduction The bucket cylinder for Kobelco large excavator SK380D-8 is a specially designed hydraulic cylinder used to control the movement of the bucket in heavy machinery such as excavators, backhoe loaders, and front-end loaders. Its main function is to allow the [&hellip;]<\/p>","protected":false},"featured_media":14778,"comment_status":"open","ping_status":"closed","template":"","meta":{"_et_pb_use_builder":"","_et_pb_old_content":"","_et_gb_content_width":""},"product_brand":[],"product_cat":[1494],"product_tag":[1495,1496],"class_list":{"0":"post-15364","1":"product","2":"type-product","3":"status-publish","4":"has-post-thumbnail","6":"product_cat-bucket-cylinders","7":"product_tag-bucket-cylinders","8":"product_tag-hydraulic-cylinders","10":"first","11":"instock","12":"shipping-taxable","13":"product-type-simple"},"amp_enabled":true,"_links":{"self":[{"href":"https:\/\/www.hydraulic-cylinders.net\/ro\/wp-json\/wp\/v2\/product\/15364","targetHints":{"allow":["GET"]}}],"collection":[{"href":"https:\/\/www.hydraulic-cylinders.net\/ro\/wp-json\/wp\/v2\/product"}],"about":[{"href":"https:\/\/www.hydraulic-cylinders.net\/ro\/wp-json\/wp\/v2\/types\/product"}],"replies":[{"embeddable":true,"href":"https:\/\/www.hydraulic-cylinders.net\/ro\/wp-json\/wp\/v2\/comments?post=15364"}],"wp:featuredmedia":[{"embeddable":true,"href":"https:\/\/www.hydraulic-cylinders.net\/ro\/wp-json\/wp\/v2\/media\/14778"}],"wp:attachment":[{"href":"https:\/\/www.hydraulic-cylinders.net\/ro\/wp-json\/wp\/v2\/media?parent=15364"}],"wp:term":[{"taxonomy":"product_brand","embeddable":true,"href":"https:\/\/www.hydraulic-cylinders.net\/ro\/wp-json\/wp\/v2\/product_brand?post=15364"},{"taxonomy":"product_cat","embeddable":true,"href":"https:\/\/www.hydraulic-cylinders.net\/ro\/wp-json\/wp\/v2\/product_cat?post=15364"},{"taxonomy":"product_tag","embeddable":true,"href":"https:\/\/www.hydraulic-cylinders.net\/ro\/wp-json\/wp\/v2\/product_tag?post=15364"}],"curies":[{"name":"wp","href":"https:\/\/api.w.org\/{rel}","templated":true}]}}