{"id":15367,"date":"2025-01-19T14:26:28","date_gmt":"2025-01-19T14:26:28","guid":{"rendered":"https:\/\/www.hydraulic-cylinders.net\/product\/bucket-cylinder-for-kobelco-large-excavator-sk495d\/"},"modified":"2025-01-19T14:26:30","modified_gmt":"2025-01-19T14:26:30","slug":"bucket-cylinder-for-kobelco-large-excavator-sk495d","status":"publish","type":"product","link":"https:\/\/www.hydraulic-cylinders.net\/ro\/produs\/bucket-cylinder-for-kobelco-large-excavator-sk495d\/","title":{"rendered":"Cilindru cu cup\u0103 pentru excavatorul mare Kobelco SK495D"},"content":{"rendered":"<h1>Cilindru cu cup\u0103 pentru excavatorul mare Kobelco SK495D<\/h1>\n<h2>Introducere<\/h2>\n<h3>Defini\u0163ie<\/h3>\n<p>Un cilindru al cupei este un cilindru hidraulic specializat utilizat pentru a controla mi\u0219carea cupei \u00een utilaje grele, cum ar fi excavatoarele, excavatoarele \u0219i \u00eenc\u0103rc\u0103toarele frontale. Func\u021bia sa principal\u0103 este de a permite ridicarea, cobor\u00e2rea \u0219i \u00eenclinarea cupei, facilit\u00e2nd gestionarea diverselor sarcini de manipulare a materialelor. \u00cen sistemul hidraulic, cilindrul cupei utilizeaz\u0103 modific\u0103ri ale presiunii hidraulice pentru a ob\u021bine un control precis al cupei, permi\u021b\u00e2nd operatorilor s\u0103 manipuleze eficient sarcini grele \u0219i s\u0103 se adapteze la medii de lucru complexe \u0219i nevoi opera\u021bionale diverse.<\/p>\n<p><img decoding=\"async\" src=\"https:\/\/www.hydraulic-cylinders.net\/wp-content\/uploads\/2025\/01\/songte-company-2.webp\"><\/p>\n<h2>Caracteristici<\/h2>\n<ul>\n<li><strong>Rezisten\u021b\u0103 \u0219i durabilitate ridicate:<\/strong> De obicei, fabricat din o\u021bel sau aluminiu de \u00eenalt\u0103 rezisten\u021b\u0103, poate rezista la presiuni ridicate \u0219i sarcini grele, adapt\u00e2ndu-se la medii de lucru dure \u0219i fiind proiectat \u021bin\u00e2nd cont de rezisten\u021ba la uzur\u0103 \u0219i la coroziune pentru a prelungi durata de via\u021b\u0103.<\/li>\n<li><strong>Func\u021bionare hidraulic\u0103 eficient\u0103:<\/strong> Utiliz\u00e2nd presiunea uleiului hidraulic pentru a ob\u021bine o extensie \u0219i o contrac\u021bie lin\u0103, acesta poate r\u0103spunde rapid la comenzile de operare, oferind for\u021be puternice de \u00eempingere-tragere, potrivite pentru manipularea sarcinilor grele \u0219i a sarcinilor opera\u021bionale complexe.<\/li>\n<li><strong>Diverse tipuri:<\/strong> Cilindrii cu ac\u021biune simpl\u0103 (sistem hidraulic utilizat \u00eentr-o singur\u0103 direc\u021bie) sau cu ac\u021biune dubl\u0103 (sistem hidraulic utilizat \u00een ambele direc\u021bii) pot fi selecta\u021bi \u00een func\u021bie de cerin\u021bele opera\u021bionale. Unele modele sunt telescopice, permi\u021b\u00e2nd o extensie mai mare f\u0103r\u0103 a cre\u0219te dimensiunile exterioare, potrivite pentru aplica\u021bii cu spa\u021biu limitat.<\/li>\n<li><strong>Foarte personalizabil:<\/strong> Putem produce cilindri care \u00eenlocuiesc perfect ace\u0219ti cilindri hidraulici.<\/li>\n<\/ul>\n<p><img decoding=\"async\" src=\"https:\/\/www.hydraulic-cylinders.net\/wp-content\/uploads\/2025\/01\/songte-cylinder-head-with-all-kinds-excavator-models.webp\"><\/p>\n<h2>Aplica\u021bii<\/h2>\n<h3>Echipamente de construc\u021bii<\/h3>\n<p>\u00cen excavatoare, acestea sunt esen\u021biale pentru s\u0103parea, \u00eenc\u0103rcarea \u0219i mutarea solului sau a resturilor. \u00cen excavatoarele cu buldoexcavatoare, cilindrii cupei ajut\u0103 la s\u0103pare \u0219i ridicare. \u00cen \u00eenc\u0103rc\u0103toarele frontale, acestea ajut\u0103 la ridicarea \u0219i desc\u0103rcarea eficient\u0103 a m\u0103rfurilor.<\/p>\n<h3>Ma\u0219ini agricole<\/h3>\n<p>Folosit \u00een \u00eenc\u0103rc\u0103toarele frontale pentru scobere, ridicare \u0219i transportul solului, f\u00e2nului \u0219i altor materiale. La excavatoare, cilindrii cupei permit s\u0103parea permi\u021b\u00e2nd cupei s\u0103 p\u0103trund\u0103 \u00een sol.<\/p>\n<h3>Alte aplica\u021bii<\/h3>\n<p>Cilindrii cu cup\u0103 sunt utiliza\u021bi \u0219i \u00een alte echipamente grele, inclusiv macarale, stivuitoare \u0219i prese hidraulice.<\/p>\n<h2>Considera\u021bii de proiectare \u0219i criterii de selec\u021bie<\/h2>\n<ul>\n<li><strong>Capacitate portant\u0103:<\/strong> Cilindrul trebuie s\u0103 fie capabil s\u0103 sus\u021bin\u0103 greutatea sarcinii.<\/li>\n<li><strong>Etan\u0219are:<\/strong> Cilindrul trebuie s\u0103 fie etan\u0219at corespunz\u0103tor pentru a preveni scurgerile \u0219i a asigura o func\u021bionare f\u0103r\u0103 probleme.<\/li>\n<li><strong>Durabilitate:<\/strong> Cilindrul trebuie s\u0103 fie capabil s\u0103 reziste rigorilor utiliz\u0103rii intense \u0219i condi\u021biilor dure de mediu.<\/li>\n<li><strong>Siguran\u0163\u0103:<\/strong> Cilindrul trebuie proiectat \u0219i instalat astfel \u00eenc\u00e2t s\u0103 previn\u0103 accidentele \u0219i v\u0103t\u0103m\u0103rile corporale.<\/li>\n<li><strong>Mentenabilitate:<\/strong> Cilindrul trebuie s\u0103 fie proiectat pentru a fi u\u0219or de \u00eentre\u021binut \u0219i reparat.<\/li>\n<\/ul>\n<p><img decoding=\"async\" src=\"https:\/\/www.hydraulic-cylinders.net\/wp-content\/uploads\/2025\/01\/songte-oil-pipes-and-spare-parts.webp\"><\/p>\n<h2>Etan\u0219are \u0219i lubrifiere<\/h2>\n<p>Se utilizeaz\u0103 diverse componente de etan\u0219are, cum ar fi etan\u0219\u0103rile pistonului \u0219i ale tijei, iar etan\u0219\u0103rile sunt fabricate din materiale rezistente la uzur\u0103, cum ar fi poliuretanul \u0219i cauciucul nitrilic. Corpul cilindrului \u0219i suprafa\u021ba filetat\u0103 a cap\u0103tului sunt prelucrate cu precizie pentru a \u00eembun\u0103t\u0103\u021bi rezisten\u021ba la uzur\u0103. Reumplerea regulat\u0103 cu ulei hidraulic este necesar\u0103 \u00een scopuri de lubrifiere.<\/p>\n<h2>\u00centre\u021binere \u0219i repara\u021bii<\/h2>\n<p>Urm\u0103toarele sunt sarcini comune de \u00eentre\u021binere pentru cilindrii cupei:<\/p>\n<ul>\n<li>Inspec\u021bie regulat\u0103<\/li>\n<li>Lubrifiere adecvat\u0103<\/li>\n<li>\u00cenlocuirea garniturii<\/li>\n<li>Calibrare<\/li>\n<\/ul>\n<p>Instalarea, lubrifierea \u0219i reglarea corect\u0103 sunt esen\u021biale, iar alinierea corect\u0103 a cilindrului trebuie asigurat\u0103 \u00een timpul instal\u0103rii. Se recomand\u0103 utilizarea unor console de montare adecvate pentru fixarea cilindrului \u0219i proceduri de verificare, reparare \u0219i \u00eenlocuire recomandate pentru a prelungi durata de via\u021b\u0103 a cilindrului.<\/p>\n<p><img decoding=\"async\" src=\"https:\/\/www.hydraulic-cylinders.net\/wp-content\/uploads\/2025\/01\/songte-chushion-collar.webp\"><\/p>\n<h2>Considera\u021bii privind siguran\u021ba \u0219i mediul<\/h2>\n<p>Este important s\u0103 respecta\u021bi protocoalele de siguran\u021b\u0103 atunci c\u00e2nd utiliza\u021bi cilindri de excavare, inclusiv purtarea echipamentului individual de protec\u021bie \u0219i respectarea procedurilor de operare recomandate. Eliminarea corect\u0103 a fluidului hidraulic \u0219i a altor materiale este, de asemenea, important\u0103 pentru protejarea mediului.<\/p>\n<h2>Probleme frecvente \u0219i depanare<\/h2>\n<ul>\n<li>Cilindrul are scurgeri<\/li>\n<li>Cilindrul nu se extinde sau nu se contract\u0103 corect<\/li>\n<li>Cilindrul scoate un zgomot ciudat<\/li>\n<\/ul>\n<p>Pentru a depana aceste probleme, pute\u021bi inspecta cilindrul pentru semne de deteriorare sau uzur\u0103, pute\u021bi verifica nivelul fluidului hidraulic \u0219i v\u0103 pute\u021bi asigura c\u0103 cilindrul este instalat \u0219i aliniat corect. \u00centre\u021binerea \u0219i repararea corespunz\u0103toare pot ajuta la prevenirea apari\u021biei acestor probleme.<\/p>\n<p><img decoding=\"async\" src=\"https:\/\/www.hydraulic-cylinders.net\/wp-content\/uploads\/2025\/01\/songte-bushings-with-all-kinds-of-excavator-models.webp\"><\/p>\n<h2>Despre compania noastr\u0103<\/h2>\n<p>Suntem un produc\u0103tor care produce cilindri hidraulici de schimb, iar compania noastr\u0103 ofer\u0103 o gam\u0103 complet\u0103 de produse. Am devenit unul dintre principalii produc\u0103tori \u0219i distribuitori angro de cilindri hidraulici pe pie\u021bele interne \u0219i externe. Ader\u0103m la principiul excelen\u021bei \u00een calitate \u0219i ne baz\u0103m pe strategia industrializat\u0103 de management al produc\u021biei a atelierelor de produc\u021bie fin\u0103. \u00cembun\u0103t\u0103\u021bim continuu platforma de produc\u021bie a atelierului prin utilizarea talentelor tehnologice, a echipamentelor digitale de produc\u021bie de ultim\u0103 genera\u021bie \u0219i a sistemelor profesionale de testare, perfec\u021bion\u0103m ruta de produc\u021bie a calit\u0103\u021bii produselor \u0219i avem o capacitate puternic\u0103 de crea\u021bie pentru a satisface nevoile diverse ale clien\u021bilor cu eficien\u021b\u0103 ridicat\u0103, precizie ridicat\u0103 \u0219i calitate superioar\u0103.<\/p>\n<p>Oferim servicii profesionale, certificate interna\u021bional, personalizate, echipamente de produc\u021bie \u0219i servicii post-v\u00e2nzare pentru a extinde prezen\u021ba companiei noastre.<\/p>\n<p><img decoding=\"async\" src=\"https:\/\/hzpt.com\/wp-content\/uploads\/2024\/11\/songte-company-1.webp\"><\/p>\n<p>Autor: lyl.<\/p>","protected":false},"excerpt":{"rendered":"<p>Bucket Cylinder For Kobelco Large Excavator SK495D Introduction Definition A bucket cylinder is a specialized hydraulic cylinder used to control the movement of the bucket in heavy-duty machinery such as excavators, backhoes, and front-end loaders. Its main function is to enable the bucket to lift, lower, and tilt, making it easier to handle various material-handling [&hellip;]<\/p>","protected":false},"featured_media":14771,"comment_status":"open","ping_status":"closed","template":"","meta":{"_et_pb_use_builder":"","_et_pb_old_content":"","_et_gb_content_width":""},"product_brand":[],"product_cat":[1494],"product_tag":[1495,1496],"class_list":{"0":"post-15367","1":"product","2":"type-product","3":"status-publish","4":"has-post-thumbnail","6":"product_cat-bucket-cylinders","7":"product_tag-bucket-cylinders","8":"product_tag-hydraulic-cylinders","10":"first","11":"instock","12":"shipping-taxable","13":"product-type-simple"},"amp_enabled":true,"_links":{"self":[{"href":"https:\/\/www.hydraulic-cylinders.net\/ro\/wp-json\/wp\/v2\/product\/15367","targetHints":{"allow":["GET"]}}],"collection":[{"href":"https:\/\/www.hydraulic-cylinders.net\/ro\/wp-json\/wp\/v2\/product"}],"about":[{"href":"https:\/\/www.hydraulic-cylinders.net\/ro\/wp-json\/wp\/v2\/types\/product"}],"replies":[{"embeddable":true,"href":"https:\/\/www.hydraulic-cylinders.net\/ro\/wp-json\/wp\/v2\/comments?post=15367"}],"wp:featuredmedia":[{"embeddable":true,"href":"https:\/\/www.hydraulic-cylinders.net\/ro\/wp-json\/wp\/v2\/media\/14771"}],"wp:attachment":[{"href":"https:\/\/www.hydraulic-cylinders.net\/ro\/wp-json\/wp\/v2\/media?parent=15367"}],"wp:term":[{"taxonomy":"product_brand","embeddable":true,"href":"https:\/\/www.hydraulic-cylinders.net\/ro\/wp-json\/wp\/v2\/product_brand?post=15367"},{"taxonomy":"product_cat","embeddable":true,"href":"https:\/\/www.hydraulic-cylinders.net\/ro\/wp-json\/wp\/v2\/product_cat?post=15367"},{"taxonomy":"product_tag","embeddable":true,"href":"https:\/\/www.hydraulic-cylinders.net\/ro\/wp-json\/wp\/v2\/product_tag?post=15367"}],"curies":[{"name":"wp","href":"https:\/\/api.w.org\/{rel}","templated":true}]}}