{"id":15374,"date":"2025-01-19T14:27:03","date_gmt":"2025-01-19T14:27:03","guid":{"rendered":"https:\/\/www.hydraulic-cylinders.net\/product\/bucket-cylinder-for-kobelco-large-excavator-sk950dlc\/"},"modified":"2025-01-19T14:27:05","modified_gmt":"2025-01-19T14:27:05","slug":"bucket-cylinder-for-kobelco-large-excavator-sk950dlc","status":"publish","type":"product","link":"https:\/\/www.hydraulic-cylinders.net\/ro\/produs\/bucket-cylinder-for-kobelco-large-excavator-sk950dlc\/","title":{"rendered":"Cilindru cu cup\u0103 pentru excavatorul mare Kobelco SK950DLC"},"content":{"rendered":"<h1>Cilindru cu cup\u0103 pentru excavatorul mare Kobelco SK950DLC<\/h1>\n<h2>Introducere<\/h2>\n<p>Cilindrul cupei pentru excavatorul mare Kobelco SK950DLC este un cilindru hidraulic specializat, conceput \u00een principal pentru a controla mi\u0219carea cupei \u00een utilaje grele, cum ar fi excavatoarele, excavatoarele cu buldoexcavatoare \u0219i \u00eenc\u0103rc\u0103toare frontale. Scopul s\u0103u principal este de a permite ridicarea, cobor\u00e2rea \u0219i \u00eenclinarea cupei, facilit\u00e2nd efectuarea diverselor sarcini de manipulare a materialelor. \u00cen sistemul hidraulic, cilindrul cupei realizeaz\u0103 un control precis al mi\u0219c\u0103rii cupei prin modificarea presiunii uleiului hidraulic, permi\u021b\u00e2nd operatorilor s\u0103 manipuleze eficient obiecte grele \u0219i s\u0103 se adapteze la medii de lucru complexe \u0219i cerin\u021be diverse ale lucr\u0103rilor.<\/p>\n<p><img decoding=\"async\" src=\"https:\/\/www.hydraulic-cylinders.net\/wp-content\/uploads\/2025\/01\/songte-company-2.webp\" alt=\"Imaginea cilindrului cupei\"><\/p>\n<h2>Caracteristici<\/h2>\n<ul>\n<li>\n<h3>Rezisten\u021b\u0103 \u0219i durabilitate ridicate<\/h3>\n<p>Cilindrul este de obicei fabricat din o\u021bel sau aluminiu de \u00eenalt\u0103 rezisten\u021b\u0103, care poate rezista la presiuni ridicate \u0219i sarcini grele, adapt\u00e2ndu-se la medii de lucru dure. Designul ia \u00een considerare rezisten\u021ba la uzur\u0103 \u0219i la coroziune, prelungindu-i durata de via\u021b\u0103.<\/p>\n<\/li>\n<li>\n<h3>Func\u021bionare hidraulic\u0103 eficient\u0103<\/h3>\n<p>Cilindrul utilizeaz\u0103 presiunea uleiului hidraulic pentru a ob\u021bine o ac\u021biune telescopic\u0103 lin\u0103, r\u0103spunz\u00e2nd rapid la comenzile opera\u021bionale \u0219i oferind o for\u021b\u0103 puternic\u0103 de \u00eempingere \u0219i tragere, potrivit\u0103 pentru manipularea obiectelor grele \u0219i a sarcinilor complexe.<\/p>\n<\/li>\n<li>\n<h3>Diverse tipuri<\/h3>\n<p>Cilindrul poate fi selectat ca fiind cu ac\u021biune simpl\u0103 (sistemul hidraulic este utilizat \u00eentr-o singur\u0103 direc\u021bie) sau cu ac\u021biune dubl\u0103 (sistemul hidraulic este utilizat \u00een ambele direc\u021bii) \u00een func\u021bie de nevoile de a satisface diferite cerin\u021be opera\u021bionale. Unele modele sunt telescopice, permi\u021b\u00e2nd o expansiune mai mare f\u0103r\u0103 a cre\u0219te dimensiunea extern\u0103, potrivite pentru aplica\u021bii cu spa\u021biu limitat.<\/p>\n<\/li>\n<li>\n<h3>\u00cenlocuitor perfect<\/h3>\n<p>Putem produce acest produs, iar produsul nostru poate \u00eenlocui perfect ace\u0219ti cilindri hidraulici.<\/p>\n<\/li>\n<\/ul>\n<p><img decoding=\"async\" src=\"https:\/\/www.hydraulic-cylinders.net\/wp-content\/uploads\/2025\/01\/songte-cylinder-head-with-all-kinds-excavator-models.webp\" alt=\"Imagine de \u00eenlocuire a produsului\"><\/p>\n<h2>Aplica\u021bii<\/h2>\n<p>Cilindrul cupei este utilizat pe scar\u0103 larg\u0103 \u00een diverse utilaje grele, inclusiv:<\/p>\n<ul>\n<li>\n<h3>Echipamente de construc\u021bii<\/h3>\n<p>\u00cen excavatoare, acestea sunt esen\u021biale pentru excavare, \u00eenc\u0103rcare \u0219i mutarea solului sau a resturilor. \u00cen excavatoarele cu buldoexcavatoare, cilindrii cupei ajut\u0103 at\u00e2t la excavare, c\u00e2t \u0219i la ridicare. <\/p>\n<\/li>\n<li>\n<h3>Ma\u0219ini agricole<\/h3>\n<p>Folosit \u00een \u00eenc\u0103rc\u0103toarele frontale pentru scobere, ridicare \u0219i transportul solului, f\u00e2nului \u0219i altor materiale. La excavatoare, cilindrii cupei permit s\u0103parea permi\u021b\u00e2nd cupei s\u0103 p\u0103trund\u0103 \u00een sol. <\/p>\n<\/li>\n<li>\n<h3>\u00cenc\u0103rc\u0103toare<\/h3>\n<p>\u00cenc\u0103rc\u0103toarele frontale, acestea ajut\u0103 la ridicarea \u0219i \u00eenclinarea eficient\u0103 a sarcinilor.<\/p>\n<\/li>\n<\/ul>\n<h2>Considera\u021bii de proiectare \u0219i criterii de selec\u021bie<\/h2>\n<p>La proiectarea \u0219i selectarea cilindrilor hidraulici, trebuie lua\u021bi \u00een considerare mai mul\u021bi factori:<\/p>\n<ul>\n<li>\n<h3>Capacitate portant\u0103<\/h3>\n<p>Cilindrul trebuie s\u0103 poat\u0103 suporta sarcina maxim\u0103 aplicat\u0103 \u00een timpul func\u021bion\u0103rii.<\/p>\n<\/li>\n<li>\n<h3>Sigilare<\/h3>\n<p>Cilindrul trebuie s\u0103 aib\u0103 o etan\u0219are eficient\u0103 pentru a preveni p\u0103trunderea \u00een cilindru a scurgerilor de ulei, a prafului \u0219i a altor contaminan\u021bi.<\/p>\n<\/li>\n<li>\n<h3>Durabilitate<\/h3>\n<p>Cilindrul trebuie s\u0103 fie fabricat din materiale de \u00eenalt\u0103 calitate \u0219i proiectat s\u0103 reziste la medii de lucru dure, asigur\u00e2nd o durat\u0103 lung\u0103 de via\u021b\u0103.<\/p>\n<\/li>\n<li>\n<h3>Siguran\u0163\u0103<\/h3>\n<p>Cilindrul trebuie s\u0103 fie proiectat cu elemente de siguran\u021b\u0103, cum ar fi supape de suprapresiune, pentru a preveni accidentele cauzate de supra\u00eenc\u0103rcare sau defec\u021biuni ale sistemului hidraulic.<\/p>\n<\/li>\n<li>\n<h3>Mentenabilitate<\/h3>\n<p>Cilindrul trebuie s\u0103 fie proiectat astfel \u00eenc\u00e2t \u00eentre\u021binerea \u0219i repararea s\u0103 fie u\u0219oare \u0219i rentabile.<\/p>\n<\/li>\n<\/ul>\n<p><img decoding=\"async\" src=\"https:\/\/www.hydraulic-cylinders.net\/wp-content\/uploads\/2025\/01\/songte-oil-pipes-and-spare-parts.webp\" alt=\"Imagine piese de schimb\"><\/p>\n<h2>Etan\u0219are \u0219i lubrifiere<\/h2>\n<p>Cilindrul hidraulic utilizeaz\u0103 diverse componente de etan\u0219are, cum ar fi etan\u0219\u0103ri ale pistonului, etan\u0219\u0103ri ale tijei \u0219i etan\u0219\u0103ri ale \u0219terg\u0103toarelor pentru a preveni scurgerile de ulei. Aceste etan\u0219\u0103ri sunt fabricate din materiale rezistente la uzur\u0103, cum ar fi poliuretanul \u0219i cauciucul nitrilic. Corpul cilindrului \u0219i suprafa\u021ba filetat\u0103 a cap\u0103tului sunt prelucrate fin pentru a \u00eembun\u0103t\u0103\u021bi rezisten\u021ba la uzur\u0103. Ad\u0103ugarea regulat\u0103 a cantit\u0103\u021bii adecvate de ulei hidraulic este necesar\u0103 pentru lubrifiere.<\/p>\n<h2>\u00centre\u021binere \u0219i repara\u021bii<\/h2>\n<p>Inspec\u021bia regulat\u0103 \u0219i \u00eentre\u021binerea preventiv\u0103 sunt esen\u021biale pentru a asigura func\u021bionarea corect\u0103 a cilindrului hidraulic. Cele mai frecvente sarcini de \u00eentre\u021binere includ verificarea, lubrifierea \u0219i \u00eenlocuirea garniturilor. Instalarea, lubrifierea \u0219i reglarea corect\u0103 sunt cruciale pentru prelungirea duratei de via\u021b\u0103 a cilindrului. Se recomand\u0103 utilizarea unor console de instalare adecvate pentru fixarea cilindrului. Procedurile recomandate de inspec\u021bie, reparare \u0219i \u00eenlocuire trebuie respectate pentru a asigura func\u021bionarea corect\u0103 a cilindrului.<\/p>\n<p><img decoding=\"async\" src=\"https:\/\/www.hydraulic-cylinders.net\/wp-content\/uploads\/2025\/01\/songte-chushion-collar.webp\" alt=\"Imagine cu guler de pern\u0103\"><\/p>\n<h2>Considera\u021bii de siguran\u021b\u0103 \u0219i factori de mediu<\/h2>\n<p>\u00cen timpul func\u021bion\u0103rii, trebuie luate m\u0103suri de siguran\u021b\u0103 pentru a preveni accidentele, cum ar fi amplasarea de semne de avertizare \u0219i evitarea supra\u00eenc\u0103rc\u0103rii. Factorii de mediu precum temperatura, umiditatea \u0219i substan\u021bele corozive trebuie, de asemenea, lua\u021bi \u00een considerare la selectarea \u0219i proiectarea cilindrilor hidraulici.<\/p>\n<h2>Depanare \u0219i probleme frecvente<\/h2>\n<p>Cele mai frecvente probleme ale cilindrilor hidraulici sunt scurgerile de ulei, deteriorarea tijei \u0219i presiunea insuficient\u0103. Depanarea implic\u0103 inspectarea componentelor deteriorate \u0219i repararea sau \u00eenlocuirea acestora, dup\u0103 cum este necesar. M\u0103surile preventive, cum ar fi inspec\u021bia \u0219i \u00eentre\u021binerea regulat\u0103, pot reduce apari\u021bia acestor probleme.<\/p>\n<p><img decoding=\"async\" src=\"https:\/\/www.hydraulic-cylinders.net\/wp-content\/uploads\/2025\/01\/songte-bushings-with-all-kinds-of-excavator-models.webp\" alt=\"Imagine buc\u0219e\"><\/p>\n<h2>Despre compania noastr\u0103<\/h2>\n<p>Suntem produc\u0103tori de cilindri hidraulici de schimb, oferind o gam\u0103 complet\u0103 de produse. Am devenit unul dintre principalii produc\u0103tori \u0219i distribuitori angro de cilindri hidraulici pe pie\u021bele interne \u0219i interna\u021bionale. Ader\u0103m la principiul calit\u0103\u021bii excelente \u0219i ne baz\u0103m pe strategia de management al produc\u021biei industriale a atelierelor de produc\u021bie fin\u0103. \u00cembun\u0103t\u0103\u021bim continuu platforma de produc\u021bie a atelierelor noastre, prin intermediul talentului tehnologic, al echipamentelor digitale de produc\u021bie de ultim\u0103 genera\u021bie \u0219i al sistemelor profesionale de testare, perfec\u021bion\u00e2nd procesul de produc\u021bie a calit\u0103\u021bii produselor \u0219i posed\u00e2nd o puternic\u0103 capacitate creativ\u0103. Satisfacem diversele nevoi ale clien\u021bilor cu eficien\u021b\u0103 ridicat\u0103, precizie ridicat\u0103 \u0219i principii de \u00eenalt\u0103 calitate.<\/p>\n<p><img decoding=\"async\" src=\"https:\/\/hzpt.com\/wp-content\/uploads\/2024\/11\/songte-company-1.webp\" alt=\"Imaginea companiei\"><\/p>\n<h3>Profesionalism<\/h3>\n<p>Avem o echip\u0103 de profesioni\u0219ti care se str\u0103duiesc s\u0103 ofere clien\u021bilor produse \u0219i servicii de cea mai \u00eenalt\u0103 calitate.<\/p>\n<h3>Certificare interna\u021bional\u0103<\/h3>\n<p>Produsele noastre au ob\u021binut certific\u0103ri interna\u021bionale, precum ISO9001, CE \u0219i ROHS, asigur\u00e2nd calitatea \u0219i siguran\u021ba produselor.<\/p>\n<h3>Servicii de personalizare<\/h3>\n<p>Oferim servicii de personalizare, satisfac\u00e2nd nevoile \u0219i cerin\u021bele specifice ale clien\u021bilor.<\/p>\n<h3>Echipamente de produc\u021bie<\/h3>\n<p>Dispunem de echipamente de produc\u021bie avansate, cum ar fi ma\u0219ini CNC, ma\u0219ini automate de sudur\u0103 \u0219i ma\u0219ini de testare hidraulic\u0103, asigur\u00e2nd o produc\u021bie de \u00eenalt\u0103 precizie \u0219i calitate.<\/p>\n<h3>Serviciu post-v\u00e2nzare<\/h3>\n<p>Oferim servicii complete post-v\u00e2nzare, cum ar fi asisten\u021b\u0103 tehnic\u0103, \u00eentre\u021binere \u0219i repara\u021bii, asigur\u00e2ndu-ne c\u0103 to\u021bi clien\u021bii no\u0219tri pot utiliza produsele noastre \u00een deplin\u0103 lini\u0219te sufleteasc\u0103.<\/p>\n<h4>Autor: lyl<\/h4>","protected":false},"excerpt":{"rendered":"<p>Bucket Cylinder For Kobelco Large Excavator SK950DLC Introduction The bucket cylinder for Kobelco large excavator SK950DLC is a specialized hydraulic cylinder designed primarily to control the movement of the bucket in heavy machinery such as excavators, backhoe excavators, and front-end loaders. Its main purpose is to enable the bucket to lift, lower, and tilt, making [&hellip;]<\/p>","protected":false},"featured_media":14787,"comment_status":"open","ping_status":"closed","template":"","meta":{"_et_pb_use_builder":"","_et_pb_old_content":"","_et_gb_content_width":""},"product_brand":[],"product_cat":[1494],"product_tag":[1495,1496],"class_list":{"0":"post-15374","1":"product","2":"type-product","3":"status-publish","4":"has-post-thumbnail","6":"product_cat-bucket-cylinders","7":"product_tag-bucket-cylinders","8":"product_tag-hydraulic-cylinders","10":"first","11":"instock","12":"shipping-taxable","13":"product-type-simple"},"amp_enabled":true,"_links":{"self":[{"href":"https:\/\/www.hydraulic-cylinders.net\/ro\/wp-json\/wp\/v2\/product\/15374","targetHints":{"allow":["GET"]}}],"collection":[{"href":"https:\/\/www.hydraulic-cylinders.net\/ro\/wp-json\/wp\/v2\/product"}],"about":[{"href":"https:\/\/www.hydraulic-cylinders.net\/ro\/wp-json\/wp\/v2\/types\/product"}],"replies":[{"embeddable":true,"href":"https:\/\/www.hydraulic-cylinders.net\/ro\/wp-json\/wp\/v2\/comments?post=15374"}],"wp:featuredmedia":[{"embeddable":true,"href":"https:\/\/www.hydraulic-cylinders.net\/ro\/wp-json\/wp\/v2\/media\/14787"}],"wp:attachment":[{"href":"https:\/\/www.hydraulic-cylinders.net\/ro\/wp-json\/wp\/v2\/media?parent=15374"}],"wp:term":[{"taxonomy":"product_brand","embeddable":true,"href":"https:\/\/www.hydraulic-cylinders.net\/ro\/wp-json\/wp\/v2\/product_brand?post=15374"},{"taxonomy":"product_cat","embeddable":true,"href":"https:\/\/www.hydraulic-cylinders.net\/ro\/wp-json\/wp\/v2\/product_cat?post=15374"},{"taxonomy":"product_tag","embeddable":true,"href":"https:\/\/www.hydraulic-cylinders.net\/ro\/wp-json\/wp\/v2\/product_tag?post=15374"}],"curies":[{"name":"wp","href":"https:\/\/api.w.org\/{rel}","templated":true}]}}