{"id":15376,"date":"2025-01-19T14:27:11","date_gmt":"2025-01-19T14:27:11","guid":{"rendered":"https:\/\/www.hydraulic-cylinders.net\/product\/bucket-cylinder-for-yugong-wy75-7-8\/"},"modified":"2025-01-19T14:27:13","modified_gmt":"2025-01-19T14:27:13","slug":"bucket-cylinder-for-yugong-wy75-7-8","status":"publish","type":"product","link":"https:\/\/www.hydraulic-cylinders.net\/ro\/produs\/bucket-cylinder-for-yugong-wy75-7-8\/","title":{"rendered":"Cilindru cu cup\u0103 pentru Yugong WY75-7-8"},"content":{"rendered":"<h2>Introducere<\/h2>\n<h3>Defini\u021bia cilindrului cupei pentru Yugong WY75-7-8<\/h3>\n<p>Cilindrul cupei pentru Yugong WY75-7-8 este un tip de cilindru hidraulic specializat, conceput \u00een principal pentru a controla mi\u0219carea cupei \u00een utilaje grele, cum ar fi excavatoarele, \u00eenc\u0103rc\u0103toarele excavatoare \u0219i \u00eenc\u0103rc\u0103toarele frontale. Func\u021bia sa principal\u0103 este de a permite ridicarea, cobor\u00e2rea \u0219i \u00eenclinarea cupei, facilit\u00e2nd astfel diverse sarcini de manipulare a materialelor. \u00cen sistemul hidraulic, cilindrul cupei realizeaz\u0103 un control precis al cupei prin modific\u0103ri ale presiunii uleiului hidraulic, permi\u021b\u00e2nd operatorilor s\u0103 manipuleze eficient sarcini grele \u0219i s\u0103 se adapteze la medii de lucru complexe \u0219i cerin\u021be opera\u021bionale diverse.<\/p>\n<p><img decoding=\"async\" src=\"https:\/\/www.hydraulic-cylinders.net\/wp-content\/uploads\/2025\/01\/songte-company-2.webp\"\/><\/p>\n<h3>Caracteristici ale cilindrului cupei pentru Yugong WY75-7-8<\/h3>\n<ul>\n<li><strong>Rezisten\u021b\u0103 \u0219i durabilitate ridicate:<\/strong> De obicei fabricat din o\u021bel sau aluminiu de \u00eenalt\u0103 rezisten\u021b\u0103, poate rezista la presiuni ridicate \u0219i sarcini grele, adapt\u00e2ndu-se la medii de lucru dure \u0219i fiind proiectat cu rezisten\u021b\u0103 la uzur\u0103 \u0219i coroziune pentru a-i prelungi durata de via\u021b\u0103.<\/li>\n<li><strong>Func\u021bionare hidraulic\u0103 eficient\u0103:<\/strong> Folosind presiunea uleiului hidraulic pentru a ob\u021bine ac\u021biuni line de expansiune \u0219i contrac\u021bie, acesta poate r\u0103spunde rapid la comenzile de control, oferind for\u021be puternice de \u00eempingere \u0219i tragere, potrivite pentru manipularea sarcinilor grele \u0219i a sarcinilor opera\u021bionale complexe.<\/li>\n<li><strong>Diverse tipuri:<\/strong> Cilindrii cu ac\u021biune simpl\u0103 (utilizare hidraulic\u0103 \u00eentr-o singur\u0103 direc\u021bie) sau cu ac\u021biune dubl\u0103 (utilizare hidraulic\u0103 \u00een dou\u0103 direc\u021bii) pot fi selecta\u021bi \u00een func\u021bie de cerin\u021be pentru a satisface diferite nevoi opera\u021bionale. Unele modele sunt telescopice, permi\u021b\u00e2nd o extensie mai mare f\u0103r\u0103 a cre\u0219te dimensiunile exterioare, potrivite pentru aplica\u021bii cu spa\u021biu limitat.<\/li>\n<li><strong>U\u0219or de produs:<\/strong> Produsele noastre pot \u00eenlocui perfect ace\u0219ti cilindri hidraulici.<\/li>\n<\/ul>\n<p><img decoding=\"async\" src=\"https:\/\/www.hydraulic-cylinders.net\/wp-content\/uploads\/2025\/01\/songte-cylinder-head-with-all-kinds-excavator-models.webp\"\/><\/p>\n<h3>Aplica\u021bii ale cilindrului cupei pentru Yugong WY75-7-8<\/h3>\n<p>Cilindrul cupei pentru Yugong WY75-7-8 este utilizat pe scar\u0103 larg\u0103 \u00een diverse utilaje grele, inclusiv:<\/p>\n<ul>\n<li><strong>Echipamente de construc\u021bii:<\/strong> \u00cen excavatoare, acestea sunt esen\u021biale pentru s\u0103pare, \u00eenc\u0103rcare \u0219i mutarea solului sau a resturilor. \u00cen buldoexcavatoarele, cilindrii cupei ajut\u0103 at\u00e2t la s\u0103pare, c\u00e2t \u0219i la ridicare. <\/li>\n<li><strong>Ma\u0219ini agricole:<\/strong> Utiliza\u021bi \u00een \u00eenc\u0103rc\u0103toarele frontale pentru scobere, ridicare \u0219i transportul solului, f\u00e2nului \u0219i altor materiale, cilindrii cupei din excavatoare permit s\u0103parea prin sol. <\/li>\n<li><strong>\u00cenc\u0103rc\u0103tor:<\/strong> La \u00eenc\u0103rc\u0103toarele frontale, cilindrii cupei ajut\u0103 la ridicarea \u0219i desc\u0103rcarea eficient\u0103 a m\u0103rfurilor.<\/li>\n<\/ul>\n<h3>Considera\u021bii de proiectare \u0219i criterii de selec\u021bie pentru cilindrul cupei pentru Yugong WY75-7-8<\/h3>\n<p>La proiectarea \u0219i selectarea cilindrilor pentru cup\u0103, trebuie lua\u021bi \u00een considerare diver\u0219i factori pentru a asigura fiabilitatea \u0219i performan\u021ba acestora. Ace\u0219ti factori includ:<\/p>\n<ul>\n<li><strong>Capacitate portant\u0103:<\/strong> Asigurarea faptului c\u0103 cilindrul cupei poate suporta sarcinile aplicate \u0219i \u00ee\u0219i poate \u00eendeplini func\u021biile f\u0103r\u0103 defec\u021biuni.<\/li>\n<li><strong>Etan\u0219are:<\/strong> Folosind diverse garnituri, cum ar fi garnituri de piston, garnituri de tij\u0103 etc., \u0219i select\u00e2nd materiale rezistente la uzur\u0103, cum ar fi poliuretanul \u0219i cauciucul nitrilic pentru garnituri, corpul cilindrului \u0219i suprafa\u021ba cap\u0103tului filetat sunt prelucrate fin pentru a \u00eembun\u0103t\u0103\u021bi rezisten\u021ba la uzur\u0103, fiind necesar\u0103 realimentarea regulat\u0103 pentru lubrifiere.<\/li>\n<li><strong>Durabilitate:<\/strong> Asigurarea faptului c\u0103 cilindrul cupei poate rezista la condi\u021bii dure de mediu \u0219i \u00ee\u0219i men\u021bine performan\u021ba pe o perioad\u0103 lung\u0103 de timp.<\/li>\n<li><strong>Siguran\u0163\u0103:<\/strong> Asigurarea faptului c\u0103 cilindrul cupei poate fi utilizat \u00een siguran\u021b\u0103 \u0219i nu prezint\u0103 pericole pentru operatori sau alte echipamente.<\/li>\n<li><strong>Mentenabilitate:<\/strong> Asigurarea u\u0219urin\u021bei \u00eentre\u021binerii \u0219i repara\u021biilor cilindrului cupei, reduc\u00e2nd timpii de nefunc\u021bionare \u0219i costurile de \u00eentre\u021binere.<\/li>\n<\/ul>\n<p><img decoding=\"async\" src=\"https:\/\/www.hydraulic-cylinders.net\/wp-content\/uploads\/2025\/01\/songte-oil-pipes-and-spare-parts.webp\"\/><\/p>\n<h3>\u00centre\u021binerea \u0219i depanarea cilindrului cupei pentru Yugong WY75-7-8<\/h3>\n<p>\u00centre\u021binerea \u0219i inspec\u021bia regulat\u0103 sunt esen\u021biale pentru a asigura func\u021bionarea fiabil\u0103 a cilindrilor cupei. C\u00e2teva sarcini comune de \u00eentre\u021binere includ:<\/p>\n<ul>\n<li><strong>Inspec\u021bie periodic\u0103:<\/strong> Inspectarea corpului cilindrului, pistonului, tijei \u0219i garniturilor pentru uzur\u0103 \u0219i deteriorare.<\/li>\n<li><strong>Lubrifiere:<\/strong> Aplicarea cantit\u0103\u021bii adecvate de ulei hidraulic pe corpul cilindrului \u0219i pe garnituri pentru a asigura o func\u021bionare lin\u0103 \u0219i a preveni uzura \u0219i deteriorarea.<\/li>\n<li><strong>\u00cenlocuirea garniturii:<\/strong> \u00cenlocuirea garniturilor uzate sau deteriorate pentru a men\u021bine performan\u021ba de etan\u0219are a cilindrului.<\/li>\n<\/ul>\n<p>Instalarea, lubrifierea \u0219i reglarea corect\u0103 sunt cruciale pentru func\u021bionarea fiabil\u0103 \u0219i sigur\u0103 a cilindrilor cupei. \u00cen timpul instal\u0103rii, se recomand\u0103 alinierea corect\u0103 a cilindrului \u0219i utilizarea suporturilor de instalare adecvate pentru fixarea acestuia. Se recomand\u0103 proceduri regulate de inspec\u021bie, reparare \u0219i \u00eenlocuire pentru a prelungi durata de via\u021b\u0103 a cilindrului cupei \u0219i a-i \u00eembun\u0103t\u0103\u021bi fiabilitatea.<\/p>\n<p><img decoding=\"async\" src=\"https:\/\/www.hydraulic-cylinders.net\/wp-content\/uploads\/2025\/01\/songte-chushion-collar.webp\"\/><\/p>\n<h3>Considera\u021bii de siguran\u021b\u0103 \u0219i factori de mediu ai cilindrului cupei pentru Yugong WY75-7-8<\/h3>\n<p>Atunci c\u00e2nd se utilizeaz\u0103 cilindri cu cup\u0103, trebuie luate m\u0103suri de siguran\u021b\u0103 pentru a preveni accidentele \u0219i a asigura func\u021bionarea \u00een siguran\u021b\u0103. Se recomand\u0103 respectarea instruc\u021biunilor de siguran\u021b\u0103 \u0219i utilizarea echipamentului individual de protec\u021bie adecvat, cum ar fi m\u0103nu\u0219i \u0219i ochelari de protec\u021bie. De asemenea, trebuie lua\u021bi \u00een considerare factorii de mediu, cum ar fi temperatura, umiditatea \u0219i expunerea la substan\u021be chimice sau materiale corozive \u0219i trebuie luate m\u0103suri adecvate pentru a proteja cilindrul de deteriorare.<\/p>\n<p><img decoding=\"async\" src=\"https:\/\/www.hydraulic-cylinders.net\/wp-content\/uploads\/2025\/01\/songte-bushings-with-all-kinds-of-excavator-models.webp\"\/><\/p>\n<h3>Concluzie<\/h3>\n<p>\u00cen calitate de produc\u0103tor \u0219i distribuitor angro de cilindri hidraulici de top, oferim o gam\u0103 larg\u0103 de produse pentru a satisface diverse nevoi opera\u021bionale. Angajamentul nostru fa\u021b\u0103 de excelen\u021ba \u00een calitate, managementul produc\u021biei \u0219i serviciul clien\u021bi ne-a transformat \u00eentr-un lider pe pia\u021ba global\u0103. Cu facilit\u0103\u021bile noastre avansate de produc\u021bie \u0219i echipa tehnic\u0103 \u00eenalt calificat\u0103, ne dedic\u0103m furniz\u0103rii clien\u021bilor no\u0219tri de produse eficiente, precise \u0219i de \u00eenalt\u0103 calitate. Compania noastr\u0103 ofer\u0103 servicii profesionale de personalizare, certificare interna\u021bional\u0103 \u0219i servicii post-v\u00e2nzare excelente pentru a asigura satisfac\u021bia clien\u021bilor.<\/p>\n<p><img decoding=\"async\" src=\"https:\/\/hzpt.com\/wp-content\/uploads\/2024\/11\/songte-company-1.webp\"\/><\/p>\n<p>Autor: lyl<\/p>","protected":false},"excerpt":{"rendered":"<p>Introduction Definition of Bucket Cylinder For Yugong WY75-7-8 The bucket cylinder for Yugong WY75-7-8 is a type of specialized hydraulic cylinder designed primarily to control the movement of the bucket in heavy machinery such as excavators, backhoe loaders, and front-end loaders. Its primary function is to enable the bucket to lift, lower, and tilt, thus [&hellip;]<\/p>","protected":false},"featured_media":14784,"comment_status":"open","ping_status":"closed","template":"","meta":{"_et_pb_use_builder":"","_et_pb_old_content":"","_et_gb_content_width":""},"product_brand":[],"product_cat":[1494],"product_tag":[1495,1496],"class_list":{"0":"post-15376","1":"product","2":"type-product","3":"status-publish","4":"has-post-thumbnail","6":"product_cat-bucket-cylinders","7":"product_tag-bucket-cylinders","8":"product_tag-hydraulic-cylinders","10":"first","11":"instock","12":"shipping-taxable","13":"product-type-simple"},"amp_enabled":true,"_links":{"self":[{"href":"https:\/\/www.hydraulic-cylinders.net\/ro\/wp-json\/wp\/v2\/product\/15376","targetHints":{"allow":["GET"]}}],"collection":[{"href":"https:\/\/www.hydraulic-cylinders.net\/ro\/wp-json\/wp\/v2\/product"}],"about":[{"href":"https:\/\/www.hydraulic-cylinders.net\/ro\/wp-json\/wp\/v2\/types\/product"}],"replies":[{"embeddable":true,"href":"https:\/\/www.hydraulic-cylinders.net\/ro\/wp-json\/wp\/v2\/comments?post=15376"}],"wp:featuredmedia":[{"embeddable":true,"href":"https:\/\/www.hydraulic-cylinders.net\/ro\/wp-json\/wp\/v2\/media\/14784"}],"wp:attachment":[{"href":"https:\/\/www.hydraulic-cylinders.net\/ro\/wp-json\/wp\/v2\/media?parent=15376"}],"wp:term":[{"taxonomy":"product_brand","embeddable":true,"href":"https:\/\/www.hydraulic-cylinders.net\/ro\/wp-json\/wp\/v2\/product_brand?post=15376"},{"taxonomy":"product_cat","embeddable":true,"href":"https:\/\/www.hydraulic-cylinders.net\/ro\/wp-json\/wp\/v2\/product_cat?post=15376"},{"taxonomy":"product_tag","embeddable":true,"href":"https:\/\/www.hydraulic-cylinders.net\/ro\/wp-json\/wp\/v2\/product_tag?post=15376"}],"curies":[{"name":"wp","href":"https:\/\/api.w.org\/{rel}","templated":true}]}}