{"id":15377,"date":"2025-01-19T14:27:15","date_gmt":"2025-01-19T14:27:15","guid":{"rendered":"https:\/\/www.hydraulic-cylinders.net\/product\/bucket-cylinder-for-yugong-wy135-8\/"},"modified":"2025-01-19T14:27:22","modified_gmt":"2025-01-19T14:27:22","slug":"bucket-cylinder-for-yugong-wy135-8","status":"publish","type":"product","link":"https:\/\/www.hydraulic-cylinders.net\/ro\/produs\/bucket-cylinder-for-yugong-wy135-8\/","title":{"rendered":"Cilindru cu cup\u0103 pentru Yugong WY135-8"},"content":{"rendered":"<h1>Cilindru cu cup\u0103 pentru Yugong WY135-8<\/h1>\n<h2>Introducere<\/h2>\n<p>Cilindrul cupei pentru Yugong WY135-8 este un cilindru hidraulic specializat, utilizat \u00een principal pentru a controla mi\u0219carea cupei \u00een utilaje grele, cum ar fi excavatoarele, excavatoarele \u0219i \u00eenc\u0103rc\u0103toarele frontale. Func\u021bia sa principal\u0103 este de a permite ridicarea, cobor\u00e2rea \u0219i \u00eenclinarea cupei, facilit\u00e2nd transportul diverselor materiale. \u00cen sistemul hidraulic, cilindrul cupei controleaz\u0103 mi\u0219carea cupei cu precizie prin varia\u021bia presiunii uleiului hidraulic, permi\u021b\u00e2nd operatorilor s\u0103 manipuleze eficient sarcini grele, s\u0103 se adapteze la medii de lucru complexe \u0219i cerin\u021be diverse ale lucr\u0103rilor.<\/p>\n<p><img decoding=\"async\" src=\"https:\/\/www.hydraulic-cylinders.net\/wp-content\/uploads\/2025\/01\/songte-company-2.webp\"\/><\/p>\n<h2>Caracteristici<\/h2>\n<ul>\n<li>Rezisten\u021b\u0103 \u0219i durabilitate ridicate: Fabricate de obicei din o\u021bel sau aluminiu de \u00eenalt\u0103 rezisten\u021b\u0103, pot rezista la presiuni ridicate \u0219i sarcini grele, se adapteaz\u0103 la medii de lucru dure \u0219i sunt proiectate av\u00e2nd \u00een vedere rezisten\u021ba la uzur\u0103 \u0219i la coroziune, prelungindu-le durata de via\u021b\u0103.<\/li>\n<li>Func\u021bionare hidraulic\u0103 eficient\u0103: Utilizeaz\u0103 presiunea uleiului hidraulic pentru a ob\u021bine ac\u021biuni line de extensie \u0219i retragere, r\u0103spunde rapid la comenzile de control, ofer\u0103 o for\u021b\u0103 puternic\u0103 de \u00eempingere \u0219i tragere \u0219i este potrivit pentru manipularea sarcinilor grele \u0219i a sarcinilor complexe.<\/li>\n<li>Diverse tipuri: Cilindrii cu ac\u021biune simpl\u0103 (hidraulici utiliza\u021bi \u00eentr-o singur\u0103 direc\u021bie) sau cu ac\u021biune dubl\u0103 (hidraulici utiliza\u021bi \u00een ambele direc\u021bii) pot fi ale\u0219i \u00een func\u021bie de necesitatea de a \u00eendeplini diferite cerin\u021be opera\u021bionale. Unele modele sunt telescopice, permi\u021b\u00e2nd o extensie mai mare f\u0103r\u0103 a cre\u0219te dimensiunile exterioare, fiind potrivi\u021bi pentru aplica\u021bii \u00een care spa\u021biul este limitat.<\/li>\n<li>\u00cenlocuibil: Produsul nostru poate \u00eenlocui perfect ace\u0219ti cilindri hidraulici.<\/li>\n<\/ul>\n<p><img decoding=\"async\" src=\"https:\/\/www.hydraulic-cylinders.net\/wp-content\/uploads\/2025\/01\/songte-cylinder-head-with-all-kinds-excavator-models.webp\"\/><\/p>\n<h2>Aplica\u021bii<\/h2>\n<p>Cilindrul cupei pentru Yugong WY135-8 este utilizat pe scar\u0103 larg\u0103 \u00een diverse industrii:<\/p>\n<ul>\n<li>Echipamente de construc\u021bii: \u00cen excavatoare, acestea sunt esen\u021biale pentru s\u0103pare, \u00eenc\u0103rcare \u0219i mutarea solului sau a resturilor. \u00cen cazul excavatoarelor, cilindrul cupei ajut\u0103 at\u00e2t la s\u0103pare, c\u00e2t \u0219i la ridicare. <\/li>\n<li>Ma\u0219ini agricole: utilizate \u00een \u00eenc\u0103rc\u0103toarele frontale pentru a scoate, ridica \u0219i transporta sol, f\u00e2n \u0219i alte materiale.<\/li>\n<li>Excavatoare: Cilindrul cupei permite ac\u021biunea de s\u0103pare permi\u021b\u00e2nd cupei s\u0103 p\u0103trund\u0103 \u00een sol.<\/li>\n<li>\u00cenc\u0103rc\u0103toare frontale: \u00cenc\u0103rc\u0103toarele frontale ajut\u0103 la ridicarea \u0219i \u00eenclinarea eficient\u0103 a sarcinilor.<\/li>\n<\/ul>\n<p>Fiecare aplica\u021bie este discutat\u0103 \u00een detaliu mai jos:<\/p>\n<h3>Echipamente de construc\u021bii<\/h3>\n<p>\u00cen excavatoare, cilindrul cupei este o component\u0103 esen\u021bial\u0103 care ajut\u0103 la s\u0103parea, \u00eenc\u0103rcarea \u0219i mutarea solului sau a resturilor. Are puterea de a efectua toate sarcinile grele cu u\u0219urin\u021b\u0103 \u0219i precizie. \u00cen cazul excavatoarelor, cilindrul cupei ajut\u0103 at\u00e2t la s\u0103pare, c\u00e2t \u0219i la ridicare, ceea ce \u00eel face un instrument indispensabil pentru proiectele de construc\u021bii.<\/p>\n<h3>Ma\u0219ini agricole<\/h3>\n<p>Cilindrul cupei este o component\u0103 vital\u0103 \u00een utilajele agricole, \u00een special \u00een \u00eenc\u0103rc\u0103toarele frontale. Acesta permite \u00eenc\u0103rcarea \u0219i desc\u0103rcarea eficient\u0103 a diferitelor materiale, cum ar fi solul, f\u00e2nul \u0219i alte produse agricole. Puterea \u0219i stabilitatea sa \u00eel fac ideal pentru utilizarea \u00een sectorul agricol.<\/p>\n<h3>Excavatoare<\/h3>\n<p>Cilindrul cupei pentru Yugong WY135-8 joac\u0103 un rol crucial \u00een excavatoare, permi\u021b\u00e2nd cupei s\u0103 p\u0103trund\u0103 \u00een sol \u0219i s\u0103 ridice sarcini grele. Datorit\u0103 preciziei \u0219i eficien\u021bei sale, poate \u00eendeplini cu u\u0219urin\u021b\u0103 cele mai dificile sarcini, fiind un instrument indispensabil pentru orice proiect de excavare.<\/p>\n<h3>\u00cenc\u0103rc\u0103toare frontale<\/h3>\n<p>La \u00eenc\u0103rc\u0103toarele frontale, cilindrul cupei ajut\u0103 la ridicarea \u0219i \u00eenclinarea eficient\u0103 a sarcinilor. Datorit\u0103 puterii \u0219i stabilit\u0103\u021bii sale, poate manipula cu u\u0219urin\u021b\u0103 sarcini grele, ceea ce \u00eel face o component\u0103 esen\u021bial\u0103 a oric\u0103rui \u00eenc\u0103rc\u0103tor frontal.<\/p>\n<h2>Considera\u021bii de proiectare \u0219i criterii de selec\u021bie<\/h2>\n<p>Considera\u021biile de proiectare \u0219i criteriile de selec\u021bie pentru cilindrul cupei pentru Yugong WY135-8 sunt urm\u0103toarele:<\/p>\n<h3>Capacitate portant\u0103<\/h3>\n<p>Capacitatea portant\u0103 a cilindrului este o considera\u021bie esen\u021bial\u0103 \u00een proiectarea sa. Cilindrul trebuie s\u0103 poat\u0103 rezista la presiuni ridicate \u0219i sarcini grele f\u0103r\u0103 deformare sau defectare.<\/p>\n<h3>Sigilare<\/h3>\n<p>Cilindrul trebuie s\u0103 aib\u0103 o etan\u0219are excelent\u0103 pentru a preveni scurgerile de ulei \u0219i a asigura func\u021bionarea lin\u0103 a cilindrului. Diverse materiale de etan\u0219are, cum ar fi poliuretanul \u0219i cauciucul nitrilic, sunt utilizate pentru a asigura o rezisten\u021b\u0103 maxim\u0103 la uzur\u0103 \u0219i prevenirea scurgerilor.<\/p>\n<h3>Durabilitate<\/h3>\n<p>Cilindrul trebuie s\u0103 fie durabil \u0219i capabil s\u0103 reziste la medii de lucru dure \u0219i sarcini grele. Materialele utilizate trebuie s\u0103 aib\u0103 o rezisten\u021b\u0103 ridicat\u0103 \u0219i o bun\u0103 rezisten\u021b\u0103 la uzur\u0103, asigur\u00e2nd longevitatea cilindrului.<\/p>\n<h3>Siguran\u0163\u0103<\/h3>\n<p>Siguran\u021ba cilindrului este de maxim\u0103 importan\u021b\u0103 \u0219i acesta trebuie proiectat cu caracteristici de siguran\u021b\u0103, cum ar fi supape de suprapresiune, \u00eencuietori de siguran\u021b\u0103 \u0219i alte mecanisme de siguran\u021b\u0103 pentru a preveni accidentele \u0219i a asigura siguran\u021ba operatorului.<\/p>\n<h3>\u00centre\u0163inere<\/h3>\n<p>Cilindrul trebuie proiectat av\u00e2nd \u00een vedere u\u0219urin\u021ba \u00eentre\u021binerii, cum ar fi demontarea \u0219i reasamblarea u\u0219oar\u0103, accesul facil la piesele \u00eenlocuibile \u0219i proceduri de \u00eentre\u021binere simple.<\/p>\n<p><img decoding=\"async\" src=\"https:\/\/www.hydraulic-cylinders.net\/wp-content\/uploads\/2025\/01\/songte-oil-pipes-and-spare-parts.webp\"\/><\/p>\n<h2>Etan\u0219are \u0219i lubrifiere<\/h2>\n<p>Cilindrul cupei pentru Yugong WY135-8 utilizeaz\u0103 diverse componente de etan\u0219are, cum ar fi etan\u0219\u0103ri de piston \u0219i etan\u0219\u0103ri de tij\u0103, fabricate din materiale rezistente la uzur\u0103, cum ar fi poliuretanul \u0219i cauciucul nitrilic. Corpul cilindrului \u0219i suprafe\u021bele filetate ale cap\u0103tului sunt tratate fin pentru a cre\u0219te rezisten\u021ba la uzur\u0103. Lubrifierea se asigur\u0103 prin ad\u0103ugarea unor cantit\u0103\u021bi adecvate de ulei hidraulic pentru a asigura mi\u0219carea lin\u0103 a cilindrului.<\/p>\n<h2>\u00centre\u021binere \u0219i m\u0103suri preventive<\/h2>\n<p>Cilindrul cupei pentru Yugong WY135-8 necesit\u0103 \u00eentre\u021binere regulat\u0103 pentru a-i asigura longevitatea \u0219i performan\u021ba optim\u0103. Sarcinile de \u00eentre\u021binere includ inspec\u021bia regulat\u0103, lubrifierea, \u00eenlocuirea garniturilor \u0219i verific\u0103rile de calibrare. Instalarea, lubrifierea \u0219i reglarea corecte sunt esen\u021biale pentru performan\u021ba optim\u0103 a cilindrului. \u00cen timpul instal\u0103rii trebuie furnizate \u00eendrum\u0103ri corecte de aliniere, iar pentru fixarea cilindrului trebuie utilizate suporturi de montare adecvate. Trebuie urmate procedurile recomandate de inspec\u021bie, reparare \u0219i \u00eenlocuire, \u00eempreun\u0103 cu tehnicile care sporesc longevitatea cilindrului.<\/p>\n<p><img decoding=\"async\" src=\"https:\/\/www.hydraulic-cylinders.net\/wp-content\/uploads\/2025\/01\/songte-chushion-collar.webp\"\/><\/p>\n<h2>Considera\u021bii de siguran\u021b\u0103 \u0219i factori de mediu<\/h2>\n<p>Cilindrul cupei pentru Yugong WY135-8 trebuie utilizat \u021bin\u00e2nd cont de precau\u021biile de siguran\u021b\u0103, cum ar fi asigurarea instal\u0103rii corecte, inspec\u021bia \u0219i \u00eentre\u021binerea regulate \u0219i respectarea instruc\u021biunilor de siguran\u021b\u0103 pentru prevenirea accidentelor. Factorii de mediu precum temperatura, umiditatea, substan\u021bele corozive \u0219i praful trebuie lua\u021bi \u00een considerare la utilizarea cilindrului.<\/p>\n<h2>Depanare \u0219i probleme frecvente<\/h2>\n<p>Urm\u0103toarele sunt c\u00e2teva probleme comune care pot ap\u0103rea la utilizarea cilindrului cupei pentru Yugong WY135-8:<\/p>\n<ul>\n<li>Scurgeri de ulei din cauza garniturilor uzate<\/li>\n<li>Presiune insuficient\u0103 din cauza unei pompe sau valve defecte<\/li>\n<li>\u00cendoirea excesiv\u0103 a cilindrului din cauza supra\u00eenc\u0103rc\u0103rii sau instal\u0103rii necorespunz\u0103toare<\/li>\n<\/ul>\n<p>Pentru a depana aceste probleme, trebuie urma\u021bi urm\u0103torii pa\u0219i:<\/p>\n<ul>\n<li>Verifica\u021bi componentele de etan\u0219are pentru uzur\u0103 \u0219i \u00eenlocui\u021bi-le dac\u0103 este necesar<\/li>\n<li>Verifica\u021bi dac\u0103 exist\u0103 defec\u021biuni la pomp\u0103 \u0219i supap\u0103 \u0219i repara\u021bi-le sau \u00eenlocui\u021bi-le dup\u0103 cum este necesar<\/li>\n<li>Verifica\u021bi instalarea \u0219i alinierea cilindrului pentru erori \u0219i ajusta\u021bi \u00een consecin\u021b\u0103<\/li>\n<\/ul>\n<h2>Introducerea companiei<\/h2>\n<p>Suntem un produc\u0103tor \u0219i distribuitor important de cilindri hidraulici pe pie\u021bele interne \u0219i interna\u021bionale. Oferim o gam\u0103 complet\u0103 de cilindri hidraulici \u0219i ne angaj\u0103m s\u0103 livr\u0103m produse de calitate excelent\u0103. Procesele noastre de fabrica\u021bie se bazeaz\u0103 pe tehnologie avansat\u0103 \u0219i avem o echip\u0103 de profesioni\u0219ti califica\u021bi care se asigur\u0103 c\u0103 produsele noastre \u00eendeplinesc cele mai \u00eenalte standarde de calitate. De asemenea, oferim servicii personalizate pentru a satisface nevoile specifice ale clien\u021bilor no\u0219tri. Produsele noastre sunt utilizate pe scar\u0103 larg\u0103 \u00een diverse industrii \u0219i suntem cunoscu\u021bi pentru angajamentul nostru fa\u021b\u0103 de calitate, fiabilitate \u0219i satisfac\u021bia clien\u021bilor.<\/p>\n<p>Compania noastr\u0103 se caracterizeaz\u0103 prin urm\u0103toarele:<\/p>\n<ul>\n<li>Profesionalism<\/li>\n<li>Certificare interna\u021bional\u0103<\/li>\n<li>Servicii personalizate<\/li>\n<li>Echipamente de produc\u021bie avansate<\/li>\n<li>Servicii excelente post-v\u00e2nzare<\/li>\n<\/ul>\n<p>Ne m\u00e2ndrim cu produsele noastre \u0219i ne angaj\u0103m s\u0103 oferim clien\u021bilor no\u0219tri cele mai bune solu\u021bii posibile pentru nevoile lor legate de cilindrii hidraulici.<\/p>\n<p><img decoding=\"async\" src=\"https:\/\/hzpt.com\/wp-content\/uploads\/2024\/11\/songte-company-1.webp\"\/><\/p>\n<p>Autor: lyl.<\/p>","protected":false},"excerpt":{"rendered":"<p>Bucket Cylinder For Yugong WY135-8 Introduction The bucket cylinder for Yugong WY135-8 is a specialized hydraulic cylinder primarily used to control the movement of the bucket in heavy machinery such as excavators, backhoes, and front-end loaders. Its main function is to allow the bucket to lift, lower, and tilt, making it easier to transport various [&hellip;]<\/p>","protected":false},"featured_media":14782,"comment_status":"open","ping_status":"closed","template":"","meta":{"_et_pb_use_builder":"","_et_pb_old_content":"","_et_gb_content_width":""},"product_brand":[],"product_cat":[1494],"product_tag":[1495,1496],"class_list":{"0":"post-15377","1":"product","2":"type-product","3":"status-publish","4":"has-post-thumbnail","6":"product_cat-bucket-cylinders","7":"product_tag-bucket-cylinders","8":"product_tag-hydraulic-cylinders","10":"first","11":"instock","12":"shipping-taxable","13":"product-type-simple"},"amp_enabled":true,"_links":{"self":[{"href":"https:\/\/www.hydraulic-cylinders.net\/ro\/wp-json\/wp\/v2\/product\/15377","targetHints":{"allow":["GET"]}}],"collection":[{"href":"https:\/\/www.hydraulic-cylinders.net\/ro\/wp-json\/wp\/v2\/product"}],"about":[{"href":"https:\/\/www.hydraulic-cylinders.net\/ro\/wp-json\/wp\/v2\/types\/product"}],"replies":[{"embeddable":true,"href":"https:\/\/www.hydraulic-cylinders.net\/ro\/wp-json\/wp\/v2\/comments?post=15377"}],"wp:featuredmedia":[{"embeddable":true,"href":"https:\/\/www.hydraulic-cylinders.net\/ro\/wp-json\/wp\/v2\/media\/14782"}],"wp:attachment":[{"href":"https:\/\/www.hydraulic-cylinders.net\/ro\/wp-json\/wp\/v2\/media?parent=15377"}],"wp:term":[{"taxonomy":"product_brand","embeddable":true,"href":"https:\/\/www.hydraulic-cylinders.net\/ro\/wp-json\/wp\/v2\/product_brand?post=15377"},{"taxonomy":"product_cat","embeddable":true,"href":"https:\/\/www.hydraulic-cylinders.net\/ro\/wp-json\/wp\/v2\/product_cat?post=15377"},{"taxonomy":"product_tag","embeddable":true,"href":"https:\/\/www.hydraulic-cylinders.net\/ro\/wp-json\/wp\/v2\/product_tag?post=15377"}],"curies":[{"name":"wp","href":"https:\/\/api.w.org\/{rel}","templated":true}]}}