{"id":15378,"date":"2025-01-19T14:27:25","date_gmt":"2025-01-19T14:27:25","guid":{"rendered":"https:\/\/www.hydraulic-cylinders.net\/product\/bucket-cylinder-for-yugong-wy150-8\/"},"modified":"2025-01-19T14:27:27","modified_gmt":"2025-01-19T14:27:27","slug":"bucket-cylinder-for-yugong-wy150-8","status":"publish","type":"product","link":"https:\/\/www.hydraulic-cylinders.net\/ro\/produs\/bucket-cylinder-for-yugong-wy150-8\/","title":{"rendered":"Cilindru cup\u0103 pentru Yugong WY150-8"},"content":{"rendered":"<p><!DOCTYPE html><br \/>\n<html><br \/>\n<head><br \/>\n<\/head><br \/>\n<body><\/p>\n<h1>Cilindru cup\u0103 pentru Yugong WY150-8<\/h1>\n<h2>Introducere<\/h2>\n<p>Cilindrul cupei este un cilindru hidraulic special conceput, utilizat \u00een principal pentru a controla mi\u0219carea cupei \u00een utilaje grele, cum ar fi excavatoarele, excavatoarele cu buldoexcavatoare \u0219i \u00eenc\u0103rc\u0103toare frontale. Func\u021bia sa principal\u0103 este de a permite ridicarea, cobor\u00e2rea \u0219i \u00eenclinarea cupei, facilit\u00e2nd diverse sarcini de manipulare a materialelor. \u00cen sistemul hidraulic, cilindrul cupei realizeaz\u0103 un control precis al cupei prin utilizarea schimb\u0103rilor de presiune din uleiul hidraulic, permi\u021b\u00e2nd operatorilor s\u0103 manipuleze eficient sarcini grele \u0219i s\u0103 se adapteze la medii de lucru complexe \u0219i cerin\u021be opera\u021bionale diverse.<\/p>\n<p><img decoding=\"async\" src=\"https:\/\/www.hydraulic-cylinders.net\/wp-content\/uploads\/2025\/01\/songte-company-2.webp\" alt=\"Imaginea cilindrului cupei\"><\/p>\n<h2>Caracteristici<\/h2>\n<ul>\n<li>Rezisten\u021b\u0103 \u0219i durabilitate ridicate: Fabricat de obicei din o\u021bel sau aluminiu de \u00eenalt\u0103 rezisten\u021b\u0103, cilindrul cupei poate rezista la presiuni ridicate \u0219i sarcini grele, adapt\u00e2ndu-se la condi\u021bii dure de lucru. Designul ia \u00een considerare rezisten\u021ba la uzur\u0103 \u0219i la coroziune pentru a-i prelungi durata de via\u021b\u0103.<\/li>\n<li>Func\u021bionare hidraulic\u0103 eficient\u0103: Prin utilizarea presiunii uleiului hidraulic, cilindrul cupei realizeaz\u0103 mi\u0219c\u0103ri line de extensie \u0219i retragere, oferind for\u021be puternice de \u00eempingere \u0219i tragere, potrivite pentru manipularea sarcinilor grele \u0219i a sarcinilor opera\u021bionale complexe.<\/li>\n<li>Diverse tipuri: Cilindrii cu ac\u021biune simpl\u0103 (presiunea hidraulic\u0103 utilizat\u0103 \u00eentr-o singur\u0103 direc\u021bie) sau cu ac\u021biune dubl\u0103 (presiunea hidraulic\u0103 utilizat\u0103 \u00een dou\u0103 direc\u021bii) pot fi ale\u0219i \u00een func\u021bie de cerin\u021bele opera\u021bionale specifice. Unele modele sunt telescopice, permi\u021b\u00e2nd o extensie mai mare f\u0103r\u0103 a cre\u0219te dimensiunile exterioare, fiind potrivi\u021bi pentru aplica\u021bii cu spa\u021biu limitat.<\/li>\n<li>\u00cenlocuitor perfect: Produsul nostru poate \u00eenlocui perfect ace\u0219ti cilindri hidraulici.<\/li>\n<\/ul>\n<p><img decoding=\"async\" src=\"https:\/\/www.hydraulic-cylinders.net\/wp-content\/uploads\/2025\/01\/songte-cylinder-head-with-all-kinds-excavator-models.webp\" alt=\"Imagine de \u00eenlocuire a cilindrului cupei\"><\/p>\n<h2>Aplica\u021bii<\/h2>\n<p>Cilindrii cu cup\u0103 \u00ee\u0219i g\u0103sesc aplica\u021bii \u00een diverse industrii \u0219i echipamente:<\/p>\n<ul>\n<li>Echipamente de construc\u021bii: Vitale \u00een excavatoare pentru s\u0103pare, \u00eenc\u0103rcare \u0219i mutarea solului sau a resturilor. \u00cen excavatoarele cu buldoexcavatoare, cilindrii cupei ajut\u0103 at\u00e2t la s\u0103pare, c\u00e2t \u0219i la ridicare.<\/li>\n<li>Ma\u0219ini agricole: utilizate \u00een \u00eenc\u0103rc\u0103toare frontale pentru scobere, ridicare \u0219i transportul solului, f\u00e2nului \u0219i altor materiale.<\/li>\n<li>Excavatoare: Cilindrii cupei permit ac\u021biunea de s\u0103pare permi\u021b\u00e2nd cupei s\u0103 p\u0103trund\u0103 \u00een sol.<\/li>\n<li>\u00cenc\u0103rc\u0103toare frontale: \u00cen cazul \u00eenc\u0103rc\u0103toarelor frontale, acestea ajut\u0103 la ridicarea \u0219i \u00eenclinarea eficient\u0103 a \u00eenc\u0103rc\u0103turii.<\/li>\n<\/ul>\n<h2>Considera\u021bii de proiectare \u0219i criterii de selec\u021bie<\/h2>\n<p>C\u00e2nd vine vorba de considera\u021biile de proiectare \u0219i criteriile de selec\u021bie ale cilindrilor cupei, mai mul\u021bi factori sunt esen\u021biali:<\/p>\n<ul>\n<li>Capacitate portant\u0103: Discuta\u021bi despre capacitatea de a suporta sarcini \u0219i presiuni mari.<\/li>\n<li>Etan\u0219are: Explica\u021bi importan\u021ba utiliz\u0103rii diferitelor componente de etan\u0219are, cum ar fi etan\u0219\u0103rile pistonului \u0219i etan\u0219\u0103rile tijei, fabricate din materiale rezistente la uzur\u0103, cum ar fi poliuretanul \u0219i cauciucul nitrilic.<\/li>\n<li>Durabilitate: Eviden\u021bia\u021bi tratamentul fin al suprafe\u021bei corpurilor cilindrilor \u0219i capetelor filetate pentru a spori rezisten\u021ba la uzur\u0103.<\/li>\n<li>Siguran\u021b\u0103: Discuta\u021bi caracteristicile \u0219i considera\u021biile de siguran\u021b\u0103 \u00een cadrul proiect\u0103rii, asigur\u00e2nd func\u021bionarea \u00een siguran\u021b\u0103.<\/li>\n<li>\u00centre\u021binere: Explica\u021bi u\u0219urin\u021ba \u00eentre\u021binerii \u0219i repara\u021biilor, inclusiv verific\u0103rile periodice recomandate \u0219i m\u0103surile preventive.<\/li>\n<\/ul>\n<p><img decoding=\"async\" src=\"https:\/\/www.hydraulic-cylinders.net\/wp-content\/uploads\/2025\/01\/songte-oil-pipes-and-spare-parts.webp\" alt=\"Imagine de design a cilindrului cu g\u0103leat\u0103\"><\/p>\n<h2>Etan\u0219are \u0219i lubrifiere<\/h2>\n<p>Cilindrii cupei utilizeaz\u0103 diverse componente de etan\u0219are pentru o performan\u021b\u0103 optim\u0103:<\/p>\n<ul>\n<li>Garnituri de piston \u0219i etan\u0219\u0103ri de tij\u0103 fabricate din materiale rezistente la uzur\u0103, cum ar fi poliuretanul \u0219i cauciucul nitrilic.<\/li>\n<li>Corpurile cilindrilor \u0219i capetele filetate sunt supuse unui tratament fin de suprafa\u021b\u0103 pentru a \u00eembun\u0103t\u0103\u021bi rezisten\u021ba la uzur\u0103.<\/li>\n<li>Lubrifierea regulat\u0103 cu fluid hidraulic adecvat \u00eembun\u0103t\u0103\u021be\u0219te func\u021bionarea lin\u0103 \u0219i longevitatea.<\/li>\n<\/ul>\n<h2>Inspec\u021bie regulat\u0103 \u0219i \u00eentre\u021binere preventiv\u0103<\/h2>\n<p>Inspec\u021biile regulate \u0219i \u00eentre\u021binerea preventiv\u0103 sunt cruciale pentru men\u021binerea performan\u021bei \u0219i a longevit\u0103\u021bii cilindrului cupei. C\u00e2teva m\u0103suri recomandate includ:<\/p>\n<ul>\n<li>Verific\u0103ri regulate pentru scurgeri, deterior\u0103ri \u0219i uzur\u0103.<\/li>\n<li>Lubrifierea \u0219i ungerea corespunz\u0103toare a pieselor mobile.<\/li>\n<li>\u00cenlocuirea periodic\u0103 a garniturilor de etan\u0219are pentru o performan\u021b\u0103 optim\u0103.<\/li>\n<li>Verific\u0103ri de calibrare pentru a asigura o func\u021bionare precis\u0103.<\/li>\n<\/ul>\n<p><img decoding=\"async\" src=\"https:\/\/www.hydraulic-cylinders.net\/wp-content\/uploads\/2025\/01\/songte-chushion-collar.webp\" alt=\"Imagine de \u00eentre\u021binere a cilindrului cupei\"><\/p>\n<h2>Considera\u021bii de siguran\u021b\u0103 \u0219i factori de mediu<\/h2>\n<p>Utilizarea cilindrilor de cup\u0103 implic\u0103 m\u0103suri de siguran\u021b\u0103 importante pentru a asigura o func\u021bionare \u00een siguran\u021b\u0103. Aceste m\u0103suri includ:<\/p>\n<ul>\n<li>Instruire adecvat\u0103 \u0219i cunoa\u0219tere a procedurilor de operare.<\/li>\n<li>Respectarea instruc\u021biunilor \u0219i reglement\u0103rilor de siguran\u021b\u0103.<\/li>\n<li>Utilizarea echipamentului individual de protec\u021bie adecvat.<\/li>\n<\/ul>\n<h2>Diagnosticarea defec\u021biunilor \u0219i probleme frecvente<\/h2>\n<p>C\u00e2nd \u00eent\u00e2mpina\u021bi defec\u021biuni sau probleme cu cilindrii cupei, urm\u0103toarele aspecte v\u0103 pot ajuta s\u0103 diagnostica\u021bi \u0219i s\u0103 remedia\u021bi problemele:<\/p>\n<ul>\n<li>Oferirea de sfaturi \u0219i solu\u021bii pentru depanare.<\/li>\n<li>Oferirea de m\u0103suri preventive pentru a minimiza poten\u021bialele probleme.<\/li>\n<\/ul>\n<p><img decoding=\"async\" src=\"https:\/\/www.hydraulic-cylinders.net\/wp-content\/uploads\/2025\/01\/songte-bushings-with-all-kinds-of-excavator-models.webp\" alt=\"Imagine de diagnosticare a defec\u021biunilor cilindrului cupei\"><\/p>\n<h2>Prezentare general\u0103 a companiei<\/h2>\n<p>Suntem un produc\u0103tor \u0219i distribuitor angro de top de cilindri hidraulici pe pie\u021bele interne \u0219i interna\u021bionale. Gama noastr\u0103 de produse este extins\u0103 \u0219i ne str\u0103duim s\u0103 excel\u0103m \u00een calitate. Cu atelierele noastre de fabrica\u021bie rafinate, echipamente avansate \u0219i sisteme profesionale de testare, \u00eembun\u0103t\u0103\u021bim continuu platforma noastr\u0103 de fabrica\u021bie \u0219i rutele de produc\u021bie a calit\u0103\u021bii produselor. Capacit\u0103\u021bile noastre creative puternice ne permit s\u0103 satisfacem diversele nevoi ale clien\u021bilor cu eficien\u021b\u0103, precizie \u0219i calitate ridicate.<\/p>\n<p><img decoding=\"async\" src=\"https:\/\/hzpt.com\/wp-content\/uploads\/2024\/11\/songte-company-1.webp\" alt=\"Imaginea companiei\"><\/p>\n<h3>Profesionalism<\/h3>\n<p>Punem accent pe profesionalism \u00een opera\u021biunile noastre, asigur\u00e2ndu-ne c\u0103 oferim produse de cea mai bun\u0103 calitate.<\/p>\n<h3>Certific\u0103ri interna\u021bionale<\/h3>\n<p>De\u021binem certific\u0103ri interna\u021bionale care valideaz\u0103 calitatea \u0219i fiabilitatea cilindrilor no\u0219tri hidraulici.<\/p>\n<h3>Servicii de personalizare<\/h3>\n<p>Oferim servicii de personalizare pentru a satisface cerin\u021bele specifice ale clien\u021bilor \u00een ceea ce prive\u0219te cilindrii hidraulici.<\/p>\n<h3>Echipamente de produc\u021bie<\/h3>\n<p>Folosim echipamente de produc\u021bie avansate pentru a asigura procese de fabrica\u021bie eficiente \u0219i precise.<\/p>\n<h3>Servicii post-v\u00e2nzare<\/h3>\n<p>Oferim servicii complete post-v\u00e2nzare, inclusiv \u00eenlocuirea componentelor \u0219i servicii de reconstruc\u021bie, pentru a prelungi durata de via\u021b\u0103 a cilindrilor no\u0219tri hidraulici.<\/p>\n<p><img decoding=\"async\" src=\"https:\/\/www.hydraulic-cylinders.net\/wp-content\/uploads\/2025\/01\/songte-company-3.webp\" alt=\"Imagine de prezentare general\u0103 a companiei\"><\/p>\n<p>Autor: lyl<\/p>\n<p><\/body><br \/>\n<\/html><\/p>","protected":false},"excerpt":{"rendered":"<p>Bucket Cylinder For Yugong WY150-8 Introduction The bucket cylinder is a specially designed hydraulic cylinder primarily used to control the movement of the bucket in heavy machinery such as excavators, backhoe excavators, and wheel loaders. Its main function is to enable the lifting, lowering, and tilting of the bucket, facilitating various material handling tasks. In [&hellip;]<\/p>","protected":false},"featured_media":14780,"comment_status":"open","ping_status":"closed","template":"","meta":{"_et_pb_use_builder":"","_et_pb_old_content":"","_et_gb_content_width":""},"product_brand":[],"product_cat":[1494],"product_tag":[1495,1496],"class_list":{"0":"post-15378","1":"product","2":"type-product","3":"status-publish","4":"has-post-thumbnail","6":"product_cat-bucket-cylinders","7":"product_tag-bucket-cylinders","8":"product_tag-hydraulic-cylinders","10":"first","11":"instock","12":"shipping-taxable","13":"product-type-simple"},"amp_enabled":true,"_links":{"self":[{"href":"https:\/\/www.hydraulic-cylinders.net\/ro\/wp-json\/wp\/v2\/product\/15378","targetHints":{"allow":["GET"]}}],"collection":[{"href":"https:\/\/www.hydraulic-cylinders.net\/ro\/wp-json\/wp\/v2\/product"}],"about":[{"href":"https:\/\/www.hydraulic-cylinders.net\/ro\/wp-json\/wp\/v2\/types\/product"}],"replies":[{"embeddable":true,"href":"https:\/\/www.hydraulic-cylinders.net\/ro\/wp-json\/wp\/v2\/comments?post=15378"}],"wp:featuredmedia":[{"embeddable":true,"href":"https:\/\/www.hydraulic-cylinders.net\/ro\/wp-json\/wp\/v2\/media\/14780"}],"wp:attachment":[{"href":"https:\/\/www.hydraulic-cylinders.net\/ro\/wp-json\/wp\/v2\/media?parent=15378"}],"wp:term":[{"taxonomy":"product_brand","embeddable":true,"href":"https:\/\/www.hydraulic-cylinders.net\/ro\/wp-json\/wp\/v2\/product_brand?post=15378"},{"taxonomy":"product_cat","embeddable":true,"href":"https:\/\/www.hydraulic-cylinders.net\/ro\/wp-json\/wp\/v2\/product_cat?post=15378"},{"taxonomy":"product_tag","embeddable":true,"href":"https:\/\/www.hydraulic-cylinders.net\/ro\/wp-json\/wp\/v2\/product_tag?post=15378"}],"curies":[{"name":"wp","href":"https:\/\/api.w.org\/{rel}","templated":true}]}}