{"id":15381,"date":"2025-01-19T14:27:37","date_gmt":"2025-01-19T14:27:37","guid":{"rendered":"https:\/\/www.hydraulic-cylinders.net\/product\/bucket-cylinder-for-grand-cme85-9\/"},"modified":"2025-01-19T14:27:39","modified_gmt":"2025-01-19T14:27:39","slug":"bucket-cylinder-for-grand-cme85-9","status":"publish","type":"product","link":"https:\/\/www.hydraulic-cylinders.net\/ro\/produs\/bucket-cylinder-for-grand-cme85-9\/","title":{"rendered":"Cilindru cu cup\u0103 pentru Grand CME85-9"},"content":{"rendered":"<h1>Cilindru cu cup\u0103 pentru Grand CME85-9 <\/h1>\n<h2>Introducere<\/h2>\n<p>Cilindrul cupei pentru Grand CME85-9 este un cilindru hidraulic specializat, utilizat pentru a controla mi\u0219carea cupei \u00een utilaje grele, cum ar fi excavatoarele, \u00eenc\u0103rc\u0103toarele excavatoare \u0219i \u00eenc\u0103rc\u0103toarele frontale. Func\u021bia sa principal\u0103 este de a permite ridicarea, cobor\u00e2rea \u0219i \u00eenclinarea cupei pentru a facilita diverse sarcini de manipulare a materialelor. Cilindrul cupei realizeaz\u0103 un control precis al cupei prin modificarea presiunii uleiului hidraulic din sistemul hidraulic. Acest lucru permite operatorului s\u0103 manipuleze eficient sarcini grele, s\u0103 se adapteze la medii de lucru complexe \u0219i nevoi opera\u021bionale diverse.<\/p>\n<p><img decoding=\"async\" src=\"https:\/\/www.hydraulic-cylinders.net\/wp-content\/uploads\/2025\/01\/songte-company-2.webp\" alt=\"Cilindru cup\u0103 pentru Grand CME85-9 Imagine\"><\/p>\n<h2>Caracteristici<\/h2>\n<ul>\n<li>\n<h3>Rezisten\u021b\u0103 \u0219i durabilitate ridicate<\/h3>\n<p>Ace\u0219ti cilindri sunt de obicei fabrica\u021bi din o\u021bel sau aluminiu de \u00eenalt\u0103 rezisten\u021b\u0103 \u0219i sunt capabili s\u0103 reziste la presiuni ridicate \u0219i sarcini grele, ceea ce \u00eei face potrivi\u021bi pentru medii de lucru dure. Sunt proiecta\u021bi lu\u00e2nd \u00een considerare rezisten\u021ba la uzur\u0103 \u0219i rezisten\u021ba la coroziune pentru a le prelungi durata de via\u021b\u0103.<\/p>\n<\/li>\n<li>\n<h3>Func\u021bionare hidraulic\u0103 eficient\u0103<\/h3>\n<p>Cilindrul cupei realizeaz\u0103 mi\u0219c\u0103ri line de extensie \u0219i retragere folosind presiunea uleiului hidraulic. Acesta poate r\u0103spunde rapid la comenzile de control, oferind for\u021be puternice de \u00eempingere \u0219i tragere pentru a gestiona sarcini grele \u0219i sarcini opera\u021bionale complexe.<\/p>\n<\/li>\n<li>\n<h3>Mai multe tipuri<\/h3>\n<p>Cilindrul poate fi selectat ca fiind cu ac\u021biune simpl\u0103 (presiunea hidraulic\u0103 este utilizat\u0103 doar \u00eentr-o singur\u0103 direc\u021bie) sau cu ac\u021biune dubl\u0103 (presiunea hidraulic\u0103 este utilizat\u0103 \u00een ambele direc\u021bii) \u00een func\u021bie de nevoile opera\u021bionale. Unele modele sunt telescopice, permi\u021b\u00e2nd o extensie mai mare f\u0103r\u0103 a cre\u0219te dimensiunile exterioare, fiind potrivite pentru aplica\u021bii cu spa\u021biu limitat.<\/p>\n<\/li>\n<li>\n<h3>Poate fi folosit ca \u00eenlocuitor pentru cilindrii hidraulici<\/h3>\n<p>Compania noastr\u0103 produce cilindri hidraulici care pot \u00eenlocui perfect cilindrii originali.<\/p>\n<\/li>\n<li>\n<h3>Aplica\u021bie larg\u0103<\/h3>\n<p>Cilindrii cupei sunt utiliza\u021bi \u00eentr-o varietate de utilaje de construc\u021bii \u0219i agricole, cum ar fi excavatoarele, \u00eenc\u0103rc\u0103toarele frontale \u0219i \u00eenc\u0103rc\u0103toarele cu buldoexcavator. Ace\u0219tia sunt esen\u021biali pentru excavare, \u00eenc\u0103rcare \u0219i transportul solului, f\u00e2nului \u0219i altor materiale. <\/p>\n<\/li>\n<\/ul>\n<p><img decoding=\"async\" src=\"https:\/\/www.hydraulic-cylinders.net\/wp-content\/uploads\/2025\/01\/songte-cylinder-head-with-all-kinds-excavator-models.webp\" alt=\"Cilindru cup\u0103 pentru Grand CME85-9 Imagine\"><\/p>\n<h2>Aplica\u021bii<\/h2>\n<p>Cilindrul cupei poate fi utilizat \u00een diverse utilaje de construc\u021bii \u0219i agricole pentru a gestiona sarcini precum:<\/p>\n<ul>\n<li>\n<h3>Excavare<\/h3>\n<p>Cilindrii cupei permit cupei s\u0103 p\u0103trund\u0103 \u00een sol pentru a excava.<\/p>\n<\/li>\n<li>\n<h3>\u00cenc\u0103rcare \u0219i transport<\/h3>\n<p>Cilindrul asigur\u0103 for\u021ba de ridicare necesar\u0103 pentru \u00eenc\u0103rcarea \u0219i transportul solului, f\u00e2nului \u0219i altor materiale.<\/p>\n<\/li>\n<li>\n<h3>Mutarea de\u0219eurilor<\/h3>\n<p>Cilindrii cupei sunt utiliza\u021bi pentru a muta resturi \u0219i alte obiecte, fiind esen\u021biali pentru sarcinile de cur\u0103\u021benie \u0219i demolare.<\/p>\n<\/li>\n<\/ul>\n<h2>Considera\u021bii de proiectare \u0219i criterii de selec\u021bie<\/h2>\n<p>La selectarea unui cilindru pentru cup\u0103, trebuie luate \u00een considerare urm\u0103toarele aspecte de proiectare \u0219i criterii de selec\u021bie:<\/p>\n<ul>\n<li>\n<h3>Capacitate portant\u0103<\/h3>\n<p>Cilindrul trebuie s\u0103 poat\u0103 suporta sarcina ma\u0219inii \u0219i a materialului manipulat.<\/p>\n<\/li>\n<li>\n<h3>Etan\u0219are \u0219i durabilitate<\/h3>\n<p>Cilindrul trebuie proiectat cu etan\u0219\u0103ri \u0219i materiale durabile pentru a-i asigura longevitatea \u0219i rezisten\u021ba la uzur\u0103 \u0219i coroziune.<\/p>\n<\/li>\n<li>\n<h3>Siguran\u021b\u0103 \u0219i \u00eentre\u021binere<\/h3>\n<p>Cilindrul trebuie proiectat av\u00e2nd \u00een vedere siguran\u021ba \u0219i u\u0219urin\u021ba \u00eentre\u021binerii pentru a preveni accidentele \u0219i a prelungi durata sa de via\u021b\u0103. <\/p>\n<\/li>\n<\/ul>\n<p><img decoding=\"async\" src=\"https:\/\/www.hydraulic-cylinders.net\/wp-content\/uploads\/2025\/01\/songte-oil-pipes-and-spare-parts.webp\" alt=\"Cilindru cup\u0103 pentru Grand CME85-9 Imagine\"><\/p>\n<h2>Etan\u0219are \u0219i lubrifiere<\/h2>\n<p>Cilindrul cupei trebuie s\u0103 fie echipat cu diverse garnituri, cum ar fi garnituri de piston \u0219i garnituri de tij\u0103, fabricate din materiale rezistente la uzur\u0103, cum ar fi poliuretanul \u0219i cauciucul nitrilic. Corpul cilindrului \u0219i suprafa\u021ba filetat\u0103 trebuie tratate fin pentru a \u00eembun\u0103t\u0103\u021bi rezisten\u021ba la uzur\u0103. Lubrifierea regulat\u0103 cu un ulei hidraulic adecvat este necesar\u0103 pentru a asigura func\u021bionarea lin\u0103 \u0219i eficient\u0103 a cilindrului.<\/p>\n<h2>\u00centre\u021binere \u0219i depanare<\/h2>\n<p>\u00centre\u021binerea \u0219i depanarea regulate sunt necesare pentru a asigura func\u021bionarea corect\u0103 a cilindrului cupei. Trebuie efectuate urm\u0103toarele sarcini:<\/p>\n<ul>\n<li>\n<h3>Inspec\u021bie regulat\u0103<\/h3>\n<p>Inspec\u021bia regulat\u0103 a cilindrului \u0219i a componentelor acestuia poate detecta din timp poten\u021bialele probleme \u0219i poate preveni accidentele.<\/p>\n<\/li>\n<li>\n<h3>Lubrifiere adecvat\u0103<\/h3>\n<p>Lubrifierea corect\u0103 cu un ulei hidraulic adecvat poate asigura func\u021bionarea lin\u0103 \u0219i eficient\u0103 a cilindrului.<\/p>\n<\/li>\n<li>\n<h3>\u00cenlocuirea garniturii \u0219i verificarea calibr\u0103rii<\/h3>\n<p>\u00cenlocuirea garniturilor uzate \u0219i verificarea calibr\u0103rii cilindrului pot prelungi durata de via\u021b\u0103 a acestuia.<\/p>\n<\/li>\n<\/ul>\n<p><img decoding=\"async\" src=\"https:\/\/www.hydraulic-cylinders.net\/wp-content\/uploads\/2025\/01\/songte-chushion-collar.webp\" alt=\"Cilindru cup\u0103 pentru Grand CME85-9 Imagine\"><\/p>\n<h2>Considera\u021bii de siguran\u021b\u0103 \u0219i factori de mediu<\/h2>\n<p>Atunci c\u00e2nd se utilizeaz\u0103 cilindrul cupei, siguran\u021ba ar trebui s\u0103 fie o prioritate absolut\u0103. Este important s\u0103 respecta\u021bi instruc\u021biunile de siguran\u021b\u0103 \u0219i s\u0103 purta\u021bi echipament de protec\u021bie adecvat pentru a preveni accidentele. Factorii de mediu, cum ar fi temperatura \u0219i umiditatea, ar trebui, de asemenea, lua\u021bi \u00een considerare la operarea cilindrului.<\/p>\n<h2>Introducerea companiei<\/h2>\n<p>Compania noastr\u0103 este produc\u0103tor de cilindri hidraulici, oferind o gam\u0103 larg\u0103 de produse \u0219i devenind unul dintre principalii produc\u0103tori \u0219i distribuitori angro de cilindri hidraulici pe pie\u021bele interne \u0219i interna\u021bionale. Ader\u0103m la principiul calit\u0103\u021bii excelente \u0219i ne baz\u0103m pe strategia de management al produc\u021biei industriale a unor ateliere de fabrica\u021bie rafinate. \u00cembun\u0103t\u0103\u021bim continuu platformele noastre de fabrica\u021bie investind \u00een talent tehnologic, echipamente digitale de fabrica\u021bie de ultim\u0103 genera\u021bie \u0219i sisteme profesionale de testare. Scopul nostru este de a oferi produse de \u00eenalt\u0103 eficien\u021b\u0103, precizie \u0219i calitate, care s\u0103 satisfac\u0103 nevoile clien\u021bilor no\u0219tri.<\/p>\n<p><img decoding=\"async\" src=\"https:\/\/hzpt.com\/wp-content\/uploads\/2024\/11\/songte-company-1.webp\" alt=\"Cilindru cup\u0103 pentru Grand CME85-9 Imagine\"><\/p>\n<h2>Informa\u021bii suplimentare<\/h2>\n<p>Compania noastr\u0103 este cunoscut\u0103 pentru profesionalismul s\u0103u, certific\u0103rile interna\u021bionale, serviciile personalizate, echipamentele de produc\u021bie \u0219i serviciile post-v\u00e2nzare. Oferim o gam\u0103 larg\u0103 de produse \u0219i asigur\u0103m clien\u021bilor no\u0219tri o calitate excelent\u0103, pre\u021buri competitive \u0219i livrare la timp.<\/p>\n<h2>Autor: lyl<\/h2>","protected":false},"excerpt":{"rendered":"<p>Bucket Cylinder For Grand CME85-9 Introduction The bucket cylinder for Grand CME85-9 is a specialized hydraulic cylinder used to control the movement of the bucket in heavy machinery such as excavators, backhoe loaders, and front end loaders. Its main function is to enable lifting, lowering, and tilting of the bucket to facilitate various material handling [&hellip;]<\/p>","protected":false},"featured_media":14773,"comment_status":"open","ping_status":"closed","template":"","meta":{"_et_pb_use_builder":"","_et_pb_old_content":"","_et_gb_content_width":""},"product_brand":[],"product_cat":[1494],"product_tag":[1495,1496],"class_list":{"0":"post-15381","1":"product","2":"type-product","3":"status-publish","4":"has-post-thumbnail","6":"product_cat-bucket-cylinders","7":"product_tag-bucket-cylinders","8":"product_tag-hydraulic-cylinders","10":"first","11":"instock","12":"shipping-taxable","13":"product-type-simple"},"amp_enabled":true,"_links":{"self":[{"href":"https:\/\/www.hydraulic-cylinders.net\/ro\/wp-json\/wp\/v2\/product\/15381","targetHints":{"allow":["GET"]}}],"collection":[{"href":"https:\/\/www.hydraulic-cylinders.net\/ro\/wp-json\/wp\/v2\/product"}],"about":[{"href":"https:\/\/www.hydraulic-cylinders.net\/ro\/wp-json\/wp\/v2\/types\/product"}],"replies":[{"embeddable":true,"href":"https:\/\/www.hydraulic-cylinders.net\/ro\/wp-json\/wp\/v2\/comments?post=15381"}],"wp:featuredmedia":[{"embeddable":true,"href":"https:\/\/www.hydraulic-cylinders.net\/ro\/wp-json\/wp\/v2\/media\/14773"}],"wp:attachment":[{"href":"https:\/\/www.hydraulic-cylinders.net\/ro\/wp-json\/wp\/v2\/media?parent=15381"}],"wp:term":[{"taxonomy":"product_brand","embeddable":true,"href":"https:\/\/www.hydraulic-cylinders.net\/ro\/wp-json\/wp\/v2\/product_brand?post=15381"},{"taxonomy":"product_cat","embeddable":true,"href":"https:\/\/www.hydraulic-cylinders.net\/ro\/wp-json\/wp\/v2\/product_cat?post=15381"},{"taxonomy":"product_tag","embeddable":true,"href":"https:\/\/www.hydraulic-cylinders.net\/ro\/wp-json\/wp\/v2\/product_tag?post=15381"}],"curies":[{"name":"wp","href":"https:\/\/api.w.org\/{rel}","templated":true}]}}