{"id":15382,"date":"2025-01-19T14:27:41","date_gmt":"2025-01-19T14:27:41","guid":{"rendered":"https:\/\/www.hydraulic-cylinders.net\/product\/bucket-cylinder-for-volvo-small-excavator-ecr50d\/"},"modified":"2025-01-19T14:27:43","modified_gmt":"2025-01-19T14:27:43","slug":"bucket-cylinder-for-volvo-small-excavator-ecr50d","status":"publish","type":"product","link":"https:\/\/www.hydraulic-cylinders.net\/ro\/produs\/bucket-cylinder-for-volvo-small-excavator-ecr50d\/","title":{"rendered":"Cilindru cup\u0103 pentru excavatorul mic Volvo ECR50D"},"content":{"rendered":"<h1>Cilindru cup\u0103 pentru excavatorul mic Volvo ECR50D<\/h1>\n<h2>Introducere<\/h2>\n<p>Un cilindru hidraulic pentru excavatorul mic Volvo ECR50D este un cilindru hidraulic special conceput, utilizat \u00een principal pentru a controla mi\u0219carea cupei \u00een utilaje grele, cum ar fi excavatoarele, excavatoarele cu buldoexcavatoare \u0219i \u00eenc\u0103rc\u0103toare frontale. Func\u021bia sa principal\u0103 este de a permite ridicarea, cobor\u00e2rea \u0219i \u00eenclinarea cupei, facilit\u00e2nd gestionarea diverselor sarcini de manipulare a materialelor. \u00cen sistemul hidraulic, cilindrul cupei utilizeaz\u0103 schimbarea presiunii uleiului hidraulic pentru a ob\u021bine un control precis al cupei, permi\u021b\u00e2nd operatorului s\u0103 manipuleze eficient sarcini grele, s\u0103 se adapteze la medii de lucru complexe \u0219i la diverse nevoi opera\u021bionale.<\/p>\n<p><img decoding=\"async\" src=\"https:\/\/www.hydraulic-cylinders.net\/wp-content\/uploads\/2025\/01\/songte-company-2.webp\" alt=\"Cilindru cup\u0103 pentru excavatorul mic Volvo ECR50D\"\/><\/p>\n<h2>Caracteristici<\/h2>\n<ul>\n<li>Rezisten\u021b\u0103 \u0219i durabilitate ridicate: De obicei, fabricate din o\u021bel sau aluminiu de \u00eenalt\u0103 rezisten\u021b\u0103, pot rezista la presiuni ridicate \u0219i sarcini grele, se pot adapta la medii de lucru dure \u0219i iau \u00een considerare rezisten\u021ba la uzur\u0103 \u0219i la coroziune \u00een proiectare, prelungindu-i durata de via\u021b\u0103.<\/li>\n<li>Func\u021bionare hidraulic\u0103 eficient\u0103: Utilizeaz\u0103 presiunea uleiului hidraulic pentru a ob\u021bine mi\u0219c\u0103ri line de expansiune \u0219i contrac\u021bie, poate r\u0103spunde rapid la comenzile de control, ofer\u0103 o for\u021b\u0103 puternic\u0103 de \u00eempingere \u0219i tragere \u0219i este potrivit pentru manipularea obiectelor grele \u0219i a sarcinilor opera\u021bionale complexe.<\/li>\n<li>Diverse tipuri: Cilindrii cu ac\u021biune simpl\u0103 (utiliza\u021bi hidraulic \u00eentr-o singur\u0103 direc\u021bie) sau cu ac\u021biune dubl\u0103 (utiliza\u021bi hidraulic \u00een ambele direc\u021bii) pot fi selecta\u021bi \u00een func\u021bie de necesit\u0103\u021bi pentru a satisface diferite nevoi opera\u021bionale. Unele modele sunt telescopice, permi\u021b\u00e2nd o extensie mai mare f\u0103r\u0103 a cre\u0219te dimensiunile exterioare, potrivite pentru aplica\u021bii cu spa\u021biu limitat.<\/li>\n<li>Personalizabil: Compania noastr\u0103 poate produce acest produs, iar produsele noastre pot \u00eenlocui perfect ace\u0219ti cilindri hidraulici.<\/li>\n<\/ul>\n<p><img decoding=\"async\" src=\"https:\/\/www.hydraulic-cylinders.net\/wp-content\/uploads\/2025\/01\/songte-cylinder-head-with-all-kinds-excavator-models.webp\" alt=\"Cilindru cup\u0103 pentru excavatorul mic Volvo ECR50D\"\/><\/p>\n<h2>Aplica\u021bii<\/h2>\n<p>Cilindrul cupei pentru excavatorul mic Volvo ECR50D este utilizat pe scar\u0103 larg\u0103 \u00een diverse domenii, inclusiv:<\/p>\n<ul>\n<li>Echipamente de construc\u021bii: \u00cen cazul excavatoarelor, acestea sunt esen\u021biale pentru excavare, \u00eenc\u0103rcare \u0219i mutarea solului sau a resturilor. \u00cen cazul excavatoarelor cu buldoexcavatoare, cilindrul cupei ajut\u0103 at\u00e2t la excavare, c\u00e2t \u0219i la ridicare. <\/li>\n<li>Ma\u0219ini agricole: utilizate \u00een \u00eenc\u0103rc\u0103toare frontale, pentru scobere, ridicare \u0219i transportul solului, f\u00e2nului \u0219i altor materiale. <\/li>\n<li>Excavatoare: Cilindrul cupei realizeaz\u0103 ac\u021biunea de s\u0103pare permi\u021b\u00e2nd cupei s\u0103 p\u0103trund\u0103 \u00een sol. <\/li>\n<li>\u00cenc\u0103rc\u0103toare: \u00cen \u00eenc\u0103rc\u0103toarele frontale, acestea ajut\u0103 la ridicarea \u0219i desc\u0103rcarea eficient\u0103 a m\u0103rfurilor.<\/li>\n<\/ul>\n<p>S\u0103 arunc\u0103m o privire mai atent\u0103 asupra fiec\u0103reia dintre aceste aplica\u021bii:<\/p>\n<h3>Echipamente de construc\u021bii<\/h3>\n<p>Cilindrul cupei pentru excavatorul mic Volvo ECR50D este o component\u0103 esen\u021bial\u0103 a excavatoarelor \u0219i a excavatoarelor cu buldoexcavator. \u00cen cazul excavatoarelor, cilindrul cupei este responsabil pentru excavarea \u0219i \u00eenc\u0103rcarea solului sau a resturilor, \u00een timp ce \u00een cazul excavatoarelor cu buldoexcavator, acesta ajut\u0103 la excavare \u0219i ridicare. Rezisten\u021ba \u0219i durabilitatea ridicate ale cilindrului cupei \u00eel fac potrivit pentru medii de lucru dure, cum ar fi \u0219antierele de construc\u021bii.<\/p>\n<h3>Ma\u0219ini agricole<\/h3>\n<p>Cilindrul cupei pentru excavatorul mic Volvo ECR50D este, de asemenea, utilizat pe scar\u0103 larg\u0103 la \u00eenc\u0103rc\u0103toarele frontale, care sunt utilizate pentru scobere, ridicare \u0219i transportul solului, f\u00e2nului \u0219i altor materiale \u00een ferme. Func\u021bionarea hidraulic\u0103 eficient\u0103 a cilindrului cupei \u0219i tipurile personalizabile \u00eel fac potrivit pentru diverse sarcini agricole.<\/p>\n<h3>Excavatoare<\/h3>\n<p>\u00cen cazul excavatoarelor, cilindrul cupei pentru excavatorul mic Volvo ECR50D este responsabil pentru s\u0103parea \u0219i \u00eenc\u0103rcarea solului sau a resturilor. Cilindrul cupei realizeaz\u0103 ac\u021biunea de s\u0103pare permi\u021b\u00e2nd cupei s\u0103 p\u0103trund\u0103 \u00een sol. Precizia \u0219i eficien\u021ba ridicat\u0103 a cilindrului cupei \u00eel fac potrivit pentru diverse sarcini de excavare.<\/p>\n<h3>\u00cenc\u0103rc\u0103toare<\/h3>\n<p>Cilindrul cupei pentru excavatorul mic Volvo ECR50D este utilizat \u0219i la \u00eenc\u0103rc\u0103toarele frontale, care sunt folosite pentru ridicarea \u0219i desc\u0103rcarea m\u0103rfurilor. For\u021ba mare de \u00eempingere \u0219i tragere a cilindrului cupei \u00eel face potrivit pentru ridicarea \u0219i desc\u0103rcarea eficient\u0103 a sarcinilor grele.<\/p>\n<p><img decoding=\"async\" src=\"https:\/\/hzpt.com\/wp-content\/uploads\/2024\/11\/songte-company-1.webp\" alt=\"Cilindru cup\u0103 pentru excavatorul mic Volvo ECR50D\"\/><\/p>\n<h2>Considera\u021bii de proiectare \u0219i criterii de selec\u021bie<\/h2>\n<p>Cilindrul cupei pentru excavatorul mic Volvo ECR50D trebuie s\u0103 \u00eendeplineasc\u0103 diverse considera\u021bii de proiectare \u0219i criterii de selec\u021bie pentru a asigura o func\u021bionare eficient\u0103 \u0219i o durat\u0103 lung\u0103 de via\u021b\u0103. Aceste considera\u021bii \u0219i criterii includ:<\/p>\n<ul>\n<li>Capacitate portant\u0103: Capacitatea portant\u0103 a cilindrului cupei depinde de diametrul pistonului \u0219i de presiunea intern\u0103 a uleiului hidraulic. Un diametru mai mare al pistonului \u0219i o presiune intern\u0103 mai mare a uleiului hidraulic au ca rezultat o capacitate portant\u0103 mai mare.<\/li>\n<li>Etan\u0219are: Cilindrul cupei trebuie s\u0103 aib\u0103 o etan\u0219are fiabil\u0103 pentru a preveni scurgerile de ulei hidraulic \u0219i a asigura o func\u021bionare eficient\u0103. Componentele de etan\u0219are, cum ar fi etan\u0219\u0103rile pistonului \u0219i etan\u0219\u0103rile tijei, trebuie s\u0103 fie fabricate din materiale rezistente la uzur\u0103, cum ar fi poliuretanul sau cauciucul nitrilic, pentru a asigura o durat\u0103 lung\u0103 de via\u021b\u0103.<\/li>\n<li>Durabilitate: Cilindrul cupei trebuie s\u0103 fie fabricat din materiale de \u00eenalt\u0103 rezisten\u021b\u0103, cum ar fi o\u021belul sau aluminiul, pentru a rezista la medii de lucru dure \u0219i sarcini grele. Corpul cilindrului \u0219i suprafa\u021ba tijei trebuie prelucrate fin pentru a \u00eembun\u0103t\u0103\u021bi rezisten\u021ba la uzur\u0103 \u0219i la coroziune.<\/li>\n<li>Siguran\u021b\u0103: Cilindrul cupei trebuie s\u0103 aib\u0103 m\u0103suri de siguran\u021b\u0103 fiabile, cum ar fi supape de siguran\u021b\u0103 \u0219i protec\u021bie la suprasarcin\u0103, pentru a preveni accidentele \u0219i a asigura o func\u021bionare \u00een siguran\u021b\u0103.<\/li>\n<li>\u00centre\u021binere: Cilindrul cupei trebuie s\u0103 aib\u0103 proceduri u\u0219oare de \u00eentre\u021binere \u0219i reparare, cum ar fi componente de etan\u0219are u\u0219or de \u00eenlocuit \u0219i instruc\u021biuni clare de \u00eentre\u021binere, pentru a asigura o \u00eentre\u021binere \u0219i o reparare u\u0219oar\u0103.<\/li>\n<\/ul>\n<p><img decoding=\"async\" src=\"https:\/\/www.hydraulic-cylinders.net\/wp-content\/uploads\/2025\/01\/songte-oil-pipes-and-spare-parts.webp\" alt=\"Cilindru cup\u0103 pentru excavatorul mic Volvo ECR50D\"\/><\/p>\n<h2>Etan\u0219are \u0219i lubrifiere<\/h2>\n<p>Cilindrul cupei pentru excavatorul mic Volvo ECR50D necesit\u0103 o etan\u0219are fiabil\u0103 \u0219i o lubrifiere adecvat\u0103 pentru a asigura o func\u021bionare eficient\u0103 \u0219i o durat\u0103 lung\u0103 de via\u021b\u0103. M\u0103surile de etan\u0219are \u0219i lubrifiere includ:<\/p>\n<ul>\n<li>Utilizarea diverselor componente de etan\u0219are, cum ar fi etan\u0219\u0103rile pistonului \u0219i etan\u0219\u0103rile tijei, fabricate din materiale rezistente la uzur\u0103, cum ar fi poliuretanul sau cauciucul nitrilic, pentru a preveni scurgerile de ulei hidraulic. <\/li>\n<li>Rafinarea corpului cilindrului \u0219i a suprafe\u021bei tijei pentru a \u00eembun\u0103t\u0103\u021bi rezisten\u021ba la uzur\u0103 \u0219i la coroziune. <\/li>\n<li>Ad\u0103uga\u021bi regulat ulei hidraulic adecvat pentru lubrifiere pentru a reduce frecarea \u0219i uzura \u0219i a preveni rugina \u0219i coroziunea. <\/li>\n<\/ul>\n<h2>Inspec\u021bie periodic\u0103 \u0219i \u00eentre\u021binere preventiv\u0103<\/h2>\n<p>Pentru a asigura func\u021bionarea eficient\u0103 \u0219i o durat\u0103 lung\u0103 de via\u021b\u0103 a cilindrului cupei pentru excavatorul mic Volvo ECR50D, sunt necesare inspec\u021bii regulate \u0219i \u00eentre\u021binere preventiv\u0103. M\u0103surile de inspec\u021bie \u0219i \u00eentre\u021binere includ:<\/p>\n<ul>\n<li>Inspec\u021bia regulat\u0103 a corpului cilindrului, pistonului \u0219i suprafe\u021bei tijei pentru uzur\u0103 \u0219i coroziune. <\/li>\n<li>Ungerea regulat\u0103 a corpului cilindrului, pistonului \u0219i suprafe\u021bei tijei cu ulei hidraulic adecvat. <\/li>\n<li>\u00cenlocuirea regulat\u0103 a componentelor de etan\u0219are, cum ar fi etan\u0219\u0103rile pistonului \u0219i etan\u0219\u0103rile tijei, pentru a preveni scurgerile de ulei hidraulic \u0219i a asigura o func\u021bionare eficient\u0103. <\/li>\n<li>Calibrarea regulat\u0103 a cilindrului pentru a asigura o func\u021bionare precis\u0103. <\/li>\n<\/ul>\n<h2>Ghid de instalare a produsului<\/h2>\n<p>Instalarea corect\u0103 a cilindrului cupei pentru excavatorul mic Volvo ECR50D este crucial\u0103 pentru o func\u021bionare eficient\u0103 \u0219i o durat\u0103 lung\u0103 de via\u021b\u0103. Ghidul de instalare include:<\/p>\n<ul>\n<li>Alinierea corect\u0103 a cilindrului pentru a asigura o func\u021bionare precis\u0103. <\/li>\n<li>Folosind console de instalare adecvate pentru a fixa cilindrul. <\/li>\n<li>Lubrifierea corect\u0103 a corpului cilindrului, pistonului \u0219i suprafe\u021bei tijei cu ulei hidraulic adecvat. <\/li>\n<li>Calibrarea regulat\u0103 a cilindrului pentru a asigura o func\u021bionare precis\u0103. <\/li>\n<\/ul>\n<h2>Sarcini comune de \u00eentre\u021binere<\/h2>\n<p>Sarcinile de \u00eentre\u021binere regulate, cum ar fi inspec\u021bia, lubrifierea \u0219i calibrarea, sunt cruciale pentru func\u021bionarea eficient\u0103 \u0219i durata lung\u0103 de via\u021b\u0103 a cilindrului cupei pentru excavatorul mic Volvo ECR50D. Sarcinile comune de \u00eentre\u021binere includ:<\/p>\n<ul>\n<li>Inspec\u021bia periodic\u0103 a corpului cilindrului, pistonului \u0219i suprafe\u021bei tijei pentru uzur\u0103 \u0219i coroziune. <\/li>\n<li>Ungerea regulat\u0103 a corpului cilindrului, pistonului \u0219i suprafe\u021bei tijei cu ulei hidraulic adecvat. <\/li>\n<li>\u00cenlocuirea regulat\u0103 a componentelor de etan\u0219are, cum ar fi etan\u0219\u0103rile pistonului \u0219i etan\u0219\u0103rile tijei, pentru a preveni scurgerile de ulei hidraulic \u0219i a asigura o func\u021bionare eficient\u0103. <\/li>\n<li>Calibrarea corect\u0103 a cilindrului pentru a asigura o func\u021bionare precis\u0103. <\/li>\n<\/ul>\n<h2>Considera\u021bii de siguran\u021b\u0103 \u0219i factori de mediu<\/h2>\n<p>La utilizarea cilindrului cupei pentru excavatorul mic Volvo ECR50D, trebuie luate \u00een considerare considera\u021biile de siguran\u021b\u0103 \u0219i factorii de mediu pentru a preveni accidentele \u0219i a asigura protec\u021bia mediului. Considera\u021biile de siguran\u021b\u0103 \u0219i factorii de mediu includ:<\/p>\n<ul>\n<li>Instruirea adecvat\u0103 a operatorilor pentru a asigura func\u021bionarea \u00een siguran\u021b\u0103. <\/li>\n<li>Utilizarea unor m\u0103suri de siguran\u021b\u0103 fiabile, cum ar fi supapele de siguran\u021b\u0103 \u0219i protec\u021bia la suprasarcin\u0103, pentru prevenirea accidentelor. <\/li>\n<li>Eliminarea corect\u0103 a uleiului hidraulic \u0219i a altor materiale periculoase pentru a asigura protec\u021bia mediului. <\/li>\n<\/ul>\n<h2>Depanare \u0219i probleme frecvente<\/h2>\n<p>Cilindrul cupei pentru excavatorul mic Volvo ECR50D poate \u00eent\u00e2mpina diverse probleme \u00een timpul func\u021bion\u0103rii, cum ar fi scurgeri de ulei hidraulic, zgomot anormal \u0219i func\u021bionare inexact\u0103. Pentru a asigura o func\u021bionare eficient\u0103 \u0219i o durat\u0103 lung\u0103 de via\u021b\u0103, este necesar s\u0103 diagnostica\u021bi \u0219i s\u0103 rezolva\u021bi aceste probleme la timp. Depanarea \u0219i problemele comune includ:<\/p>\n<ul>\n<li>Scurgere de ulei hidraulic: Aceast\u0103 problem\u0103 poate fi cauzat\u0103 de componente de etan\u0219are deteriorate, cum ar fi garniturile pistonului \u0219i garniturile tijei, uzura corpului cilindrului \u0219i a suprafe\u021bei tijei \u0219i piesele de conectare sl\u0103bite. Poate fi rezolvat\u0103 prin \u00eenlocuirea componentelor de etan\u0219are deteriorate, rafinarea suprafe\u021bei corpului cilindrului \u0219i a tijei \u0219i str\u00e2ngerea pieselor de conectare.<\/li>\n<li>Zgomot anormal: Aceast\u0103 problem\u0103 poate fi cauzat\u0103 de componente interne deteriorate, cum ar fi pistonul \u0219i supapa, ulei hidraulic insuficient \u0219i piese de conectare sl\u0103bite. Poate fi rezolvat\u0103 prin \u00eenlocuirea componentelor deteriorate, ad\u0103ugarea de ulei hidraulic adecvat \u0219i str\u00e2ngerea pieselor de conectare.<\/li>\n<li>Func\u021bionare inexact\u0103: Aceast\u0103 problem\u0103 poate fi cauzat\u0103 de o calibrare inexact\u0103, componente interne deteriorate \u0219i ulei hidraulic insuficient. Poate fi rezolvat\u0103 prin calibrarea corect\u0103, \u00eenlocuirea componentelor deteriorate \u0219i ad\u0103ugarea de ulei hidraulic adecvat.<\/li>\n<\/ul>\n<p><img decoding=\"async\" src=\"https:\/\/www.hydraulic-cylinders.net\/wp-content\/uploads\/2025\/01\/songte-bushings-with-all-kinds-of-excavator-models.webp\" alt=\"Cilindru cup\u0103 pentru excavatorul mic Volvo ECR50D\"\/><\/p>\n<h2>Despre compania noastr\u0103<\/h2>\n<p>Suntem produc\u0103tori de cilindri hidraulici care pot \u00eenlocui echipamentele originale ale produc\u0103torilor. Oferim o gam\u0103 complet\u0103 de cilindri hidraulici care satisfac diverse nevoi opera\u021bionale ale clien\u021bilor no\u0219tri. Compania noastr\u0103 ader\u0103 la principiul calit\u0103\u021bii excelente, se bazeaz\u0103 pe strategia de management al produc\u021biei industriale a atelierului de produc\u021bie fin\u0103 \u0219i \u00eembun\u0103t\u0103\u021be\u0219te continuu platforma de produc\u021bie a atelierului, perfec\u021bioneaz\u0103 ruta de produc\u021bie a calit\u0103\u021bii produselor \u0219i are o capacitate puternic\u0103 de crea\u021bie. Compania noastr\u0103 ofer\u0103 produse de \u00eenalt\u0103 eficien\u021b\u0103, \u00eenalt\u0103 precizie \u0219i \u00eenalt\u0103 calitate pentru a satisface nevoile clien\u021bilor no\u0219tri. <\/p>\n<h3>Profesionalism<\/h3>\n<p>Compania noastr\u0103 are o echip\u0103 de ingineri \u0219i tehnicieni profesioni\u0219ti, cu experien\u021b\u0103 \u00een proiectarea, produc\u021bia \u0219i \u00eentre\u021binerea cilindrilor hidraulici. Oferim solu\u021bii personalizate pentru cilindrii hidraulici care satisfac nevoile specifice ale clien\u021bilor no\u0219tri.<\/p>\n<h3>Certificare interna\u021bional\u0103<\/h3>\n<p>Compania noastr\u0103 a ob\u021binut diverse certific\u0103ri interna\u021bionale, inclusiv ISO9001, CE \u0219i SGS. Aceste certific\u0103ri garanteaz\u0103 calitatea \u0219i fiabilitatea produselor noastre.<\/p>\n<h3>Servicii de personalizare<\/h3>\n<p>Compania noastr\u0103 ofer\u0103 servicii de personalizare care r\u0103spund nevoilor unice ale clien\u021bilor no\u0219tri. Oferim solu\u021bii personalizate pentru cilindri hidraulici care satisfac nevoile specifice ale clien\u021bilor no\u0219tri.<\/p>\n<h3>Echipamente de produc\u021bie<\/h3>\n<p>Compania noastr\u0103 dispune de echipamente de produc\u021bie avansate, inclusiv centre de prelucrare CNC, strunguri CNC \u0219i echipamente de testare a cilindrilor hidraulici. Aceste echipamente asigur\u0103 precizia ridicat\u0103 \u0219i calitatea superioar\u0103 a produselor noastre.<\/p>\n<h3>Serviciu post-v\u00e2nzare<\/h3>\n<p>Compania noastr\u0103 ofer\u0103 servicii post-v\u00e2nzare excelente, inclusiv servicii regulate de \u00eentre\u021binere, repara\u021bii \u0219i \u00eenlocuire. Oferim servicii post-v\u00e2nzare prompte \u0219i eficiente pentru a asigura func\u021bionarea eficient\u0103 \u0219i durata lung\u0103 de via\u021b\u0103 a produselor noastre.<\/p>\n<p><img decoding=\"async\" src=\"https:\/\/www.hydraulic-cylinders.net\/wp-content\/uploads\/2025\/01\/songte-company-3.webp\" alt=\"Cilindru cup\u0103 pentru excavatorul mic Volvo ECR50D\"\/><\/p>\n<p>Autor: lyl.<\/p>","protected":false},"excerpt":{"rendered":"<p>Bucket Cylinder For Volvo Small Excavator ECR50D Introduction A bucket cylinder for Volvo small excavator ECR50D is a specially designed hydraulic cylinder primarily used to control the movement of the bucket in heavy machinery such as excavators, backhoe excavators, and front loaders. Its main function is to enable the bucket to lift, lower, and tilt, [&hellip;]<\/p>","protected":false},"featured_media":14771,"comment_status":"open","ping_status":"closed","template":"","meta":{"_et_pb_use_builder":"","_et_pb_old_content":"","_et_gb_content_width":""},"product_brand":[],"product_cat":[1494],"product_tag":[1495,1496],"class_list":{"0":"post-15382","1":"product","2":"type-product","3":"status-publish","4":"has-post-thumbnail","6":"product_cat-bucket-cylinders","7":"product_tag-bucket-cylinders","8":"product_tag-hydraulic-cylinders","10":"first","11":"instock","12":"shipping-taxable","13":"product-type-simple"},"amp_enabled":true,"_links":{"self":[{"href":"https:\/\/www.hydraulic-cylinders.net\/ro\/wp-json\/wp\/v2\/product\/15382","targetHints":{"allow":["GET"]}}],"collection":[{"href":"https:\/\/www.hydraulic-cylinders.net\/ro\/wp-json\/wp\/v2\/product"}],"about":[{"href":"https:\/\/www.hydraulic-cylinders.net\/ro\/wp-json\/wp\/v2\/types\/product"}],"replies":[{"embeddable":true,"href":"https:\/\/www.hydraulic-cylinders.net\/ro\/wp-json\/wp\/v2\/comments?post=15382"}],"wp:featuredmedia":[{"embeddable":true,"href":"https:\/\/www.hydraulic-cylinders.net\/ro\/wp-json\/wp\/v2\/media\/14771"}],"wp:attachment":[{"href":"https:\/\/www.hydraulic-cylinders.net\/ro\/wp-json\/wp\/v2\/media?parent=15382"}],"wp:term":[{"taxonomy":"product_brand","embeddable":true,"href":"https:\/\/www.hydraulic-cylinders.net\/ro\/wp-json\/wp\/v2\/product_brand?post=15382"},{"taxonomy":"product_cat","embeddable":true,"href":"https:\/\/www.hydraulic-cylinders.net\/ro\/wp-json\/wp\/v2\/product_cat?post=15382"},{"taxonomy":"product_tag","embeddable":true,"href":"https:\/\/www.hydraulic-cylinders.net\/ro\/wp-json\/wp\/v2\/product_tag?post=15382"}],"curies":[{"name":"wp","href":"https:\/\/api.w.org\/{rel}","templated":true}]}}