{"id":15383,"date":"2025-01-19T14:27:45","date_gmt":"2025-01-19T14:27:45","guid":{"rendered":"https:\/\/www.hydraulic-cylinders.net\/product\/bucket-cylinder-for-volvo-small-excavator-bl-60b\/"},"modified":"2025-01-19T14:27:47","modified_gmt":"2025-01-19T14:27:47","slug":"bucket-cylinder-for-volvo-small-excavator-bl-60b","status":"publish","type":"product","link":"https:\/\/www.hydraulic-cylinders.net\/ro\/produs\/bucket-cylinder-for-volvo-small-excavator-bl-60b\/","title":{"rendered":"Cilindru cup\u0103 pentru excavator mic Volvo BL\/60B"},"content":{"rendered":"<p><!DOCTYPE html><br \/>\n<html><br \/>\n<head><br \/>\n<title>Cilindru cup\u0103 pentru excavator mic Volvo BL\/60B<\/title><br \/>\n<\/head><br \/>\n<body><\/p>\n<h1>Cilindru cup\u0103 pentru excavator mic Volvo BL\/60B<\/h1>\n<h2>Introducere<\/h2>\n<p>Cilindrul cupei pentru excavatorul mic Volvo BL\/60B este un cilindru hidraulic special conceput, utilizat pentru a controla mi\u0219carea cupei \u00een utilaje grele, cum ar fi excavatoarele, \u00eenc\u0103rc\u0103toarele cu buldoexcavatoare \u0219i \u00eenc\u0103rc\u0103toarele frontale. Func\u021bia sa principal\u0103 este de a permite ridicarea, cobor\u00e2rea \u0219i \u00eenclinarea cupei, facilit\u00e2nd diverse sarcini de manipulare a materialelor. \u00cen sistemul hidraulic, cilindrul cupei realizeaz\u0103 un control precis al cupei prin utilizarea schimb\u0103rilor de presiune din uleiul hidraulic, permi\u021b\u00e2nd operatorilor s\u0103 manipuleze eficient sarcini grele \u0219i s\u0103 se adapteze la medii de lucru complexe \u0219i cerin\u021be diverse ale lucr\u0103rilor.<\/p>\n<p><img decoding=\"async\" src=\"https:\/\/www.hydraulic-cylinders.net\/wp-content\/uploads\/2025\/01\/songte-company-2.webp\" alt=\"Imaginea cilindrului cupei\"><\/p>\n<h2>Caracteristici<\/h2>\n<ul>\n<li>Rezisten\u021b\u0103 \u0219i durabilitate ridicate: Fabricat de obicei din o\u021bel sau aluminiu de \u00eenalt\u0103 rezisten\u021b\u0103, cilindrul cupei poate rezista la presiuni ridicate \u0219i sarcini grele, adapt\u00e2ndu-se la medii de lucru dure. Designul s\u0103u ia \u00een considerare rezisten\u021ba la uzur\u0103 \u0219i la coroziune pentru a-i prelungi durata de via\u021b\u0103.<\/li>\n<li>Func\u021bionare hidraulic\u0103 eficient\u0103: Prin utilizarea presiunii uleiului hidraulic, cilindrul cupei permite mi\u0219c\u0103ri line de extensie \u0219i retragere, oferind for\u021be puternice de \u00eempingere \u0219i tragere. Este potrivit pentru manipularea sarcinilor grele \u0219i a sarcinilor complexe.<\/li>\n<li>Diverse tipuri: Cilindrul cupei poate fi ales ca cilindru cu ac\u021biune simpl\u0103 (hidraulicul este utilizat \u00eentr-o singur\u0103 direc\u021bie) sau cu ac\u021biune dubl\u0103 (hidraulicul este utilizat \u00een dou\u0103 direc\u021bii) pentru a satisface diferite nevoi opera\u021bionale. Unele modele sunt telescopice, permi\u021b\u00e2nd o extensie mai mare f\u0103r\u0103 a cre\u0219te dimensiunile exterioare, ceea ce le face potrivite pentru aplica\u021bii cu spa\u021biu limitat.<\/li>\n<li>\u00cenlocuitor perfect: Produsul nostru poate \u00eenlocui perfect cilindrii hidraulici existen\u021bi. <\/li>\n<\/ul>\n<p><img decoding=\"async\" src=\"https:\/\/www.hydraulic-cylinders.net\/wp-content\/uploads\/2025\/01\/songte-cylinder-head-with-all-kinds-excavator-models.webp\" alt=\"Imagine cilindru de schimb\"><\/p>\n<h2>Aplica\u021bii<\/h2>\n<ul>\n<li>Echipamente de construc\u021bii: Se g\u0103sesc \u00een excavatoare, acestea sunt esen\u021biale pentru excavare, \u00eenc\u0103rcare \u0219i mutarea solului sau a molozului. La \u00eenc\u0103rc\u0103toarele excavatoare, cilindrul cupei ajut\u0103 at\u00e2t la s\u0103pare, c\u00e2t \u0219i la ridicare.<\/li>\n<li>Ma\u0219ini agricole: utilizate \u00een \u00eenc\u0103rc\u0103toarele frontale pentru scobere, ridicare \u0219i transportul solului, f\u00e2nului \u0219i altor materiale.<\/li>\n<li>Excavatoare: Cilindrul cupei permite ac\u021biunile de s\u0103pare permi\u021b\u00e2nd cupei s\u0103 p\u0103trund\u0103 \u00een sol.<\/li>\n<li>\u00cenc\u0103rc\u0103toare: \u00cen \u00eenc\u0103rc\u0103toarele frontale, acestea ajut\u0103 la ridicarea \u0219i desc\u0103rcarea eficient\u0103 a m\u0103rfurilor.<\/li>\n<\/ul>\n<h2>Considera\u021bii de proiectare \u0219i criterii de selec\u021bie<\/h2>\n<ul>\n<li>Capacitate portant\u0103<\/li>\n<li>Capacit\u0103\u021bi de etan\u0219are<\/li>\n<li>Durabilitate<\/li>\n<li>Siguran\u0163\u0103<\/li>\n<li>Mentenabilitate<\/li>\n<\/ul>\n<p><img decoding=\"async\" src=\"https:\/\/www.hydraulic-cylinders.net\/wp-content\/uploads\/2025\/01\/songte-oil-pipes-and-spare-parts.webp\" alt=\"Considera\u021bii de design Imagine\"><\/p>\n<h2>Etan\u0219are \u0219i lubrifiere<\/h2>\n<p>Cilindrul cupei utilizeaz\u0103 diverse elemente de etan\u0219are, cum ar fi etan\u0219\u0103ri de piston \u0219i etan\u0219\u0103ri de tij\u0103, fabricate din materiale rezistente la uzur\u0103, precum poliuretanul \u0219i cauciucul nitrilic. Corpul cilindrului \u0219i capetele filetate sunt supuse unui tratament precis pentru a spori rezisten\u021ba la uzur\u0103. Lubrifierea regulat\u0103 cu ulei hidraulic adecvat este necesar\u0103 pentru a asigura o func\u021bionare f\u0103r\u0103 probleme.<\/p>\n<h2>Inspec\u021bie regulat\u0103 \u0219i \u00eentre\u021binere preventiv\u0103<\/h2>\n<ul>\n<li>Inspec\u021bia pentru scurgeri \u0219i deterior\u0103ri<\/li>\n<li>Verificarea \u0219i men\u021binerea lubrifierii corespunz\u0103toare<\/li>\n<li>\u00cenlocuirea garniturilor uzate sau deteriorate<\/li>\n<li>Verific\u0103ri de calibrare<\/li>\n<\/ul>\n<p><img decoding=\"async\" src=\"https:\/\/www.hydraulic-cylinders.net\/wp-content\/uploads\/2025\/01\/songte-chushion-collar.webp\" alt=\"Imagine de \u00eentre\u021binere\"><\/p>\n<h2>Considera\u021bii de siguran\u021b\u0103 \u0219i factori de mediu<\/h2>\n<p>C\u00e2nd utiliza\u021bi cilindrul cupei, este important s\u0103 respecta\u021bi m\u0103surile de siguran\u021b\u0103 pentru a evita accidentele. De asemenea, trebuie lua\u021bi \u00een considerare factorii de mediu pentru a minimiza riscurile poten\u021biale.<\/p>\n<h2>Depanare \u0219i probleme frecvente<\/h2>\n<p>Printre problemele comune care pot ap\u0103rea cu cilindrul cupei se num\u0103r\u0103 scurgeri, mi\u0219c\u0103ri neregulate \u0219i putere insuficient\u0103. Pentru a rezolva aceste probleme, urma\u021bi sfaturile de depanare \u0219i solu\u021biile furnizate pentru a le diagnostica \u0219i rezolva eficient. \u00cen plus, sunt sugerate m\u0103suri preventive pentru a minimiza poten\u021bialele probleme.<\/p>\n<p><img decoding=\"async\" src=\"https:\/\/www.hydraulic-cylinders.net\/wp-content\/uploads\/2025\/01\/songte-bushings-with-all-kinds-of-excavator-models.webp\" alt=\"Depanarea erorilor de imagine\"><\/p>\n<h2>Prezentare general\u0103 a companiei<\/h2>\n<p>Suntem un produc\u0103tor \u0219i distribuitor angro de top de cilindri hidraulici, specializa\u021bi \u00een produc\u021bia de cilindri de schimb. Gama noastr\u0103 extins\u0103 de produse ne face lideri pe pie\u021bele interne \u0219i interna\u021bionale. Concentr\u00e2ndu-ne pe o calitate excelent\u0103, ader\u0103m la o strategie industrializat\u0103 de management al produc\u021biei, utiliz\u00e2nd tehnicieni califica\u021bi, echipamente de fabrica\u021bie avansate \u0219i sisteme de testare profesionale. \u00cembun\u0103t\u0103\u021bim continuu platforma noastr\u0103 de fabrica\u021bie \u0219i sporim calitatea produselor noastre, demonstr\u00e2nd capacit\u0103\u021bile noastre creative puternice. Principiile noastre de eficien\u021b\u0103 ridicat\u0103, precizie \u0219i calitate ne permit s\u0103 satisfacem nevoile diverse ale clien\u021bilor no\u0219tri.<\/p>\n<p><img decoding=\"async\" src=\"https:\/\/hzpt.com\/wp-content\/uploads\/2024\/11\/songte-company-1.webp\" alt=\"Imaginea companiei\"><\/p>\n<h3>Profesionalism<\/h3>\n<p>Ne angaj\u0103m s\u0103 men\u021binem un nivel ridicat de profesionalism \u00een toate aspectele opera\u021biunilor noastre de afaceri.<\/p>\n<h3>Certific\u0103ri interna\u021bionale<\/h3>\n<p>Produsele noastre sunt sus\u021binute de certific\u0103ri interna\u021bionale, asigur\u00e2nd calitatea \u0219i fiabilitatea acestora.<\/p>\n<h3>Servicii de personalizare<\/h3>\n<p>Oferim servicii de personalizare pentru a r\u0103spunde cerin\u021belor specifice \u0219i pentru a oferi solu\u021bii personalizate.<\/p>\n<h3>Echipamente de produc\u021bie<\/h3>\n<p>Dota\u021bi cu echipamente de produc\u021bie avansate, asigur\u0103m o fabrica\u021bie eficient\u0103 \u0219i precis\u0103.<\/p>\n<h3>Serviciu post-v\u00e2nzare<\/h3>\n<p>Serviciul nostru post-v\u00e2nzare asigur\u0103 satisfac\u021bia clien\u021bilor \u0219i asisten\u021ba pe tot parcursul ciclului de via\u021b\u0103 al produsului.<\/p>\n<p><img decoding=\"async\" src=\"https:\/\/www.hydraulic-cylinders.net\/wp-content\/uploads\/2025\/01\/songte-company-3.webp\" alt=\"Imaginea companiei\"><\/p>\n<p>Autor: lyl<\/p>\n<p><\/body><br \/>\n<\/html><\/p>","protected":false},"excerpt":{"rendered":"<p>Bucket Cylinder For Volvo Small Excavator BL\/60B Bucket Cylinder For Volvo Small Excavator BL\/60B Introduction The bucket cylinder for Volvo small excavator BL\/60B is a specially designed hydraulic cylinder used to control the movement of the bucket in heavy machinery such as excavators, backhoe loaders, and front-end loaders. Its main function is to enable the [&hellip;]<\/p>","protected":false},"featured_media":14769,"comment_status":"open","ping_status":"closed","template":"","meta":{"_et_pb_use_builder":"","_et_pb_old_content":"","_et_gb_content_width":""},"product_brand":[],"product_cat":[1494],"product_tag":[1495,1496],"class_list":{"0":"post-15383","1":"product","2":"type-product","3":"status-publish","4":"has-post-thumbnail","6":"product_cat-bucket-cylinders","7":"product_tag-bucket-cylinders","8":"product_tag-hydraulic-cylinders","10":"first","11":"instock","12":"shipping-taxable","13":"product-type-simple"},"amp_enabled":true,"_links":{"self":[{"href":"https:\/\/www.hydraulic-cylinders.net\/ro\/wp-json\/wp\/v2\/product\/15383","targetHints":{"allow":["GET"]}}],"collection":[{"href":"https:\/\/www.hydraulic-cylinders.net\/ro\/wp-json\/wp\/v2\/product"}],"about":[{"href":"https:\/\/www.hydraulic-cylinders.net\/ro\/wp-json\/wp\/v2\/types\/product"}],"replies":[{"embeddable":true,"href":"https:\/\/www.hydraulic-cylinders.net\/ro\/wp-json\/wp\/v2\/comments?post=15383"}],"wp:featuredmedia":[{"embeddable":true,"href":"https:\/\/www.hydraulic-cylinders.net\/ro\/wp-json\/wp\/v2\/media\/14769"}],"wp:attachment":[{"href":"https:\/\/www.hydraulic-cylinders.net\/ro\/wp-json\/wp\/v2\/media?parent=15383"}],"wp:term":[{"taxonomy":"product_brand","embeddable":true,"href":"https:\/\/www.hydraulic-cylinders.net\/ro\/wp-json\/wp\/v2\/product_brand?post=15383"},{"taxonomy":"product_cat","embeddable":true,"href":"https:\/\/www.hydraulic-cylinders.net\/ro\/wp-json\/wp\/v2\/product_cat?post=15383"},{"taxonomy":"product_tag","embeddable":true,"href":"https:\/\/www.hydraulic-cylinders.net\/ro\/wp-json\/wp\/v2\/product_tag?post=15383"}],"curies":[{"name":"wp","href":"https:\/\/api.w.org\/{rel}","templated":true}]}}